{"id":859,"date":"2025-02-22T23:33:04","date_gmt":"2025-02-22T22:33:04","guid":{"rendered":"https:\/\/flexifinanz.com\/?page_id=859"},"modified":"2025-02-25T00:25:20","modified_gmt":"2025-02-24T23:25:20","slug":"politique-de-confidentialite","status":"publish","type":"page","link":"https:\/\/flexifinanz.com\/pt\/politique-de-confidentialite\/","title":{"rendered":"pol\u00edtica de Privacidade"},"content":{"rendered":"<div data-elementor-type=\"wp-page\" data-elementor-id=\"859\" class=\"elementor elementor-859\" data-elementor-settings=\"{&quot;element_pack_global_tooltip_width&quot;:{&quot;unit&quot;:&quot;px&quot;,&quot;size&quot;:&quot;&quot;,&quot;sizes&quot;:[]},&quot;element_pack_global_tooltip_width_tablet&quot;:{&quot;unit&quot;:&quot;px&quot;,&quot;size&quot;:&quot;&quot;,&quot;sizes&quot;:[]},&quot;element_pack_global_tooltip_width_mobile&quot;:{&quot;unit&quot;:&quot;px&quot;,&quot;size&quot;:&quot;&quot;,&quot;sizes&quot;:[]},&quot;element_pack_global_tooltip_padding&quot;:{&quot;unit&quot;:&quot;px&quot;,&quot;top&quot;:&quot;&quot;,&quot;right&quot;:&quot;&quot;,&quot;bottom&quot;:&quot;&quot;,&quot;left&quot;:&quot;&quot;,&quot;isLinked&quot;:true},&quot;element_pack_global_tooltip_padding_tablet&quot;:{&quot;unit&quot;:&quot;px&quot;,&quot;top&quot;:&quot;&quot;,&quot;right&quot;:&quot;&quot;,&quot;bottom&quot;:&quot;&quot;,&quot;left&quot;:&quot;&quot;,&quot;isLinked&quot;:true},&quot;element_pack_global_tooltip_padding_mobile&quot;:{&quot;unit&quot;:&quot;px&quot;,&quot;top&quot;:&quot;&quot;,&quot;right&quot;:&quot;&quot;,&quot;bottom&quot;:&quot;&quot;,&quot;left&quot;:&quot;&quot;,&quot;isLinked&quot;:true},&quot;element_pack_global_tooltip_border_radius&quot;:{&quot;unit&quot;:&quot;px&quot;,&quot;top&quot;:&quot;&quot;,&quot;right&quot;:&quot;&quot;,&quot;bottom&quot;:&quot;&quot;,&quot;left&quot;:&quot;&quot;,&quot;isLinked&quot;:true},&quot;element_pack_global_tooltip_border_radius_tablet&quot;:{&quot;unit&quot;:&quot;px&quot;,&quot;top&quot;:&quot;&quot;,&quot;right&quot;:&quot;&quot;,&quot;bottom&quot;:&quot;&quot;,&quot;left&quot;:&quot;&quot;,&quot;isLinked&quot;:true},&quot;element_pack_global_tooltip_border_radius_mobile&quot;:{&quot;unit&quot;:&quot;px&quot;,&quot;top&quot;:&quot;&quot;,&quot;right&quot;:&quot;&quot;,&quot;bottom&quot;:&quot;&quot;,&quot;left&quot;:&quot;&quot;,&quot;isLinked&quot;:true}}\" data-elementor-post-type=\"page\">\n\t\t\t\t<div class=\"elementor-element elementor-element-8c53f12 e-flex e-con-boxed e-con e-parent\" data-id=\"8c53f12\" data-element_type=\"container\" data-settings=\"{&quot;background_background&quot;:&quot;classic&quot;}\">\n\t\t\t\t\t<div class=\"e-con-inner\">\n\t\t\t\t<div class=\"elementor-element elementor-element-ee90e81 elementor-widget elementor-widget-text-editor\" data-id=\"ee90e81\" data-element_type=\"widget\" data-widget_type=\"text-editor.default\">\n\t\t\t\t<div class=\"elementor-widget-container\">\n\t\t\t\t\t\t\t\t\t<p data-start=\"280\" data-end=\"315\"><strong data-start=\"280\" data-end=\"306\">\u00daltima atualiza\u00e7\u00e3o:<\/strong> [Date]<\/p><p data-start=\"317\" data-end=\"619\">Bem-vindo ao site da <strong data-start=\"342\" data-end=\"371\">FlexiFinanz<\/strong>. Proteger seus dados pessoais \u00e9 uma prioridade. Esta pol\u00edtica tem como objetivo inform\u00e1-lo sobre <strong data-start=\"474\" data-end=\"564\">como coletamos, usamos e protegemos suas informa\u00e7\u00f5es pessoais<\/strong> quando voc\u00ea usa nossa plataforma de financiamento.<\/p><hr data-start=\"621\" data-end=\"624\" \/><h3 data-start=\"626\" data-end=\"660\"><strong data-start=\"629\" data-end=\"658\">1. Informa\u00e7\u00f5es gerais<\/strong><\/h3><p data-start=\"661\" data-end=\"697\">\ud83d\udccc <strong data-start=\"664\" data-end=\"693\">Controlador de dados<\/strong> :<\/p><ul data-start=\"698\" data-end=\"845\"><li data-start=\"698\" data-end=\"731\"><strong data-start=\"700\" data-end=\"729\">[Nom de votre entreprise]<\/strong><\/li><li data-start=\"732\" data-end=\"768\"><strong data-start=\"734\" data-end=\"745\">Endere\u00e7o<\/strong> : [Adresse compl\u00e8te]<\/li><li data-start=\"769\" data-end=\"803\"><strong data-start=\"771\" data-end=\"780\">E-mail<\/strong> : [Email de contact]<\/li><li data-start=\"804\" data-end=\"845\"><strong data-start=\"806\" data-end=\"819\">Telefone<\/strong> : [Num\u00e9ro de t\u00e9l\u00e9phone]<\/li><\/ul><p data-start=\"847\" data-end=\"1018\">\ud83d\udccc <strong data-start=\"850\" data-end=\"873\">Campe\u00e3o de aplica\u00e7\u00e3o<\/strong> :<br data-start=\"875\" data-end=\"878\" \/>Esta pol\u00edtica se aplica a <strong data-start=\"907\" data-end=\"951\">todos os visitantes, clientes potenciais e clientes<\/strong> usando nossos servi\u00e7os online e solu\u00e7\u00f5es de financiamento.<\/p><hr data-start=\"1020\" data-end=\"1023\" \/><h3 data-start=\"1025\" data-end=\"1055\"><strong data-start=\"1028\" data-end=\"1053\">2. Dados coletados<\/strong><\/h3><p data-start=\"1056\" data-end=\"1159\">N\u00f3s coletamos <strong data-start=\"1072\" data-end=\"1109\">diferentes categorias de dados<\/strong> dependendo da sua intera\u00e7\u00e3o com nossa plataforma:<\/p><p data-start=\"1161\" data-end=\"1468\">\ud83d\udccc <strong data-start=\"1164\" data-end=\"1205\">Dados fornecidos diretamente por voc\u00ea<\/strong> :<br data-start=\"1207\" data-end=\"1210\" \/>\u2714 Primeiro e \u00faltimo nome<br data-start=\"1225\" data-end=\"1228\" \/>\u2714 Endere\u00e7o de e-mail e n\u00famero de telefone<br data-start=\"1257\" data-end=\"1260\" \/>\u2714 Endere\u00e7o postal<br data-start=\"1277\" data-end=\"1280\" \/>\u2714 Data de nascimento<br data-start=\"1299\" data-end=\"1302\" \/>\u2714 Informa\u00e7\u00f5es banc\u00e1rias (IBAN, banco atual)<br data-start=\"1350\" data-end=\"1353\" \/>\u2714 Receitas e despesas financeiras<br data-start=\"1385\" data-end=\"1388\" \/>\u2714 Documentos comprobat\u00f3rios (carteira de identidade nacional, recibos de pagamento, extratos banc\u00e1rios, etc.)<\/p><p data-start=\"1470\" data-end=\"1674\">\ud83d\udccc <strong data-start=\"1473\" data-end=\"1511\">Dados coletados automaticamente<\/strong> :<br data-start=\"1513\" data-end=\"1516\" \/>\u2714 Endere\u00e7o IP<br data-start=\"1528\" data-end=\"1531\" \/>\u2714 Dados de navega\u00e7\u00e3o (cookies, p\u00e1ginas visitadas, tempo de conex\u00e3o)<br data-start=\"1600\" data-end=\"1603\" \/>\u2714 Informa\u00e7\u00f5es sobre o terminal utilizado (computador, celular, tablet)<\/p><p data-start=\"1676\" data-end=\"1863\">\ud83d\udccc <strong data-start=\"1679\" data-end=\"1715\">Dados obtidos de terceiros<\/strong> :<br data-start=\"1717\" data-end=\"1720\" \/>\u2714 Informa\u00e7\u00f5es de bancos de dados de solv\u00eancia e arquivos de cr\u00e9dito (se aplic\u00e1vel)<br data-start=\"1804\" data-end=\"1807\" \/>\u2714 Hist\u00f3rico banc\u00e1rio e comportamento de pagamento<\/p><hr data-start=\"1865\" data-end=\"1868\" \/><h3 data-start=\"1870\" data-end=\"1918\"><strong data-start=\"1873\" data-end=\"1916\">3. Finalidades da coleta de dados<\/strong><\/h3><p data-start=\"1919\" data-end=\"2000\">Usamos seus dados como parte de nossos servi\u00e7os de financiamento para:<\/p><p data-start=\"2002\" data-end=\"2410\">\u2714 <strong data-start=\"2004\" data-end=\"2055\">Analisar e processar solicita\u00e7\u00f5es de financiamento<\/strong><br data-start=\"2055\" data-end=\"2058\" \/>\u2714 <strong data-start=\"2060\" data-end=\"2118\">Avalie sua capacidade de cr\u00e9dito e gerencie o risco financeiro<\/strong><br data-start=\"2118\" data-end=\"2121\" \/>\u2714 <strong data-start=\"2123\" data-end=\"2169\">Monitorar contratos e pagamentos<\/strong><br data-start=\"2169\" data-end=\"2172\" \/>\u2714 <strong data-start=\"2174\" data-end=\"2229\">Cumprir com obriga\u00e7\u00f5es legais e regulamentares<\/strong><br data-start=\"2229\" data-end=\"2232\" \/>\u2714 <strong data-start=\"2234\" data-end=\"2287\">Melhore a experi\u00eancia do usu\u00e1rio em nosso site<\/strong><br data-start=\"2287\" data-end=\"2290\" \/>\u2714 <strong data-start=\"2292\" data-end=\"2351\">Personalize nossas ofertas e recomenda\u00e7\u00f5es financeiras<\/strong><br data-start=\"2351\" data-end=\"2354\" \/>\u2714 <strong data-start=\"2356\" data-end=\"2408\">Garantir a seguran\u00e7a e a preven\u00e7\u00e3o de fraudes<\/strong><\/p><hr data-start=\"2412\" data-end=\"2415\" \/><h3 data-start=\"2417\" data-end=\"2462\"><strong data-start=\"2420\" data-end=\"2460\">4. Compartilhamento e Prote\u00e7\u00e3o de Dados<\/strong><\/h3><p data-start=\"2463\" data-end=\"2548\">\ud83d\udccc <strong data-start=\"2466\" data-end=\"2517\">Estamos comprometidos em proteger suas informa\u00e7\u00f5es<\/strong> e nunca revenda-os.<\/p><p data-start=\"2550\" data-end=\"2891\">\ud83d\udccc <strong data-start=\"2553\" data-end=\"2610\">Poss\u00edvel compartilhamento com terceiros nos seguintes casos<\/strong> :<br data-start=\"2612\" data-end=\"2615\" \/>\u2714 Autoridades reguladoras e judiciais (em caso de obriga\u00e7\u00e3o legal)<br data-start=\"2685\" data-end=\"2688\" \/>\u2714 Parceiros banc\u00e1rios e de seguros (se seu arquivo exigir garantia ou cobertura)<br data-start=\"2785\" data-end=\"2788\" \/>\u2714 Prestadores de servi\u00e7os t\u00e9cnicos e hosts de sites (para garantir o funcionamento adequado dos nossos servi\u00e7os)<\/p><p data-start=\"2893\" data-end=\"3204\">\ud83d\udccc <strong data-start=\"2896\" data-end=\"2936\">Medidas de prote\u00e7\u00e3o implementadas<\/strong> :<br data-start=\"2938\" data-end=\"2941\" \/>\u2714 Armazenamento seguro de dados em conformidade com os padr\u00f5es <strong data-start=\"3006\" data-end=\"3014\">RGPD<\/strong><br data-start=\"3014\" data-end=\"3017\" \/>\u2714 Acesso restrito somente a pessoas autorizadas<br data-start=\"3066\" data-end=\"3069\" \/>\u2714 Criptografia de dados banc\u00e1rios e pessoais confidenciais<br data-start=\"3130\" data-end=\"3133\" \/>\u2714 Monitoramento de conex\u00e3o para evitar qualquer tentativa de fraude<\/p><hr data-start=\"3206\" data-end=\"3209\" \/><h3 data-start=\"3211\" data-end=\"3256\"><strong data-start=\"3214\" data-end=\"3254\">5. Per\u00edodo de reten\u00e7\u00e3o de dados<\/strong><\/h3><p data-start=\"3257\" data-end=\"3406\">\ud83d\udccc <strong data-start=\"3260\" data-end=\"3330\">N\u00f3s apenas mantemos seus dados pelo tempo necess\u00e1rio<\/strong> para a gest\u00e3o do seu arquivo e no cumprimento das obriga\u00e7\u00f5es legais.<\/p><p data-start=\"3408\" data-end=\"3695\">\u2714 <strong data-start=\"3410\" data-end=\"3433\">Dados financeiros<\/strong> : at\u00e9 <strong data-start=\"3444\" data-end=\"3477\">5 anos ap\u00f3s o t\u00e9rmino do contrato<\/strong><br data-start=\"3477\" data-end=\"3480\" \/>\u2714 <strong data-start=\"3482\" data-end=\"3521\">Dados de contato e navega\u00e7\u00e3o<\/strong> : at\u00e9 <strong data-start=\"3532\" data-end=\"3574\">3 anos ap\u00f3s sua \u00faltima intera\u00e7\u00e3o<\/strong><br data-start=\"3574\" data-end=\"3577\" \/>\u2714 <strong data-start=\"3579\" data-end=\"3605\">Dados contratuais<\/strong> : at\u00e9 <strong data-start=\"3616\" data-end=\"3654\">10 anos ap\u00f3s o fim do financiamento<\/strong>, de acordo com os requisitos cont\u00e1beis<\/p><p data-start=\"3697\" data-end=\"3806\">Voc\u00ea pode a qualquer momento <strong data-start=\"3723\" data-end=\"3765\">solicitar a elimina\u00e7\u00e3o dos seus dados<\/strong>, sujeito a obriga\u00e7\u00f5es legais.<\/p><hr data-start=\"3808\" data-end=\"3811\" \/><h3 data-start=\"3813\" data-end=\"3851\"><strong data-start=\"3816\" data-end=\"3849\">6. Seus direitos sobre seus dados<\/strong><\/h3><p data-start=\"3852\" data-end=\"3932\">De acordo com o <strong data-start=\"3869\" data-end=\"3893\">Regulamentos GDPR<\/strong>, voc\u00ea tem v\u00e1rios direitos:<\/p><p data-start=\"3934\" data-end=\"4349\">\u2714 <strong data-start=\"3936\" data-end=\"3953\">Direito de acesso<\/strong> : Obtenha uma c\u00f3pia dos dados que temos sobre voc\u00ea<br data-start=\"4012\" data-end=\"4015\" \/>\u2714 <strong data-start=\"4017\" data-end=\"4043\">Direito de retifica\u00e7\u00e3o<\/strong> : Modificar informa\u00e7\u00f5es imprecisas ou incompletas<br data-start=\"4096\" data-end=\"4099\" \/>\u2714 <strong data-start=\"4101\" data-end=\"4123\">Direito de obje\u00e7\u00e3o<\/strong> : Recusar que seus dados sejam usados \u200b\u200bpara fins comerciais<br data-start=\"4190\" data-end=\"4193\" \/>\u2714 <strong data-start=\"4195\" data-end=\"4214\">Direito de ser esquecido<\/strong> : Solicitar a elimina\u00e7\u00e3o dos seus dados pessoais<br data-start=\"4268\" data-end=\"4271\" \/>\u2714 <strong data-start=\"4273\" data-end=\"4299\">Direito \u00e0 portabilidade<\/strong> : Receba seus dados em um formato estruturado<\/p><p data-start=\"4351\" data-end=\"4498\">\ud83d\udccc <strong data-start=\"4354\" data-end=\"4386\">Como exercer seus direitos?<\/strong><br data-start=\"4386\" data-end=\"4389\" \/>\ud83d\udce9 Envie um e-mail para <strong data-start=\"4412\" data-end=\"4434\">[Email de contact]<\/strong> com sua solicita\u00e7\u00e3o e uma c\u00f3pia do comprovante de identidade.<\/p><hr data-start=\"4500\" data-end=\"4503\" \/><h3 data-start=\"4505\" data-end=\"4536\"><strong data-start=\"4508\" data-end=\"4534\">7. Gest\u00e3o de Cookies<\/strong><\/h3><p data-start=\"4537\" data-end=\"4739\">\ud83d\udccc <strong data-start=\"4540\" data-end=\"4568\">O que \u00e9 um cookie?<\/strong><br data-start=\"4568\" data-end=\"4571\" \/>Um cookie \u00e9 um pequeno arquivo armazenado no seu dispositivo quando voc\u00ea visita nosso site. Ajuda a melhorar sua experi\u00eancia de navega\u00e7\u00e3o e oferece conte\u00fado personalizado.<\/p><p data-start=\"4741\" data-end=\"4990\">\ud83d\udccc <strong data-start=\"4744\" data-end=\"4779\">Cookies usados \u200b\u200bem nosso site<\/strong> :<br data-start=\"4781\" data-end=\"4784\" \/>\u2714 Cookies funcionais (necess\u00e1rios para o bom funcionamento do site)<br data-start=\"4850\" data-end=\"4853\" \/>\u2714 Cookies anal\u00edticos (estat\u00edsticas e otimiza\u00e7\u00e3o da jornada do usu\u00e1rio)<br data-start=\"4929\" data-end=\"4932\" \/>\u2714 Cookies de publicidade (ofertas adaptadas ao seu perfil)<\/p><p data-start=\"4992\" data-end=\"5212\">\ud83d\udccc <strong data-start=\"4995\" data-end=\"5026\">Como gerenciar seus cookies?<\/strong><br data-start=\"5026\" data-end=\"5029\" \/>Voc\u00ea pode alterar suas prefer\u00eancias a qualquer momento atrav\u00e9s do <strong data-start=\"5088\" data-end=\"5122\">as configura\u00e7\u00f5es do seu navegador<\/strong> ou em <strong data-start=\"5129\" data-end=\"5167\">recusando o uso de cookies<\/strong> durante sua primeira visita ao site.<\/p><hr data-start=\"5214\" data-end=\"5217\" \/><h3 data-start=\"5219\" data-end=\"5259\"><strong data-start=\"5222\" data-end=\"5257\">8. Modifica\u00e7\u00f5es e atualiza\u00e7\u00f5es<\/strong><\/h3><p data-start=\"5260\" data-end=\"5409\">\ud83d\udccc <strong data-start=\"5263\" data-end=\"5342\">Reservamo-nos o direito de modificar esta pol\u00edtica de privacidade.<\/strong> para cumprir com os desenvolvimentos legais e tecnol\u00f3gicos.<\/p><p data-start=\"5411\" data-end=\"5531\">\ud83d\udcc5 <strong data-start=\"5414\" data-end=\"5440\">\u00daltima atualiza\u00e7\u00e3o:<\/strong> [Date]<br data-start=\"5447\" data-end=\"5450\" \/>Quaisquer altera\u00e7\u00f5es ser\u00e3o publicadas nesta p\u00e1gina e entrar\u00e3o em vigor imediatamente.<\/p><hr data-start=\"5533\" data-end=\"5536\" \/><h3 data-start=\"5538\" data-end=\"5573\"><strong data-start=\"5541\" data-end=\"5571\">9. Contato e Reclama\u00e7\u00f5es<\/strong><\/h3><p data-start=\"5574\" data-end=\"5787\">\ud83d\udce9 <strong data-start=\"5577\" data-end=\"5665\">Para quaisquer d\u00favidas ou solicita\u00e7\u00f5es relacionadas aos seus dados pessoais, entre em contato conosco:<\/strong><br data-start=\"5665\" data-end=\"5668\" \/>\ud83d\udce7 <strong data-start=\"5671\" data-end=\"5680\">E-mail<\/strong> : [Adresse Email]<br data-start=\"5698\" data-end=\"5701\" \/>\ud83d\udccd <strong data-start=\"5704\" data-end=\"5723\">Endere\u00e7o para correspond\u00eancia<\/strong> : [Adresse compl\u00e8te]<br data-start=\"5744\" data-end=\"5747\" \/>\ud83d\udcde <strong data-start=\"5750\" data-end=\"5763\">Telefone<\/strong> : [Num\u00e9ro de contact]<\/p><p data-start=\"5789\" data-end=\"5998\">Se voc\u00ea sentir que seus direitos n\u00e3o est\u00e3o sendo respeitados, voc\u00ea pode <strong data-start=\"5855\" data-end=\"5896\">apresentar queixa \u00e0 CNIL<\/strong> (Comiss\u00e3o Nacional de Tecnologia da Informa\u00e7\u00e3o e Liberdades Civis) ou a autoridade competente em seu pa\u00eds.<\/p>\t\t\t\t\t\t\t\t<\/div>\n\t\t\t\t<\/div>\n\t\t\t\t\t<\/div>\n\t\t\t\t<\/div>\n\t\t\t\t<\/div>","protected":false},"excerpt":{"rendered":"<p>Derni\u00e8re mise \u00e0 jour : [Date] Bienvenue sur le site de FlexiFinanz. La protection de vos donn\u00e9es personnelles est une priorit\u00e9. Cette [&hellip;]<\/p>","protected":false},"author":1,"featured_media":0,"parent":0,"menu_order":0,"comment_status":"closed","ping_status":"closed","template":"","meta":{"om_disable_all_campaigns":false,"_monsterinsights_skip_tracking":false,"_monsterinsights_sitenote_active":false,"_monsterinsights_sitenote_note":"","_monsterinsights_sitenote_category":0,"footnotes":""},"class_list":["post-859","page","type-page","status-publish","hentry"],"aioseo_notices":[],"_links":{"self":[{"href":"https:\/\/flexifinanz.com\/pt\/wp-json\/wp\/v2\/pages\/859","targetHints":{"allow":["GET"]}}],"collection":[{"href":"https:\/\/flexifinanz.com\/pt\/wp-json\/wp\/v2\/pages"}],"about":[{"href":"https:\/\/flexifinanz.com\/pt\/wp-json\/wp\/v2\/types\/page"}],"author":[{"embeddable":true,"href":"https:\/\/flexifinanz.com\/pt\/wp-json\/wp\/v2\/users\/1"}],"replies":[{"embeddable":true,"href":"https:\/\/flexifinanz.com\/pt\/wp-json\/wp\/v2\/comments?post=859"}],"version-history":[{"count":0,"href":"https:\/\/flexifinanz.com\/pt\/wp-json\/wp\/v2\/pages\/859\/revisions"}],"wp:attachment":[{"href":"https:\/\/flexifinanz.com\/pt\/wp-json\/wp\/v2\/media?parent=859"}],"curies":[{"name":"wp","href":"https:\/\/api.w.org\/{rel}","templated":true}]}}