{"id":850,"date":"2025-02-22T23:27:30","date_gmt":"2025-02-22T22:27:30","guid":{"rendered":"https:\/\/flexifinanz.com\/?page_id=850"},"modified":"2025-03-14T11:16:21","modified_gmt":"2025-03-14T10:16:21","slug":"termes-et-conditions-generales-du-financement","status":"publish","type":"page","link":"https:\/\/flexifinanz.com\/pt\/termes-et-conditions-generales-du-financement\/","title":{"rendered":"Termos e condi\u00e7\u00f5es gerais de financiamento"},"content":{"rendered":"<div data-elementor-type=\"wp-page\" data-elementor-id=\"850\" class=\"elementor elementor-850\" data-elementor-settings=\"{&quot;element_pack_global_tooltip_width&quot;:{&quot;unit&quot;:&quot;px&quot;,&quot;size&quot;:&quot;&quot;,&quot;sizes&quot;:[]},&quot;element_pack_global_tooltip_width_tablet&quot;:{&quot;unit&quot;:&quot;px&quot;,&quot;size&quot;:&quot;&quot;,&quot;sizes&quot;:[]},&quot;element_pack_global_tooltip_width_mobile&quot;:{&quot;unit&quot;:&quot;px&quot;,&quot;size&quot;:&quot;&quot;,&quot;sizes&quot;:[]},&quot;element_pack_global_tooltip_padding&quot;:{&quot;unit&quot;:&quot;px&quot;,&quot;top&quot;:&quot;&quot;,&quot;right&quot;:&quot;&quot;,&quot;bottom&quot;:&quot;&quot;,&quot;left&quot;:&quot;&quot;,&quot;isLinked&quot;:true},&quot;element_pack_global_tooltip_padding_tablet&quot;:{&quot;unit&quot;:&quot;px&quot;,&quot;top&quot;:&quot;&quot;,&quot;right&quot;:&quot;&quot;,&quot;bottom&quot;:&quot;&quot;,&quot;left&quot;:&quot;&quot;,&quot;isLinked&quot;:true},&quot;element_pack_global_tooltip_padding_mobile&quot;:{&quot;unit&quot;:&quot;px&quot;,&quot;top&quot;:&quot;&quot;,&quot;right&quot;:&quot;&quot;,&quot;bottom&quot;:&quot;&quot;,&quot;left&quot;:&quot;&quot;,&quot;isLinked&quot;:true},&quot;element_pack_global_tooltip_border_radius&quot;:{&quot;unit&quot;:&quot;px&quot;,&quot;top&quot;:&quot;&quot;,&quot;right&quot;:&quot;&quot;,&quot;bottom&quot;:&quot;&quot;,&quot;left&quot;:&quot;&quot;,&quot;isLinked&quot;:true},&quot;element_pack_global_tooltip_border_radius_tablet&quot;:{&quot;unit&quot;:&quot;px&quot;,&quot;top&quot;:&quot;&quot;,&quot;right&quot;:&quot;&quot;,&quot;bottom&quot;:&quot;&quot;,&quot;left&quot;:&quot;&quot;,&quot;isLinked&quot;:true},&quot;element_pack_global_tooltip_border_radius_mobile&quot;:{&quot;unit&quot;:&quot;px&quot;,&quot;top&quot;:&quot;&quot;,&quot;right&quot;:&quot;&quot;,&quot;bottom&quot;:&quot;&quot;,&quot;left&quot;:&quot;&quot;,&quot;isLinked&quot;:true}}\" data-elementor-post-type=\"page\">\n\t\t\t\t<div class=\"elementor-element elementor-element-5f76b320 e-flex e-con-boxed e-con e-parent\" data-id=\"5f76b320\" data-element_type=\"container\" data-settings=\"{&quot;background_background&quot;:&quot;classic&quot;}\">\n\t\t\t\t\t<div class=\"e-con-inner\">\n\t\t\t\t<div class=\"elementor-element elementor-element-489873aa elementor-widget elementor-widget-text-editor\" data-id=\"489873aa\" data-element_type=\"widget\" data-widget_type=\"text-editor.default\">\n\t\t\t\t<div class=\"elementor-widget-container\">\n\t\t\t\t\t\t\t\t\t<h3 data-start=\"324\" data-end=\"360\"><strong data-start=\"328\" data-end=\"358\">1. Apresenta\u00e7\u00e3o do Servi\u00e7o<\/strong><\/h3><p data-start=\"361\" data-end=\"617\">Este documento estabelece a <strong data-start=\"393\" data-end=\"427\">termos e condi\u00e7\u00f5es gerais<\/strong> aplic\u00e1vel aos servi\u00e7os de financiamento oferecidos por <strong data-start=\"481\" data-end=\"510\">Flexifinan\u00e7as<\/strong>. Ao solicitar financiamento em nossa plataforma, voc\u00ea concorda integralmente com estes termos.<\/p><hr data-start=\"619\" data-end=\"622\" \/><h3 data-start=\"624\" data-end=\"684\"><strong data-start=\"627\" data-end=\"682\">2. Elegibilidade e condi\u00e7\u00f5es de acesso ao financiamento<\/strong><\/h3><p data-start=\"685\" data-end=\"1176\">Para ser eleg\u00edvel para financiamento, o candidato deve:<br data-start=\"746\" data-end=\"749\" \/>\u2714 Ser envelhecido <strong data-start=\"763\" data-end=\"781\">Idade m\u00ednima 18<\/strong> e residir em um pa\u00eds eleg\u00edvel.<br data-start=\"815\" data-end=\"818\" \/>\u2714 Fornecer <strong data-start=\"832\" data-end=\"869\">informa\u00e7\u00f5es precisas e completas<\/strong> sobre sua identidade, sua situa\u00e7\u00e3o profissional e financeira.<br data-start=\"931\" data-end=\"934\" \/>\u2714 N\u00e3o ser <strong data-start=\"948\" data-end=\"996\">registrado em um arquivo de incidente de cr\u00e9dito<\/strong> a menos que seja fornecida uma garantia compensat\u00f3ria.<br data-start=\"1045\" data-end=\"1048\" \/>\u2714 Respeitar os crit\u00e9rios espec\u00edficos em fun\u00e7\u00e3o da <strong data-start=\"1100\" data-end=\"1131\">tipo de financiamento solicitado<\/strong> (im\u00f3veis, neg\u00f3cios, pessoal, etc.).<\/p><p data-start=\"1178\" data-end=\"1266\">\u2139 <strong data-start=\"1180\" data-end=\"1264\">Qualquer declara\u00e7\u00e3o falsa poder\u00e1 resultar na recusa ou cancelamento do financiamento.<\/strong><\/p><hr data-start=\"1268\" data-end=\"1271\" \/><h3 data-start=\"1273\" data-end=\"1329\"><strong data-start=\"1276\" data-end=\"1327\">3. Valor, dura\u00e7\u00e3o e termos de reembolso<\/strong><\/h3><p data-start=\"1330\" data-end=\"1693\">\u2714 <strong data-start=\"1332\" data-end=\"1351\">Quantidade m\u00ednima<\/strong> : 100.000 \u20ac \u2013 <strong data-start=\"1365\" data-end=\"1384\">Quantidade m\u00e1xima<\/strong> :<strong> \u221e<\/strong> \u20ac<br data-start=\"1396\" data-end=\"1399\" \/>\u2714 <strong data-start=\"1401\" data-end=\"1425\">Dura\u00e7\u00e3o do financiamento<\/strong> : <strong data-start=\"1428\" data-end=\"1448\">De 12 a 360 meses<\/strong> dependendo do projeto e da elegibilidade.<br data-start=\"1482\" data-end=\"1485\" \/>\u2714 <strong data-start=\"1487\" data-end=\"1504\">Reembolso<\/strong> : Mensalmente, com d\u00e9bito autom\u00e1tico na conta banc\u00e1ria indicada.<br data-start=\"1575\" data-end=\"1578\" \/>\u2714 <strong data-start=\"1580\" data-end=\"1607\">Taxa de juros aplicada<\/strong> : De <strong data-start=\"1622\" data-end=\"1631\">2 %<\/strong>, dependendo do tipo de financiamento e do perfil do mutu\u00e1rio.<\/p><p data-start=\"1695\" data-end=\"1821\">\ud83d\udccc <strong data-start=\"1698\" data-end=\"1819\">Qualquer atraso no pagamento pode resultar em taxas adicionais e um impacto negativo no seu hist\u00f3rico de cr\u00e9dito.<\/strong><\/p><hr data-start=\"1823\" data-end=\"1826\" \/><h3 data-start=\"1828\" data-end=\"1863\"><strong data-start=\"1831\" data-end=\"1861\">4. Garantias e Seguros<\/strong><\/h3><p data-start=\"1864\" data-end=\"2091\">Para garantir seu financiamento, podemos exigir:<br data-start=\"1919\" data-end=\"1922\" \/>\u2714 <strong data-start=\"1924\" data-end=\"1940\">Uma garantia<\/strong> (hipoteca, garantia banc\u00e1ria, penhor de bens).<br data-start=\"1995\" data-end=\"1998\" \/>\u2714 <strong data-start=\"2000\" data-end=\"2028\">Seguro do mutu\u00e1rio<\/strong> cobrindo os riscos de morte, invalidez ou perda de emprego.<\/p><p data-start=\"2093\" data-end=\"2216\">\u2139 Se o seguro for opcional, recomendamos fortemente que voc\u00ea contrate uma prote\u00e7\u00e3o adaptada \u00e0 sua situa\u00e7\u00e3o.<\/p><hr data-start=\"2218\" data-end=\"2221\" \/><h3 data-start=\"2223\" data-end=\"2259\"><strong data-start=\"2226\" data-end=\"2257\">5. Compromissos do requerente<\/strong><\/h3><p data-start=\"2260\" data-end=\"2608\">Ao aceitar estes termos, o mutu\u00e1rio concorda em:<br data-start=\"2310\" data-end=\"2313\" \/>\u2714 Utilizar os recursos para a finalidade declarada na solicita\u00e7\u00e3o de financiamento.<br data-start=\"2386\" data-end=\"2389\" \/>\u2714 Pagador <strong data-start=\"2397\" data-end=\"2438\">pagamentos mensais nos prazos programados<\/strong> sem retardado.<br data-start=\"2451\" data-end=\"2454\" \/>\u2714 Informe imediatamente <strong data-start=\"2479\" data-end=\"2511\">qualquer mudan\u00e7a na situa\u00e7\u00e3o<\/strong> (emprego, renda, endere\u00e7o, etc.).<br data-start=\"2545\" data-end=\"2548\" \/>\u2714 Cumprir todas as leis e regulamentos aplic\u00e1veis.<\/p><p data-start=\"2610\" data-end=\"2722\">\ud83d\udccc <strong data-start=\"2613\" data-end=\"2720\">O n\u00e3o cumprimento dos compromissos pode resultar no encerramento do financiamento e em a\u00e7\u00f5es legais.<\/strong><\/p><hr data-start=\"2724\" data-end=\"2727\" \/><h3 data-start=\"2729\" data-end=\"2776\"><strong data-start=\"2732\" data-end=\"2774\">6. Processamento de Dados Pessoais<\/strong><\/h3><p data-start=\"2777\" data-end=\"3133\">Seus dados pessoais s\u00e3o coletados e processados \u200b\u200bde acordo com nossa <strong data-start=\"2851\" data-end=\"2883\">pol\u00edtica de Privacidade<\/strong>.<br data-start=\"2884\" data-end=\"2887\" \/>\u2714 S\u00e3o utilizados exclusivamente para <strong data-start=\"2929\" data-end=\"2971\">o estudo e gest\u00e3o do seu arquivo<\/strong>.<br data-start=\"2972\" data-end=\"2975\" \/>\u2714 Eles n\u00e3o ser\u00e3o <strong data-start=\"2993\" data-end=\"3025\">nunca revendido a terceiros<\/strong>.<br data-start=\"3026\" data-end=\"3029\" \/>\u2714 Voc\u00ea tem um <strong data-start=\"3050\" data-end=\"3102\">direito de acesso, modifica\u00e7\u00e3o e exclus\u00e3o<\/strong> dos seus dados pessoais.<\/p><hr data-start=\"3135\" data-end=\"3138\" \/><h3 data-start=\"3140\" data-end=\"3192\"><strong data-start=\"3143\" data-end=\"3190\">7. Rescis\u00e3o e cancelamento do financiamento<\/strong><\/h3><p data-start=\"3193\" data-end=\"3517\">Seu pedido pode ser <strong data-start=\"3217\" data-end=\"3250\">recusado, cancelado ou suspenso<\/strong> nos seguintes casos:<br data-start=\"3274\" data-end=\"3277\" \/>\u2714 Declara\u00e7\u00e3o falsa ou fraude detectada.<br data-start=\"3317\" data-end=\"3320\" \/>\u2714 N\u00e3o cumprimento de obriga\u00e7\u00f5es contratuais (n\u00e3o pagamento, atraso, n\u00e3o utiliza\u00e7\u00e3o de financiamento).<br data-start=\"3429\" data-end=\"3432\" \/>\u2714 Mudan\u00e7a na situa\u00e7\u00e3o financeira comprometendo a capacidade de pagamento.<\/p><p data-start=\"3519\" data-end=\"3676\">\u2139 Em caso de cancelamento, o requerente dever\u00e1 <strong data-start=\"3561\" data-end=\"3605\">reembolsar imediatamente qualquer quantia devida<\/strong> de acordo com as condi\u00e7\u00f5es estabelecidas no contrato de financiamento.<\/p><hr data-start=\"3678\" data-end=\"3681\" \/><h3 data-start=\"3683\" data-end=\"3725\"><strong data-start=\"3686\" data-end=\"3723\">8. Reclama\u00e7\u00f5es e Atendimento ao Cliente<\/strong><\/h3><p data-start=\"3726\" data-end=\"3921\">\ud83d\udcde <strong data-start=\"3729\" data-end=\"3748\">Precisar de ajuda?<\/strong> Nossa equipe est\u00e1 dispon\u00edvel para responder a todas as suas perguntas.<br data-start=\"3814\" data-end=\"3817\" \/>\ud83d\udce9 <strong data-start=\"3820\" data-end=\"3848\">Entre em contato conosco por e-mail<\/strong> : infos@flexifinanz.com<br data-start=\"3866\" data-end=\"3869\" \/>\ud83d\udccd <strong data-start=\"3872\" data-end=\"3898\">Ou visite nossos escrit\u00f3rios<\/strong> \u00e0 Paris, France; Bruxelle, Belgique; Lom\u00e9, Togo<\/p><hr data-start=\"3923\" data-end=\"3926\" \/><h3 data-start=\"3928\" data-end=\"3978\"><strong data-start=\"3931\" data-end=\"3976\">9. Modifica\u00e7\u00f5es nos Termos e Condi\u00e7\u00f5es<\/strong><\/h3><p data-start=\"3979\" data-end=\"4142\">\ud83d\udccc <strong data-start=\"3982\" data-end=\"4052\">Reservamo-nos o direito de modificar estes termos a qualquer momento.<\/strong><br data-start=\"4052\" data-end=\"4055\" \/>Quaisquer atualiza\u00e7\u00f5es ser\u00e3o comunicadas atrav\u00e9s do nosso site e entrar\u00e3o em vigor imediatamente.<\/p><hr data-start=\"4144\" data-end=\"4147\" \/><h3 data-start=\"4149\" data-end=\"4188\"><strong data-start=\"4152\" data-end=\"4186\">10. Aceita\u00e7\u00e3o das Condi\u00e7\u00f5es<\/strong><\/h3><p data-start=\"4189\" data-end=\"4325\">Ao enviar sua solicita\u00e7\u00e3o de financiamento, voc\u00ea reconhece ter <strong data-start=\"4257\" data-end=\"4283\">lido, compreendido e aceito<\/strong> estes presentes <strong data-start=\"4298\" data-end=\"4322\">Condi\u00e7\u00f5es Gerais<\/strong>.<\/p><p data-start=\"4327\" data-end=\"4365\">\ud83d\udd39 <strong data-start=\"4330\" data-end=\"4354\">\u00daltima atualiza\u00e7\u00e3o<\/strong> : 13\/04\/2018<\/p>\t\t\t\t\t\t\t\t<\/div>\n\t\t\t\t<\/div>\n\t\t\t\t\t<\/div>\n\t\t\t\t<\/div>\n\t\t<div class=\"elementor-element elementor-element-563fa9bd e-flex e-con-boxed elementor-invisible e-con e-parent\" data-id=\"563fa9bd\" data-element_type=\"container\" data-settings=\"{&quot;background_background&quot;:&quot;classic&quot;,&quot;animation&quot;:&quot;fadeInUp&quot;}\">\n\t\t\t\t\t<div class=\"e-con-inner\">\n\t\t\t\t<div class=\"elementor-element elementor-element-5881e4fa elementor-widget elementor-widget-heading\" data-id=\"5881e4fa\" data-element_type=\"widget\" data-widget_type=\"heading.default\">\n\t\t\t\t<div class=\"elementor-widget-container\">\n\t\t\t\t\t<h2 class=\"elementor-heading-title elementor-size-default\">Pronto para investir com taxas competitivas?<\/h2>\t\t\t\t<\/div>\n\t\t\t\t<\/div>\n\t\t\t\t<div class=\"elementor-element elementor-element-1dce8553 elementor-widget elementor-widget-text-editor\" data-id=\"1dce8553\" data-element_type=\"widget\" data-widget_type=\"text-editor.default\">\n\t\t\t\t<div class=\"elementor-widget-container\">\n\t\t\t\t\t\t\t\t\t<p data-pm-slice=\"1 1 []\">Aproveitar <strong>nossas baixas taxas<\/strong> e realize seus projetos com <strong>financiamento otimizado e vantajoso<\/strong>.<\/p>\t\t\t\t\t\t\t\t<\/div>\n\t\t\t\t<\/div>\n\t\t\t\t<div class=\"elementor-element elementor-element-14aa2111 elementor-align-center elementor-widget elementor-widget-button\" data-id=\"14aa2111\" data-element_type=\"widget\" data-widget_type=\"button.default\">\n\t\t\t\t<div class=\"elementor-widget-container\">\n\t\t\t\t\t\t\t\t\t<div class=\"elementor-button-wrapper\">\n\t\t\t\t\t<a class=\"elementor-button elementor-button-link elementor-size-sm\" href=\"https:\/\/flexifinanz.com\/pt\/demander-un-financement\/\">\n\t\t\t\t\t\t<span class=\"elementor-button-content-wrapper\">\n\t\t\t\t\t\t<span class=\"elementor-button-icon\">\n\t\t\t\t<svg aria-hidden=\"true\" class=\"e-font-icon-svg e-fas-arrow-right\" viewbox=\"0 0 448 512\" xmlns=\"http:\/\/www.w3.org\/2000\/svg\"><path d=\"M190.5 66.9l22.2-22.2c9.4-9.4 24.6-9.4 33.9 0L441 239c9.4 9.4 9.4 24.6 0 33.9L246.6 467.3c-9.4 9.4-24.6 9.4-33.9 0l-22.2-22.2c-9.5-9.5-9.3-25 .4-34.3L311.4 296H24c-13.3 0-24-10.7-24-24v-32c0-13.3 10.7-24 24-24h287.4L190.9 101.2c-9.8-9.3-10-24.8-.4-34.3z\"><\/path><\/svg>\t\t\t<\/span>\n\t\t\t\t\t\t\t\t\t<span class=\"elementor-button-text\">Solicitar financiamento<\/span>\n\t\t\t\t\t<\/span>\n\t\t\t\t\t<\/a>\n\t\t\t\t<\/div>\n\t\t\t\t\t\t\t\t<\/div>\n\t\t\t\t<\/div>\n\t\t\t\t\t<\/div>\n\t\t\t\t<\/div>\n\t\t\t\t<\/div>","protected":false},"excerpt":{"rendered":"<p>1. Pr\u00e9sentation du Service Le pr\u00e9sent document \u00e9tablit les termes et conditions g\u00e9n\u00e9rales applicables aux services de financement propos\u00e9s par Flexifinanz. En [&hellip;]<\/p>","protected":false},"author":1,"featured_media":0,"parent":0,"menu_order":0,"comment_status":"closed","ping_status":"closed","template":"","meta":{"om_disable_all_campaigns":false,"_monsterinsights_skip_tracking":false,"_monsterinsights_sitenote_active":false,"_monsterinsights_sitenote_note":"","_monsterinsights_sitenote_category":0,"footnotes":""},"class_list":["post-850","page","type-page","status-publish","hentry"],"aioseo_notices":[],"_links":{"self":[{"href":"https:\/\/flexifinanz.com\/pt\/wp-json\/wp\/v2\/pages\/850","targetHints":{"allow":["GET"]}}],"collection":[{"href":"https:\/\/flexifinanz.com\/pt\/wp-json\/wp\/v2\/pages"}],"about":[{"href":"https:\/\/flexifinanz.com\/pt\/wp-json\/wp\/v2\/types\/page"}],"author":[{"embeddable":true,"href":"https:\/\/flexifinanz.com\/pt\/wp-json\/wp\/v2\/users\/1"}],"replies":[{"embeddable":true,"href":"https:\/\/flexifinanz.com\/pt\/wp-json\/wp\/v2\/comments?post=850"}],"version-history":[{"count":0,"href":"https:\/\/flexifinanz.com\/pt\/wp-json\/wp\/v2\/pages\/850\/revisions"}],"wp:attachment":[{"href":"https:\/\/flexifinanz.com\/pt\/wp-json\/wp\/v2\/media?parent=850"}],"curies":[{"name":"wp","href":"https:\/\/api.w.org\/{rel}","templated":true}]}}