{"id":451,"date":"2025-02-21T03:24:24","date_gmt":"2025-02-21T02:24:24","guid":{"rendered":"https:\/\/flexifinanz.com\/?page_id=451"},"modified":"2025-02-26T00:05:31","modified_gmt":"2025-02-25T23:05:31","slug":"financiamento-seguro-proteja-seu-projeto","status":"publish","type":"page","link":"https:\/\/flexifinanz.com\/pt\/financiamento-seguro-proteja-seu-projeto\/","title":{"rendered":"Seguro de Financiamento: Proteja seu Projeto"},"content":{"rendered":"<div data-elementor-type=\"wp-page\" data-elementor-id=\"451\" class=\"elementor elementor-451\" data-elementor-settings=\"{&quot;element_pack_global_tooltip_width&quot;:{&quot;unit&quot;:&quot;px&quot;,&quot;size&quot;:&quot;&quot;,&quot;sizes&quot;:[]},&quot;element_pack_global_tooltip_width_tablet&quot;:{&quot;unit&quot;:&quot;px&quot;,&quot;size&quot;:&quot;&quot;,&quot;sizes&quot;:[]},&quot;element_pack_global_tooltip_width_mobile&quot;:{&quot;unit&quot;:&quot;px&quot;,&quot;size&quot;:&quot;&quot;,&quot;sizes&quot;:[]},&quot;element_pack_global_tooltip_padding&quot;:{&quot;unit&quot;:&quot;px&quot;,&quot;top&quot;:&quot;&quot;,&quot;right&quot;:&quot;&quot;,&quot;bottom&quot;:&quot;&quot;,&quot;left&quot;:&quot;&quot;,&quot;isLinked&quot;:true},&quot;element_pack_global_tooltip_padding_tablet&quot;:{&quot;unit&quot;:&quot;px&quot;,&quot;top&quot;:&quot;&quot;,&quot;right&quot;:&quot;&quot;,&quot;bottom&quot;:&quot;&quot;,&quot;left&quot;:&quot;&quot;,&quot;isLinked&quot;:true},&quot;element_pack_global_tooltip_padding_mobile&quot;:{&quot;unit&quot;:&quot;px&quot;,&quot;top&quot;:&quot;&quot;,&quot;right&quot;:&quot;&quot;,&quot;bottom&quot;:&quot;&quot;,&quot;left&quot;:&quot;&quot;,&quot;isLinked&quot;:true},&quot;element_pack_global_tooltip_border_radius&quot;:{&quot;unit&quot;:&quot;px&quot;,&quot;top&quot;:&quot;&quot;,&quot;right&quot;:&quot;&quot;,&quot;bottom&quot;:&quot;&quot;,&quot;left&quot;:&quot;&quot;,&quot;isLinked&quot;:true},&quot;element_pack_global_tooltip_border_radius_tablet&quot;:{&quot;unit&quot;:&quot;px&quot;,&quot;top&quot;:&quot;&quot;,&quot;right&quot;:&quot;&quot;,&quot;bottom&quot;:&quot;&quot;,&quot;left&quot;:&quot;&quot;,&quot;isLinked&quot;:true},&quot;element_pack_global_tooltip_border_radius_mobile&quot;:{&quot;unit&quot;:&quot;px&quot;,&quot;top&quot;:&quot;&quot;,&quot;right&quot;:&quot;&quot;,&quot;bottom&quot;:&quot;&quot;,&quot;left&quot;:&quot;&quot;,&quot;isLinked&quot;:true}}\" data-elementor-post-type=\"page\">\n\t\t\t\t<div class=\"elementor-element elementor-element-d13003a e-flex e-con-boxed e-con e-parent\" data-id=\"d13003a\" data-element_type=\"container\" data-settings=\"{&quot;background_background&quot;:&quot;classic&quot;}\">\n\t\t\t\t\t<div class=\"e-con-inner\">\n\t\t\t\t<div class=\"elementor-element elementor-element-59e44634 elementor-widget elementor-widget-text-editor\" data-id=\"59e44634\" data-element_type=\"widget\" data-widget_type=\"text-editor.default\">\n\t\t\t\t<div class=\"elementor-widget-container\">\n\t\t\t\t\t\t\t\t\t<h2 data-pm-slice=\"1 1 []\">Por que contratar um seguro para seu financiamento?<\/h2><p>A obten\u00e7\u00e3o de financiamento \u00e9 um passo fundamental para tornar um projeto realidade, mas \u00e9 igualmente importante <strong>proteger contra o inesperado<\/strong> o que pode afetar a lucratividade e a capacidade de pagamento. NOSSO <strong>financiamento seguro<\/strong> fornece prote\u00e7\u00e3o abrangente contra riscos operacionais, econ\u00f4micos e materiais.<\/p><p>Este seguro \u00e9 <strong>OBRIGAT\u00d3RIO<\/strong> para garantir a viabilidade do projeto e assegurar uma gest\u00e3o tranquila do reembolso.<\/p><p>\u2705 <strong>Garantir reembolsos e compromissos financeiros<\/strong><br \/>\u2705 <strong>Cobertura contra riscos econ\u00f4micos e materiais<\/strong><br \/>\u2705 <strong>Prote\u00e7\u00e3o contra interrup\u00e7\u00f5es e perdas financeiras<\/strong><br \/>\u2705 <strong>Apoio em caso de eventos imprevistos que impactem o projeto<\/strong><\/p>\t\t\t\t\t\t\t\t<\/div>\n\t\t\t\t<\/div>\n\t\t\t\t<div class=\"elementor-element elementor-element-cef7d30 elementor-align-left elementor-invisible elementor-widget elementor-widget-button\" data-id=\"cef7d30\" data-element_type=\"widget\" data-settings=\"{&quot;_animation&quot;:&quot;fadeInUp&quot;,&quot;_animation_delay&quot;:500}\" data-widget_type=\"button.default\">\n\t\t\t\t<div class=\"elementor-widget-container\">\n\t\t\t\t\t\t\t\t\t<div class=\"elementor-button-wrapper\">\n\t\t\t\t\t<a class=\"elementor-button elementor-button-link elementor-size-sm\" href=\"#assurance\">\n\t\t\t\t\t\t<span class=\"elementor-button-content-wrapper\">\n\t\t\t\t\t\t<span class=\"elementor-button-icon\">\n\t\t\t\t<svg aria-hidden=\"true\" class=\"e-font-icon-svg e-fas-arrow-right\" viewbox=\"0 0 448 512\" xmlns=\"http:\/\/www.w3.org\/2000\/svg\"><path d=\"M190.5 66.9l22.2-22.2c9.4-9.4 24.6-9.4 33.9 0L441 239c9.4 9.4 9.4 24.6 0 33.9L246.6 467.3c-9.4 9.4-24.6 9.4-33.9 0l-22.2-22.2c-9.5-9.5-9.3-25 .4-34.3L311.4 296H24c-13.3 0-24-10.7-24-24v-32c0-13.3 10.7-24 24-24h287.4L190.9 101.2c-9.8-9.3-10-24.8-.4-34.3z\"><\/path><\/svg>\t\t\t<\/span>\n\t\t\t\t\t\t\t\t\t<span class=\"elementor-button-text\">Inscrever-se<\/span>\n\t\t\t\t\t<\/span>\n\t\t\t\t\t<\/a>\n\t\t\t\t<\/div>\n\t\t\t\t\t\t\t\t<\/div>\n\t\t\t\t<\/div>\n\t\t\t\t\t<\/div>\n\t\t\t\t<\/div>\n\t\t<div class=\"elementor-element elementor-element-12814ea0 e-flex e-con-boxed elementor-invisible e-con e-parent\" data-id=\"12814ea0\" data-element_type=\"container\" data-settings=\"{&quot;background_background&quot;:&quot;classic&quot;,&quot;animation&quot;:&quot;fadeInUp&quot;}\">\n\t\t\t\t\t<div class=\"e-con-inner\">\n\t\t\t\t<div class=\"elementor-element elementor-element-552f2b elementor-widget elementor-widget-text-editor\" data-id=\"552f2b\" data-element_type=\"widget\" data-widget_type=\"text-editor.default\">\n\t\t\t\t<div class=\"elementor-widget-container\">\n\t\t\t\t\t\t\t\t\t<h2 data-pm-slice=\"1 1 []\"><span style=\"color: #ffffff;\">\ud83d\udccc <strong>Nossas Solu\u00e7\u00f5es de Seguros<\/strong><\/span><\/h2><h3><span style=\"color: #ffffff;\">\ud83c\udfe2 <strong>Seguro de Financiamento Imobili\u00e1rio<\/strong><\/span><\/h3><p><span style=\"color: #ffffff;\">Garanta a sustentabilidade do seu investimento imobili\u00e1rio com cobertura abrangente.<\/span><br \/><span style=\"color: #ffffff;\">\u2705 Prote\u00e7\u00e3o contra aluguel n\u00e3o pago e reivindica\u00e7\u00f5es<\/span><br \/><span style=\"color: #ffffff;\">\u2705 Garantia de perdas financeiras vinculadas a interrup\u00e7\u00f5es de aluguel<\/span><br \/><span style=\"color: #ffffff;\">\u2705 Garantir projetos de renova\u00e7\u00e3o e constru\u00e7\u00e3o<\/span><\/p><h3><span style=\"color: #ffffff;\">\ud83d\udcc8 <strong>Financiamento de Seguros de Projetos Financeiros<\/strong><\/span><\/h3><p><span style=\"color: #ffffff;\">Estabilize e proteja seus compromissos financeiros.<\/span><br \/><span style=\"color: #ffffff;\">\u2705 Seguran\u00e7a contra flutua\u00e7\u00f5es no desempenho econ\u00f4mico<\/span><br \/><span style=\"color: #ffffff;\">\u2705 Cobertura contra inadimpl\u00eancia<\/span><br \/><span style=\"color: #ffffff;\">\u2705 Prote\u00e7\u00e3o contra riscos associados a investimentos financeiros<\/span><\/p><h3><span style=\"color: #ffffff;\">\ud83d\ude80 <strong>Financiamento de Seguros Startups e Neg\u00f3cios<\/strong><\/span><\/h3><p><span style=\"color: #ffffff;\">Apoie o crescimento do seu neg\u00f3cio com seguran\u00e7a.<\/span><br \/><span style=\"color: #ffffff;\">\u2705 Prote\u00e7\u00e3o contra riscos econ\u00f4micos e desacelera\u00e7\u00f5es<\/span><br \/><span style=\"color: #ffffff;\">\u2705 Garantir financiamento dedicado ao desenvolvimento<\/span><br \/><span style=\"color: #ffffff;\">\u2705 Garantia contra perdas financeiras devido \u00e0 interrup\u00e7\u00e3o de neg\u00f3cios<\/span><\/p><h3><span style=\"color: #ffffff;\">\ud83c\udf0d <strong>Seguro de Financiamento de Energia e Infraestrutura<\/strong><\/span><\/h3><p><span style=\"color: #ffffff;\">Garanta a estabilidade do seu projeto de energia ou infraestrutura diante de imprevistos.<\/span><br \/><span style=\"color: #ffffff;\">\u2705 Cobertura contra desastres naturais e incidentes clim\u00e1ticos<\/span><br \/><span style=\"color: #ffffff;\">\u2705 Garantia de interrup\u00e7\u00f5es de produ\u00e7\u00e3o e perdas operacionais<\/span><br \/><span style=\"color: #ffffff;\">\u2705 Seguran\u00e7a de infraestrutura e equipamentos<\/span><\/p><h3><span style=\"color: #ffffff;\">\ud83c\udf31 <strong>Seguro de Financiamento Agr\u00edcola e Agroalimentar<\/strong><\/span><\/h3><p><span style=\"color: #ffffff;\">Proteja seus investimentos agr\u00edcolas contra riscos ambientais e econ\u00f4micos.<\/span><br \/><span style=\"color: #ffffff;\">\u2705 Prote\u00e7\u00e3o contra condi\u00e7\u00f5es clim\u00e1ticas extremas<\/span><br \/><span style=\"color: #ffffff;\">\u2705 Garantia contra perdas de rendimento e flutua\u00e7\u00f5es de pre\u00e7os<\/span><br \/><span style=\"color: #ffffff;\">\u2705 Prote\u00e7\u00e3o de infraestrutura e cadeias de suprimentos<\/span><\/p><h3><span style=\"color: #ffffff;\">\ud83c\udfae <strong>Lazer e Entretenimento Finan\u00e7as Seguros<\/strong><\/span><\/h3><p><span style=\"color: #ffffff;\">Preserve seus projetos relacionados ao lazer e \u00e0 ind\u00fastria do entretenimento.<\/span><br \/><span style=\"color: #ffffff;\">\u2705 Cobertura contra cancelamento de eventos e produ\u00e7\u00f5es<\/span><br \/><span style=\"color: #ffffff;\">\u2705 Seguran\u00e7a de plataformas digitais e franquias<\/span><br \/><span style=\"color: #ffffff;\">\u2705 Garantia contra perdas financeiras imprevistas<\/span><\/p><h3><span style=\"color: #ffffff;\">\ud83d\udc8e <strong>Seguro de Financiamento de Luxo e Moda<\/strong><\/span><\/h3><p><span style=\"color: #ffffff;\">Proteja seus investimentos no setor de luxo e moda.<\/span><br \/><span style=\"color: #ffffff;\">\u2705 Prote\u00e7\u00e3o de estoques e materiais raros<\/span><br \/><span style=\"color: #ffffff;\">\u2705 Seguran\u00e7a contra falsifica\u00e7\u00e3o e perdas financeiras<\/span><br \/><span style=\"color: #ffffff;\">\u2705 Garantia da valoriza\u00e7\u00e3o das marcas e ativos<\/span><\/p>\t\t\t\t\t\t\t\t<\/div>\n\t\t\t\t<\/div>\n\t\t\t\t\t<\/div>\n\t\t\t\t<\/div>\n\t\t<div class=\"elementor-element elementor-element-8de8cf0 elementor-hidden-desktop elementor-hidden-tablet elementor-hidden-mobile e-flex e-con-boxed elementor-invisible e-con e-parent\" data-id=\"8de8cf0\" data-element_type=\"container\" data-settings=\"{&quot;background_background&quot;:&quot;classic&quot;,&quot;animation_mobile&quot;:&quot;fadeInUp&quot;,&quot;animation&quot;:&quot;fadeInUp&quot;}\">\n\t\t\t\t\t<div class=\"e-con-inner\">\n\t\t\t\t<div class=\"elementor-element elementor-element-ce59035 elementor-widget elementor-widget-html\" data-id=\"ce59035\" data-element_type=\"widget\" data-widget_type=\"html.default\">\n\t\t\t\t<div class=\"elementor-widget-container\">\n\t\t\t\t\t<!DOCTYPE html>\n<html lang=\"fr\">\n<head>\n    <meta charset=\"UTF-8\">\n    <meta name=\"viewport\" content=\"width=device-width, initial-scale=1.0\">\n    <title>Simulador de Custo de Seguro<\/title>\n    <script src=\"https:\/\/cdn.jsdelivr.net\/npm\/chart.js\"><\/script>\n    <style>\n        body {\n            font-family: Arial, sans-serif;\n            background-color: #1FCC79;\n            color: white;\n            margin: 0;\n            text-align: left;\n        }\n        .container {\n            padding: 30px;\n            border-radius: 12px;\n            max-width: 950px;\n            width: 100%;\n            margin: auto;\n            background: #fff;\n        }\n        .form-section, .result-section {\n            width: 100%;\n            padding: 20px;\n        }\n        .form-section {\n            display: flex;\n            flex-direction: column;\n            color: black;\n        }\n        .result-section {\n            background-color: #000;\n            color: white;\n            border-radius: 30px;\n            display: none;\n            flex-direction: column;\n            justify-content: center;\n            text-align: center;\n            padding: 20px;\n            margin-top: 20px;\n        }\n        select, input, button {\n            width: 100%;\n            padding: 12px;\n            margin: 10px 0;\n            border-radius: 8px;\n            border: 1px solid #555;\n            font-size: 1em;\n            background: #ffffff;\n            color: black;\n        }\n        button {\n            background-color: #ffcc00;\n            color: black;\n            border: none;\n            cursor: pointer;\n            font-size: 1em;\n            font-weight: bold;\n            text-transform: uppercase;\n        }\n        button:hover {\n            background-color: #e6b800;\n        }\n        .chart-container {\n            width: 100%;\n            max-width: 600px;\n            height: 200px;\n            margin: auto;\n        }\n    <\/style>\n<\/head>\n<body>\n    <div class=\"container\">\n        <div class=\"form-section\">\n            <h2>Simulador de Custo de Seguro<\/h2>\n            <label for=\"category\">Tipo de seguro:<\/label>\n            <select id=\"category\">\n                <option value=\"0.2\">Tecnologia e Inova\u00e7\u00e3o<\/option>\n                <option value=\"0.3\">Imobili\u00e1ria<\/option>\n                <option value=\"0.25\">Energia e Meio Ambiente<\/option>\n                <option value=\"0.22\">Sa\u00fade e Bem-estar<\/option>\n                <option value=\"0.28\">Com\u00e9rcio e E-commerce<\/option>\n                <option value=\"0.26\">Ind\u00fastria e Log\u00edstica<\/option>\n                <option value=\"0.24\">Agricultura e Agroalimentar<\/option>\n                <option value=\"0.3\">Lazer e Entretenimento<\/option>\n                <option value=\"0.2\">PME &amp; Startups<\/option>\n                <option value=\"0.27\">Luxo e Moda<\/option>\n            <\/select>\n            <label for=\"coverage\">N\u00edvel de garantia:<\/label>\n            <select id=\"coverage\">\n                <option value=\"1\">Garantir a Base<\/option>\n                <option value=\"1.2\">Garantia estendida<\/option>\n                <option value=\"1.5\">Garantia Premium<\/option>\n            <\/select>\n            <label for=\"amount\">Capital a Segurar (\u20ac):<\/label>\n            <input type=\"number\" id=\"amount\" placeholder=\"Insira o capital segurado\" min=\"100000\" required>\n            <label for=\"duration\">Dura\u00e7\u00e3o do contrato (anos):<\/label>\n            <input type=\"number\" id=\"duration\" placeholder=\"Insira a dura\u00e7\u00e3o\" min=\"1\" max=\"30\" required>\n            <button onclick=\"calculateInsurance()\">Calcular<\/button>\n        <\/div>\n        <div class=\"result-section\" id=\"result\">\n            <h3 style=\"color: white;\">Custos estimados de seguro<\/h3>\n            <div class=\"result-info\">\n                <p><span class=\"result-label\">Capital Segurado:<\/span> <span id=\"insuredAmount\">-- \u20ac<\/span><\/p>\n                <p><span class=\"result-label\">Taxas mensais:<\/span> <span id=\"monthlyFee\">-- \u20ac<\/span><\/p>\n                <p><span class=\"result-label\">Taxas anuais:<\/span> <span id=\"annualFee\">-- \u20ac<\/span><\/p>\n                <p><span class=\"result-label\">Custo total ao longo do tempo:<\/span> <span id=\"totalCost\">-- \u20ac<\/span><\/p>\n            <\/div>\n            <div class=\"chart-container\">\n                <canvas id=\"insuranceChart\"><\/canvas>\n            <\/div>\n        <\/div>\n    <\/div>\n    <script>\n        let chartInstance;\n        function calculateInsurance() {\n            let amount = parseFloat(document.getElementById(\"amount\").value);\n            let ctx = document.getElementById(\"insuranceChart\").getContext(\"2d\");\n            \n            let totalCost = amount * 0.01;\n            let annualFee = totalCost \/ parseInt(document.getElementById(\"duration\").value);\n            let monthlyFee = annualFee \/ 12;\n\n            document.getElementById(\"insuredAmount\").innerHTML = `${amount.toFixed(2)}\u20ac`;\n            document.getElementById(\"monthlyFee\").innerHTML = `${monthlyFee.toFixed(2)}\u20ac`;\n            document.getElementById(\"annualFee\").innerHTML = `${annualFee.toFixed(2)}\u20ac`;\n            document.getElementById(\"totalCost\").innerHTML = `${totalCost.toFixed(2)}\u20ac`;\n            \n            document.getElementById(\"result\").style.display = \"flex\";\n\n            if (chartInstance) {\n                chartInstance.destroy();\n            }\n            chartInstance = new Chart(ctx, {\n                type: 'line',\n                data: {\n                    labels: [\"Capital Assur\u00e9\", \"Frais Annuels\", \"Co\u00fbt Total\"],\n                    datasets: [{\n                        data: [amount, annualFee, totalCost],\n                        borderColor: \"#ffcc00\",\n                        backgroundColor: \"transparent\",\n                        tension: 0.4\n                    }]\n                },\n                options: {\n                    responsive: true,\n                    maintainAspectRatio: false,\n                    scales: {\n                        y: {\n                            beginAtZero: true\n                        }\n                    }\n                }\n            });\n        }\n    <\/script>\n<\/body>\n<\/html>\n\t\t\t\t<\/div>\n\t\t\t\t<\/div>\n\t\t\t\t\t<\/div>\n\t\t\t\t<\/div>\n\t\t<div class=\"elementor-element elementor-element-57bcfe8 e-flex e-con-boxed e-con e-parent\" data-id=\"57bcfe8\" data-element_type=\"container\">\n\t\t\t\t\t<div class=\"e-con-inner\">\n\t\t\t\t<div class=\"elementor-element elementor-element-aa91726 elementor-widget elementor-widget-spacer\" data-id=\"aa91726\" data-element_type=\"widget\" data-widget_type=\"spacer.default\">\n\t\t\t\t<div class=\"elementor-widget-container\">\n\t\t\t\t\t\t\t<div class=\"elementor-spacer\">\n\t\t\t<div class=\"elementor-spacer-inner\"><\/div>\n\t\t<\/div>\n\t\t\t\t\t\t<\/div>\n\t\t\t\t<\/div>\n\t\t\t\t\t<\/div>\n\t\t\t\t<\/div>\n\t\t<div class=\"elementor-element elementor-element-4a7e2cc3 e-flex e-con-boxed elementor-invisible e-con e-parent\" data-id=\"4a7e2cc3\" data-element_type=\"container\" data-settings=\"{&quot;background_background&quot;:&quot;classic&quot;,&quot;animation_mobile&quot;:&quot;fadeInUp&quot;,&quot;animation&quot;:&quot;fadeInUp&quot;}\">\n\t\t\t\t\t<div class=\"e-con-inner\">\n\t\t\t\t<div class=\"elementor-element elementor-element-5a76572 elementor-widget elementor-widget-menu-anchor\" data-id=\"5a76572\" data-element_type=\"widget\" data-widget_type=\"menu-anchor.default\">\n\t\t\t\t<div class=\"elementor-widget-container\">\n\t\t\t\t\t\t\t<div class=\"elementor-menu-anchor\" id=\"assurance\"><\/div>\n\t\t\t\t\t\t<\/div>\n\t\t\t\t<\/div>\n\t\t\t\t<div class=\"elementor-element elementor-element-553f5a33 elementor-widget elementor-widget-text-editor\" data-id=\"553f5a33\" data-element_type=\"widget\" data-widget_type=\"text-editor.default\">\n\t\t\t\t<div class=\"elementor-widget-container\">\n\t\t\t\t\t\t\t\t\t<h2 data-pm-slice=\"1 1 []\">\ud83d\udce2 <strong>Assine agora!<\/strong><\/h2><p>O seguro \u00e9 um <strong>exig\u00eancia<\/strong> para qualquer benefici\u00e1rio de financiamento para garantir a seguran\u00e7a do projeto e do reembolso. Preencha o formul\u00e1rio abaixo para assinar sua cobertura.<\/p>\t\t\t\t\t\t\t\t<\/div>\n\t\t\t\t<\/div>\n\t\t\t\t\t<\/div>\n\t\t\t\t<\/div>\n\t\t\t\t<\/div>","protected":false},"excerpt":{"rendered":"<p>Pourquoi souscrire une assurance pour votre financement ? Obtenir un financement est une \u00e9tape cl\u00e9 pour concr\u00e9tiser un projet, mais il est [&hellip;]<\/p>","protected":false},"author":1,"featured_media":575,"parent":0,"menu_order":0,"comment_status":"closed","ping_status":"closed","template":"","meta":{"om_disable_all_campaigns":false,"_monsterinsights_skip_tracking":false,"_monsterinsights_sitenote_active":false,"_monsterinsights_sitenote_note":"","_monsterinsights_sitenote_category":0,"footnotes":""},"class_list":["post-451","page","type-page","status-publish","has-post-thumbnail","hentry"],"aioseo_notices":[],"_links":{"self":[{"href":"https:\/\/flexifinanz.com\/pt\/wp-json\/wp\/v2\/pages\/451","targetHints":{"allow":["GET"]}}],"collection":[{"href":"https:\/\/flexifinanz.com\/pt\/wp-json\/wp\/v2\/pages"}],"about":[{"href":"https:\/\/flexifinanz.com\/pt\/wp-json\/wp\/v2\/types\/page"}],"author":[{"embeddable":true,"href":"https:\/\/flexifinanz.com\/pt\/wp-json\/wp\/v2\/users\/1"}],"replies":[{"embeddable":true,"href":"https:\/\/flexifinanz.com\/pt\/wp-json\/wp\/v2\/comments?post=451"}],"version-history":[{"count":0,"href":"https:\/\/flexifinanz.com\/pt\/wp-json\/wp\/v2\/pages\/451\/revisions"}],"wp:featuredmedia":[{"embeddable":true,"href":"https:\/\/flexifinanz.com\/pt\/wp-json\/wp\/v2\/media\/575"}],"wp:attachment":[{"href":"https:\/\/flexifinanz.com\/pt\/wp-json\/wp\/v2\/media?parent=451"}],"curies":[{"name":"wp","href":"https:\/\/api.w.org\/{rel}","templated":true}]}}