{"id":213,"date":"2025-02-20T16:07:41","date_gmt":"2025-02-20T15:07:41","guid":{"rendered":"https:\/\/flexifinanz.com\/?page_id=213"},"modified":"2025-02-26T00:54:00","modified_gmt":"2025-02-25T23:54:00","slug":"sobre-nos","status":"publish","type":"page","link":"https:\/\/flexifinanz.com\/pt\/sobre-nos\/","title":{"rendered":"Sobre n\u00f3s"},"content":{"rendered":"<div data-elementor-type=\"wp-page\" data-elementor-id=\"213\" class=\"elementor elementor-213\" data-elementor-settings=\"{&quot;element_pack_global_tooltip_width&quot;:{&quot;unit&quot;:&quot;px&quot;,&quot;size&quot;:&quot;&quot;,&quot;sizes&quot;:[]},&quot;element_pack_global_tooltip_width_tablet&quot;:{&quot;unit&quot;:&quot;px&quot;,&quot;size&quot;:&quot;&quot;,&quot;sizes&quot;:[]},&quot;element_pack_global_tooltip_width_mobile&quot;:{&quot;unit&quot;:&quot;px&quot;,&quot;size&quot;:&quot;&quot;,&quot;sizes&quot;:[]},&quot;element_pack_global_tooltip_padding&quot;:{&quot;unit&quot;:&quot;px&quot;,&quot;top&quot;:&quot;&quot;,&quot;right&quot;:&quot;&quot;,&quot;bottom&quot;:&quot;&quot;,&quot;left&quot;:&quot;&quot;,&quot;isLinked&quot;:true},&quot;element_pack_global_tooltip_padding_tablet&quot;:{&quot;unit&quot;:&quot;px&quot;,&quot;top&quot;:&quot;&quot;,&quot;right&quot;:&quot;&quot;,&quot;bottom&quot;:&quot;&quot;,&quot;left&quot;:&quot;&quot;,&quot;isLinked&quot;:true},&quot;element_pack_global_tooltip_padding_mobile&quot;:{&quot;unit&quot;:&quot;px&quot;,&quot;top&quot;:&quot;&quot;,&quot;right&quot;:&quot;&quot;,&quot;bottom&quot;:&quot;&quot;,&quot;left&quot;:&quot;&quot;,&quot;isLinked&quot;:true},&quot;element_pack_global_tooltip_border_radius&quot;:{&quot;unit&quot;:&quot;px&quot;,&quot;top&quot;:&quot;&quot;,&quot;right&quot;:&quot;&quot;,&quot;bottom&quot;:&quot;&quot;,&quot;left&quot;:&quot;&quot;,&quot;isLinked&quot;:true},&quot;element_pack_global_tooltip_border_radius_tablet&quot;:{&quot;unit&quot;:&quot;px&quot;,&quot;top&quot;:&quot;&quot;,&quot;right&quot;:&quot;&quot;,&quot;bottom&quot;:&quot;&quot;,&quot;left&quot;:&quot;&quot;,&quot;isLinked&quot;:true},&quot;element_pack_global_tooltip_border_radius_mobile&quot;:{&quot;unit&quot;:&quot;px&quot;,&quot;top&quot;:&quot;&quot;,&quot;right&quot;:&quot;&quot;,&quot;bottom&quot;:&quot;&quot;,&quot;left&quot;:&quot;&quot;,&quot;isLinked&quot;:true}}\" data-elementor-post-type=\"page\">\n\t\t\t\t<div class=\"elementor-element elementor-element-4002860 e-flex e-con-boxed e-con e-parent\" data-id=\"4002860\" data-element_type=\"container\" data-settings=\"{&quot;background_background&quot;:&quot;classic&quot;}\">\n\t\t\t\t\t<div class=\"e-con-inner\">\n\t\t\t\t<div class=\"elementor-element elementor-element-3b0b7f4f elementor-widget elementor-widget-text-editor\" data-id=\"3b0b7f4f\" data-element_type=\"widget\" data-widget_type=\"text-editor.default\">\n\t\t\t\t<div class=\"elementor-widget-container\">\n\t\t\t\t\t\t\t\t\t<h2 data-pm-slice=\"1 1 []\">Quem somos n\u00f3s?<\/h2><p><strong>FlexiFinanz<\/strong> \u00e9 um grupo de investidores apaixonados e comprometidos, especializados em financiamento <strong>projetos de alto potencial<\/strong>. N\u00f3s acreditamos que <strong>o investimento deve ser acess\u00edvel a todos<\/strong>, \u00e9 por isso que oferecemos <strong>solu\u00e7\u00f5es flex\u00edveis, tarifas reduzidas e suporte personalizado<\/strong>.<\/p><p>Gra\u00e7as ao nosso <strong>experi\u00eancia em an\u00e1lise de mercado e gest\u00e3o de portf\u00f3lio<\/strong>, identificamos e financiamos oportunidades promissoras em setores-chave, como tecnologia, imobili\u00e1rio, energia renov\u00e1vel, sa\u00fade e muito mais.<\/p><p>N\u00f3s projetamos uma abordagem <strong>transparente e inclusivo<\/strong>, permitindo que cada empreendedor ou investidor beneficie de financiamento adequado, sem restri\u00e7\u00f5es excessivas.<\/p>\t\t\t\t\t\t\t\t<\/div>\n\t\t\t\t<\/div>\n\t\t\t\t\t<\/div>\n\t\t\t\t<\/div>\n\t\t<div class=\"elementor-element elementor-element-54a349f4 e-flex e-con-boxed elementor-invisible e-con e-parent\" data-id=\"54a349f4\" data-element_type=\"container\" data-settings=\"{&quot;background_background&quot;:&quot;classic&quot;,&quot;animation&quot;:&quot;fadeInUp&quot;,&quot;animation_mobile&quot;:&quot;fadeInUp&quot;}\">\n\t\t\t\t\t<div class=\"e-con-inner\">\n\t\t\t\t<div class=\"elementor-element elementor-element-13f69567 elementor-widget elementor-widget-text-editor\" data-id=\"13f69567\" data-element_type=\"widget\" data-widget_type=\"text-editor.default\">\n\t\t\t\t<div class=\"elementor-widget-container\">\n\t\t\t\t\t\t\t\t\t<h2 data-pm-slice=\"1 1 []\">Nossa Vis\u00e3o<\/h2><p>Acreditamos em um modelo de investimento <strong>\u00e9tico, estrat\u00e9gico e rent\u00e1vel<\/strong>, onde cada financiamento representa um <strong>oportunidade de crescimento m\u00fatuo<\/strong>. Nosso objetivo \u00e9 <strong>facilitar o acesso ao financiamento<\/strong> removendo barreiras financeiras desnecess\u00e1rias, promovendo <strong>taxas competitivas<\/strong> e garantindo um <strong>processo simples e r\u00e1pido<\/strong>.<\/p><p>Nossos investimentos s\u00e3o <strong>projetado sob medida<\/strong> atender \u00e0s necessidades de empreendedores e investidores, garantindo-lhes <strong>flexibilidade financeira e condi\u00e7\u00f5es vantajosas<\/strong>.<\/p>\t\t\t\t\t\t\t\t<\/div>\n\t\t\t\t<\/div>\n\t\t\t\t\t<\/div>\n\t\t\t\t<\/div>\n\t\t<div class=\"elementor-element elementor-element-3dccd069 e-flex e-con-boxed elementor-invisible e-con e-parent\" data-id=\"3dccd069\" data-element_type=\"container\" data-settings=\"{&quot;background_background&quot;:&quot;classic&quot;,&quot;animation&quot;:&quot;fadeInUp&quot;}\">\n\t\t\t\t\t<div class=\"e-con-inner\">\n\t\t\t\t<div class=\"elementor-element elementor-element-3efd5648 elementor-widget elementor-widget-text-editor\" data-id=\"3efd5648\" data-element_type=\"widget\" data-widget_type=\"text-editor.default\">\n\t\t\t\t<div class=\"elementor-widget-container\">\n\t\t\t\t\t\t\t\t\t<h2 data-pm-slice=\"1 1 []\"><span style=\"color: #ffffff;\">Nossos Valores<\/span><\/h2><p><span style=\"color: #ffffff;\">\u2705 <strong>Acessibilidade<\/strong> \u2013 Oferecemos taxas baixas e prazos flex\u00edveis para abrir o investimento a todos.<\/span><br \/><span style=\"color: #ffffff;\">\u2705 <strong>Transpar\u00eancia<\/strong> \u2013 Temos uma abordagem clara e honesta com nossos parceiros.<\/span><br \/><span style=\"color: #ffffff;\">\u2705 <strong>Especializa\u00e7\u00e3o<\/strong> \u2013 Nossas an\u00e1lises e decis\u00f5es s\u00e3o baseadas em estudos de mercado aprofundados.<\/span><br \/><span style=\"color: #ffffff;\">\u2705 <strong>Inova\u00e7\u00e3o<\/strong> \u2013 Privilegiamos setores com alto crescimento e impacto positivo.<\/span><br \/><span style=\"color: #ffffff;\">\u2705 <strong>Noivado<\/strong> \u2013 Apoiamos nossos parceiros em todas as etapas do seu desenvolvimento.<\/span><br \/><span style=\"color: #ffffff;\">\u2705 <strong>Desempenho<\/strong> \u2013 Nossos investimentos s\u00e3o otimizados para maximizar a lucratividade e a sustentabilidade.<\/span><\/p>\t\t\t\t\t\t\t\t<\/div>\n\t\t\t\t<\/div>\n\t\t\t\t\t<\/div>\n\t\t\t\t<\/div>\n\t\t<div class=\"elementor-element elementor-element-d92f83c e-flex e-con-boxed elementor-invisible e-con e-parent\" data-id=\"d92f83c\" data-element_type=\"container\" data-settings=\"{&quot;background_background&quot;:&quot;classic&quot;,&quot;animation&quot;:&quot;fadeInUp&quot;}\">\n\t\t\t\t\t<div class=\"e-con-inner\">\n\t\t\t\t<div class=\"elementor-element elementor-element-69798b9 elementor-widget elementor-widget-text-editor\" data-id=\"69798b9\" data-element_type=\"widget\" data-widget_type=\"text-editor.default\">\n\t\t\t\t<div class=\"elementor-widget-container\">\n\t\t\t\t\t\t\t\t\t<h2 data-pm-slice=\"1 3 []\">Nossas \u00c1reas de Investimento<\/h2><p>Financiamos projetos em <strong>os setores mais promissores<\/strong>, identificando oportunidades que combinam <strong>forte rentabilidade e impacto estrat\u00e9gico<\/strong> :<\/p><ul data-spread=\"false\"><li><p>\ud83d\udda5\ufe0f <strong>Tecnologia e Inova\u00e7\u00e3o<\/strong> (IA, FinTech, MedTech, Blockchain)<\/p><\/li><li><p>\ud83c\udfe2 <strong>Imobili\u00e1rio e Infraestrutura<\/strong> (aluguel, comercial, luxo, financiamento coletivo)<\/p><\/li><li><p>\ud83c\udf0d <strong>Energia Renov\u00e1vel e Meio Ambiente<\/strong> (solar, e\u00f3lica, hidrog\u00eanio, reciclagem)<\/p><\/li><li><p>\u2764\ufe0f <strong>Sa\u00fade e Bem-estar<\/strong> (biotecnologias, suplementos alimentares, telemedicina)<\/p><\/li><li><p>\ud83d\udecd\ufe0f <strong>Com\u00e9rcio e E-commerce<\/strong> (dropshipping, marketplace, solu\u00e7\u00f5es de pagamento)<\/p><\/li><li><p>\u2699\ufe0f <strong>Ind\u00fastria e Log\u00edstica<\/strong> (rob\u00f3tica, automa\u00e7\u00e3o, aeron\u00e1utica, transporte)<\/p><\/li><li><p>\ud83d\ude9c <strong>Agricultura e Agroalimentar<\/strong> (produtos org\u00e2nicos, cadeias de abastecimento curtas, agricultura sustent\u00e1vel)<\/p><\/li><li><p>\ud83c\udfae <strong>Lazer e Entretenimento<\/strong> (videogames, streaming, eSports, turismo)<\/p><\/li><li><p>\ud83d\ude80 <strong>PME &amp; Startups<\/strong> (capital de risco, transforma\u00e7\u00e3o digital, franquia)<\/p><\/li><li><p>\ud83d\udc8e <strong>Luxo e Moda<\/strong> (joias, alta costura, autom\u00f3veis de luxo)<\/p><\/li><\/ul>\t\t\t\t\t\t\t\t<\/div>\n\t\t\t\t<\/div>\n\t\t\t\t\t<\/div>\n\t\t\t\t<\/div>\n\t\t<div class=\"elementor-element elementor-element-55bbf98f e-flex e-con-boxed elementor-invisible e-con e-parent\" data-id=\"55bbf98f\" data-element_type=\"container\" data-settings=\"{&quot;background_background&quot;:&quot;classic&quot;,&quot;animation&quot;:&quot;fadeInUp&quot;}\">\n\t\t\t\t\t<div class=\"e-con-inner\">\n\t\t\t\t<div class=\"elementor-element elementor-element-39abdfea elementor-widget elementor-widget-text-editor\" data-id=\"39abdfea\" data-element_type=\"widget\" data-widget_type=\"text-editor.default\">\n\t\t\t\t<div class=\"elementor-widget-container\">\n\t\t\t\t\t\t\t\t\t<h2 data-pm-slice=\"1 1 []\">Por que escolher nosso grupo de investidores?<\/h2>\nN\u00f3s nos distinguimos por nossa <strong>acessibilidade e nossa flexibilidade<\/strong>, oferecendo financiamento adaptado a cada projeto e a cada investidor. Ao trabalhar conosco, voc\u00ea se beneficia de:<br>\n\n\u2705 <strong>Tarifas reduzidas e solu\u00e7\u00f5es personalizadas<\/strong>\n<br>\u2705 <strong>Acesso exclusivo \u00e0s melhores oportunidades<\/strong>\n<br>\u2705 <strong>Apoio estrat\u00e9gico e financeiro<\/strong>\n<br>\u2705 <strong>Processo r\u00e1pido e simplificado<\/strong>\n<br>\u2705 <strong>Uma rede de especialistas e parceiros financeiros<\/strong>\t\t\t\t\t\t\t\t<\/div>\n\t\t\t\t<\/div>\n\t\t\t\t\t<\/div>\n\t\t\t\t<\/div>\n\t\t<div class=\"elementor-element elementor-element-d02d9ee e-flex e-con-boxed elementor-invisible e-con e-parent\" data-id=\"d02d9ee\" data-element_type=\"container\" data-settings=\"{&quot;background_background&quot;:&quot;classic&quot;,&quot;animation&quot;:&quot;fadeInUp&quot;}\">\n\t\t\t\t\t<div class=\"e-con-inner\">\n\t\t\t\t<div class=\"elementor-element elementor-element-d565759 elementor-widget elementor-widget-text-editor\" data-id=\"d565759\" data-element_type=\"widget\" data-widget_type=\"text-editor.default\">\n\t\t\t\t<div class=\"elementor-widget-container\">\n\t\t\t\t\t\t\t\t\t<h2 data-pm-slice=\"1 3 []\">Nossos compromissos<\/h2><p>Estamos comprometidos com:<\/p><ul data-spread=\"false\"><li><p><strong>Democratize o investimento e o financiamento com taxas acess\u00edveis<\/strong><\/p><\/li><li><p><strong>Apoiando a inova\u00e7\u00e3o e projetos futuros<\/strong><\/p><\/li><li><p><strong>Fornecer condi\u00e7\u00f5es de financiamento transparentes e justas<\/strong><\/p><\/li><li><p><strong>Apoiando nossos parceiros a longo prazo<\/strong><\/p><\/li><li><p><strong>Otimizando cada investimento para garantir rentabilidade e impacto positivo<\/strong><\/p><\/li><\/ul>\t\t\t\t\t\t\t\t<\/div>\n\t\t\t\t<\/div>\n\t\t\t\t\t<\/div>\n\t\t\t\t<\/div>\n\t\t<div class=\"elementor-element elementor-element-2579e83 e-flex e-con-boxed e-con e-parent\" data-id=\"2579e83\" data-element_type=\"container\" data-settings=\"{&quot;background_background&quot;:&quot;classic&quot;}\">\n\t\t\t\t\t<div class=\"e-con-inner\">\n\t\t\t\t<div class=\"elementor-element elementor-element-6d222aa elementor-widget elementor-widget-html\" data-id=\"6d222aa\" data-element_type=\"widget\" data-widget_type=\"html.default\">\n\t\t\t\t<div class=\"elementor-widget-container\">\n\t\t\t\t\t<!DOCTYPE html>\n<html lang=\"fr\">\n<head>\n    <meta charset=\"UTF-8\">\n    <meta name=\"viewport\" content=\"width=device-width, initial-scale=1.0\">\n    <title>\u00c9tapes du Financement - FlexiFinanz<\/title>\n    <style>\n        body {\n            font-family: Arial, sans-serif;\n            background-color: #f8f8f8;\n            margin: 0;\n            padding: px;\n            text-align: left;\n        }\n        .container {\n            max-width: 1500px;\n            margin: auto;\n            background: white;\n            padding: 30px;\n            border-radius: 1px;\n            box-shadow: 0 px px rgba(0, 0, 0, 0.1);\n        }\n        h2 {\n            color: black;\n            font-size: 26px;\n            margin-bottom: 20px;\n        }\n        .steps {\n            display: flex;\n            flex-direction: column;\n            gap: 20px;\n        }\n        .step {\n            display: flex;\n            align-items: center;\n            background: #6CFF84;\n            padding: 15px;\n            border-radius: 30px;\n            color: black;\n            text-align: left;\n            box-shadow: 0 2px 4px rgba(0, 0, 0, 0.1);\n        }\n        .step-icon {\n            width: 50px;\n            height: 50px;\n            background: black;\n            color: white;\n            border-radius: 50%;\n            display: flex;\n            justify-content: center;\n            align-items: center;\n            font-size: 22px;\n            font-weight: bold;\n            margin-right: 15px;\n        }\n        .step-content {\n            flex: 1;\n        }\n        .step-title {\n            font-size: 18px;\n            font-weight: bold;\n        }\n        .step-description {\n            font-size: 14px;\n        }\n        @media (min-width: 768px) {\n            .steps {\n                flex-direction: row;\n            }\n        }\n    <\/style>\n<\/head>\n<body>\n    <div class=\"container\">\n        <h2>Os passos para obter seu financiamento<\/h2>\n        <div class=\"steps\">\n            <!-- \u00c9tape 1 -->\n            <div class=\"step\">\n                <div class=\"step-icon\">1<\/div>\n                <div class=\"step-content\">\n                    <div class=\"step-title\">Envie sua solicita\u00e7\u00e3o<\/div>\n                    <div class=\"step-description\">Preencha nosso formul\u00e1rio on-line com suas informa\u00e7\u00f5es e o valor desejado.<\/div>\n                <\/div>\n            <\/div>\n            <!-- \u00c9tape 2 -->\n            <div class=\"step\">\n                <div class=\"step-icon\">2<\/div>\n                <div class=\"step-content\">\n                    <div class=\"step-title\">An\u00e1lise do seu arquivo<\/div>\n                    <div class=\"step-description\">Nossos especialistas estudar\u00e3o sua elegibilidade e oferecer\u00e3o uma solu\u00e7\u00e3o adequada.<\/div>\n                <\/div>\n            <\/div>\n            <!-- \u00c9tape 3 -->\n            <div class=\"step\">\n                <div class=\"step-icon\">3<\/div>\n                <div class=\"step-content\">\n                    <div class=\"step-title\">Valida\u00e7\u00e3o e assinatura<\/div>\n                    <div class=\"step-description\">Ap\u00f3s aceitar a oferta, voc\u00ea assina o contrato de financiamento.<\/div>\n                <\/div>\n            <\/div>\n            <!-- \u00c9tape 4 -->\n            <div class=\"step\">\n                <div class=\"step-icon\">4<\/div>\n                <div class=\"step-content\">\n                    <div class=\"step-title\">Pagamento de fundos<\/div>\n                    <div class=\"step-description\">Os fundos s\u00e3o liberados com seguran\u00e7a para sua conta.<\/div>\n                <\/div>\n            <\/div>\n        <\/div>\n    <\/div>\n<\/body>\n<\/html>\n\t\t\t\t<\/div>\n\t\t\t\t<\/div>\n\t\t\t\t\t<\/div>\n\t\t\t\t<\/div>\n\t\t<div class=\"elementor-element elementor-element-3c6824a3 e-flex e-con-boxed elementor-invisible e-con e-parent\" data-id=\"3c6824a3\" data-element_type=\"container\" data-settings=\"{&quot;background_background&quot;:&quot;classic&quot;,&quot;animation&quot;:&quot;fadeInUp&quot;}\">\n\t\t\t\t\t<div class=\"e-con-inner\">\n\t\t\t\t<div class=\"elementor-element elementor-element-16d4bfb3 elementor-widget elementor-widget-heading\" data-id=\"16d4bfb3\" data-element_type=\"widget\" data-widget_type=\"heading.default\">\n\t\t\t\t<div class=\"elementor-widget-container\">\n\t\t\t\t\t<h2 class=\"elementor-heading-title elementor-size-default\">Entre em contato conosco hoje mesmo!<\/h2>\t\t\t\t<\/div>\n\t\t\t\t<\/div>\n\t\t\t\t<div class=\"elementor-element elementor-element-2569eed8 elementor-widget elementor-widget-text-editor\" data-id=\"2569eed8\" data-element_type=\"widget\" data-widget_type=\"text-editor.default\">\n\t\t\t\t<div class=\"elementor-widget-container\">\n\t\t\t\t\t\t\t\t\t<p data-pm-slice=\"1 1 []\">Seja voc\u00ea um empreendedor, um investidor ou esteja procurando uma oportunidade de financiamento, estamos aqui para apoi\u00e1-lo com <strong>solu\u00e7\u00f5es flex\u00edveis e acess\u00edveis para todos<\/strong>.<\/p>\t\t\t\t\t\t\t\t<\/div>\n\t\t\t\t<\/div>\n\t\t\t\t<div class=\"elementor-element elementor-element-7c25080a elementor-align-center elementor-widget elementor-widget-button\" data-id=\"7c25080a\" data-element_type=\"widget\" data-widget_type=\"button.default\">\n\t\t\t\t<div class=\"elementor-widget-container\">\n\t\t\t\t\t\t\t\t\t<div class=\"elementor-button-wrapper\">\n\t\t\t\t\t<a class=\"elementor-button elementor-button-link elementor-size-sm\" href=\"https:\/\/flexifinanz.com\/pt\/contate-nos\/\">\n\t\t\t\t\t\t<span class=\"elementor-button-content-wrapper\">\n\t\t\t\t\t\t<span class=\"elementor-button-icon\">\n\t\t\t\t<svg aria-hidden=\"true\" class=\"e-font-icon-svg e-fas-arrow-right\" viewbox=\"0 0 448 512\" xmlns=\"http:\/\/www.w3.org\/2000\/svg\"><path d=\"M190.5 66.9l22.2-22.2c9.4-9.4 24.6-9.4 33.9 0L441 239c9.4 9.4 9.4 24.6 0 33.9L246.6 467.3c-9.4 9.4-24.6 9.4-33.9 0l-22.2-22.2c-9.5-9.5-9.3-25 .4-34.3L311.4 296H24c-13.3 0-24-10.7-24-24v-32c0-13.3 10.7-24 24-24h287.4L190.9 101.2c-9.8-9.3-10-24.8-.4-34.3z\"><\/path><\/svg>\t\t\t<\/span>\n\t\t\t\t\t\t\t\t\t<span class=\"elementor-button-text\">Contate-nos<\/span>\n\t\t\t\t\t<\/span>\n\t\t\t\t\t<\/a>\n\t\t\t\t<\/div>\n\t\t\t\t\t\t\t\t<\/div>\n\t\t\t\t<\/div>\n\t\t\t\t\t<\/div>\n\t\t\t\t<\/div>\n\t\t\t\t<\/div>","protected":false},"excerpt":{"rendered":"<p>Qui sommes-nous ? FlexiFinanz est un groupe d\u2019investisseurs passionn\u00e9s et engag\u00e9s, sp\u00e9cialis\u00e9s dans le financement de projets \u00e0 fort potentiel. Nous croyons [&hellip;]<\/p>","protected":false},"author":1,"featured_media":601,"parent":0,"menu_order":0,"comment_status":"closed","ping_status":"closed","template":"","meta":{"om_disable_all_campaigns":false,"_monsterinsights_skip_tracking":false,"_monsterinsights_sitenote_active":false,"_monsterinsights_sitenote_note":"","_monsterinsights_sitenote_category":0,"footnotes":""},"class_list":["post-213","page","type-page","status-publish","has-post-thumbnail","hentry"],"aioseo_notices":[],"_links":{"self":[{"href":"https:\/\/flexifinanz.com\/pt\/wp-json\/wp\/v2\/pages\/213","targetHints":{"allow":["GET"]}}],"collection":[{"href":"https:\/\/flexifinanz.com\/pt\/wp-json\/wp\/v2\/pages"}],"about":[{"href":"https:\/\/flexifinanz.com\/pt\/wp-json\/wp\/v2\/types\/page"}],"author":[{"embeddable":true,"href":"https:\/\/flexifinanz.com\/pt\/wp-json\/wp\/v2\/users\/1"}],"replies":[{"embeddable":true,"href":"https:\/\/flexifinanz.com\/pt\/wp-json\/wp\/v2\/comments?post=213"}],"version-history":[{"count":0,"href":"https:\/\/flexifinanz.com\/pt\/wp-json\/wp\/v2\/pages\/213\/revisions"}],"wp:featuredmedia":[{"embeddable":true,"href":"https:\/\/flexifinanz.com\/pt\/wp-json\/wp\/v2\/media\/601"}],"wp:attachment":[{"href":"https:\/\/flexifinanz.com\/pt\/wp-json\/wp\/v2\/media?parent=213"}],"curies":[{"name":"wp","href":"https:\/\/api.w.org\/{rel}","templated":true}]}}