{"id":207,"date":"2025-02-20T15:57:04","date_gmt":"2025-02-20T14:57:04","guid":{"rendered":"https:\/\/flexifinanz.com\/?page_id=207"},"modified":"2025-02-25T18:43:22","modified_gmt":"2025-02-25T17:43:22","slug":"financiamento-por-perfil","status":"publish","type":"page","link":"https:\/\/flexifinanz.com\/pt\/financiamento-por-perfil\/","title":{"rendered":"Financiamento para Pessoas F\u00edsicas e Profissionais: Encontre a Op\u00e7\u00e3o Ideal"},"content":{"rendered":"<div data-elementor-type=\"wp-page\" data-elementor-id=\"207\" class=\"elementor elementor-207\" data-elementor-settings=\"{&quot;element_pack_global_tooltip_width&quot;:{&quot;unit&quot;:&quot;px&quot;,&quot;size&quot;:&quot;&quot;,&quot;sizes&quot;:[]},&quot;element_pack_global_tooltip_width_tablet&quot;:{&quot;unit&quot;:&quot;px&quot;,&quot;size&quot;:&quot;&quot;,&quot;sizes&quot;:[]},&quot;element_pack_global_tooltip_width_mobile&quot;:{&quot;unit&quot;:&quot;px&quot;,&quot;size&quot;:&quot;&quot;,&quot;sizes&quot;:[]},&quot;element_pack_global_tooltip_padding&quot;:{&quot;unit&quot;:&quot;px&quot;,&quot;top&quot;:&quot;&quot;,&quot;right&quot;:&quot;&quot;,&quot;bottom&quot;:&quot;&quot;,&quot;left&quot;:&quot;&quot;,&quot;isLinked&quot;:true},&quot;element_pack_global_tooltip_padding_tablet&quot;:{&quot;unit&quot;:&quot;px&quot;,&quot;top&quot;:&quot;&quot;,&quot;right&quot;:&quot;&quot;,&quot;bottom&quot;:&quot;&quot;,&quot;left&quot;:&quot;&quot;,&quot;isLinked&quot;:true},&quot;element_pack_global_tooltip_padding_mobile&quot;:{&quot;unit&quot;:&quot;px&quot;,&quot;top&quot;:&quot;&quot;,&quot;right&quot;:&quot;&quot;,&quot;bottom&quot;:&quot;&quot;,&quot;left&quot;:&quot;&quot;,&quot;isLinked&quot;:true},&quot;element_pack_global_tooltip_border_radius&quot;:{&quot;unit&quot;:&quot;px&quot;,&quot;top&quot;:&quot;&quot;,&quot;right&quot;:&quot;&quot;,&quot;bottom&quot;:&quot;&quot;,&quot;left&quot;:&quot;&quot;,&quot;isLinked&quot;:true},&quot;element_pack_global_tooltip_border_radius_tablet&quot;:{&quot;unit&quot;:&quot;px&quot;,&quot;top&quot;:&quot;&quot;,&quot;right&quot;:&quot;&quot;,&quot;bottom&quot;:&quot;&quot;,&quot;left&quot;:&quot;&quot;,&quot;isLinked&quot;:true},&quot;element_pack_global_tooltip_border_radius_mobile&quot;:{&quot;unit&quot;:&quot;px&quot;,&quot;top&quot;:&quot;&quot;,&quot;right&quot;:&quot;&quot;,&quot;bottom&quot;:&quot;&quot;,&quot;left&quot;:&quot;&quot;,&quot;isLinked&quot;:true}}\" data-elementor-post-type=\"page\">\n\t\t\t\t<div class=\"elementor-element elementor-element-44eed47e e-flex e-con-boxed e-con e-parent\" data-id=\"44eed47e\" data-element_type=\"container\" data-settings=\"{&quot;background_background&quot;:&quot;classic&quot;}\">\n\t\t\t\t\t<div class=\"e-con-inner\">\n\t\t\t\t<div class=\"elementor-element elementor-element-febb66d elementor-widget elementor-widget-text-editor\" data-id=\"febb66d\" data-element_type=\"widget\" data-widget_type=\"text-editor.default\">\n\t\t\t\t<div class=\"elementor-widget-container\">\n\t\t\t\t\t\t\t\t\t<h2 data-pm-slice=\"1 1 []\">Por que adaptar seu financiamento ao seu perfil?<\/h2><p>Seja voc\u00ea um indiv\u00edduo que busca realizar um projeto ou uma empresa que deseja otimizar seu fluxo de caixa, <strong>h\u00e1 financiamento adaptado a cada necessidade<\/strong>. Compreender as op\u00e7\u00f5es dispon\u00edveis ajuda a <strong>escolha a melhor estrat\u00e9gia com base em seus objetivos financeiros e toler\u00e2ncia ao risco<\/strong>.<\/p>\t\t\t\t\t\t\t\t<\/div>\n\t\t\t\t<\/div>\n\t\t\t\t<div class=\"elementor-element elementor-element-acd7f4a elementor-align-left elementor-invisible elementor-widget elementor-widget-button\" data-id=\"acd7f4a\" data-element_type=\"widget\" data-settings=\"{&quot;_animation&quot;:&quot;fadeInUp&quot;,&quot;_animation_delay&quot;:500}\" data-widget_type=\"button.default\">\n\t\t\t\t<div class=\"elementor-widget-container\">\n\t\t\t\t\t\t\t\t\t<div class=\"elementor-button-wrapper\">\n\t\t\t\t\t<a class=\"elementor-button elementor-button-link elementor-size-sm\" href=\"#simulateur\">\n\t\t\t\t\t\t<span class=\"elementor-button-content-wrapper\">\n\t\t\t\t\t\t<span class=\"elementor-button-icon\">\n\t\t\t\t<svg aria-hidden=\"true\" class=\"e-font-icon-svg e-fas-arrow-right\" viewbox=\"0 0 448 512\" xmlns=\"http:\/\/www.w3.org\/2000\/svg\"><path d=\"M190.5 66.9l22.2-22.2c9.4-9.4 24.6-9.4 33.9 0L441 239c9.4 9.4 9.4 24.6 0 33.9L246.6 467.3c-9.4 9.4-24.6 9.4-33.9 0l-22.2-22.2c-9.5-9.5-9.3-25 .4-34.3L311.4 296H24c-13.3 0-24-10.7-24-24v-32c0-13.3 10.7-24 24-24h287.4L190.9 101.2c-9.8-9.3-10-24.8-.4-34.3z\"><\/path><\/svg>\t\t\t<\/span>\n\t\t\t\t\t\t\t\t\t<span class=\"elementor-button-text\">Verifique minha elegibilidade<\/span>\n\t\t\t\t\t<\/span>\n\t\t\t\t\t<\/a>\n\t\t\t\t<\/div>\n\t\t\t\t\t\t\t\t<\/div>\n\t\t\t\t<\/div>\n\t\t\t\t\t<\/div>\n\t\t\t\t<\/div>\n\t\t<div class=\"elementor-element elementor-element-7b99a9ca e-flex e-con-boxed elementor-invisible e-con e-parent\" data-id=\"7b99a9ca\" data-element_type=\"container\" data-settings=\"{&quot;background_background&quot;:&quot;classic&quot;,&quot;animation&quot;:&quot;fadeInUp&quot;}\">\n\t\t\t\t\t<div class=\"e-con-inner\">\n\t\t\t\t<div class=\"elementor-element elementor-element-68500735 elementor-widget elementor-widget-text-editor\" data-id=\"68500735\" data-element_type=\"widget\" data-widget_type=\"text-editor.default\">\n\t\t\t\t<div class=\"elementor-widget-container\">\n\t\t\t\t\t\t\t\t\t<h2 data-pm-slice=\"1 3 []\">1\ufe0f\u20e3 Financiamento para Pessoas F\u00edsicas<\/h2><h3><strong>Objetivo: concretizar seus projetos e otimizar seu or\u00e7amento<\/strong><\/h3><p>Os indiv\u00edduos podem ter acesso a uma variedade de financiamentos para <strong>garantir flexibilidade, estabilidade e a concretiza\u00e7\u00e3o das suas ambi\u00e7\u00f5es<\/strong>.<\/p><h3><strong>Oportunidades de financiamento:<\/strong><\/h3><ul data-spread=\"false\"><li><p><strong>Empr\u00e9stimos para aluguel de im\u00f3veis (LMNP, Airbnb)<\/strong> \u2192 Aquisi\u00e7\u00e3o e avalia\u00e7\u00e3o de um ativo rent\u00e1vel<\/p><\/li><li><p><strong>Financiamento de projetos em SCPI (Sociedades de Investimento Imobili\u00e1rio)<\/strong> \u2192 Investimento imobili\u00e1rio sem gest\u00e3o direta<\/p><\/li><li><p><strong>Empr\u00e9stimos para aquisi\u00e7\u00e3o de a\u00e7\u00f5es e investimentos em bolsa de valores<\/strong> \u2192 Acesso aos mercados financeiros com alavancagem<\/p><\/li><li><p><strong>Solu\u00e7\u00f5es de microcr\u00e9dito e com\u00e9rcio eletr\u00f3nico<\/strong> \u2192 Apoio a empreendedores digitais<\/p><\/li><li><p><strong>Financiamento para projetos agr\u00edcolas e cadeias de abastecimento curtas<\/strong> \u2192 Apoio a iniciativas sustent\u00e1veis<\/p><\/li><\/ul>\t\t\t\t\t\t\t\t<\/div>\n\t\t\t\t<\/div>\n\t\t\t\t\t<\/div>\n\t\t\t\t<\/div>\n\t\t<div class=\"elementor-element elementor-element-6d325196 e-flex e-con-boxed elementor-invisible e-con e-parent\" data-id=\"6d325196\" data-element_type=\"container\" data-settings=\"{&quot;background_background&quot;:&quot;classic&quot;,&quot;animation&quot;:&quot;fadeInUp&quot;}\">\n\t\t\t\t\t<div class=\"e-con-inner\">\n\t\t\t\t<div class=\"elementor-element elementor-element-1b25c248 elementor-widget elementor-widget-text-editor\" data-id=\"1b25c248\" data-element_type=\"widget\" data-widget_type=\"text-editor.default\">\n\t\t\t\t<div class=\"elementor-widget-container\">\n\t\t\t\t\t\t\t\t\t<h3 data-pm-slice=\"1 1 []\"><strong>Benef\u00edcios e Condi\u00e7\u00f5es<\/strong><\/h3><p>\u2705 Solu\u00e7\u00f5es flex\u00edveis adaptadas \u00e0s necessidades dos indiv\u00edduos<br \/>\u2705 Acesso a capital com condi\u00e7\u00f5es vantajosas<br \/>\u26a0\ufe0f Compromisso de reembolso necess\u00e1rio<br \/>\u26a0\ufe0f An\u00e1lise de garantias e perfil financeiro<\/p>\t\t\t\t\t\t\t\t<\/div>\n\t\t\t\t<\/div>\n\t\t\t\t\t<\/div>\n\t\t\t\t<\/div>\n\t\t<div class=\"elementor-element elementor-element-645c95e9 e-flex e-con-boxed elementor-invisible e-con e-parent\" data-id=\"645c95e9\" data-element_type=\"container\" data-settings=\"{&quot;background_background&quot;:&quot;classic&quot;,&quot;animation&quot;:&quot;fadeInUp&quot;}\">\n\t\t\t\t\t<div class=\"e-con-inner\">\n\t\t\t\t<div class=\"elementor-element elementor-element-3fc481a4 elementor-widget elementor-widget-text-editor\" data-id=\"3fc481a4\" data-element_type=\"widget\" data-widget_type=\"text-editor.default\">\n\t\t\t\t<div class=\"elementor-widget-container\">\n\t\t\t\t\t\t\t\t\t<h2 data-pm-slice=\"1 3 []\">2\ufe0f\u20e3 Financiamento para Profissionais<\/h2><h3><strong>Objetivo: apoiar o crescimento e otimizar o fluxo de caixa<\/strong><\/h3><p>Empresas e profissionais t\u00eam acesso a solu\u00e7\u00f5es espec\u00edficas para desenvolver seus neg\u00f3cios e garantir sua expans\u00e3o.<\/p><h3><strong>Oportunidades de financiamento:<\/strong><\/h3><ul data-spread=\"false\"><li><p><strong>Financiamento para startups e PMEs (capital de risco e capital privado)<\/strong> \u2192 Apoio a empresas inovadoras<\/p><\/li><li><p><strong>Cr\u00e9ditos para im\u00f3veis comerciais e industriais<\/strong> \u2192 Aquisi\u00e7\u00e3o e desenvolvimento de ativos profissionais<\/p><\/li><li><p><strong>Solu\u00e7\u00f5es de financiamento de t\u00edtulos<\/strong> \u2192 Investimentos seguros para empresas<\/p><\/li><li><p><strong>Financiamento para projetos de tecnologia (ciberseguran\u00e7a, IA, MedTech)<\/strong> \u2192 Apoio a setores inovadores<\/p><\/li><li><p><strong>Apoio \u00e0s ind\u00fastrias aeron\u00e1utica e espacial<\/strong> \u2192 Financiamento de projetos de alta tecnologia<\/p><\/li><\/ul>\t\t\t\t\t\t\t\t<\/div>\n\t\t\t\t<\/div>\n\t\t\t\t\t<\/div>\n\t\t\t\t<\/div>\n\t\t<div class=\"elementor-element elementor-element-248a7c6c e-flex e-con-boxed e-con e-parent\" data-id=\"248a7c6c\" data-element_type=\"container\" data-settings=\"{&quot;background_background&quot;:&quot;classic&quot;}\">\n\t\t\t\t\t<div class=\"e-con-inner\">\n\t\t\t\t<div class=\"elementor-element elementor-element-50cf611a elementor-widget elementor-widget-text-editor\" data-id=\"50cf611a\" data-element_type=\"widget\" data-widget_type=\"text-editor.default\">\n\t\t\t\t<div class=\"elementor-widget-container\">\n\t\t\t\t\t\t\t\t\t<h3 data-pm-slice=\"1 1 []\"><strong>Benef\u00edcios e Condi\u00e7\u00f5es<\/strong><\/h3><p>\u2705 Acesso a fundos para acelerar o crescimento<br \/>\u2705 Taxas competitivas e flexibilidade de reembolso<br \/>\u26a0\ufe0f Precisa de um arquivo financeiro s\u00f3lido<br \/>\u26a0\ufe0f Compromisso de longo prazo dependendo do tipo de financiamento<\/p>\t\t\t\t\t\t\t\t<\/div>\n\t\t\t\t<\/div>\n\t\t\t\t\t<\/div>\n\t\t\t\t<\/div>\n\t\t<div class=\"elementor-element elementor-element-14442360 e-flex e-con-boxed elementor-invisible e-con e-parent\" data-id=\"14442360\" data-element_type=\"container\" data-settings=\"{&quot;background_background&quot;:&quot;classic&quot;,&quot;animation&quot;:&quot;fadeInUp&quot;}\">\n\t\t\t\t\t<div class=\"e-con-inner\">\n\t\t\t\t<div class=\"elementor-element elementor-element-e36c39f elementor-widget elementor-widget-text-editor\" data-id=\"e36c39f\" data-element_type=\"widget\" data-widget_type=\"text-editor.default\">\n\t\t\t\t<div class=\"elementor-widget-container\">\n\t\t\t\t\t\t\t\t\t<h2 data-pm-slice=\"1 1 []\"><span style=\"color: #ffffff;\">\ud83d\udce2 <strong>Por que financiar seu projeto conosco?<\/strong><\/span><\/h2><p><span style=\"color: #ffffff;\">Oferecemos solu\u00e7\u00f5es para <strong>financiamento personalizado para particulares e profissionais<\/strong>, permitindo que voc\u00ea concretize seus projetos e maximize sua lucratividade com total seguran\u00e7a.<\/span><\/p>\t\t\t\t\t\t\t\t<\/div>\n\t\t\t\t<\/div>\n\t\t\t\t\t<\/div>\n\t\t\t\t<\/div>\n\t\t<div class=\"elementor-element elementor-element-6f8176d6 e-flex e-con-boxed elementor-invisible e-con e-parent\" data-id=\"6f8176d6\" data-element_type=\"container\" data-settings=\"{&quot;background_background&quot;:&quot;classic&quot;,&quot;animation&quot;:&quot;fadeInUp&quot;}\">\n\t\t\t\t\t<div class=\"e-con-inner\">\n\t\t\t\t<div class=\"elementor-element elementor-element-6ddb0ff6 elementor-widget elementor-widget-text-editor\" data-id=\"6ddb0ff6\" data-element_type=\"widget\" data-widget_type=\"text-editor.default\">\n\t\t\t\t<div class=\"elementor-widget-container\">\n\t\t\t\t\t\t\t\t\t<h3 data-pm-slice=\"1 1 []\"><strong>Nossas vantagens:<\/strong><\/h3><p>\u2705 <strong>Solu\u00e7\u00f5es adaptadas ao perfil de cada mutu\u00e1rio<\/strong><br \/>\u2705 <strong>Acesso a financiamento exclusivo e eficiente<\/strong><br \/>\u2705 <strong>Taxas de financiamento competitivas e flex\u00edveis<\/strong><br \/>\u2705 <strong>Suporte estrat\u00e9gico e personalizado<\/strong><\/p>\t\t\t\t\t\t\t\t<\/div>\n\t\t\t\t<\/div>\n\t\t\t\t\t<\/div>\n\t\t\t\t<\/div>\n\t\t<div class=\"elementor-element elementor-element-17534ca e-flex e-con-boxed elementor-invisible e-con e-parent\" data-id=\"17534ca\" data-element_type=\"container\" data-settings=\"{&quot;background_background&quot;:&quot;classic&quot;,&quot;animation&quot;:&quot;fadeInUp&quot;}\">\n\t\t\t\t\t<div class=\"e-con-inner\">\n\t\t\t\t<div class=\"elementor-element elementor-element-130a6a2 elementor-widget elementor-widget-menu-anchor\" data-id=\"130a6a2\" data-element_type=\"widget\" data-widget_type=\"menu-anchor.default\">\n\t\t\t\t<div class=\"elementor-widget-container\">\n\t\t\t\t\t\t\t<div class=\"elementor-menu-anchor\" id=\"simulateur\"><\/div>\n\t\t\t\t\t\t<\/div>\n\t\t\t\t<\/div>\n\t\t\t\t<div class=\"elementor-element elementor-element-3265e5c elementor-widget elementor-widget-html\" data-id=\"3265e5c\" data-element_type=\"widget\" data-widget_type=\"html.default\">\n\t\t\t\t<div class=\"elementor-widget-container\">\n\t\t\t\t\t<!DOCTYPE html>\n<html lang=\"fr\">\n<head>\n    <meta charset=\"UTF-8\">\n    <meta name=\"viewport\" content=\"width=device-width, initial-scale=1.0\">\n    <title>Demande de Financement Intelligent<\/title>\n    <style>\n        body {\n            font-family: Arial, sans-serif;\n            background-color: #f4f4f4;\n            color: #333;\n            margin: 0;\n            padding: 0px;\n        }\n        .container {\n            max-width: 900px;\n            margin: auto;\n            background: white;\n            padding: 20px;\n            border-radius: 10px;\n            box-shadow: 0px 0px 0px rgba(0, 0, 0, 0.1);\n        }\n         {\n            text-align: left;\n        }\n        label {\n            font-weight: bold;\n        }\n        input, select, button {\n            width: 100%;\n            padding: 10px;\n            margin: 10px 0;\n            border-radius: 5px;\n            border: 1px solid #ccc;\n        }\n        button {\n            background-color: #6CFF84;\n            color: black;\n            font-weight: bold;\n            cursor: pointer;\n        }\n        button:hover {\n            background-color: #5ACC70;\n        }\n        .result {\n            display: none;\n            background: #000;\n            color: white;\n            padding: 15px;\n            border-radius: 5px;\n            margin-top: 20px;\n            text-align: center;\n        }\n        .apply-button, .contact-button {\n            display: none;\n            margin-top: 15px;\n            padding: 10px;\n            border: none;\n            border-radius: 5px;\n            cursor: pointer;\n            font-weight: bold;\n            width: 100%;\n            text-decoration: none;\n            text-align: center;\n        }\n        .apply-button {\n            background-color: #ffcc00;\n            color: black;\n        }\n        .apply-button:hover {\n            background-color: #e6b800;\n        }\n        .contact-button {\n            background-color: #ff5733;\n            color: white;\n        }\n        .contact-button:hover {\n            background-color: #cc4626;\n        }\n    <\/style>\n<\/head>\n<body>\n    <div class=\"container\">\n        <h2>Verifique minha elegibilidade<\/h2>\n        <form id=\"financementForm\" action=\"\">\n            <label for=\"montant\">Valor solicitado (\u20ac):<\/label>\n            <input type=\"number\" id=\"montant\" placeholder=\"Insira o valor\" required>\n            \n            <label for=\"revenu\">Renda mensal (\u20ac):<\/label>\n            <input type=\"number\" id=\"revenu\" placeholder=\"Insira sua renda mensal\" required>\n            \n            <label for=\"statut\">Situa\u00e7\u00e3o profissional:<\/label>\n            <select id=\"statut\">\n                <option value=\"salarie\">Funcion\u00e1rio<\/option>\n                <option value=\"independant\">Independente<\/option>\n                <option value=\"entreprise\">Neg\u00f3cios<\/option>\n                <option value=\"autre\">Outro<\/option>\n            <\/select>\n            \n            <label for=\"historique\">Hist\u00f3rico de cr\u00e9dito:<\/label>\n            <select id=\"historique\">\n                <option value=\"excellent\">Excelente<\/option>\n                <option value=\"bon\">Bom<\/option>\n                <option value=\"moyen\">M\u00c9DIA<\/option>\n                <option value=\"faible\">Fraco<\/option>\n            <\/select>\n            \n            <button type=\"button\" onclick=\"analyserEligibilite()\">Verifique minha elegibilidade<\/button>\n        <input type=\"hidden\" name=\"trp-form-language\" value=\"pt\"\/><\/form>\n        \n        <div class=\"result\" id=\"resultat\">\n            <h3>Resultado da an\u00e1lise<\/h3>\n            <p id=\"message\"><\/p>\n            <a id=\"applyButton\" class=\"apply-button\" href=\"https:\/\/flexifinanz.com\/pt\/demander-un-financement\/\">Solicitar financiamento<\/a>\n            <a id=\"contactButton\" class=\"contact-button\" href=\"https:\/\/flexifinanz.com\/index.php\/contactez-nous\/\">Contate-nos<\/a>\n        <\/div>\n    <\/div>\n\n    <script>\n        function analyserEligibilite() {\n            let montant = parseFloat(document.getElementById(\"montant\").value);\n            let revenu = parseFloat(document.getElementById(\"revenu\").value);\n            let statut = document.getElementById(\"statut\").value;\n            let historique = document.getElementById(\"historique\").value;\n            let message = \"\";\n            let applyButton = document.getElementById(\"applyButton\");\n            let contactButton = document.getElementById(\"contactButton\");\n\n            if (isNaN(montant) || isNaN(revenu) || montant <= 0 || revenu <= 0) {\n                alert(\"Veuillez entrer des valeurs valides.\");\n                return;\n            }\n\n            let tauxEndettement = (montant \/ (revenu * 12)) * 100;\n            \n            if (tauxEndettement < 50 || (historique !== \"faible\" && tauxEndettement < 60)) {\n                message = \"\u2705 F\u00e9licitations ! Vous \u00eates \u00e9ligible \u00e0 un financement flexible avec des conditions avantageuses.\";\n                applyButton.style.display = \"block\";\n                contactButton.style.display = \"none\";\n            } else if (tauxEndettement < 70 || historique === \"moyen\") {\n                message = \"\u26a0\ufe0f Vous \u00eates \u00e9ligible avec des conditions ajust\u00e9es. Une analyse compl\u00e9mentaire pourrait \u00eatre n\u00e9cessaire.\";\n                applyButton.style.display = \"block\";\n                contactButton.style.display = \"none\";\n            } else {\n                message = \"\u274c Votre demande de financement n\u00e9cessite des garanties suppl\u00e9mentaires, mais nous pouvons vous proposer une alternative adapt\u00e9e.\";\n                applyButton.style.display = \"none\";\n                contactButton.style.display = \"block\";\n            }\n            \n            document.getElementById(\"message\").innerText = message;\n            document.getElementById(\"resultat\").style.display = \"block\";\n        }\n    <\/script>\n<\/body>\n<\/html>\n\t\t\t\t<\/div>\n\t\t\t\t<\/div>\n\t\t\t\t\t<\/div>\n\t\t\t\t<\/div>\n\t\t<div class=\"elementor-element elementor-element-1d34d1ad e-flex e-con-boxed elementor-invisible e-con e-parent\" data-id=\"1d34d1ad\" data-element_type=\"container\" data-settings=\"{&quot;background_background&quot;:&quot;classic&quot;,&quot;animation&quot;:&quot;fadeInUp&quot;}\">\n\t\t\t\t\t<div class=\"e-con-inner\">\n\t\t\t\t<div class=\"elementor-element elementor-element-26d82835 elementor-widget elementor-widget-heading\" data-id=\"26d82835\" data-element_type=\"widget\" data-widget_type=\"heading.default\">\n\t\t\t\t<div class=\"elementor-widget-container\">\n\t\t\t\t\t<h2 class=\"elementor-heading-title elementor-size-default\">Obtenha seu financiamento hoje mesmo!<\/h2>\t\t\t\t<\/div>\n\t\t\t\t<\/div>\n\t\t\t\t<div class=\"elementor-element elementor-element-1f501aff elementor-widget elementor-widget-text-editor\" data-id=\"1f501aff\" data-element_type=\"widget\" data-widget_type=\"text-editor.default\">\n\t\t\t\t<div class=\"elementor-widget-container\">\n\t\t\t\t\t\t\t\t\t<p data-pm-slice=\"1 1 []\">Seja voc\u00ea um indiv\u00edduo ou um profissional, n\u00f3s o apoiamos para <strong>garanta e otimize seu financiamento<\/strong>.<\/p>\t\t\t\t\t\t\t\t<\/div>\n\t\t\t\t<\/div>\n\t\t\t\t<div class=\"elementor-element elementor-element-31aec061 elementor-align-center elementor-widget elementor-widget-button\" data-id=\"31aec061\" data-element_type=\"widget\" data-widget_type=\"button.default\">\n\t\t\t\t<div class=\"elementor-widget-container\">\n\t\t\t\t\t\t\t\t\t<div class=\"elementor-button-wrapper\">\n\t\t\t\t\t<a class=\"elementor-button elementor-button-link elementor-size-sm\" href=\"https:\/\/flexifinanz.com\/pt\/nos-domaines-dapplications\/\">\n\t\t\t\t\t\t<span class=\"elementor-button-content-wrapper\">\n\t\t\t\t\t\t<span class=\"elementor-button-icon\">\n\t\t\t\t<svg aria-hidden=\"true\" class=\"e-font-icon-svg e-fas-arrow-right\" viewbox=\"0 0 448 512\" xmlns=\"http:\/\/www.w3.org\/2000\/svg\"><path d=\"M190.5 66.9l22.2-22.2c9.4-9.4 24.6-9.4 33.9 0L441 239c9.4 9.4 9.4 24.6 0 33.9L246.6 467.3c-9.4 9.4-24.6 9.4-33.9 0l-22.2-22.2c-9.5-9.5-9.3-25 .4-34.3L311.4 296H24c-13.3 0-24-10.7-24-24v-32c0-13.3 10.7-24 24-24h287.4L190.9 101.2c-9.8-9.3-10-24.8-.4-34.3z\"><\/path><\/svg>\t\t\t<\/span>\n\t\t\t\t\t\t\t\t\t<span class=\"elementor-button-text\">Veja nossas \u00e1reas <\/span>\n\t\t\t\t\t<\/span>\n\t\t\t\t\t<\/a>\n\t\t\t\t<\/div>\n\t\t\t\t\t\t\t\t<\/div>\n\t\t\t\t<\/div>\n\t\t\t\t\t<\/div>\n\t\t\t\t<\/div>\n\t\t\t\t<\/div>","protected":false},"excerpt":{"rendered":"<p>Pourquoi adapter son financement \u00e0 son profil ? Que vous soyez un particulier cherchant \u00e0 r\u00e9aliser un projet ou une entreprise souhaitant [&hellip;]<\/p>","protected":false},"author":1,"featured_media":340,"parent":0,"menu_order":0,"comment_status":"closed","ping_status":"closed","template":"","meta":{"om_disable_all_campaigns":false,"_monsterinsights_skip_tracking":false,"_monsterinsights_sitenote_active":false,"_monsterinsights_sitenote_note":"","_monsterinsights_sitenote_category":0,"footnotes":""},"class_list":["post-207","page","type-page","status-publish","has-post-thumbnail","hentry"],"aioseo_notices":[],"_links":{"self":[{"href":"https:\/\/flexifinanz.com\/pt\/wp-json\/wp\/v2\/pages\/207","targetHints":{"allow":["GET"]}}],"collection":[{"href":"https:\/\/flexifinanz.com\/pt\/wp-json\/wp\/v2\/pages"}],"about":[{"href":"https:\/\/flexifinanz.com\/pt\/wp-json\/wp\/v2\/types\/page"}],"author":[{"embeddable":true,"href":"https:\/\/flexifinanz.com\/pt\/wp-json\/wp\/v2\/users\/1"}],"replies":[{"embeddable":true,"href":"https:\/\/flexifinanz.com\/pt\/wp-json\/wp\/v2\/comments?post=207"}],"version-history":[{"count":0,"href":"https:\/\/flexifinanz.com\/pt\/wp-json\/wp\/v2\/pages\/207\/revisions"}],"wp:featuredmedia":[{"embeddable":true,"href":"https:\/\/flexifinanz.com\/pt\/wp-json\/wp\/v2\/media\/340"}],"wp:attachment":[{"href":"https:\/\/flexifinanz.com\/pt\/wp-json\/wp\/v2\/media?parent=207"}],"curies":[{"name":"wp","href":"https:\/\/api.w.org\/{rel}","templated":true}]}}