{"id":192,"date":"2025-02-20T15:42:36","date_gmt":"2025-02-20T14:42:36","guid":{"rendered":"https:\/\/flexifinanz.com\/?page_id=192"},"modified":"2025-02-25T18:45:16","modified_gmt":"2025-02-25T17:45:16","slug":"financiamento-por-duracao","status":"publish","type":"page","link":"https:\/\/flexifinanz.com\/pt\/financiamento-por-duracao\/","title":{"rendered":"Financiamento de Projetos de Curto, M\u00e9dio e Longo Prazo: Adapte sua Estrat\u00e9gia"},"content":{"rendered":"<div data-elementor-type=\"wp-page\" data-elementor-id=\"192\" class=\"elementor elementor-192\" data-elementor-settings=\"{&quot;element_pack_global_tooltip_width&quot;:{&quot;unit&quot;:&quot;px&quot;,&quot;size&quot;:&quot;&quot;,&quot;sizes&quot;:[]},&quot;element_pack_global_tooltip_width_tablet&quot;:{&quot;unit&quot;:&quot;px&quot;,&quot;size&quot;:&quot;&quot;,&quot;sizes&quot;:[]},&quot;element_pack_global_tooltip_width_mobile&quot;:{&quot;unit&quot;:&quot;px&quot;,&quot;size&quot;:&quot;&quot;,&quot;sizes&quot;:[]},&quot;element_pack_global_tooltip_padding&quot;:{&quot;unit&quot;:&quot;px&quot;,&quot;top&quot;:&quot;&quot;,&quot;right&quot;:&quot;&quot;,&quot;bottom&quot;:&quot;&quot;,&quot;left&quot;:&quot;&quot;,&quot;isLinked&quot;:true},&quot;element_pack_global_tooltip_padding_tablet&quot;:{&quot;unit&quot;:&quot;px&quot;,&quot;top&quot;:&quot;&quot;,&quot;right&quot;:&quot;&quot;,&quot;bottom&quot;:&quot;&quot;,&quot;left&quot;:&quot;&quot;,&quot;isLinked&quot;:true},&quot;element_pack_global_tooltip_padding_mobile&quot;:{&quot;unit&quot;:&quot;px&quot;,&quot;top&quot;:&quot;&quot;,&quot;right&quot;:&quot;&quot;,&quot;bottom&quot;:&quot;&quot;,&quot;left&quot;:&quot;&quot;,&quot;isLinked&quot;:true},&quot;element_pack_global_tooltip_border_radius&quot;:{&quot;unit&quot;:&quot;px&quot;,&quot;top&quot;:&quot;&quot;,&quot;right&quot;:&quot;&quot;,&quot;bottom&quot;:&quot;&quot;,&quot;left&quot;:&quot;&quot;,&quot;isLinked&quot;:true},&quot;element_pack_global_tooltip_border_radius_tablet&quot;:{&quot;unit&quot;:&quot;px&quot;,&quot;top&quot;:&quot;&quot;,&quot;right&quot;:&quot;&quot;,&quot;bottom&quot;:&quot;&quot;,&quot;left&quot;:&quot;&quot;,&quot;isLinked&quot;:true},&quot;element_pack_global_tooltip_border_radius_mobile&quot;:{&quot;unit&quot;:&quot;px&quot;,&quot;top&quot;:&quot;&quot;,&quot;right&quot;:&quot;&quot;,&quot;bottom&quot;:&quot;&quot;,&quot;left&quot;:&quot;&quot;,&quot;isLinked&quot;:true}}\" data-elementor-post-type=\"page\">\n\t\t\t\t<div class=\"elementor-element elementor-element-4a6ab6de e-flex e-con-boxed e-con e-parent\" data-id=\"4a6ab6de\" data-element_type=\"container\" data-settings=\"{&quot;background_background&quot;:&quot;classic&quot;}\">\n\t\t\t\t\t<div class=\"e-con-inner\">\n\t\t\t\t<div class=\"elementor-element elementor-element-3b2ece84 elementor-widget elementor-widget-text-editor\" data-id=\"3b2ece84\" data-element_type=\"widget\" data-widget_type=\"text-editor.default\">\n\t\t\t\t<div class=\"elementor-widget-container\">\n\t\t\t\t\t\t\t\t\t<h2 data-pm-slice=\"1 1 []\">Por que escolher o financiamento com base na dura\u00e7\u00e3o?<\/h2><p>Escolher a dura\u00e7\u00e3o do financiamento \u00e9 uma decis\u00e3o estrat\u00e9gica essencial. Ele ajuda a alinhar suas necessidades de capital com suas metas financeiras, toler\u00e2ncia a riscos e plano de crescimento. Se voc\u00ea est\u00e1 procurando por <strong>fundos rapidamente<\/strong>, um <strong>crescimento equilibrado<\/strong> ou um <strong>solu\u00e7\u00e3o de financiamento sustent\u00e1vel<\/strong>, oferecemos-lhe solu\u00e7\u00f5es adequadas<\/p>\t\t\t\t\t\t\t\t<\/div>\n\t\t\t\t<\/div>\n\t\t\t\t<div class=\"elementor-element elementor-element-f1364a7 elementor-align-left elementor-invisible elementor-widget elementor-widget-button\" data-id=\"f1364a7\" data-element_type=\"widget\" data-settings=\"{&quot;_animation&quot;:&quot;fadeInUp&quot;,&quot;_animation_delay&quot;:500}\" data-widget_type=\"button.default\">\n\t\t\t\t<div class=\"elementor-widget-container\">\n\t\t\t\t\t\t\t\t\t<div class=\"elementor-button-wrapper\">\n\t\t\t\t\t<a class=\"elementor-button elementor-button-link elementor-size-sm\" href=\"#simulateur\">\n\t\t\t\t\t\t<span class=\"elementor-button-content-wrapper\">\n\t\t\t\t\t\t<span class=\"elementor-button-icon\">\n\t\t\t\t<svg aria-hidden=\"true\" class=\"e-font-icon-svg e-fas-arrow-right\" viewbox=\"0 0 448 512\" xmlns=\"http:\/\/www.w3.org\/2000\/svg\"><path d=\"M190.5 66.9l22.2-22.2c9.4-9.4 24.6-9.4 33.9 0L441 239c9.4 9.4 9.4 24.6 0 33.9L246.6 467.3c-9.4 9.4-24.6 9.4-33.9 0l-22.2-22.2c-9.5-9.5-9.3-25 .4-34.3L311.4 296H24c-13.3 0-24-10.7-24-24v-32c0-13.3 10.7-24 24-24h287.4L190.9 101.2c-9.8-9.3-10-24.8-.4-34.3z\"><\/path><\/svg>\t\t\t<\/span>\n\t\t\t\t\t\t\t\t\t<span class=\"elementor-button-text\">Verifique minha elegibilidade<\/span>\n\t\t\t\t\t<\/span>\n\t\t\t\t\t<\/a>\n\t\t\t\t<\/div>\n\t\t\t\t\t\t\t\t<\/div>\n\t\t\t\t<\/div>\n\t\t\t\t\t<\/div>\n\t\t\t\t<\/div>\n\t\t<div class=\"elementor-element elementor-element-f0c8284 e-flex e-con-boxed elementor-invisible e-con e-parent\" data-id=\"f0c8284\" data-element_type=\"container\" data-settings=\"{&quot;background_background&quot;:&quot;classic&quot;,&quot;animation&quot;:&quot;fadeInUp&quot;}\">\n\t\t\t\t\t<div class=\"e-con-inner\">\n\t\t\t\t<div class=\"elementor-element elementor-element-2501fd3 elementor-widget elementor-widget-text-editor\" data-id=\"2501fd3\" data-element_type=\"widget\" data-widget_type=\"text-editor.default\">\n\t\t\t\t<div class=\"elementor-widget-container\">\n\t\t\t\t\t\t\t\t\t<h2 data-pm-slice=\"1 3 []\">1\ufe0f\u20e3 Financiamento de curto prazo (0-2 anos)<\/h2><h3><strong>Objetivo: liquidez r\u00e1pida e flexibilidade<\/strong><\/h3><p>O financiamento de curto prazo \u00e9 ideal para empresas que precisam de um <strong>acesso r\u00e1pido a fundos<\/strong> e desejando <strong>otimizar seu fluxo de caixa<\/strong>. Eles s\u00e3o adequados para projetos que exigem fluxo de caixa imediato com lucratividade r\u00e1pida.<\/p><h3><strong>Oportunidades de financiamento:<\/strong><\/h3><ul data-spread=\"false\"><li><p><strong>E-commerce e vendas online<\/strong> \u2192 Financiamento de invent\u00e1rio e campanhas de marketing<\/p><\/li><li><p><strong>Startups em est\u00e1gio inicial<\/strong> \u2192 Fundos iniciais para testes e primeiras vendas<\/p><\/li><li><p><strong>Im\u00f3veis de curto prazo<\/strong> \u2192 Financiamento de projetos de renova\u00e7\u00e3o r\u00e1pida<\/p><\/li><li><p><strong>Tecnologias emergentes<\/strong> \u2192 Financiamento de produtos e prot\u00f3tipos inovadores<\/p><\/li><li><p><strong>Eventos e produ\u00e7\u00e3o audiovisual<\/strong> \u2192 Apoio a projetos que exijam execu\u00e7\u00e3o r\u00e1pida<\/p><\/li><\/ul>\t\t\t\t\t\t\t\t<\/div>\n\t\t\t\t<\/div>\n\t\t\t\t\t<\/div>\n\t\t\t\t<\/div>\n\t\t<div class=\"elementor-element elementor-element-3c4963d e-flex e-con-boxed elementor-invisible e-con e-parent\" data-id=\"3c4963d\" data-element_type=\"container\" data-settings=\"{&quot;background_background&quot;:&quot;classic&quot;,&quot;animation&quot;:&quot;fadeInUp&quot;}\">\n\t\t\t\t\t<div class=\"e-con-inner\">\n\t\t\t\t<div class=\"elementor-element elementor-element-33b1a63 elementor-widget elementor-widget-text-editor\" data-id=\"33b1a63\" data-element_type=\"widget\" data-widget_type=\"text-editor.default\">\n\t\t\t\t<div class=\"elementor-widget-container\">\n\t\t\t\t\t\t\t\t\t<h3 data-pm-slice=\"1 1 []\"><strong>Benef\u00edcios e Condi\u00e7\u00f5es<\/strong><\/h3><p>\u2705 Acesso r\u00e1pido aos fundos<br \/>\u2705 Solu\u00e7\u00f5es adaptadas \u00e0s necessidades de fluxo de caixa<br \/>\u26a0\ufe0f Reembolso de curto prazo<br \/>\u26a0\ufe0f Taxas de juros potencialmente mais altas<\/p>\t\t\t\t\t\t\t\t<\/div>\n\t\t\t\t<\/div>\n\t\t\t\t\t<\/div>\n\t\t\t\t<\/div>\n\t\t<div class=\"elementor-element elementor-element-a689b2a e-flex e-con-boxed elementor-invisible e-con e-parent\" data-id=\"a689b2a\" data-element_type=\"container\" data-settings=\"{&quot;background_background&quot;:&quot;classic&quot;,&quot;animation&quot;:&quot;fadeInUp&quot;}\">\n\t\t\t\t\t<div class=\"e-con-inner\">\n\t\t\t\t<div class=\"elementor-element elementor-element-d82d815 elementor-widget elementor-widget-text-editor\" data-id=\"d82d815\" data-element_type=\"widget\" data-widget_type=\"text-editor.default\">\n\t\t\t\t<div class=\"elementor-widget-container\">\n\t\t\t\t\t\t\t\t\t<h2 data-pm-slice=\"1 3 []\">2\ufe0f\u20e3 Financiamento de m\u00e9dio prazo (3-7 anos)<\/h2><h3><strong>Objetivo: crescimento e estabilidade<\/strong><\/h3><p>O financiamento de m\u00e9dio prazo permite que as empresas estruturem seu desenvolvimento enquanto otimizam sua lucratividade. Eles s\u00e3o adequados para empresas que buscam <strong>equilibrar seu fluxo de caixa e crescimento<\/strong>.<\/p><h3><strong>Oportunidades de financiamento:<\/strong><\/h3><ul data-spread=\"false\"><li><p><strong>Im\u00f3veis para aluguel e comerciais<\/strong> \u2192 Aquisi\u00e7\u00e3o e renova\u00e7\u00e3o<\/p><\/li><li><p><strong>Ind\u00fastria e rob\u00f3tica<\/strong> \u2192 Financiamento de equipamentos de produ\u00e7\u00e3o<\/p><\/li><li><p><strong>Energias renov\u00e1veis<\/strong> \u2192 Desenvolvimento de projetos solares e e\u00f3licos<\/p><\/li><li><p><strong>Com\u00e9rcio e distribui\u00e7\u00e3o<\/strong> \u2192 Expans\u00e3o de franquias e abertura de novos pontos de venda<\/p><\/li><li><p><strong>Tecnologias m\u00e9dicas e biotecnologias<\/strong> \u2192 Desenvolvimento e marketing<\/p><\/li><\/ul>\t\t\t\t\t\t\t\t<\/div>\n\t\t\t\t<\/div>\n\t\t\t\t\t<\/div>\n\t\t\t\t<\/div>\n\t\t<div class=\"elementor-element elementor-element-50e1b17 e-flex e-con-boxed elementor-invisible e-con e-parent\" data-id=\"50e1b17\" data-element_type=\"container\" data-settings=\"{&quot;background_background&quot;:&quot;classic&quot;,&quot;animation&quot;:&quot;fadeInUp&quot;}\">\n\t\t\t\t\t<div class=\"e-con-inner\">\n\t\t\t\t<div class=\"elementor-element elementor-element-f70ddd2 elementor-widget elementor-widget-text-editor\" data-id=\"f70ddd2\" data-element_type=\"widget\" data-widget_type=\"text-editor.default\">\n\t\t\t\t<div class=\"elementor-widget-container\">\n\t\t\t\t\t\t\t\t\t<h3 data-pm-slice=\"1 1 []\"><strong>Benef\u00edcios e Condi\u00e7\u00f5es<\/strong><\/h3><p>\u2705 Equil\u00edbrio entre flexibilidade e rentabilidade<br \/>\u2705 Ideal para projetos que exigem estrutura\u00e7\u00e3o financeira<br \/>\u26a0\ufe0f Compromisso plurianual<br \/>\u26a0\ufe0f Impacto dos ciclos econ\u00f4micos na lucratividade<\/p>\t\t\t\t\t\t\t\t<\/div>\n\t\t\t\t<\/div>\n\t\t\t\t\t<\/div>\n\t\t\t\t<\/div>\n\t\t<div class=\"elementor-element elementor-element-48f7cb6 e-flex e-con-boxed elementor-invisible e-con e-parent\" data-id=\"48f7cb6\" data-element_type=\"container\" data-settings=\"{&quot;background_background&quot;:&quot;classic&quot;,&quot;animation&quot;:&quot;fadeInUp&quot;}\">\n\t\t\t\t\t<div class=\"e-con-inner\">\n\t\t\t\t<div class=\"elementor-element elementor-element-aa60bdd elementor-widget elementor-widget-text-editor\" data-id=\"aa60bdd\" data-element_type=\"widget\" data-widget_type=\"text-editor.default\">\n\t\t\t\t<div class=\"elementor-widget-container\">\n\t\t\t\t\t\t\t\t\t<h2 data-pm-slice=\"1 3 []\">3\ufe0f\u20e3 Financiamento de longo prazo (8+ anos)<\/h2><h3><strong>Objetivo: sustentabilidade e seguran\u00e7a do capital<\/strong><\/h3><p>O financiamento de longo prazo destina-se a projetos que exijam um <strong>vis\u00e3o de longo prazo e crescimento progressivo<\/strong>. Eles permitem que as empresas invistam em ativos estrat\u00e9gicos e garantam seu desenvolvimento sustent\u00e1vel.<\/p><h3><strong>Oportunidades de financiamento:<\/strong><\/h3><ul data-spread=\"false\"><li><p><strong>Patrim\u00f4nio imobili\u00e1rio<\/strong> \u2192 Financiamento imobili\u00e1rio para gera\u00e7\u00e3o de renda passiva<\/p><\/li><li><p><strong>Pesquisa em sa\u00fade e farmac\u00eautica<\/strong> \u2192 Apoio a laborat\u00f3rios e inova\u00e7\u00f5es m\u00e9dicas<\/p><\/li><li><p><strong>Infraestrutura e transportes<\/strong> \u2192 Desenvolvimento de projetos de grande porte<\/p><\/li><li><p><strong>Agroalimentar e agricultura sustent\u00e1vel<\/strong> \u2192 Financiamento de projetos eco-respons\u00e1veis<\/p><\/li><li><p><strong>Ind\u00fastria de luxo e moda<\/strong> \u2192 Expans\u00e3o da marca e aquisi\u00e7\u00e3o de ativos valiosos<\/p><\/li><\/ul>\t\t\t\t\t\t\t\t<\/div>\n\t\t\t\t<\/div>\n\t\t\t\t\t<\/div>\n\t\t\t\t<\/div>\n\t\t<div class=\"elementor-element elementor-element-464dc59 e-flex e-con-boxed elementor-invisible e-con e-parent\" data-id=\"464dc59\" data-element_type=\"container\" data-settings=\"{&quot;background_background&quot;:&quot;classic&quot;,&quot;animation&quot;:&quot;fadeInUp&quot;}\">\n\t\t\t\t\t<div class=\"e-con-inner\">\n\t\t\t\t<div class=\"elementor-element elementor-element-9d256bf elementor-widget elementor-widget-text-editor\" data-id=\"9d256bf\" data-element_type=\"widget\" data-widget_type=\"text-editor.default\">\n\t\t\t\t<div class=\"elementor-widget-container\">\n\t\t\t\t\t\t\t\t\t<h3 data-pm-slice=\"1 1 []\"><strong>Benef\u00edcios e Condi\u00e7\u00f5es<\/strong><\/h3><p>\u2705 Rentabilidade est\u00e1vel e segura<br \/>\u2705 Alavancagem de longo prazo<br \/>\u26a0\ufe0f Menor liquidez<br \/>\u26a0\ufe0f Requer uma vis\u00e3o estrat\u00e9gica<\/p>\t\t\t\t\t\t\t\t<\/div>\n\t\t\t\t<\/div>\n\t\t\t\t\t<\/div>\n\t\t\t\t<\/div>\n\t\t<div class=\"elementor-element elementor-element-4ad98ca e-flex e-con-boxed elementor-invisible e-con e-parent\" data-id=\"4ad98ca\" data-element_type=\"container\" data-settings=\"{&quot;background_background&quot;:&quot;classic&quot;,&quot;animation&quot;:&quot;fadeInUp&quot;}\">\n\t\t\t\t\t<div class=\"e-con-inner\">\n\t\t\t\t<div class=\"elementor-element elementor-element-290572ad elementor-widget elementor-widget-text-editor\" data-id=\"290572ad\" data-element_type=\"widget\" data-widget_type=\"text-editor.default\">\n\t\t\t\t<div class=\"elementor-widget-container\">\n\t\t\t\t\t\t\t\t\t<h2 data-pm-slice=\"1 1 []\"><span style=\"color: #ffffff;\">\ud83d\udce2 <strong>Por que financiar conosco?<\/strong><\/span><\/h2><p><span style=\"color: #ffffff;\">Nossa experi\u00eancia em financiamento nos permite selecionar o <strong>melhores oportunidades adaptadas a cada necessidade<\/strong>. Se voc\u00ea est\u00e1 procurando por um <strong>financiamento r\u00e1pido de curto prazo<\/strong>, um <strong>estrat\u00e9gia de crescimento equilibrado<\/strong> ou um <strong>desenvolvimento patrimonial<\/strong>, n\u00f3s apoiamos voc\u00ea em cada passo do caminho.<\/span><\/p>\t\t\t\t\t\t\t\t<\/div>\n\t\t\t\t<\/div>\n\t\t\t\t\t<\/div>\n\t\t\t\t<\/div>\n\t\t<div class=\"elementor-element elementor-element-2f27a698 e-flex e-con-boxed elementor-invisible e-con e-parent\" data-id=\"2f27a698\" data-element_type=\"container\" data-settings=\"{&quot;background_background&quot;:&quot;classic&quot;,&quot;animation&quot;:&quot;fadeInUp&quot;}\">\n\t\t\t\t\t<div class=\"e-con-inner\">\n\t\t\t\t<div class=\"elementor-element elementor-element-177f6ed6 elementor-widget elementor-widget-text-editor\" data-id=\"177f6ed6\" data-element_type=\"widget\" data-widget_type=\"text-editor.default\">\n\t\t\t\t<div class=\"elementor-widget-container\">\n\t\t\t\t\t\t\t\t\t<h3 data-pm-slice=\"1 1 []\"><strong>Nossas vantagens:<\/strong><\/h3><p>\u2705 <strong>Sele\u00e7\u00e3o rigorosa dos projetos financiados<\/strong><br \/>\u2705 <strong>Taxas de financiamento competitivas e flex\u00edveis<\/strong><br \/>\u2705 <strong>Apoio estrat\u00e9gico e aconselhamento personalizado<\/strong><br \/>\u2705 <strong>Solu\u00e7\u00f5es adaptadas a empresas e empreendedores<\/strong><\/p>\t\t\t\t\t\t\t\t<\/div>\n\t\t\t\t<\/div>\n\t\t\t\t\t<\/div>\n\t\t\t\t<\/div>\n\t\t<div class=\"elementor-element elementor-element-bed8224 e-flex e-con-boxed elementor-invisible e-con e-parent\" data-id=\"bed8224\" data-element_type=\"container\" data-settings=\"{&quot;background_background&quot;:&quot;classic&quot;,&quot;animation&quot;:&quot;fadeInUp&quot;}\">\n\t\t\t\t\t<div class=\"e-con-inner\">\n\t\t\t\t<div class=\"elementor-element elementor-element-90e238b elementor-widget elementor-widget-menu-anchor\" data-id=\"90e238b\" data-element_type=\"widget\" data-widget_type=\"menu-anchor.default\">\n\t\t\t\t<div class=\"elementor-widget-container\">\n\t\t\t\t\t\t\t<div class=\"elementor-menu-anchor\" id=\"simulateur\"><\/div>\n\t\t\t\t\t\t<\/div>\n\t\t\t\t<\/div>\n\t\t\t\t<div class=\"elementor-element elementor-element-b0c3bb4 elementor-widget elementor-widget-html\" data-id=\"b0c3bb4\" data-element_type=\"widget\" data-widget_type=\"html.default\">\n\t\t\t\t<div class=\"elementor-widget-container\">\n\t\t\t\t\t<!DOCTYPE html>\n<html lang=\"fr\">\n<head>\n    <meta charset=\"UTF-8\">\n    <meta name=\"viewport\" content=\"width=device-width, initial-scale=1.0\">\n    <title>Demande de Financement Intelligent<\/title>\n    <style>\n        body {\n            font-family: Arial, sans-serif;\n            background-color: #f4f4f4;\n            color: #333;\n            margin: 0;\n            padding: 0px;\n        }\n        .container {\n            max-width: 900px;\n            margin: auto;\n            background: white;\n            padding: 20px;\n            border-radius: 10px;\n            box-shadow: 0px 0px 0px rgba(0, 0, 0, 0.1);\n        }\n         {\n            text-align: left;\n        }\n        label {\n            font-weight: bold;\n        }\n        input, select, button {\n            width: 100%;\n            padding: 10px;\n            margin: 10px 0;\n            border-radius: 5px;\n            border: 1px solid #ccc;\n        }\n        button {\n            background-color: #6CFF84;\n            color: black;\n            font-weight: bold;\n            cursor: pointer;\n        }\n        button:hover {\n            background-color: #5ACC70;\n        }\n        .result {\n            display: none;\n            background: #000;\n            color: white;\n            padding: 15px;\n            border-radius: 5px;\n            margin-top: 20px;\n            text-align: center;\n        }\n        .apply-button, .contact-button {\n            display: none;\n            margin-top: 15px;\n            padding: 10px;\n            border: none;\n            border-radius: 5px;\n            cursor: pointer;\n            font-weight: bold;\n            width: 100%;\n            text-decoration: none;\n            text-align: center;\n        }\n        .apply-button {\n            background-color: #ffcc00;\n            color: black;\n        }\n        .apply-button:hover {\n            background-color: #e6b800;\n        }\n        .contact-button {\n            background-color: #ff5733;\n            color: white;\n        }\n        .contact-button:hover {\n            background-color: #cc4626;\n        }\n    <\/style>\n<\/head>\n<body>\n    <div class=\"container\">\n        <h2>Verifique minha elegibilidade<\/h2>\n        <form id=\"financementForm\" action=\"\">\n            <label for=\"montant\">Valor solicitado (\u20ac):<\/label>\n            <input type=\"number\" id=\"montant\" placeholder=\"Insira o valor\" required>\n            \n            <label for=\"revenu\">Renda mensal (\u20ac):<\/label>\n            <input type=\"number\" id=\"revenu\" placeholder=\"Insira sua renda mensal\" required>\n            \n            <label for=\"statut\">Situa\u00e7\u00e3o profissional:<\/label>\n            <select id=\"statut\">\n                <option value=\"salarie\">Funcion\u00e1rio<\/option>\n                <option value=\"independant\">Independente<\/option>\n                <option value=\"entreprise\">Neg\u00f3cios<\/option>\n                <option value=\"autre\">Outro<\/option>\n            <\/select>\n            \n            <label for=\"historique\">Hist\u00f3rico de cr\u00e9dito:<\/label>\n            <select id=\"historique\">\n                <option value=\"excellent\">Excelente<\/option>\n                <option value=\"bon\">Bom<\/option>\n                <option value=\"moyen\">M\u00c9DIA<\/option>\n                <option value=\"faible\">Fraco<\/option>\n            <\/select>\n            \n            <button type=\"button\" onclick=\"analyserEligibilite()\">Verifique minha elegibilidade<\/button>\n        <input type=\"hidden\" name=\"trp-form-language\" value=\"pt\"\/><\/form>\n        \n        <div class=\"result\" id=\"resultat\">\n            <h3>Resultado da an\u00e1lise<\/h3>\n            <p id=\"message\"><\/p>\n            <a id=\"applyButton\" class=\"apply-button\" href=\"https:\/\/flexifinanz.com\/pt\/demander-un-financement\/\">Solicitar financiamento<\/a>\n            <a id=\"contactButton\" class=\"contact-button\" href=\"https:\/\/flexifinanz.com\/index.php\/contactez-nous\/\">Contate-nos<\/a>\n        <\/div>\n    <\/div>\n\n    <script>\n        function analyserEligibilite() {\n            let montant = parseFloat(document.getElementById(\"montant\").value);\n            let revenu = parseFloat(document.getElementById(\"revenu\").value);\n            let statut = document.getElementById(\"statut\").value;\n            let historique = document.getElementById(\"historique\").value;\n            let message = \"\";\n            let applyButton = document.getElementById(\"applyButton\");\n            let contactButton = document.getElementById(\"contactButton\");\n\n            if (isNaN(montant) || isNaN(revenu) || montant <= 0 || revenu <= 0) {\n                alert(\"Veuillez entrer des valeurs valides.\");\n                return;\n            }\n\n            let tauxEndettement = (montant \/ (revenu * 12)) * 100;\n            \n            if (tauxEndettement < 50 || (historique !== \"faible\" && tauxEndettement < 60)) {\n                message = \"\u2705 F\u00e9licitations ! Vous \u00eates \u00e9ligible \u00e0 un financement flexible avec des conditions avantageuses.\";\n                applyButton.style.display = \"block\";\n                contactButton.style.display = \"none\";\n            } else if (tauxEndettement < 70 || historique === \"moyen\") {\n                message = \"\u26a0\ufe0f Vous \u00eates \u00e9ligible avec des conditions ajust\u00e9es. Une analyse compl\u00e9mentaire pourrait \u00eatre n\u00e9cessaire.\";\n                applyButton.style.display = \"block\";\n                contactButton.style.display = \"none\";\n            } else {\n                message = \"\u274c Votre demande de financement n\u00e9cessite des garanties suppl\u00e9mentaires, mais nous pouvons vous proposer une alternative adapt\u00e9e.\";\n                applyButton.style.display = \"none\";\n                contactButton.style.display = \"block\";\n            }\n            \n            document.getElementById(\"message\").innerText = message;\n            document.getElementById(\"resultat\").style.display = \"block\";\n        }\n    <\/script>\n<\/body>\n<\/html>\n\t\t\t\t<\/div>\n\t\t\t\t<\/div>\n\t\t\t\t\t<\/div>\n\t\t\t\t<\/div>\n\t\t<div class=\"elementor-element elementor-element-28b656e9 e-flex e-con-boxed elementor-invisible e-con e-parent\" data-id=\"28b656e9\" data-element_type=\"container\" data-settings=\"{&quot;background_background&quot;:&quot;classic&quot;,&quot;animation&quot;:&quot;fadeInUp&quot;}\">\n\t\t\t\t\t<div class=\"e-con-inner\">\n\t\t\t\t<div class=\"elementor-element elementor-element-1728b3da elementor-widget elementor-widget-heading\" data-id=\"1728b3da\" data-element_type=\"widget\" data-widget_type=\"heading.default\">\n\t\t\t\t<div class=\"elementor-widget-container\">\n\t\t\t\t\t<h2 class=\"elementor-heading-title elementor-size-default\">Obtenha seu financiamento hoje mesmo!<\/h2>\t\t\t\t<\/div>\n\t\t\t\t<\/div>\n\t\t\t\t<div class=\"elementor-element elementor-element-6c90e749 elementor-widget elementor-widget-text-editor\" data-id=\"6c90e749\" data-element_type=\"widget\" data-widget_type=\"text-editor.default\">\n\t\t\t\t<div class=\"elementor-widget-container\">\n\t\t\t\t\t\t\t\t\t<p data-pm-slice=\"1 1 []\">Garanta seu financiamento e desenvolva seus projetos com nossas solu\u00e7\u00f5es adaptadas a cada horizonte de tempo.<\/p>\t\t\t\t\t\t\t\t<\/div>\n\t\t\t\t<\/div>\n\t\t\t\t<div class=\"elementor-element elementor-element-6d50452a elementor-align-center elementor-widget elementor-widget-button\" data-id=\"6d50452a\" data-element_type=\"widget\" data-widget_type=\"button.default\">\n\t\t\t\t<div class=\"elementor-widget-container\">\n\t\t\t\t\t\t\t\t\t<div class=\"elementor-button-wrapper\">\n\t\t\t\t\t<a class=\"elementor-button elementor-button-link elementor-size-sm\" href=\"https:\/\/flexifinanz.com\/pt\/nos-domaines-dapplications\/\">\n\t\t\t\t\t\t<span class=\"elementor-button-content-wrapper\">\n\t\t\t\t\t\t<span class=\"elementor-button-icon\">\n\t\t\t\t<svg aria-hidden=\"true\" class=\"e-font-icon-svg e-fas-arrow-right\" viewbox=\"0 0 448 512\" xmlns=\"http:\/\/www.w3.org\/2000\/svg\"><path d=\"M190.5 66.9l22.2-22.2c9.4-9.4 24.6-9.4 33.9 0L441 239c9.4 9.4 9.4 24.6 0 33.9L246.6 467.3c-9.4 9.4-24.6 9.4-33.9 0l-22.2-22.2c-9.5-9.5-9.3-25 .4-34.3L311.4 296H24c-13.3 0-24-10.7-24-24v-32c0-13.3 10.7-24 24-24h287.4L190.9 101.2c-9.8-9.3-10-24.8-.4-34.3z\"><\/path><\/svg>\t\t\t<\/span>\n\t\t\t\t\t\t\t\t\t<span class=\"elementor-button-text\">Veja nossas \u00e1reas <\/span>\n\t\t\t\t\t<\/span>\n\t\t\t\t\t<\/a>\n\t\t\t\t<\/div>\n\t\t\t\t\t\t\t\t<\/div>\n\t\t\t\t<\/div>\n\t\t\t\t\t<\/div>\n\t\t\t\t<\/div>\n\t\t\t\t<\/div>","protected":false},"excerpt":{"rendered":"<p>Pourquoi choisir un financement en fonction de la dur\u00e9e ? Le choix de la dur\u00e9e d\u2019un financement est une d\u00e9cision strat\u00e9gique essentielle. [&hellip;]<\/p>","protected":false},"author":1,"featured_media":339,"parent":0,"menu_order":0,"comment_status":"closed","ping_status":"closed","template":"","meta":{"om_disable_all_campaigns":false,"_monsterinsights_skip_tracking":false,"_monsterinsights_sitenote_active":false,"_monsterinsights_sitenote_note":"","_monsterinsights_sitenote_category":0,"footnotes":""},"class_list":["post-192","page","type-page","status-publish","has-post-thumbnail","hentry"],"aioseo_notices":[],"_links":{"self":[{"href":"https:\/\/flexifinanz.com\/pt\/wp-json\/wp\/v2\/pages\/192","targetHints":{"allow":["GET"]}}],"collection":[{"href":"https:\/\/flexifinanz.com\/pt\/wp-json\/wp\/v2\/pages"}],"about":[{"href":"https:\/\/flexifinanz.com\/pt\/wp-json\/wp\/v2\/types\/page"}],"author":[{"embeddable":true,"href":"https:\/\/flexifinanz.com\/pt\/wp-json\/wp\/v2\/users\/1"}],"replies":[{"embeddable":true,"href":"https:\/\/flexifinanz.com\/pt\/wp-json\/wp\/v2\/comments?post=192"}],"version-history":[{"count":0,"href":"https:\/\/flexifinanz.com\/pt\/wp-json\/wp\/v2\/pages\/192\/revisions"}],"wp:featuredmedia":[{"embeddable":true,"href":"https:\/\/flexifinanz.com\/pt\/wp-json\/wp\/v2\/media\/339"}],"wp:attachment":[{"href":"https:\/\/flexifinanz.com\/pt\/wp-json\/wp\/v2\/media?parent=192"}],"curies":[{"name":"wp","href":"https:\/\/api.w.org\/{rel}","templated":true}]}}