{"id":186,"date":"2025-02-20T15:39:24","date_gmt":"2025-02-20T14:39:24","guid":{"rendered":"https:\/\/flexifinanz.com\/?page_id=186"},"modified":"2025-02-25T18:44:44","modified_gmt":"2025-02-25T17:44:44","slug":"financas-luxo-e-moda","status":"publish","type":"page","link":"https:\/\/flexifinanz.com\/pt\/financiamento-por-perfil\/financas-luxo-e-moda\/","title":{"rendered":"Financiamento de luxo e moda: um mercado atemporal"},"content":{"rendered":"<div data-elementor-type=\"wp-page\" data-elementor-id=\"186\" class=\"elementor elementor-186\" data-elementor-settings=\"{&quot;element_pack_global_tooltip_width&quot;:{&quot;unit&quot;:&quot;px&quot;,&quot;size&quot;:&quot;&quot;,&quot;sizes&quot;:[]},&quot;element_pack_global_tooltip_width_tablet&quot;:{&quot;unit&quot;:&quot;px&quot;,&quot;size&quot;:&quot;&quot;,&quot;sizes&quot;:[]},&quot;element_pack_global_tooltip_width_mobile&quot;:{&quot;unit&quot;:&quot;px&quot;,&quot;size&quot;:&quot;&quot;,&quot;sizes&quot;:[]},&quot;element_pack_global_tooltip_padding&quot;:{&quot;unit&quot;:&quot;px&quot;,&quot;top&quot;:&quot;&quot;,&quot;right&quot;:&quot;&quot;,&quot;bottom&quot;:&quot;&quot;,&quot;left&quot;:&quot;&quot;,&quot;isLinked&quot;:true},&quot;element_pack_global_tooltip_padding_tablet&quot;:{&quot;unit&quot;:&quot;px&quot;,&quot;top&quot;:&quot;&quot;,&quot;right&quot;:&quot;&quot;,&quot;bottom&quot;:&quot;&quot;,&quot;left&quot;:&quot;&quot;,&quot;isLinked&quot;:true},&quot;element_pack_global_tooltip_padding_mobile&quot;:{&quot;unit&quot;:&quot;px&quot;,&quot;top&quot;:&quot;&quot;,&quot;right&quot;:&quot;&quot;,&quot;bottom&quot;:&quot;&quot;,&quot;left&quot;:&quot;&quot;,&quot;isLinked&quot;:true},&quot;element_pack_global_tooltip_border_radius&quot;:{&quot;unit&quot;:&quot;px&quot;,&quot;top&quot;:&quot;&quot;,&quot;right&quot;:&quot;&quot;,&quot;bottom&quot;:&quot;&quot;,&quot;left&quot;:&quot;&quot;,&quot;isLinked&quot;:true},&quot;element_pack_global_tooltip_border_radius_tablet&quot;:{&quot;unit&quot;:&quot;px&quot;,&quot;top&quot;:&quot;&quot;,&quot;right&quot;:&quot;&quot;,&quot;bottom&quot;:&quot;&quot;,&quot;left&quot;:&quot;&quot;,&quot;isLinked&quot;:true},&quot;element_pack_global_tooltip_border_radius_mobile&quot;:{&quot;unit&quot;:&quot;px&quot;,&quot;top&quot;:&quot;&quot;,&quot;right&quot;:&quot;&quot;,&quot;bottom&quot;:&quot;&quot;,&quot;left&quot;:&quot;&quot;,&quot;isLinked&quot;:true}}\" data-elementor-post-type=\"page\">\n\t\t\t\t<div class=\"elementor-element elementor-element-3d613cfa e-flex e-con-boxed e-con e-parent\" data-id=\"3d613cfa\" data-element_type=\"container\" data-settings=\"{&quot;background_background&quot;:&quot;classic&quot;}\">\n\t\t\t\t\t<div class=\"e-con-inner\">\n\t\t\t\t<div class=\"elementor-element elementor-element-57c334f7 elementor-widget elementor-widget-text-editor\" data-id=\"57c334f7\" data-element_type=\"widget\" data-widget_type=\"text-editor.default\">\n\t\t\t\t<div class=\"elementor-widget-container\">\n\t\t\t\t\t\t\t\t\t<h2 data-pm-slice=\"1 3 []\">Por que financiar luxo e moda?<\/h2><p>O setor de luxo e moda \u00e9 um dos mais <strong>resiliente e atraente<\/strong>, oferecendo oportunidades \u00fanicas para marcas e designers. Com uma base de clientes fi\u00e9is e em constante expans\u00e3o, empresas de prest\u00edgio continuam gerando lucros s\u00f3lidos mesmo em tempos de incerteza econ\u00f4mica.<\/p><p>A ascens\u00e3o do com\u00e9rcio eletr\u00f4nico, a ascens\u00e3o das marcas de moda sustent\u00e1vel e a mania por produtos personalizados exigem <strong>financiamento adaptado<\/strong> para garantir seu desenvolvimento e fortalecer sua posi\u00e7\u00e3o no mercado.<\/p><h2>Nossas solu\u00e7\u00f5es de financiamento em luxo e moda<\/h2><h3>1. Financiando marcas de moda inovadoras<\/h3><p>Os consumidores procuram marcas que combinem <strong>exclusividade, qualidade e inova\u00e7\u00e3o<\/strong>.<\/p><p><strong>Nossas ofertas de financiamento:<\/strong><\/p><ul data-spread=\"false\"><li><p>Apoio a marcas de moda ecologicamente respons\u00e1veis<\/p><\/li><li><p>Financiando novas tend\u00eancias t\u00eaxteis e tecnol\u00f3gicas<\/p><\/li><li><p>Apoio aos criadores independentes para sua expans\u00e3o<\/p><\/li><\/ul><h3>2. Financiamento de Joias e Relojoaria<\/h3><p>O mercado de joias e rel\u00f3gios de luxo continua sendo um <strong>porto seguro<\/strong>, atraindo colecionadores e investidores do mundo todo.<\/p><p><strong>Nossas ofertas de financiamento:<\/strong><\/p><ul data-spread=\"false\"><li><p>Aquisi\u00e7\u00e3o e desenvolvimento de casas de joalharia e relojoaria<\/p><\/li><li><p>Financiamento de novas cole\u00e7\u00f5es exclusivas<\/p><\/li><li><p>Suporte para plataformas de vendas e distribui\u00e7\u00e3o de rel\u00f3gios de colecionador<\/p><\/li><\/ul><h3>3. Financiamento de Autom\u00f3veis de Luxo e Cole\u00e7\u00e3o<\/h3><p>O mercado de autom\u00f3veis de luxo est\u00e1 crescendo, exigindo capital significativo para atender \u00e0 demanda cada vez maior.<\/p><p><strong>Nossas ofertas de financiamento:<\/strong><\/p><ul data-spread=\"false\"><li><p>Compra e revenda de carros cl\u00e1ssicos<\/p><\/li><li><p>Financiamento de fabricantes de ve\u00edculos de luxo<\/p><\/li><li><p>Desenvolvimento de servi\u00e7os exclusivos relacionados a autom\u00f3veis de alto padr\u00e3o<\/p><\/li><\/ul><h3>4. Financiamento de Experi\u00eancias Exclusivas e Personaliza\u00e7\u00e3o<\/h3><p>Os consumidores ricos est\u00e3o procurando <strong>experi\u00eancias \u00fanicas e ultra-personalizadas<\/strong>, criando assim uma necessidade de financiamento para servi\u00e7os personalizados.<\/p><p><strong>Nossas ofertas de financiamento:<\/strong><\/p><ul data-spread=\"false\"><li><p>Desenvolvimento de servi\u00e7os de concierge de luxo<\/p><\/li><li><p>Financiamento de experi\u00eancias de viagem personalizadas<\/p><\/li><li><p>Suporte para clubes privados e eventos VIP<\/p><\/li><\/ul>\t\t\t\t\t\t\t\t<\/div>\n\t\t\t\t<\/div>\n\t\t\t\t\t<\/div>\n\t\t\t\t<\/div>\n\t\t<div class=\"elementor-element elementor-element-5e038546 e-flex e-con-boxed elementor-invisible e-con e-parent\" data-id=\"5e038546\" data-element_type=\"container\" data-settings=\"{&quot;background_background&quot;:&quot;classic&quot;,&quot;animation&quot;:&quot;fadeInUp&quot;}\">\n\t\t\t\t\t<div class=\"e-con-inner\">\n\t\t\t\t<div class=\"elementor-element elementor-element-e284491 elementor-widget elementor-widget-text-editor\" data-id=\"e284491\" data-element_type=\"widget\" data-widget_type=\"text-editor.default\">\n\t\t\t\t<div class=\"elementor-widget-container\">\n\t\t\t\t\t\t\t\t\t<h2 data-pm-slice=\"1 3 []\">Garantia e financiamento flex\u00edvel<\/h2><p>O luxo \u00e9 um setor com <strong>forte potencial de lucratividade<\/strong>, mas requer financiamento estrat\u00e9gico para garantir a estabilidade dos investimentos e seu crescimento.<\/p><h3><strong>Tipos de financiamento dispon\u00edveis:<\/strong><\/h3><p>\u2705 <strong>Pronto para o desenvolvimento da marca e da cole\u00e7\u00e3o<\/strong> \u2705 <strong>Financiamento de infraestruturas e plataformas de distribui\u00e7\u00e3o<\/strong> \u2705 <strong>Suporte estrat\u00e9gico e networking com parceiros de luxo<\/strong><\/p><h3><strong>Rentabilidade m\u00e9dia dos projetos financiados:<\/strong><\/h3><ul data-spread=\"false\"><li><p><strong>Moda e acess\u00f3rios de luxo:<\/strong> 8-15% ao ano<\/p><\/li><li><p><strong>J\u00f3ias e rel\u00f3gios:<\/strong> 10-20% ao ano<\/p><\/li><li><p><strong>Experi\u00eancias exclusivas:<\/strong> 12-25% ao ano<\/p><\/li><\/ul>\t\t\t\t\t\t\t\t<\/div>\n\t\t\t\t<\/div>\n\t\t\t\t\t<\/div>\n\t\t\t\t<\/div>\n\t\t<div class=\"elementor-element elementor-element-1cacf9be e-flex e-con-boxed elementor-invisible e-con e-parent\" data-id=\"1cacf9be\" data-element_type=\"container\" data-settings=\"{&quot;background_background&quot;:&quot;classic&quot;,&quot;animation&quot;:&quot;fadeInUp&quot;}\">\n\t\t\t\t\t<div class=\"e-con-inner\">\n\t\t\t\t<div class=\"elementor-element elementor-element-3cb58d67 elementor-widget elementor-widget-text-editor\" data-id=\"3cb58d67\" data-element_type=\"widget\" data-widget_type=\"text-editor.default\">\n\t\t\t\t<div class=\"elementor-widget-container\">\n\t\t\t\t\t\t\t\t\t<h2 data-pm-slice=\"1 3 []\"><span style=\"color: #ffffff;\">Quem pode se beneficiar do nosso financiamento?<\/span><\/h2><h3><span style=\"color: #ffffff;\"><strong>Empresas e criadores<\/strong><\/span><\/h3><ul data-spread=\"false\"><li><p><span style=\"color: #ffffff;\">Financiamento para lan\u00e7amento e expans\u00e3o de marcas de luxo<\/span><\/p><\/li><li><p><span style=\"color: #ffffff;\">Apoio a empresas que desenvolvem produtos de alta qualidade<\/span><\/p><\/li><li><p><span style=\"color: #ffffff;\">Apoio a marcas de luxo que desejam inovar e se tornar digitais<\/span><\/p><\/li><\/ul><h3><span style=\"color: #ffffff;\"><strong>Comerciantes e investidores privados<\/strong><\/span><\/h3><ul data-spread=\"false\"><li><p><span style=\"color: #ffffff;\">Financiamento para aquisi\u00e7\u00e3o e desenvolvimento de franquias de luxo<\/span><\/p><\/li><li><p><span style=\"color: #ffffff;\">Suporte para solu\u00e7\u00f5es de distribui\u00e7\u00e3o e plataformas especializadas de e-commerce<\/span><\/p><\/li><li><p><span style=\"color: #ffffff;\">Apoio no investimento em ativos de luxo (rel\u00f3gios, autom\u00f3veis, joias)<\/span><\/p><\/li><\/ul>\t\t\t\t\t\t\t\t<\/div>\n\t\t\t\t<\/div>\n\t\t\t\t\t<\/div>\n\t\t\t\t<\/div>\n\t\t<div class=\"elementor-element elementor-element-22ffa73f e-flex e-con-boxed elementor-invisible e-con e-parent\" data-id=\"22ffa73f\" data-element_type=\"container\" data-settings=\"{&quot;background_background&quot;:&quot;classic&quot;,&quot;animation&quot;:&quot;fadeInUp&quot;}\">\n\t\t\t\t\t<div class=\"e-con-inner\">\n\t\t\t\t<div class=\"elementor-element elementor-element-12217602 elementor-widget elementor-widget-text-editor\" data-id=\"12217602\" data-element_type=\"widget\" data-widget_type=\"text-editor.default\">\n\t\t\t\t<div class=\"elementor-widget-container\">\n\t\t\t\t\t\t\t\t\t<h2 data-pm-slice=\"1 1 []\">Por que financiar seu projeto conosco?<\/h2><p>N\u00f3s identificamos e financiamos o <strong>melhores oportunidades<\/strong> no setor de luxo e moda, oferecendo uma <strong>apoio estrat\u00e9gico e financeiro personalizado<\/strong>.<\/p><h3><strong>Nossas vantagens:<\/strong><\/h3><p>\u2705 <strong>Acesso a financiamento vantajoso e flex\u00edvel<\/strong> \u2705 <strong>Tarifas competitivas adaptadas a marcas e casas de luxo<\/strong> \u2705 <strong>Suporte personalizado para maximizar o impacto<\/strong> \u2705 <strong>Sele\u00e7\u00e3o rigorosa dos projetos financiados<\/strong><\/p>\t\t\t\t\t\t\t\t<\/div>\n\t\t\t\t<\/div>\n\t\t\t\t\t<\/div>\n\t\t\t\t<\/div>\n\t\t<div class=\"elementor-element elementor-element-6da7fdbd e-flex e-con-boxed elementor-invisible e-con e-parent\" data-id=\"6da7fdbd\" data-element_type=\"container\" data-settings=\"{&quot;background_background&quot;:&quot;classic&quot;,&quot;animation&quot;:&quot;fadeInUp&quot;}\">\n\t\t\t\t\t<div class=\"e-con-inner\">\n\t\t\t\t<div class=\"elementor-element elementor-element-2aff5ede elementor-widget elementor-widget-heading\" data-id=\"2aff5ede\" data-element_type=\"widget\" data-widget_type=\"heading.default\">\n\t\t\t\t<div class=\"elementor-widget-container\">\n\t\t\t\t\t<h2 class=\"elementor-heading-title elementor-size-default\">Obtenha seu financiamento hoje mesmo!<\/h2>\t\t\t\t<\/div>\n\t\t\t\t<\/div>\n\t\t\t\t<div class=\"elementor-element elementor-element-54f663d elementor-widget elementor-widget-text-editor\" data-id=\"54f663d\" data-element_type=\"widget\" data-widget_type=\"text-editor.default\">\n\t\t\t\t<div class=\"elementor-widget-container\">\n\t\t\t\t\t\t\t\t\t<p data-pm-slice=\"1 1 []\">Tenha seu projeto de luxo e moda financiado com condi\u00e7\u00f5es \u00f3timas e suporte personalizado.<\/p>\t\t\t\t\t\t\t\t<\/div>\n\t\t\t\t<\/div>\n\t\t\t\t<div class=\"elementor-element elementor-element-4152b2de elementor-align-center elementor-widget elementor-widget-button\" data-id=\"4152b2de\" data-element_type=\"widget\" data-widget_type=\"button.default\">\n\t\t\t\t<div class=\"elementor-widget-container\">\n\t\t\t\t\t\t\t\t\t<div class=\"elementor-button-wrapper\">\n\t\t\t\t\t<a class=\"elementor-button elementor-button-link elementor-size-sm\" href=\"https:\/\/flexifinanz.com\/pt\/demander-un-financement\/\">\n\t\t\t\t\t\t<span class=\"elementor-button-content-wrapper\">\n\t\t\t\t\t\t<span class=\"elementor-button-icon\">\n\t\t\t\t<svg aria-hidden=\"true\" class=\"e-font-icon-svg e-fas-arrow-right\" viewbox=\"0 0 448 512\" xmlns=\"http:\/\/www.w3.org\/2000\/svg\"><path d=\"M190.5 66.9l22.2-22.2c9.4-9.4 24.6-9.4 33.9 0L441 239c9.4 9.4 9.4 24.6 0 33.9L246.6 467.3c-9.4 9.4-24.6 9.4-33.9 0l-22.2-22.2c-9.5-9.5-9.3-25 .4-34.3L311.4 296H24c-13.3 0-24-10.7-24-24v-32c0-13.3 10.7-24 24-24h287.4L190.9 101.2c-9.8-9.3-10-24.8-.4-34.3z\"><\/path><\/svg>\t\t\t<\/span>\n\t\t\t\t\t\t\t\t\t<span class=\"elementor-button-text\">Solicitar financiamento<\/span>\n\t\t\t\t\t<\/span>\n\t\t\t\t\t<\/a>\n\t\t\t\t<\/div>\n\t\t\t\t\t\t\t\t<\/div>\n\t\t\t\t<\/div>\n\t\t\t\t\t<\/div>\n\t\t\t\t<\/div>\n\t\t\t\t<\/div>","protected":false},"excerpt":{"rendered":"<p>Pourquoi financer le luxe et la mode ? Le secteur du luxe et de la mode est l\u2019un des plus r\u00e9silients et [&hellip;]<\/p>","protected":false},"author":1,"featured_media":336,"parent":207,"menu_order":0,"comment_status":"closed","ping_status":"closed","template":"","meta":{"om_disable_all_campaigns":false,"_monsterinsights_skip_tracking":false,"_monsterinsights_sitenote_active":false,"_monsterinsights_sitenote_note":"","_monsterinsights_sitenote_category":0,"footnotes":""},"class_list":["post-186","page","type-page","status-publish","has-post-thumbnail","hentry"],"aioseo_notices":[],"_links":{"self":[{"href":"https:\/\/flexifinanz.com\/pt\/wp-json\/wp\/v2\/pages\/186","targetHints":{"allow":["GET"]}}],"collection":[{"href":"https:\/\/flexifinanz.com\/pt\/wp-json\/wp\/v2\/pages"}],"about":[{"href":"https:\/\/flexifinanz.com\/pt\/wp-json\/wp\/v2\/types\/page"}],"author":[{"embeddable":true,"href":"https:\/\/flexifinanz.com\/pt\/wp-json\/wp\/v2\/users\/1"}],"replies":[{"embeddable":true,"href":"https:\/\/flexifinanz.com\/pt\/wp-json\/wp\/v2\/comments?post=186"}],"version-history":[{"count":0,"href":"https:\/\/flexifinanz.com\/pt\/wp-json\/wp\/v2\/pages\/186\/revisions"}],"up":[{"embeddable":true,"href":"https:\/\/flexifinanz.com\/pt\/wp-json\/wp\/v2\/pages\/207"}],"wp:featuredmedia":[{"embeddable":true,"href":"https:\/\/flexifinanz.com\/pt\/wp-json\/wp\/v2\/media\/336"}],"wp:attachment":[{"href":"https:\/\/flexifinanz.com\/pt\/wp-json\/wp\/v2\/media?parent=186"}],"curies":[{"name":"wp","href":"https:\/\/api.w.org\/{rel}","templated":true}]}}