{"id":180,"date":"2025-02-20T15:30:44","date_gmt":"2025-02-20T14:30:44","guid":{"rendered":"https:\/\/flexifinanz.com\/?page_id=180"},"modified":"2025-02-25T18:45:01","modified_gmt":"2025-02-25T17:45:01","slug":"financas-pmes-e-startups","status":"publish","type":"page","link":"https:\/\/flexifinanz.com\/pt\/financiamento-por-perfil\/financas-pmes-e-startups\/","title":{"rendered":"Financiamento de PMEs e Startups: Capitalizando a Inova\u00e7\u00e3o"},"content":{"rendered":"<div data-elementor-type=\"wp-page\" data-elementor-id=\"180\" class=\"elementor elementor-180\" data-elementor-settings=\"{&quot;element_pack_global_tooltip_width&quot;:{&quot;unit&quot;:&quot;px&quot;,&quot;size&quot;:&quot;&quot;,&quot;sizes&quot;:[]},&quot;element_pack_global_tooltip_width_tablet&quot;:{&quot;unit&quot;:&quot;px&quot;,&quot;size&quot;:&quot;&quot;,&quot;sizes&quot;:[]},&quot;element_pack_global_tooltip_width_mobile&quot;:{&quot;unit&quot;:&quot;px&quot;,&quot;size&quot;:&quot;&quot;,&quot;sizes&quot;:[]},&quot;element_pack_global_tooltip_padding&quot;:{&quot;unit&quot;:&quot;px&quot;,&quot;top&quot;:&quot;&quot;,&quot;right&quot;:&quot;&quot;,&quot;bottom&quot;:&quot;&quot;,&quot;left&quot;:&quot;&quot;,&quot;isLinked&quot;:true},&quot;element_pack_global_tooltip_padding_tablet&quot;:{&quot;unit&quot;:&quot;px&quot;,&quot;top&quot;:&quot;&quot;,&quot;right&quot;:&quot;&quot;,&quot;bottom&quot;:&quot;&quot;,&quot;left&quot;:&quot;&quot;,&quot;isLinked&quot;:true},&quot;element_pack_global_tooltip_padding_mobile&quot;:{&quot;unit&quot;:&quot;px&quot;,&quot;top&quot;:&quot;&quot;,&quot;right&quot;:&quot;&quot;,&quot;bottom&quot;:&quot;&quot;,&quot;left&quot;:&quot;&quot;,&quot;isLinked&quot;:true},&quot;element_pack_global_tooltip_border_radius&quot;:{&quot;unit&quot;:&quot;px&quot;,&quot;top&quot;:&quot;&quot;,&quot;right&quot;:&quot;&quot;,&quot;bottom&quot;:&quot;&quot;,&quot;left&quot;:&quot;&quot;,&quot;isLinked&quot;:true},&quot;element_pack_global_tooltip_border_radius_tablet&quot;:{&quot;unit&quot;:&quot;px&quot;,&quot;top&quot;:&quot;&quot;,&quot;right&quot;:&quot;&quot;,&quot;bottom&quot;:&quot;&quot;,&quot;left&quot;:&quot;&quot;,&quot;isLinked&quot;:true},&quot;element_pack_global_tooltip_border_radius_mobile&quot;:{&quot;unit&quot;:&quot;px&quot;,&quot;top&quot;:&quot;&quot;,&quot;right&quot;:&quot;&quot;,&quot;bottom&quot;:&quot;&quot;,&quot;left&quot;:&quot;&quot;,&quot;isLinked&quot;:true}}\" data-elementor-post-type=\"page\">\n\t\t\t\t<div class=\"elementor-element elementor-element-315a902a e-flex e-con-boxed e-con e-parent\" data-id=\"315a902a\" data-element_type=\"container\" data-settings=\"{&quot;background_background&quot;:&quot;classic&quot;}\">\n\t\t\t\t\t<div class=\"e-con-inner\">\n\t\t\t\t<div class=\"elementor-element elementor-element-c4af270 elementor-widget elementor-widget-text-editor\" data-id=\"c4af270\" data-element_type=\"widget\" data-widget_type=\"text-editor.default\">\n\t\t\t\t<div class=\"elementor-widget-container\">\n\t\t\t\t\t\t\t\t\t<h2 data-pm-slice=\"1 3 []\">Por que financiar PMEs e Startups?<\/h2><p>O financiamento de PME e startups representa uma oportunidade \u00fanica para<strong>apoiar a inova\u00e7\u00e3o<\/strong> e apoiar empresas de r\u00e1pido crescimento. Essas estruturas est\u00e3o transformando setores tradicionais ao desenvolver solu\u00e7\u00f5es disruptivas adaptadas \u00e0s necessidades do mercado.<\/p><p>As PMEs tamb\u00e9m constituem a espinha dorsal da economia global, gerando emprego e riqueza. Ao financiar estas empresas, permitimos que elas tenham acesso <strong>recursos necess\u00e1rios para desenvolver<\/strong>, digitalizar e fortalecer sua competitividade.<\/p><h2>Nossas solu\u00e7\u00f5es de financiamento para PMEs e Startups<\/h2><h3>1. Financiamento de Jovens Empresas<\/h3><p>Startups e empresas jovens est\u00e3o buscando financiamento para acelerar seu crescimento e implementar suas inova\u00e7\u00f5es.<\/p><p><strong>Nossas ofertas de financiamento:<\/strong><\/p><ul data-spread=\"false\"><li><p>Empr\u00e9stimos semente para startups inovadoras<\/p><\/li><li><p>Apoio e estrutura\u00e7\u00e3o de capta\u00e7\u00e3o de recursos<\/p><\/li><li><p>Financiamento de incubadoras e aceleradoras de startups<\/p><\/li><\/ul><h3>2. Financiamento de Capital de Risco<\/h3><p>O capital de risco ajuda a apoiar empresas de r\u00e1pido crescimento com alto potencial de lucratividade.<\/p><p><strong>Nossas ofertas de financiamento:<\/strong><\/p><ul data-spread=\"false\"><li><p>Apoio a startups tecnol\u00f3gicas e digitais<\/p><\/li><li><p>Participa\u00e7\u00e3o em fundos de capital de risco<\/p><\/li><li><p>Apoio a scale-ups na fase de expans\u00e3o<\/p><\/li><\/ul><h3>3. Crowdfunding para empreendedores<\/h3><p>O crowdfunding \u00e9 uma alternativa ao financiamento banc\u00e1rio, permitindo que empreendedores obtenham recursos por meio da contribui\u00e7\u00e3o de investidores.<\/p><p><strong>Nossas ofertas de financiamento:<\/strong><\/p><ul data-spread=\"false\"><li><p>Desenvolvimento de plataformas de crowdfunding<\/p><\/li><li><p>Financiamento coletivo de projetos de alto impacto<\/p><\/li><li><p>Apoio aos empreendedores na estrutura\u00e7\u00e3o das suas campanhas<\/p><\/li><\/ul><h3>4. Financiar a Transforma\u00e7\u00e3o Digital das PME<\/h3><p>A digitaliza\u00e7\u00e3o \u00e9 uma alavanca essencial para a competitividade das PMEs, exigindo investimentos em solu\u00e7\u00f5es modernas.<\/p><p><strong>Nossas ofertas de financiamento:<\/strong><\/p><ul data-spread=\"false\"><li><p>Financiamento de solu\u00e7\u00f5es SaaS para PMEs (gest\u00e3o, contabilidade, RH)<\/p><\/li><li><p>Apoio a projetos de automa\u00e7\u00e3o e intelig\u00eancia artificial<\/p><\/li><li><p>Apoio no desenvolvimento de plataformas de e-commerce e marketing digital<\/p><\/li><\/ul><h3>5. Financiamento de Franquias e Neg\u00f3cios Locais<\/h3><p>Franquias e empresas locais se beneficiam de modelos econ\u00f4micos comprovados, garantindo lucratividade est\u00e1vel e segura.<\/p><p><strong>Nossas ofertas de financiamento:<\/strong><\/p><ul data-spread=\"false\"><li><p>Aquisi\u00e7\u00e3o e expans\u00e3o de franquias em setores de crescimento<\/p><\/li><li><p>Financiar o desenvolvimento de empresas locais<\/p><\/li><li><p>Apoio a novos conceitos de varejo e distribui\u00e7\u00e3o<\/p><\/li><\/ul>\t\t\t\t\t\t\t\t<\/div>\n\t\t\t\t<\/div>\n\t\t\t\t\t<\/div>\n\t\t\t\t<\/div>\n\t\t<div class=\"elementor-element elementor-element-5e0f7377 e-flex e-con-boxed elementor-invisible e-con e-parent\" data-id=\"5e0f7377\" data-element_type=\"container\" data-settings=\"{&quot;background_background&quot;:&quot;classic&quot;,&quot;animation&quot;:&quot;fadeInUp&quot;}\">\n\t\t\t\t\t<div class=\"e-con-inner\">\n\t\t\t\t<div class=\"elementor-element elementor-element-34af81b9 elementor-widget elementor-widget-text-editor\" data-id=\"34af81b9\" data-element_type=\"widget\" data-widget_type=\"text-editor.default\">\n\t\t\t\t<div class=\"elementor-widget-container\">\n\t\t\t\t\t\t\t\t\t<h2 data-pm-slice=\"1 1 []\">Garantia e financiamento flex\u00edvel<\/h2><p>Investir em PMEs e startups pode gerar altos retornos, mas requer financiamento adequado para minimizar riscos e garantir o crescimento do neg\u00f3cio.<\/p><h3><strong>Tipos de financiamento dispon\u00edveis:<\/strong><\/h3><p>\u2705 <strong>Empr\u00e9stimos para desenvolvimento empresarial e startups<\/strong> \u2705 <strong>Financiamento de infraestruturas e ferramentas tecnol\u00f3gicas<\/strong> \u2705 <strong>Apoio estrat\u00e9gico e networking com parceiros financeiros<\/strong><\/p><h3><strong>Rentabilidade m\u00e9dia dos projetos financiados:<\/strong><\/h3><ul data-spread=\"false\"><li><p><strong>Startups de tecnologia:<\/strong> Crescimento anual de 15-30%<\/p><\/li><li><p><strong>PMEs estabelecidas:<\/strong> 5-10% ao ano<\/p><\/li><li><p><strong>Franquias:<\/strong> 8-12% ao ano<\/p><\/li><\/ul>\t\t\t\t\t\t\t\t<\/div>\n\t\t\t\t<\/div>\n\t\t\t\t\t<\/div>\n\t\t\t\t<\/div>\n\t\t<div class=\"elementor-element elementor-element-5195e1c8 e-flex e-con-boxed elementor-invisible e-con e-parent\" data-id=\"5195e1c8\" data-element_type=\"container\" data-settings=\"{&quot;background_background&quot;:&quot;classic&quot;,&quot;animation&quot;:&quot;fadeInUp&quot;}\">\n\t\t\t\t\t<div class=\"e-con-inner\">\n\t\t\t\t<div class=\"elementor-element elementor-element-32e53638 elementor-widget elementor-widget-text-editor\" data-id=\"32e53638\" data-element_type=\"widget\" data-widget_type=\"text-editor.default\">\n\t\t\t\t<div class=\"elementor-widget-container\">\n\t\t\t\t\t\t\t\t\t<h2 data-pm-slice=\"1 1 []\"><span style=\"color: #ffffff;\">Quem pode se beneficiar do nosso financiamento?<\/span><\/h2><h3><span style=\"color: #ffffff;\"><strong>Empresas e startups<\/strong><\/span><\/h3><ul data-spread=\"false\"><li><p><span style=\"color: #ffffff;\">Financiamento para desenvolvimento e estrutura\u00e7\u00e3o<\/span><\/p><\/li><li><p><span style=\"color: #ffffff;\">Apoio ao crescimento e \u00e0 internacionaliza\u00e7\u00e3o<\/span><\/p><\/li><li><p><span style=\"color: #ffffff;\">Apoio \u00e0s inova\u00e7\u00f5es tecnol\u00f3gicas e digitais<\/span><\/p><\/li><\/ul><h3><span style=\"color: #ffffff;\"><strong>Comerciantes e empreendedores<\/strong><\/span><\/h3><ul data-spread=\"false\"><li><p><span style=\"color: #ffffff;\">Financiamento para abertura e expans\u00e3o de pontos de venda<\/span><\/p><\/li><li><p><span style=\"color: #ffffff;\">Apoio na transforma\u00e7\u00e3o digital<\/span><\/p><\/li><li><p><span style=\"color: #ffffff;\">Apoio a solu\u00e7\u00f5es de financiamento colaborativo e crowdfunding<\/span><\/p><\/li><\/ul>\t\t\t\t\t\t\t\t<\/div>\n\t\t\t\t<\/div>\n\t\t\t\t\t<\/div>\n\t\t\t\t<\/div>\n\t\t<div class=\"elementor-element elementor-element-4e8114a3 e-flex e-con-boxed elementor-invisible e-con e-parent\" data-id=\"4e8114a3\" data-element_type=\"container\" data-settings=\"{&quot;background_background&quot;:&quot;classic&quot;,&quot;animation&quot;:&quot;fadeInUp&quot;}\">\n\t\t\t\t\t<div class=\"e-con-inner\">\n\t\t\t\t<div class=\"elementor-element elementor-element-31416bf1 elementor-widget elementor-widget-text-editor\" data-id=\"31416bf1\" data-element_type=\"widget\" data-widget_type=\"text-editor.default\">\n\t\t\t\t<div class=\"elementor-widget-container\">\n\t\t\t\t\t\t\t\t\t<h2 data-pm-slice=\"1 1 []\">Por que financiar seu projeto conosco?<\/h2><p>N\u00f3s identificamos e financiamos o <strong>melhores oportunidades empreendedoras<\/strong>, oferecendo uma <strong>apoio estrat\u00e9gico e financeiro personalizado<\/strong>.<\/p><h3><strong>Nossas vantagens:<\/strong><\/h3><p>\u2705 <strong>Acesso a financiamento vantajoso e flex\u00edvel<\/strong> \u2705 <strong>Tarifas competitivas adaptadas a PMEs e startups<\/strong> \u2705 <strong>Suporte personalizado para maximizar o impacto<\/strong> \u2705 <strong>Sele\u00e7\u00e3o rigorosa dos projetos financiados<\/strong><\/p>\t\t\t\t\t\t\t\t<\/div>\n\t\t\t\t<\/div>\n\t\t\t\t\t<\/div>\n\t\t\t\t<\/div>\n\t\t<div class=\"elementor-element elementor-element-1fd086e e-flex e-con-boxed elementor-invisible e-con e-parent\" data-id=\"1fd086e\" data-element_type=\"container\" data-settings=\"{&quot;background_background&quot;:&quot;classic&quot;,&quot;animation&quot;:&quot;fadeInUp&quot;}\">\n\t\t\t\t\t<div class=\"e-con-inner\">\n\t\t\t\t<div class=\"elementor-element elementor-element-3d171602 elementor-widget elementor-widget-heading\" data-id=\"3d171602\" data-element_type=\"widget\" data-widget_type=\"heading.default\">\n\t\t\t\t<div class=\"elementor-widget-container\">\n\t\t\t\t\t<h2 class=\"elementor-heading-title elementor-size-default\">Obtenha seu financiamento hoje mesmo!<\/h2>\t\t\t\t<\/div>\n\t\t\t\t<\/div>\n\t\t\t\t<div class=\"elementor-element elementor-element-6d489467 elementor-widget elementor-widget-text-editor\" data-id=\"6d489467\" data-element_type=\"widget\" data-widget_type=\"text-editor.default\">\n\t\t\t\t<div class=\"elementor-widget-container\">\n\t\t\t\t\t\t\t\t\t<p data-pm-slice=\"1 1 []\">Obtenha financiamento para seu projeto de PME ou startup com condi\u00e7\u00f5es ideais e suporte personalizado.<\/p>\t\t\t\t\t\t\t\t<\/div>\n\t\t\t\t<\/div>\n\t\t\t\t<div class=\"elementor-element elementor-element-39e167ac elementor-align-center elementor-widget elementor-widget-button\" data-id=\"39e167ac\" data-element_type=\"widget\" data-widget_type=\"button.default\">\n\t\t\t\t<div class=\"elementor-widget-container\">\n\t\t\t\t\t\t\t\t\t<div class=\"elementor-button-wrapper\">\n\t\t\t\t\t<a class=\"elementor-button elementor-button-link elementor-size-sm\" href=\"#\">\n\t\t\t\t\t\t<span class=\"elementor-button-content-wrapper\">\n\t\t\t\t\t\t<span class=\"elementor-button-icon\">\n\t\t\t\t<svg aria-hidden=\"true\" class=\"e-font-icon-svg e-fas-arrow-right\" viewbox=\"0 0 448 512\" xmlns=\"http:\/\/www.w3.org\/2000\/svg\"><path d=\"M190.5 66.9l22.2-22.2c9.4-9.4 24.6-9.4 33.9 0L441 239c9.4 9.4 9.4 24.6 0 33.9L246.6 467.3c-9.4 9.4-24.6 9.4-33.9 0l-22.2-22.2c-9.5-9.5-9.3-25 .4-34.3L311.4 296H24c-13.3 0-24-10.7-24-24v-32c0-13.3 10.7-24 24-24h287.4L190.9 101.2c-9.8-9.3-10-24.8-.4-34.3z\"><\/path><\/svg>\t\t\t<\/span>\n\t\t\t\t\t\t\t\t\t<span class=\"elementor-button-text\">Solicitar financiamento<\/span>\n\t\t\t\t\t<\/span>\n\t\t\t\t\t<\/a>\n\t\t\t\t<\/div>\n\t\t\t\t\t\t\t\t<\/div>\n\t\t\t\t<\/div>\n\t\t\t\t\t<\/div>\n\t\t\t\t<\/div>\n\t\t\t\t<\/div>","protected":false},"excerpt":{"rendered":"<p>Pourquoi financer les PME et Startups ? Le financement des PME et startups repr\u00e9sente une opportunit\u00e9 unique d\u2019accompagner l\u2019innovation et de soutenir [&hellip;]<\/p>","protected":false},"author":1,"featured_media":340,"parent":207,"menu_order":0,"comment_status":"closed","ping_status":"closed","template":"","meta":{"om_disable_all_campaigns":false,"_monsterinsights_skip_tracking":false,"_monsterinsights_sitenote_active":false,"_monsterinsights_sitenote_note":"","_monsterinsights_sitenote_category":0,"footnotes":""},"class_list":["post-180","page","type-page","status-publish","has-post-thumbnail","hentry"],"aioseo_notices":[],"_links":{"self":[{"href":"https:\/\/flexifinanz.com\/pt\/wp-json\/wp\/v2\/pages\/180","targetHints":{"allow":["GET"]}}],"collection":[{"href":"https:\/\/flexifinanz.com\/pt\/wp-json\/wp\/v2\/pages"}],"about":[{"href":"https:\/\/flexifinanz.com\/pt\/wp-json\/wp\/v2\/types\/page"}],"author":[{"embeddable":true,"href":"https:\/\/flexifinanz.com\/pt\/wp-json\/wp\/v2\/users\/1"}],"replies":[{"embeddable":true,"href":"https:\/\/flexifinanz.com\/pt\/wp-json\/wp\/v2\/comments?post=180"}],"version-history":[{"count":0,"href":"https:\/\/flexifinanz.com\/pt\/wp-json\/wp\/v2\/pages\/180\/revisions"}],"up":[{"embeddable":true,"href":"https:\/\/flexifinanz.com\/pt\/wp-json\/wp\/v2\/pages\/207"}],"wp:featuredmedia":[{"embeddable":true,"href":"https:\/\/flexifinanz.com\/pt\/wp-json\/wp\/v2\/media\/340"}],"wp:attachment":[{"href":"https:\/\/flexifinanz.com\/pt\/wp-json\/wp\/v2\/media?parent=180"}],"curies":[{"name":"wp","href":"https:\/\/api.w.org\/{rel}","templated":true}]}}