{"id":153,"date":"2025-02-20T15:00:49","date_gmt":"2025-02-20T14:00:49","guid":{"rendered":"https:\/\/flexifinanz.com\/?page_id=153"},"modified":"2025-04-28T02:19:34","modified_gmt":"2025-04-28T00:19:34","slug":"financas-comercio-e-oportunidades-lucrativas-de-comercio","status":"publish","type":"page","link":"https:\/\/flexifinanz.com\/pt\/financiamento-estrategico\/financas-comercio-e-oportunidades-lucrativas-de-comercio\/","title":{"rendered":"Financiamento do com\u00e9rcio e do com\u00e9rcio eletr\u00f3nico: oportunidades rent\u00e1veis"},"content":{"rendered":"<div data-elementor-type=\"wp-page\" data-elementor-id=\"153\" class=\"elementor elementor-153\" data-elementor-settings=\"{&quot;element_pack_global_tooltip_width&quot;:{&quot;unit&quot;:&quot;px&quot;,&quot;size&quot;:&quot;&quot;,&quot;sizes&quot;:[]},&quot;element_pack_global_tooltip_width_tablet&quot;:{&quot;unit&quot;:&quot;px&quot;,&quot;size&quot;:&quot;&quot;,&quot;sizes&quot;:[]},&quot;element_pack_global_tooltip_width_mobile&quot;:{&quot;unit&quot;:&quot;px&quot;,&quot;size&quot;:&quot;&quot;,&quot;sizes&quot;:[]},&quot;element_pack_global_tooltip_padding&quot;:{&quot;unit&quot;:&quot;px&quot;,&quot;top&quot;:&quot;&quot;,&quot;right&quot;:&quot;&quot;,&quot;bottom&quot;:&quot;&quot;,&quot;left&quot;:&quot;&quot;,&quot;isLinked&quot;:true},&quot;element_pack_global_tooltip_padding_tablet&quot;:{&quot;unit&quot;:&quot;px&quot;,&quot;top&quot;:&quot;&quot;,&quot;right&quot;:&quot;&quot;,&quot;bottom&quot;:&quot;&quot;,&quot;left&quot;:&quot;&quot;,&quot;isLinked&quot;:true},&quot;element_pack_global_tooltip_padding_mobile&quot;:{&quot;unit&quot;:&quot;px&quot;,&quot;top&quot;:&quot;&quot;,&quot;right&quot;:&quot;&quot;,&quot;bottom&quot;:&quot;&quot;,&quot;left&quot;:&quot;&quot;,&quot;isLinked&quot;:true},&quot;element_pack_global_tooltip_border_radius&quot;:{&quot;unit&quot;:&quot;px&quot;,&quot;top&quot;:&quot;&quot;,&quot;right&quot;:&quot;&quot;,&quot;bottom&quot;:&quot;&quot;,&quot;left&quot;:&quot;&quot;,&quot;isLinked&quot;:true},&quot;element_pack_global_tooltip_border_radius_tablet&quot;:{&quot;unit&quot;:&quot;px&quot;,&quot;top&quot;:&quot;&quot;,&quot;right&quot;:&quot;&quot;,&quot;bottom&quot;:&quot;&quot;,&quot;left&quot;:&quot;&quot;,&quot;isLinked&quot;:true},&quot;element_pack_global_tooltip_border_radius_mobile&quot;:{&quot;unit&quot;:&quot;px&quot;,&quot;top&quot;:&quot;&quot;,&quot;right&quot;:&quot;&quot;,&quot;bottom&quot;:&quot;&quot;,&quot;left&quot;:&quot;&quot;,&quot;isLinked&quot;:true}}\" data-elementor-post-type=\"page\">\n\t\t\t\t<div class=\"elementor-element elementor-element-dee2f4a e-flex e-con-boxed e-con e-parent\" data-id=\"dee2f4a\" data-element_type=\"container\" data-settings=\"{&quot;background_background&quot;:&quot;classic&quot;}\">\n\t\t\t\t\t<div class=\"e-con-inner\">\n\t\t\t\t<div class=\"elementor-element elementor-element-0820c5d elementor-widget elementor-widget-text-editor\" data-id=\"0820c5d\" data-element_type=\"widget\" data-widget_type=\"text-editor.default\">\n\t\t\t\t<div class=\"elementor-widget-container\">\n\t\t\t\t\t\t\t\t\t<h2 data-pm-slice=\"1 3 []\">Por que financiar projetos em com\u00e9rcio e e-commerce?<\/h2><p>O com\u00e9rcio f\u00edsico e o e-commerce s\u00e3o setores em expans\u00e3o, impulsionados pela digitaliza\u00e7\u00e3o dos h\u00e1bitos de consumo. O surgimento de mercados, solu\u00e7\u00f5es de pagamento online e novas estrat\u00e9gias de vendas oferece oportunidades para <strong>financiamento estrat\u00e9gico<\/strong>, com forte potencial de crescimento.<\/p><p>Com a demanda em constante mudan\u00e7a e inova\u00e7\u00f5es como intelig\u00eancia artificial e big data, os neg\u00f3cios de com\u00e9rcio e e-commerce precisam <strong>financiamento adaptado<\/strong> para otimizar seu desenvolvimento e fortalecer sua posi\u00e7\u00e3o no mercado global.<\/p><h2>Nossas solu\u00e7\u00f5es de financiamento para com\u00e9rcio e e-commerce<\/h2><h3>1. Financiamento de mercados online<\/h3><p>Plataformas multifornecedores est\u00e3o revolucionando as vendas on-line ao conectar milhares de comerciantes e consumidores.<\/p><p><strong>Nossas ofertas de financiamento:<\/strong><\/p><ul data-spread=\"false\"><li><p>Financiar o lan\u00e7amento de novos mercados especializados<\/p><\/li><li><p>Apoio \u00e0s plataformas de com\u00e9rcio eletr\u00f3nico existentes para a sua expans\u00e3o<\/p><\/li><li><p>Desenvolvimento de solu\u00e7\u00f5es log\u00edsticas para melhorar a efici\u00eancia dos marketplaces<\/p><\/li><\/ul><h3>2. Financiamento da venda de produtos inovadores<\/h3><p>A inova\u00e7\u00e3o \u00e9 um dos principais impulsionadores do com\u00e9rcio, e a busca por produtos originais e de alto desempenho \u00e9 uma alavanca para a diferencia\u00e7\u00e3o.<\/p><p><strong>Nossas ofertas de financiamento:<\/strong><\/p><ul data-spread=\"false\"><li><p>Apoio \u00e0 cria\u00e7\u00e3o de marcas de produtos e gadgets de alta tecnologia<\/p><\/li><li><p>Financiamento de startups especializadas em inova\u00e7\u00e3o de produtos<\/p><\/li><li><p>Desenvolvimento de canais de distribui\u00e7\u00e3o eficientes para produtos de nicho<\/p><\/li><\/ul><h3>3. Financiamento de Dropshipping e Impress\u00e3o sob Demanda<\/h3><p>Esses modelos de neg\u00f3cios permitem que voc\u00ea crie uma loja sem gerenciamento de estoque, reduzindo assim os custos iniciais.<\/p><p><strong>Nossas ofertas de financiamento:<\/strong><\/p><ul data-spread=\"false\"><li><p>Apoio ao desenvolvimento de lojas dropshipping automatizadas<\/p><\/li><li><p>Financiamento de plataformas especializadas em impress\u00e3o sob demanda<\/p><\/li><li><p>Otimizando estrat\u00e9gias de marketing para aumentar a lucratividade<\/p><\/li><\/ul><h3>4. Financiando marcas de moda sustent\u00e1veis<\/h3><p>A moda \u00e9tica e sustent\u00e1vel est\u00e1 levando empreendedores a recorrer a empresas comprometidas.<\/p><p><strong>Nossas ofertas de financiamento:<\/strong><\/p><ul data-spread=\"false\"><li><p>Apoio a marcas ecologicamente respons\u00e1veis<\/p><\/li><li><p>Financiamento de solu\u00e7\u00f5es de reciclagem t\u00eaxtil<\/p><\/li><li><p>Apoio \u00e0 expans\u00e3o de iniciativas de com\u00e9rcio justo na moda<\/p><\/li><\/ul><h3>5. Financiamento de Solu\u00e7\u00f5es de Pagamento e Log\u00edstica<\/h3><p>O crescimento do com\u00e9rcio eletr\u00f4nico exige uma infraestrutura s\u00f3lida para garantir um servi\u00e7o confi\u00e1vel e r\u00e1pido.<\/p><p><strong>Nossas ofertas de financiamento:<\/strong><\/p><ul data-spread=\"false\"><li><p>Apoio a startups especializadas em pagamentos digitais<\/p><\/li><li><p>Financiar o desenvolvimento de solu\u00e7\u00f5es de entrega r\u00e1pidas e sustent\u00e1veis<\/p><\/li><li><p>Apoiar as empresas na automatiza\u00e7\u00e3o e robotiza\u00e7\u00e3o de armaz\u00e9ns de com\u00e9rcio eletr\u00f3nico<\/p><\/li><\/ul>\t\t\t\t\t\t\t\t<\/div>\n\t\t\t\t<\/div>\n\t\t\t\t\t<\/div>\n\t\t\t\t<\/div>\n\t\t<div class=\"elementor-element elementor-element-6615bfa e-flex e-con-boxed elementor-invisible e-con e-parent\" data-id=\"6615bfa\" data-element_type=\"container\" data-settings=\"{&quot;background_background&quot;:&quot;classic&quot;,&quot;animation&quot;:&quot;fadeInUp&quot;}\">\n\t\t\t\t\t<div class=\"e-con-inner\">\n\t\t\t\t<div class=\"elementor-element elementor-element-b050f0e elementor-widget elementor-widget-text-editor\" data-id=\"b050f0e\" data-element_type=\"widget\" data-widget_type=\"text-editor.default\">\n\t\t\t\t<div class=\"elementor-widget-container\">\n\t\t\t\t\t\t\t\t\t<h2 data-pm-slice=\"1 3 []\">Garantia e financiamento flex\u00edvel<\/h2><p>N\u00f3s oferecemos <strong>solu\u00e7\u00f5es de financiamento personalizadas<\/strong> aos ciclos espec\u00edficos de desenvolvimento do setor do com\u00e9rcio e do com\u00e9rcio eletr\u00f3nico, garantindo uma <strong>equil\u00edbrio entre rentabilidade e expans\u00e3o<\/strong>.<\/p><h3><strong>Tipos de financiamento dispon\u00edveis:<\/strong><\/h3><p>\u2705 <strong>Empr\u00e9stimos para desenvolvimento e otimiza\u00e7\u00e3o de lojas online<\/strong> \u2705 <strong>Financiamento de infraestrutura log\u00edstica e plataformas de com\u00e9rcio eletr\u00f4nico<\/strong> \u2705 <strong>Apoio estrat\u00e9gico e parcerias com empresas do setor<\/strong><\/p><h3><strong>Rentabilidade m\u00e9dia dos projetos financiados:<\/strong><\/h3><ul data-spread=\"false\"><li><p><strong>Mercados online:<\/strong> Crescimento anual de 10-20%<\/p><\/li><li><p><strong>Dropshipping e impress\u00e3o sob demanda:<\/strong> A lucratividade varia dependendo do nicho<\/p><\/li><li><p><strong>Solu\u00e7\u00f5es de pagamento e log\u00edstica:<\/strong> 7-12% de retorno sobre o investimento<\/p><\/li><\/ul>\t\t\t\t\t\t\t\t<\/div>\n\t\t\t\t<\/div>\n\t\t\t\t\t<\/div>\n\t\t\t\t<\/div>\n\t\t<div class=\"elementor-element elementor-element-4639c43 e-flex e-con-boxed elementor-invisible e-con e-parent\" data-id=\"4639c43\" data-element_type=\"container\" data-settings=\"{&quot;background_background&quot;:&quot;classic&quot;,&quot;animation&quot;:&quot;fadeInUp&quot;}\">\n\t\t\t\t\t<div class=\"e-con-inner\">\n\t\t\t\t<div class=\"elementor-element elementor-element-c075c4d elementor-widget elementor-widget-text-editor\" data-id=\"c075c4d\" data-element_type=\"widget\" data-widget_type=\"text-editor.default\">\n\t\t\t\t<div class=\"elementor-widget-container\">\n\t\t\t\t\t\t\t\t\t<h2 data-pm-slice=\"1 3 []\"><span style=\"color: #ffffff;\">Quem pode se beneficiar do nosso financiamento?<\/span><\/h2><h3><span style=\"color: #ffffff;\"><strong>Empresas e comerciantes<\/strong><\/span><\/h3><ul data-spread=\"false\"><li><p><span style=\"color: #ffffff;\">Financiamento para cria\u00e7\u00e3o e expans\u00e3o de lojas online<\/span><\/p><\/li><li><p><span style=\"color: #ffffff;\">Suporte para marketplaces em fase de desenvolvimento<\/span><\/p><\/li><li><p><span style=\"color: #ffffff;\">Suporte para empresas que desejam integrar solu\u00e7\u00f5es avan\u00e7adas de pagamento e log\u00edstica<\/span><\/p><\/li><\/ul><h3><span style=\"color: #ffffff;\"><strong>Startups e inovadores<\/strong><\/span><\/h3><ul data-spread=\"false\"><li><p><span style=\"color: #ffffff;\">Financiamento de novas tecnologias de com\u00e9rcio eletr\u00f3nico<\/span><\/p><\/li><li><p><span style=\"color: #ffffff;\">Suporte para solu\u00e7\u00f5es de big data e IA aplicadas ao com\u00e9rcio<\/span><\/p><\/li><li><p><span style=\"color: #ffffff;\">Apoio a novos modelos econ\u00f3micos digitais<\/span><\/p><\/li><\/ul>\t\t\t\t\t\t\t\t<\/div>\n\t\t\t\t<\/div>\n\t\t\t\t\t<\/div>\n\t\t\t\t<\/div>\n\t\t<div class=\"elementor-element elementor-element-4d8ae5d e-flex e-con-boxed elementor-invisible e-con e-parent\" data-id=\"4d8ae5d\" data-element_type=\"container\" data-settings=\"{&quot;background_background&quot;:&quot;classic&quot;,&quot;animation&quot;:&quot;fadeInUp&quot;}\">\n\t\t\t\t\t<div class=\"e-con-inner\">\n\t\t\t\t<div class=\"elementor-element elementor-element-6688643 elementor-widget elementor-widget-text-editor\" data-id=\"6688643\" data-element_type=\"widget\" data-widget_type=\"text-editor.default\">\n\t\t\t\t<div class=\"elementor-widget-container\">\n\t\t\t\t\t\t\t\t\t<h2 data-pm-slice=\"1 1 []\">Por que financiar seu projeto conosco?<\/h2><p>Nossa expertise nos permite identificar os <strong>melhores oportunidades de financiamento<\/strong> no com\u00e9rcio e no com\u00e9rcio eletr\u00f4nico. Apoiamos os l\u00edderes de projetos com solu\u00e7\u00f5es adaptadas e <strong>taxas de financiamento competitivas<\/strong>.<\/p><h3><strong>Nossas vantagens:<\/strong><\/h3><p>\u2705 <strong>Acesso a financiamento vantajoso e flex\u00edvel<\/strong> \u2705 <strong>Tarifas competitivas adaptadas a projetos de e-commerce<\/strong> \u2705 <strong>Suporte personalizado para maximizar o impacto<\/strong> \u2705 <strong>Sele\u00e7\u00e3o rigorosa dos projetos financiados<\/strong><\/p>\t\t\t\t\t\t\t\t<\/div>\n\t\t\t\t<\/div>\n\t\t\t\t\t<\/div>\n\t\t\t\t<\/div>\n\t\t<div class=\"elementor-element elementor-element-7167df6 e-flex e-con-boxed elementor-invisible e-con e-parent\" data-id=\"7167df6\" data-element_type=\"container\" data-settings=\"{&quot;background_background&quot;:&quot;classic&quot;,&quot;animation&quot;:&quot;fadeInUp&quot;}\">\n\t\t\t\t\t<div class=\"e-con-inner\">\n\t\t\t\t<div class=\"elementor-element elementor-element-310335c elementor-widget elementor-widget-heading\" data-id=\"310335c\" data-element_type=\"widget\" data-widget_type=\"heading.default\">\n\t\t\t\t<div class=\"elementor-widget-container\">\n\t\t\t\t\t<h2 class=\"elementor-heading-title elementor-size-default\">Obtenha seu financiamento hoje mesmo!<\/h2>\t\t\t\t<\/div>\n\t\t\t\t<\/div>\n\t\t\t\t<div class=\"elementor-element elementor-element-6813925 elementor-widget elementor-widget-text-editor\" data-id=\"6813925\" data-element_type=\"widget\" data-widget_type=\"text-editor.default\">\n\t\t\t\t<div class=\"elementor-widget-container\">\n\t\t\t\t\t\t\t\t\t<p data-pm-slice=\"1 1 []\">Financie seu neg\u00f3cio e projeto de e-commerce com condi\u00e7\u00f5es \u00f3timas e suporte personalizado.<\/p>\t\t\t\t\t\t\t\t<\/div>\n\t\t\t\t<\/div>\n\t\t\t\t<div class=\"elementor-element elementor-element-5a51640 elementor-align-center elementor-widget elementor-widget-button\" data-id=\"5a51640\" data-element_type=\"widget\" data-widget_type=\"button.default\">\n\t\t\t\t<div class=\"elementor-widget-container\">\n\t\t\t\t\t\t\t\t\t<div class=\"elementor-button-wrapper\">\n\t\t\t\t\t<a class=\"elementor-button elementor-button-link elementor-size-sm\" href=\"https:\/\/flexifinanz.com\/pt\/solicitar-financiamento\/\">\n\t\t\t\t\t\t<span class=\"elementor-button-content-wrapper\">\n\t\t\t\t\t\t<span class=\"elementor-button-icon\">\n\t\t\t\t<svg aria-hidden=\"true\" class=\"e-font-icon-svg e-fas-arrow-right\" viewbox=\"0 0 448 512\" xmlns=\"http:\/\/www.w3.org\/2000\/svg\"><path d=\"M190.5 66.9l22.2-22.2c9.4-9.4 24.6-9.4 33.9 0L441 239c9.4 9.4 9.4 24.6 0 33.9L246.6 467.3c-9.4 9.4-24.6 9.4-33.9 0l-22.2-22.2c-9.5-9.5-9.3-25 .4-34.3L311.4 296H24c-13.3 0-24-10.7-24-24v-32c0-13.3 10.7-24 24-24h287.4L190.9 101.2c-9.8-9.3-10-24.8-.4-34.3z\"><\/path><\/svg>\t\t\t<\/span>\n\t\t\t\t\t\t\t\t\t<span class=\"elementor-button-text\">Solicitar financiamento<\/span>\n\t\t\t\t\t<\/span>\n\t\t\t\t\t<\/a>\n\t\t\t\t<\/div>\n\t\t\t\t\t\t\t\t<\/div>\n\t\t\t\t<\/div>\n\t\t\t\t\t<\/div>\n\t\t\t\t<\/div>\n\t\t\t\t<\/div>","protected":false},"excerpt":{"rendered":"<p>Pourquoi financer des projets dans le commerce et l\u2019e-commerce ? Le commerce physique et l\u2019e-commerce sont des secteurs en pleine expansion, port\u00e9s [&hellip;]<\/p>","protected":false},"author":1,"featured_media":334,"parent":201,"menu_order":0,"comment_status":"closed","ping_status":"closed","template":"","meta":{"om_disable_all_campaigns":false,"_monsterinsights_skip_tracking":false,"_monsterinsights_sitenote_active":false,"_monsterinsights_sitenote_note":"","_monsterinsights_sitenote_category":0,"footnotes":""},"class_list":["post-153","page","type-page","status-publish","has-post-thumbnail","hentry"],"aioseo_notices":[],"_links":{"self":[{"href":"https:\/\/flexifinanz.com\/pt\/wp-json\/wp\/v2\/pages\/153","targetHints":{"allow":["GET"]}}],"collection":[{"href":"https:\/\/flexifinanz.com\/pt\/wp-json\/wp\/v2\/pages"}],"about":[{"href":"https:\/\/flexifinanz.com\/pt\/wp-json\/wp\/v2\/types\/page"}],"author":[{"embeddable":true,"href":"https:\/\/flexifinanz.com\/pt\/wp-json\/wp\/v2\/users\/1"}],"replies":[{"embeddable":true,"href":"https:\/\/flexifinanz.com\/pt\/wp-json\/wp\/v2\/comments?post=153"}],"version-history":[{"count":0,"href":"https:\/\/flexifinanz.com\/pt\/wp-json\/wp\/v2\/pages\/153\/revisions"}],"up":[{"embeddable":true,"href":"https:\/\/flexifinanz.com\/pt\/wp-json\/wp\/v2\/pages\/201"}],"wp:featuredmedia":[{"embeddable":true,"href":"https:\/\/flexifinanz.com\/pt\/wp-json\/wp\/v2\/media\/334"}],"wp:attachment":[{"href":"https:\/\/flexifinanz.com\/pt\/wp-json\/wp\/v2\/media?parent=153"}],"curies":[{"name":"wp","href":"https:\/\/api.w.org\/{rel}","templated":true}]}}