{"id":135,"date":"2025-02-20T14:05:50","date_gmt":"2025-02-20T13:05:50","guid":{"rendered":"https:\/\/flexifinanz.com\/?page_id=135"},"modified":"2025-02-25T18:44:33","modified_gmt":"2025-02-25T17:44:33","slug":"financas-saude-e-bem-estar","status":"publish","type":"page","link":"https:\/\/flexifinanz.com\/pt\/financiamento-estrategico\/financas-saude-e-bem-estar\/","title":{"rendered":"Financiamento da sa\u00fade e bem-estar: rentabilidade e impacto"},"content":{"rendered":"<div data-elementor-type=\"wp-page\" data-elementor-id=\"135\" class=\"elementor elementor-135\" data-elementor-settings=\"{&quot;element_pack_global_tooltip_width&quot;:{&quot;unit&quot;:&quot;px&quot;,&quot;size&quot;:&quot;&quot;,&quot;sizes&quot;:[]},&quot;element_pack_global_tooltip_width_tablet&quot;:{&quot;unit&quot;:&quot;px&quot;,&quot;size&quot;:&quot;&quot;,&quot;sizes&quot;:[]},&quot;element_pack_global_tooltip_width_mobile&quot;:{&quot;unit&quot;:&quot;px&quot;,&quot;size&quot;:&quot;&quot;,&quot;sizes&quot;:[]},&quot;element_pack_global_tooltip_padding&quot;:{&quot;unit&quot;:&quot;px&quot;,&quot;top&quot;:&quot;&quot;,&quot;right&quot;:&quot;&quot;,&quot;bottom&quot;:&quot;&quot;,&quot;left&quot;:&quot;&quot;,&quot;isLinked&quot;:true},&quot;element_pack_global_tooltip_padding_tablet&quot;:{&quot;unit&quot;:&quot;px&quot;,&quot;top&quot;:&quot;&quot;,&quot;right&quot;:&quot;&quot;,&quot;bottom&quot;:&quot;&quot;,&quot;left&quot;:&quot;&quot;,&quot;isLinked&quot;:true},&quot;element_pack_global_tooltip_padding_mobile&quot;:{&quot;unit&quot;:&quot;px&quot;,&quot;top&quot;:&quot;&quot;,&quot;right&quot;:&quot;&quot;,&quot;bottom&quot;:&quot;&quot;,&quot;left&quot;:&quot;&quot;,&quot;isLinked&quot;:true},&quot;element_pack_global_tooltip_border_radius&quot;:{&quot;unit&quot;:&quot;px&quot;,&quot;top&quot;:&quot;&quot;,&quot;right&quot;:&quot;&quot;,&quot;bottom&quot;:&quot;&quot;,&quot;left&quot;:&quot;&quot;,&quot;isLinked&quot;:true},&quot;element_pack_global_tooltip_border_radius_tablet&quot;:{&quot;unit&quot;:&quot;px&quot;,&quot;top&quot;:&quot;&quot;,&quot;right&quot;:&quot;&quot;,&quot;bottom&quot;:&quot;&quot;,&quot;left&quot;:&quot;&quot;,&quot;isLinked&quot;:true},&quot;element_pack_global_tooltip_border_radius_mobile&quot;:{&quot;unit&quot;:&quot;px&quot;,&quot;top&quot;:&quot;&quot;,&quot;right&quot;:&quot;&quot;,&quot;bottom&quot;:&quot;&quot;,&quot;left&quot;:&quot;&quot;,&quot;isLinked&quot;:true}}\" data-elementor-post-type=\"page\">\n\t\t\t\t<div class=\"elementor-element elementor-element-2d775bf e-flex e-con-boxed e-con e-parent\" data-id=\"2d775bf\" data-element_type=\"container\" data-settings=\"{&quot;background_background&quot;:&quot;classic&quot;}\">\n\t\t\t\t\t<div class=\"e-con-inner\">\n\t\t\t\t<div class=\"elementor-element elementor-element-a6c20c9 elementor-widget elementor-widget-text-editor\" data-id=\"a6c20c9\" data-element_type=\"widget\" data-widget_type=\"text-editor.default\">\n\t\t\t\t<div class=\"elementor-widget-container\">\n\t\t\t\t\t\t\t\t\t<h2 data-pm-slice=\"1 3 []\">Por que financiar projetos de sa\u00fade e bem-estar?<\/h2><p>O setor da sa\u00fade e bem-estar est\u00e1 passando por uma <strong>crescimento exponencial<\/strong>, impulsionado pela inova\u00e7\u00e3o m\u00e9dica, pelo envelhecimento da popula\u00e7\u00e3o e pelo surgimento de tecnologias conectadas. O financiamento desta \u00e1rea n\u00e3o s\u00f3 apoia projetos de alto impacto, mas tamb\u00e9m contribui para avan\u00e7os essenciais para a sociedade.<\/p><p>Oferecemos solu\u00e7\u00f5es para <strong>financiamento flex\u00edvel e adaptado<\/strong> \u00e0s necessidades das empresas e profissionais de sa\u00fade, garantindo assim o desenvolvimento e a sustentabilidade dos seus projetos.<\/p><h2>Nossas solu\u00e7\u00f5es de financiamento em sa\u00fade e bem-estar<\/h2><h3>1. Financiamento de Biotecnologias<\/h3><p>As biotecnologias est\u00e3o no centro dos avan\u00e7os m\u00e9dicos e farmac\u00eauticos, permitindo o desenvolvimento de tratamentos inovadores e terapias direcionadas.<\/p><p><strong>Nossas ofertas de financiamento:<\/strong><\/p><ul data-spread=\"false\"><li><p>Apoio a startups que desenvolvem terapias gen\u00e9ticas e celulares<\/p><\/li><li><p>Financiamento de empresas especializadas em intelig\u00eancia artificial aplicada \u00e0 medicina<\/p><\/li><li><p>Apoio a laborat\u00f3rios de pesquisa em biotecnologia<\/p><\/li><\/ul><h3>2. Financiamento da Pesquisa M\u00e9dica e Farmac\u00eautica<\/h3><p>A pesquisa m\u00e9dica \u00e9 essencial para combater doen\u00e7as cr\u00f4nicas e desenvolver novos tratamentos.<\/p><p><strong>Nossas ofertas de financiamento:<\/strong><\/p><ul data-spread=\"false\"><li><p>Financiamento de laborat\u00f3rios de pesquisa e ensaios cl\u00ednicos<\/p><\/li><li><p>Parcerias com empresas farmac\u00eauticas emergentes<\/p><\/li><li><p>Desenvolvimento de novos medicamentos e tecnologias m\u00e9dicas<\/p><\/li><\/ul><h3>3. Financiamento de tecnologias m\u00e9dicas conectadas<\/h3><p>Com o surgimento da tecnologia digital, a sa\u00fade conectada est\u00e1 transformando a medicina ao oferecer monitoramento personalizado e melhor preven\u00e7\u00e3o.<\/p><p><strong>Nossas ofertas de financiamento:<\/strong><\/p><ul data-spread=\"false\"><li><p>Apoio a empresas que desenvolvem aplica\u00e7\u00f5es de telemedicina<\/p><\/li><li><p>Financiamento de dispositivos m\u00e9dicos conectados (rel\u00f3gios, sensores, implantes)<\/p><\/li><li><p>Apoio a projetos de IA aplicados ao diagn\u00f3stico m\u00e9dico<\/p><\/li><\/ul><h3>4. Financiamento de Suplementos Alimentares e Nutri\u00e7\u00e3o<\/h3><p>A dieta e os suplementos desempenham um papel fundamental na preven\u00e7\u00e3o de doen\u00e7as e na otimiza\u00e7\u00e3o da sa\u00fade.<\/p><p><strong>Nossas ofertas de financiamento:<\/strong><\/p><ul data-spread=\"false\"><li><p>Apoio a empresas produtoras de suplementos naturais e org\u00e2nicos<\/p><\/li><li><p>Financiamento de marcas de alimentos funcionais e nutri\u00e7\u00e3o personalizada<\/p><\/li><li><p>Desenvolvimento de produtos antienvelhecimento e bem-estar<\/p><\/li><\/ul><h3>5. Financiamento do Desporto e Fitness<\/h3><p>O mercado de esportes e bem-estar est\u00e1 crescendo, impulsionado pela crescente conscientiza\u00e7\u00e3o sobre sa\u00fade f\u00edsica e mental.<\/p><p><strong>Nossas ofertas de financiamento:<\/strong><\/p><ul data-spread=\"false\"><li><p>Desenvolvimento de aplica\u00e7\u00f5es de coaching e programas de fitness<\/p><\/li><li><p>Financiamento de marcas de equipamentos esportivos conectados<\/p><\/li><li><p>Apoio a startups inovadoras em recupera\u00e7\u00e3o e desempenho esportivo<\/p><\/li><\/ul><h3>6. Financiamento para o bem-estar e a sa\u00fade mental<\/h3><p>O gerenciamento do estresse e a sa\u00fade mental est\u00e3o se tornando grandes prioridades para indiv\u00edduos e empresas.<\/p><p><strong>Nossas ofertas de financiamento:<\/strong><\/p><ul data-spread=\"false\"><li><p>Suporte para aplicativos de medita\u00e7\u00e3o e gerenciamento de estresse<\/p><\/li><li><p>Financiamento de plataformas digitais de terapia e consulta psicol\u00f3gica<\/p><\/li><li><p>Apoio a empresas que desenvolvem produtos naturais e terapias alternativas<\/p><\/li><\/ul>\t\t\t\t\t\t\t\t<\/div>\n\t\t\t\t<\/div>\n\t\t\t\t\t<\/div>\n\t\t\t\t<\/div>\n\t\t<div class=\"elementor-element elementor-element-24d238b e-flex e-con-boxed elementor-invisible e-con e-parent\" data-id=\"24d238b\" data-element_type=\"container\" data-settings=\"{&quot;background_background&quot;:&quot;classic&quot;,&quot;animation&quot;:&quot;fadeInUp&quot;}\">\n\t\t\t\t\t<div class=\"e-con-inner\">\n\t\t\t\t<div class=\"elementor-element elementor-element-6558e13 elementor-widget elementor-widget-text-editor\" data-id=\"6558e13\" data-element_type=\"widget\" data-widget_type=\"text-editor.default\">\n\t\t\t\t<div class=\"elementor-widget-container\">\n\t\t\t\t\t\t\t\t\t<h2 data-pm-slice=\"1 3 []\">Garantir e rentabilizar o financiamento dos cuidados de sa\u00fade<\/h2><p>N\u00f3s oferecemos <strong>solu\u00e7\u00f5es de financiamento personalizadas<\/strong> aos ciclos de desenvolvimento espec\u00edficos do setor m\u00e9dico, garantindo um equil\u00edbrio entre lucratividade e impacto social.<\/p><h3><strong>Tipos de financiamento dispon\u00edveis:<\/strong><\/h3><p>\u2705 <strong>Empr\u00e9stimos para o desenvolvimento de projetos inovadores<\/strong> \u2705 <strong>Investimento em infraestrutura e equipamentos m\u00e9dicos<\/strong> \u2705 <strong>Apoio estrat\u00e9gico e parcerias com empresas do setor<\/strong><\/p><h3><strong>Rentabilidade m\u00e9dia dos projetos financiados:<\/strong><\/h3><ul data-spread=\"false\"><li><p><strong>Biotecnologias:<\/strong> 8-15% ao ano<\/p><\/li><li><p><strong>Tecnologias m\u00e9dicas:<\/strong> 6-10% ao ano<\/p><\/li><li><p><strong>Suplementos alimentares:<\/strong> 5-12% ao ano<\/p><\/li><\/ul>\t\t\t\t\t\t\t\t<\/div>\n\t\t\t\t<\/div>\n\t\t\t\t\t<\/div>\n\t\t\t\t<\/div>\n\t\t<div class=\"elementor-element elementor-element-5030fbc e-flex e-con-boxed elementor-invisible e-con e-parent\" data-id=\"5030fbc\" data-element_type=\"container\" data-settings=\"{&quot;background_background&quot;:&quot;classic&quot;,&quot;animation&quot;:&quot;fadeInUp&quot;}\">\n\t\t\t\t\t<div class=\"e-con-inner\">\n\t\t\t\t<div class=\"elementor-element elementor-element-9e52123 elementor-widget elementor-widget-text-editor\" data-id=\"9e52123\" data-element_type=\"widget\" data-widget_type=\"text-editor.default\">\n\t\t\t\t<div class=\"elementor-widget-container\">\n\t\t\t\t\t\t\t\t\t<h2 data-pm-slice=\"1 3 []\"><span style=\"color: #ffffff;\">Quem pode se beneficiar do nosso financiamento?<\/span><\/h2><h3><span style=\"color: #ffffff;\"><strong>Empresas e profissionais de sa\u00fade<\/strong><\/span><\/h3><ul data-spread=\"false\"><li><p><span style=\"color: #ffffff;\">Desenvolvimento e expans\u00e3o de laborat\u00f3rios de pesquisa<\/span><\/p><\/li><li><p><span style=\"color: #ffffff;\">Suporte para empresas de MedTech e HealthTech<\/span><\/p><\/li><li><p><span style=\"color: #ffffff;\">Suporte para fabricantes de dispositivos m\u00e9dicos<\/span><\/p><\/li><\/ul><h3><span style=\"color: #ffffff;\"><strong>Startups e players inovadores<\/strong><\/span><\/h3><ul data-spread=\"false\"><li><p><span style=\"color: #ffffff;\">Financiamento de novas tecnologias m\u00e9dicas<\/span><\/p><\/li><li><p><span style=\"color: #ffffff;\">Desenvolvimento de solu\u00e7\u00f5es digitais e intelig\u00eancia artificial<\/span><\/p><\/li><li><p><span style=\"color: #ffffff;\">Apoio no lan\u00e7amento e industrializa\u00e7\u00e3o de produtos<\/span><\/p><\/li><\/ul>\t\t\t\t\t\t\t\t<\/div>\n\t\t\t\t<\/div>\n\t\t\t\t\t<\/div>\n\t\t\t\t<\/div>\n\t\t<div class=\"elementor-element elementor-element-4496e58 e-flex e-con-boxed elementor-invisible e-con e-parent\" data-id=\"4496e58\" data-element_type=\"container\" data-settings=\"{&quot;background_background&quot;:&quot;classic&quot;,&quot;animation&quot;:&quot;fadeInUp&quot;}\">\n\t\t\t\t\t<div class=\"e-con-inner\">\n\t\t\t\t<div class=\"elementor-element elementor-element-841cae1 elementor-widget elementor-widget-text-editor\" data-id=\"841cae1\" data-element_type=\"widget\" data-widget_type=\"text-editor.default\">\n\t\t\t\t<div class=\"elementor-widget-container\">\n\t\t\t\t\t\t\t\t\t<h2 data-pm-slice=\"1 1 []\">Por que escolher nosso grupo de investidores?<\/h2><p>Nossa expertise nos permite identificar os <strong>melhores oportunidades de financiamento<\/strong> em sa\u00fade e bem-estar. Apoiamos os l\u00edderes de projetos com solu\u00e7\u00f5es adaptadas e <strong>taxas de financiamento otimizadas<\/strong>.<\/p><h3><strong>Nossas vantagens:<\/strong><\/h3><p>\u2705 <strong>Acesso a financiamento vantajoso e flex\u00edvel<\/strong> \u2705 <strong>Tarifas competitivas adaptadas a projetos de sa\u00fade<\/strong> \u2705 <strong>Suporte personalizado para maximizar o impacto<\/strong> \u2705 <strong>Sele\u00e7\u00e3o rigorosa dos projetos financiados<\/strong><\/p>\t\t\t\t\t\t\t\t<\/div>\n\t\t\t\t<\/div>\n\t\t\t\t\t<\/div>\n\t\t\t\t<\/div>\n\t\t<div class=\"elementor-element elementor-element-09dbc4d e-flex e-con-boxed elementor-invisible e-con e-parent\" data-id=\"09dbc4d\" data-element_type=\"container\" data-settings=\"{&quot;background_background&quot;:&quot;classic&quot;,&quot;animation&quot;:&quot;fadeInUp&quot;}\">\n\t\t\t\t\t<div class=\"e-con-inner\">\n\t\t\t\t<div class=\"elementor-element elementor-element-750fad3 elementor-widget elementor-widget-heading\" data-id=\"750fad3\" data-element_type=\"widget\" data-widget_type=\"heading.default\">\n\t\t\t\t<div class=\"elementor-widget-container\">\n\t\t\t\t\t<h2 class=\"elementor-heading-title elementor-size-default\">Obtenha seu financiamento hoje mesmo!<\/h2>\t\t\t\t<\/div>\n\t\t\t\t<\/div>\n\t\t\t\t<div class=\"elementor-element elementor-element-34ae029 elementor-widget elementor-widget-text-editor\" data-id=\"34ae029\" data-element_type=\"widget\" data-widget_type=\"text-editor.default\">\n\t\t\t\t<div class=\"elementor-widget-container\">\n\t\t\t\t\t\t\t\t\t<p data-pm-slice=\"1 1 []\">Tenha seu projeto de sa\u00fade e bem-estar financiado com condi\u00e7\u00f5es ideais e acompanhamento personalizado.<\/p>\t\t\t\t\t\t\t\t<\/div>\n\t\t\t\t<\/div>\n\t\t\t\t<div class=\"elementor-element elementor-element-60702e4 elementor-align-center elementor-widget elementor-widget-button\" data-id=\"60702e4\" data-element_type=\"widget\" data-widget_type=\"button.default\">\n\t\t\t\t<div class=\"elementor-widget-container\">\n\t\t\t\t\t\t\t\t\t<div class=\"elementor-button-wrapper\">\n\t\t\t\t\t<a class=\"elementor-button elementor-button-link elementor-size-sm\" href=\"https:\/\/flexifinanz.com\/pt\/demander-un-financement\/\">\n\t\t\t\t\t\t<span class=\"elementor-button-content-wrapper\">\n\t\t\t\t\t\t<span class=\"elementor-button-icon\">\n\t\t\t\t<svg aria-hidden=\"true\" class=\"e-font-icon-svg e-fas-arrow-right\" viewbox=\"0 0 448 512\" xmlns=\"http:\/\/www.w3.org\/2000\/svg\"><path d=\"M190.5 66.9l22.2-22.2c9.4-9.4 24.6-9.4 33.9 0L441 239c9.4 9.4 9.4 24.6 0 33.9L246.6 467.3c-9.4 9.4-24.6 9.4-33.9 0l-22.2-22.2c-9.5-9.5-9.3-25 .4-34.3L311.4 296H24c-13.3 0-24-10.7-24-24v-32c0-13.3 10.7-24 24-24h287.4L190.9 101.2c-9.8-9.3-10-24.8-.4-34.3z\"><\/path><\/svg>\t\t\t<\/span>\n\t\t\t\t\t\t\t\t\t<span class=\"elementor-button-text\">Solicitar financiamento<\/span>\n\t\t\t\t\t<\/span>\n\t\t\t\t\t<\/a>\n\t\t\t\t<\/div>\n\t\t\t\t\t\t\t\t<\/div>\n\t\t\t\t<\/div>\n\t\t\t\t\t<\/div>\n\t\t\t\t<\/div>\n\t\t\t\t<\/div>","protected":false},"excerpt":{"rendered":"<p>Pourquoi financer des projets dans la sant\u00e9 et le bien-\u00eatre ? Le secteur de la sant\u00e9 et du bien-\u00eatre conna\u00eet une croissance [&hellip;]<\/p>","protected":false},"author":1,"featured_media":333,"parent":201,"menu_order":0,"comment_status":"closed","ping_status":"closed","template":"","meta":{"om_disable_all_campaigns":false,"_monsterinsights_skip_tracking":false,"_monsterinsights_sitenote_active":false,"_monsterinsights_sitenote_note":"","_monsterinsights_sitenote_category":0,"footnotes":""},"class_list":["post-135","page","type-page","status-publish","has-post-thumbnail","hentry"],"aioseo_notices":[],"_links":{"self":[{"href":"https:\/\/flexifinanz.com\/pt\/wp-json\/wp\/v2\/pages\/135","targetHints":{"allow":["GET"]}}],"collection":[{"href":"https:\/\/flexifinanz.com\/pt\/wp-json\/wp\/v2\/pages"}],"about":[{"href":"https:\/\/flexifinanz.com\/pt\/wp-json\/wp\/v2\/types\/page"}],"author":[{"embeddable":true,"href":"https:\/\/flexifinanz.com\/pt\/wp-json\/wp\/v2\/users\/1"}],"replies":[{"embeddable":true,"href":"https:\/\/flexifinanz.com\/pt\/wp-json\/wp\/v2\/comments?post=135"}],"version-history":[{"count":0,"href":"https:\/\/flexifinanz.com\/pt\/wp-json\/wp\/v2\/pages\/135\/revisions"}],"up":[{"embeddable":true,"href":"https:\/\/flexifinanz.com\/pt\/wp-json\/wp\/v2\/pages\/201"}],"wp:featuredmedia":[{"embeddable":true,"href":"https:\/\/flexifinanz.com\/pt\/wp-json\/wp\/v2\/media\/333"}],"wp:attachment":[{"href":"https:\/\/flexifinanz.com\/pt\/wp-json\/wp\/v2\/media?parent=135"}],"curies":[{"name":"wp","href":"https:\/\/api.w.org\/{rel}","templated":true}]}}