{"id":129,"date":"2025-02-20T13:58:47","date_gmt":"2025-02-20T12:58:47","guid":{"rendered":"https:\/\/flexifinanz.com\/?page_id=129"},"modified":"2025-02-25T19:24:36","modified_gmt":"2025-02-25T18:24:36","slug":"financiar-energia-renovavel-e-meio-ambiente","status":"publish","type":"page","link":"https:\/\/flexifinanz.com\/pt\/financiamento-por-duracao\/financiar-energia-renovavel-e-meio-ambiente\/","title":{"rendered":"Financiamento de energias renov\u00e1veis \u200b\u200be meio ambiente"},"content":{"rendered":"<div data-elementor-type=\"wp-page\" data-elementor-id=\"129\" class=\"elementor elementor-129\" data-elementor-settings=\"{&quot;element_pack_global_tooltip_width&quot;:{&quot;unit&quot;:&quot;px&quot;,&quot;size&quot;:&quot;&quot;,&quot;sizes&quot;:[]},&quot;element_pack_global_tooltip_width_tablet&quot;:{&quot;unit&quot;:&quot;px&quot;,&quot;size&quot;:&quot;&quot;,&quot;sizes&quot;:[]},&quot;element_pack_global_tooltip_width_mobile&quot;:{&quot;unit&quot;:&quot;px&quot;,&quot;size&quot;:&quot;&quot;,&quot;sizes&quot;:[]},&quot;element_pack_global_tooltip_padding&quot;:{&quot;unit&quot;:&quot;px&quot;,&quot;top&quot;:&quot;&quot;,&quot;right&quot;:&quot;&quot;,&quot;bottom&quot;:&quot;&quot;,&quot;left&quot;:&quot;&quot;,&quot;isLinked&quot;:true},&quot;element_pack_global_tooltip_padding_tablet&quot;:{&quot;unit&quot;:&quot;px&quot;,&quot;top&quot;:&quot;&quot;,&quot;right&quot;:&quot;&quot;,&quot;bottom&quot;:&quot;&quot;,&quot;left&quot;:&quot;&quot;,&quot;isLinked&quot;:true},&quot;element_pack_global_tooltip_padding_mobile&quot;:{&quot;unit&quot;:&quot;px&quot;,&quot;top&quot;:&quot;&quot;,&quot;right&quot;:&quot;&quot;,&quot;bottom&quot;:&quot;&quot;,&quot;left&quot;:&quot;&quot;,&quot;isLinked&quot;:true},&quot;element_pack_global_tooltip_border_radius&quot;:{&quot;unit&quot;:&quot;px&quot;,&quot;top&quot;:&quot;&quot;,&quot;right&quot;:&quot;&quot;,&quot;bottom&quot;:&quot;&quot;,&quot;left&quot;:&quot;&quot;,&quot;isLinked&quot;:true},&quot;element_pack_global_tooltip_border_radius_tablet&quot;:{&quot;unit&quot;:&quot;px&quot;,&quot;top&quot;:&quot;&quot;,&quot;right&quot;:&quot;&quot;,&quot;bottom&quot;:&quot;&quot;,&quot;left&quot;:&quot;&quot;,&quot;isLinked&quot;:true},&quot;element_pack_global_tooltip_border_radius_mobile&quot;:{&quot;unit&quot;:&quot;px&quot;,&quot;top&quot;:&quot;&quot;,&quot;right&quot;:&quot;&quot;,&quot;bottom&quot;:&quot;&quot;,&quot;left&quot;:&quot;&quot;,&quot;isLinked&quot;:true}}\" data-elementor-post-type=\"page\">\n\t\t\t\t<div class=\"elementor-element elementor-element-a1aac80 e-flex e-con-boxed e-con e-parent\" data-id=\"a1aac80\" data-element_type=\"container\" data-settings=\"{&quot;background_background&quot;:&quot;classic&quot;}\">\n\t\t\t\t\t<div class=\"e-con-inner\">\n\t\t\t\t<div class=\"elementor-element elementor-element-662c5be elementor-widget elementor-widget-text-editor\" data-id=\"662c5be\" data-element_type=\"widget\" data-widget_type=\"text-editor.default\">\n\t\t\t\t<div class=\"elementor-widget-container\">\n\t\t\t\t\t\t\t\t\t<h2 data-pm-slice=\"1 3 []\">Por que financiar projetos de energia renov\u00e1vel?<\/h2><p>Com a transi\u00e7\u00e3o ecol\u00f3gica em plena acelera\u00e7\u00e3o, o setor das energias renov\u00e1veis \u200b\u200brepresenta uma <strong>oportunidade estrat\u00e9gica<\/strong> para o desenvolvimento sustent\u00e1vel. A emerg\u00eancia clim\u00e1tica, regulamenta\u00e7\u00f5es favor\u00e1veis \u200b\u200be inova\u00e7\u00e3o tecnol\u00f3gica fazem desta \u00e1rea uma grande alavanca para o crescimento.<\/p><p>Financiamos projetos que visam acelerar a ado\u00e7\u00e3o de energia limpa, otimizar a gest\u00e3o de recursos naturais e desenvolver solu\u00e7\u00f5es inovadoras para uma <strong>futuro mais sustent\u00e1vel<\/strong>.<\/p><h2>Nossas solu\u00e7\u00f5es de financiamento em energia e meio ambiente<\/h2><h3>\u2600\ufe0f <strong>Financiamento de Energias Renov\u00e1veis \u200b\u200b(solar, e\u00f3lica, hidrog\u00eanio)<\/strong><\/h3><p>O crescimento da energia limpa \u00e9 essencial para substituir gradualmente os combust\u00edveis f\u00f3sseis.<\/p><p><strong>Nossas ofertas de financiamento:<\/strong><\/p><ul data-spread=\"false\"><li><p>Desenvolvimento e expans\u00e3o de parques solares e e\u00f3licos<\/p><\/li><li><p>Apoio \u00e0 infraestrutura de hidrog\u00eanio para transporte e ind\u00fastria<\/p><\/li><li><p>Apoiar as empresas na transi\u00e7\u00e3o energ\u00e9tica<\/p><\/li><\/ul><h3>\ud83d\ude97 <strong>Financiando a Mobilidade Sustent\u00e1vel<\/strong><\/h3><p>O surgimento de ve\u00edculos el\u00e9tricos e solu\u00e7\u00f5es de transporte verde est\u00e1 criando novas oportunidades.<\/p><p><strong>Nossas ofertas de financiamento:<\/strong><\/p><ul data-spread=\"false\"><li><p>Instala\u00e7\u00e3o de postos de carregamento el\u00e9trico<\/p><\/li><li><p>Produ\u00e7\u00e3o e armazenamento de baterias para ve\u00edculos limpos<\/p><\/li><li><p>Desenvolvimento de transporte p\u00fablico ecol\u00f3gico<\/p><\/li><\/ul><h3>\ud83d\udd04 <strong>Financiamento da Gest\u00e3o de Res\u00edduos e Reciclagem<\/strong><\/h3><p>A otimiza\u00e7\u00e3o e a recupera\u00e7\u00e3o de res\u00edduos s\u00e3o quest\u00f5es ambientais fundamentais.<\/p><p><strong>Nossas ofertas de financiamento:<\/strong><\/p><ul data-spread=\"false\"><li><p>Apoio a empresas de reciclagem e gest\u00e3o de res\u00edduos<\/p><\/li><li><p>Financiamento de projetos de convers\u00e3o de res\u00edduos em energia<\/p><\/li><li><p>Apoiando as ind\u00fastrias em dire\u00e7\u00e3o a solu\u00e7\u00f5es ecologicamente respons\u00e1veis<\/p><\/li><\/ul><h3>\ud83c\udf31 <strong>Financiamento da Agricultura Sustent\u00e1vel e Agroecologia<\/strong><\/h3><p>A agricultura respons\u00e1vel \u00e9 um pilar da preserva\u00e7\u00e3o dos recursos naturais.<\/p><p><strong>Nossas ofertas de financiamento:<\/strong><\/p><ul data-spread=\"false\"><li><p>Desenvolvimento de fazendas ecologicamente respons\u00e1veis<\/p><\/li><li><p>Apoio a tecnologias de otimiza\u00e7\u00e3o de irriga\u00e7\u00e3o e fertiliza\u00e7\u00e3o<\/p><\/li><li><p>Financiamento de cadeias de abastecimento curtas e agricultura biol\u00f3gica<\/p><\/li><\/ul><h3>\ud83d\udca7 <strong>Financiamento de tecnologias h\u00eddricas<\/strong><\/h3><p>O acesso \u00e0 \u00e1gua pot\u00e1vel e sua gest\u00e3o eficaz s\u00e3o grandes desafios ambientais.<\/p><p><strong>Nossas ofertas de financiamento:<\/strong><\/p><ul data-spread=\"false\"><li><p>Projetos de dessaliniza\u00e7\u00e3o e purifica\u00e7\u00e3o de \u00e1gua<\/p><\/li><li><p>Tecnologias de captura e armazenamento de \u00e1gua<\/p><\/li><li><p>Desenvolvimento de redes inteligentes para otimiza\u00e7\u00e3o do consumo<\/p><\/li><\/ul><h3>\u267b\ufe0f <strong>Financiando a Economia Circular<\/strong><\/h3><p>A transi\u00e7\u00e3o para uma economia circular reduz a pegada ecol\u00f3gica das ind\u00fastrias.<\/p><p><strong>Nossas ofertas de financiamento:<\/strong><\/p><ul data-spread=\"false\"><li><p>Apoio \u00e0s empresas de valoriza\u00e7\u00e3o de res\u00edduos<\/p><\/li><li><p>Financiamento de inova\u00e7\u00f5es em reciclagem industrial<\/p><\/li><li><p>Desenvolvimento de solu\u00e7\u00f5es para redu\u00e7\u00e3o da pegada de carbono<\/p><\/li><\/ul>\t\t\t\t\t\t\t\t<\/div>\n\t\t\t\t<\/div>\n\t\t\t\t\t<\/div>\n\t\t\t\t<\/div>\n\t\t<div class=\"elementor-element elementor-element-b7ecdc4 e-flex e-con-boxed elementor-invisible e-con e-parent\" data-id=\"b7ecdc4\" data-element_type=\"container\" data-settings=\"{&quot;background_background&quot;:&quot;classic&quot;,&quot;animation&quot;:&quot;fadeInUp&quot;}\">\n\t\t\t\t\t<div class=\"e-con-inner\">\n\t\t\t\t<div class=\"elementor-element elementor-element-800cdf8 elementor-widget elementor-widget-text-editor\" data-id=\"800cdf8\" data-element_type=\"widget\" data-widget_type=\"text-editor.default\">\n\t\t\t\t<div class=\"elementor-widget-container\">\n\t\t\t\t\t\t\t\t\t<h2 data-pm-slice=\"1 3 []\">Garantir e rentabilizar o financiamento das energias renov\u00e1veis<\/h2><p>Apoiamos os nossos parceiros com <strong>solu\u00e7\u00f5es de financiamento personalizadas<\/strong>, adaptados \u00e0 evolu\u00e7\u00e3o do mercado e aos objetivos de rentabilidade sustent\u00e1vel.<\/p><h3><strong>Tipos de financiamento dispon\u00edveis:<\/strong><\/h3><p>\u2705 <strong>Financiamento direto de projetos<\/strong> \u2705 <strong>Parcerias com empresas inovadoras e startups<\/strong> \u2705 <strong>Apoio estrat\u00e9gico e operacional<\/strong><\/p><h3><strong>Rentabilidade m\u00e9dia dos projetos financiados:<\/strong><\/h3><ul data-spread=\"false\"><li><p><strong>Solar e e\u00f3lica:<\/strong> 5-8% ao ano<\/p><\/li><li><p><strong>Hidrog\u00eanio verde:<\/strong> Forte potencial de longo prazo<\/p><\/li><li><p><strong>Gest\u00e3o de res\u00edduos e reciclagem:<\/strong> 7-10% ao ano<\/p><\/li><\/ul>\t\t\t\t\t\t\t\t<\/div>\n\t\t\t\t<\/div>\n\t\t\t\t\t<\/div>\n\t\t\t\t<\/div>\n\t\t<div class=\"elementor-element elementor-element-bd9d8a7 e-flex e-con-boxed elementor-invisible e-con e-parent\" data-id=\"bd9d8a7\" data-element_type=\"container\" data-settings=\"{&quot;background_background&quot;:&quot;classic&quot;,&quot;animation&quot;:&quot;fadeInUp&quot;}\">\n\t\t\t\t\t<div class=\"e-con-inner\">\n\t\t\t\t<div class=\"elementor-element elementor-element-bfcf760 elementor-widget elementor-widget-text-editor\" data-id=\"bfcf760\" data-element_type=\"widget\" data-widget_type=\"text-editor.default\">\n\t\t\t\t<div class=\"elementor-widget-container\">\n\t\t\t\t\t\t\t\t\t<h2 data-pm-slice=\"1 3 []\"><span style=\"color: #ffffff;\">Quem pode se beneficiar do nosso financiamento?<\/span><\/h2><h3><span style=\"color: #ffffff;\"><strong>Empresas e profissionais<\/strong><\/span><\/h3><ul data-spread=\"false\"><li><p><span style=\"color: #ffffff;\">Financiamento de novas infraestruturas energ\u00e9ticas<\/span><\/p><\/li><li><p><span style=\"color: #ffffff;\">Apoio a startups e empresas especializadas em energia verde<\/span><\/p><\/li><li><p><span style=\"color: #ffffff;\">Apoio \u00e0 integra\u00e7\u00e3o de energias renov\u00e1veis \u200b\u200bnos processos industriais<\/span><\/p><\/li><\/ul><h3><span style=\"color: #ffffff;\"><strong>Comunidades e organiza\u00e7\u00f5es<\/strong><\/span><\/h3><ul data-spread=\"false\"><li><p><span style=\"color: #ffffff;\">Desenvolvimento de projetos de autonomia energ\u00e9tica<\/span><\/p><\/li><li><p><span style=\"color: #ffffff;\">Financiamento de solu\u00e7\u00f5es sustent\u00e1veis \u200b\u200bpara gest\u00e3o de \u00e1gua e res\u00edduos<\/span><\/p><\/li><li><p><span style=\"color: #ffffff;\">Apoio a iniciativas locais de transi\u00e7\u00e3o ecol\u00f3gica<\/span><\/p><\/li><\/ul>\t\t\t\t\t\t\t\t<\/div>\n\t\t\t\t<\/div>\n\t\t\t\t\t<\/div>\n\t\t\t\t<\/div>\n\t\t<div class=\"elementor-element elementor-element-ef6d02e e-flex e-con-boxed elementor-invisible e-con e-parent\" data-id=\"ef6d02e\" data-element_type=\"container\" data-settings=\"{&quot;background_background&quot;:&quot;classic&quot;,&quot;animation&quot;:&quot;fadeInUp&quot;}\">\n\t\t\t\t\t<div class=\"e-con-inner\">\n\t\t\t\t<div class=\"elementor-element elementor-element-f462507 elementor-widget elementor-widget-text-editor\" data-id=\"f462507\" data-element_type=\"widget\" data-widget_type=\"text-editor.default\">\n\t\t\t\t<div class=\"elementor-widget-container\">\n\t\t\t\t\t\t\t\t\t<h2 data-pm-slice=\"1 1 []\">Por que escolher nosso grupo de investidores?<\/h2><p>N\u00f3s fornecemos <strong>um capital estrat\u00e9gico<\/strong> para financiar projetos <strong>inovadora, respons\u00e1vel e rent\u00e1vel<\/strong>, garantindo ao mesmo tempo uma <strong>suporte especializado<\/strong>.<\/p><h3><strong>Nossas vantagens:<\/strong><\/h3><p>\u2705 <strong>Acesso a financiamento vantajoso e flex\u00edvel<\/strong> \u2705 <strong>Tarifas competitivas adaptadas a projetos sustent\u00e1veis<\/strong> \u2705 <strong>Suporte personalizado para maximizar o impacto<\/strong> \u2705 <strong>Sele\u00e7\u00e3o rigorosa dos projetos financiados<\/strong><\/p>\t\t\t\t\t\t\t\t<\/div>\n\t\t\t\t<\/div>\n\t\t\t\t\t<\/div>\n\t\t\t\t<\/div>\n\t\t<div class=\"elementor-element elementor-element-974bc00 e-flex e-con-boxed elementor-invisible e-con e-parent\" data-id=\"974bc00\" data-element_type=\"container\" data-settings=\"{&quot;background_background&quot;:&quot;classic&quot;,&quot;animation&quot;:&quot;fadeInUp&quot;}\">\n\t\t\t\t\t<div class=\"e-con-inner\">\n\t\t\t\t<div class=\"elementor-element elementor-element-1a3c3dd elementor-widget elementor-widget-heading\" data-id=\"1a3c3dd\" data-element_type=\"widget\" data-widget_type=\"heading.default\">\n\t\t\t\t<div class=\"elementor-widget-container\">\n\t\t\t\t\t<h2 class=\"elementor-heading-title elementor-size-default\">Obtenha seu financiamento hoje mesmo!<\/h2>\t\t\t\t<\/div>\n\t\t\t\t<\/div>\n\t\t\t\t<div class=\"elementor-element elementor-element-d8b0f8a elementor-widget elementor-widget-text-editor\" data-id=\"d8b0f8a\" data-element_type=\"widget\" data-widget_type=\"text-editor.default\">\n\t\t\t\t<div class=\"elementor-widget-container\">\n\t\t\t\t\t\t\t\t\t<p data-pm-slice=\"1 1 []\">Tenha seu projeto de energia renov\u00e1vel e meio ambiente financiado com condi\u00e7\u00f5es \u00f3timas e suporte personalizado.<\/p>\t\t\t\t\t\t\t\t<\/div>\n\t\t\t\t<\/div>\n\t\t\t\t<div class=\"elementor-element elementor-element-db2b3a3 elementor-align-center elementor-widget elementor-widget-button\" data-id=\"db2b3a3\" data-element_type=\"widget\" data-widget_type=\"button.default\">\n\t\t\t\t<div class=\"elementor-widget-container\">\n\t\t\t\t\t\t\t\t\t<div class=\"elementor-button-wrapper\">\n\t\t\t\t\t<a class=\"elementor-button elementor-button-link elementor-size-sm\" href=\"https:\/\/flexifinanz.com\/pt\/demander-un-financement\/\">\n\t\t\t\t\t\t<span class=\"elementor-button-content-wrapper\">\n\t\t\t\t\t\t<span class=\"elementor-button-icon\">\n\t\t\t\t<svg aria-hidden=\"true\" class=\"e-font-icon-svg e-fas-arrow-right\" viewbox=\"0 0 448 512\" xmlns=\"http:\/\/www.w3.org\/2000\/svg\"><path d=\"M190.5 66.9l22.2-22.2c9.4-9.4 24.6-9.4 33.9 0L441 239c9.4 9.4 9.4 24.6 0 33.9L246.6 467.3c-9.4 9.4-24.6 9.4-33.9 0l-22.2-22.2c-9.5-9.5-9.3-25 .4-34.3L311.4 296H24c-13.3 0-24-10.7-24-24v-32c0-13.3 10.7-24 24-24h287.4L190.9 101.2c-9.8-9.3-10-24.8-.4-34.3z\"><\/path><\/svg>\t\t\t<\/span>\n\t\t\t\t\t\t\t\t\t<span class=\"elementor-button-text\">Solicitar financiamento<\/span>\n\t\t\t\t\t<\/span>\n\t\t\t\t\t<\/a>\n\t\t\t\t<\/div>\n\t\t\t\t\t\t\t\t<\/div>\n\t\t\t\t<\/div>\n\t\t\t\t\t<\/div>\n\t\t\t\t<\/div>\n\t\t\t\t<\/div>","protected":false},"excerpt":{"rendered":"<p>Pourquoi financer des projets dans les \u00e9nergies renouvelables ? Avec la transition \u00e9cologique en pleine acc\u00e9l\u00e9ration, le secteur des \u00e9nergies renouvelables repr\u00e9sente [&hellip;]<\/p>","protected":false},"author":1,"featured_media":332,"parent":192,"menu_order":0,"comment_status":"closed","ping_status":"closed","template":"","meta":{"om_disable_all_campaigns":false,"_monsterinsights_skip_tracking":false,"_monsterinsights_sitenote_active":false,"_monsterinsights_sitenote_note":"","_monsterinsights_sitenote_category":0,"footnotes":""},"class_list":["post-129","page","type-page","status-publish","has-post-thumbnail","hentry"],"aioseo_notices":[],"_links":{"self":[{"href":"https:\/\/flexifinanz.com\/pt\/wp-json\/wp\/v2\/pages\/129","targetHints":{"allow":["GET"]}}],"collection":[{"href":"https:\/\/flexifinanz.com\/pt\/wp-json\/wp\/v2\/pages"}],"about":[{"href":"https:\/\/flexifinanz.com\/pt\/wp-json\/wp\/v2\/types\/page"}],"author":[{"embeddable":true,"href":"https:\/\/flexifinanz.com\/pt\/wp-json\/wp\/v2\/users\/1"}],"replies":[{"embeddable":true,"href":"https:\/\/flexifinanz.com\/pt\/wp-json\/wp\/v2\/comments?post=129"}],"version-history":[{"count":0,"href":"https:\/\/flexifinanz.com\/pt\/wp-json\/wp\/v2\/pages\/129\/revisions"}],"up":[{"embeddable":true,"href":"https:\/\/flexifinanz.com\/pt\/wp-json\/wp\/v2\/pages\/192"}],"wp:featuredmedia":[{"embeddable":true,"href":"https:\/\/flexifinanz.com\/pt\/wp-json\/wp\/v2\/media\/332"}],"wp:attachment":[{"href":"https:\/\/flexifinanz.com\/pt\/wp-json\/wp\/v2\/media?parent=129"}],"curies":[{"name":"wp","href":"https:\/\/api.w.org\/{rel}","templated":true}]}}