{"id":124,"date":"2025-02-20T13:54:11","date_gmt":"2025-02-20T12:54:11","guid":{"rendered":"https:\/\/flexifinanz.com\/?page_id=124"},"modified":"2025-02-25T18:45:28","modified_gmt":"2025-02-25T17:45:28","slug":"financas-imobiliario","status":"publish","type":"page","link":"https:\/\/flexifinanz.com\/pt\/financiamento-por-duracao\/financas-imobiliario\/","title":{"rendered":"Financiamento Imobili\u00e1rio: Apoie Seus Projetos com Nossas Solu\u00e7\u00f5es"},"content":{"rendered":"<div data-elementor-type=\"wp-page\" data-elementor-id=\"124\" class=\"elementor elementor-124\" data-elementor-settings=\"{&quot;element_pack_global_tooltip_width&quot;:{&quot;unit&quot;:&quot;px&quot;,&quot;size&quot;:&quot;&quot;,&quot;sizes&quot;:[]},&quot;element_pack_global_tooltip_width_tablet&quot;:{&quot;unit&quot;:&quot;px&quot;,&quot;size&quot;:&quot;&quot;,&quot;sizes&quot;:[]},&quot;element_pack_global_tooltip_width_mobile&quot;:{&quot;unit&quot;:&quot;px&quot;,&quot;size&quot;:&quot;&quot;,&quot;sizes&quot;:[]},&quot;element_pack_global_tooltip_padding&quot;:{&quot;unit&quot;:&quot;px&quot;,&quot;top&quot;:&quot;&quot;,&quot;right&quot;:&quot;&quot;,&quot;bottom&quot;:&quot;&quot;,&quot;left&quot;:&quot;&quot;,&quot;isLinked&quot;:true},&quot;element_pack_global_tooltip_padding_tablet&quot;:{&quot;unit&quot;:&quot;px&quot;,&quot;top&quot;:&quot;&quot;,&quot;right&quot;:&quot;&quot;,&quot;bottom&quot;:&quot;&quot;,&quot;left&quot;:&quot;&quot;,&quot;isLinked&quot;:true},&quot;element_pack_global_tooltip_padding_mobile&quot;:{&quot;unit&quot;:&quot;px&quot;,&quot;top&quot;:&quot;&quot;,&quot;right&quot;:&quot;&quot;,&quot;bottom&quot;:&quot;&quot;,&quot;left&quot;:&quot;&quot;,&quot;isLinked&quot;:true},&quot;element_pack_global_tooltip_border_radius&quot;:{&quot;unit&quot;:&quot;px&quot;,&quot;top&quot;:&quot;&quot;,&quot;right&quot;:&quot;&quot;,&quot;bottom&quot;:&quot;&quot;,&quot;left&quot;:&quot;&quot;,&quot;isLinked&quot;:true},&quot;element_pack_global_tooltip_border_radius_tablet&quot;:{&quot;unit&quot;:&quot;px&quot;,&quot;top&quot;:&quot;&quot;,&quot;right&quot;:&quot;&quot;,&quot;bottom&quot;:&quot;&quot;,&quot;left&quot;:&quot;&quot;,&quot;isLinked&quot;:true},&quot;element_pack_global_tooltip_border_radius_mobile&quot;:{&quot;unit&quot;:&quot;px&quot;,&quot;top&quot;:&quot;&quot;,&quot;right&quot;:&quot;&quot;,&quot;bottom&quot;:&quot;&quot;,&quot;left&quot;:&quot;&quot;,&quot;isLinked&quot;:true}}\" data-elementor-post-type=\"page\">\n\t\t\t\t<div class=\"elementor-element elementor-element-0c25459 e-flex e-con-boxed e-con e-parent\" data-id=\"0c25459\" data-element_type=\"container\" data-settings=\"{&quot;background_background&quot;:&quot;classic&quot;}\">\n\t\t\t\t\t<div class=\"e-con-inner\">\n\t\t\t\t<div class=\"elementor-element elementor-element-c107f7f elementor-widget elementor-widget-text-editor\" data-id=\"c107f7f\" data-element_type=\"widget\" data-widget_type=\"text-editor.default\">\n\t\t\t\t<div class=\"elementor-widget-container\">\n\t\t\t\t\t\t\t\t\t<h2 data-pm-slice=\"1 3 []\">Por que escolher nosso financiamento imobili\u00e1rio?<\/h2><p>Somos um grupo de investidores especializados em <strong>financiamento de projetos imobili\u00e1rios<\/strong>. Seja voc\u00ea um desenvolvedor, um investidor ou uma empresa, n\u00f3s lhe fornecemos <strong>os recursos financeiros necess\u00e1rios<\/strong> para tornar seu projeto uma realidade. Gra\u00e7as \u00e0s nossas solu\u00e7\u00f5es flex\u00edveis e aos nossos <strong>taxa vantajosa<\/strong>, facilitamos o acesso ao financiamento para maximizar sua lucratividade e garantir seu investimento.<\/p><p>Nossa miss\u00e3o: <strong>acompanh\u00e1-lo em cada passo do caminho<\/strong>, desde o planejamento financeiro at\u00e9 a conclus\u00e3o do seu projeto imobili\u00e1rio.<\/p><h2>Nossas solu\u00e7\u00f5es de financiamento imobili\u00e1rio<\/h2><h3>\ud83c\udfe1 <strong>Financiamento Imobili\u00e1rio Residencial<\/strong><\/h3><p>Financiamos a aquisi\u00e7\u00e3o e constru\u00e7\u00e3o de im\u00f3veis residenciais destinados \u00e0 loca\u00e7\u00e3o ou revenda.<\/p><p><strong>Nossas ofertas de financiamento:<\/strong><\/p><ul data-spread=\"false\"><li><p>Aquisi\u00e7\u00e3o de resid\u00eancias prim\u00e1rias e secund\u00e1rias<\/p><\/li><li><p>Desenvolvimento de programas imobili\u00e1rios residenciais<\/p><\/li><li><p>Financiamento de projetos de arrendamento<\/p><\/li><\/ul><h3>\ud83c\udfe2 <strong>Financiamento imobili\u00e1rio comercial<\/strong><\/h3><p>Escrit\u00f3rios, instala\u00e7\u00f5es comerciais e centros de neg\u00f3cios exigem financiamento adaptado ao seu desenvolvimento. Oferecemos solu\u00e7\u00f5es de financiamento personalizadas para esses ativos estrat\u00e9gicos.<\/p><p><strong>Nossas ofertas de financiamento:<\/strong><\/p><ul data-spread=\"false\"><li><p>Aquisi\u00e7\u00e3o e constru\u00e7\u00e3o de escrit\u00f3rios e lojas<\/p><\/li><li><p>Financiamento de espa\u00e7os de coworking e centros comerciais<\/p><\/li><li><p>Apoio \u00e0s empresas com as suas necessidades de instala\u00e7\u00f5es profissionais<\/p><\/li><\/ul><h3>\ud83c\udfe0 <strong>Financiamento de Propriedade para Aluguel<\/strong><\/h3><p>Apoiamos investidores na aquisi\u00e7\u00e3o e gest\u00e3o de im\u00f3veis destinados \u00e0 loca\u00e7\u00e3o.<\/p><p><strong>Nossas ofertas de financiamento:<\/strong><\/p><ul data-spread=\"false\"><li><p>Investimento em arrendamento mobilado (LMNP)<\/p><\/li><li><p>Participa\u00e7\u00e3o em SCPIs (Sociedades Civis de Investimento Imobili\u00e1rio)<\/p><\/li><li><p>Financiamento de resid\u00eancias estudantis e s\u00e9niores<\/p><\/li><\/ul><h3>\ud83c\udfe1 <strong>Im\u00f3veis de Luxo<\/strong><\/h3><p>Financiamos a aquisi\u00e7\u00e3o de im\u00f3veis excepcionais e projetos de alto padr\u00e3o para investidores que desejam se posicionar no mercado de prest\u00edgio.<\/p><p><strong>Nossas ofertas de financiamento:<\/strong><\/p><ul data-spread=\"false\"><li><p>Aquisi\u00e7\u00e3o de moradias e propriedades de prest\u00edgio<\/p><\/li><li><p>Financiamento de projetos imobili\u00e1rios exclusivos<\/p><\/li><li><p>Investimento em hot\u00e9is de luxo<\/p><\/li><\/ul><h3>\ud83c\udfd7 <strong>Financiamento Imobili\u00e1rio Crowdfunding<\/strong><\/h3><p>Permitimos que os investidores participem de <strong>projetos de desenvolvimento imobili\u00e1rio<\/strong> por meio de plataformas de financiamento e estrutura\u00e7\u00e3o de capta\u00e7\u00e3o de recursos.<\/p><p><strong>Nossas ofertas de financiamento:<\/strong><\/p><ul data-spread=\"false\"><li><p>Financiamento coletivo de programas residenciais ou comerciais<\/p><\/li><li><p>Apoio a promotores imobili\u00e1rios<\/p><\/li><li><p>Desenvolvimento de plataformas de crowdfunding imobili\u00e1rio<\/p><\/li><\/ul><h3>\ud83c\udfda <strong>Renova\u00e7\u00e3o e Reabilita\u00e7\u00e3o Urbana<\/strong><\/h3><p>Financiamos projetos de renova\u00e7\u00e3o para aumentar o valor de propriedades antigas e otimizar sua lucratividade.<\/p><p><strong>Nossas ofertas de financiamento:<\/strong><\/p><ul data-spread=\"false\"><li><p>Reabilita\u00e7\u00e3o de edif\u00edcios hist\u00f3ricos e antigos<\/p><\/li><li><p>Financiamento de obras de melhoria energ\u00e9tica<\/p><\/li><li><p>Transforma\u00e7\u00e3o de espa\u00e7os em habita\u00e7\u00e3o ou neg\u00f3cios<\/p><\/li><\/ul><h3>\ud83c\udfe0 <strong>Financiamento de Coliving e Coworking<\/strong><\/h3><p>Novas tend\u00eancias no mercado imobili\u00e1rio exigem financiamento adequado. Apoiamos investidores nesses setores de r\u00e1pido crescimento.<\/p><p><strong>Nossas ofertas de financiamento:<\/strong><\/p><ul data-spread=\"false\"><li><p>Desenvolvimento de espa\u00e7os de coliving<\/p><\/li><li><p>Cria\u00e7\u00e3o e expans\u00e3o de espa\u00e7os de coworking<\/p><\/li><li><p>Financiamento de resid\u00eancias partilhadas e novas formas de habita\u00e7\u00e3o<\/p><\/li><\/ul>\t\t\t\t\t\t\t\t<\/div>\n\t\t\t\t<\/div>\n\t\t\t\t\t<\/div>\n\t\t\t\t<\/div>\n\t\t<div class=\"elementor-element elementor-element-1a09db9 e-flex e-con-boxed elementor-invisible e-con e-parent\" data-id=\"1a09db9\" data-element_type=\"container\" data-settings=\"{&quot;background_background&quot;:&quot;classic&quot;,&quot;animation&quot;:&quot;fadeInUp&quot;}\">\n\t\t\t\t\t<div class=\"e-con-inner\">\n\t\t\t\t<div class=\"elementor-element elementor-element-dcd083a elementor-widget elementor-widget-text-editor\" data-id=\"dcd083a\" data-element_type=\"widget\" data-widget_type=\"text-editor.default\">\n\t\t\t\t<div class=\"elementor-widget-container\">\n\t\t\t\t\t\t\t\t\t<h2 data-pm-slice=\"1 1 []\">Garantia e financiamento flex\u00edvel<\/h2><p>Oferecemos solu\u00e7\u00f5es de financiamento adaptadas a cada projeto imobili\u00e1rio, com condi\u00e7\u00f5es favor\u00e1veis \u200b\u200bpara otimizar a rentabilidade.<\/p><h3><strong>Nossas solu\u00e7\u00f5es de financiamento:<\/strong><\/h3><p>\u2705 <strong>Cr\u00e9dito imobili\u00e1rio com taxas competitivas<\/strong> \u2705 <strong>Linhas de cr\u00e9dito para desenvolvedores e investidores<\/strong> \u2705 <strong>Solu\u00e7\u00f5es de crowdfunding<\/strong> \u2705 <strong>Suporte e aconselhamento para maximizar o desempenho<\/strong><\/p>\t\t\t\t\t\t\t\t<\/div>\n\t\t\t\t<\/div>\n\t\t\t\t\t<\/div>\n\t\t\t\t<\/div>\n\t\t<div class=\"elementor-element elementor-element-7f9a000 e-flex e-con-boxed elementor-invisible e-con e-parent\" data-id=\"7f9a000\" data-element_type=\"container\" data-settings=\"{&quot;background_background&quot;:&quot;classic&quot;,&quot;animation&quot;:&quot;fadeInUp&quot;}\">\n\t\t\t\t\t<div class=\"e-con-inner\">\n\t\t\t\t<div class=\"elementor-element elementor-element-af0010e elementor-widget elementor-widget-text-editor\" data-id=\"af0010e\" data-element_type=\"widget\" data-widget_type=\"text-editor.default\">\n\t\t\t\t<div class=\"elementor-widget-container\">\n\t\t\t\t\t\t\t\t\t<h2 data-pm-slice=\"1 3 []\"><span style=\"color: #ffffff;\">Quem pode se beneficiar do nosso financiamento?<\/span><\/h2><h3><span style=\"color: #ffffff;\">Indiv\u00edduos e investidores privados<\/span><\/h3><ul data-spread=\"false\"><li><p><span style=\"color: #ffffff;\">Aquisi\u00e7\u00e3o de resid\u00eancias prim\u00e1rias e secund\u00e1rias<\/span><\/p><\/li><li><p><span style=\"color: #ffffff;\">Financiamento de projetos de arrendamento<\/span><\/p><\/li><li><p><span style=\"color: #ffffff;\">Acesso a SCPIs e outros produtos imobili\u00e1rios<\/span><\/p><\/li><\/ul><h3><span style=\"color: #ffffff;\">Desenvolvedores e empresas<\/span><\/h3><ul data-spread=\"false\"><li><p><span style=\"color: #ffffff;\">Desenvolvimento de programas imobili\u00e1rios<\/span><\/p><\/li><li><p><span style=\"color: #ffffff;\">Financiamento de escrit\u00f3rios e instala\u00e7\u00f5es comerciais<\/span><\/p><\/li><li><p><span style=\"color: #ffffff;\">Reabilita\u00e7\u00e3o e planeamento urbano<\/span><\/p><\/li><\/ul>\t\t\t\t\t\t\t\t<\/div>\n\t\t\t\t<\/div>\n\t\t\t\t\t<\/div>\n\t\t\t\t<\/div>\n\t\t<div class=\"elementor-element elementor-element-9751160 e-flex e-con-boxed elementor-invisible e-con e-parent\" data-id=\"9751160\" data-element_type=\"container\" data-settings=\"{&quot;background_background&quot;:&quot;classic&quot;,&quot;animation&quot;:&quot;fadeInUp&quot;}\">\n\t\t\t\t\t<div class=\"e-con-inner\">\n\t\t\t\t<div class=\"elementor-element elementor-element-fbedcbb elementor-widget elementor-widget-text-editor\" data-id=\"fbedcbb\" data-element_type=\"widget\" data-widget_type=\"text-editor.default\">\n\t\t\t\t<div class=\"elementor-widget-container\">\n\t\t\t\t\t\t\t\t\t<h2 data-pm-slice=\"1 1 []\">Por que financiar seu projeto conosco?<\/h2><p>N\u00f3s fornecemos <strong>solu\u00e7\u00f5es sob medida<\/strong> para cada empreendimento imobili\u00e1rio, garantindo <strong>taxa vantajosa<\/strong> e um <strong>suporte personalizado<\/strong> para otimizar a lucratividade.<\/p><h3>Nossas vantagens:<\/h3><p>\u2705 <strong>Acesso a financiamento adequado<\/strong> \u2705 <strong>Tarifas flex\u00edveis e competitivas<\/strong> \u2705 <strong>Apoio estrat\u00e9gico e jur\u00eddico<\/strong> \u2705 <strong>Processo r\u00e1pido e simplificado<\/strong><\/p>\t\t\t\t\t\t\t\t<\/div>\n\t\t\t\t<\/div>\n\t\t\t\t\t<\/div>\n\t\t\t\t<\/div>\n\t\t<div class=\"elementor-element elementor-element-88749ff e-flex e-con-boxed elementor-invisible e-con e-parent\" data-id=\"88749ff\" data-element_type=\"container\" data-settings=\"{&quot;background_background&quot;:&quot;classic&quot;,&quot;animation&quot;:&quot;fadeInUp&quot;}\">\n\t\t\t\t\t<div class=\"e-con-inner\">\n\t\t\t\t<div class=\"elementor-element elementor-element-7ac630f elementor-widget elementor-widget-heading\" data-id=\"7ac630f\" data-element_type=\"widget\" data-widget_type=\"heading.default\">\n\t\t\t\t<div class=\"elementor-widget-container\">\n\t\t\t\t\t<h2 class=\"elementor-heading-title elementor-size-default\">Obtenha seu financiamento hoje mesmo!<\/h2>\t\t\t\t<\/div>\n\t\t\t\t<\/div>\n\t\t\t\t<div class=\"elementor-element elementor-element-282e83b elementor-widget elementor-widget-text-editor\" data-id=\"282e83b\" data-element_type=\"widget\" data-widget_type=\"text-editor.default\">\n\t\t\t\t<div class=\"elementor-widget-container\">\n\t\t\t\t\t\t\t\t\t<p data-pm-slice=\"1 1 []\">Tenha seu projeto imobili\u00e1rio financiado com condi\u00e7\u00f5es \u00f3timas e acompanhamento personalizado.<\/p>\t\t\t\t\t\t\t\t<\/div>\n\t\t\t\t<\/div>\n\t\t\t\t<div class=\"elementor-element elementor-element-243bd4e elementor-align-center elementor-widget elementor-widget-button\" data-id=\"243bd4e\" data-element_type=\"widget\" data-widget_type=\"button.default\">\n\t\t\t\t<div class=\"elementor-widget-container\">\n\t\t\t\t\t\t\t\t\t<div class=\"elementor-button-wrapper\">\n\t\t\t\t\t<a class=\"elementor-button elementor-button-link elementor-size-sm\" href=\"https:\/\/flexifinanz.com\/pt\/demander-un-financement\/\">\n\t\t\t\t\t\t<span class=\"elementor-button-content-wrapper\">\n\t\t\t\t\t\t<span class=\"elementor-button-icon\">\n\t\t\t\t<svg aria-hidden=\"true\" class=\"e-font-icon-svg e-fas-arrow-right\" viewbox=\"0 0 448 512\" xmlns=\"http:\/\/www.w3.org\/2000\/svg\"><path d=\"M190.5 66.9l22.2-22.2c9.4-9.4 24.6-9.4 33.9 0L441 239c9.4 9.4 9.4 24.6 0 33.9L246.6 467.3c-9.4 9.4-24.6 9.4-33.9 0l-22.2-22.2c-9.5-9.5-9.3-25 .4-34.3L311.4 296H24c-13.3 0-24-10.7-24-24v-32c0-13.3 10.7-24 24-24h287.4L190.9 101.2c-9.8-9.3-10-24.8-.4-34.3z\"><\/path><\/svg>\t\t\t<\/span>\n\t\t\t\t\t\t\t\t\t<span class=\"elementor-button-text\">Solicitar financiamento<\/span>\n\t\t\t\t\t<\/span>\n\t\t\t\t\t<\/a>\n\t\t\t\t<\/div>\n\t\t\t\t\t\t\t\t<\/div>\n\t\t\t\t<\/div>\n\t\t\t\t\t<\/div>\n\t\t\t\t<\/div>\n\t\t\t\t<\/div>","protected":false},"excerpt":{"rendered":"<p>Pourquoi choisir notre financement immobilier ? Nous sommes un groupe d\u2019investisseurs sp\u00e9cialis\u00e9s dans le financement de projets immobiliers. Que vous soyez un [&hellip;]<\/p>","protected":false},"author":1,"featured_media":930,"parent":192,"menu_order":0,"comment_status":"closed","ping_status":"closed","template":"","meta":{"om_disable_all_campaigns":false,"_monsterinsights_skip_tracking":false,"_monsterinsights_sitenote_active":false,"_monsterinsights_sitenote_note":"","_monsterinsights_sitenote_category":0,"footnotes":""},"class_list":["post-124","page","type-page","status-publish","has-post-thumbnail","hentry"],"aioseo_notices":[],"_links":{"self":[{"href":"https:\/\/flexifinanz.com\/pt\/wp-json\/wp\/v2\/pages\/124","targetHints":{"allow":["GET"]}}],"collection":[{"href":"https:\/\/flexifinanz.com\/pt\/wp-json\/wp\/v2\/pages"}],"about":[{"href":"https:\/\/flexifinanz.com\/pt\/wp-json\/wp\/v2\/types\/page"}],"author":[{"embeddable":true,"href":"https:\/\/flexifinanz.com\/pt\/wp-json\/wp\/v2\/users\/1"}],"replies":[{"embeddable":true,"href":"https:\/\/flexifinanz.com\/pt\/wp-json\/wp\/v2\/comments?post=124"}],"version-history":[{"count":0,"href":"https:\/\/flexifinanz.com\/pt\/wp-json\/wp\/v2\/pages\/124\/revisions"}],"up":[{"embeddable":true,"href":"https:\/\/flexifinanz.com\/pt\/wp-json\/wp\/v2\/pages\/192"}],"wp:featuredmedia":[{"embeddable":true,"href":"https:\/\/flexifinanz.com\/pt\/wp-json\/wp\/v2\/media\/930"}],"wp:attachment":[{"href":"https:\/\/flexifinanz.com\/pt\/wp-json\/wp\/v2\/media?parent=124"}],"curies":[{"name":"wp","href":"https:\/\/api.w.org\/{rel}","templated":true}]}}