{"id":115,"date":"2025-02-20T13:29:50","date_gmt":"2025-02-20T12:29:50","guid":{"rendered":"https:\/\/flexifinanz.com\/?page_id=115"},"modified":"2025-02-25T18:45:36","modified_gmt":"2025-02-25T17:45:36","slug":"investir-em-tecnologia-e-inovacao","status":"publish","type":"page","link":"https:\/\/flexifinanz.com\/pt\/financiamento-por-duracao\/investir-em-tecnologia-e-inovacao\/","title":{"rendered":"Financiamento de Tecnologia e Inova\u00e7\u00e3o: Oportunidades e Retornos"},"content":{"rendered":"<div data-elementor-type=\"wp-page\" data-elementor-id=\"115\" class=\"elementor elementor-115\" data-elementor-settings=\"{&quot;element_pack_global_tooltip_width&quot;:{&quot;unit&quot;:&quot;px&quot;,&quot;size&quot;:&quot;&quot;,&quot;sizes&quot;:[]},&quot;element_pack_global_tooltip_width_tablet&quot;:{&quot;unit&quot;:&quot;px&quot;,&quot;size&quot;:&quot;&quot;,&quot;sizes&quot;:[]},&quot;element_pack_global_tooltip_width_mobile&quot;:{&quot;unit&quot;:&quot;px&quot;,&quot;size&quot;:&quot;&quot;,&quot;sizes&quot;:[]},&quot;element_pack_global_tooltip_padding&quot;:{&quot;unit&quot;:&quot;px&quot;,&quot;top&quot;:&quot;&quot;,&quot;right&quot;:&quot;&quot;,&quot;bottom&quot;:&quot;&quot;,&quot;left&quot;:&quot;&quot;,&quot;isLinked&quot;:true},&quot;element_pack_global_tooltip_padding_tablet&quot;:{&quot;unit&quot;:&quot;px&quot;,&quot;top&quot;:&quot;&quot;,&quot;right&quot;:&quot;&quot;,&quot;bottom&quot;:&quot;&quot;,&quot;left&quot;:&quot;&quot;,&quot;isLinked&quot;:true},&quot;element_pack_global_tooltip_padding_mobile&quot;:{&quot;unit&quot;:&quot;px&quot;,&quot;top&quot;:&quot;&quot;,&quot;right&quot;:&quot;&quot;,&quot;bottom&quot;:&quot;&quot;,&quot;left&quot;:&quot;&quot;,&quot;isLinked&quot;:true},&quot;element_pack_global_tooltip_border_radius&quot;:{&quot;unit&quot;:&quot;px&quot;,&quot;top&quot;:&quot;&quot;,&quot;right&quot;:&quot;&quot;,&quot;bottom&quot;:&quot;&quot;,&quot;left&quot;:&quot;&quot;,&quot;isLinked&quot;:true},&quot;element_pack_global_tooltip_border_radius_tablet&quot;:{&quot;unit&quot;:&quot;px&quot;,&quot;top&quot;:&quot;&quot;,&quot;right&quot;:&quot;&quot;,&quot;bottom&quot;:&quot;&quot;,&quot;left&quot;:&quot;&quot;,&quot;isLinked&quot;:true},&quot;element_pack_global_tooltip_border_radius_mobile&quot;:{&quot;unit&quot;:&quot;px&quot;,&quot;top&quot;:&quot;&quot;,&quot;right&quot;:&quot;&quot;,&quot;bottom&quot;:&quot;&quot;,&quot;left&quot;:&quot;&quot;,&quot;isLinked&quot;:true}}\" data-elementor-post-type=\"page\">\n\t\t\t\t<div class=\"elementor-element elementor-element-6c74d54 e-flex e-con-boxed e-con e-parent\" data-id=\"6c74d54\" data-element_type=\"container\" data-settings=\"{&quot;background_background&quot;:&quot;classic&quot;}\">\n\t\t\t\t\t<div class=\"e-con-inner\">\n\t\t\t\t<div class=\"elementor-element elementor-element-cfeed54 elementor-widget elementor-widget-text-editor\" data-id=\"cfeed54\" data-element_type=\"widget\" data-widget_type=\"text-editor.default\">\n\t\t\t\t<div class=\"elementor-widget-container\">\n\t\t\t\t\t\t\t\t\t<h2 data-pm-slice=\"1 3 []\">Por que financiar tecnologia e inova\u00e7\u00e3o?<\/h2><p>O setor de tecnologia est\u00e1 em constante evolu\u00e7\u00e3o e \u00e9 um dos setores mais promissores para empreendedores e empresas. Com avan\u00e7os constantes em intelig\u00eancia artificial, seguran\u00e7a cibern\u00e9tica, blockchain e MedTech, h\u00e1 in\u00fameras oportunidades para desenvolver projetos de larga escala e gerar retornos financeiros significativos.<\/p><p>A inova\u00e7\u00e3o tecnol\u00f3gica impacta empresas, governos e consumidores, tornando-se um campo ideal para l\u00edderes de projetos que buscam inovar e crescer rapidamente. Por meio do nosso financiamento, permitimos que empresas acessem os recursos necess\u00e1rios para acelerar seu desenvolvimento e concretizar suas ambi\u00e7\u00f5es tecnol\u00f3gicas.<\/p><h2>Oportunidades de financiamento em tecnologia e inova\u00e7\u00e3o<\/h2><h3>1. Intelig\u00eancia Artificial (IA)<\/h3><p>A IA est\u00e1 transformando setores inteiros, da sa\u00fade \u00e0s finan\u00e7as e \u00e0 manufatura. Nossas solu\u00e7\u00f5es de financiamento permitem que empresas desenvolvam e integrem tecnologias avan\u00e7adas de IA.<\/p><p><strong>Exemplos de financiamento:<\/strong><\/p><ul data-spread=\"false\"><li><p>Startups especializadas em aprendizado de m\u00e1quina e aprendizado profundo<\/p><\/li><li><p>Software de automa\u00e7\u00e3o de processos (RPA)<\/p><\/li><li><p>Sistemas de IA aplicados \u00e0 ciberseguran\u00e7a<\/p><\/li><\/ul><h3>2. Seguran\u00e7a cibern\u00e9tica<\/h3><p>Com o aumento dos ataques cibern\u00e9ticos, a seguran\u00e7a digital se tornou uma prioridade para empresas e governos. Apoiamos empresas na implementa\u00e7\u00e3o de solu\u00e7\u00f5es robustas de seguran\u00e7a cibern\u00e9tica.<\/p><p><strong>Exemplos de financiamento:<\/strong><\/p><ul data-spread=\"false\"><li><p>Solu\u00e7\u00f5es de prote\u00e7\u00e3o e autentica\u00e7\u00e3o de dados<\/p><\/li><li><p>Intelig\u00eancia artificial aplicada \u00e0 detec\u00e7\u00e3o de amea\u00e7as cibern\u00e9ticas<\/p><\/li><li><p>Empresas de an\u00e1lise e preven\u00e7\u00e3o de ataques inform\u00e1ticos<\/p><\/li><\/ul><h3>3. Blockchain e Criptomoedas<\/h3><p>Blockchain \u00e9 muito mais do que uma tecnologia que d\u00e1 suporte a criptomoedas; Permite a cria\u00e7\u00e3o de sistemas de transa\u00e7\u00f5es seguros, transparentes e descentralizados. Financiamos empresas inovadoras neste campo.<\/p><p><strong>Exemplos de financiamento:<\/strong><\/p><ul data-spread=\"false\"><li><p>Projetos DeFi (finan\u00e7as descentralizadas)<\/p><\/li><li><p>Plataformas de c\u00e2mbio de criptomoedas<\/p><\/li><li><p>Empresas que desenvolvem solu\u00e7\u00f5es de blockchain para o setor banc\u00e1rio<\/p><\/li><\/ul><h3>4. FinTech (Tecnologias Financeiras)<\/h3><p>As empresas de FinTech est\u00e3o modernizando os servi\u00e7os banc\u00e1rios e de pagamento, facilitando as transa\u00e7\u00f5es digitais e o acesso a servi\u00e7os financeiros. Nosso financiamento permite que as FinTechs cres\u00e7am e inovem rapidamente.<\/p><p><strong>Exemplos de financiamento:<\/strong><\/p><ul data-spread=\"false\"><li><p>Neobancos e servi\u00e7os banc\u00e1rios digitais<\/p><\/li><li><p>Plataformas de empr\u00e9stimos e financiamento coletivo<\/p><\/li><li><p>Solu\u00e7\u00f5es de pagamento m\u00f3vel e carteiras eletr\u00f4nicas<\/p><\/li><\/ul><h3>5. EdTech (Tecnologias Educacionais)<\/h3><p>A educa\u00e7\u00e3o digital est\u00e1 crescendo com o surgimento de plataformas de aprendizagem online e ferramentas de ensino interativas. Apoiamos empresas que est\u00e3o revolucionando esse setor.<\/p><p><strong>Exemplos de financiamento:<\/strong><\/p><ul data-spread=\"false\"><li><p>Startups de treinamento online e MOOCs<\/p><\/li><li><p>Intelig\u00eancia artificial aplicada \u00e0 educa\u00e7\u00e3o<\/p><\/li><li><p>Solu\u00e7\u00f5es de Realidade Virtual para Educa\u00e7\u00e3o<\/p><\/li><\/ul><h3>6. MedTech e Biotecnologia<\/h3><p>As inova\u00e7\u00f5es tecnol\u00f3gicas no campo da sa\u00fade permitem melhorias no diagn\u00f3stico, tratamento e gerenciamento de dados m\u00e9dicos. Financiamos empresas que desenvolvem esses avan\u00e7os m\u00e9dicos.<\/p><p><strong>Exemplos de financiamento:<\/strong><\/p><ul data-spread=\"false\"><li><p>Intelig\u00eancia artificial aplicada \u00e0 medicina<\/p><\/li><li><p>Desenvolvimento de dispositivos m\u00e9dicos conectados<\/p><\/li><li><p>Biotecnologias aplicadas a tratamentos inovadores<\/p><\/li><\/ul>\t\t\t\t\t\t\t\t<\/div>\n\t\t\t\t<\/div>\n\t\t\t\t\t<\/div>\n\t\t\t\t<\/div>\n\t\t<div class=\"elementor-element elementor-element-dd4e551 e-flex e-con-boxed elementor-invisible e-con e-parent\" data-id=\"dd4e551\" data-element_type=\"container\" data-settings=\"{&quot;background_background&quot;:&quot;classic&quot;,&quot;animation&quot;:&quot;fadeInUp&quot;}\">\n\t\t\t\t\t<div class=\"e-con-inner\">\n\t\t\t\t<div class=\"elementor-element elementor-element-f87f72a elementor-widget elementor-widget-text-editor\" data-id=\"f87f72a\" data-element_type=\"widget\" data-widget_type=\"text-editor.default\">\n\t\t\t\t<div class=\"elementor-widget-container\">\n\t\t\t\t\t\t\t\t\t<h2 data-pm-slice=\"1 3 []\">Garantia e financiamento flex\u00edvel<\/h2><p>Entendemos os desafios do financiamento de projetos de tecnologia. \u00c9 por isso que oferecemos solu\u00e7\u00f5es adaptadas \u00e0s necessidades das empresas inovadoras, com <strong>taxas competitivas e termos flex\u00edveis<\/strong>.<\/p><h3><strong>Tipos de financiamento dispon\u00edveis:<\/strong><\/h3><ul data-spread=\"false\"><li><p><strong>Financiamento r\u00e1pido<\/strong> para necessidades imediatas de fluxo de caixa<\/p><\/li><li><p><strong>Linhas de cr\u00e9dito de tecnologia<\/strong> para apoiar o crescimento<\/p><\/li><li><p><strong>Investimento de capital de risco ou de capital pr\u00f3prio<\/strong><\/p><\/li><\/ul>\t\t\t\t\t\t\t\t<\/div>\n\t\t\t\t<\/div>\n\t\t\t\t\t<\/div>\n\t\t\t\t<\/div>\n\t\t<div class=\"elementor-element elementor-element-41884f1 e-flex e-con-boxed elementor-invisible e-con e-parent\" data-id=\"41884f1\" data-element_type=\"container\" data-settings=\"{&quot;background_background&quot;:&quot;classic&quot;,&quot;animation&quot;:&quot;fadeInUp&quot;}\">\n\t\t\t\t\t<div class=\"e-con-inner\">\n\t\t\t\t<div class=\"elementor-element elementor-element-6277d22 elementor-widget elementor-widget-text-editor\" data-id=\"6277d22\" data-element_type=\"widget\" data-widget_type=\"text-editor.default\">\n\t\t\t\t<div class=\"elementor-widget-container\">\n\t\t\t\t\t\t\t\t\t<h2 data-pm-slice=\"1 3 []\"><span style=\"color: #ffffff;\">Quem pode se beneficiar do nosso financiamento?<\/span><\/h2><h3><span style=\"color: #ffffff;\">Startups e empresas de tecnologia<\/span><\/h3><ul data-spread=\"false\"><li><p><span style=\"color: #ffffff;\">Acelerando o desenvolvimento de produtos<\/span><\/p><\/li><li><p><span style=\"color: #ffffff;\">Expans\u00e3o e crescimento internacional<\/span><\/p><\/li><li><p><span style=\"color: #ffffff;\">Fortalecimento da infraestrutura digital<\/span><\/p><\/li><\/ul><h3><span style=\"color: #ffffff;\">Profissionais e grandes empresas<\/span><\/h3><ul data-spread=\"false\"><li><p><span style=\"color: #ffffff;\">Moderniza\u00e7\u00e3o de processos industriais<\/span><\/p><\/li><li><p><span style=\"color: #ffffff;\">Integra\u00e7\u00e3o de novas tecnologias em atividades existentes<\/span><\/p><\/li><li><p><span style=\"color: #ffffff;\">Desenvolvimento de solu\u00e7\u00f5es SaaS e plataformas digitais<\/span><\/p><\/li><\/ul>\t\t\t\t\t\t\t\t<\/div>\n\t\t\t\t<\/div>\n\t\t\t\t\t<\/div>\n\t\t\t\t<\/div>\n\t\t<div class=\"elementor-element elementor-element-932598e e-flex e-con-boxed elementor-invisible e-con e-parent\" data-id=\"932598e\" data-element_type=\"container\" data-settings=\"{&quot;background_background&quot;:&quot;classic&quot;,&quot;animation&quot;:&quot;fadeInUp&quot;}\">\n\t\t\t\t\t<div class=\"e-con-inner\">\n\t\t\t\t<div class=\"elementor-element elementor-element-fd19a8f elementor-widget elementor-widget-text-editor\" data-id=\"fd19a8f\" data-element_type=\"widget\" data-widget_type=\"text-editor.default\">\n\t\t\t\t<div class=\"elementor-widget-container\">\n\t\t\t\t\t\t\t\t\t<h2 data-pm-slice=\"1 1 []\">Por que escolher nosso grupo de financiamento?<\/h2><p>Oferecemos solu\u00e7\u00f5es de financiamento adaptadas a cada projeto de tecnologia, garantindo suporte estrat\u00e9gico e condi\u00e7\u00f5es otimizadas para um r\u00e1pido crescimento.<\/p><h3>Nossas vantagens:<\/h3><p>\u2705 <strong>Acesso a financiamento personalizado<\/strong> \u2705 <strong>Taxas de reembolso competitivas e flex\u00edveis<\/strong> \u2705 <strong>Apoio estrat\u00e9gico e networking com especialistas<\/strong> \u2705 <strong>Processo simplificado e r\u00e1pido<\/strong><\/p>\t\t\t\t\t\t\t\t<\/div>\n\t\t\t\t<\/div>\n\t\t\t\t\t<\/div>\n\t\t\t\t<\/div>\n\t\t<div class=\"elementor-element elementor-element-4ddc2db e-flex e-con-boxed elementor-invisible e-con e-parent\" data-id=\"4ddc2db\" data-element_type=\"container\" data-settings=\"{&quot;background_background&quot;:&quot;classic&quot;,&quot;animation&quot;:&quot;fadeInUp&quot;}\">\n\t\t\t\t\t<div class=\"e-con-inner\">\n\t\t\t\t<div class=\"elementor-element elementor-element-2e2cf90 elementor-widget elementor-widget-heading\" data-id=\"2e2cf90\" data-element_type=\"widget\" data-widget_type=\"heading.default\">\n\t\t\t\t<div class=\"elementor-widget-container\">\n\t\t\t\t\t<h2 class=\"elementor-heading-title elementor-size-default\">Obtenha seu financiamento hoje mesmo!<\/h2>\t\t\t\t<\/div>\n\t\t\t\t<\/div>\n\t\t\t\t<div class=\"elementor-element elementor-element-5f955b3 elementor-widget elementor-widget-text-editor\" data-id=\"5f955b3\" data-element_type=\"widget\" data-widget_type=\"text-editor.default\">\n\t\t\t\t<div class=\"elementor-widget-container\">\n\t\t\t\t\t\t\t\t\t<p data-pm-slice=\"1 1 []\">Acelere seu projeto de tecnologia beneficiando-se de financiamento adaptado \u00e0s suas necessidades.<\/p>\t\t\t\t\t\t\t\t<\/div>\n\t\t\t\t<\/div>\n\t\t\t\t<div class=\"elementor-element elementor-element-9502ba8 elementor-align-center elementor-widget elementor-widget-button\" data-id=\"9502ba8\" data-element_type=\"widget\" data-widget_type=\"button.default\">\n\t\t\t\t<div class=\"elementor-widget-container\">\n\t\t\t\t\t\t\t\t\t<div class=\"elementor-button-wrapper\">\n\t\t\t\t\t<a class=\"elementor-button elementor-button-link elementor-size-sm\" href=\"https:\/\/flexifinanz.com\/pt\/demander-un-financement\/\">\n\t\t\t\t\t\t<span class=\"elementor-button-content-wrapper\">\n\t\t\t\t\t\t<span class=\"elementor-button-icon\">\n\t\t\t\t<svg aria-hidden=\"true\" class=\"e-font-icon-svg e-fas-arrow-right\" viewbox=\"0 0 448 512\" xmlns=\"http:\/\/www.w3.org\/2000\/svg\"><path d=\"M190.5 66.9l22.2-22.2c9.4-9.4 24.6-9.4 33.9 0L441 239c9.4 9.4 9.4 24.6 0 33.9L246.6 467.3c-9.4 9.4-24.6 9.4-33.9 0l-22.2-22.2c-9.5-9.5-9.3-25 .4-34.3L311.4 296H24c-13.3 0-24-10.7-24-24v-32c0-13.3 10.7-24 24-24h287.4L190.9 101.2c-9.8-9.3-10-24.8-.4-34.3z\"><\/path><\/svg>\t\t\t<\/span>\n\t\t\t\t\t\t\t\t\t<span class=\"elementor-button-text\">Solicitar financiamento<\/span>\n\t\t\t\t\t<\/span>\n\t\t\t\t\t<\/a>\n\t\t\t\t<\/div>\n\t\t\t\t\t\t\t\t<\/div>\n\t\t\t\t<\/div>\n\t\t\t\t\t<\/div>\n\t\t\t\t<\/div>\n\t\t\t\t<\/div>","protected":false},"excerpt":{"rendered":"<p>Pourquoi financer la technologie et l&rsquo;innovation ? L&rsquo;industrie technologique est en perp\u00e9tuelle \u00e9volution et constitue l&rsquo;un des secteurs les plus porteurs pour [&hellip;]<\/p>","protected":false},"author":1,"featured_media":329,"parent":192,"menu_order":0,"comment_status":"closed","ping_status":"closed","template":"","meta":{"om_disable_all_campaigns":false,"_monsterinsights_skip_tracking":false,"_monsterinsights_sitenote_active":false,"_monsterinsights_sitenote_note":"","_monsterinsights_sitenote_category":0,"footnotes":""},"class_list":["post-115","page","type-page","status-publish","has-post-thumbnail","hentry"],"aioseo_notices":[],"_links":{"self":[{"href":"https:\/\/flexifinanz.com\/pt\/wp-json\/wp\/v2\/pages\/115","targetHints":{"allow":["GET"]}}],"collection":[{"href":"https:\/\/flexifinanz.com\/pt\/wp-json\/wp\/v2\/pages"}],"about":[{"href":"https:\/\/flexifinanz.com\/pt\/wp-json\/wp\/v2\/types\/page"}],"author":[{"embeddable":true,"href":"https:\/\/flexifinanz.com\/pt\/wp-json\/wp\/v2\/users\/1"}],"replies":[{"embeddable":true,"href":"https:\/\/flexifinanz.com\/pt\/wp-json\/wp\/v2\/comments?post=115"}],"version-history":[{"count":0,"href":"https:\/\/flexifinanz.com\/pt\/wp-json\/wp\/v2\/pages\/115\/revisions"}],"up":[{"embeddable":true,"href":"https:\/\/flexifinanz.com\/pt\/wp-json\/wp\/v2\/pages\/192"}],"wp:featuredmedia":[{"embeddable":true,"href":"https:\/\/flexifinanz.com\/pt\/wp-json\/wp\/v2\/media\/329"}],"wp:attachment":[{"href":"https:\/\/flexifinanz.com\/pt\/wp-json\/wp\/v2\/media?parent=115"}],"curies":[{"name":"wp","href":"https:\/\/api.w.org\/{rel}","templated":true}]}}