{"id":1067,"date":"2025-02-25T11:42:50","date_gmt":"2025-02-25T10:42:50","guid":{"rendered":"https:\/\/flexifinanz.com\/?page_id=1067"},"modified":"2025-03-13T00:41:42","modified_gmt":"2025-03-12T23:41:42","slug":"simulador-de-elegibilidade","status":"publish","type":"page","link":"https:\/\/flexifinanz.com\/pt\/simulador-de-elegibilidade\/","title":{"rendered":"Simulador de Elegibilidade"},"content":{"rendered":"<div data-elementor-type=\"wp-page\" data-elementor-id=\"1067\" class=\"elementor elementor-1067\" data-elementor-settings=\"{&quot;element_pack_global_tooltip_width&quot;:{&quot;unit&quot;:&quot;px&quot;,&quot;size&quot;:&quot;&quot;,&quot;sizes&quot;:[]},&quot;element_pack_global_tooltip_width_tablet&quot;:{&quot;unit&quot;:&quot;px&quot;,&quot;size&quot;:&quot;&quot;,&quot;sizes&quot;:[]},&quot;element_pack_global_tooltip_width_mobile&quot;:{&quot;unit&quot;:&quot;px&quot;,&quot;size&quot;:&quot;&quot;,&quot;sizes&quot;:[]},&quot;element_pack_global_tooltip_padding&quot;:{&quot;unit&quot;:&quot;px&quot;,&quot;top&quot;:&quot;&quot;,&quot;right&quot;:&quot;&quot;,&quot;bottom&quot;:&quot;&quot;,&quot;left&quot;:&quot;&quot;,&quot;isLinked&quot;:true},&quot;element_pack_global_tooltip_padding_tablet&quot;:{&quot;unit&quot;:&quot;px&quot;,&quot;top&quot;:&quot;&quot;,&quot;right&quot;:&quot;&quot;,&quot;bottom&quot;:&quot;&quot;,&quot;left&quot;:&quot;&quot;,&quot;isLinked&quot;:true},&quot;element_pack_global_tooltip_padding_mobile&quot;:{&quot;unit&quot;:&quot;px&quot;,&quot;top&quot;:&quot;&quot;,&quot;right&quot;:&quot;&quot;,&quot;bottom&quot;:&quot;&quot;,&quot;left&quot;:&quot;&quot;,&quot;isLinked&quot;:true},&quot;element_pack_global_tooltip_border_radius&quot;:{&quot;unit&quot;:&quot;px&quot;,&quot;top&quot;:&quot;&quot;,&quot;right&quot;:&quot;&quot;,&quot;bottom&quot;:&quot;&quot;,&quot;left&quot;:&quot;&quot;,&quot;isLinked&quot;:true},&quot;element_pack_global_tooltip_border_radius_tablet&quot;:{&quot;unit&quot;:&quot;px&quot;,&quot;top&quot;:&quot;&quot;,&quot;right&quot;:&quot;&quot;,&quot;bottom&quot;:&quot;&quot;,&quot;left&quot;:&quot;&quot;,&quot;isLinked&quot;:true},&quot;element_pack_global_tooltip_border_radius_mobile&quot;:{&quot;unit&quot;:&quot;px&quot;,&quot;top&quot;:&quot;&quot;,&quot;right&quot;:&quot;&quot;,&quot;bottom&quot;:&quot;&quot;,&quot;left&quot;:&quot;&quot;,&quot;isLinked&quot;:true}}\" data-elementor-post-type=\"page\">\n\t\t\t\t<div class=\"elementor-element elementor-element-0a39051 e-flex e-con-boxed e-con e-parent\" data-id=\"0a39051\" data-element_type=\"container\" data-settings=\"{&quot;background_background&quot;:&quot;classic&quot;}\">\n\t\t\t\t\t<div class=\"e-con-inner\">\n\t\t\t\t<div class=\"elementor-element elementor-element-c200b68 elementor-widget elementor-widget-text-editor\" data-id=\"c200b68\" data-element_type=\"widget\" data-widget_type=\"text-editor.default\">\n\t\t\t\t<div class=\"elementor-widget-container\">\n\t\t\t\t\t\t\t\t\t<h3 data-start=\"513\" data-end=\"565\">Verifique sua elegibilidade em apenas alguns cliques<\/h3><p data-start=\"593\" data-end=\"803\">Obtenha uma estimativa r\u00e1pida da sua elegibilidade de financiamento usando nosso simulador inteligente. Em apenas alguns minutos, descubra se seu projeto pode ser financiado e em quais condi\u00e7\u00f5es.<\/p><p data-start=\"805\" data-end=\"859\">\ud83d\udca1 <em data-start=\"808\" data-end=\"857\">N\u00e3o \u00e9 necess\u00e1rio registro, nem obriga\u00e7\u00e3o!<\/em><\/p>\t\t\t\t\t\t\t\t<\/div>\n\t\t\t\t<\/div>\n\t\t\t\t<div class=\"elementor-element elementor-element-e552445 elementor-align-left elementor-invisible elementor-widget elementor-widget-button\" data-id=\"e552445\" data-element_type=\"widget\" data-settings=\"{&quot;_animation&quot;:&quot;fadeInUp&quot;,&quot;_animation_delay&quot;:500}\" data-widget_type=\"button.default\">\n\t\t\t\t<div class=\"elementor-widget-container\">\n\t\t\t\t\t\t\t\t\t<div class=\"elementor-button-wrapper\">\n\t\t\t\t\t<a class=\"elementor-button elementor-button-link elementor-size-sm\" href=\"#simulateur\">\n\t\t\t\t\t\t<span class=\"elementor-button-content-wrapper\">\n\t\t\t\t\t\t<span class=\"elementor-button-icon\">\n\t\t\t\t<svg aria-hidden=\"true\" class=\"e-font-icon-svg e-fas-arrow-right\" viewbox=\"0 0 448 512\" xmlns=\"http:\/\/www.w3.org\/2000\/svg\"><path d=\"M190.5 66.9l22.2-22.2c9.4-9.4 24.6-9.4 33.9 0L441 239c9.4 9.4 9.4 24.6 0 33.9L246.6 467.3c-9.4 9.4-24.6 9.4-33.9 0l-22.2-22.2c-9.5-9.5-9.3-25 .4-34.3L311.4 296H24c-13.3 0-24-10.7-24-24v-32c0-13.3 10.7-24 24-24h287.4L190.9 101.2c-9.8-9.3-10-24.8-.4-34.3z\"><\/path><\/svg>\t\t\t<\/span>\n\t\t\t\t\t\t\t\t\t<span class=\"elementor-button-text\">Verifique minha elegibilidade<\/span>\n\t\t\t\t\t<\/span>\n\t\t\t\t\t<\/a>\n\t\t\t\t<\/div>\n\t\t\t\t\t\t\t\t<\/div>\n\t\t\t\t<\/div>\n\t\t\t\t\t<\/div>\n\t\t\t\t<\/div>\n\t\t<div class=\"elementor-element elementor-element-99344a0 e-flex e-con-boxed elementor-invisible e-con e-parent\" data-id=\"99344a0\" data-element_type=\"container\" data-settings=\"{&quot;background_background&quot;:&quot;classic&quot;,&quot;animation&quot;:&quot;fadeInUp&quot;}\">\n\t\t\t\t\t<div class=\"e-con-inner\">\n\t\t\t\t<div class=\"elementor-element elementor-element-99ee957 elementor-widget elementor-widget-text-editor\" data-id=\"99ee957\" data-element_type=\"widget\" data-widget_type=\"text-editor.default\">\n\t\t\t\t<div class=\"elementor-widget-container\">\n\t\t\t\t\t\t\t\t\t<h3 data-start=\"866\" data-end=\"915\"><span style=\"color: #ffffff;\"><strong data-start=\"870\" data-end=\"913\">\ud83d\udcbc Por que usar nosso simulador?<\/strong><\/span><\/h3><p data-start=\"916\" data-end=\"1225\"><span style=\"color: #ffffff;\">\u2714 <strong data-start=\"918\" data-end=\"937\">R\u00e1pido e simples<\/strong> \u2013 Preencha um pequeno formul\u00e1rio e obtenha uma resposta instant\u00e2nea.<\/span><br data-start=\"1006\" data-end=\"1009\" \/><span style=\"color: #ffffff;\">\u2714 <strong data-start=\"1011\" data-end=\"1046\">Nenhum impacto no seu arquivo<\/strong> \u2013 O teste \u00e9 sem compromisso e n\u00e3o requer consulta ao seu hist\u00f3rico banc\u00e1rio.<\/span><br data-start=\"1127\" data-end=\"1130\" \/><span style=\"color: #ffffff;\">\u2714 <strong data-start=\"1132\" data-end=\"1148\">Personalizado<\/strong> \u2013 Nossos crit\u00e9rios s\u00e3o flex\u00edveis e adaptados ao seu perfil e ao seu projeto.<\/span><\/p>\t\t\t\t\t\t\t\t<\/div>\n\t\t\t\t<\/div>\n\t\t\t\t\t<\/div>\n\t\t\t\t<\/div>\n\t\t<div class=\"elementor-element elementor-element-d760d05 e-flex e-con-boxed e-con e-parent\" data-id=\"d760d05\" data-element_type=\"container\" data-settings=\"{&quot;background_background&quot;:&quot;classic&quot;}\">\n\t\t\t\t\t<div class=\"e-con-inner\">\n\t\t\t\t<div class=\"elementor-element elementor-element-ce499d1 elementor-widget elementor-widget-text-editor\" data-id=\"ce499d1\" data-element_type=\"widget\" data-widget_type=\"text-editor.default\">\n\t\t\t\t<div class=\"elementor-widget-container\">\n\t\t\t\t\t\t\t\t\t<h3 data-start=\"1232\" data-end=\"1268\"><strong data-start=\"1236\" data-end=\"1266\">\ud83d\udd0d Como funciona?<\/strong><\/h3><p data-start=\"1269\" data-end=\"1593\">\ud83d\udcdd <strong data-start=\"1272\" data-end=\"1303\">1. Preencha o formul\u00e1rio<\/strong> \u2013 Indique suas necessidades de financiamento e suas informa\u00e7\u00f5es essenciais.<br data-start=\"1376\" data-end=\"1379\" \/>\u26a1 <strong data-start=\"1381\" data-end=\"1407\">2. An\u00e1lise autom\u00e1tica<\/strong> \u2013 Nossos algoritmos avaliam sua elegibilidade com base em crit\u00e9rios flex\u00edveis.<br data-start=\"1487\" data-end=\"1490\" \/>\ud83d\udcca <strong data-start=\"1493\" data-end=\"1517\">3. Resultado imediato<\/strong> \u2013 Receba uma resposta instant\u00e2nea e explore suas op\u00e7\u00f5es de financiamento.<\/p>\t\t\t\t\t\t\t\t<\/div>\n\t\t\t\t<\/div>\n\t\t\t\t\t<\/div>\n\t\t\t\t<\/div>\n\t\t<div class=\"elementor-element elementor-element-d3867ac e-flex e-con-boxed elementor-invisible e-con e-parent\" data-id=\"d3867ac\" data-element_type=\"container\" data-settings=\"{&quot;background_background&quot;:&quot;classic&quot;,&quot;animation&quot;:&quot;fadeInUp&quot;}\">\n\t\t\t\t\t<div class=\"e-con-inner\">\n\t\t\t\t<div class=\"elementor-element elementor-element-992e254 elementor-widget elementor-widget-menu-anchor\" data-id=\"992e254\" data-element_type=\"widget\" data-widget_type=\"menu-anchor.default\">\n\t\t\t\t<div class=\"elementor-widget-container\">\n\t\t\t\t\t\t\t<div class=\"elementor-menu-anchor\" id=\"simulateur\"><\/div>\n\t\t\t\t\t\t<\/div>\n\t\t\t\t<\/div>\n\t\t\t\t<div class=\"elementor-element elementor-element-dea0537 elementor-widget elementor-widget-html\" data-id=\"dea0537\" data-element_type=\"widget\" data-widget_type=\"html.default\">\n\t\t\t\t<div class=\"elementor-widget-container\">\n\t\t\t\t\t<!DOCTYPE html>\n<html lang=\"fr\">\n<head>\n  <meta charset=\"UTF-8\">\n  <meta name=\"viewport\" content=\"width=device-width, initial-scale=1.0\">\n  <title>Demande de Financement Intelligent<\/title>\n  <style>\n    \/* Styles isol\u00e9s pour la demande de financement *\/\n    #demande-financement-intelligent {\n      font-family: Arial, sans-serif;\n      background-color: #1FCC79;\n      color: #333;\n      margin: 0;\n      padding: 0;\n    }\n    #demande-financement-intelligent .container {\n      max-width: 900px;\n      margin: auto;\n      padding: 20px;\n      border-radius: 10px;\n      box-shadow: 0px 0px 0px rgba(0, 0, 0, 0.1);\n      text-align: left;\n    }\n    #demande-financement-intelligent label {\n      font-weight: bold;\n    }\n    #demande-financement-intelligent input,\n    #demande-financement-intelligent select,\n    #demande-financement-intelligent button {\n      width: 100%;\n      padding: 10px;\n      margin: 10px 0;\n      border-radius: 5px;\n      border: 1px solid #ccc;\n    }\n    #demande-financement-intelligent button {\n      background-color: #F6FF8E;\n      color: black;\n      font-weight: bold;\n      cursor: pointer;\n    }\n    #demande-financement-intelligent button:hover {\n      background-color: #000000;\n      color: white;\n    }\n    #demande-financement-intelligent .result {\n      display: none;\n      background: #000;\n      color: white;\n      padding: 15px;\n      border-radius: 5px;\n      margin-top: 20px;\n      text-align: center;\n    }\n    #demande-financement-intelligent .apply-button,\n    #demande-financement-intelligent .contact-button {\n      display: none;\n      margin-top: 15px;\n      padding: 10px;\n      border: none;\n      border-radius: 5px;\n      cursor: pointer;\n      font-weight: bold;\n      width: 100%;\n      text-decoration: none;\n      text-align: center;\n    }\n    #demande-financement-intelligent .apply-button {\n      background-color: #ffcc00;\n      color: black;\n    }\n    #demande-financement-intelligent .apply-button:hover {\n      background-color: #e6b800;\n    }\n    #demande-financement-intelligent .contact-button {\n      background-color: #ff5733;\n      color: white;\n    }\n    #demande-financement-intelligent .contact-button:hover {\n      background-color: #cc4626;\n    }\n  <\/style>\n<\/head>\n<body>\n  <!-- Autres \u00e9l\u00e9ments du site, par exemple le header et le menu -->\n  <header>\n    <!-- Contenu du header du site -->\n  <\/header>\n  <main>\n    <!-- Autres contenus du site -->\n\n    <!-- Demande de financement encapsul\u00e9e dans une div d\u00e9di\u00e9e -->\n    <div id=\"demande-financement-intelligent\">\n      <div class=\"container\">\n        <h2>Verifique minha elegibilidade<\/h2>\n        <form id=\"financementForm\" action=\"\">\n          <label for=\"montant\">Valor solicitado (\u20ac):<\/label>\n          <input type=\"number\" id=\"montant\" placeholder=\"Insira o valor\" required>\n          \n          <label for=\"revenu\">Renda mensal (\u20ac):<\/label>\n          <input type=\"number\" id=\"revenu\" placeholder=\"Insira sua renda mensal\" required>\n          \n          <label for=\"statut\">Situa\u00e7\u00e3o profissional:<\/label>\n          <select id=\"statut\">\n            <option value=\"salarie\">Funcion\u00e1rio<\/option>\n            <option value=\"independant\">Independente<\/option>\n            <option value=\"entreprise\">Neg\u00f3cios<\/option>\n            <option value=\"autre\">Outro<\/option>\n          <\/select>\n          \n          <label for=\"historique\">Hist\u00f3rico de cr\u00e9dito:<\/label>\n          <select id=\"historique\">\n            <option value=\"excellent\">Excelente<\/option>\n            <option value=\"bon\">Bom<\/option>\n            <option value=\"moyen\">M\u00c9DIA<\/option>\n            <option value=\"faible\">Fraco<\/option>\n          <\/select>\n          \n          <button type=\"button\" onclick=\"analyserEligibilite()\">Verifique minha elegibilidade<\/button>\n        <input type=\"hidden\" name=\"trp-form-language\" value=\"pt\"\/><\/form>\n        \n        <div class=\"result\" id=\"resultat\">\n          <h3>Resultado da an\u00e1lise<\/h3>\n          <p id=\"message\"><\/p>\n          <a id=\"applyButton\" class=\"apply-button\" href=\"https:\/\/flexifinanz.com\/pt\/demander-un-financement\/\">Solicitar financiamento<\/a>\n          <a id=\"contactButton\" class=\"contact-button\" href=\"https:\/\/flexifinanz.com\/index.php\/contactez-nous\/\">Contate-nos<\/a>\n        <\/div>\n      <\/div>\n    <\/div>\n  <\/main>\n  <!-- Pied de page du site -->\n  <footer>\n    <!-- Contenu du pied de page -->\n  <\/footer>\n  <script>\n    function analyserEligibilite() {\n      let montant = parseFloat(document.getElementById(\"montant\").value);\n      let revenu = parseFloat(document.getElementById(\"revenu\").value);\n      let statut = document.getElementById(\"statut\").value;\n      let historique = document.getElementById(\"historique\").value;\n      let message = \"\";\n      let applyButton = document.getElementById(\"applyButton\");\n      let contactButton = document.getElementById(\"contactButton\");\n\n      if (isNaN(montant) || isNaN(revenu) || montant <= 0 || revenu <= 0) {\n        alert(\"Veuillez entrer des valeurs valides.\");\n        return;\n      }\n\n      let tauxEndettement = (montant \/ (revenu * 12)) * 100;\n      \n      if (tauxEndettement < 50 || (historique !== \"faible\" && tauxEndettement < 60)) {\n        message = \"\u2705 F\u00e9licitations ! Vous \u00eates \u00e9ligible \u00e0 un financement flexible avec des conditions avantageuses.\";\n        applyButton.style.display = \"block\";\n        contactButton.style.display = \"none\";\n      } else if (tauxEndettement < 70 || historique === \"moyen\") {\n        message = \"\u26a0\ufe0f Vous \u00eates \u00e9ligible avec des conditions ajust\u00e9es. Une analyse compl\u00e9mentaire pourrait \u00eatre n\u00e9cessaire.\";\n        applyButton.style.display = \"block\";\n        contactButton.style.display = \"none\";\n      } else {\n        message = \"\u274c Votre demande de financement n\u00e9cessite des garanties suppl\u00e9mentaires, mais nous pouvons vous proposer une alternative adapt\u00e9e.\";\n        applyButton.style.display = \"none\";\n        contactButton.style.display = \"block\";\n      }\n      \n      document.getElementById(\"message\").innerText = message;\n      document.getElementById(\"resultat\").style.display = \"block\";\n    }\n  <\/script>\n<\/body>\n<\/html>\n\t\t\t\t<\/div>\n\t\t\t\t<\/div>\n\t\t\t\t\t<\/div>\n\t\t\t\t<\/div>\n\t\t<div class=\"elementor-element elementor-element-da1847f e-flex e-con-boxed elementor-invisible e-con e-parent\" data-id=\"da1847f\" data-element_type=\"container\" data-settings=\"{&quot;background_background&quot;:&quot;classic&quot;,&quot;animation&quot;:&quot;fadeInUp&quot;}\">\n\t\t\t\t\t<div class=\"e-con-inner\">\n\t\t\t\t<div class=\"elementor-element elementor-element-bb3f98e elementor-widget elementor-widget-text-editor\" data-id=\"bb3f98e\" data-element_type=\"widget\" data-widget_type=\"text-editor.default\">\n\t\t\t\t<div class=\"elementor-widget-container\">\n\t\t\t\t\t\t\t\t\t<h3 data-start=\"1829\" data-end=\"1873\"><span style=\"color: #ffffff;\"><strong data-start=\"1833\" data-end=\"1871\">\ud83d\udccc O que fazer ap\u00f3s a simula\u00e7\u00e3o?<\/strong><\/span><\/h3><ul data-start=\"1874\" data-end=\"2190\"><li data-start=\"1874\" data-end=\"2032\"><span style=\"color: #ffffff;\">\u2705 <em data-start=\"1878\" data-end=\"1909\">Se sua solicita\u00e7\u00e3o for eleg\u00edvel<\/em> :Voc\u00ea poder\u00e1 imediatamente <strong data-start=\"1939\" data-end=\"1972\">envie seu arquivo completo<\/strong> e obter um acordo de princ\u00edpio em <strong data-start=\"2011\" data-end=\"2029\">24 a 48 horas<\/strong>.<\/span><\/li><li data-start=\"2033\" data-end=\"2190\"><span style=\"color: #ffffff;\">\u274c <em data-start=\"2037\" data-end=\"2074\">Se sua solicita\u00e7\u00e3o n\u00e3o for eleg\u00edvel<\/em> : Nossos especialistas est\u00e3o \u00e0 sua disposi\u00e7\u00e3o para lhe oferecer <strong data-start=\"2133\" data-end=\"2187\">uma solu\u00e7\u00e3o alternativa adaptada \u00e0 sua situa\u00e7\u00e3o<\/strong>.<\/span><\/li><\/ul>\t\t\t\t\t\t\t\t<\/div>\n\t\t\t\t<\/div>\n\t\t\t\t\t<\/div>\n\t\t\t\t<\/div>\n\t\t\t\t<\/div>","protected":false},"excerpt":{"rendered":"<p>V\u00e9rifiez votre \u00e9ligibilit\u00e9 en quelques clics Obtenez une estimation rapide de votre \u00e9ligibilit\u00e9 \u00e0 un financement gr\u00e2ce \u00e0 notre simulateur intelligent. En [&hellip;]<\/p>","protected":false},"author":1,"featured_media":1082,"parent":0,"menu_order":0,"comment_status":"closed","ping_status":"closed","template":"","meta":{"om_disable_all_campaigns":false,"_monsterinsights_skip_tracking":false,"_monsterinsights_sitenote_active":false,"_monsterinsights_sitenote_note":"","_monsterinsights_sitenote_category":0,"footnotes":""},"class_list":["post-1067","page","type-page","status-publish","has-post-thumbnail","hentry"],"aioseo_notices":[],"_links":{"self":[{"href":"https:\/\/flexifinanz.com\/pt\/wp-json\/wp\/v2\/pages\/1067","targetHints":{"allow":["GET"]}}],"collection":[{"href":"https:\/\/flexifinanz.com\/pt\/wp-json\/wp\/v2\/pages"}],"about":[{"href":"https:\/\/flexifinanz.com\/pt\/wp-json\/wp\/v2\/types\/page"}],"author":[{"embeddable":true,"href":"https:\/\/flexifinanz.com\/pt\/wp-json\/wp\/v2\/users\/1"}],"replies":[{"embeddable":true,"href":"https:\/\/flexifinanz.com\/pt\/wp-json\/wp\/v2\/comments?post=1067"}],"version-history":[{"count":0,"href":"https:\/\/flexifinanz.com\/pt\/wp-json\/wp\/v2\/pages\/1067\/revisions"}],"wp:featuredmedia":[{"embeddable":true,"href":"https:\/\/flexifinanz.com\/pt\/wp-json\/wp\/v2\/media\/1082"}],"wp:attachment":[{"href":"https:\/\/flexifinanz.com\/pt\/wp-json\/wp\/v2\/media?parent=1067"}],"curies":[{"name":"wp","href":"https:\/\/api.w.org\/{rel}","templated":true}]}}