{"id":850,"date":"2025-02-22T23:27:30","date_gmt":"2025-02-22T22:27:30","guid":{"rendered":"https:\/\/flexifinanz.com\/?page_id=850"},"modified":"2025-03-14T11:16:21","modified_gmt":"2025-03-14T10:16:21","slug":"termes-et-conditions-generales-du-financement","status":"publish","type":"page","link":"https:\/\/flexifinanz.com\/fr\/termes-et-conditions-generales-du-financement\/","title":{"rendered":"Termes et conditions g\u00e9n\u00e9rales du financement"},"content":{"rendered":"\t\t<div data-elementor-type=\"wp-page\" data-elementor-id=\"850\" class=\"elementor elementor-850\" data-elementor-settings=\"{&quot;element_pack_global_tooltip_width&quot;:{&quot;unit&quot;:&quot;px&quot;,&quot;size&quot;:&quot;&quot;,&quot;sizes&quot;:[]},&quot;element_pack_global_tooltip_width_tablet&quot;:{&quot;unit&quot;:&quot;px&quot;,&quot;size&quot;:&quot;&quot;,&quot;sizes&quot;:[]},&quot;element_pack_global_tooltip_width_mobile&quot;:{&quot;unit&quot;:&quot;px&quot;,&quot;size&quot;:&quot;&quot;,&quot;sizes&quot;:[]},&quot;element_pack_global_tooltip_padding&quot;:{&quot;unit&quot;:&quot;px&quot;,&quot;top&quot;:&quot;&quot;,&quot;right&quot;:&quot;&quot;,&quot;bottom&quot;:&quot;&quot;,&quot;left&quot;:&quot;&quot;,&quot;isLinked&quot;:true},&quot;element_pack_global_tooltip_padding_tablet&quot;:{&quot;unit&quot;:&quot;px&quot;,&quot;top&quot;:&quot;&quot;,&quot;right&quot;:&quot;&quot;,&quot;bottom&quot;:&quot;&quot;,&quot;left&quot;:&quot;&quot;,&quot;isLinked&quot;:true},&quot;element_pack_global_tooltip_padding_mobile&quot;:{&quot;unit&quot;:&quot;px&quot;,&quot;top&quot;:&quot;&quot;,&quot;right&quot;:&quot;&quot;,&quot;bottom&quot;:&quot;&quot;,&quot;left&quot;:&quot;&quot;,&quot;isLinked&quot;:true},&quot;element_pack_global_tooltip_border_radius&quot;:{&quot;unit&quot;:&quot;px&quot;,&quot;top&quot;:&quot;&quot;,&quot;right&quot;:&quot;&quot;,&quot;bottom&quot;:&quot;&quot;,&quot;left&quot;:&quot;&quot;,&quot;isLinked&quot;:true},&quot;element_pack_global_tooltip_border_radius_tablet&quot;:{&quot;unit&quot;:&quot;px&quot;,&quot;top&quot;:&quot;&quot;,&quot;right&quot;:&quot;&quot;,&quot;bottom&quot;:&quot;&quot;,&quot;left&quot;:&quot;&quot;,&quot;isLinked&quot;:true},&quot;element_pack_global_tooltip_border_radius_mobile&quot;:{&quot;unit&quot;:&quot;px&quot;,&quot;top&quot;:&quot;&quot;,&quot;right&quot;:&quot;&quot;,&quot;bottom&quot;:&quot;&quot;,&quot;left&quot;:&quot;&quot;,&quot;isLinked&quot;:true}}\" data-elementor-post-type=\"page\">\n\t\t\t\t<div class=\"elementor-element elementor-element-5f76b320 e-flex e-con-boxed e-con e-parent\" data-id=\"5f76b320\" data-element_type=\"container\" data-settings=\"{&quot;background_background&quot;:&quot;classic&quot;}\">\n\t\t\t\t\t<div class=\"e-con-inner\">\n\t\t\t\t<div class=\"elementor-element elementor-element-489873aa elementor-widget elementor-widget-text-editor\" data-id=\"489873aa\" data-element_type=\"widget\" data-widget_type=\"text-editor.default\">\n\t\t\t\t<div class=\"elementor-widget-container\">\n\t\t\t\t\t\t\t\t\t<h3 data-start=\"324\" data-end=\"360\"><strong data-start=\"328\" data-end=\"358\">1. Pr\u00e9sentation du Service<\/strong><\/h3><p data-start=\"361\" data-end=\"617\">Le pr\u00e9sent document \u00e9tablit les <strong data-start=\"393\" data-end=\"427\">termes et conditions g\u00e9n\u00e9rales<\/strong> applicables aux services de financement propos\u00e9s par <strong data-start=\"481\" data-end=\"510\">Flexifinanz<\/strong>. En sollicitant un financement sur notre plateforme, vous acceptez ces conditions dans leur int\u00e9gralit\u00e9.<\/p><hr data-start=\"619\" data-end=\"622\" \/><h3 data-start=\"624\" data-end=\"684\"><strong data-start=\"627\" data-end=\"682\">2. \u00c9ligibilit\u00e9 et Conditions d\u2019Acc\u00e8s au Financement<\/strong><\/h3><p data-start=\"685\" data-end=\"1176\">Pour pouvoir b\u00e9n\u00e9ficier d\u2019un financement, le demandeur doit :<br data-start=\"746\" data-end=\"749\" \/>\u2714 \u00catre \u00e2g\u00e9 de <strong data-start=\"763\" data-end=\"781\">18 ans minimum<\/strong> et r\u00e9sider dans un pays \u00e9ligible.<br data-start=\"815\" data-end=\"818\" \/>\u2714 Fournir des <strong data-start=\"832\" data-end=\"869\">informations exactes et compl\u00e8tes<\/strong> sur son identit\u00e9, sa situation professionnelle et financi\u00e8re.<br data-start=\"931\" data-end=\"934\" \/>\u2714 Ne pas \u00eatre <strong data-start=\"948\" data-end=\"996\">inscrit sur un fichier d\u2019incidents de cr\u00e9dit<\/strong> sauf si une garantie compensatoire est apport\u00e9e.<br data-start=\"1045\" data-end=\"1048\" \/>\u2714 Respecter les crit\u00e8res sp\u00e9cifiques en fonction du <strong data-start=\"1100\" data-end=\"1131\">type de financement demand\u00e9<\/strong> (immobilier, entreprise, personnel, etc.).<\/p><p data-start=\"1178\" data-end=\"1266\">\u2139 <strong data-start=\"1180\" data-end=\"1264\">Toute fausse d\u00e9claration peut entra\u00eener le refus ou l\u2019annulation du financement.<\/strong><\/p><hr data-start=\"1268\" data-end=\"1271\" \/><h3 data-start=\"1273\" data-end=\"1329\"><strong data-start=\"1276\" data-end=\"1327\">3. Montant, Dur\u00e9e et Modalit\u00e9s de Remboursement<\/strong><\/h3><p data-start=\"1330\" data-end=\"1693\">\u2714 <strong data-start=\"1332\" data-end=\"1351\">Montant minimum<\/strong> : 100.000 \u20ac \u2013 <strong data-start=\"1365\" data-end=\"1384\">Montant maximum<\/strong> :<strong> \u221e<\/strong> \u20ac<br data-start=\"1396\" data-end=\"1399\" \/>\u2714 <strong data-start=\"1401\" data-end=\"1425\">Dur\u00e9e du financement<\/strong> : <strong data-start=\"1428\" data-end=\"1448\">De 12 \u00e0 360 mois<\/strong> selon le projet et l\u2019\u00e9ligibilit\u00e9.<br data-start=\"1482\" data-end=\"1485\" \/>\u2714 <strong data-start=\"1487\" data-end=\"1504\">Remboursement<\/strong> : Mensuel, avec pr\u00e9l\u00e8vement automatique sur le compte bancaire fourni.<br data-start=\"1575\" data-end=\"1578\" \/>\u2714 <strong data-start=\"1580\" data-end=\"1607\">Taux d\u2019int\u00e9r\u00eat appliqu\u00e9<\/strong> : \u00c0 partir de <strong data-start=\"1622\" data-end=\"1631\">2 %<\/strong>, selon le type de financement et le profil de l\u2019emprunteur.<\/p><p data-start=\"1695\" data-end=\"1821\">\ud83d\udccc <strong data-start=\"1698\" data-end=\"1819\">Tout retard de paiement peut entra\u00eener des frais suppl\u00e9mentaires et un impact n\u00e9gatif sur votre historique de cr\u00e9dit.<\/strong><\/p><hr data-start=\"1823\" data-end=\"1826\" \/><h3 data-start=\"1828\" data-end=\"1863\"><strong data-start=\"1831\" data-end=\"1861\">4. Garanties et Assurances<\/strong><\/h3><p data-start=\"1864\" data-end=\"2091\">Pour s\u00e9curiser votre financement, nous pouvons exiger :<br data-start=\"1919\" data-end=\"1922\" \/>\u2714 <strong data-start=\"1924\" data-end=\"1940\">Une garantie<\/strong> (hypoth\u00e8que, caution bancaire, nantissement d\u2019actifs).<br data-start=\"1995\" data-end=\"1998\" \/>\u2714 <strong data-start=\"2000\" data-end=\"2028\">Une assurance emprunteur<\/strong> couvrant les risques de d\u00e9c\u00e8s, invalidit\u00e9 ou perte d\u2019emploi.<\/p><p data-start=\"2093\" data-end=\"2216\">\u2139 Si l\u2019assurance est facultative, nous vous recommandons fortement de souscrire une protection adapt\u00e9e \u00e0 votre situation.<\/p><hr data-start=\"2218\" data-end=\"2221\" \/><h3 data-start=\"2223\" data-end=\"2259\"><strong data-start=\"2226\" data-end=\"2257\">5. Engagements du Demandeur<\/strong><\/h3><p data-start=\"2260\" data-end=\"2608\">En acceptant ces termes, l\u2019emprunteur s\u2019engage \u00e0 :<br data-start=\"2310\" data-end=\"2313\" \/>\u2714 Utiliser les fonds pour l\u2019objet d\u00e9clar\u00e9 dans sa demande de financement.<br data-start=\"2386\" data-end=\"2389\" \/>\u2714 Payer <strong data-start=\"2397\" data-end=\"2438\">les mensualit\u00e9s aux \u00e9ch\u00e9ances pr\u00e9vues<\/strong> sans retard.<br data-start=\"2451\" data-end=\"2454\" \/>\u2714 Informer imm\u00e9diatement <strong data-start=\"2479\" data-end=\"2511\">tout changement de situation<\/strong> (emploi, revenus, adresse, etc.).<br data-start=\"2545\" data-end=\"2548\" \/>\u2714 Respecter toutes les lois et r\u00e9glementations en vigueur.<\/p><p data-start=\"2610\" data-end=\"2722\">\ud83d\udccc <strong data-start=\"2613\" data-end=\"2720\">Tout manquement aux engagements peut entra\u00eener la r\u00e9siliation du financement et des poursuites l\u00e9gales.<\/strong><\/p><hr data-start=\"2724\" data-end=\"2727\" \/><h3 data-start=\"2729\" data-end=\"2776\"><strong data-start=\"2732\" data-end=\"2774\">6. Traitement des Donn\u00e9es Personnelles<\/strong><\/h3><p data-start=\"2777\" data-end=\"3133\">Vos donn\u00e9es personnelles sont collect\u00e9es et trait\u00e9es conform\u00e9ment \u00e0 notre <strong data-start=\"2851\" data-end=\"2883\">Politique de Confidentialit\u00e9<\/strong>.<br data-start=\"2884\" data-end=\"2887\" \/>\u2714 Elles sont utilis\u00e9es exclusivement pour <strong data-start=\"2929\" data-end=\"2971\">l\u2019\u00e9tude et la gestion de votre dossier<\/strong>.<br data-start=\"2972\" data-end=\"2975\" \/>\u2714 Elles ne seront <strong data-start=\"2993\" data-end=\"3025\">jamais revendues \u00e0 des tiers<\/strong>.<br data-start=\"3026\" data-end=\"3029\" \/>\u2714 Vous disposez d\u2019un <strong data-start=\"3050\" data-end=\"3102\">droit d\u2019acc\u00e8s, de modification et de suppression<\/strong> de vos donn\u00e9es personnelles.<\/p><hr data-start=\"3135\" data-end=\"3138\" \/><h3 data-start=\"3140\" data-end=\"3192\"><strong data-start=\"3143\" data-end=\"3190\">7. R\u00e9siliation et Annulation du Financement<\/strong><\/h3><p data-start=\"3193\" data-end=\"3517\">Votre demande peut \u00eatre <strong data-start=\"3217\" data-end=\"3250\">refus\u00e9e, annul\u00e9e ou suspendue<\/strong> dans les cas suivants :<br data-start=\"3274\" data-end=\"3277\" \/>\u2714 Fausse d\u00e9claration ou fraude d\u00e9tect\u00e9e.<br data-start=\"3317\" data-end=\"3320\" \/>\u2714 Non-respect des obligations contractuelles (non-paiement, retard, non-utilisation conforme du financement).<br data-start=\"3429\" data-end=\"3432\" \/>\u2714 Changement de situation financi\u00e8re mettant en p\u00e9ril la capacit\u00e9 de remboursement.<\/p><p data-start=\"3519\" data-end=\"3676\">\u2139 En cas d\u2019annulation, le demandeur devra <strong data-start=\"3561\" data-end=\"3605\">rembourser imm\u00e9diatement toute somme due<\/strong> conform\u00e9ment aux conditions \u00e9tablies dans le contrat de financement.<\/p><hr data-start=\"3678\" data-end=\"3681\" \/><h3 data-start=\"3683\" data-end=\"3725\"><strong data-start=\"3686\" data-end=\"3723\">8. R\u00e9clamations et Service Client<\/strong><\/h3><p data-start=\"3726\" data-end=\"3921\">\ud83d\udcde <strong data-start=\"3729\" data-end=\"3748\">Besoin d\u2019aide ?<\/strong> Notre \u00e9quipe est disponible pour r\u00e9pondre \u00e0 toutes vos questions.<br data-start=\"3814\" data-end=\"3817\" \/>\ud83d\udce9 <strong data-start=\"3820\" data-end=\"3848\">Contactez-nous par email<\/strong> : infos@flexifinanz.com<br data-start=\"3866\" data-end=\"3869\" \/>\ud83d\udccd <strong data-start=\"3872\" data-end=\"3898\">Ou visitez nos bureaux<\/strong> \u00e0 Paris, France; Bruxelle, Belgique; Lom\u00e9, Togo<\/p><hr data-start=\"3923\" data-end=\"3926\" \/><h3 data-start=\"3928\" data-end=\"3978\"><strong data-start=\"3931\" data-end=\"3976\">9. Modifications des Termes et Conditions<\/strong><\/h3><p data-start=\"3979\" data-end=\"4142\">\ud83d\udccc <strong data-start=\"3982\" data-end=\"4052\">Nous nous r\u00e9servons le droit de modifier ces termes \u00e0 tout moment.<\/strong><br data-start=\"4052\" data-end=\"4055\" \/>Toute mise \u00e0 jour sera communiqu\u00e9e via notre site web et prendra effet imm\u00e9diatement.<\/p><hr data-start=\"4144\" data-end=\"4147\" \/><h3 data-start=\"4149\" data-end=\"4188\"><strong data-start=\"4152\" data-end=\"4186\">10. Acceptation des Conditions<\/strong><\/h3><p data-start=\"4189\" data-end=\"4325\">En soumettant votre demande de financement, vous reconnaissez avoir <strong data-start=\"4257\" data-end=\"4283\">lu, compris et accept\u00e9<\/strong> les pr\u00e9sentes <strong data-start=\"4298\" data-end=\"4322\">Conditions G\u00e9n\u00e9rales<\/strong>.<\/p><p data-start=\"4327\" data-end=\"4365\">\ud83d\udd39 <strong data-start=\"4330\" data-end=\"4354\">Derni\u00e8re mise \u00e0 jour<\/strong> : 13\/04\/2018<\/p>\t\t\t\t\t\t\t\t<\/div>\n\t\t\t\t<\/div>\n\t\t\t\t\t<\/div>\n\t\t\t\t<\/div>\n\t\t<div class=\"elementor-element elementor-element-563fa9bd e-flex e-con-boxed elementor-invisible e-con e-parent\" data-id=\"563fa9bd\" data-element_type=\"container\" data-settings=\"{&quot;background_background&quot;:&quot;classic&quot;,&quot;animation&quot;:&quot;fadeInUp&quot;}\">\n\t\t\t\t\t<div class=\"e-con-inner\">\n\t\t\t\t<div class=\"elementor-element elementor-element-5881e4fa elementor-widget elementor-widget-heading\" data-id=\"5881e4fa\" data-element_type=\"widget\" data-widget_type=\"heading.default\">\n\t\t\t\t<div class=\"elementor-widget-container\">\n\t\t\t\t\t<h2 class=\"elementor-heading-title elementor-size-default\">Pr\u00eat \u00e0 investir avec des taux comp\u00e9titifs ?<\/h2>\t\t\t\t<\/div>\n\t\t\t\t<\/div>\n\t\t\t\t<div class=\"elementor-element elementor-element-1dce8553 elementor-widget elementor-widget-text-editor\" data-id=\"1dce8553\" data-element_type=\"widget\" data-widget_type=\"text-editor.default\">\n\t\t\t\t<div class=\"elementor-widget-container\">\n\t\t\t\t\t\t\t\t\t<p data-pm-slice=\"1 1 []\">Profitez de <strong>nos faibles taux<\/strong> et r\u00e9alisez vos projets avec <strong>un financement optimis\u00e9 et avantageux<\/strong>.<\/p>\t\t\t\t\t\t\t\t<\/div>\n\t\t\t\t<\/div>\n\t\t\t\t<div class=\"elementor-element elementor-element-14aa2111 elementor-align-center elementor-widget elementor-widget-button\" data-id=\"14aa2111\" data-element_type=\"widget\" data-widget_type=\"button.default\">\n\t\t\t\t<div class=\"elementor-widget-container\">\n\t\t\t\t\t\t\t\t\t<div class=\"elementor-button-wrapper\">\n\t\t\t\t\t<a class=\"elementor-button elementor-button-link elementor-size-sm\" href=\"https:\/\/flexifinanz.com\/index.php\/demander-un-financement\/\">\n\t\t\t\t\t\t<span class=\"elementor-button-content-wrapper\">\n\t\t\t\t\t\t<span class=\"elementor-button-icon\">\n\t\t\t\t<svg aria-hidden=\"true\" class=\"e-font-icon-svg e-fas-arrow-right\" viewBox=\"0 0 448 512\" xmlns=\"http:\/\/www.w3.org\/2000\/svg\"><path d=\"M190.5 66.9l22.2-22.2c9.4-9.4 24.6-9.4 33.9 0L441 239c9.4 9.4 9.4 24.6 0 33.9L246.6 467.3c-9.4 9.4-24.6 9.4-33.9 0l-22.2-22.2c-9.5-9.5-9.3-25 .4-34.3L311.4 296H24c-13.3 0-24-10.7-24-24v-32c0-13.3 10.7-24 24-24h287.4L190.9 101.2c-9.8-9.3-10-24.8-.4-34.3z\"><\/path><\/svg>\t\t\t<\/span>\n\t\t\t\t\t\t\t\t\t<span class=\"elementor-button-text\">Demander un financement<\/span>\n\t\t\t\t\t<\/span>\n\t\t\t\t\t<\/a>\n\t\t\t\t<\/div>\n\t\t\t\t\t\t\t\t<\/div>\n\t\t\t\t<\/div>\n\t\t\t\t\t<\/div>\n\t\t\t\t<\/div>\n\t\t\t\t<\/div>\n\t\t","protected":false},"excerpt":{"rendered":"<p>1. Pr\u00e9sentation du Service Le pr\u00e9sent document \u00e9tablit les termes et conditions g\u00e9n\u00e9rales applicables aux services de financement propos\u00e9s par Flexifinanz. En [&hellip;]<\/p>\n","protected":false},"author":1,"featured_media":0,"parent":0,"menu_order":0,"comment_status":"closed","ping_status":"closed","template":"","meta":{"om_disable_all_campaigns":false,"_monsterinsights_skip_tracking":false,"_monsterinsights_sitenote_active":false,"_monsterinsights_sitenote_note":"","_monsterinsights_sitenote_category":0,"footnotes":""},"class_list":["post-850","page","type-page","status-publish","hentry"],"aioseo_notices":[],"_links":{"self":[{"href":"https:\/\/flexifinanz.com\/fr\/wp-json\/wp\/v2\/pages\/850","targetHints":{"allow":["GET"]}}],"collection":[{"href":"https:\/\/flexifinanz.com\/fr\/wp-json\/wp\/v2\/pages"}],"about":[{"href":"https:\/\/flexifinanz.com\/fr\/wp-json\/wp\/v2\/types\/page"}],"author":[{"embeddable":true,"href":"https:\/\/flexifinanz.com\/fr\/wp-json\/wp\/v2\/users\/1"}],"replies":[{"embeddable":true,"href":"https:\/\/flexifinanz.com\/fr\/wp-json\/wp\/v2\/comments?post=850"}],"version-history":[{"count":0,"href":"https:\/\/flexifinanz.com\/fr\/wp-json\/wp\/v2\/pages\/850\/revisions"}],"wp:attachment":[{"href":"https:\/\/flexifinanz.com\/fr\/wp-json\/wp\/v2\/media?parent=850"}],"curies":[{"name":"wp","href":"https:\/\/api.w.org\/{rel}","templated":true}]}}