{"id":451,"date":"2025-02-21T03:24:24","date_gmt":"2025-02-21T02:24:24","guid":{"rendered":"https:\/\/flexifinanz.com\/?page_id=451"},"modified":"2025-02-26T00:05:31","modified_gmt":"2025-02-25T23:05:31","slug":"assurance-financement-securisez-votre-projet","status":"publish","type":"page","link":"https:\/\/flexifinanz.com\/fr\/assurance-financement-securisez-votre-projet\/","title":{"rendered":"Assurance Financement : S\u00e9curisez Votre Projet"},"content":{"rendered":"\t\t<div data-elementor-type=\"wp-page\" data-elementor-id=\"451\" class=\"elementor elementor-451\" data-elementor-settings=\"{&quot;element_pack_global_tooltip_width&quot;:{&quot;unit&quot;:&quot;px&quot;,&quot;size&quot;:&quot;&quot;,&quot;sizes&quot;:[]},&quot;element_pack_global_tooltip_width_tablet&quot;:{&quot;unit&quot;:&quot;px&quot;,&quot;size&quot;:&quot;&quot;,&quot;sizes&quot;:[]},&quot;element_pack_global_tooltip_width_mobile&quot;:{&quot;unit&quot;:&quot;px&quot;,&quot;size&quot;:&quot;&quot;,&quot;sizes&quot;:[]},&quot;element_pack_global_tooltip_padding&quot;:{&quot;unit&quot;:&quot;px&quot;,&quot;top&quot;:&quot;&quot;,&quot;right&quot;:&quot;&quot;,&quot;bottom&quot;:&quot;&quot;,&quot;left&quot;:&quot;&quot;,&quot;isLinked&quot;:true},&quot;element_pack_global_tooltip_padding_tablet&quot;:{&quot;unit&quot;:&quot;px&quot;,&quot;top&quot;:&quot;&quot;,&quot;right&quot;:&quot;&quot;,&quot;bottom&quot;:&quot;&quot;,&quot;left&quot;:&quot;&quot;,&quot;isLinked&quot;:true},&quot;element_pack_global_tooltip_padding_mobile&quot;:{&quot;unit&quot;:&quot;px&quot;,&quot;top&quot;:&quot;&quot;,&quot;right&quot;:&quot;&quot;,&quot;bottom&quot;:&quot;&quot;,&quot;left&quot;:&quot;&quot;,&quot;isLinked&quot;:true},&quot;element_pack_global_tooltip_border_radius&quot;:{&quot;unit&quot;:&quot;px&quot;,&quot;top&quot;:&quot;&quot;,&quot;right&quot;:&quot;&quot;,&quot;bottom&quot;:&quot;&quot;,&quot;left&quot;:&quot;&quot;,&quot;isLinked&quot;:true},&quot;element_pack_global_tooltip_border_radius_tablet&quot;:{&quot;unit&quot;:&quot;px&quot;,&quot;top&quot;:&quot;&quot;,&quot;right&quot;:&quot;&quot;,&quot;bottom&quot;:&quot;&quot;,&quot;left&quot;:&quot;&quot;,&quot;isLinked&quot;:true},&quot;element_pack_global_tooltip_border_radius_mobile&quot;:{&quot;unit&quot;:&quot;px&quot;,&quot;top&quot;:&quot;&quot;,&quot;right&quot;:&quot;&quot;,&quot;bottom&quot;:&quot;&quot;,&quot;left&quot;:&quot;&quot;,&quot;isLinked&quot;:true}}\" data-elementor-post-type=\"page\">\n\t\t\t\t<div class=\"elementor-element elementor-element-d13003a e-flex e-con-boxed e-con e-parent\" data-id=\"d13003a\" data-element_type=\"container\" data-settings=\"{&quot;background_background&quot;:&quot;classic&quot;}\">\n\t\t\t\t\t<div class=\"e-con-inner\">\n\t\t\t\t<div class=\"elementor-element elementor-element-59e44634 elementor-widget elementor-widget-text-editor\" data-id=\"59e44634\" data-element_type=\"widget\" data-widget_type=\"text-editor.default\">\n\t\t\t\t<div class=\"elementor-widget-container\">\n\t\t\t\t\t\t\t\t\t<h2 data-pm-slice=\"1 1 []\">Pourquoi souscrire une assurance pour votre financement ?<\/h2><p>Obtenir un financement est une \u00e9tape cl\u00e9 pour concr\u00e9tiser un projet, mais il est tout aussi important de <strong>se pr\u00e9munir contre les impr\u00e9vus<\/strong> pouvant affecter la rentabilit\u00e9 et la capacit\u00e9 de remboursement. Notre <strong>assurance financement<\/strong> offre une protection compl\u00e8te contre les risques op\u00e9rationnels, \u00e9conomiques et mat\u00e9riels.<\/p><p>Cette assurance est <strong>obligatoire<\/strong> pour garantir la viabilit\u00e9 du projet et assurer une gestion sereine du remboursement.<\/p><p>\u2705 <strong>S\u00e9curisation des remboursements et des engagements financiers<\/strong><br \/>\u2705 <strong>Couverture contre les risques \u00e9conomiques et mat\u00e9riels<\/strong><br \/>\u2705 <strong>Protection contre les interruptions et pertes financi\u00e8res<\/strong><br \/>\u2705 <strong>Accompagnement en cas d\u2019impr\u00e9vus impactant le projet<\/strong><\/p>\t\t\t\t\t\t\t\t<\/div>\n\t\t\t\t<\/div>\n\t\t\t\t<div class=\"elementor-element elementor-element-cef7d30 elementor-align-left elementor-invisible elementor-widget elementor-widget-button\" data-id=\"cef7d30\" data-element_type=\"widget\" data-settings=\"{&quot;_animation&quot;:&quot;fadeInUp&quot;,&quot;_animation_delay&quot;:500}\" data-widget_type=\"button.default\">\n\t\t\t\t<div class=\"elementor-widget-container\">\n\t\t\t\t\t\t\t\t\t<div class=\"elementor-button-wrapper\">\n\t\t\t\t\t<a class=\"elementor-button elementor-button-link elementor-size-sm\" href=\"#assurance\">\n\t\t\t\t\t\t<span class=\"elementor-button-content-wrapper\">\n\t\t\t\t\t\t<span class=\"elementor-button-icon\">\n\t\t\t\t<svg aria-hidden=\"true\" class=\"e-font-icon-svg e-fas-arrow-right\" viewBox=\"0 0 448 512\" xmlns=\"http:\/\/www.w3.org\/2000\/svg\"><path d=\"M190.5 66.9l22.2-22.2c9.4-9.4 24.6-9.4 33.9 0L441 239c9.4 9.4 9.4 24.6 0 33.9L246.6 467.3c-9.4 9.4-24.6 9.4-33.9 0l-22.2-22.2c-9.5-9.5-9.3-25 .4-34.3L311.4 296H24c-13.3 0-24-10.7-24-24v-32c0-13.3 10.7-24 24-24h287.4L190.9 101.2c-9.8-9.3-10-24.8-.4-34.3z\"><\/path><\/svg>\t\t\t<\/span>\n\t\t\t\t\t\t\t\t\t<span class=\"elementor-button-text\">Souscrire<\/span>\n\t\t\t\t\t<\/span>\n\t\t\t\t\t<\/a>\n\t\t\t\t<\/div>\n\t\t\t\t\t\t\t\t<\/div>\n\t\t\t\t<\/div>\n\t\t\t\t\t<\/div>\n\t\t\t\t<\/div>\n\t\t<div class=\"elementor-element elementor-element-12814ea0 e-flex e-con-boxed elementor-invisible e-con e-parent\" data-id=\"12814ea0\" data-element_type=\"container\" data-settings=\"{&quot;background_background&quot;:&quot;classic&quot;,&quot;animation&quot;:&quot;fadeInUp&quot;}\">\n\t\t\t\t\t<div class=\"e-con-inner\">\n\t\t\t\t<div class=\"elementor-element elementor-element-552f2b elementor-widget elementor-widget-text-editor\" data-id=\"552f2b\" data-element_type=\"widget\" data-widget_type=\"text-editor.default\">\n\t\t\t\t<div class=\"elementor-widget-container\">\n\t\t\t\t\t\t\t\t\t<h2 data-pm-slice=\"1 1 []\"><span style=\"color: #ffffff;\">\ud83d\udccc <strong>Nos Solutions d\u2019Assurance<\/strong><\/span><\/h2><h3><span style=\"color: #ffffff;\">\ud83c\udfe2 <strong>Assurance Financement Immobilier<\/strong><\/span><\/h3><p><span style=\"color: #ffffff;\">Garantissez la p\u00e9rennit\u00e9 de votre investissement immobilier avec une couverture compl\u00e8te.<\/span><br \/><span style=\"color: #ffffff;\">\u2705 Protection contre les loyers impay\u00e9s et les sinistres<\/span><br \/><span style=\"color: #ffffff;\">\u2705 Garantie des pertes financi\u00e8res li\u00e9es aux interruptions locatives<\/span><br \/><span style=\"color: #ffffff;\">\u2705 S\u00e9curisation des projets de r\u00e9novation et construction<\/span><\/p><h3><span style=\"color: #ffffff;\">\ud83d\udcc8 <strong>Assurance Financement de Projets Financiers<\/strong><\/span><\/h3><p><span style=\"color: #ffffff;\">Stabilisez et prot\u00e9gez vos engagements financiers.<\/span><br \/><span style=\"color: #ffffff;\">\u2705 S\u00e9curisation contre la fluctuation des performances \u00e9conomiques<\/span><br \/><span style=\"color: #ffffff;\">\u2705 Couverture contre les d\u00e9fauts de paiement<\/span><br \/><span style=\"color: #ffffff;\">\u2705 Protection contre les risques li\u00e9s aux placements financiers<\/span><\/p><h3><span style=\"color: #ffffff;\">\ud83d\ude80 <strong>Assurance Financement Startups &amp; Entreprises<\/strong><\/span><\/h3><p><span style=\"color: #ffffff;\">Accompagnez la croissance de votre entreprise en toute s\u00e9curit\u00e9.<\/span><br \/><span style=\"color: #ffffff;\">\u2705 Protection contre les risques \u00e9conomiques et ralentissements<\/span><br \/><span style=\"color: #ffffff;\">\u2705 S\u00e9curisation des financements d\u00e9di\u00e9s au d\u00e9veloppement<\/span><br \/><span style=\"color: #ffffff;\">\u2705 Garantie contre les pertes financi\u00e8res dues \u00e0 l\u2019interruption d\u2019activit\u00e9<\/span><\/p><h3><span style=\"color: #ffffff;\">\ud83c\udf0d <strong>Assurance Financement \u00c9nergies &amp; Infrastructures<\/strong><\/span><\/h3><p><span style=\"color: #ffffff;\">Assurez la stabilit\u00e9 de votre projet \u00e9nerg\u00e9tique ou infrastructurel face aux impr\u00e9vus.<\/span><br \/><span style=\"color: #ffffff;\">\u2705 Couverture contre les catastrophes naturelles et incidents climatiques<\/span><br \/><span style=\"color: #ffffff;\">\u2705 Garantie des interruptions de production et pertes d\u2019exploitation<\/span><br \/><span style=\"color: #ffffff;\">\u2705 S\u00e9curisation des infrastructures et \u00e9quipements<\/span><\/p><h3><span style=\"color: #ffffff;\">\ud83c\udf31 <strong>Assurance Financement Agriculture &amp; Agroalimentaire<\/strong><\/span><\/h3><p><span style=\"color: #ffffff;\">Prot\u00e9gez vos investissements agricoles contre les risques environnementaux et \u00e9conomiques.<\/span><br \/><span style=\"color: #ffffff;\">\u2705 S\u00e9curisation contre les conditions climatiques extr\u00eames<\/span><br \/><span style=\"color: #ffffff;\">\u2705 Garantie contre les pertes de rendement et fluctuations des prix<\/span><br \/><span style=\"color: #ffffff;\">\u2705 Protection des infrastructures et des cha\u00eenes d\u2019approvisionnement<\/span><\/p><h3><span style=\"color: #ffffff;\">\ud83c\udfae <strong>Assurance Financement Loisirs &amp; Divertissement<\/strong><\/span><\/h3><p><span style=\"color: #ffffff;\">Pr\u00e9servez vos projets li\u00e9s aux loisirs et \u00e0 l\u2019industrie du divertissement.<\/span><br \/><span style=\"color: #ffffff;\">\u2705 Couverture contre l\u2019annulation d\u2019\u00e9v\u00e9nements et productions<\/span><br \/><span style=\"color: #ffffff;\">\u2705 S\u00e9curisation des plateformes num\u00e9riques et franchises<\/span><br \/><span style=\"color: #ffffff;\">\u2705 Garantie contre les pertes financi\u00e8res impr\u00e9vues<\/span><\/p><h3><span style=\"color: #ffffff;\">\ud83d\udc8e <strong>Assurance Financement Luxe &amp; Mode<\/strong><\/span><\/h3><p><span style=\"color: #ffffff;\">Assurez vos investissements dans le secteur du luxe et de la mode.<\/span><br \/><span style=\"color: #ffffff;\">\u2705 Protection des stocks et mat\u00e9riaux rares<\/span><br \/><span style=\"color: #ffffff;\">\u2705 S\u00e9curisation contre la contrefa\u00e7on et les pertes financi\u00e8res<\/span><br \/><span style=\"color: #ffffff;\">\u2705 Garantie de la valorisation des marques et actifs<\/span><\/p>\t\t\t\t\t\t\t\t<\/div>\n\t\t\t\t<\/div>\n\t\t\t\t\t<\/div>\n\t\t\t\t<\/div>\n\t\t<div class=\"elementor-element elementor-element-8de8cf0 elementor-hidden-desktop elementor-hidden-tablet elementor-hidden-mobile e-flex e-con-boxed elementor-invisible e-con e-parent\" data-id=\"8de8cf0\" data-element_type=\"container\" data-settings=\"{&quot;background_background&quot;:&quot;classic&quot;,&quot;animation_mobile&quot;:&quot;fadeInUp&quot;,&quot;animation&quot;:&quot;fadeInUp&quot;}\">\n\t\t\t\t\t<div class=\"e-con-inner\">\n\t\t\t\t<div class=\"elementor-element elementor-element-ce59035 elementor-widget elementor-widget-html\" data-id=\"ce59035\" data-element_type=\"widget\" data-widget_type=\"html.default\">\n\t\t\t\t<div class=\"elementor-widget-container\">\n\t\t\t\t\t<!DOCTYPE html>\n<html lang=\"fr\">\n<head>\n    <meta charset=\"UTF-8\">\n    <meta name=\"viewport\" content=\"width=device-width, initial-scale=1.0\">\n    <title>Simulateur de Frais d'Assurance<\/title>\n    <script src=\"https:\/\/cdn.jsdelivr.net\/npm\/chart.js\"><\/script>\n    <style>\n        body {\n            font-family: Arial, sans-serif;\n            background-color: #1FCC79;\n            color: white;\n            margin: 0;\n            text-align: left;\n        }\n        .container {\n            padding: 30px;\n            border-radius: 12px;\n            max-width: 950px;\n            width: 100%;\n            margin: auto;\n            background: #fff;\n        }\n        .form-section, .result-section {\n            width: 100%;\n            padding: 20px;\n        }\n        .form-section {\n            display: flex;\n            flex-direction: column;\n            color: black;\n        }\n        .result-section {\n            background-color: #000;\n            color: white;\n            border-radius: 30px;\n            display: none;\n            flex-direction: column;\n            justify-content: center;\n            text-align: center;\n            padding: 20px;\n            margin-top: 20px;\n        }\n        select, input, button {\n            width: 100%;\n            padding: 12px;\n            margin: 10px 0;\n            border-radius: 8px;\n            border: 1px solid #555;\n            font-size: 1em;\n            background: #ffffff;\n            color: black;\n        }\n        button {\n            background-color: #ffcc00;\n            color: black;\n            border: none;\n            cursor: pointer;\n            font-size: 1em;\n            font-weight: bold;\n            text-transform: uppercase;\n        }\n        button:hover {\n            background-color: #e6b800;\n        }\n        .chart-container {\n            width: 100%;\n            max-width: 600px;\n            height: 200px;\n            margin: auto;\n        }\n    <\/style>\n<\/head>\n<body>\n    <div class=\"container\">\n        <div class=\"form-section\">\n            <h2>Simulateur de Frais d'Assurance<\/h2>\n            <label for=\"category\">Type d'Assurance :<\/label>\n            <select id=\"category\">\n                <option value=\"0.2\">Technologie & Innovation<\/option>\n                <option value=\"0.3\">Immobilier<\/option>\n                <option value=\"0.25\">\u00c9nergies & Environnement<\/option>\n                <option value=\"0.22\">Sant\u00e9 & Bien-\u00eatre<\/option>\n                <option value=\"0.28\">Commerce & E-commerce<\/option>\n                <option value=\"0.26\">Industrie & Logistique<\/option>\n                <option value=\"0.24\">Agriculture & Agroalimentaire<\/option>\n                <option value=\"0.3\">Loisirs & Divertissement<\/option>\n                <option value=\"0.2\">PME & Startups<\/option>\n                <option value=\"0.27\">Luxe & Mode<\/option>\n            <\/select>\n            <label for=\"coverage\">Niveau de Garantie :<\/label>\n            <select id=\"coverage\">\n                <option value=\"1\">Garantie de Base<\/option>\n                <option value=\"1.2\">Garantie \u00c9tendue<\/option>\n                <option value=\"1.5\">Garantie Premium<\/option>\n            <\/select>\n            <label for=\"amount\">Capital \u00e0 Assurer (\u20ac) :<\/label>\n            <input type=\"number\" id=\"amount\" placeholder=\"Entrez le capital assur\u00e9\" min=\"100000\" required>\n            <label for=\"duration\">Dur\u00e9e du contrat (ann\u00e9es) :<\/label>\n            <input type=\"number\" id=\"duration\" placeholder=\"Entrez la dur\u00e9e\" min=\"1\" max=\"30\" required>\n            <button onclick=\"calculateInsurance()\">Calculer<\/button>\n        <\/div>\n        <div class=\"result-section\" id=\"result\">\n            <h3 style=\"color: white;\">Frais d'Assurance Estim\u00e9s<\/h3>\n            <div class=\"result-info\">\n                <p><span class=\"result-label\">Capital Assur\u00e9 :<\/span> <span id=\"insuredAmount\">-- \u20ac<\/span><\/p>\n                <p><span class=\"result-label\">Frais Mensuels :<\/span> <span id=\"monthlyFee\">-- \u20ac<\/span><\/p>\n                <p><span class=\"result-label\">Frais Annuels :<\/span> <span id=\"annualFee\">-- \u20ac<\/span><\/p>\n                <p><span class=\"result-label\">Co\u00fbt Total sur la Dur\u00e9e :<\/span> <span id=\"totalCost\">-- \u20ac<\/span><\/p>\n            <\/div>\n            <div class=\"chart-container\">\n                <canvas id=\"insuranceChart\"><\/canvas>\n            <\/div>\n        <\/div>\n    <\/div>\n    <script>\n        let chartInstance;\n        function calculateInsurance() {\n            let amount = parseFloat(document.getElementById(\"amount\").value);\n            let ctx = document.getElementById(\"insuranceChart\").getContext(\"2d\");\n            \n            let totalCost = amount * 0.01;\n            let annualFee = totalCost \/ parseInt(document.getElementById(\"duration\").value);\n            let monthlyFee = annualFee \/ 12;\n\n            document.getElementById(\"insuredAmount\").innerHTML = `${amount.toFixed(2)}\u20ac`;\n            document.getElementById(\"monthlyFee\").innerHTML = `${monthlyFee.toFixed(2)}\u20ac`;\n            document.getElementById(\"annualFee\").innerHTML = `${annualFee.toFixed(2)}\u20ac`;\n            document.getElementById(\"totalCost\").innerHTML = `${totalCost.toFixed(2)}\u20ac`;\n            \n            document.getElementById(\"result\").style.display = \"flex\";\n\n            if (chartInstance) {\n                chartInstance.destroy();\n            }\n            chartInstance = new Chart(ctx, {\n                type: 'line',\n                data: {\n                    labels: [\"Capital Assur\u00e9\", \"Frais Annuels\", \"Co\u00fbt Total\"],\n                    datasets: [{\n                        data: [amount, annualFee, totalCost],\n                        borderColor: \"#ffcc00\",\n                        backgroundColor: \"transparent\",\n                        tension: 0.4\n                    }]\n                },\n                options: {\n                    responsive: true,\n                    maintainAspectRatio: false,\n                    scales: {\n                        y: {\n                            beginAtZero: true\n                        }\n                    }\n                }\n            });\n        }\n    <\/script>\n<\/body>\n<\/html>\n\t\t\t\t<\/div>\n\t\t\t\t<\/div>\n\t\t\t\t\t<\/div>\n\t\t\t\t<\/div>\n\t\t<div class=\"elementor-element elementor-element-57bcfe8 e-flex e-con-boxed e-con e-parent\" data-id=\"57bcfe8\" data-element_type=\"container\">\n\t\t\t\t\t<div class=\"e-con-inner\">\n\t\t\t\t<div class=\"elementor-element elementor-element-aa91726 elementor-widget elementor-widget-spacer\" data-id=\"aa91726\" data-element_type=\"widget\" data-widget_type=\"spacer.default\">\n\t\t\t\t<div class=\"elementor-widget-container\">\n\t\t\t\t\t\t\t<div class=\"elementor-spacer\">\n\t\t\t<div class=\"elementor-spacer-inner\"><\/div>\n\t\t<\/div>\n\t\t\t\t\t\t<\/div>\n\t\t\t\t<\/div>\n\t\t\t\t\t<\/div>\n\t\t\t\t<\/div>\n\t\t<div class=\"elementor-element elementor-element-4a7e2cc3 e-flex e-con-boxed elementor-invisible e-con e-parent\" data-id=\"4a7e2cc3\" data-element_type=\"container\" data-settings=\"{&quot;background_background&quot;:&quot;classic&quot;,&quot;animation_mobile&quot;:&quot;fadeInUp&quot;,&quot;animation&quot;:&quot;fadeInUp&quot;}\">\n\t\t\t\t\t<div class=\"e-con-inner\">\n\t\t\t\t<div class=\"elementor-element elementor-element-5a76572 elementor-widget elementor-widget-menu-anchor\" data-id=\"5a76572\" data-element_type=\"widget\" data-widget_type=\"menu-anchor.default\">\n\t\t\t\t<div class=\"elementor-widget-container\">\n\t\t\t\t\t\t\t<div class=\"elementor-menu-anchor\" id=\"assurance\"><\/div>\n\t\t\t\t\t\t<\/div>\n\t\t\t\t<\/div>\n\t\t\t\t<div class=\"elementor-element elementor-element-553f5a33 elementor-widget elementor-widget-text-editor\" data-id=\"553f5a33\" data-element_type=\"widget\" data-widget_type=\"text-editor.default\">\n\t\t\t\t<div class=\"elementor-widget-container\">\n\t\t\t\t\t\t\t\t\t<h2 data-pm-slice=\"1 1 []\">\ud83d\udce2 <strong>Souscrivez d\u00e8s maintenant !<\/strong><\/h2><p>L\u2019assurance est une <strong>exigence<\/strong> pour tout b\u00e9n\u00e9ficiaire de financement afin de garantir la s\u00e9curit\u00e9 du projet et du remboursement. Remplissez le formulaire ci-dessous pour souscrire \u00e0 votre couverture.<\/p>\t\t\t\t\t\t\t\t<\/div>\n\t\t\t\t<\/div>\n\t\t\t\t\t<\/div>\n\t\t\t\t<\/div>\n\t\t\t\t<\/div>\n\t\t","protected":false},"excerpt":{"rendered":"<p>Pourquoi souscrire une assurance pour votre financement ? Obtenir un financement est une \u00e9tape cl\u00e9 pour concr\u00e9tiser un projet, mais il est [&hellip;]<\/p>\n","protected":false},"author":1,"featured_media":575,"parent":0,"menu_order":0,"comment_status":"closed","ping_status":"closed","template":"","meta":{"om_disable_all_campaigns":false,"_monsterinsights_skip_tracking":false,"_monsterinsights_sitenote_active":false,"_monsterinsights_sitenote_note":"","_monsterinsights_sitenote_category":0,"footnotes":""},"class_list":["post-451","page","type-page","status-publish","has-post-thumbnail","hentry"],"aioseo_notices":[],"_links":{"self":[{"href":"https:\/\/flexifinanz.com\/fr\/wp-json\/wp\/v2\/pages\/451","targetHints":{"allow":["GET"]}}],"collection":[{"href":"https:\/\/flexifinanz.com\/fr\/wp-json\/wp\/v2\/pages"}],"about":[{"href":"https:\/\/flexifinanz.com\/fr\/wp-json\/wp\/v2\/types\/page"}],"author":[{"embeddable":true,"href":"https:\/\/flexifinanz.com\/fr\/wp-json\/wp\/v2\/users\/1"}],"replies":[{"embeddable":true,"href":"https:\/\/flexifinanz.com\/fr\/wp-json\/wp\/v2\/comments?post=451"}],"version-history":[{"count":0,"href":"https:\/\/flexifinanz.com\/fr\/wp-json\/wp\/v2\/pages\/451\/revisions"}],"wp:featuredmedia":[{"embeddable":true,"href":"https:\/\/flexifinanz.com\/fr\/wp-json\/wp\/v2\/media\/575"}],"wp:attachment":[{"href":"https:\/\/flexifinanz.com\/fr\/wp-json\/wp\/v2\/media?parent=451"}],"curies":[{"name":"wp","href":"https:\/\/api.w.org\/{rel}","templated":true}]}}