{"id":315,"date":"2025-02-20T21:43:14","date_gmt":"2025-02-20T20:43:14","guid":{"rendered":"https:\/\/flexifinanz.com\/?page_id=315"},"modified":"2025-03-13T00:37:52","modified_gmt":"2025-03-12T23:37:52","slug":"nos-faibles-taux","status":"publish","type":"page","link":"https:\/\/flexifinanz.com\/fr\/nos-faibles-taux\/","title":{"rendered":"Nos Faibles Taux : Une Accessibilit\u00e9 Optimale"},"content":{"rendered":"\t\t<div data-elementor-type=\"wp-page\" data-elementor-id=\"315\" class=\"elementor elementor-315\" data-elementor-settings=\"{&quot;element_pack_global_tooltip_width&quot;:{&quot;unit&quot;:&quot;px&quot;,&quot;size&quot;:&quot;&quot;,&quot;sizes&quot;:[]},&quot;element_pack_global_tooltip_width_tablet&quot;:{&quot;unit&quot;:&quot;px&quot;,&quot;size&quot;:&quot;&quot;,&quot;sizes&quot;:[]},&quot;element_pack_global_tooltip_width_mobile&quot;:{&quot;unit&quot;:&quot;px&quot;,&quot;size&quot;:&quot;&quot;,&quot;sizes&quot;:[]},&quot;element_pack_global_tooltip_padding&quot;:{&quot;unit&quot;:&quot;px&quot;,&quot;top&quot;:&quot;&quot;,&quot;right&quot;:&quot;&quot;,&quot;bottom&quot;:&quot;&quot;,&quot;left&quot;:&quot;&quot;,&quot;isLinked&quot;:true},&quot;element_pack_global_tooltip_padding_tablet&quot;:{&quot;unit&quot;:&quot;px&quot;,&quot;top&quot;:&quot;&quot;,&quot;right&quot;:&quot;&quot;,&quot;bottom&quot;:&quot;&quot;,&quot;left&quot;:&quot;&quot;,&quot;isLinked&quot;:true},&quot;element_pack_global_tooltip_padding_mobile&quot;:{&quot;unit&quot;:&quot;px&quot;,&quot;top&quot;:&quot;&quot;,&quot;right&quot;:&quot;&quot;,&quot;bottom&quot;:&quot;&quot;,&quot;left&quot;:&quot;&quot;,&quot;isLinked&quot;:true},&quot;element_pack_global_tooltip_border_radius&quot;:{&quot;unit&quot;:&quot;px&quot;,&quot;top&quot;:&quot;&quot;,&quot;right&quot;:&quot;&quot;,&quot;bottom&quot;:&quot;&quot;,&quot;left&quot;:&quot;&quot;,&quot;isLinked&quot;:true},&quot;element_pack_global_tooltip_border_radius_tablet&quot;:{&quot;unit&quot;:&quot;px&quot;,&quot;top&quot;:&quot;&quot;,&quot;right&quot;:&quot;&quot;,&quot;bottom&quot;:&quot;&quot;,&quot;left&quot;:&quot;&quot;,&quot;isLinked&quot;:true},&quot;element_pack_global_tooltip_border_radius_mobile&quot;:{&quot;unit&quot;:&quot;px&quot;,&quot;top&quot;:&quot;&quot;,&quot;right&quot;:&quot;&quot;,&quot;bottom&quot;:&quot;&quot;,&quot;left&quot;:&quot;&quot;,&quot;isLinked&quot;:true}}\" data-elementor-post-type=\"page\">\n\t\t\t\t<div class=\"elementor-element elementor-element-723cec8c e-flex e-con-boxed e-con e-parent\" data-id=\"723cec8c\" data-element_type=\"container\" data-settings=\"{&quot;background_background&quot;:&quot;classic&quot;}\">\n\t\t\t\t\t<div class=\"e-con-inner\">\n\t\t\t\t<div class=\"elementor-element elementor-element-b6a959a elementor-widget elementor-widget-text-editor\" data-id=\"b6a959a\" data-element_type=\"widget\" data-widget_type=\"text-editor.default\">\n\t\t\t\t<div class=\"elementor-widget-container\">\n\t\t\t\t\t\t\t\t\t<h2 data-pm-slice=\"1 1 []\">Pourquoi choisir un financement \u00e0 taux r\u00e9duit chez FlexiFinanz?<\/h2><p>Acc\u00e9der \u00e0 un financement ne devrait jamais \u00eatre un obstacle. Chez <strong>FlexiFinanz<\/strong>, nous proposons des <strong>taux avantageux et accessibles<\/strong>, permettant \u00e0 chacun de financer son projet sans charges financi\u00e8res excessives. Notre mission est de <strong>supprimer les barri\u00e8res financi\u00e8res<\/strong> et d\u2019accompagner nos clients avec des solutions adapt\u00e9es \u00e0 leurs objectifs.<\/p><p>Gr\u00e2ce \u00e0 nos taux r\u00e9duits, vous b\u00e9n\u00e9ficiez de <strong>plus de flexibilit\u00e9 et de rentabilit\u00e9<\/strong>, tout en conservant votre capacit\u00e9 d\u2019investissement pour d\u00e9velopper votre activit\u00e9 en toute s\u00e9r\u00e9nit\u00e9.<\/p>\t\t\t\t\t\t\t\t<\/div>\n\t\t\t\t<\/div>\n\t\t\t\t<div class=\"elementor-element elementor-element-8658ca8 elementor-align-left elementor-widget elementor-widget-button\" data-id=\"8658ca8\" data-element_type=\"widget\" data-widget_type=\"button.default\">\n\t\t\t\t<div class=\"elementor-widget-container\">\n\t\t\t\t\t\t\t\t\t<div class=\"elementor-button-wrapper\">\n\t\t\t\t\t<a class=\"elementor-button elementor-button-link elementor-size-sm\" href=\"#simulateur\">\n\t\t\t\t\t\t<span class=\"elementor-button-content-wrapper\">\n\t\t\t\t\t\t<span class=\"elementor-button-icon\">\n\t\t\t\t<svg aria-hidden=\"true\" class=\"e-font-icon-svg e-fas-arrow-right\" viewBox=\"0 0 448 512\" xmlns=\"http:\/\/www.w3.org\/2000\/svg\"><path d=\"M190.5 66.9l22.2-22.2c9.4-9.4 24.6-9.4 33.9 0L441 239c9.4 9.4 9.4 24.6 0 33.9L246.6 467.3c-9.4 9.4-24.6 9.4-33.9 0l-22.2-22.2c-9.5-9.5-9.3-25 .4-34.3L311.4 296H24c-13.3 0-24-10.7-24-24v-32c0-13.3 10.7-24 24-24h287.4L190.9 101.2c-9.8-9.3-10-24.8-.4-34.3z\"><\/path><\/svg>\t\t\t<\/span>\n\t\t\t\t\t\t\t\t\t<span class=\"elementor-button-text\">Simuler votre financement<\/span>\n\t\t\t\t\t<\/span>\n\t\t\t\t\t<\/a>\n\t\t\t\t<\/div>\n\t\t\t\t\t\t\t\t<\/div>\n\t\t\t\t<\/div>\n\t\t\t\t\t<\/div>\n\t\t\t\t<\/div>\n\t\t<div class=\"elementor-element elementor-element-64daf4f7 e-flex e-con-boxed elementor-invisible e-con e-parent\" data-id=\"64daf4f7\" data-element_type=\"container\" data-settings=\"{&quot;background_background&quot;:&quot;classic&quot;,&quot;animation&quot;:&quot;fadeInUp&quot;}\">\n\t\t\t\t\t<div class=\"e-con-inner\">\n\t\t\t\t<div class=\"elementor-element elementor-element-27aec79e elementor-widget elementor-widget-text-editor\" data-id=\"27aec79e\" data-element_type=\"widget\" data-widget_type=\"text-editor.default\">\n\t\t\t\t<div class=\"elementor-widget-container\">\n\t\t\t\t\t\t\t\t\t<h2 data-pm-slice=\"1 1 []\">\ud83d\udcb0 Un financement accessible et avantageux<\/h2><p>Nos conditions avantageuses vous permettent d\u2019acc\u00e9der \u00e0 un <strong>financement facile et rapide<\/strong>, avec des taux r\u00e9duits qui all\u00e8gent vos engagements financiers.<\/p><p>\u2705 <strong>Des taux parmi les plus bas du march\u00e9<\/strong><br \/>\u2705 <strong>Une transparence totale sur les co\u00fbts<\/strong><br \/>\u2705 <strong>Des conditions adapt\u00e9es \u00e0 chaque projet<\/strong><\/p>\t\t\t\t\t\t\t\t<\/div>\n\t\t\t\t<\/div>\n\t\t\t\t\t<\/div>\n\t\t\t\t<\/div>\n\t\t<div class=\"elementor-element elementor-element-206b16ce e-flex e-con-boxed elementor-invisible e-con e-parent\" data-id=\"206b16ce\" data-element_type=\"container\" data-settings=\"{&quot;background_background&quot;:&quot;classic&quot;,&quot;animation&quot;:&quot;fadeInUp&quot;}\">\n\t\t\t\t\t<div class=\"e-con-inner\">\n\t\t\t\t<div class=\"elementor-element elementor-element-6fa2ce90 elementor-widget elementor-widget-text-editor\" data-id=\"6fa2ce90\" data-element_type=\"widget\" data-widget_type=\"text-editor.default\">\n\t\t\t\t<div class=\"elementor-widget-container\">\n\t\t\t\t\t\t\t\t\t<h2 data-pm-slice=\"1 1 []\"><span style=\"color: #ffffff;\">\ud83d\udcc8 Plus de flexibilit\u00e9, plus d\u2019opportunit\u00e9s<\/span><\/h2><p><span style=\"color: #ffffff;\">Nos solutions vous permettent de <strong>pr\u00e9server votre tr\u00e9sorerie<\/strong> et d\u2019optimiser votre rentabilit\u00e9 sans contrainte excessive.<\/span><\/p><p><span style=\"color: #ffffff;\">\u2705 <strong>Des \u00e9ch\u00e9ances flexibles et adapt\u00e9es \u00e0 vos besoins<\/strong><\/span><br \/><span style=\"color: #ffffff;\">\u2705 <strong>Possibilit\u00e9 de remboursement anticip\u00e9 sans p\u00e9nalit\u00e9<\/strong><\/span><br \/><span style=\"color: #ffffff;\">\u2705 <strong>Une approche personnalis\u00e9e pour chaque financement<\/strong><\/span><\/p>\t\t\t\t\t\t\t\t<\/div>\n\t\t\t\t<\/div>\n\t\t\t\t\t<\/div>\n\t\t\t\t<\/div>\n\t\t<div class=\"elementor-element elementor-element-12e27d32 e-flex e-con-boxed elementor-invisible e-con e-parent\" data-id=\"12e27d32\" data-element_type=\"container\" data-settings=\"{&quot;background_background&quot;:&quot;classic&quot;,&quot;animation&quot;:&quot;fadeInUp&quot;}\">\n\t\t\t\t\t<div class=\"e-con-inner\">\n\t\t\t\t<div class=\"elementor-element elementor-element-26e77b8b elementor-widget elementor-widget-text-editor\" data-id=\"26e77b8b\" data-element_type=\"widget\" data-widget_type=\"text-editor.default\">\n\t\t\t\t<div class=\"elementor-widget-container\">\n\t\t\t\t\t\t\t\t\t<h2 data-pm-slice=\"1 1 []\">\ud83d\ude80 Un accompagnement qui vous soutient<\/h2><p>Nous finan\u00e7ons vos projets <strong>sans vous alourdir<\/strong>, en assurant un <strong>processus simplifi\u00e9<\/strong> et un <strong>suivi personnalis\u00e9<\/strong>.<\/p><p>\u2705 <strong>Un accompagnement tout au long du financement<\/strong><br \/>\u2705 <strong>Des solutions sur mesure selon votre profil<\/strong><br \/>\u2705 <strong>Un acc\u00e8s rapide aux fonds pour concr\u00e9tiser vos projets<\/strong><\/p>\t\t\t\t\t\t\t\t<\/div>\n\t\t\t\t<\/div>\n\t\t\t\t\t<\/div>\n\t\t\t\t<\/div>\n\t\t<div class=\"elementor-element elementor-element-838e821 e-flex e-con-boxed elementor-invisible e-con e-parent\" data-id=\"838e821\" data-element_type=\"container\" data-settings=\"{&quot;background_background&quot;:&quot;classic&quot;,&quot;animation&quot;:&quot;fadeInUp&quot;}\">\n\t\t\t\t\t<div class=\"e-con-inner\">\n\t\t\t\t<div class=\"elementor-element elementor-element-01475f9 elementor-widget elementor-widget-text-editor\" data-id=\"01475f9\" data-element_type=\"widget\" data-widget_type=\"text-editor.default\">\n\t\t\t\t<div class=\"elementor-widget-container\">\n\t\t\t\t\t\t\t\t\t<h2 data-pm-slice=\"1 1 []\">\ud83d\udce2 <strong>Pourquoi choisir notre financement \u00e0 taux r\u00e9duit ?<\/strong><\/h2><p>Nous avons con\u00e7u une approche qui permet \u00e0 chacun de <strong>financer ses projets en toute confiance<\/strong>, avec <strong>des conditions optimales et un accompagnement sur mesure<\/strong>.<\/p><h3><strong>Nos avantages :<\/strong><\/h3><p>\u2705 <strong>Des taux comp\u00e9titifs adapt\u00e9s \u00e0 chaque projet<\/strong><br \/>\u2705 <strong>Un processus simplifi\u00e9 et rapide<\/strong><br \/>\u2705 <strong>Un accompagnement strat\u00e9gique et financier<\/strong><br \/>\u2705 <strong>Des financements accessibles \u00e0 tous<\/strong><\/p>\t\t\t\t\t\t\t\t<\/div>\n\t\t\t\t<\/div>\n\t\t\t\t\t<\/div>\n\t\t\t\t<\/div>\n\t\t<div class=\"elementor-element elementor-element-1b916d5 e-flex e-con-boxed elementor-invisible e-con e-parent\" data-id=\"1b916d5\" data-element_type=\"container\" data-settings=\"{&quot;background_background&quot;:&quot;classic&quot;,&quot;animation&quot;:&quot;fadeInUp&quot;}\">\n\t\t\t\t\t<div class=\"e-con-inner\">\n\t\t\t\t<div class=\"elementor-element elementor-element-cb22b2d elementor-widget elementor-widget-menu-anchor\" data-id=\"cb22b2d\" data-element_type=\"widget\" data-widget_type=\"menu-anchor.default\">\n\t\t\t\t<div class=\"elementor-widget-container\">\n\t\t\t\t\t\t\t<div class=\"elementor-menu-anchor\" id=\"simulateur\"><\/div>\n\t\t\t\t\t\t<\/div>\n\t\t\t\t<\/div>\n\t\t\t\t<div class=\"elementor-element elementor-element-08a674b elementor-widget elementor-widget-html\" data-id=\"08a674b\" data-element_type=\"widget\" data-widget_type=\"html.default\">\n\t\t\t\t<div class=\"elementor-widget-container\">\n\t\t\t\t\t<!DOCTYPE html>\n<html lang=\"fr\">\n<head>\n  <meta charset=\"UTF-8\">\n  <meta name=\"viewport\" content=\"width=device-width, initial-scale=1.0\">\n  <title>Simulateur de Financement<\/title>\n  <script src=\"https:\/\/cdn.jsdelivr.net\/npm\/chart.js\"><\/script>\n  <style>\n    \/* Styles sp\u00e9cifiques au simulateur *\/\n    #simulateur-financement * {\n      box-sizing: border-box;\n    }\n    #simulateur-financement .container {\n      background: #6CFF84;\n      padding: 30px;\n      border-radius: 12px;\n      box-shadow: 0 0 0px rgba(0, 0, 0, 0.1);\n      max-width: 950px;\n      width: 100%;\n      margin: auto;\n    }\n    #simulateur-financement .form-section,\n    #simulateur-financement .result-section {\n      width: 100%;\n      padding: 0;\n    }\n    #simulateur-financement .form-section {\n      display: flex;\n      flex-direction: column;\n      color: black;\n      text-align: left;\n    }\n    #simulateur-financement .result-section {\n      background-color: #000;\n      color: white;\n      border-radius: 30px;\n      display: none;\n      flex-direction: column;\n      justify-content: center;\n      text-align: center;\n      padding: 20px;\n      margin-top: 20px;\n    }\n    #simulateur-financement select,\n    #simulateur-financement input,\n    #simulateur-financement button {\n      width: 100%;\n      padding: 12px;\n      margin: 10px 0;\n      border-radius: 8px;\n      border: 1px solid #555;\n      font-size: 1em;\n      transition: 0.3s;\n      background: #ffffff;\n      color: black;\n    }\n    #simulateur-financement button {\n      background-color: #ffcc00;\n      color: black;\n      border: none;\n      cursor: pointer;\n      font-size: 1em;\n      font-weight: bold;\n      text-transform: uppercase;\n    }\n    #simulateur-financement button:hover {\n      background-color: #e6b800;\n    }\n    #simulateur-financement .chart-container {\n      width: 100%;\n      max-width: 600px;\n      height: 400px;\n      margin: auto;\n    }\n  <\/style>\n<\/head>\n<body>\n  <!-- Autres \u00e9l\u00e9ments du site, par exemple le header et le menu -->\n  <header>\n    <!-- Contenu du menu du site -->\n  <\/header>\n  \n  <main>\n    <!-- Autres contenus du site -->\n\n    <!-- Simulateur encapsul\u00e9 dans une div d\u00e9di\u00e9e -->\n    <div id=\"simulateur-financement\">\n      <div class=\"container\">\n        <div class=\"form-section\">\n          <h2>Simulateur de Financement<\/h2>\n          <label for=\"category\">Type de financement :<\/label>\n          <select id=\"category\">\n            <option value=\"1.5\">Technologie & Innovation<\/option>\n            <option value=\"1.8\">Immobilier<\/option>\n            <option value=\"1.6\">\u00c9nergies & Environnement<\/option>\n            <option value=\"1.7\">Sant\u00e9 & Bien-\u00eatre<\/option>\n            <option value=\"1.9\">Commerce & E-commerce<\/option>\n            <option value=\"1.8\">Industrie & Logistique<\/option>\n            <option value=\"1.7\">Agriculture & Agroalimentaire<\/option>\n            <option value=\"2.0\">Loisirs & Divertissement<\/option>\n            <option value=\"1.6\">PME & Startups<\/option>\n            <option value=\"1.9\">Luxe & Mode<\/option>\n          <\/select>\n\n          <label for=\"amount\">Montant du financement (\u20ac) :<\/label>\n          <input type=\"number\" id=\"amount\" placeholder=\"Entrez le montant\" min=\"100000\">\n\n          <label for=\"duration\">Dur\u00e9e (ann\u00e9es) :<\/label>\n          <input type=\"number\" id=\"duration\" placeholder=\"Entrez la dur\u00e9e en ann\u00e9es\" min=\"1\" max=\"30\">\n\n          <button onclick=\"calculateLoan()\">Calculer<\/button>\n        <\/div>\n\n        <div class=\"result-section\" id=\"result\">\n          <h3>Mensualit\u00e9 Estim\u00e9e<\/h3>\n          <div class=\"result-info\">\n            <p><span class=\"result-label\">Mensualit\u00e9 :<\/span> <span id=\"monthlyPayment\">-- \u20ac<\/span><\/p>\n            <p><span class=\"result-label\">Premier Paiement :<\/span> <span id=\"firstPayment\">-- \u20ac<\/span><\/p>\n            <p><span class=\"result-label\">Dur\u00e9e :<\/span> <span id=\"loanDuration\">-- ans<\/span><\/p>\n            <p><span class=\"result-label\">Montant du financement :<\/span> <span id=\"loanAmount\">-- \u20ac<\/span><\/p>\n            <p><span class=\"result-label\">Co\u00fbt total du cr\u00e9dit :<\/span> <span id=\"totalCost\">-- \u20ac<\/span><\/p>\n            <p><span class=\"result-label\">Total des int\u00e9r\u00eats :<\/span> <span id=\"totalInterest\">-- \u20ac<\/span><\/p>\n          <\/div>\n          <div class=\"chart-container\">\n            <canvas id=\"creditChart\"><\/canvas>\n          <\/div>\n        <\/div>\n      <\/div>\n    <\/div>\n  <\/main>\n  \n  <!-- Pied de page du site -->\n  <footer>\n    <!-- Contenu du pied de page -->\n  <\/footer>\n  \n  <script>\n    let creditChart;\n\n    function calculateLoan() {\n      let amount = parseFloat(document.getElementById(\"amount\").value);\n      let duration = parseInt(document.getElementById(\"duration\").value);\n      let interestRate = parseFloat(document.getElementById(\"category\").value) \/ 100;\n      \n      if (isNaN(amount) || isNaN(duration) || amount < 100000 || duration <= 0) {\n        alert(\"Veuillez entrer des valeurs valides. Le montant doit \u00eatre au minimum 100 000\u20ac.\");\n        return;\n      }\n      \n      let monthlyRate = interestRate \/ 12;\n      let totalMonths = duration * 12;\n      let monthlyPayment = (amount * monthlyRate) \/ (1 - Math.pow(1 + monthlyRate, -totalMonths));\n      let firstPayment = monthlyPayment + (amount * monthlyRate);\n      let totalAmountPaid = monthlyPayment * totalMonths;\n      let totalInterest = totalAmountPaid - amount;\n      let totalCost = totalAmountPaid;\n\n      document.getElementById(\"monthlyPayment\").innerHTML = `${monthlyPayment.toFixed(2)}\u20ac`;\n      document.getElementById(\"firstPayment\").innerHTML = `${firstPayment.toFixed(2)}\u20ac`;\n      document.getElementById(\"loanDuration\").innerHTML = `${duration} ans`;\n      document.getElementById(\"loanAmount\").innerHTML = `${amount}\u20ac`;\n      document.getElementById(\"totalCost\").innerHTML = `${totalCost.toFixed(2)}\u20ac`;\n      document.getElementById(\"totalInterest\").innerHTML = `${totalInterest.toFixed(2)}\u20ac`;\n      \n      document.getElementById(\"result\").style.display = \"flex\";\n      renderChart(amount, totalInterest, totalCost, monthlyPayment);\n    }\n\n    function renderChart(amount, totalInterest, totalCost, monthlyPayment) {\n      let ctx = document.getElementById(\"creditChart\").getContext(\"2d\");\n      if (creditChart) creditChart.destroy();\n      creditChart = new Chart(ctx, {\n        type: 'bar',\n        data: {\n          labels: [\"Capital Emprunt\u00e9\", \"Total Int\u00e9r\u00eats\", \"Co\u00fbt Total\", \"Mensualit\u00e9\"],\n          datasets: [{\n            data: [amount, totalInterest, totalCost, monthlyPayment],\n            backgroundColor: [\"#ffcc00\", \"#ff6b6b\", \"#4CAF50\", \"#3498db\"],\n          }]\n        },\n        options: {\n          responsive: true,\n          maintainAspectRatio: false,\n          indexAxis: 'y',\n          scales: {\n            x: {\n              beginAtZero: true\n            }\n          }\n        }\n      });\n    }\n  <\/script>\n<\/body>\n<\/html>\n\t\t\t\t<\/div>\n\t\t\t\t<\/div>\n\t\t\t\t\t<\/div>\n\t\t\t\t<\/div>\n\t\t<div class=\"elementor-element elementor-element-5a0d7a3e e-flex e-con-boxed elementor-invisible e-con e-parent\" data-id=\"5a0d7a3e\" data-element_type=\"container\" data-settings=\"{&quot;background_background&quot;:&quot;classic&quot;,&quot;animation&quot;:&quot;fadeInUp&quot;}\">\n\t\t\t\t\t<div class=\"e-con-inner\">\n\t\t\t\t<div class=\"elementor-element elementor-element-30a06d74 elementor-widget elementor-widget-heading\" data-id=\"30a06d74\" data-element_type=\"widget\" data-widget_type=\"heading.default\">\n\t\t\t\t<div class=\"elementor-widget-container\">\n\t\t\t\t\t<h2 class=\"elementor-heading-title elementor-size-default\">Pr\u00eat \u00e0 investir avec des taux comp\u00e9titifs ?<\/h2>\t\t\t\t<\/div>\n\t\t\t\t<\/div>\n\t\t\t\t<div class=\"elementor-element elementor-element-637fa903 elementor-widget elementor-widget-text-editor\" data-id=\"637fa903\" data-element_type=\"widget\" data-widget_type=\"text-editor.default\">\n\t\t\t\t<div class=\"elementor-widget-container\">\n\t\t\t\t\t\t\t\t\t<p data-pm-slice=\"1 1 []\">Profitez de <strong>nos faibles taux<\/strong> et r\u00e9alisez vos projets avec <strong>un financement optimis\u00e9 et avantageux<\/strong>.<\/p>\t\t\t\t\t\t\t\t<\/div>\n\t\t\t\t<\/div>\n\t\t\t\t<div class=\"elementor-element elementor-element-4c89d0c0 elementor-align-center elementor-widget elementor-widget-button\" data-id=\"4c89d0c0\" data-element_type=\"widget\" data-widget_type=\"button.default\">\n\t\t\t\t<div class=\"elementor-widget-container\">\n\t\t\t\t\t\t\t\t\t<div class=\"elementor-button-wrapper\">\n\t\t\t\t\t<a class=\"elementor-button elementor-button-link elementor-size-sm\" href=\"https:\/\/flexifinanz.com\/index.php\/demander-un-financement\/\">\n\t\t\t\t\t\t<span class=\"elementor-button-content-wrapper\">\n\t\t\t\t\t\t<span class=\"elementor-button-icon\">\n\t\t\t\t<svg aria-hidden=\"true\" class=\"e-font-icon-svg e-fas-arrow-right\" viewBox=\"0 0 448 512\" xmlns=\"http:\/\/www.w3.org\/2000\/svg\"><path d=\"M190.5 66.9l22.2-22.2c9.4-9.4 24.6-9.4 33.9 0L441 239c9.4 9.4 9.4 24.6 0 33.9L246.6 467.3c-9.4 9.4-24.6 9.4-33.9 0l-22.2-22.2c-9.5-9.5-9.3-25 .4-34.3L311.4 296H24c-13.3 0-24-10.7-24-24v-32c0-13.3 10.7-24 24-24h287.4L190.9 101.2c-9.8-9.3-10-24.8-.4-34.3z\"><\/path><\/svg>\t\t\t<\/span>\n\t\t\t\t\t\t\t\t\t<span class=\"elementor-button-text\">Demander un financement<\/span>\n\t\t\t\t\t<\/span>\n\t\t\t\t\t<\/a>\n\t\t\t\t<\/div>\n\t\t\t\t\t\t\t\t<\/div>\n\t\t\t\t<\/div>\n\t\t\t\t\t<\/div>\n\t\t\t\t<\/div>\n\t\t\t\t<\/div>\n\t\t","protected":false},"excerpt":{"rendered":"<p>Pourquoi choisir un financement \u00e0 taux r\u00e9duit chez FlexiFinanz? Acc\u00e9der \u00e0 un financement ne devrait jamais \u00eatre un obstacle. Chez FlexiFinanz, nous [&hellip;]<\/p>\n","protected":false},"author":1,"featured_media":608,"parent":0,"menu_order":0,"comment_status":"closed","ping_status":"closed","template":"","meta":{"om_disable_all_campaigns":false,"_monsterinsights_skip_tracking":false,"_monsterinsights_sitenote_active":false,"_monsterinsights_sitenote_note":"","_monsterinsights_sitenote_category":0,"footnotes":""},"class_list":["post-315","page","type-page","status-publish","has-post-thumbnail","hentry"],"aioseo_notices":[],"_links":{"self":[{"href":"https:\/\/flexifinanz.com\/fr\/wp-json\/wp\/v2\/pages\/315","targetHints":{"allow":["GET"]}}],"collection":[{"href":"https:\/\/flexifinanz.com\/fr\/wp-json\/wp\/v2\/pages"}],"about":[{"href":"https:\/\/flexifinanz.com\/fr\/wp-json\/wp\/v2\/types\/page"}],"author":[{"embeddable":true,"href":"https:\/\/flexifinanz.com\/fr\/wp-json\/wp\/v2\/users\/1"}],"replies":[{"embeddable":true,"href":"https:\/\/flexifinanz.com\/fr\/wp-json\/wp\/v2\/comments?post=315"}],"version-history":[{"count":0,"href":"https:\/\/flexifinanz.com\/fr\/wp-json\/wp\/v2\/pages\/315\/revisions"}],"wp:featuredmedia":[{"embeddable":true,"href":"https:\/\/flexifinanz.com\/fr\/wp-json\/wp\/v2\/media\/608"}],"wp:attachment":[{"href":"https:\/\/flexifinanz.com\/fr\/wp-json\/wp\/v2\/media?parent=315"}],"curies":[{"name":"wp","href":"https:\/\/api.w.org\/{rel}","templated":true}]}}