{"id":213,"date":"2025-02-20T16:07:41","date_gmt":"2025-02-20T15:07:41","guid":{"rendered":"https:\/\/flexifinanz.com\/?page_id=213"},"modified":"2025-02-26T00:54:00","modified_gmt":"2025-02-25T23:54:00","slug":"a-propos-de-nous","status":"publish","type":"page","link":"https:\/\/flexifinanz.com\/fr\/a-propos-de-nous\/","title":{"rendered":"\u00c0 Propos de Nous"},"content":{"rendered":"\t\t<div data-elementor-type=\"wp-page\" data-elementor-id=\"213\" class=\"elementor elementor-213\" data-elementor-settings=\"{&quot;element_pack_global_tooltip_width&quot;:{&quot;unit&quot;:&quot;px&quot;,&quot;size&quot;:&quot;&quot;,&quot;sizes&quot;:[]},&quot;element_pack_global_tooltip_width_tablet&quot;:{&quot;unit&quot;:&quot;px&quot;,&quot;size&quot;:&quot;&quot;,&quot;sizes&quot;:[]},&quot;element_pack_global_tooltip_width_mobile&quot;:{&quot;unit&quot;:&quot;px&quot;,&quot;size&quot;:&quot;&quot;,&quot;sizes&quot;:[]},&quot;element_pack_global_tooltip_padding&quot;:{&quot;unit&quot;:&quot;px&quot;,&quot;top&quot;:&quot;&quot;,&quot;right&quot;:&quot;&quot;,&quot;bottom&quot;:&quot;&quot;,&quot;left&quot;:&quot;&quot;,&quot;isLinked&quot;:true},&quot;element_pack_global_tooltip_padding_tablet&quot;:{&quot;unit&quot;:&quot;px&quot;,&quot;top&quot;:&quot;&quot;,&quot;right&quot;:&quot;&quot;,&quot;bottom&quot;:&quot;&quot;,&quot;left&quot;:&quot;&quot;,&quot;isLinked&quot;:true},&quot;element_pack_global_tooltip_padding_mobile&quot;:{&quot;unit&quot;:&quot;px&quot;,&quot;top&quot;:&quot;&quot;,&quot;right&quot;:&quot;&quot;,&quot;bottom&quot;:&quot;&quot;,&quot;left&quot;:&quot;&quot;,&quot;isLinked&quot;:true},&quot;element_pack_global_tooltip_border_radius&quot;:{&quot;unit&quot;:&quot;px&quot;,&quot;top&quot;:&quot;&quot;,&quot;right&quot;:&quot;&quot;,&quot;bottom&quot;:&quot;&quot;,&quot;left&quot;:&quot;&quot;,&quot;isLinked&quot;:true},&quot;element_pack_global_tooltip_border_radius_tablet&quot;:{&quot;unit&quot;:&quot;px&quot;,&quot;top&quot;:&quot;&quot;,&quot;right&quot;:&quot;&quot;,&quot;bottom&quot;:&quot;&quot;,&quot;left&quot;:&quot;&quot;,&quot;isLinked&quot;:true},&quot;element_pack_global_tooltip_border_radius_mobile&quot;:{&quot;unit&quot;:&quot;px&quot;,&quot;top&quot;:&quot;&quot;,&quot;right&quot;:&quot;&quot;,&quot;bottom&quot;:&quot;&quot;,&quot;left&quot;:&quot;&quot;,&quot;isLinked&quot;:true}}\" data-elementor-post-type=\"page\">\n\t\t\t\t<div class=\"elementor-element elementor-element-4002860 e-flex e-con-boxed e-con e-parent\" data-id=\"4002860\" data-element_type=\"container\" data-settings=\"{&quot;background_background&quot;:&quot;classic&quot;}\">\n\t\t\t\t\t<div class=\"e-con-inner\">\n\t\t\t\t<div class=\"elementor-element elementor-element-3b0b7f4f elementor-widget elementor-widget-text-editor\" data-id=\"3b0b7f4f\" data-element_type=\"widget\" data-widget_type=\"text-editor.default\">\n\t\t\t\t<div class=\"elementor-widget-container\">\n\t\t\t\t\t\t\t\t\t<h2 data-pm-slice=\"1 1 []\">Qui sommes-nous ?<\/h2><p><strong>FlexiFinanz<\/strong> est un groupe d\u2019investisseurs passionn\u00e9s et engag\u00e9s, sp\u00e9cialis\u00e9s dans le financement de <strong>projets \u00e0 fort potentiel<\/strong>. Nous croyons que <strong>l\u2019investissement doit \u00eatre accessible \u00e0 tous<\/strong>, c\u2019est pourquoi nous proposons des <strong>solutions flexibles, des taux r\u00e9duits et un accompagnement personnalis\u00e9<\/strong>.<\/p><p>Gr\u00e2ce \u00e0 notre <strong>expertise en analyse de march\u00e9 et gestion de portefeuille<\/strong>, nous identifions et finan\u00e7ons des opportunit\u00e9s prometteuses dans des secteurs cl\u00e9s comme la technologie, l\u2019immobilier, les \u00e9nergies renouvelables, la sant\u00e9 et bien plus encore.<\/p><p>Nous avons con\u00e7u une approche <strong>transparente et inclusive<\/strong>, permettant \u00e0 chaque entrepreneur ou investisseur de b\u00e9n\u00e9ficier d\u2019un financement adapt\u00e9, sans contrainte excessive.<\/p>\t\t\t\t\t\t\t\t<\/div>\n\t\t\t\t<\/div>\n\t\t\t\t\t<\/div>\n\t\t\t\t<\/div>\n\t\t<div class=\"elementor-element elementor-element-54a349f4 e-flex e-con-boxed elementor-invisible e-con e-parent\" data-id=\"54a349f4\" data-element_type=\"container\" data-settings=\"{&quot;background_background&quot;:&quot;classic&quot;,&quot;animation&quot;:&quot;fadeInUp&quot;,&quot;animation_mobile&quot;:&quot;fadeInUp&quot;}\">\n\t\t\t\t\t<div class=\"e-con-inner\">\n\t\t\t\t<div class=\"elementor-element elementor-element-13f69567 elementor-widget elementor-widget-text-editor\" data-id=\"13f69567\" data-element_type=\"widget\" data-widget_type=\"text-editor.default\">\n\t\t\t\t<div class=\"elementor-widget-container\">\n\t\t\t\t\t\t\t\t\t<h2 data-pm-slice=\"1 1 []\">Notre Vision<\/h2><p>Nous croyons en un mod\u00e8le d\u2019investissement <strong>\u00e9thique, strat\u00e9gique et rentable<\/strong>, o\u00f9 chaque financement repr\u00e9sente une <strong>opportunit\u00e9 de croissance mutuelle<\/strong>. Notre objectif est de <strong>faciliter l\u2019acc\u00e8s aux financements<\/strong> en supprimant les barri\u00e8res financi\u00e8res inutiles, en favorisant <strong>des taux comp\u00e9titifs<\/strong> et en garantissant un <strong>processus simple et rapide<\/strong>.<\/p><p>Nos investissements sont <strong>con\u00e7us sur mesure<\/strong> pour r\u00e9pondre aux besoins des entrepreneurs et investisseurs, en leur garantissant <strong>une flexibilit\u00e9 financi\u00e8re et des conditions avantageuses<\/strong>.<\/p>\t\t\t\t\t\t\t\t<\/div>\n\t\t\t\t<\/div>\n\t\t\t\t\t<\/div>\n\t\t\t\t<\/div>\n\t\t<div class=\"elementor-element elementor-element-3dccd069 e-flex e-con-boxed elementor-invisible e-con e-parent\" data-id=\"3dccd069\" data-element_type=\"container\" data-settings=\"{&quot;background_background&quot;:&quot;classic&quot;,&quot;animation&quot;:&quot;fadeInUp&quot;}\">\n\t\t\t\t\t<div class=\"e-con-inner\">\n\t\t\t\t<div class=\"elementor-element elementor-element-3efd5648 elementor-widget elementor-widget-text-editor\" data-id=\"3efd5648\" data-element_type=\"widget\" data-widget_type=\"text-editor.default\">\n\t\t\t\t<div class=\"elementor-widget-container\">\n\t\t\t\t\t\t\t\t\t<h2 data-pm-slice=\"1 1 []\"><span style=\"color: #ffffff;\">Nos Valeurs<\/span><\/h2><p><span style=\"color: #ffffff;\">\u2705 <strong>Accessibilit\u00e9<\/strong> \u2013 Nous proposons des taux faibles et des conditions flexibles pour ouvrir l\u2019investissement \u00e0 tous.<\/span><br \/><span style=\"color: #ffffff;\">\u2705 <strong>Transparence<\/strong> \u2013 Nous adoptons une approche claire et honn\u00eate avec nos partenaires.<\/span><br \/><span style=\"color: #ffffff;\">\u2705 <strong>Expertise<\/strong> \u2013 Nos analyses et d\u00e9cisions reposent sur des \u00e9tudes approfondies du march\u00e9.<\/span><br \/><span style=\"color: #ffffff;\">\u2705 <strong>Innovation<\/strong> \u2013 Nous privil\u00e9gions les secteurs \u00e0 forte croissance et \u00e0 impact positif.<\/span><br \/><span style=\"color: #ffffff;\">\u2705 <strong>Engagement<\/strong> \u2013 Nous accompagnons nos partenaires \u00e0 chaque \u00e9tape de leur d\u00e9veloppement.<\/span><br \/><span style=\"color: #ffffff;\">\u2705 <strong>Performance<\/strong> \u2013 Nos investissements sont optimis\u00e9s pour maximiser la rentabilit\u00e9 et la durabilit\u00e9.<\/span><\/p>\t\t\t\t\t\t\t\t<\/div>\n\t\t\t\t<\/div>\n\t\t\t\t\t<\/div>\n\t\t\t\t<\/div>\n\t\t<div class=\"elementor-element elementor-element-d92f83c e-flex e-con-boxed elementor-invisible e-con e-parent\" data-id=\"d92f83c\" data-element_type=\"container\" data-settings=\"{&quot;background_background&quot;:&quot;classic&quot;,&quot;animation&quot;:&quot;fadeInUp&quot;}\">\n\t\t\t\t\t<div class=\"e-con-inner\">\n\t\t\t\t<div class=\"elementor-element elementor-element-69798b9 elementor-widget elementor-widget-text-editor\" data-id=\"69798b9\" data-element_type=\"widget\" data-widget_type=\"text-editor.default\">\n\t\t\t\t<div class=\"elementor-widget-container\">\n\t\t\t\t\t\t\t\t\t<h2 data-pm-slice=\"1 3 []\">Nos Domaines d\u2019Investissement<\/h2><p>Nous finan\u00e7ons des projets dans <strong>les secteurs les plus porteurs<\/strong>, en identifiant les opportunit\u00e9s qui combinent <strong>forte rentabilit\u00e9 et impact strat\u00e9gique<\/strong> :<\/p><ul data-spread=\"false\"><li><p>\ud83d\udda5\ufe0f <strong>Technologie &amp; Innovation<\/strong> (IA, FinTech, MedTech, Blockchain)<\/p><\/li><li><p>\ud83c\udfe2 <strong>Immobilier &amp; Infrastructures<\/strong> (locatif, commercial, luxe, crowdfunding)<\/p><\/li><li><p>\ud83c\udf0d <strong>\u00c9nergies Renouvelables &amp; Environnement<\/strong> (solaire, \u00e9olien, hydrog\u00e8ne, recyclage)<\/p><\/li><li><p>\u2764\ufe0f <strong>Sant\u00e9 &amp; Bien-\u00eatre<\/strong> (biotechnologies, compl\u00e9ments alimentaires, t\u00e9l\u00e9m\u00e9decine)<\/p><\/li><li><p>\ud83d\udecd\ufe0f <strong>Commerce &amp; E-commerce<\/strong> (dropshipping, marketplace, solutions de paiement)<\/p><\/li><li><p>\u2699\ufe0f <strong>Industrie &amp; Logistique<\/strong> (robotique, automatisation, a\u00e9ronautique, transport)<\/p><\/li><li><p>\ud83d\ude9c <strong>Agriculture &amp; Agroalimentaire<\/strong> (produits bio, circuits courts, \u00e9levage durable)<\/p><\/li><li><p>\ud83c\udfae <strong>Loisirs &amp; Divertissement<\/strong> (jeux vid\u00e9o, streaming, Esports, tourisme)<\/p><\/li><li><p>\ud83d\ude80 <strong>PME &amp; Startups<\/strong> (capital-risque, transformation digitale, franchise)<\/p><\/li><li><p>\ud83d\udc8e <strong>Luxe &amp; Mode<\/strong> (joaillerie, haute couture, automobile de prestige)<\/p><\/li><\/ul>\t\t\t\t\t\t\t\t<\/div>\n\t\t\t\t<\/div>\n\t\t\t\t\t<\/div>\n\t\t\t\t<\/div>\n\t\t<div class=\"elementor-element elementor-element-55bbf98f e-flex e-con-boxed elementor-invisible e-con e-parent\" data-id=\"55bbf98f\" data-element_type=\"container\" data-settings=\"{&quot;background_background&quot;:&quot;classic&quot;,&quot;animation&quot;:&quot;fadeInUp&quot;}\">\n\t\t\t\t\t<div class=\"e-con-inner\">\n\t\t\t\t<div class=\"elementor-element elementor-element-39abdfea elementor-widget elementor-widget-text-editor\" data-id=\"39abdfea\" data-element_type=\"widget\" data-widget_type=\"text-editor.default\">\n\t\t\t\t<div class=\"elementor-widget-container\">\n\t\t\t\t\t\t\t\t\t<h2 data-pm-slice=\"1 1 []\">Pourquoi choisir notre groupe d\u2019investisseurs ?<\/h2>\nNous nous distinguons par notre <strong>accessibilit\u00e9 et notre flexibilit\u00e9<\/strong>, offrant des financements adapt\u00e9s \u00e0 chaque projet et chaque investisseur. En travaillant avec nous, vous b\u00e9n\u00e9ficiez de :<br>\n\n\u2705 <strong>Taux r\u00e9duits et solutions personnalis\u00e9es<\/strong>\n<br>\u2705 <strong>Acc\u00e8s exclusif aux meilleures opportunit\u00e9s<\/strong>\n<br>\u2705 <strong>Accompagnement strat\u00e9gique et financier<\/strong>\n<br>\u2705 <strong>Processus rapide et simplifi\u00e9<\/strong>\n<br>\u2705 <strong>Un r\u00e9seau d\u2019experts et de partenaires financiers<\/strong>\t\t\t\t\t\t\t\t<\/div>\n\t\t\t\t<\/div>\n\t\t\t\t\t<\/div>\n\t\t\t\t<\/div>\n\t\t<div class=\"elementor-element elementor-element-d02d9ee e-flex e-con-boxed elementor-invisible e-con e-parent\" data-id=\"d02d9ee\" data-element_type=\"container\" data-settings=\"{&quot;background_background&quot;:&quot;classic&quot;,&quot;animation&quot;:&quot;fadeInUp&quot;}\">\n\t\t\t\t\t<div class=\"e-con-inner\">\n\t\t\t\t<div class=\"elementor-element elementor-element-d565759 elementor-widget elementor-widget-text-editor\" data-id=\"d565759\" data-element_type=\"widget\" data-widget_type=\"text-editor.default\">\n\t\t\t\t<div class=\"elementor-widget-container\">\n\t\t\t\t\t\t\t\t\t<h2 data-pm-slice=\"1 3 []\">Nos Engagements<\/h2><p>Nous nous engageons \u00e0 :<\/p><ul data-spread=\"false\"><li><p><strong>D\u00e9mocratiser l\u2019investissement et le financement avec des taux accessibles<\/strong><\/p><\/li><li><p><strong>Soutenir l\u2019innovation et les projets d\u2019avenir<\/strong><\/p><\/li><li><p><strong>Offrir des conditions de financement transparentes et \u00e9quitables<\/strong><\/p><\/li><li><p><strong>Accompagner nos partenaires sur le long terme<\/strong><\/p><\/li><li><p><strong>Optimiser chaque investissement pour garantir rentabilit\u00e9 et impact positif<\/strong><\/p><\/li><\/ul>\t\t\t\t\t\t\t\t<\/div>\n\t\t\t\t<\/div>\n\t\t\t\t\t<\/div>\n\t\t\t\t<\/div>\n\t\t<div class=\"elementor-element elementor-element-2579e83 e-flex e-con-boxed e-con e-parent\" data-id=\"2579e83\" data-element_type=\"container\" data-settings=\"{&quot;background_background&quot;:&quot;classic&quot;}\">\n\t\t\t\t\t<div class=\"e-con-inner\">\n\t\t\t\t<div class=\"elementor-element elementor-element-6d222aa elementor-widget elementor-widget-html\" data-id=\"6d222aa\" data-element_type=\"widget\" data-widget_type=\"html.default\">\n\t\t\t\t<div class=\"elementor-widget-container\">\n\t\t\t\t\t<!DOCTYPE html>\n<html lang=\"fr\">\n<head>\n    <meta charset=\"UTF-8\">\n    <meta name=\"viewport\" content=\"width=device-width, initial-scale=1.0\">\n    <title>\u00c9tapes du Financement - FlexiFinanz<\/title>\n    <style>\n        body {\n            font-family: Arial, sans-serif;\n            background-color: #f8f8f8;\n            margin: 0;\n            padding: px;\n            text-align: left;\n        }\n        .container {\n            max-width: 1500px;\n            margin: auto;\n            background: white;\n            padding: 30px;\n            border-radius: 1px;\n            box-shadow: 0 px px rgba(0, 0, 0, 0.1);\n        }\n        h2 {\n            color: black;\n            font-size: 26px;\n            margin-bottom: 20px;\n        }\n        .steps {\n            display: flex;\n            flex-direction: column;\n            gap: 20px;\n        }\n        .step {\n            display: flex;\n            align-items: center;\n            background: #6CFF84;\n            padding: 15px;\n            border-radius: 30px;\n            color: black;\n            text-align: left;\n            box-shadow: 0 2px 4px rgba(0, 0, 0, 0.1);\n        }\n        .step-icon {\n            width: 50px;\n            height: 50px;\n            background: black;\n            color: white;\n            border-radius: 50%;\n            display: flex;\n            justify-content: center;\n            align-items: center;\n            font-size: 22px;\n            font-weight: bold;\n            margin-right: 15px;\n        }\n        .step-content {\n            flex: 1;\n        }\n        .step-title {\n            font-size: 18px;\n            font-weight: bold;\n        }\n        .step-description {\n            font-size: 14px;\n        }\n        @media (min-width: 768px) {\n            .steps {\n                flex-direction: row;\n            }\n        }\n    <\/style>\n<\/head>\n<body>\n    <div class=\"container\">\n        <h2>Les \u00e9tapes pour obtenir votre financement<\/h2>\n        <div class=\"steps\">\n            <!-- \u00c9tape 1 -->\n            <div class=\"step\">\n                <div class=\"step-icon\">1<\/div>\n                <div class=\"step-content\">\n                    <div class=\"step-title\">Soumettre votre demande<\/div>\n                    <div class=\"step-description\">Remplissez notre formulaire en ligne avec vos informations et le montant souhait\u00e9.<\/div>\n                <\/div>\n            <\/div>\n            <!-- \u00c9tape 2 -->\n            <div class=\"step\">\n                <div class=\"step-icon\">2<\/div>\n                <div class=\"step-content\">\n                    <div class=\"step-title\">Analyse de votre dossier<\/div>\n                    <div class=\"step-description\">Nos experts \u00e9tudient votre \u00e9ligibilit\u00e9 et vous proposent une solution adapt\u00e9e.<\/div>\n                <\/div>\n            <\/div>\n            <!-- \u00c9tape 3 -->\n            <div class=\"step\">\n                <div class=\"step-icon\">3<\/div>\n                <div class=\"step-content\">\n                    <div class=\"step-title\">Validation et signature<\/div>\n                    <div class=\"step-description\">Apr\u00e8s acceptation de l\u2019offre, vous signez le contrat de financement.<\/div>\n                <\/div>\n            <\/div>\n            <!-- \u00c9tape 4 -->\n            <div class=\"step\">\n                <div class=\"step-icon\">4<\/div>\n                <div class=\"step-content\">\n                    <div class=\"step-title\">Versement des fonds<\/div>\n                    <div class=\"step-description\">Les fonds sont d\u00e9bloqu\u00e9s sur votre compte en toute s\u00e9curit\u00e9.<\/div>\n                <\/div>\n            <\/div>\n        <\/div>\n    <\/div>\n<\/body>\n<\/html>\n\t\t\t\t<\/div>\n\t\t\t\t<\/div>\n\t\t\t\t\t<\/div>\n\t\t\t\t<\/div>\n\t\t<div class=\"elementor-element elementor-element-3c6824a3 e-flex e-con-boxed elementor-invisible e-con e-parent\" data-id=\"3c6824a3\" data-element_type=\"container\" data-settings=\"{&quot;background_background&quot;:&quot;classic&quot;,&quot;animation&quot;:&quot;fadeInUp&quot;}\">\n\t\t\t\t\t<div class=\"e-con-inner\">\n\t\t\t\t<div class=\"elementor-element elementor-element-16d4bfb3 elementor-widget elementor-widget-heading\" data-id=\"16d4bfb3\" data-element_type=\"widget\" data-widget_type=\"heading.default\">\n\t\t\t\t<div class=\"elementor-widget-container\">\n\t\t\t\t\t<h2 class=\"elementor-heading-title elementor-size-default\">Contactez-nous d\u00e8s aujourd\u2019hui !<\/h2>\t\t\t\t<\/div>\n\t\t\t\t<\/div>\n\t\t\t\t<div class=\"elementor-element elementor-element-2569eed8 elementor-widget elementor-widget-text-editor\" data-id=\"2569eed8\" data-element_type=\"widget\" data-widget_type=\"text-editor.default\">\n\t\t\t\t<div class=\"elementor-widget-container\">\n\t\t\t\t\t\t\t\t\t<p data-pm-slice=\"1 1 []\">Que vous soyez entrepreneur, investisseur ou \u00e0 la recherche d\u2019une opportunit\u00e9 de financement, nous sommes l\u00e0 pour vous accompagner avec des <strong>solutions souples et accessibles \u00e0 tous<\/strong>.<\/p>\t\t\t\t\t\t\t\t<\/div>\n\t\t\t\t<\/div>\n\t\t\t\t<div class=\"elementor-element elementor-element-7c25080a elementor-align-center elementor-widget elementor-widget-button\" data-id=\"7c25080a\" data-element_type=\"widget\" data-widget_type=\"button.default\">\n\t\t\t\t<div class=\"elementor-widget-container\">\n\t\t\t\t\t\t\t\t\t<div class=\"elementor-button-wrapper\">\n\t\t\t\t\t<a class=\"elementor-button elementor-button-link elementor-size-sm\" href=\"https:\/\/flexifinanz.com\/contactez-nous\/\">\n\t\t\t\t\t\t<span class=\"elementor-button-content-wrapper\">\n\t\t\t\t\t\t<span class=\"elementor-button-icon\">\n\t\t\t\t<svg aria-hidden=\"true\" class=\"e-font-icon-svg e-fas-arrow-right\" viewBox=\"0 0 448 512\" xmlns=\"http:\/\/www.w3.org\/2000\/svg\"><path d=\"M190.5 66.9l22.2-22.2c9.4-9.4 24.6-9.4 33.9 0L441 239c9.4 9.4 9.4 24.6 0 33.9L246.6 467.3c-9.4 9.4-24.6 9.4-33.9 0l-22.2-22.2c-9.5-9.5-9.3-25 .4-34.3L311.4 296H24c-13.3 0-24-10.7-24-24v-32c0-13.3 10.7-24 24-24h287.4L190.9 101.2c-9.8-9.3-10-24.8-.4-34.3z\"><\/path><\/svg>\t\t\t<\/span>\n\t\t\t\t\t\t\t\t\t<span class=\"elementor-button-text\">Nous Contacter<\/span>\n\t\t\t\t\t<\/span>\n\t\t\t\t\t<\/a>\n\t\t\t\t<\/div>\n\t\t\t\t\t\t\t\t<\/div>\n\t\t\t\t<\/div>\n\t\t\t\t\t<\/div>\n\t\t\t\t<\/div>\n\t\t\t\t<\/div>\n\t\t","protected":false},"excerpt":{"rendered":"<p>Qui sommes-nous ? FlexiFinanz est un groupe d\u2019investisseurs passionn\u00e9s et engag\u00e9s, sp\u00e9cialis\u00e9s dans le financement de projets \u00e0 fort potentiel. Nous croyons [&hellip;]<\/p>\n","protected":false},"author":1,"featured_media":601,"parent":0,"menu_order":0,"comment_status":"closed","ping_status":"closed","template":"","meta":{"om_disable_all_campaigns":false,"_monsterinsights_skip_tracking":false,"_monsterinsights_sitenote_active":false,"_monsterinsights_sitenote_note":"","_monsterinsights_sitenote_category":0,"footnotes":""},"class_list":["post-213","page","type-page","status-publish","has-post-thumbnail","hentry"],"aioseo_notices":[],"_links":{"self":[{"href":"https:\/\/flexifinanz.com\/fr\/wp-json\/wp\/v2\/pages\/213","targetHints":{"allow":["GET"]}}],"collection":[{"href":"https:\/\/flexifinanz.com\/fr\/wp-json\/wp\/v2\/pages"}],"about":[{"href":"https:\/\/flexifinanz.com\/fr\/wp-json\/wp\/v2\/types\/page"}],"author":[{"embeddable":true,"href":"https:\/\/flexifinanz.com\/fr\/wp-json\/wp\/v2\/users\/1"}],"replies":[{"embeddable":true,"href":"https:\/\/flexifinanz.com\/fr\/wp-json\/wp\/v2\/comments?post=213"}],"version-history":[{"count":0,"href":"https:\/\/flexifinanz.com\/fr\/wp-json\/wp\/v2\/pages\/213\/revisions"}],"wp:featuredmedia":[{"embeddable":true,"href":"https:\/\/flexifinanz.com\/fr\/wp-json\/wp\/v2\/media\/601"}],"wp:attachment":[{"href":"https:\/\/flexifinanz.com\/fr\/wp-json\/wp\/v2\/media?parent=213"}],"curies":[{"name":"wp","href":"https:\/\/api.w.org\/{rel}","templated":true}]}}