{"id":207,"date":"2025-02-20T15:57:04","date_gmt":"2025-02-20T14:57:04","guid":{"rendered":"https:\/\/flexifinanz.com\/?page_id=207"},"modified":"2025-02-25T18:43:22","modified_gmt":"2025-02-25T17:43:22","slug":"financements-par-profil","status":"publish","type":"page","link":"https:\/\/flexifinanz.com\/fr\/financements-par-profil\/","title":{"rendered":"Financements pour Particuliers et Professionnels : Trouvez l\u2019Option Id\u00e9ale"},"content":{"rendered":"\t\t<div data-elementor-type=\"wp-page\" data-elementor-id=\"207\" class=\"elementor elementor-207\" data-elementor-settings=\"{&quot;element_pack_global_tooltip_width&quot;:{&quot;unit&quot;:&quot;px&quot;,&quot;size&quot;:&quot;&quot;,&quot;sizes&quot;:[]},&quot;element_pack_global_tooltip_width_tablet&quot;:{&quot;unit&quot;:&quot;px&quot;,&quot;size&quot;:&quot;&quot;,&quot;sizes&quot;:[]},&quot;element_pack_global_tooltip_width_mobile&quot;:{&quot;unit&quot;:&quot;px&quot;,&quot;size&quot;:&quot;&quot;,&quot;sizes&quot;:[]},&quot;element_pack_global_tooltip_padding&quot;:{&quot;unit&quot;:&quot;px&quot;,&quot;top&quot;:&quot;&quot;,&quot;right&quot;:&quot;&quot;,&quot;bottom&quot;:&quot;&quot;,&quot;left&quot;:&quot;&quot;,&quot;isLinked&quot;:true},&quot;element_pack_global_tooltip_padding_tablet&quot;:{&quot;unit&quot;:&quot;px&quot;,&quot;top&quot;:&quot;&quot;,&quot;right&quot;:&quot;&quot;,&quot;bottom&quot;:&quot;&quot;,&quot;left&quot;:&quot;&quot;,&quot;isLinked&quot;:true},&quot;element_pack_global_tooltip_padding_mobile&quot;:{&quot;unit&quot;:&quot;px&quot;,&quot;top&quot;:&quot;&quot;,&quot;right&quot;:&quot;&quot;,&quot;bottom&quot;:&quot;&quot;,&quot;left&quot;:&quot;&quot;,&quot;isLinked&quot;:true},&quot;element_pack_global_tooltip_border_radius&quot;:{&quot;unit&quot;:&quot;px&quot;,&quot;top&quot;:&quot;&quot;,&quot;right&quot;:&quot;&quot;,&quot;bottom&quot;:&quot;&quot;,&quot;left&quot;:&quot;&quot;,&quot;isLinked&quot;:true},&quot;element_pack_global_tooltip_border_radius_tablet&quot;:{&quot;unit&quot;:&quot;px&quot;,&quot;top&quot;:&quot;&quot;,&quot;right&quot;:&quot;&quot;,&quot;bottom&quot;:&quot;&quot;,&quot;left&quot;:&quot;&quot;,&quot;isLinked&quot;:true},&quot;element_pack_global_tooltip_border_radius_mobile&quot;:{&quot;unit&quot;:&quot;px&quot;,&quot;top&quot;:&quot;&quot;,&quot;right&quot;:&quot;&quot;,&quot;bottom&quot;:&quot;&quot;,&quot;left&quot;:&quot;&quot;,&quot;isLinked&quot;:true}}\" data-elementor-post-type=\"page\">\n\t\t\t\t<div class=\"elementor-element elementor-element-44eed47e e-flex e-con-boxed e-con e-parent\" data-id=\"44eed47e\" data-element_type=\"container\" data-settings=\"{&quot;background_background&quot;:&quot;classic&quot;}\">\n\t\t\t\t\t<div class=\"e-con-inner\">\n\t\t\t\t<div class=\"elementor-element elementor-element-febb66d elementor-widget elementor-widget-text-editor\" data-id=\"febb66d\" data-element_type=\"widget\" data-widget_type=\"text-editor.default\">\n\t\t\t\t<div class=\"elementor-widget-container\">\n\t\t\t\t\t\t\t\t\t<h2 data-pm-slice=\"1 1 []\">Pourquoi adapter son financement \u00e0 son profil ?<\/h2><p>Que vous soyez un particulier cherchant \u00e0 r\u00e9aliser un projet ou une entreprise souhaitant optimiser sa tr\u00e9sorerie, <strong>il existe des financements adapt\u00e9s \u00e0 chaque besoin<\/strong>. Comprendre les options disponibles permet de <strong>choisir la meilleure strat\u00e9gie en fonction de vos objectifs financiers et de votre tol\u00e9rance au risque<\/strong>.<\/p>\t\t\t\t\t\t\t\t<\/div>\n\t\t\t\t<\/div>\n\t\t\t\t<div class=\"elementor-element elementor-element-acd7f4a elementor-align-left elementor-invisible elementor-widget elementor-widget-button\" data-id=\"acd7f4a\" data-element_type=\"widget\" data-settings=\"{&quot;_animation&quot;:&quot;fadeInUp&quot;,&quot;_animation_delay&quot;:500}\" data-widget_type=\"button.default\">\n\t\t\t\t<div class=\"elementor-widget-container\">\n\t\t\t\t\t\t\t\t\t<div class=\"elementor-button-wrapper\">\n\t\t\t\t\t<a class=\"elementor-button elementor-button-link elementor-size-sm\" href=\"#simulateur\">\n\t\t\t\t\t\t<span class=\"elementor-button-content-wrapper\">\n\t\t\t\t\t\t<span class=\"elementor-button-icon\">\n\t\t\t\t<svg aria-hidden=\"true\" class=\"e-font-icon-svg e-fas-arrow-right\" viewBox=\"0 0 448 512\" xmlns=\"http:\/\/www.w3.org\/2000\/svg\"><path d=\"M190.5 66.9l22.2-22.2c9.4-9.4 24.6-9.4 33.9 0L441 239c9.4 9.4 9.4 24.6 0 33.9L246.6 467.3c-9.4 9.4-24.6 9.4-33.9 0l-22.2-22.2c-9.5-9.5-9.3-25 .4-34.3L311.4 296H24c-13.3 0-24-10.7-24-24v-32c0-13.3 10.7-24 24-24h287.4L190.9 101.2c-9.8-9.3-10-24.8-.4-34.3z\"><\/path><\/svg>\t\t\t<\/span>\n\t\t\t\t\t\t\t\t\t<span class=\"elementor-button-text\">V\u00e9rifier mon \u00e9ligibilit\u00e9<\/span>\n\t\t\t\t\t<\/span>\n\t\t\t\t\t<\/a>\n\t\t\t\t<\/div>\n\t\t\t\t\t\t\t\t<\/div>\n\t\t\t\t<\/div>\n\t\t\t\t\t<\/div>\n\t\t\t\t<\/div>\n\t\t<div class=\"elementor-element elementor-element-7b99a9ca e-flex e-con-boxed elementor-invisible e-con e-parent\" data-id=\"7b99a9ca\" data-element_type=\"container\" data-settings=\"{&quot;background_background&quot;:&quot;classic&quot;,&quot;animation&quot;:&quot;fadeInUp&quot;}\">\n\t\t\t\t\t<div class=\"e-con-inner\">\n\t\t\t\t<div class=\"elementor-element elementor-element-68500735 elementor-widget elementor-widget-text-editor\" data-id=\"68500735\" data-element_type=\"widget\" data-widget_type=\"text-editor.default\">\n\t\t\t\t<div class=\"elementor-widget-container\">\n\t\t\t\t\t\t\t\t\t<h2 data-pm-slice=\"1 3 []\">1\ufe0f\u20e3 Financements pour Particuliers<\/h2><h3><strong>Objectif : concr\u00e9tiser ses projets et optimiser son budget<\/strong><\/h3><p>Les particuliers peuvent acc\u00e9der \u00e0 une vari\u00e9t\u00e9 de financements pour <strong>assurer la flexibilit\u00e9, la stabilit\u00e9 et la r\u00e9alisation de leurs ambitions<\/strong>.<\/p><h3><strong>Opportunit\u00e9s de financement :<\/strong><\/h3><ul data-spread=\"false\"><li><p><strong>Pr\u00eats immobiliers locatifs (LMNP, Airbnb)<\/strong> \u2192 Acquisition et valorisation d\u2019un bien rentable<\/p><\/li><li><p><strong>Financement de projets en SCPI (Soci\u00e9t\u00e9s Civiles de Placement Immobilier)<\/strong> \u2192 Investissement immobilier sans gestion directe<\/p><\/li><li><p><strong>Pr\u00eats pour l\u2019acquisition d\u2019actions et placements boursiers<\/strong> \u2192 Acc\u00e8s aux march\u00e9s financiers avec levier<\/p><\/li><li><p><strong>Microcr\u00e9dits et solutions pour e-commerce<\/strong> \u2192 Soutien aux entrepreneurs digitaux<\/p><\/li><li><p><strong>Financements pour projets agricoles et circuits courts<\/strong> \u2192 Accompagnement des initiatives durables<\/p><\/li><\/ul>\t\t\t\t\t\t\t\t<\/div>\n\t\t\t\t<\/div>\n\t\t\t\t\t<\/div>\n\t\t\t\t<\/div>\n\t\t<div class=\"elementor-element elementor-element-6d325196 e-flex e-con-boxed elementor-invisible e-con e-parent\" data-id=\"6d325196\" data-element_type=\"container\" data-settings=\"{&quot;background_background&quot;:&quot;classic&quot;,&quot;animation&quot;:&quot;fadeInUp&quot;}\">\n\t\t\t\t\t<div class=\"e-con-inner\">\n\t\t\t\t<div class=\"elementor-element elementor-element-1b25c248 elementor-widget elementor-widget-text-editor\" data-id=\"1b25c248\" data-element_type=\"widget\" data-widget_type=\"text-editor.default\">\n\t\t\t\t<div class=\"elementor-widget-container\">\n\t\t\t\t\t\t\t\t\t<h3 data-pm-slice=\"1 1 []\"><strong>Avantages &amp; Conditions<\/strong><\/h3><p>\u2705 Solutions flexibles et adapt\u00e9es aux besoins des particuliers<br \/>\u2705 Acc\u00e8s \u00e0 des capitaux avec conditions avantageuses<br \/>\u26a0\ufe0f Engagement de remboursement n\u00e9cessaire<br \/>\u26a0\ufe0f Analyse des garanties et du profil financier<\/p>\t\t\t\t\t\t\t\t<\/div>\n\t\t\t\t<\/div>\n\t\t\t\t\t<\/div>\n\t\t\t\t<\/div>\n\t\t<div class=\"elementor-element elementor-element-645c95e9 e-flex e-con-boxed elementor-invisible e-con e-parent\" data-id=\"645c95e9\" data-element_type=\"container\" data-settings=\"{&quot;background_background&quot;:&quot;classic&quot;,&quot;animation&quot;:&quot;fadeInUp&quot;}\">\n\t\t\t\t\t<div class=\"e-con-inner\">\n\t\t\t\t<div class=\"elementor-element elementor-element-3fc481a4 elementor-widget elementor-widget-text-editor\" data-id=\"3fc481a4\" data-element_type=\"widget\" data-widget_type=\"text-editor.default\">\n\t\t\t\t<div class=\"elementor-widget-container\">\n\t\t\t\t\t\t\t\t\t<h2 data-pm-slice=\"1 3 []\">2\ufe0f\u20e3 Financements pour Professionnels<\/h2><h3><strong>Objectif : soutenir la croissance et optimiser la tr\u00e9sorerie<\/strong><\/h3><p>Les entreprises et professionnels ont acc\u00e8s \u00e0 des solutions sp\u00e9cifiques pour d\u00e9velopper leur activit\u00e9 et s\u00e9curiser leur expansion.<\/p><h3><strong>Opportunit\u00e9s de financement :<\/strong><\/h3><ul data-spread=\"false\"><li><p><strong>Financements pour startups et PME (capital-risque &amp; private equity)<\/strong> \u2192 Accompagnement des entreprises innovantes<\/p><\/li><li><p><strong>Cr\u00e9dits pour immobilier commercial et industriel<\/strong> \u2192 Acquisition et d\u00e9veloppement d\u2019actifs professionnels<\/p><\/li><li><p><strong>Solutions de financement obligataire<\/strong> \u2192 Placements s\u00e9curis\u00e9s pour entreprises<\/p><\/li><li><p><strong>Financements pour projets technologiques (cybers\u00e9curit\u00e9, IA, MedTech)<\/strong> \u2192 Soutien aux secteurs innovants<\/p><\/li><li><p><strong>Accompagnement des industries a\u00e9ronautiques et spatiales<\/strong> \u2192 Financement des projets de haute technologie<\/p><\/li><\/ul>\t\t\t\t\t\t\t\t<\/div>\n\t\t\t\t<\/div>\n\t\t\t\t\t<\/div>\n\t\t\t\t<\/div>\n\t\t<div class=\"elementor-element elementor-element-248a7c6c e-flex e-con-boxed e-con e-parent\" data-id=\"248a7c6c\" data-element_type=\"container\" data-settings=\"{&quot;background_background&quot;:&quot;classic&quot;}\">\n\t\t\t\t\t<div class=\"e-con-inner\">\n\t\t\t\t<div class=\"elementor-element elementor-element-50cf611a elementor-widget elementor-widget-text-editor\" data-id=\"50cf611a\" data-element_type=\"widget\" data-widget_type=\"text-editor.default\">\n\t\t\t\t<div class=\"elementor-widget-container\">\n\t\t\t\t\t\t\t\t\t<h3 data-pm-slice=\"1 1 []\"><strong>Avantages &amp; Conditions<\/strong><\/h3><p>\u2705 Acc\u00e8s \u00e0 des fonds pour acc\u00e9l\u00e9rer la croissance<br \/>\u2705 Taux comp\u00e9titifs et flexibilit\u00e9 de remboursement<br \/>\u26a0\ufe0f Besoin d\u2019un dossier financier solide<br \/>\u26a0\ufe0f Engagement sur la dur\u00e9e selon le type de financement<\/p>\t\t\t\t\t\t\t\t<\/div>\n\t\t\t\t<\/div>\n\t\t\t\t\t<\/div>\n\t\t\t\t<\/div>\n\t\t<div class=\"elementor-element elementor-element-14442360 e-flex e-con-boxed elementor-invisible e-con e-parent\" data-id=\"14442360\" data-element_type=\"container\" data-settings=\"{&quot;background_background&quot;:&quot;classic&quot;,&quot;animation&quot;:&quot;fadeInUp&quot;}\">\n\t\t\t\t\t<div class=\"e-con-inner\">\n\t\t\t\t<div class=\"elementor-element elementor-element-e36c39f elementor-widget elementor-widget-text-editor\" data-id=\"e36c39f\" data-element_type=\"widget\" data-widget_type=\"text-editor.default\">\n\t\t\t\t<div class=\"elementor-widget-container\">\n\t\t\t\t\t\t\t\t\t<h2 data-pm-slice=\"1 1 []\"><span style=\"color: #ffffff;\">\ud83d\udce2 <strong>Pourquoi financer votre projet avec nous ?<\/strong><\/span><\/h2><p><span style=\"color: #ffffff;\">Nous proposons des solutions de <strong>financement sur-mesure pour particuliers et professionnels<\/strong>, permettant de concr\u00e9tiser vos projets et de maximiser votre rentabilit\u00e9 en toute s\u00e9curit\u00e9.<\/span><\/p>\t\t\t\t\t\t\t\t<\/div>\n\t\t\t\t<\/div>\n\t\t\t\t\t<\/div>\n\t\t\t\t<\/div>\n\t\t<div class=\"elementor-element elementor-element-6f8176d6 e-flex e-con-boxed elementor-invisible e-con e-parent\" data-id=\"6f8176d6\" data-element_type=\"container\" data-settings=\"{&quot;background_background&quot;:&quot;classic&quot;,&quot;animation&quot;:&quot;fadeInUp&quot;}\">\n\t\t\t\t\t<div class=\"e-con-inner\">\n\t\t\t\t<div class=\"elementor-element elementor-element-6ddb0ff6 elementor-widget elementor-widget-text-editor\" data-id=\"6ddb0ff6\" data-element_type=\"widget\" data-widget_type=\"text-editor.default\">\n\t\t\t\t<div class=\"elementor-widget-container\">\n\t\t\t\t\t\t\t\t\t<h3 data-pm-slice=\"1 1 []\"><strong>Nos avantages :<\/strong><\/h3><p>\u2705 <strong>Solutions adapt\u00e9es \u00e0 chaque profil d\u2019emprunteur<\/strong><br \/>\u2705 <strong>Acc\u00e8s \u00e0 des financements exclusifs et performants<\/strong><br \/>\u2705 <strong>Taux de financement comp\u00e9titifs et flexibles<\/strong><br \/>\u2705 <strong>Accompagnement strat\u00e9gique et personnalis\u00e9<\/strong><\/p>\t\t\t\t\t\t\t\t<\/div>\n\t\t\t\t<\/div>\n\t\t\t\t\t<\/div>\n\t\t\t\t<\/div>\n\t\t<div class=\"elementor-element elementor-element-17534ca e-flex e-con-boxed elementor-invisible e-con e-parent\" data-id=\"17534ca\" data-element_type=\"container\" data-settings=\"{&quot;background_background&quot;:&quot;classic&quot;,&quot;animation&quot;:&quot;fadeInUp&quot;}\">\n\t\t\t\t\t<div class=\"e-con-inner\">\n\t\t\t\t<div class=\"elementor-element elementor-element-130a6a2 elementor-widget elementor-widget-menu-anchor\" data-id=\"130a6a2\" data-element_type=\"widget\" data-widget_type=\"menu-anchor.default\">\n\t\t\t\t<div class=\"elementor-widget-container\">\n\t\t\t\t\t\t\t<div class=\"elementor-menu-anchor\" id=\"simulateur\"><\/div>\n\t\t\t\t\t\t<\/div>\n\t\t\t\t<\/div>\n\t\t\t\t<div class=\"elementor-element elementor-element-3265e5c elementor-widget elementor-widget-html\" data-id=\"3265e5c\" data-element_type=\"widget\" data-widget_type=\"html.default\">\n\t\t\t\t<div class=\"elementor-widget-container\">\n\t\t\t\t\t<!DOCTYPE html>\n<html lang=\"fr\">\n<head>\n    <meta charset=\"UTF-8\">\n    <meta name=\"viewport\" content=\"width=device-width, initial-scale=1.0\">\n    <title>Demande de Financement Intelligent<\/title>\n    <style>\n        body {\n            font-family: Arial, sans-serif;\n            background-color: #f4f4f4;\n            color: #333;\n            margin: 0;\n            padding: 0px;\n        }\n        .container {\n            max-width: 900px;\n            margin: auto;\n            background: white;\n            padding: 20px;\n            border-radius: 10px;\n            box-shadow: 0px 0px 0px rgba(0, 0, 0, 0.1);\n        }\n         {\n            text-align: left;\n        }\n        label {\n            font-weight: bold;\n        }\n        input, select, button {\n            width: 100%;\n            padding: 10px;\n            margin: 10px 0;\n            border-radius: 5px;\n            border: 1px solid #ccc;\n        }\n        button {\n            background-color: #6CFF84;\n            color: black;\n            font-weight: bold;\n            cursor: pointer;\n        }\n        button:hover {\n            background-color: #5ACC70;\n        }\n        .result {\n            display: none;\n            background: #000;\n            color: white;\n            padding: 15px;\n            border-radius: 5px;\n            margin-top: 20px;\n            text-align: center;\n        }\n        .apply-button, .contact-button {\n            display: none;\n            margin-top: 15px;\n            padding: 10px;\n            border: none;\n            border-radius: 5px;\n            cursor: pointer;\n            font-weight: bold;\n            width: 100%;\n            text-decoration: none;\n            text-align: center;\n        }\n        .apply-button {\n            background-color: #ffcc00;\n            color: black;\n        }\n        .apply-button:hover {\n            background-color: #e6b800;\n        }\n        .contact-button {\n            background-color: #ff5733;\n            color: white;\n        }\n        .contact-button:hover {\n            background-color: #cc4626;\n        }\n    <\/style>\n<\/head>\n<body>\n    <div class=\"container\">\n        <h2>V\u00e9rifier mon \u00e9ligibilit\u00e9<\/h2>\n        <form id=\"financementForm\">\n            <label for=\"montant\">Montant demand\u00e9 (\u20ac) :<\/label>\n            <input type=\"number\" id=\"montant\" placeholder=\"Entrez le montant\" required>\n            \n            <label for=\"revenu\">Revenu mensuel (\u20ac) :<\/label>\n            <input type=\"number\" id=\"revenu\" placeholder=\"Entrez votre revenu mensuel\" required>\n            \n            <label for=\"statut\">Statut professionnel :<\/label>\n            <select id=\"statut\">\n                <option value=\"salarie\">Salari\u00e9<\/option>\n                <option value=\"independant\">Ind\u00e9pendant<\/option>\n                <option value=\"entreprise\">Entreprise<\/option>\n                <option value=\"autre\">Autre<\/option>\n            <\/select>\n            \n            <label for=\"historique\">Historique de cr\u00e9dit :<\/label>\n            <select id=\"historique\">\n                <option value=\"excellent\">Excellent<\/option>\n                <option value=\"bon\">Bon<\/option>\n                <option value=\"moyen\">Moyen<\/option>\n                <option value=\"faible\">Faible<\/option>\n            <\/select>\n            \n            <button type=\"button\" onclick=\"analyserEligibilite()\">V\u00e9rifier mon \u00e9ligibilit\u00e9<\/button>\n        <\/form>\n        \n        <div class=\"result\" id=\"resultat\">\n            <h3>R\u00e9sultat de l'Analyse<\/h3>\n            <p id=\"message\"><\/p>\n            <a id=\"applyButton\" class=\"apply-button\" href=\"https:\/\/flexifinanz.com\/index.php\/demander-un-financement\/\">Demander un financement<\/a>\n            <a id=\"contactButton\" class=\"contact-button\" href=\"https:\/\/flexifinanz.com\/index.php\/contactez-nous\/\">Contactez-nous<\/a>\n        <\/div>\n    <\/div>\n\n    <script>\n        function analyserEligibilite() {\n            let montant = parseFloat(document.getElementById(\"montant\").value);\n            let revenu = parseFloat(document.getElementById(\"revenu\").value);\n            let statut = document.getElementById(\"statut\").value;\n            let historique = document.getElementById(\"historique\").value;\n            let message = \"\";\n            let applyButton = document.getElementById(\"applyButton\");\n            let contactButton = document.getElementById(\"contactButton\");\n\n            if (isNaN(montant) || isNaN(revenu) || montant <= 0 || revenu <= 0) {\n                alert(\"Veuillez entrer des valeurs valides.\");\n                return;\n            }\n\n            let tauxEndettement = (montant \/ (revenu * 12)) * 100;\n            \n            if (tauxEndettement < 50 || (historique !== \"faible\" && tauxEndettement < 60)) {\n                message = \"\u2705 F\u00e9licitations ! Vous \u00eates \u00e9ligible \u00e0 un financement flexible avec des conditions avantageuses.\";\n                applyButton.style.display = \"block\";\n                contactButton.style.display = \"none\";\n            } else if (tauxEndettement < 70 || historique === \"moyen\") {\n                message = \"\u26a0\ufe0f Vous \u00eates \u00e9ligible avec des conditions ajust\u00e9es. Une analyse compl\u00e9mentaire pourrait \u00eatre n\u00e9cessaire.\";\n                applyButton.style.display = \"block\";\n                contactButton.style.display = \"none\";\n            } else {\n                message = \"\u274c Votre demande de financement n\u00e9cessite des garanties suppl\u00e9mentaires, mais nous pouvons vous proposer une alternative adapt\u00e9e.\";\n                applyButton.style.display = \"none\";\n                contactButton.style.display = \"block\";\n            }\n            \n            document.getElementById(\"message\").innerText = message;\n            document.getElementById(\"resultat\").style.display = \"block\";\n        }\n    <\/script>\n<\/body>\n<\/html>\n\t\t\t\t<\/div>\n\t\t\t\t<\/div>\n\t\t\t\t\t<\/div>\n\t\t\t\t<\/div>\n\t\t<div class=\"elementor-element elementor-element-1d34d1ad e-flex e-con-boxed elementor-invisible e-con e-parent\" data-id=\"1d34d1ad\" data-element_type=\"container\" data-settings=\"{&quot;background_background&quot;:&quot;classic&quot;,&quot;animation&quot;:&quot;fadeInUp&quot;}\">\n\t\t\t\t\t<div class=\"e-con-inner\">\n\t\t\t\t<div class=\"elementor-element elementor-element-26d82835 elementor-widget elementor-widget-heading\" data-id=\"26d82835\" data-element_type=\"widget\" data-widget_type=\"heading.default\">\n\t\t\t\t<div class=\"elementor-widget-container\">\n\t\t\t\t\t<h2 class=\"elementor-heading-title elementor-size-default\">Obtenez votre financement aujourd\u2019hui !<\/h2>\t\t\t\t<\/div>\n\t\t\t\t<\/div>\n\t\t\t\t<div class=\"elementor-element elementor-element-1f501aff elementor-widget elementor-widget-text-editor\" data-id=\"1f501aff\" data-element_type=\"widget\" data-widget_type=\"text-editor.default\">\n\t\t\t\t<div class=\"elementor-widget-container\">\n\t\t\t\t\t\t\t\t\t<p data-pm-slice=\"1 1 []\">Que vous soyez un particulier ou un professionnel, nous vous accompagnons pour <strong>s\u00e9curiser et optimiser votre financement<\/strong>.<\/p>\t\t\t\t\t\t\t\t<\/div>\n\t\t\t\t<\/div>\n\t\t\t\t<div class=\"elementor-element elementor-element-31aec061 elementor-align-center elementor-widget elementor-widget-button\" data-id=\"31aec061\" data-element_type=\"widget\" data-widget_type=\"button.default\">\n\t\t\t\t<div class=\"elementor-widget-container\">\n\t\t\t\t\t\t\t\t\t<div class=\"elementor-button-wrapper\">\n\t\t\t\t\t<a class=\"elementor-button elementor-button-link elementor-size-sm\" href=\"https:\/\/flexifinanz.com\/index.php\/nos-domaines-dapplications\/\">\n\t\t\t\t\t\t<span class=\"elementor-button-content-wrapper\">\n\t\t\t\t\t\t<span class=\"elementor-button-icon\">\n\t\t\t\t<svg aria-hidden=\"true\" class=\"e-font-icon-svg e-fas-arrow-right\" viewBox=\"0 0 448 512\" xmlns=\"http:\/\/www.w3.org\/2000\/svg\"><path d=\"M190.5 66.9l22.2-22.2c9.4-9.4 24.6-9.4 33.9 0L441 239c9.4 9.4 9.4 24.6 0 33.9L246.6 467.3c-9.4 9.4-24.6 9.4-33.9 0l-22.2-22.2c-9.5-9.5-9.3-25 .4-34.3L311.4 296H24c-13.3 0-24-10.7-24-24v-32c0-13.3 10.7-24 24-24h287.4L190.9 101.2c-9.8-9.3-10-24.8-.4-34.3z\"><\/path><\/svg>\t\t\t<\/span>\n\t\t\t\t\t\t\t\t\t<span class=\"elementor-button-text\">Voir nos domaines <\/span>\n\t\t\t\t\t<\/span>\n\t\t\t\t\t<\/a>\n\t\t\t\t<\/div>\n\t\t\t\t\t\t\t\t<\/div>\n\t\t\t\t<\/div>\n\t\t\t\t\t<\/div>\n\t\t\t\t<\/div>\n\t\t\t\t<\/div>\n\t\t","protected":false},"excerpt":{"rendered":"<p>Pourquoi adapter son financement \u00e0 son profil ? Que vous soyez un particulier cherchant \u00e0 r\u00e9aliser un projet ou une entreprise souhaitant [&hellip;]<\/p>\n","protected":false},"author":1,"featured_media":340,"parent":0,"menu_order":0,"comment_status":"closed","ping_status":"closed","template":"","meta":{"om_disable_all_campaigns":false,"_monsterinsights_skip_tracking":false,"_monsterinsights_sitenote_active":false,"_monsterinsights_sitenote_note":"","_monsterinsights_sitenote_category":0,"footnotes":""},"class_list":["post-207","page","type-page","status-publish","has-post-thumbnail","hentry"],"aioseo_notices":[],"_links":{"self":[{"href":"https:\/\/flexifinanz.com\/fr\/wp-json\/wp\/v2\/pages\/207","targetHints":{"allow":["GET"]}}],"collection":[{"href":"https:\/\/flexifinanz.com\/fr\/wp-json\/wp\/v2\/pages"}],"about":[{"href":"https:\/\/flexifinanz.com\/fr\/wp-json\/wp\/v2\/types\/page"}],"author":[{"embeddable":true,"href":"https:\/\/flexifinanz.com\/fr\/wp-json\/wp\/v2\/users\/1"}],"replies":[{"embeddable":true,"href":"https:\/\/flexifinanz.com\/fr\/wp-json\/wp\/v2\/comments?post=207"}],"version-history":[{"count":0,"href":"https:\/\/flexifinanz.com\/fr\/wp-json\/wp\/v2\/pages\/207\/revisions"}],"wp:featuredmedia":[{"embeddable":true,"href":"https:\/\/flexifinanz.com\/fr\/wp-json\/wp\/v2\/media\/340"}],"wp:attachment":[{"href":"https:\/\/flexifinanz.com\/fr\/wp-json\/wp\/v2\/media?parent=207"}],"curies":[{"name":"wp","href":"https:\/\/api.w.org\/{rel}","templated":true}]}}