{"id":201,"date":"2025-02-20T15:52:50","date_gmt":"2025-02-20T14:52:50","guid":{"rendered":"https:\/\/flexifinanz.com\/?page_id=201"},"modified":"2025-02-25T18:44:04","modified_gmt":"2025-02-25T17:44:04","slug":"financement-strategique","status":"publish","type":"page","link":"https:\/\/flexifinanz.com\/fr\/financement-strategique\/","title":{"rendered":"Financement Strat\u00e9gique : Performance et Stabilit\u00e9"},"content":{"rendered":"\t\t<div data-elementor-type=\"wp-page\" data-elementor-id=\"201\" class=\"elementor elementor-201\" data-elementor-settings=\"{&quot;element_pack_global_tooltip_width&quot;:{&quot;unit&quot;:&quot;px&quot;,&quot;size&quot;:&quot;&quot;,&quot;sizes&quot;:[]},&quot;element_pack_global_tooltip_width_tablet&quot;:{&quot;unit&quot;:&quot;px&quot;,&quot;size&quot;:&quot;&quot;,&quot;sizes&quot;:[]},&quot;element_pack_global_tooltip_width_mobile&quot;:{&quot;unit&quot;:&quot;px&quot;,&quot;size&quot;:&quot;&quot;,&quot;sizes&quot;:[]},&quot;element_pack_global_tooltip_padding&quot;:{&quot;unit&quot;:&quot;px&quot;,&quot;top&quot;:&quot;&quot;,&quot;right&quot;:&quot;&quot;,&quot;bottom&quot;:&quot;&quot;,&quot;left&quot;:&quot;&quot;,&quot;isLinked&quot;:true},&quot;element_pack_global_tooltip_padding_tablet&quot;:{&quot;unit&quot;:&quot;px&quot;,&quot;top&quot;:&quot;&quot;,&quot;right&quot;:&quot;&quot;,&quot;bottom&quot;:&quot;&quot;,&quot;left&quot;:&quot;&quot;,&quot;isLinked&quot;:true},&quot;element_pack_global_tooltip_padding_mobile&quot;:{&quot;unit&quot;:&quot;px&quot;,&quot;top&quot;:&quot;&quot;,&quot;right&quot;:&quot;&quot;,&quot;bottom&quot;:&quot;&quot;,&quot;left&quot;:&quot;&quot;,&quot;isLinked&quot;:true},&quot;element_pack_global_tooltip_border_radius&quot;:{&quot;unit&quot;:&quot;px&quot;,&quot;top&quot;:&quot;&quot;,&quot;right&quot;:&quot;&quot;,&quot;bottom&quot;:&quot;&quot;,&quot;left&quot;:&quot;&quot;,&quot;isLinked&quot;:true},&quot;element_pack_global_tooltip_border_radius_tablet&quot;:{&quot;unit&quot;:&quot;px&quot;,&quot;top&quot;:&quot;&quot;,&quot;right&quot;:&quot;&quot;,&quot;bottom&quot;:&quot;&quot;,&quot;left&quot;:&quot;&quot;,&quot;isLinked&quot;:true},&quot;element_pack_global_tooltip_border_radius_mobile&quot;:{&quot;unit&quot;:&quot;px&quot;,&quot;top&quot;:&quot;&quot;,&quot;right&quot;:&quot;&quot;,&quot;bottom&quot;:&quot;&quot;,&quot;left&quot;:&quot;&quot;,&quot;isLinked&quot;:true}}\" data-elementor-post-type=\"page\">\n\t\t\t\t<div class=\"elementor-element elementor-element-5dfb50b7 e-flex e-con-boxed e-con e-parent\" data-id=\"5dfb50b7\" data-element_type=\"container\" data-settings=\"{&quot;background_background&quot;:&quot;classic&quot;}\">\n\t\t\t\t\t<div class=\"e-con-inner\">\n\t\t\t\t<div class=\"elementor-element elementor-element-28af2f0b elementor-widget elementor-widget-text-editor\" data-id=\"28af2f0b\" data-element_type=\"widget\" data-widget_type=\"text-editor.default\">\n\t\t\t\t<div class=\"elementor-widget-container\">\n\t\t\t\t\t\t\t\t\t<h2 data-pm-slice=\"1 1 []\">Pourquoi diversifier son financement ?<\/h2><p>Obtenir un financement, c\u2019est avant tout <strong>trouver le bon \u00e9quilibre entre croissance et s\u00e9curit\u00e9<\/strong>. Certains financements permettent une <strong>expansion rapide et des rendements \u00e9lev\u00e9s<\/strong>, tandis que d\u2019autres privil\u00e9gient <strong>la stabilit\u00e9 et la protection des actifs<\/strong>. Votre choix d\u00e9pendra de la nature de votre projet, de vos objectifs et de votre besoin en liquidit\u00e9s.<\/p>\t\t\t\t\t\t\t\t<\/div>\n\t\t\t\t<\/div>\n\t\t\t\t<div class=\"elementor-element elementor-element-78043fb elementor-align-left elementor-invisible elementor-widget elementor-widget-button\" data-id=\"78043fb\" data-element_type=\"widget\" data-settings=\"{&quot;_animation&quot;:&quot;fadeInUp&quot;,&quot;_animation_delay&quot;:500}\" data-widget_type=\"button.default\">\n\t\t\t\t<div class=\"elementor-widget-container\">\n\t\t\t\t\t\t\t\t\t<div class=\"elementor-button-wrapper\">\n\t\t\t\t\t<a class=\"elementor-button elementor-button-link elementor-size-sm\" href=\"#simulateur\">\n\t\t\t\t\t\t<span class=\"elementor-button-content-wrapper\">\n\t\t\t\t\t\t<span class=\"elementor-button-icon\">\n\t\t\t\t<svg aria-hidden=\"true\" class=\"e-font-icon-svg e-fas-arrow-right\" viewBox=\"0 0 448 512\" xmlns=\"http:\/\/www.w3.org\/2000\/svg\"><path d=\"M190.5 66.9l22.2-22.2c9.4-9.4 24.6-9.4 33.9 0L441 239c9.4 9.4 9.4 24.6 0 33.9L246.6 467.3c-9.4 9.4-24.6 9.4-33.9 0l-22.2-22.2c-9.5-9.5-9.3-25 .4-34.3L311.4 296H24c-13.3 0-24-10.7-24-24v-32c0-13.3 10.7-24 24-24h287.4L190.9 101.2c-9.8-9.3-10-24.8-.4-34.3z\"><\/path><\/svg>\t\t\t<\/span>\n\t\t\t\t\t\t\t\t\t<span class=\"elementor-button-text\">V\u00e9rifier mon \u00e9ligibilit\u00e9<\/span>\n\t\t\t\t\t<\/span>\n\t\t\t\t\t<\/a>\n\t\t\t\t<\/div>\n\t\t\t\t\t\t\t\t<\/div>\n\t\t\t\t<\/div>\n\t\t\t\t\t<\/div>\n\t\t\t\t<\/div>\n\t\t<div class=\"elementor-element elementor-element-617f91a e-flex e-con-boxed elementor-invisible e-con e-parent\" data-id=\"617f91a\" data-element_type=\"container\" data-settings=\"{&quot;background_background&quot;:&quot;classic&quot;,&quot;animation&quot;:&quot;fadeInUp&quot;}\">\n\t\t\t\t\t<div class=\"e-con-inner\">\n\t\t\t\t<div class=\"elementor-element elementor-element-5c3fdd26 elementor-widget elementor-widget-text-editor\" data-id=\"5c3fdd26\" data-element_type=\"widget\" data-widget_type=\"text-editor.default\">\n\t\t\t\t<div class=\"elementor-widget-container\">\n\t\t\t\t\t\t\t\t\t<h2 data-pm-slice=\"1 3 []\">1\ufe0f\u20e3 Financements Dynamiques<\/h2>\n<h3><strong>Objectif : maximiser le rendement et saisir les opportunit\u00e9s<\/strong><\/h3>\n<p>Les financements dynamiques sont con\u00e7us pour ceux qui recherchent <strong>une forte croissance et une mont\u00e9e en puissance rapide<\/strong>.<\/p>\n<h3><strong>Opportunit\u00e9s de financement :<\/strong><\/h3>\n<ul data-spread=\"false\">\n<li>\n<p><strong>Blockchain &amp; Cryptomonnaies<\/strong> \u2192 Soutien aux entreprises innovantes du Web3 et DeFi<\/p>\n<\/li>\n<li>\n<p><strong>Startups &amp; Entreprises \u00e9mergentes<\/strong> \u2192 Fonds de croissance pour jeunes entreprises prometteuses<\/p>\n<\/li>\n<li>\n<p><strong>Intelligence Artificielle (IA)<\/strong> \u2192 Financement des avanc\u00e9es technologiques en automatisation et data<\/p>\n<\/li>\n<li>\n<p><strong>Agriculture intelligente &amp; alternative<\/strong> \u2192 D\u00e9veloppement de solutions agricoles durables<\/p>\n<\/li>\n<li>\n<p><strong>R\u00e9alit\u00e9 virtuelle &amp; augment\u00e9e<\/strong> \u2192 Accompagnement des entreprises dans l\u2019innovation immersive<\/p>\n<\/li>\n<\/ul>\t\t\t\t\t\t\t\t<\/div>\n\t\t\t\t<\/div>\n\t\t\t\t\t<\/div>\n\t\t\t\t<\/div>\n\t\t<div class=\"elementor-element elementor-element-5ff6a4ed e-flex e-con-boxed elementor-invisible e-con e-parent\" data-id=\"5ff6a4ed\" data-element_type=\"container\" data-settings=\"{&quot;background_background&quot;:&quot;classic&quot;,&quot;animation&quot;:&quot;fadeInUp&quot;}\">\n\t\t\t\t\t<div class=\"e-con-inner\">\n\t\t\t\t<div class=\"elementor-element elementor-element-28c70ddb elementor-widget elementor-widget-text-editor\" data-id=\"28c70ddb\" data-element_type=\"widget\" data-widget_type=\"text-editor.default\">\n\t\t\t\t<div class=\"elementor-widget-container\">\n\t\t\t\t\t\t\t\t\t<h3 data-pm-slice=\"1 1 []\"><strong>Avantages<\/strong><\/h3>\n<p>\u2705 Acc\u00e8s \u00e0 des capitaux pour une croissance rapide<br \/>\u2705 Financement des secteurs technologiques et d\u2019avenir<br \/>\u2705 Solutions adapt\u00e9es aux entreprises \u00e0 fort potentiel<\/p>\t\t\t\t\t\t\t\t<\/div>\n\t\t\t\t<\/div>\n\t\t\t\t\t<\/div>\n\t\t\t\t<\/div>\n\t\t<div class=\"elementor-element elementor-element-16a04a57 e-flex e-con-boxed elementor-invisible e-con e-parent\" data-id=\"16a04a57\" data-element_type=\"container\" data-settings=\"{&quot;background_background&quot;:&quot;classic&quot;,&quot;animation&quot;:&quot;fadeInUp&quot;}\">\n\t\t\t\t\t<div class=\"e-con-inner\">\n\t\t\t\t<div class=\"elementor-element elementor-element-691fb59e elementor-widget elementor-widget-text-editor\" data-id=\"691fb59e\" data-element_type=\"widget\" data-widget_type=\"text-editor.default\">\n\t\t\t\t<div class=\"elementor-widget-container\">\n\t\t\t\t\t\t\t\t\t<h2 data-pm-slice=\"1 1 []\">2\ufe0f\u20e3 Financements S\u00e9curis\u00e9s<\/h2>\n<h3><strong>Objectif : garantir une stabilit\u00e9 financi\u00e8re et une rentabilit\u00e9 durable<\/strong><\/h3>\n<p>Les financements s\u00e9curis\u00e9s sont con\u00e7us pour offrir <strong>une structure stable et des conditions de remboursement pr\u00e9visibles<\/strong>.<\/p>\n<h3><strong>Opportunit\u00e9s de financement :<\/strong><\/h3>\n<ul data-spread=\"false\">\n<li>\n<p><strong>Immobilier patrimonial (immeubles, SCPI)<\/strong> \u2192 Acquisition et optimisation d\u2019actifs immobiliers<\/p>\n<\/li>\n<li>\n<p><strong>Obligations et Fonds en euros<\/strong> \u2192 S\u00e9curisation financi\u00e8re avec rendements fixes<\/p>\n<\/li>\n<li>\n<p><strong>\u00c9nergies renouvelables (solaire, \u00e9olien, hydrog\u00e8ne)<\/strong> \u2192 Financement de projets \u00e9cologiques<\/p>\n<\/li>\n<li>\n<p><strong>Technologies de l\u2019eau (d\u00e9salinisation, filtration)<\/strong> \u2192 Accompagnement des infrastructures hydriques<\/p>\n<\/li>\n<li>\n<p><strong>Logistique &amp; transport durable<\/strong> \u2192 D\u00e9veloppement des solutions de transport \u00e9co-responsables<\/p>\n<\/li>\n<\/ul>\t\t\t\t\t\t\t\t<\/div>\n\t\t\t\t<\/div>\n\t\t\t\t\t<\/div>\n\t\t\t\t<\/div>\n\t\t<div class=\"elementor-element elementor-element-4736e3e3 e-flex e-con-boxed elementor-invisible e-con e-parent\" data-id=\"4736e3e3\" data-element_type=\"container\" data-settings=\"{&quot;background_background&quot;:&quot;classic&quot;,&quot;animation&quot;:&quot;fadeInUp&quot;}\">\n\t\t\t\t\t<div class=\"e-con-inner\">\n\t\t\t\t<div class=\"elementor-element elementor-element-54189850 elementor-widget elementor-widget-text-editor\" data-id=\"54189850\" data-element_type=\"widget\" data-widget_type=\"text-editor.default\">\n\t\t\t\t<div class=\"elementor-widget-container\">\n\t\t\t\t\t\t\t\t\t<h3 data-pm-slice=\"1 1 []\"><strong>Avantages<\/strong><\/h3>\n<p>\u2705 S\u00e9curisation des capitaux investis<br \/>\u2705 Rentabilit\u00e9 stable et pr\u00e9visible<br \/>\u2705 Adapt\u00e9 aux entreprises et projets \u00e0 long terme<\/p>\t\t\t\t\t\t\t\t<\/div>\n\t\t\t\t<\/div>\n\t\t\t\t\t<\/div>\n\t\t\t\t<\/div>\n\t\t<div class=\"elementor-element elementor-element-78faadd5 e-flex e-con-boxed elementor-invisible e-con e-parent\" data-id=\"78faadd5\" data-element_type=\"container\" data-settings=\"{&quot;background_background&quot;:&quot;classic&quot;,&quot;animation&quot;:&quot;fadeInUp&quot;}\">\n\t\t\t\t\t<div class=\"e-con-inner\">\n\t\t\t\t<div class=\"elementor-element elementor-element-39d0ff90 elementor-widget elementor-widget-text-editor\" data-id=\"39d0ff90\" data-element_type=\"widget\" data-widget_type=\"text-editor.default\">\n\t\t\t\t<div class=\"elementor-widget-container\">\n\t\t\t\t\t\t\t\t\t<h2 data-pm-slice=\"1 1 []\"><span style=\"color: #ffffff;\">\ud83d\udce2 <strong>Pourquoi financer avec nous ?<\/strong><\/span><\/h2>\n<p><span style=\"color: #ffffff;\">Nous avons mis en place <strong>une approche de financement flexible et accessible<\/strong>, avec des <strong>taux avantageux et des solutions adapt\u00e9es<\/strong> pour que chaque porteur de projet puisse b\u00e9n\u00e9ficier d\u2019un accompagnement optimis\u00e9.<\/span><\/p>\t\t\t\t\t\t\t\t<\/div>\n\t\t\t\t<\/div>\n\t\t\t\t\t<\/div>\n\t\t\t\t<\/div>\n\t\t<div class=\"elementor-element elementor-element-4ff9ee6e e-flex e-con-boxed elementor-invisible e-con e-parent\" data-id=\"4ff9ee6e\" data-element_type=\"container\" data-settings=\"{&quot;background_background&quot;:&quot;classic&quot;,&quot;animation&quot;:&quot;fadeInUp&quot;}\">\n\t\t\t\t\t<div class=\"e-con-inner\">\n\t\t\t\t<div class=\"elementor-element elementor-element-1385e59d elementor-widget elementor-widget-text-editor\" data-id=\"1385e59d\" data-element_type=\"widget\" data-widget_type=\"text-editor.default\">\n\t\t\t\t<div class=\"elementor-widget-container\">\n\t\t\t\t\t\t\t\t\t<h3 data-pm-slice=\"1 1 []\"><strong>Nos avantages :<\/strong><\/h3>\n<p>\u2705 <strong>S\u00e9lection rigoureuse des projets financ\u00e9s<\/strong><br \/>\u2705 <strong>Strat\u00e9gies adapt\u00e9es \u00e0 chaque profil d\u2019entreprise<\/strong><br \/>\u2705 <strong>Taux de financement comp\u00e9titifs et flexibles<\/strong><br \/>\u2705 <strong>Accompagnement personnalis\u00e9 et structuration financi\u00e8re optimis\u00e9e<\/strong><\/p>\t\t\t\t\t\t\t\t<\/div>\n\t\t\t\t<\/div>\n\t\t\t\t\t<\/div>\n\t\t\t\t<\/div>\n\t\t<div class=\"elementor-element elementor-element-6204f2d e-flex e-con-boxed elementor-invisible e-con e-parent\" data-id=\"6204f2d\" data-element_type=\"container\" data-settings=\"{&quot;background_background&quot;:&quot;classic&quot;,&quot;animation&quot;:&quot;fadeInUp&quot;}\">\n\t\t\t\t\t<div class=\"e-con-inner\">\n\t\t\t\t<div class=\"elementor-element elementor-element-d1300f8 elementor-widget elementor-widget-menu-anchor\" data-id=\"d1300f8\" data-element_type=\"widget\" data-widget_type=\"menu-anchor.default\">\n\t\t\t\t<div class=\"elementor-widget-container\">\n\t\t\t\t\t\t\t<div class=\"elementor-menu-anchor\" id=\"simulateur\"><\/div>\n\t\t\t\t\t\t<\/div>\n\t\t\t\t<\/div>\n\t\t\t\t<div class=\"elementor-element elementor-element-e76d12e elementor-widget elementor-widget-html\" data-id=\"e76d12e\" data-element_type=\"widget\" data-widget_type=\"html.default\">\n\t\t\t\t<div class=\"elementor-widget-container\">\n\t\t\t\t\t<!DOCTYPE html>\n<html lang=\"fr\">\n<head>\n    <meta charset=\"UTF-8\">\n    <meta name=\"viewport\" content=\"width=device-width, initial-scale=1.0\">\n    <title>Demande de Financement Intelligent<\/title>\n    <style>\n        body {\n            font-family: Arial, sans-serif;\n            background-color: #f4f4f4;\n            color: #333;\n            margin: 0;\n            padding: 0px;\n        }\n        .container {\n            max-width: 900px;\n            margin: auto;\n            background: white;\n            padding: 20px;\n            border-radius: 10px;\n            box-shadow: 0px 0px 0px rgba(0, 0, 0, 0.1);\n        }\n         {\n            text-align: left;\n        }\n        label {\n            font-weight: bold;\n        }\n        input, select, button {\n            width: 100%;\n            padding: 10px;\n            margin: 10px 0;\n            border-radius: 5px;\n            border: 1px solid #ccc;\n        }\n        button {\n            background-color: #6CFF84;\n            color: black;\n            font-weight: bold;\n            cursor: pointer;\n        }\n        button:hover {\n            background-color: #5ACC70;\n        }\n        .result {\n            display: none;\n            background: #000;\n            color: white;\n            padding: 15px;\n            border-radius: 5px;\n            margin-top: 20px;\n            text-align: center;\n        }\n        .apply-button, .contact-button {\n            display: none;\n            margin-top: 15px;\n            padding: 10px;\n            border: none;\n            border-radius: 5px;\n            cursor: pointer;\n            font-weight: bold;\n            width: 100%;\n            text-decoration: none;\n            text-align: center;\n        }\n        .apply-button {\n            background-color: #ffcc00;\n            color: black;\n        }\n        .apply-button:hover {\n            background-color: #e6b800;\n        }\n        .contact-button {\n            background-color: #ff5733;\n            color: white;\n        }\n        .contact-button:hover {\n            background-color: #cc4626;\n        }\n    <\/style>\n<\/head>\n<body>\n    <div class=\"container\">\n        <h2>V\u00e9rifier mon \u00e9ligibilit\u00e9<\/h2>\n        <form id=\"financementForm\">\n            <label for=\"montant\">Montant demand\u00e9 (\u20ac) :<\/label>\n            <input type=\"number\" id=\"montant\" placeholder=\"Entrez le montant\" required>\n            \n            <label for=\"revenu\">Revenu mensuel (\u20ac) :<\/label>\n            <input type=\"number\" id=\"revenu\" placeholder=\"Entrez votre revenu mensuel\" required>\n            \n            <label for=\"statut\">Statut professionnel :<\/label>\n            <select id=\"statut\">\n                <option value=\"salarie\">Salari\u00e9<\/option>\n                <option value=\"independant\">Ind\u00e9pendant<\/option>\n                <option value=\"entreprise\">Entreprise<\/option>\n                <option value=\"autre\">Autre<\/option>\n            <\/select>\n            \n            <label for=\"historique\">Historique de cr\u00e9dit :<\/label>\n            <select id=\"historique\">\n                <option value=\"excellent\">Excellent<\/option>\n                <option value=\"bon\">Bon<\/option>\n                <option value=\"moyen\">Moyen<\/option>\n                <option value=\"faible\">Faible<\/option>\n            <\/select>\n            \n            <button type=\"button\" onclick=\"analyserEligibilite()\">V\u00e9rifier mon \u00e9ligibilit\u00e9<\/button>\n        <\/form>\n        \n        <div class=\"result\" id=\"resultat\">\n            <h3>R\u00e9sultat de l'Analyse<\/h3>\n            <p id=\"message\"><\/p>\n            <a id=\"applyButton\" class=\"apply-button\" href=\"https:\/\/flexifinanz.com\/index.php\/demander-un-financement\/\">Demander un financement<\/a>\n            <a id=\"contactButton\" class=\"contact-button\" href=\"https:\/\/flexifinanz.com\/index.php\/contactez-nous\/\">Contactez-nous<\/a>\n        <\/div>\n    <\/div>\n\n    <script>\n        function analyserEligibilite() {\n            let montant = parseFloat(document.getElementById(\"montant\").value);\n            let revenu = parseFloat(document.getElementById(\"revenu\").value);\n            let statut = document.getElementById(\"statut\").value;\n            let historique = document.getElementById(\"historique\").value;\n            let message = \"\";\n            let applyButton = document.getElementById(\"applyButton\");\n            let contactButton = document.getElementById(\"contactButton\");\n\n            if (isNaN(montant) || isNaN(revenu) || montant <= 0 || revenu <= 0) {\n                alert(\"Veuillez entrer des valeurs valides.\");\n                return;\n            }\n\n            let tauxEndettement = (montant \/ (revenu * 12)) * 100;\n            \n            if (tauxEndettement < 50 || (historique !== \"faible\" && tauxEndettement < 60)) {\n                message = \"\u2705 F\u00e9licitations ! Vous \u00eates \u00e9ligible \u00e0 un financement flexible avec des conditions avantageuses.\";\n                applyButton.style.display = \"block\";\n                contactButton.style.display = \"none\";\n            } else if (tauxEndettement < 70 || historique === \"moyen\") {\n                message = \"\u26a0\ufe0f Vous \u00eates \u00e9ligible avec des conditions ajust\u00e9es. Une analyse compl\u00e9mentaire pourrait \u00eatre n\u00e9cessaire.\";\n                applyButton.style.display = \"block\";\n                contactButton.style.display = \"none\";\n            } else {\n                message = \"\u274c Votre demande de financement n\u00e9cessite des garanties suppl\u00e9mentaires, mais nous pouvons vous proposer une alternative adapt\u00e9e.\";\n                applyButton.style.display = \"none\";\n                contactButton.style.display = \"block\";\n            }\n            \n            document.getElementById(\"message\").innerText = message;\n            document.getElementById(\"resultat\").style.display = \"block\";\n        }\n    <\/script>\n<\/body>\n<\/html>\n\t\t\t\t<\/div>\n\t\t\t\t<\/div>\n\t\t\t\t\t<\/div>\n\t\t\t\t<\/div>\n\t\t<div class=\"elementor-element elementor-element-71f13f04 e-flex e-con-boxed elementor-invisible e-con e-parent\" data-id=\"71f13f04\" data-element_type=\"container\" data-settings=\"{&quot;background_background&quot;:&quot;classic&quot;,&quot;animation&quot;:&quot;fadeInUp&quot;}\">\n\t\t\t\t\t<div class=\"e-con-inner\">\n\t\t\t\t<div class=\"elementor-element elementor-element-34ab79d0 elementor-widget elementor-widget-heading\" data-id=\"34ab79d0\" data-element_type=\"widget\" data-widget_type=\"heading.default\">\n\t\t\t\t<div class=\"elementor-widget-container\">\n\t\t\t\t\t<h2 class=\"elementor-heading-title elementor-size-default\">Obtenez votre financement aujourd\u2019hui !<\/h2>\t\t\t\t<\/div>\n\t\t\t\t<\/div>\n\t\t\t\t<div class=\"elementor-element elementor-element-734de5a6 elementor-widget elementor-widget-text-editor\" data-id=\"734de5a6\" data-element_type=\"widget\" data-widget_type=\"text-editor.default\">\n\t\t\t\t<div class=\"elementor-widget-container\">\n\t\t\t\t\t\t\t\t\t<p data-pm-slice=\"1 1 []\">Avec nous, <strong>le financement devient un levier strat\u00e9gique et efficace<\/strong>. Que vous recherchiez <strong>une croissance rapide ou une stabilit\u00e9 \u00e0 long terme<\/strong>, nous vous accompagnons avec <strong>des solutions accessibles et performantes<\/strong>.<\/p>\t\t\t\t\t\t\t\t<\/div>\n\t\t\t\t<\/div>\n\t\t\t\t<div class=\"elementor-element elementor-element-5d7c28a2 elementor-align-center elementor-widget elementor-widget-button\" data-id=\"5d7c28a2\" data-element_type=\"widget\" data-widget_type=\"button.default\">\n\t\t\t\t<div class=\"elementor-widget-container\">\n\t\t\t\t\t\t\t\t\t<div class=\"elementor-button-wrapper\">\n\t\t\t\t\t<a class=\"elementor-button elementor-button-link elementor-size-sm\" href=\"https:\/\/flexifinanz.com\/index.php\/nos-domaines-dapplications\/\">\n\t\t\t\t\t\t<span class=\"elementor-button-content-wrapper\">\n\t\t\t\t\t\t<span class=\"elementor-button-icon\">\n\t\t\t\t<svg aria-hidden=\"true\" class=\"e-font-icon-svg e-fas-arrow-right\" viewBox=\"0 0 448 512\" xmlns=\"http:\/\/www.w3.org\/2000\/svg\"><path d=\"M190.5 66.9l22.2-22.2c9.4-9.4 24.6-9.4 33.9 0L441 239c9.4 9.4 9.4 24.6 0 33.9L246.6 467.3c-9.4 9.4-24.6 9.4-33.9 0l-22.2-22.2c-9.5-9.5-9.3-25 .4-34.3L311.4 296H24c-13.3 0-24-10.7-24-24v-32c0-13.3 10.7-24 24-24h287.4L190.9 101.2c-9.8-9.3-10-24.8-.4-34.3z\"><\/path><\/svg>\t\t\t<\/span>\n\t\t\t\t\t\t\t\t\t<span class=\"elementor-button-text\">Voir nos domaines <\/span>\n\t\t\t\t\t<\/span>\n\t\t\t\t\t<\/a>\n\t\t\t\t<\/div>\n\t\t\t\t\t\t\t\t<\/div>\n\t\t\t\t<\/div>\n\t\t\t\t\t<\/div>\n\t\t\t\t<\/div>\n\t\t\t\t<\/div>\n\t\t","protected":false},"excerpt":{"rendered":"<p>Pourquoi diversifier son financement ? Obtenir un financement, c\u2019est avant tout trouver le bon \u00e9quilibre entre croissance et s\u00e9curit\u00e9. Certains financements permettent [&hellip;]<\/p>\n","protected":false},"author":1,"featured_media":358,"parent":0,"menu_order":0,"comment_status":"closed","ping_status":"closed","template":"","meta":{"om_disable_all_campaigns":false,"_monsterinsights_skip_tracking":false,"_monsterinsights_sitenote_active":false,"_monsterinsights_sitenote_note":"","_monsterinsights_sitenote_category":0,"footnotes":""},"class_list":["post-201","page","type-page","status-publish","has-post-thumbnail","hentry"],"aioseo_notices":[],"_links":{"self":[{"href":"https:\/\/flexifinanz.com\/fr\/wp-json\/wp\/v2\/pages\/201","targetHints":{"allow":["GET"]}}],"collection":[{"href":"https:\/\/flexifinanz.com\/fr\/wp-json\/wp\/v2\/pages"}],"about":[{"href":"https:\/\/flexifinanz.com\/fr\/wp-json\/wp\/v2\/types\/page"}],"author":[{"embeddable":true,"href":"https:\/\/flexifinanz.com\/fr\/wp-json\/wp\/v2\/users\/1"}],"replies":[{"embeddable":true,"href":"https:\/\/flexifinanz.com\/fr\/wp-json\/wp\/v2\/comments?post=201"}],"version-history":[{"count":0,"href":"https:\/\/flexifinanz.com\/fr\/wp-json\/wp\/v2\/pages\/201\/revisions"}],"wp:featuredmedia":[{"embeddable":true,"href":"https:\/\/flexifinanz.com\/fr\/wp-json\/wp\/v2\/media\/358"}],"wp:attachment":[{"href":"https:\/\/flexifinanz.com\/fr\/wp-json\/wp\/v2\/media?parent=201"}],"curies":[{"name":"wp","href":"https:\/\/api.w.org\/{rel}","templated":true}]}}