{"id":192,"date":"2025-02-20T15:42:36","date_gmt":"2025-02-20T14:42:36","guid":{"rendered":"https:\/\/flexifinanz.com\/?page_id=192"},"modified":"2025-02-25T18:45:16","modified_gmt":"2025-02-25T17:45:16","slug":"financement-par-duree","status":"publish","type":"page","link":"https:\/\/flexifinanz.com\/fr\/financement-par-duree\/","title":{"rendered":"Financer des Projets \u00e0 Court, Moyen et Long Terme : Adaptez Votre Strat\u00e9gie"},"content":{"rendered":"\t\t<div data-elementor-type=\"wp-page\" data-elementor-id=\"192\" class=\"elementor elementor-192\" data-elementor-settings=\"{&quot;element_pack_global_tooltip_width&quot;:{&quot;unit&quot;:&quot;px&quot;,&quot;size&quot;:&quot;&quot;,&quot;sizes&quot;:[]},&quot;element_pack_global_tooltip_width_tablet&quot;:{&quot;unit&quot;:&quot;px&quot;,&quot;size&quot;:&quot;&quot;,&quot;sizes&quot;:[]},&quot;element_pack_global_tooltip_width_mobile&quot;:{&quot;unit&quot;:&quot;px&quot;,&quot;size&quot;:&quot;&quot;,&quot;sizes&quot;:[]},&quot;element_pack_global_tooltip_padding&quot;:{&quot;unit&quot;:&quot;px&quot;,&quot;top&quot;:&quot;&quot;,&quot;right&quot;:&quot;&quot;,&quot;bottom&quot;:&quot;&quot;,&quot;left&quot;:&quot;&quot;,&quot;isLinked&quot;:true},&quot;element_pack_global_tooltip_padding_tablet&quot;:{&quot;unit&quot;:&quot;px&quot;,&quot;top&quot;:&quot;&quot;,&quot;right&quot;:&quot;&quot;,&quot;bottom&quot;:&quot;&quot;,&quot;left&quot;:&quot;&quot;,&quot;isLinked&quot;:true},&quot;element_pack_global_tooltip_padding_mobile&quot;:{&quot;unit&quot;:&quot;px&quot;,&quot;top&quot;:&quot;&quot;,&quot;right&quot;:&quot;&quot;,&quot;bottom&quot;:&quot;&quot;,&quot;left&quot;:&quot;&quot;,&quot;isLinked&quot;:true},&quot;element_pack_global_tooltip_border_radius&quot;:{&quot;unit&quot;:&quot;px&quot;,&quot;top&quot;:&quot;&quot;,&quot;right&quot;:&quot;&quot;,&quot;bottom&quot;:&quot;&quot;,&quot;left&quot;:&quot;&quot;,&quot;isLinked&quot;:true},&quot;element_pack_global_tooltip_border_radius_tablet&quot;:{&quot;unit&quot;:&quot;px&quot;,&quot;top&quot;:&quot;&quot;,&quot;right&quot;:&quot;&quot;,&quot;bottom&quot;:&quot;&quot;,&quot;left&quot;:&quot;&quot;,&quot;isLinked&quot;:true},&quot;element_pack_global_tooltip_border_radius_mobile&quot;:{&quot;unit&quot;:&quot;px&quot;,&quot;top&quot;:&quot;&quot;,&quot;right&quot;:&quot;&quot;,&quot;bottom&quot;:&quot;&quot;,&quot;left&quot;:&quot;&quot;,&quot;isLinked&quot;:true}}\" data-elementor-post-type=\"page\">\n\t\t\t\t<div class=\"elementor-element elementor-element-4a6ab6de e-flex e-con-boxed e-con e-parent\" data-id=\"4a6ab6de\" data-element_type=\"container\" data-settings=\"{&quot;background_background&quot;:&quot;classic&quot;}\">\n\t\t\t\t\t<div class=\"e-con-inner\">\n\t\t\t\t<div class=\"elementor-element elementor-element-3b2ece84 elementor-widget elementor-widget-text-editor\" data-id=\"3b2ece84\" data-element_type=\"widget\" data-widget_type=\"text-editor.default\">\n\t\t\t\t<div class=\"elementor-widget-container\">\n\t\t\t\t\t\t\t\t\t<h2 data-pm-slice=\"1 1 []\">Pourquoi choisir un financement en fonction de la dur\u00e9e ?<\/h2><p>Le choix de la dur\u00e9e d\u2019un financement est une d\u00e9cision strat\u00e9gique essentielle. Il permet d\u2019aligner vos besoins en capitaux avec vos objectifs financiers, votre tol\u00e9rance au risque et votre plan de croissance. Que vous recherchiez des <strong>fonds rapidement<\/strong>, une <strong>croissance \u00e9quilibr\u00e9e<\/strong> ou une <strong>solution de financement durable<\/strong>, nous vous proposons des solutions adapt\u00e9es<\/p>\t\t\t\t\t\t\t\t<\/div>\n\t\t\t\t<\/div>\n\t\t\t\t<div class=\"elementor-element elementor-element-f1364a7 elementor-align-left elementor-invisible elementor-widget elementor-widget-button\" data-id=\"f1364a7\" data-element_type=\"widget\" data-settings=\"{&quot;_animation&quot;:&quot;fadeInUp&quot;,&quot;_animation_delay&quot;:500}\" data-widget_type=\"button.default\">\n\t\t\t\t<div class=\"elementor-widget-container\">\n\t\t\t\t\t\t\t\t\t<div class=\"elementor-button-wrapper\">\n\t\t\t\t\t<a class=\"elementor-button elementor-button-link elementor-size-sm\" href=\"#simulateur\">\n\t\t\t\t\t\t<span class=\"elementor-button-content-wrapper\">\n\t\t\t\t\t\t<span class=\"elementor-button-icon\">\n\t\t\t\t<svg aria-hidden=\"true\" class=\"e-font-icon-svg e-fas-arrow-right\" viewBox=\"0 0 448 512\" xmlns=\"http:\/\/www.w3.org\/2000\/svg\"><path d=\"M190.5 66.9l22.2-22.2c9.4-9.4 24.6-9.4 33.9 0L441 239c9.4 9.4 9.4 24.6 0 33.9L246.6 467.3c-9.4 9.4-24.6 9.4-33.9 0l-22.2-22.2c-9.5-9.5-9.3-25 .4-34.3L311.4 296H24c-13.3 0-24-10.7-24-24v-32c0-13.3 10.7-24 24-24h287.4L190.9 101.2c-9.8-9.3-10-24.8-.4-34.3z\"><\/path><\/svg>\t\t\t<\/span>\n\t\t\t\t\t\t\t\t\t<span class=\"elementor-button-text\">V\u00e9rifier mon \u00e9ligibilit\u00e9<\/span>\n\t\t\t\t\t<\/span>\n\t\t\t\t\t<\/a>\n\t\t\t\t<\/div>\n\t\t\t\t\t\t\t\t<\/div>\n\t\t\t\t<\/div>\n\t\t\t\t\t<\/div>\n\t\t\t\t<\/div>\n\t\t<div class=\"elementor-element elementor-element-f0c8284 e-flex e-con-boxed elementor-invisible e-con e-parent\" data-id=\"f0c8284\" data-element_type=\"container\" data-settings=\"{&quot;background_background&quot;:&quot;classic&quot;,&quot;animation&quot;:&quot;fadeInUp&quot;}\">\n\t\t\t\t\t<div class=\"e-con-inner\">\n\t\t\t\t<div class=\"elementor-element elementor-element-2501fd3 elementor-widget elementor-widget-text-editor\" data-id=\"2501fd3\" data-element_type=\"widget\" data-widget_type=\"text-editor.default\">\n\t\t\t\t<div class=\"elementor-widget-container\">\n\t\t\t\t\t\t\t\t\t<h2 data-pm-slice=\"1 3 []\">1\ufe0f\u20e3 Financements \u00e0 Court Terme (0-2 ans)<\/h2><h3><strong>Objectif : liquidit\u00e9 rapide et flexibilit\u00e9<\/strong><\/h3><p>Les financements \u00e0 court terme sont id\u00e9aux pour les entreprises ayant besoin d\u2019un <strong>acc\u00e8s rapide aux fonds<\/strong> et souhaitant <strong>optimiser leur tr\u00e9sorerie<\/strong>. Ils conviennent aux projets n\u00e9cessitant des liquidit\u00e9s imm\u00e9diates avec une rentabilit\u00e9 rapide.<\/p><h3><strong>Opportunit\u00e9s de financement :<\/strong><\/h3><ul data-spread=\"false\"><li><p><strong>E-commerce et vente en ligne<\/strong> \u2192 Financement de stocks et campagnes marketing<\/p><\/li><li><p><strong>Startups early-stage<\/strong> \u2192 Fonds de d\u00e9marrage pour tests et premi\u00e8res ventes<\/p><\/li><li><p><strong>Immobilier court terme<\/strong> \u2192 Financement de projets de r\u00e9novation rapide<\/p><\/li><li><p><strong>Technologies \u00e9mergentes<\/strong> \u2192 Financement de produits innovants et prototypes<\/p><\/li><li><p><strong>\u00c9v\u00e9nementiel et production audiovisuelle<\/strong> \u2192 Soutien aux projets n\u00e9cessitant une ex\u00e9cution rapide<\/p><\/li><\/ul>\t\t\t\t\t\t\t\t<\/div>\n\t\t\t\t<\/div>\n\t\t\t\t\t<\/div>\n\t\t\t\t<\/div>\n\t\t<div class=\"elementor-element elementor-element-3c4963d e-flex e-con-boxed elementor-invisible e-con e-parent\" data-id=\"3c4963d\" data-element_type=\"container\" data-settings=\"{&quot;background_background&quot;:&quot;classic&quot;,&quot;animation&quot;:&quot;fadeInUp&quot;}\">\n\t\t\t\t\t<div class=\"e-con-inner\">\n\t\t\t\t<div class=\"elementor-element elementor-element-33b1a63 elementor-widget elementor-widget-text-editor\" data-id=\"33b1a63\" data-element_type=\"widget\" data-widget_type=\"text-editor.default\">\n\t\t\t\t<div class=\"elementor-widget-container\">\n\t\t\t\t\t\t\t\t\t<h3 data-pm-slice=\"1 1 []\"><strong>Avantages &amp; Conditions<\/strong><\/h3><p>\u2705 Acc\u00e8s rapide aux fonds<br \/>\u2705 Solutions adapt\u00e9es aux besoins de tr\u00e9sorerie<br \/>\u26a0\ufe0f Remboursement en p\u00e9riode courte<br \/>\u26a0\ufe0f Taux d\u2019int\u00e9r\u00eat potentiellement plus \u00e9lev\u00e9s<\/p>\t\t\t\t\t\t\t\t<\/div>\n\t\t\t\t<\/div>\n\t\t\t\t\t<\/div>\n\t\t\t\t<\/div>\n\t\t<div class=\"elementor-element elementor-element-a689b2a e-flex e-con-boxed elementor-invisible e-con e-parent\" data-id=\"a689b2a\" data-element_type=\"container\" data-settings=\"{&quot;background_background&quot;:&quot;classic&quot;,&quot;animation&quot;:&quot;fadeInUp&quot;}\">\n\t\t\t\t\t<div class=\"e-con-inner\">\n\t\t\t\t<div class=\"elementor-element elementor-element-d82d815 elementor-widget elementor-widget-text-editor\" data-id=\"d82d815\" data-element_type=\"widget\" data-widget_type=\"text-editor.default\">\n\t\t\t\t<div class=\"elementor-widget-container\">\n\t\t\t\t\t\t\t\t\t<h2 data-pm-slice=\"1 3 []\">2\ufe0f\u20e3 Financements \u00e0 Moyen Terme (3-7 ans)<\/h2><h3><strong>Objectif : croissance et stabilit\u00e9<\/strong><\/h3><p>Les financements \u00e0 moyen terme permettent aux entreprises de structurer leur d\u00e9veloppement tout en optimisant leur rentabilit\u00e9. Ils sont adapt\u00e9s aux soci\u00e9t\u00e9s cherchant \u00e0 <strong>\u00e9quilibrer leur flux de tr\u00e9sorerie et leur croissance<\/strong>.<\/p><h3><strong>Opportunit\u00e9s de financement :<\/strong><\/h3><ul data-spread=\"false\"><li><p><strong>Immobilier locatif et commercial<\/strong> \u2192 Acquisition et r\u00e9novation<\/p><\/li><li><p><strong>Industrie et robotique<\/strong> \u2192 Financement d\u2019\u00e9quipements de production<\/p><\/li><li><p><strong>\u00c9nergies renouvelables<\/strong> \u2192 D\u00e9veloppement de projets solaires et \u00e9oliens<\/p><\/li><li><p><strong>Commerce et distribution<\/strong> \u2192 Expansion de franchises et ouverture de nouveaux points de vente<\/p><\/li><li><p><strong>Technologies m\u00e9dicales et biotechnologies<\/strong> \u2192 D\u00e9veloppement et mise sur le march\u00e9<\/p><\/li><\/ul>\t\t\t\t\t\t\t\t<\/div>\n\t\t\t\t<\/div>\n\t\t\t\t\t<\/div>\n\t\t\t\t<\/div>\n\t\t<div class=\"elementor-element elementor-element-50e1b17 e-flex e-con-boxed elementor-invisible e-con e-parent\" data-id=\"50e1b17\" data-element_type=\"container\" data-settings=\"{&quot;background_background&quot;:&quot;classic&quot;,&quot;animation&quot;:&quot;fadeInUp&quot;}\">\n\t\t\t\t\t<div class=\"e-con-inner\">\n\t\t\t\t<div class=\"elementor-element elementor-element-f70ddd2 elementor-widget elementor-widget-text-editor\" data-id=\"f70ddd2\" data-element_type=\"widget\" data-widget_type=\"text-editor.default\">\n\t\t\t\t<div class=\"elementor-widget-container\">\n\t\t\t\t\t\t\t\t\t<h3 data-pm-slice=\"1 1 []\"><strong>Avantages &amp; Conditions<\/strong><\/h3><p>\u2705 \u00c9quilibre entre flexibilit\u00e9 et rentabilit\u00e9<br \/>\u2705 Id\u00e9al pour des projets n\u00e9cessitant une structuration financi\u00e8re<br \/>\u26a0\ufe0f Engagement de plusieurs ann\u00e9es<br \/>\u26a0\ufe0f Impact des cycles \u00e9conomiques sur la rentabilit\u00e9<\/p>\t\t\t\t\t\t\t\t<\/div>\n\t\t\t\t<\/div>\n\t\t\t\t\t<\/div>\n\t\t\t\t<\/div>\n\t\t<div class=\"elementor-element elementor-element-48f7cb6 e-flex e-con-boxed elementor-invisible e-con e-parent\" data-id=\"48f7cb6\" data-element_type=\"container\" data-settings=\"{&quot;background_background&quot;:&quot;classic&quot;,&quot;animation&quot;:&quot;fadeInUp&quot;}\">\n\t\t\t\t\t<div class=\"e-con-inner\">\n\t\t\t\t<div class=\"elementor-element elementor-element-aa60bdd elementor-widget elementor-widget-text-editor\" data-id=\"aa60bdd\" data-element_type=\"widget\" data-widget_type=\"text-editor.default\">\n\t\t\t\t<div class=\"elementor-widget-container\">\n\t\t\t\t\t\t\t\t\t<h2 data-pm-slice=\"1 3 []\">3\ufe0f\u20e3 Financements \u00e0 Long Terme (8+ ans)<\/h2><h3><strong>Objectif : p\u00e9rennit\u00e9 et s\u00e9curisation du capital<\/strong><\/h3><p>Les financements \u00e0 long terme sont destin\u00e9s aux projets n\u00e9cessitant une <strong>vision \u00e0 long terme et une croissance progressive<\/strong>. Ils permettent aux entreprises d\u2019investir dans des actifs strat\u00e9giques et d\u2019assurer leur d\u00e9veloppement durable.<\/p><h3><strong>Opportunit\u00e9s de financement :<\/strong><\/h3><ul data-spread=\"false\"><li><p><strong>Immobilier patrimonial<\/strong> \u2192 Financement d\u2019immeubles pour g\u00e9n\u00e9rer des revenus passifs<\/p><\/li><li><p><strong>Sant\u00e9 et recherche pharmaceutique<\/strong> \u2192 Soutien aux laboratoires et innovations m\u00e9dicales<\/p><\/li><li><p><strong>Infrastructure et transports<\/strong> \u2192 D\u00e9veloppement de projets \u00e0 forte envergure<\/p><\/li><li><p><strong>Agroalimentaire et agriculture durable<\/strong> \u2192 Financement de projets \u00e9coresponsables<\/p><\/li><li><p><strong>Luxe et industrie de la mode<\/strong> \u2192 Expansion de marques et acquisition d\u2019actifs pr\u00e9cieux<\/p><\/li><\/ul>\t\t\t\t\t\t\t\t<\/div>\n\t\t\t\t<\/div>\n\t\t\t\t\t<\/div>\n\t\t\t\t<\/div>\n\t\t<div class=\"elementor-element elementor-element-464dc59 e-flex e-con-boxed elementor-invisible e-con e-parent\" data-id=\"464dc59\" data-element_type=\"container\" data-settings=\"{&quot;background_background&quot;:&quot;classic&quot;,&quot;animation&quot;:&quot;fadeInUp&quot;}\">\n\t\t\t\t\t<div class=\"e-con-inner\">\n\t\t\t\t<div class=\"elementor-element elementor-element-9d256bf elementor-widget elementor-widget-text-editor\" data-id=\"9d256bf\" data-element_type=\"widget\" data-widget_type=\"text-editor.default\">\n\t\t\t\t<div class=\"elementor-widget-container\">\n\t\t\t\t\t\t\t\t\t<h3 data-pm-slice=\"1 1 []\"><strong>Avantages &amp; Conditions<\/strong><\/h3><p>\u2705 Rentabilit\u00e9 stable et s\u00e9curis\u00e9e<br \/>\u2705 Effet de levier sur le long terme<br \/>\u26a0\ufe0f Liquidit\u00e9 plus faible<br \/>\u26a0\ufe0f N\u00e9cessite une vision strat\u00e9gique<\/p>\t\t\t\t\t\t\t\t<\/div>\n\t\t\t\t<\/div>\n\t\t\t\t\t<\/div>\n\t\t\t\t<\/div>\n\t\t<div class=\"elementor-element elementor-element-4ad98ca e-flex e-con-boxed elementor-invisible e-con e-parent\" data-id=\"4ad98ca\" data-element_type=\"container\" data-settings=\"{&quot;background_background&quot;:&quot;classic&quot;,&quot;animation&quot;:&quot;fadeInUp&quot;}\">\n\t\t\t\t\t<div class=\"e-con-inner\">\n\t\t\t\t<div class=\"elementor-element elementor-element-290572ad elementor-widget elementor-widget-text-editor\" data-id=\"290572ad\" data-element_type=\"widget\" data-widget_type=\"text-editor.default\">\n\t\t\t\t<div class=\"elementor-widget-container\">\n\t\t\t\t\t\t\t\t\t<h2 data-pm-slice=\"1 1 []\"><span style=\"color: #ffffff;\">\ud83d\udce2 <strong>Pourquoi financer avec nous ?<\/strong><\/span><\/h2><p><span style=\"color: #ffffff;\">Notre expertise en financement nous permet de s\u00e9lectionner les <strong>meilleures opportunit\u00e9s adapt\u00e9es \u00e0 chaque besoin<\/strong>. Que vous recherchiez un <strong>financement rapide \u00e0 court terme<\/strong>, une <strong>strat\u00e9gie de croissance \u00e9quilibr\u00e9e<\/strong> ou un <strong>d\u00e9veloppement patrimonial<\/strong>, nous vous accompagnons \u00e0 chaque \u00e9tape.<\/span><\/p>\t\t\t\t\t\t\t\t<\/div>\n\t\t\t\t<\/div>\n\t\t\t\t\t<\/div>\n\t\t\t\t<\/div>\n\t\t<div class=\"elementor-element elementor-element-2f27a698 e-flex e-con-boxed elementor-invisible e-con e-parent\" data-id=\"2f27a698\" data-element_type=\"container\" data-settings=\"{&quot;background_background&quot;:&quot;classic&quot;,&quot;animation&quot;:&quot;fadeInUp&quot;}\">\n\t\t\t\t\t<div class=\"e-con-inner\">\n\t\t\t\t<div class=\"elementor-element elementor-element-177f6ed6 elementor-widget elementor-widget-text-editor\" data-id=\"177f6ed6\" data-element_type=\"widget\" data-widget_type=\"text-editor.default\">\n\t\t\t\t<div class=\"elementor-widget-container\">\n\t\t\t\t\t\t\t\t\t<h3 data-pm-slice=\"1 1 []\"><strong>Nos avantages :<\/strong><\/h3><p>\u2705 <strong>S\u00e9lection rigoureuse des projets financ\u00e9s<\/strong><br \/>\u2705 <strong>Taux de financement comp\u00e9titifs et flexibles<\/strong><br \/>\u2705 <strong>Accompagnement strat\u00e9gique et conseils sur mesure<\/strong><br \/>\u2705 <strong>Solutions adapt\u00e9es aux entreprises et entrepreneurs<\/strong><\/p>\t\t\t\t\t\t\t\t<\/div>\n\t\t\t\t<\/div>\n\t\t\t\t\t<\/div>\n\t\t\t\t<\/div>\n\t\t<div class=\"elementor-element elementor-element-bed8224 e-flex e-con-boxed elementor-invisible e-con e-parent\" data-id=\"bed8224\" data-element_type=\"container\" data-settings=\"{&quot;background_background&quot;:&quot;classic&quot;,&quot;animation&quot;:&quot;fadeInUp&quot;}\">\n\t\t\t\t\t<div class=\"e-con-inner\">\n\t\t\t\t<div class=\"elementor-element elementor-element-90e238b elementor-widget elementor-widget-menu-anchor\" data-id=\"90e238b\" data-element_type=\"widget\" data-widget_type=\"menu-anchor.default\">\n\t\t\t\t<div class=\"elementor-widget-container\">\n\t\t\t\t\t\t\t<div class=\"elementor-menu-anchor\" id=\"simulateur\"><\/div>\n\t\t\t\t\t\t<\/div>\n\t\t\t\t<\/div>\n\t\t\t\t<div class=\"elementor-element elementor-element-b0c3bb4 elementor-widget elementor-widget-html\" data-id=\"b0c3bb4\" data-element_type=\"widget\" data-widget_type=\"html.default\">\n\t\t\t\t<div class=\"elementor-widget-container\">\n\t\t\t\t\t<!DOCTYPE html>\n<html lang=\"fr\">\n<head>\n    <meta charset=\"UTF-8\">\n    <meta name=\"viewport\" content=\"width=device-width, initial-scale=1.0\">\n    <title>Demande de Financement Intelligent<\/title>\n    <style>\n        body {\n            font-family: Arial, sans-serif;\n            background-color: #f4f4f4;\n            color: #333;\n            margin: 0;\n            padding: 0px;\n        }\n        .container {\n            max-width: 900px;\n            margin: auto;\n            background: white;\n            padding: 20px;\n            border-radius: 10px;\n            box-shadow: 0px 0px 0px rgba(0, 0, 0, 0.1);\n        }\n         {\n            text-align: left;\n        }\n        label {\n            font-weight: bold;\n        }\n        input, select, button {\n            width: 100%;\n            padding: 10px;\n            margin: 10px 0;\n            border-radius: 5px;\n            border: 1px solid #ccc;\n        }\n        button {\n            background-color: #6CFF84;\n            color: black;\n            font-weight: bold;\n            cursor: pointer;\n        }\n        button:hover {\n            background-color: #5ACC70;\n        }\n        .result {\n            display: none;\n            background: #000;\n            color: white;\n            padding: 15px;\n            border-radius: 5px;\n            margin-top: 20px;\n            text-align: center;\n        }\n        .apply-button, .contact-button {\n            display: none;\n            margin-top: 15px;\n            padding: 10px;\n            border: none;\n            border-radius: 5px;\n            cursor: pointer;\n            font-weight: bold;\n            width: 100%;\n            text-decoration: none;\n            text-align: center;\n        }\n        .apply-button {\n            background-color: #ffcc00;\n            color: black;\n        }\n        .apply-button:hover {\n            background-color: #e6b800;\n        }\n        .contact-button {\n            background-color: #ff5733;\n            color: white;\n        }\n        .contact-button:hover {\n            background-color: #cc4626;\n        }\n    <\/style>\n<\/head>\n<body>\n    <div class=\"container\">\n        <h2>V\u00e9rifier mon \u00e9ligibilit\u00e9<\/h2>\n        <form id=\"financementForm\">\n            <label for=\"montant\">Montant demand\u00e9 (\u20ac) :<\/label>\n            <input type=\"number\" id=\"montant\" placeholder=\"Entrez le montant\" required>\n            \n            <label for=\"revenu\">Revenu mensuel (\u20ac) :<\/label>\n            <input type=\"number\" id=\"revenu\" placeholder=\"Entrez votre revenu mensuel\" required>\n            \n            <label for=\"statut\">Statut professionnel :<\/label>\n            <select id=\"statut\">\n                <option value=\"salarie\">Salari\u00e9<\/option>\n                <option value=\"independant\">Ind\u00e9pendant<\/option>\n                <option value=\"entreprise\">Entreprise<\/option>\n                <option value=\"autre\">Autre<\/option>\n            <\/select>\n            \n            <label for=\"historique\">Historique de cr\u00e9dit :<\/label>\n            <select id=\"historique\">\n                <option value=\"excellent\">Excellent<\/option>\n                <option value=\"bon\">Bon<\/option>\n                <option value=\"moyen\">Moyen<\/option>\n                <option value=\"faible\">Faible<\/option>\n            <\/select>\n            \n            <button type=\"button\" onclick=\"analyserEligibilite()\">V\u00e9rifier mon \u00e9ligibilit\u00e9<\/button>\n        <\/form>\n        \n        <div class=\"result\" id=\"resultat\">\n            <h3>R\u00e9sultat de l'Analyse<\/h3>\n            <p id=\"message\"><\/p>\n            <a id=\"applyButton\" class=\"apply-button\" href=\"https:\/\/flexifinanz.com\/index.php\/demander-un-financement\/\">Demander un financement<\/a>\n            <a id=\"contactButton\" class=\"contact-button\" href=\"https:\/\/flexifinanz.com\/index.php\/contactez-nous\/\">Contactez-nous<\/a>\n        <\/div>\n    <\/div>\n\n    <script>\n        function analyserEligibilite() {\n            let montant = parseFloat(document.getElementById(\"montant\").value);\n            let revenu = parseFloat(document.getElementById(\"revenu\").value);\n            let statut = document.getElementById(\"statut\").value;\n            let historique = document.getElementById(\"historique\").value;\n            let message = \"\";\n            let applyButton = document.getElementById(\"applyButton\");\n            let contactButton = document.getElementById(\"contactButton\");\n\n            if (isNaN(montant) || isNaN(revenu) || montant <= 0 || revenu <= 0) {\n                alert(\"Veuillez entrer des valeurs valides.\");\n                return;\n            }\n\n            let tauxEndettement = (montant \/ (revenu * 12)) * 100;\n            \n            if (tauxEndettement < 50 || (historique !== \"faible\" && tauxEndettement < 60)) {\n                message = \"\u2705 F\u00e9licitations ! Vous \u00eates \u00e9ligible \u00e0 un financement flexible avec des conditions avantageuses.\";\n                applyButton.style.display = \"block\";\n                contactButton.style.display = \"none\";\n            } else if (tauxEndettement < 70 || historique === \"moyen\") {\n                message = \"\u26a0\ufe0f Vous \u00eates \u00e9ligible avec des conditions ajust\u00e9es. Une analyse compl\u00e9mentaire pourrait \u00eatre n\u00e9cessaire.\";\n                applyButton.style.display = \"block\";\n                contactButton.style.display = \"none\";\n            } else {\n                message = \"\u274c Votre demande de financement n\u00e9cessite des garanties suppl\u00e9mentaires, mais nous pouvons vous proposer une alternative adapt\u00e9e.\";\n                applyButton.style.display = \"none\";\n                contactButton.style.display = \"block\";\n            }\n            \n            document.getElementById(\"message\").innerText = message;\n            document.getElementById(\"resultat\").style.display = \"block\";\n        }\n    <\/script>\n<\/body>\n<\/html>\n\t\t\t\t<\/div>\n\t\t\t\t<\/div>\n\t\t\t\t\t<\/div>\n\t\t\t\t<\/div>\n\t\t<div class=\"elementor-element elementor-element-28b656e9 e-flex e-con-boxed elementor-invisible e-con e-parent\" data-id=\"28b656e9\" data-element_type=\"container\" data-settings=\"{&quot;background_background&quot;:&quot;classic&quot;,&quot;animation&quot;:&quot;fadeInUp&quot;}\">\n\t\t\t\t\t<div class=\"e-con-inner\">\n\t\t\t\t<div class=\"elementor-element elementor-element-1728b3da elementor-widget elementor-widget-heading\" data-id=\"1728b3da\" data-element_type=\"widget\" data-widget_type=\"heading.default\">\n\t\t\t\t<div class=\"elementor-widget-container\">\n\t\t\t\t\t<h2 class=\"elementor-heading-title elementor-size-default\">Obtenez votre financement aujourd\u2019hui !<\/h2>\t\t\t\t<\/div>\n\t\t\t\t<\/div>\n\t\t\t\t<div class=\"elementor-element elementor-element-6c90e749 elementor-widget elementor-widget-text-editor\" data-id=\"6c90e749\" data-element_type=\"widget\" data-widget_type=\"text-editor.default\">\n\t\t\t\t<div class=\"elementor-widget-container\">\n\t\t\t\t\t\t\t\t\t<p data-pm-slice=\"1 1 []\">S\u00e9curisez votre financement et d\u00e9veloppez vos projets avec nos solutions adapt\u00e9es \u00e0 chaque horizon de temps.<\/p>\t\t\t\t\t\t\t\t<\/div>\n\t\t\t\t<\/div>\n\t\t\t\t<div class=\"elementor-element elementor-element-6d50452a elementor-align-center elementor-widget elementor-widget-button\" data-id=\"6d50452a\" data-element_type=\"widget\" data-widget_type=\"button.default\">\n\t\t\t\t<div class=\"elementor-widget-container\">\n\t\t\t\t\t\t\t\t\t<div class=\"elementor-button-wrapper\">\n\t\t\t\t\t<a class=\"elementor-button elementor-button-link elementor-size-sm\" href=\"https:\/\/flexifinanz.com\/index.php\/nos-domaines-dapplications\/\">\n\t\t\t\t\t\t<span class=\"elementor-button-content-wrapper\">\n\t\t\t\t\t\t<span class=\"elementor-button-icon\">\n\t\t\t\t<svg aria-hidden=\"true\" class=\"e-font-icon-svg e-fas-arrow-right\" viewBox=\"0 0 448 512\" xmlns=\"http:\/\/www.w3.org\/2000\/svg\"><path d=\"M190.5 66.9l22.2-22.2c9.4-9.4 24.6-9.4 33.9 0L441 239c9.4 9.4 9.4 24.6 0 33.9L246.6 467.3c-9.4 9.4-24.6 9.4-33.9 0l-22.2-22.2c-9.5-9.5-9.3-25 .4-34.3L311.4 296H24c-13.3 0-24-10.7-24-24v-32c0-13.3 10.7-24 24-24h287.4L190.9 101.2c-9.8-9.3-10-24.8-.4-34.3z\"><\/path><\/svg>\t\t\t<\/span>\n\t\t\t\t\t\t\t\t\t<span class=\"elementor-button-text\">Voir nos domaines <\/span>\n\t\t\t\t\t<\/span>\n\t\t\t\t\t<\/a>\n\t\t\t\t<\/div>\n\t\t\t\t\t\t\t\t<\/div>\n\t\t\t\t<\/div>\n\t\t\t\t\t<\/div>\n\t\t\t\t<\/div>\n\t\t\t\t<\/div>\n\t\t","protected":false},"excerpt":{"rendered":"<p>Pourquoi choisir un financement en fonction de la dur\u00e9e ? Le choix de la dur\u00e9e d\u2019un financement est une d\u00e9cision strat\u00e9gique essentielle. [&hellip;]<\/p>\n","protected":false},"author":1,"featured_media":339,"parent":0,"menu_order":0,"comment_status":"closed","ping_status":"closed","template":"","meta":{"om_disable_all_campaigns":false,"_monsterinsights_skip_tracking":false,"_monsterinsights_sitenote_active":false,"_monsterinsights_sitenote_note":"","_monsterinsights_sitenote_category":0,"footnotes":""},"class_list":["post-192","page","type-page","status-publish","has-post-thumbnail","hentry"],"aioseo_notices":[],"_links":{"self":[{"href":"https:\/\/flexifinanz.com\/fr\/wp-json\/wp\/v2\/pages\/192","targetHints":{"allow":["GET"]}}],"collection":[{"href":"https:\/\/flexifinanz.com\/fr\/wp-json\/wp\/v2\/pages"}],"about":[{"href":"https:\/\/flexifinanz.com\/fr\/wp-json\/wp\/v2\/types\/page"}],"author":[{"embeddable":true,"href":"https:\/\/flexifinanz.com\/fr\/wp-json\/wp\/v2\/users\/1"}],"replies":[{"embeddable":true,"href":"https:\/\/flexifinanz.com\/fr\/wp-json\/wp\/v2\/comments?post=192"}],"version-history":[{"count":0,"href":"https:\/\/flexifinanz.com\/fr\/wp-json\/wp\/v2\/pages\/192\/revisions"}],"wp:featuredmedia":[{"embeddable":true,"href":"https:\/\/flexifinanz.com\/fr\/wp-json\/wp\/v2\/media\/339"}],"wp:attachment":[{"href":"https:\/\/flexifinanz.com\/fr\/wp-json\/wp\/v2\/media?parent=192"}],"curies":[{"name":"wp","href":"https:\/\/api.w.org\/{rel}","templated":true}]}}