{"id":186,"date":"2025-02-20T15:39:24","date_gmt":"2025-02-20T14:39:24","guid":{"rendered":"https:\/\/flexifinanz.com\/?page_id=186"},"modified":"2025-02-25T18:44:44","modified_gmt":"2025-02-25T17:44:44","slug":"financer-le-luxe-et-la-mode","status":"publish","type":"page","link":"https:\/\/flexifinanz.com\/fr\/financements-par-profil\/financer-le-luxe-et-la-mode\/","title":{"rendered":"Financer le Luxe et la Mode : Un March\u00e9 Intemporel"},"content":{"rendered":"\t\t<div data-elementor-type=\"wp-page\" data-elementor-id=\"186\" class=\"elementor elementor-186\" data-elementor-settings=\"{&quot;element_pack_global_tooltip_width&quot;:{&quot;unit&quot;:&quot;px&quot;,&quot;size&quot;:&quot;&quot;,&quot;sizes&quot;:[]},&quot;element_pack_global_tooltip_width_tablet&quot;:{&quot;unit&quot;:&quot;px&quot;,&quot;size&quot;:&quot;&quot;,&quot;sizes&quot;:[]},&quot;element_pack_global_tooltip_width_mobile&quot;:{&quot;unit&quot;:&quot;px&quot;,&quot;size&quot;:&quot;&quot;,&quot;sizes&quot;:[]},&quot;element_pack_global_tooltip_padding&quot;:{&quot;unit&quot;:&quot;px&quot;,&quot;top&quot;:&quot;&quot;,&quot;right&quot;:&quot;&quot;,&quot;bottom&quot;:&quot;&quot;,&quot;left&quot;:&quot;&quot;,&quot;isLinked&quot;:true},&quot;element_pack_global_tooltip_padding_tablet&quot;:{&quot;unit&quot;:&quot;px&quot;,&quot;top&quot;:&quot;&quot;,&quot;right&quot;:&quot;&quot;,&quot;bottom&quot;:&quot;&quot;,&quot;left&quot;:&quot;&quot;,&quot;isLinked&quot;:true},&quot;element_pack_global_tooltip_padding_mobile&quot;:{&quot;unit&quot;:&quot;px&quot;,&quot;top&quot;:&quot;&quot;,&quot;right&quot;:&quot;&quot;,&quot;bottom&quot;:&quot;&quot;,&quot;left&quot;:&quot;&quot;,&quot;isLinked&quot;:true},&quot;element_pack_global_tooltip_border_radius&quot;:{&quot;unit&quot;:&quot;px&quot;,&quot;top&quot;:&quot;&quot;,&quot;right&quot;:&quot;&quot;,&quot;bottom&quot;:&quot;&quot;,&quot;left&quot;:&quot;&quot;,&quot;isLinked&quot;:true},&quot;element_pack_global_tooltip_border_radius_tablet&quot;:{&quot;unit&quot;:&quot;px&quot;,&quot;top&quot;:&quot;&quot;,&quot;right&quot;:&quot;&quot;,&quot;bottom&quot;:&quot;&quot;,&quot;left&quot;:&quot;&quot;,&quot;isLinked&quot;:true},&quot;element_pack_global_tooltip_border_radius_mobile&quot;:{&quot;unit&quot;:&quot;px&quot;,&quot;top&quot;:&quot;&quot;,&quot;right&quot;:&quot;&quot;,&quot;bottom&quot;:&quot;&quot;,&quot;left&quot;:&quot;&quot;,&quot;isLinked&quot;:true}}\" data-elementor-post-type=\"page\">\n\t\t\t\t<div class=\"elementor-element elementor-element-3d613cfa e-flex e-con-boxed e-con e-parent\" data-id=\"3d613cfa\" data-element_type=\"container\" data-settings=\"{&quot;background_background&quot;:&quot;classic&quot;}\">\n\t\t\t\t\t<div class=\"e-con-inner\">\n\t\t\t\t<div class=\"elementor-element elementor-element-57c334f7 elementor-widget elementor-widget-text-editor\" data-id=\"57c334f7\" data-element_type=\"widget\" data-widget_type=\"text-editor.default\">\n\t\t\t\t<div class=\"elementor-widget-container\">\n\t\t\t\t\t\t\t\t\t<h2 data-pm-slice=\"1 3 []\">Pourquoi financer le luxe et la mode ?<\/h2><p>Le secteur du luxe et de la mode est l\u2019un des plus <strong>r\u00e9silients et attractifs<\/strong>, offrant des opportunit\u00e9s uniques pour les marques et les cr\u00e9ateurs. Avec une client\u00e8le fid\u00e8le et en constante expansion, les entreprises de prestige continuent de g\u00e9n\u00e9rer des profits solides m\u00eame en p\u00e9riode d\u2019incertitude \u00e9conomique.<\/p><p>L\u2019essor du e-commerce, la mont\u00e9e en puissance des marques de mode durable et l\u2019engouement pour les produits personnalis\u00e9s n\u00e9cessitent des <strong>financements adapt\u00e9s<\/strong> pour assurer leur d\u00e9veloppement et renforcer leur position sur le march\u00e9.<\/p><h2>Nos solutions de financement dans le luxe et la mode<\/h2><h3>1. Financement des Marques de Mode Innovantes<\/h3><p>Les consommateurs recherchent des marques qui allient <strong>exclusivit\u00e9, qualit\u00e9 et innovation<\/strong>.<\/p><p><strong>Nos offres de financement :<\/strong><\/p><ul data-spread=\"false\"><li><p>Soutien aux marques de mode \u00e9co-responsable<\/p><\/li><li><p>Financement de nouvelles tendances textiles et technologiques<\/p><\/li><li><p>Accompagnement des cr\u00e9ateurs ind\u00e9pendants pour leur expansion<\/p><\/li><\/ul><h3>2. Financement de la Joaillerie et de l\u2019Horlogerie<\/h3><p>Le march\u00e9 des bijoux et des montres de luxe reste une <strong>valeur refuge<\/strong>, attirant les collectionneurs et investisseurs du monde entier.<\/p><p><strong>Nos offres de financement :<\/strong><\/p><ul data-spread=\"false\"><li><p>Acquisition et d\u00e9veloppement de maisons de joaillerie et horlogerie<\/p><\/li><li><p>Financement de nouvelles collections exclusives<\/p><\/li><li><p>Accompagnement des plateformes de vente et distribution de montres de collection<\/p><\/li><\/ul><h3>3. Financement de l\u2019Automobile de Luxe et Collections<\/h3><p>L\u2019automobile de prestige est un march\u00e9 en pleine expansion, n\u00e9cessitant des capitaux importants pour r\u00e9pondre \u00e0 une demande toujours plus forte.<\/p><p><strong>Nos offres de financement :<\/strong><\/p><ul data-spread=\"false\"><li><p>Achat et revente de voitures de collection<\/p><\/li><li><p>Financement des constructeurs de v\u00e9hicules de luxe<\/p><\/li><li><p>D\u00e9veloppement de services exclusifs li\u00e9s \u00e0 l\u2019automobile haut de gamme<\/p><\/li><\/ul><h3>4. Financement des Exp\u00e9riences Exclusives et de la Personnalisation<\/h3><p>Les consommateurs fortun\u00e9s recherchent des <strong>exp\u00e9riences uniques et ultra-personnalis\u00e9es<\/strong>, cr\u00e9ant ainsi un besoin en financement pour des services sur mesure.<\/p><p><strong>Nos offres de financement :<\/strong><\/p><ul data-spread=\"false\"><li><p>D\u00e9veloppement de services de conciergerie de luxe<\/p><\/li><li><p>Financement des exp\u00e9riences de voyage sur mesure<\/p><\/li><li><p>Accompagnement des clubs priv\u00e9s et \u00e9v\u00e9nements VIP<\/p><\/li><\/ul>\t\t\t\t\t\t\t\t<\/div>\n\t\t\t\t<\/div>\n\t\t\t\t\t<\/div>\n\t\t\t\t<\/div>\n\t\t<div class=\"elementor-element elementor-element-5e038546 e-flex e-con-boxed elementor-invisible e-con e-parent\" data-id=\"5e038546\" data-element_type=\"container\" data-settings=\"{&quot;background_background&quot;:&quot;classic&quot;,&quot;animation&quot;:&quot;fadeInUp&quot;}\">\n\t\t\t\t\t<div class=\"e-con-inner\">\n\t\t\t\t<div class=\"elementor-element elementor-element-e284491 elementor-widget elementor-widget-text-editor\" data-id=\"e284491\" data-element_type=\"widget\" data-widget_type=\"text-editor.default\">\n\t\t\t\t<div class=\"elementor-widget-container\">\n\t\t\t\t\t\t\t\t\t<h2 data-pm-slice=\"1 3 []\">S\u00e9curisation et flexibilit\u00e9 de notre financement<\/h2><p>Le luxe est un secteur \u00e0 <strong>fort potentiel de rentabilit\u00e9<\/strong>, mais il n\u00e9cessite des financements strat\u00e9giques pour assurer la stabilit\u00e9 des investissements et leur croissance.<\/p><h3><strong>Types de financement disponibles :<\/strong><\/h3><p>\u2705 <strong>Pr\u00eats pour le d\u00e9veloppement de marques et collections<\/strong> \u2705 <strong>Financement des infrastructures et plateformes de distribution<\/strong> \u2705 <strong>Accompagnement strat\u00e9gique et mise en r\u00e9seau avec des partenaires du luxe<\/strong><\/p><h3><strong>Rentabilit\u00e9 moyenne des projets financ\u00e9s :<\/strong><\/h3><ul data-spread=\"false\"><li><p><strong>Mode et accessoires de luxe :<\/strong> 8-15 % par an<\/p><\/li><li><p><strong>Joaillerie et montres :<\/strong> 10-20 % par an<\/p><\/li><li><p><strong>Exp\u00e9riences exclusives :<\/strong> 12-25 % par an<\/p><\/li><\/ul>\t\t\t\t\t\t\t\t<\/div>\n\t\t\t\t<\/div>\n\t\t\t\t\t<\/div>\n\t\t\t\t<\/div>\n\t\t<div class=\"elementor-element elementor-element-1cacf9be e-flex e-con-boxed elementor-invisible e-con e-parent\" data-id=\"1cacf9be\" data-element_type=\"container\" data-settings=\"{&quot;background_background&quot;:&quot;classic&quot;,&quot;animation&quot;:&quot;fadeInUp&quot;}\">\n\t\t\t\t\t<div class=\"e-con-inner\">\n\t\t\t\t<div class=\"elementor-element elementor-element-3cb58d67 elementor-widget elementor-widget-text-editor\" data-id=\"3cb58d67\" data-element_type=\"widget\" data-widget_type=\"text-editor.default\">\n\t\t\t\t<div class=\"elementor-widget-container\">\n\t\t\t\t\t\t\t\t\t<h2 data-pm-slice=\"1 3 []\"><span style=\"color: #ffffff;\">Qui peut b\u00e9n\u00e9ficier de notre financement ?<\/span><\/h2><h3><span style=\"color: #ffffff;\"><strong>Entreprises et cr\u00e9ateurs<\/strong><\/span><\/h3><ul data-spread=\"false\"><li><p><span style=\"color: #ffffff;\">Financement pour le lancement et l\u2019expansion de marques de luxe<\/span><\/p><\/li><li><p><span style=\"color: #ffffff;\">Soutien aux entreprises d\u00e9veloppant des produits haut de gamme<\/span><\/p><\/li><li><p><span style=\"color: #ffffff;\">Accompagnement des maisons de luxe souhaitant innover et se digitaliser<\/span><\/p><\/li><\/ul><h3><span style=\"color: #ffffff;\"><strong>Commer\u00e7ants et investisseurs priv\u00e9s<\/strong><\/span><\/h3><ul data-spread=\"false\"><li><p><span style=\"color: #ffffff;\">Financement pour l\u2019acquisition et le d\u00e9veloppement de franchises de luxe<\/span><\/p><\/li><li><p><span style=\"color: #ffffff;\">Soutien aux solutions de distribution et plateformes e-commerce sp\u00e9cialis\u00e9es<\/span><\/p><\/li><li><p><span style=\"color: #ffffff;\">Accompagnement dans l\u2019investissement en actifs de luxe (montres, automobiles, bijoux)<\/span><\/p><\/li><\/ul>\t\t\t\t\t\t\t\t<\/div>\n\t\t\t\t<\/div>\n\t\t\t\t\t<\/div>\n\t\t\t\t<\/div>\n\t\t<div class=\"elementor-element elementor-element-22ffa73f e-flex e-con-boxed elementor-invisible e-con e-parent\" data-id=\"22ffa73f\" data-element_type=\"container\" data-settings=\"{&quot;background_background&quot;:&quot;classic&quot;,&quot;animation&quot;:&quot;fadeInUp&quot;}\">\n\t\t\t\t\t<div class=\"e-con-inner\">\n\t\t\t\t<div class=\"elementor-element elementor-element-12217602 elementor-widget elementor-widget-text-editor\" data-id=\"12217602\" data-element_type=\"widget\" data-widget_type=\"text-editor.default\">\n\t\t\t\t<div class=\"elementor-widget-container\">\n\t\t\t\t\t\t\t\t\t<h2 data-pm-slice=\"1 1 []\">Pourquoi financer votre projet avec nous ?<\/h2><p>Nous identifions et finan\u00e7ons les <strong>meilleures opportunit\u00e9s<\/strong> dans le secteur du luxe et de la mode, en offrant un <strong>accompagnement strat\u00e9gique et financier sur mesure<\/strong>.<\/p><h3><strong>Nos avantages :<\/strong><\/h3><p>\u2705 <strong>Acc\u00e8s \u00e0 des financements avantageux et flexibles<\/strong> \u2705 <strong>Taux comp\u00e9titifs adapt\u00e9s aux marques et maisons de luxe<\/strong> \u2705 <strong>Accompagnement personnalis\u00e9 pour maximiser l\u2019impact<\/strong> \u2705 <strong>S\u00e9lection rigoureuse des projets financ\u00e9s<\/strong><\/p>\t\t\t\t\t\t\t\t<\/div>\n\t\t\t\t<\/div>\n\t\t\t\t\t<\/div>\n\t\t\t\t<\/div>\n\t\t<div class=\"elementor-element elementor-element-6da7fdbd e-flex e-con-boxed elementor-invisible e-con e-parent\" data-id=\"6da7fdbd\" data-element_type=\"container\" data-settings=\"{&quot;background_background&quot;:&quot;classic&quot;,&quot;animation&quot;:&quot;fadeInUp&quot;}\">\n\t\t\t\t\t<div class=\"e-con-inner\">\n\t\t\t\t<div class=\"elementor-element elementor-element-2aff5ede elementor-widget elementor-widget-heading\" data-id=\"2aff5ede\" data-element_type=\"widget\" data-widget_type=\"heading.default\">\n\t\t\t\t<div class=\"elementor-widget-container\">\n\t\t\t\t\t<h2 class=\"elementor-heading-title elementor-size-default\">Obtenez votre financement aujourd\u2019hui !<\/h2>\t\t\t\t<\/div>\n\t\t\t\t<\/div>\n\t\t\t\t<div class=\"elementor-element elementor-element-54f663d elementor-widget elementor-widget-text-editor\" data-id=\"54f663d\" data-element_type=\"widget\" data-widget_type=\"text-editor.default\">\n\t\t\t\t<div class=\"elementor-widget-container\">\n\t\t\t\t\t\t\t\t\t<p data-pm-slice=\"1 1 []\">Faites financer votre projet dans le luxe et la mode avec des conditions optimales et un accompagnement sur mesure.<\/p>\t\t\t\t\t\t\t\t<\/div>\n\t\t\t\t<\/div>\n\t\t\t\t<div class=\"elementor-element elementor-element-4152b2de elementor-align-center elementor-widget elementor-widget-button\" data-id=\"4152b2de\" data-element_type=\"widget\" data-widget_type=\"button.default\">\n\t\t\t\t<div class=\"elementor-widget-container\">\n\t\t\t\t\t\t\t\t\t<div class=\"elementor-button-wrapper\">\n\t\t\t\t\t<a class=\"elementor-button elementor-button-link elementor-size-sm\" href=\"https:\/\/flexifinanz.com\/index.php\/demander-un-financement\/\">\n\t\t\t\t\t\t<span class=\"elementor-button-content-wrapper\">\n\t\t\t\t\t\t<span class=\"elementor-button-icon\">\n\t\t\t\t<svg aria-hidden=\"true\" class=\"e-font-icon-svg e-fas-arrow-right\" viewBox=\"0 0 448 512\" xmlns=\"http:\/\/www.w3.org\/2000\/svg\"><path d=\"M190.5 66.9l22.2-22.2c9.4-9.4 24.6-9.4 33.9 0L441 239c9.4 9.4 9.4 24.6 0 33.9L246.6 467.3c-9.4 9.4-24.6 9.4-33.9 0l-22.2-22.2c-9.5-9.5-9.3-25 .4-34.3L311.4 296H24c-13.3 0-24-10.7-24-24v-32c0-13.3 10.7-24 24-24h287.4L190.9 101.2c-9.8-9.3-10-24.8-.4-34.3z\"><\/path><\/svg>\t\t\t<\/span>\n\t\t\t\t\t\t\t\t\t<span class=\"elementor-button-text\">Demander un financement<\/span>\n\t\t\t\t\t<\/span>\n\t\t\t\t\t<\/a>\n\t\t\t\t<\/div>\n\t\t\t\t\t\t\t\t<\/div>\n\t\t\t\t<\/div>\n\t\t\t\t\t<\/div>\n\t\t\t\t<\/div>\n\t\t\t\t<\/div>\n\t\t","protected":false},"excerpt":{"rendered":"<p>Pourquoi financer le luxe et la mode ? Le secteur du luxe et de la mode est l\u2019un des plus r\u00e9silients et [&hellip;]<\/p>\n","protected":false},"author":1,"featured_media":336,"parent":207,"menu_order":0,"comment_status":"closed","ping_status":"closed","template":"","meta":{"om_disable_all_campaigns":false,"_monsterinsights_skip_tracking":false,"_monsterinsights_sitenote_active":false,"_monsterinsights_sitenote_note":"","_monsterinsights_sitenote_category":0,"footnotes":""},"class_list":["post-186","page","type-page","status-publish","has-post-thumbnail","hentry"],"aioseo_notices":[],"_links":{"self":[{"href":"https:\/\/flexifinanz.com\/fr\/wp-json\/wp\/v2\/pages\/186","targetHints":{"allow":["GET"]}}],"collection":[{"href":"https:\/\/flexifinanz.com\/fr\/wp-json\/wp\/v2\/pages"}],"about":[{"href":"https:\/\/flexifinanz.com\/fr\/wp-json\/wp\/v2\/types\/page"}],"author":[{"embeddable":true,"href":"https:\/\/flexifinanz.com\/fr\/wp-json\/wp\/v2\/users\/1"}],"replies":[{"embeddable":true,"href":"https:\/\/flexifinanz.com\/fr\/wp-json\/wp\/v2\/comments?post=186"}],"version-history":[{"count":0,"href":"https:\/\/flexifinanz.com\/fr\/wp-json\/wp\/v2\/pages\/186\/revisions"}],"up":[{"embeddable":true,"href":"https:\/\/flexifinanz.com\/fr\/wp-json\/wp\/v2\/pages\/207"}],"wp:featuredmedia":[{"embeddable":true,"href":"https:\/\/flexifinanz.com\/fr\/wp-json\/wp\/v2\/media\/336"}],"wp:attachment":[{"href":"https:\/\/flexifinanz.com\/fr\/wp-json\/wp\/v2\/media?parent=186"}],"curies":[{"name":"wp","href":"https:\/\/api.w.org\/{rel}","templated":true}]}}