{"id":129,"date":"2025-02-20T13:58:47","date_gmt":"2025-02-20T12:58:47","guid":{"rendered":"https:\/\/flexifinanz.com\/?page_id=129"},"modified":"2025-02-25T19:24:36","modified_gmt":"2025-02-25T18:24:36","slug":"financer-les-energies-renouvelables-et-lenvironnement","status":"publish","type":"page","link":"https:\/\/flexifinanz.com\/fr\/financement-par-duree\/financer-les-energies-renouvelables-et-lenvironnement\/","title":{"rendered":"Financer les \u00c9nergies Renouvelables et l\u2019Environnement"},"content":{"rendered":"\t\t<div data-elementor-type=\"wp-page\" data-elementor-id=\"129\" class=\"elementor elementor-129\" data-elementor-settings=\"{&quot;element_pack_global_tooltip_width&quot;:{&quot;unit&quot;:&quot;px&quot;,&quot;size&quot;:&quot;&quot;,&quot;sizes&quot;:[]},&quot;element_pack_global_tooltip_width_tablet&quot;:{&quot;unit&quot;:&quot;px&quot;,&quot;size&quot;:&quot;&quot;,&quot;sizes&quot;:[]},&quot;element_pack_global_tooltip_width_mobile&quot;:{&quot;unit&quot;:&quot;px&quot;,&quot;size&quot;:&quot;&quot;,&quot;sizes&quot;:[]},&quot;element_pack_global_tooltip_padding&quot;:{&quot;unit&quot;:&quot;px&quot;,&quot;top&quot;:&quot;&quot;,&quot;right&quot;:&quot;&quot;,&quot;bottom&quot;:&quot;&quot;,&quot;left&quot;:&quot;&quot;,&quot;isLinked&quot;:true},&quot;element_pack_global_tooltip_padding_tablet&quot;:{&quot;unit&quot;:&quot;px&quot;,&quot;top&quot;:&quot;&quot;,&quot;right&quot;:&quot;&quot;,&quot;bottom&quot;:&quot;&quot;,&quot;left&quot;:&quot;&quot;,&quot;isLinked&quot;:true},&quot;element_pack_global_tooltip_padding_mobile&quot;:{&quot;unit&quot;:&quot;px&quot;,&quot;top&quot;:&quot;&quot;,&quot;right&quot;:&quot;&quot;,&quot;bottom&quot;:&quot;&quot;,&quot;left&quot;:&quot;&quot;,&quot;isLinked&quot;:true},&quot;element_pack_global_tooltip_border_radius&quot;:{&quot;unit&quot;:&quot;px&quot;,&quot;top&quot;:&quot;&quot;,&quot;right&quot;:&quot;&quot;,&quot;bottom&quot;:&quot;&quot;,&quot;left&quot;:&quot;&quot;,&quot;isLinked&quot;:true},&quot;element_pack_global_tooltip_border_radius_tablet&quot;:{&quot;unit&quot;:&quot;px&quot;,&quot;top&quot;:&quot;&quot;,&quot;right&quot;:&quot;&quot;,&quot;bottom&quot;:&quot;&quot;,&quot;left&quot;:&quot;&quot;,&quot;isLinked&quot;:true},&quot;element_pack_global_tooltip_border_radius_mobile&quot;:{&quot;unit&quot;:&quot;px&quot;,&quot;top&quot;:&quot;&quot;,&quot;right&quot;:&quot;&quot;,&quot;bottom&quot;:&quot;&quot;,&quot;left&quot;:&quot;&quot;,&quot;isLinked&quot;:true}}\" data-elementor-post-type=\"page\">\n\t\t\t\t<div class=\"elementor-element elementor-element-a1aac80 e-flex e-con-boxed e-con e-parent\" data-id=\"a1aac80\" data-element_type=\"container\" data-settings=\"{&quot;background_background&quot;:&quot;classic&quot;}\">\n\t\t\t\t\t<div class=\"e-con-inner\">\n\t\t\t\t<div class=\"elementor-element elementor-element-662c5be elementor-widget elementor-widget-text-editor\" data-id=\"662c5be\" data-element_type=\"widget\" data-widget_type=\"text-editor.default\">\n\t\t\t\t<div class=\"elementor-widget-container\">\n\t\t\t\t\t\t\t\t\t<h2 data-pm-slice=\"1 3 []\">Pourquoi financer des projets dans les \u00e9nergies renouvelables ?<\/h2><p>Avec la transition \u00e9cologique en pleine acc\u00e9l\u00e9ration, le secteur des \u00e9nergies renouvelables repr\u00e9sente une <strong>opportunit\u00e9 strat\u00e9gique<\/strong> pour le d\u00e9veloppement durable. L\u2019urgence climatique, les r\u00e9glementations favorables et l\u2019innovation technologique font de ce domaine un levier de croissance majeur.<\/p><p>Nous finan\u00e7ons des projets visant \u00e0 acc\u00e9l\u00e9rer l\u2019adoption des \u00e9nergies propres, \u00e0 optimiser la gestion des ressources naturelles et \u00e0 d\u00e9velopper des solutions innovantes pour un <strong>avenir plus durable<\/strong>.<\/p><h2>Nos solutions de financement dans l\u2019\u00e9nergie et l\u2019environnement<\/h2><h3>\u2600\ufe0f <strong>Financement des \u00c9nergies Renouvelables (solaire, \u00e9olien, hydrog\u00e8ne)<\/strong><\/h3><p>L\u2019essor des \u00e9nergies propres est essentiel pour remplacer progressivement les \u00e9nergies fossiles.<\/p><p><strong>Nos offres de financement :<\/strong><\/p><ul data-spread=\"false\"><li><p>D\u00e9veloppement et expansion de parcs solaires et \u00e9oliens<\/p><\/li><li><p>Soutien aux infrastructures hydrog\u00e8ne pour le transport et l\u2019industrie<\/p><\/li><li><p>Accompagnement des entreprises dans la transition \u00e9nerg\u00e9tique<\/p><\/li><\/ul><h3>\ud83d\ude97 <strong>Financement de la Mobilit\u00e9 Durable<\/strong><\/h3><p>L\u2019augmentation des v\u00e9hicules \u00e9lectriques et des solutions de transport vert cr\u00e9e de nouvelles opportunit\u00e9s.<\/p><p><strong>Nos offres de financement :<\/strong><\/p><ul data-spread=\"false\"><li><p>Installation de bornes de recharge \u00e9lectrique<\/p><\/li><li><p>Production et stockage de batteries pour v\u00e9hicules propres<\/p><\/li><li><p>D\u00e9veloppement de transports en commun \u00e9cologiques<\/p><\/li><\/ul><h3>\ud83d\udd04 <strong>Financement de la Gestion des D\u00e9chets et du Recyclage<\/strong><\/h3><p>L\u2019optimisation des d\u00e9chets et leur valorisation sont des enjeux environnementaux cl\u00e9s.<\/p><p><strong>Nos offres de financement :<\/strong><\/p><ul data-spread=\"false\"><li><p>Soutien aux entreprises de recyclage et de gestion des d\u00e9chets<\/p><\/li><li><p>Financement de projets de transformation des d\u00e9chets en \u00e9nergie<\/p><\/li><li><p>Accompagnement des industries vers des solutions \u00e9coresponsables<\/p><\/li><\/ul><h3>\ud83c\udf31 <strong>Financement de l\u2019Agriculture Durable et Agro\u00e9cologie<\/strong><\/h3><p>L\u2019agriculture responsable est un pilier de la pr\u00e9servation des ressources naturelles.<\/p><p><strong>Nos offres de financement :<\/strong><\/p><ul data-spread=\"false\"><li><p>D\u00e9veloppement d\u2019exploitations agricoles \u00e9coresponsables<\/p><\/li><li><p>Soutien aux technologies d\u2019optimisation de l\u2019irrigation et de la fertilisation<\/p><\/li><li><p>Financement des circuits courts et de l\u2019agriculture biologique<\/p><\/li><\/ul><h3>\ud83d\udca7 <strong>Financement des Technologies de l\u2019Eau<\/strong><\/h3><p>L\u2019acc\u00e8s \u00e0 l\u2019eau potable et sa gestion efficace sont des d\u00e9fis environnementaux majeurs.<\/p><p><strong>Nos offres de financement :<\/strong><\/p><ul data-spread=\"false\"><li><p>Projets de d\u00e9salinisation et de purification de l\u2019eau<\/p><\/li><li><p>Technologies de captation et de stockage de l\u2019eau<\/p><\/li><li><p>D\u00e9veloppement de r\u00e9seaux intelligents pour l\u2019optimisation de la consommation<\/p><\/li><\/ul><h3>\u267b\ufe0f <strong>Financement de l\u2019\u00c9conomie Circulaire<\/strong><\/h3><p>La transition vers une \u00e9conomie circulaire r\u00e9duit l\u2019empreinte \u00e9cologique des industries.<\/p><p><strong>Nos offres de financement :<\/strong><\/p><ul data-spread=\"false\"><li><p>Soutien aux entreprises de revalorisation des d\u00e9chets<\/p><\/li><li><p>Financement des innovations en recyclage industriel<\/p><\/li><li><p>D\u00e9veloppement de solutions pour la r\u00e9duction de l\u2019empreinte carbone<\/p><\/li><\/ul>\t\t\t\t\t\t\t\t<\/div>\n\t\t\t\t<\/div>\n\t\t\t\t\t<\/div>\n\t\t\t\t<\/div>\n\t\t<div class=\"elementor-element elementor-element-b7ecdc4 e-flex e-con-boxed elementor-invisible e-con e-parent\" data-id=\"b7ecdc4\" data-element_type=\"container\" data-settings=\"{&quot;background_background&quot;:&quot;classic&quot;,&quot;animation&quot;:&quot;fadeInUp&quot;}\">\n\t\t\t\t\t<div class=\"e-con-inner\">\n\t\t\t\t<div class=\"elementor-element elementor-element-800cdf8 elementor-widget elementor-widget-text-editor\" data-id=\"800cdf8\" data-element_type=\"widget\" data-widget_type=\"text-editor.default\">\n\t\t\t\t<div class=\"elementor-widget-container\">\n\t\t\t\t\t\t\t\t\t<h2 data-pm-slice=\"1 3 []\">S\u00e9curisation et rentabilit\u00e9 du financement des \u00e9nergies renouvelables<\/h2><p>Nous accompagnons nos partenaires avec des <strong>solutions de financement sur mesure<\/strong>, adapt\u00e9es aux \u00e9volutions du march\u00e9 et aux objectifs de rentabilit\u00e9 durable.<\/p><h3><strong>Types de financement disponibles :<\/strong><\/h3><p>\u2705 <strong>Financement direct de projets<\/strong> \u2705 <strong>Partenariats avec entreprises et startups innovantes<\/strong> \u2705 <strong>Accompagnement strat\u00e9gique et op\u00e9rationnel<\/strong><\/p><h3><strong>Rentabilit\u00e9 moyenne des projets financ\u00e9s :<\/strong><\/h3><ul data-spread=\"false\"><li><p><strong>Solaire et \u00e9olien :<\/strong> 5-8 % par an<\/p><\/li><li><p><strong>Hydrog\u00e8ne vert :<\/strong> Fort potentiel \u00e0 long terme<\/p><\/li><li><p><strong>Gestion des d\u00e9chets et recyclage :<\/strong> 7-10 % par an<\/p><\/li><\/ul>\t\t\t\t\t\t\t\t<\/div>\n\t\t\t\t<\/div>\n\t\t\t\t\t<\/div>\n\t\t\t\t<\/div>\n\t\t<div class=\"elementor-element elementor-element-bd9d8a7 e-flex e-con-boxed elementor-invisible e-con e-parent\" data-id=\"bd9d8a7\" data-element_type=\"container\" data-settings=\"{&quot;background_background&quot;:&quot;classic&quot;,&quot;animation&quot;:&quot;fadeInUp&quot;}\">\n\t\t\t\t\t<div class=\"e-con-inner\">\n\t\t\t\t<div class=\"elementor-element elementor-element-bfcf760 elementor-widget elementor-widget-text-editor\" data-id=\"bfcf760\" data-element_type=\"widget\" data-widget_type=\"text-editor.default\">\n\t\t\t\t<div class=\"elementor-widget-container\">\n\t\t\t\t\t\t\t\t\t<h2 data-pm-slice=\"1 3 []\"><span style=\"color: #ffffff;\">Qui peut b\u00e9n\u00e9ficier de notre financement ?<\/span><\/h2><h3><span style=\"color: #ffffff;\"><strong>Entreprises et professionnels<\/strong><\/span><\/h3><ul data-spread=\"false\"><li><p><span style=\"color: #ffffff;\">Financement de nouvelles infrastructures \u00e9nerg\u00e9tiques<\/span><\/p><\/li><li><p><span style=\"color: #ffffff;\">Soutien aux startups et entreprises sp\u00e9cialis\u00e9es en \u00e9nergies vertes<\/span><\/p><\/li><li><p><span style=\"color: #ffffff;\">Accompagnement pour l\u2019int\u00e9gration des \u00e9nergies renouvelables dans les processus industriels<\/span><\/p><\/li><\/ul><h3><span style=\"color: #ffffff;\"><strong>Collectivit\u00e9s et organisations<\/strong><\/span><\/h3><ul data-spread=\"false\"><li><p><span style=\"color: #ffffff;\">D\u00e9veloppement de projets d\u2019autonomie \u00e9nerg\u00e9tique<\/span><\/p><\/li><li><p><span style=\"color: #ffffff;\">Financement de solutions durables pour la gestion de l\u2019eau et des d\u00e9chets<\/span><\/p><\/li><li><p><span style=\"color: #ffffff;\">Soutien aux initiatives locales de transition \u00e9cologique<\/span><\/p><\/li><\/ul>\t\t\t\t\t\t\t\t<\/div>\n\t\t\t\t<\/div>\n\t\t\t\t\t<\/div>\n\t\t\t\t<\/div>\n\t\t<div class=\"elementor-element elementor-element-ef6d02e e-flex e-con-boxed elementor-invisible e-con e-parent\" data-id=\"ef6d02e\" data-element_type=\"container\" data-settings=\"{&quot;background_background&quot;:&quot;classic&quot;,&quot;animation&quot;:&quot;fadeInUp&quot;}\">\n\t\t\t\t\t<div class=\"e-con-inner\">\n\t\t\t\t<div class=\"elementor-element elementor-element-f462507 elementor-widget elementor-widget-text-editor\" data-id=\"f462507\" data-element_type=\"widget\" data-widget_type=\"text-editor.default\">\n\t\t\t\t<div class=\"elementor-widget-container\">\n\t\t\t\t\t\t\t\t\t<h2 data-pm-slice=\"1 1 []\">Pourquoi choisir notre groupe d\u2019investisseurs ?<\/h2><p>Nous mettons \u00e0 disposition <strong>un capital strat\u00e9gique<\/strong> pour financer des projets <strong>innovants, responsables et rentables<\/strong>, tout en garantissant un <strong>accompagnement expert<\/strong>.<\/p><h3><strong>Nos avantages :<\/strong><\/h3><p>\u2705 <strong>Acc\u00e8s \u00e0 des financements avantageux et flexibles<\/strong> \u2705 <strong>Taux comp\u00e9titifs adapt\u00e9s aux projets durables<\/strong> \u2705 <strong>Accompagnement personnalis\u00e9 pour maximiser l\u2019impact<\/strong> \u2705 <strong>S\u00e9lection rigoureuse des projets financ\u00e9s<\/strong><\/p>\t\t\t\t\t\t\t\t<\/div>\n\t\t\t\t<\/div>\n\t\t\t\t\t<\/div>\n\t\t\t\t<\/div>\n\t\t<div class=\"elementor-element elementor-element-974bc00 e-flex e-con-boxed elementor-invisible e-con e-parent\" data-id=\"974bc00\" data-element_type=\"container\" data-settings=\"{&quot;background_background&quot;:&quot;classic&quot;,&quot;animation&quot;:&quot;fadeInUp&quot;}\">\n\t\t\t\t\t<div class=\"e-con-inner\">\n\t\t\t\t<div class=\"elementor-element elementor-element-1a3c3dd elementor-widget elementor-widget-heading\" data-id=\"1a3c3dd\" data-element_type=\"widget\" data-widget_type=\"heading.default\">\n\t\t\t\t<div class=\"elementor-widget-container\">\n\t\t\t\t\t<h2 class=\"elementor-heading-title elementor-size-default\">Obtenez votre financement aujourd\u2019hui !<\/h2>\t\t\t\t<\/div>\n\t\t\t\t<\/div>\n\t\t\t\t<div class=\"elementor-element elementor-element-d8b0f8a elementor-widget elementor-widget-text-editor\" data-id=\"d8b0f8a\" data-element_type=\"widget\" data-widget_type=\"text-editor.default\">\n\t\t\t\t<div class=\"elementor-widget-container\">\n\t\t\t\t\t\t\t\t\t<p data-pm-slice=\"1 1 []\">Faites financer votre projet dans les \u00e9nergies renouvelables et l\u2019environnement avec des conditions optimales et un accompagnement sur mesure.<\/p>\t\t\t\t\t\t\t\t<\/div>\n\t\t\t\t<\/div>\n\t\t\t\t<div class=\"elementor-element elementor-element-db2b3a3 elementor-align-center elementor-widget elementor-widget-button\" data-id=\"db2b3a3\" data-element_type=\"widget\" data-widget_type=\"button.default\">\n\t\t\t\t<div class=\"elementor-widget-container\">\n\t\t\t\t\t\t\t\t\t<div class=\"elementor-button-wrapper\">\n\t\t\t\t\t<a class=\"elementor-button elementor-button-link elementor-size-sm\" href=\"https:\/\/flexifinanz.com\/index.php\/demander-un-financement\/\">\n\t\t\t\t\t\t<span class=\"elementor-button-content-wrapper\">\n\t\t\t\t\t\t<span class=\"elementor-button-icon\">\n\t\t\t\t<svg aria-hidden=\"true\" class=\"e-font-icon-svg e-fas-arrow-right\" viewBox=\"0 0 448 512\" xmlns=\"http:\/\/www.w3.org\/2000\/svg\"><path d=\"M190.5 66.9l22.2-22.2c9.4-9.4 24.6-9.4 33.9 0L441 239c9.4 9.4 9.4 24.6 0 33.9L246.6 467.3c-9.4 9.4-24.6 9.4-33.9 0l-22.2-22.2c-9.5-9.5-9.3-25 .4-34.3L311.4 296H24c-13.3 0-24-10.7-24-24v-32c0-13.3 10.7-24 24-24h287.4L190.9 101.2c-9.8-9.3-10-24.8-.4-34.3z\"><\/path><\/svg>\t\t\t<\/span>\n\t\t\t\t\t\t\t\t\t<span class=\"elementor-button-text\">Demander un financement<\/span>\n\t\t\t\t\t<\/span>\n\t\t\t\t\t<\/a>\n\t\t\t\t<\/div>\n\t\t\t\t\t\t\t\t<\/div>\n\t\t\t\t<\/div>\n\t\t\t\t\t<\/div>\n\t\t\t\t<\/div>\n\t\t\t\t<\/div>\n\t\t","protected":false},"excerpt":{"rendered":"<p>Pourquoi financer des projets dans les \u00e9nergies renouvelables ? Avec la transition \u00e9cologique en pleine acc\u00e9l\u00e9ration, le secteur des \u00e9nergies renouvelables repr\u00e9sente [&hellip;]<\/p>\n","protected":false},"author":1,"featured_media":332,"parent":192,"menu_order":0,"comment_status":"closed","ping_status":"closed","template":"","meta":{"om_disable_all_campaigns":false,"_monsterinsights_skip_tracking":false,"_monsterinsights_sitenote_active":false,"_monsterinsights_sitenote_note":"","_monsterinsights_sitenote_category":0,"footnotes":""},"class_list":["post-129","page","type-page","status-publish","has-post-thumbnail","hentry"],"aioseo_notices":[],"_links":{"self":[{"href":"https:\/\/flexifinanz.com\/fr\/wp-json\/wp\/v2\/pages\/129","targetHints":{"allow":["GET"]}}],"collection":[{"href":"https:\/\/flexifinanz.com\/fr\/wp-json\/wp\/v2\/pages"}],"about":[{"href":"https:\/\/flexifinanz.com\/fr\/wp-json\/wp\/v2\/types\/page"}],"author":[{"embeddable":true,"href":"https:\/\/flexifinanz.com\/fr\/wp-json\/wp\/v2\/users\/1"}],"replies":[{"embeddable":true,"href":"https:\/\/flexifinanz.com\/fr\/wp-json\/wp\/v2\/comments?post=129"}],"version-history":[{"count":0,"href":"https:\/\/flexifinanz.com\/fr\/wp-json\/wp\/v2\/pages\/129\/revisions"}],"up":[{"embeddable":true,"href":"https:\/\/flexifinanz.com\/fr\/wp-json\/wp\/v2\/pages\/192"}],"wp:featuredmedia":[{"embeddable":true,"href":"https:\/\/flexifinanz.com\/fr\/wp-json\/wp\/v2\/media\/332"}],"wp:attachment":[{"href":"https:\/\/flexifinanz.com\/fr\/wp-json\/wp\/v2\/media?parent=129"}],"curies":[{"name":"wp","href":"https:\/\/api.w.org\/{rel}","templated":true}]}}