{"id":124,"date":"2025-02-20T13:54:11","date_gmt":"2025-02-20T12:54:11","guid":{"rendered":"https:\/\/flexifinanz.com\/?page_id=124"},"modified":"2025-02-25T18:45:28","modified_gmt":"2025-02-25T17:45:28","slug":"financer-limmobilier","status":"publish","type":"page","link":"https:\/\/flexifinanz.com\/fr\/financement-par-duree\/financer-limmobilier\/","title":{"rendered":"Financer l&rsquo;Immobilier : Accompagnez Vos Projets avec Nos Solutions"},"content":{"rendered":"\t\t<div data-elementor-type=\"wp-page\" data-elementor-id=\"124\" class=\"elementor elementor-124\" data-elementor-settings=\"{&quot;element_pack_global_tooltip_width&quot;:{&quot;unit&quot;:&quot;px&quot;,&quot;size&quot;:&quot;&quot;,&quot;sizes&quot;:[]},&quot;element_pack_global_tooltip_width_tablet&quot;:{&quot;unit&quot;:&quot;px&quot;,&quot;size&quot;:&quot;&quot;,&quot;sizes&quot;:[]},&quot;element_pack_global_tooltip_width_mobile&quot;:{&quot;unit&quot;:&quot;px&quot;,&quot;size&quot;:&quot;&quot;,&quot;sizes&quot;:[]},&quot;element_pack_global_tooltip_padding&quot;:{&quot;unit&quot;:&quot;px&quot;,&quot;top&quot;:&quot;&quot;,&quot;right&quot;:&quot;&quot;,&quot;bottom&quot;:&quot;&quot;,&quot;left&quot;:&quot;&quot;,&quot;isLinked&quot;:true},&quot;element_pack_global_tooltip_padding_tablet&quot;:{&quot;unit&quot;:&quot;px&quot;,&quot;top&quot;:&quot;&quot;,&quot;right&quot;:&quot;&quot;,&quot;bottom&quot;:&quot;&quot;,&quot;left&quot;:&quot;&quot;,&quot;isLinked&quot;:true},&quot;element_pack_global_tooltip_padding_mobile&quot;:{&quot;unit&quot;:&quot;px&quot;,&quot;top&quot;:&quot;&quot;,&quot;right&quot;:&quot;&quot;,&quot;bottom&quot;:&quot;&quot;,&quot;left&quot;:&quot;&quot;,&quot;isLinked&quot;:true},&quot;element_pack_global_tooltip_border_radius&quot;:{&quot;unit&quot;:&quot;px&quot;,&quot;top&quot;:&quot;&quot;,&quot;right&quot;:&quot;&quot;,&quot;bottom&quot;:&quot;&quot;,&quot;left&quot;:&quot;&quot;,&quot;isLinked&quot;:true},&quot;element_pack_global_tooltip_border_radius_tablet&quot;:{&quot;unit&quot;:&quot;px&quot;,&quot;top&quot;:&quot;&quot;,&quot;right&quot;:&quot;&quot;,&quot;bottom&quot;:&quot;&quot;,&quot;left&quot;:&quot;&quot;,&quot;isLinked&quot;:true},&quot;element_pack_global_tooltip_border_radius_mobile&quot;:{&quot;unit&quot;:&quot;px&quot;,&quot;top&quot;:&quot;&quot;,&quot;right&quot;:&quot;&quot;,&quot;bottom&quot;:&quot;&quot;,&quot;left&quot;:&quot;&quot;,&quot;isLinked&quot;:true}}\" data-elementor-post-type=\"page\">\n\t\t\t\t<div class=\"elementor-element elementor-element-0c25459 e-flex e-con-boxed e-con e-parent\" data-id=\"0c25459\" data-element_type=\"container\" data-settings=\"{&quot;background_background&quot;:&quot;classic&quot;}\">\n\t\t\t\t\t<div class=\"e-con-inner\">\n\t\t\t\t<div class=\"elementor-element elementor-element-c107f7f elementor-widget elementor-widget-text-editor\" data-id=\"c107f7f\" data-element_type=\"widget\" data-widget_type=\"text-editor.default\">\n\t\t\t\t<div class=\"elementor-widget-container\">\n\t\t\t\t\t\t\t\t\t<h2 data-pm-slice=\"1 3 []\">Pourquoi choisir notre financement immobilier ?<\/h2><p>Nous sommes un groupe d\u2019investisseurs sp\u00e9cialis\u00e9s dans le <strong>financement de projets immobiliers<\/strong>. Que vous soyez un promoteur, un investisseur ou une entreprise, nous mettons \u00e0 votre disposition <strong>les ressources financi\u00e8res n\u00e9cessaires<\/strong> pour concr\u00e9tiser votre projet. Gr\u00e2ce \u00e0 nos solutions flexibles et nos <strong>taux avantageux<\/strong>, nous facilitons l\u2019acc\u00e8s au financement pour maximiser votre rentabilit\u00e9 et s\u00e9curiser votre investissement.<\/p><p>Notre mission : <strong>vous accompagner \u00e0 chaque \u00e9tape<\/strong>, du montage financier \u00e0 la r\u00e9alisation de votre projet immobilier.<\/p><h2>Nos solutions de financement dans l\u2019immobilier<\/h2><h3>\ud83c\udfe1 <strong>Financement de l\u2019Immobilier R\u00e9sidentiel<\/strong><\/h3><p>Nous finan\u00e7ons l\u2019acquisition et la construction de biens r\u00e9sidentiels destin\u00e9s \u00e0 la location ou \u00e0 la revente.<\/p><p><strong>Nos offres de financement :<\/strong><\/p><ul data-spread=\"false\"><li><p>Acquisition de r\u00e9sidences principales et secondaires<\/p><\/li><li><p>D\u00e9veloppement de programmes immobiliers r\u00e9sidentiels<\/p><\/li><li><p>Financement de projets locatifs<\/p><\/li><\/ul><h3>\ud83c\udfe2 <strong>Financement de l\u2019Immobilier Commercial<\/strong><\/h3><p>Les bureaux, locaux commerciaux et centres d\u2019affaires n\u00e9cessitent des financements adapt\u00e9s \u00e0 leur d\u00e9veloppement. Nous proposons des solutions de financement sur mesure pour ces actifs strat\u00e9giques.<\/p><p><strong>Nos offres de financement :<\/strong><\/p><ul data-spread=\"false\"><li><p>Acquisition et construction de bureaux et commerces<\/p><\/li><li><p>Financement d\u2019espaces de coworking et de centres commerciaux<\/p><\/li><li><p>Soutien aux entreprises pour leurs besoins en locaux professionnels<\/p><\/li><\/ul><h3>\ud83c\udfe0 <strong>Financement de l\u2019Immobilier Locatif<\/strong><\/h3><p>Nous accompagnons les investisseurs dans l\u2019acquisition et la gestion de biens destin\u00e9s \u00e0 la location.<\/p><p><strong>Nos offres de financement :<\/strong><\/p><ul data-spread=\"false\"><li><p>Investissement en location meubl\u00e9e (LMNP)<\/p><\/li><li><p>Participation \u00e0 des SCPI (Soci\u00e9t\u00e9s Civiles de Placement Immobilier)<\/p><\/li><li><p>Financement de r\u00e9sidences \u00e9tudiantes et seniors<\/p><\/li><\/ul><h3>\ud83c\udfe1 <strong>Immobilier de Luxe<\/strong><\/h3><p>Nous finan\u00e7ons les acquisitions de biens d\u2019exception et les projets haut de gamme pour les investisseurs souhaitant se positionner sur le march\u00e9 du prestige.<\/p><p><strong>Nos offres de financement :<\/strong><\/p><ul data-spread=\"false\"><li><p>Acquisition de villas et propri\u00e9t\u00e9s de prestige<\/p><\/li><li><p>Financement de projets immobiliers exclusifs<\/p><\/li><li><p>Investissement dans l\u2019h\u00f4tellerie de luxe<\/p><\/li><\/ul><h3>\ud83c\udfd7 <strong>Financement du Crowdfunding Immobilier<\/strong><\/h3><p>Nous permettons aux investisseurs de participer \u00e0 des <strong>projets de promotion immobili\u00e8re<\/strong> en finan\u00e7ant des plateformes et en structurant des lev\u00e9es de fonds.<\/p><p><strong>Nos offres de financement :<\/strong><\/p><ul data-spread=\"false\"><li><p>Financement participatif de programmes r\u00e9sidentiels ou commerciaux<\/p><\/li><li><p>Accompagnement de promoteurs immobiliers<\/p><\/li><li><p>D\u00e9veloppement de plateformes de crowdfunding immobilier<\/p><\/li><\/ul><h3>\ud83c\udfda <strong>R\u00e9novation et R\u00e9habilitation Urbaine<\/strong><\/h3><p>Nous finan\u00e7ons les projets de r\u00e9novation pour valoriser les biens anciens et optimiser leur rentabilit\u00e9.<\/p><p><strong>Nos offres de financement :<\/strong><\/p><ul data-spread=\"false\"><li><p>R\u00e9habilitation de b\u00e2timents historiques et anciens<\/p><\/li><li><p>Financement de travaux d\u2019am\u00e9lioration \u00e9nerg\u00e9tique<\/p><\/li><li><p>Transformation d\u2019espaces en logements ou commerces<\/p><\/li><\/ul><h3>\ud83c\udfe0 <strong>Financement du Coliving et du Coworking<\/strong><\/h3><p>Les nouvelles tendances du march\u00e9 immobilier n\u00e9cessitent des financements adapt\u00e9s. Nous accompagnons les investisseurs dans ces secteurs en forte croissance.<\/p><p><strong>Nos offres de financement :<\/strong><\/p><ul data-spread=\"false\"><li><p>D\u00e9veloppement d\u2019espaces de coliving<\/p><\/li><li><p>Cr\u00e9ation et expansion d\u2019espaces de coworking<\/p><\/li><li><p>Financement de r\u00e9sidences partag\u00e9es et nouvelles formes d\u2019habitat<\/p><\/li><\/ul>\t\t\t\t\t\t\t\t<\/div>\n\t\t\t\t<\/div>\n\t\t\t\t\t<\/div>\n\t\t\t\t<\/div>\n\t\t<div class=\"elementor-element elementor-element-1a09db9 e-flex e-con-boxed elementor-invisible e-con e-parent\" data-id=\"1a09db9\" data-element_type=\"container\" data-settings=\"{&quot;background_background&quot;:&quot;classic&quot;,&quot;animation&quot;:&quot;fadeInUp&quot;}\">\n\t\t\t\t\t<div class=\"e-con-inner\">\n\t\t\t\t<div class=\"elementor-element elementor-element-dcd083a elementor-widget elementor-widget-text-editor\" data-id=\"dcd083a\" data-element_type=\"widget\" data-widget_type=\"text-editor.default\">\n\t\t\t\t<div class=\"elementor-widget-container\">\n\t\t\t\t\t\t\t\t\t<h2 data-pm-slice=\"1 1 []\">S\u00e9curisation et flexibilit\u00e9 de notre financement<\/h2><p>Nous proposons des solutions de financement adapt\u00e9es \u00e0 chaque projet immobilier, avec des conditions favorables permettant d\u2019optimiser la rentabilit\u00e9.<\/p><h3><strong>Nos solutions de financement :<\/strong><\/h3><p>\u2705 <strong>Pr\u00eats immobiliers avec taux comp\u00e9titifs<\/strong> \u2705 <strong>Lignes de cr\u00e9dit pour promoteurs et investisseurs<\/strong> \u2705 <strong>Solutions de financement participatif<\/strong> \u2705 <strong>Accompagnement et conseils pour maximiser le rendement<\/strong><\/p>\t\t\t\t\t\t\t\t<\/div>\n\t\t\t\t<\/div>\n\t\t\t\t\t<\/div>\n\t\t\t\t<\/div>\n\t\t<div class=\"elementor-element elementor-element-7f9a000 e-flex e-con-boxed elementor-invisible e-con e-parent\" data-id=\"7f9a000\" data-element_type=\"container\" data-settings=\"{&quot;background_background&quot;:&quot;classic&quot;,&quot;animation&quot;:&quot;fadeInUp&quot;}\">\n\t\t\t\t\t<div class=\"e-con-inner\">\n\t\t\t\t<div class=\"elementor-element elementor-element-af0010e elementor-widget elementor-widget-text-editor\" data-id=\"af0010e\" data-element_type=\"widget\" data-widget_type=\"text-editor.default\">\n\t\t\t\t<div class=\"elementor-widget-container\">\n\t\t\t\t\t\t\t\t\t<h2 data-pm-slice=\"1 3 []\"><span style=\"color: #ffffff;\">Qui peut b\u00e9n\u00e9ficier de notre financement ?<\/span><\/h2><h3><span style=\"color: #ffffff;\">Particuliers et investisseurs priv\u00e9s<\/span><\/h3><ul data-spread=\"false\"><li><p><span style=\"color: #ffffff;\">Acquisition de r\u00e9sidences principales et secondaires<\/span><\/p><\/li><li><p><span style=\"color: #ffffff;\">Financement de projets locatifs<\/span><\/p><\/li><li><p><span style=\"color: #ffffff;\">Acc\u00e8s aux SCPI et autres produits immobiliers<\/span><\/p><\/li><\/ul><h3><span style=\"color: #ffffff;\">Promoteurs et entreprises<\/span><\/h3><ul data-spread=\"false\"><li><p><span style=\"color: #ffffff;\">D\u00e9veloppement de programmes immobiliers<\/span><\/p><\/li><li><p><span style=\"color: #ffffff;\">Financement de bureaux et locaux commerciaux<\/span><\/p><\/li><li><p><span style=\"color: #ffffff;\">R\u00e9habilitation et am\u00e9nagement urbain<\/span><\/p><\/li><\/ul>\t\t\t\t\t\t\t\t<\/div>\n\t\t\t\t<\/div>\n\t\t\t\t\t<\/div>\n\t\t\t\t<\/div>\n\t\t<div class=\"elementor-element elementor-element-9751160 e-flex e-con-boxed elementor-invisible e-con e-parent\" data-id=\"9751160\" data-element_type=\"container\" data-settings=\"{&quot;background_background&quot;:&quot;classic&quot;,&quot;animation&quot;:&quot;fadeInUp&quot;}\">\n\t\t\t\t\t<div class=\"e-con-inner\">\n\t\t\t\t<div class=\"elementor-element elementor-element-fbedcbb elementor-widget elementor-widget-text-editor\" data-id=\"fbedcbb\" data-element_type=\"widget\" data-widget_type=\"text-editor.default\">\n\t\t\t\t<div class=\"elementor-widget-container\">\n\t\t\t\t\t\t\t\t\t<h2 data-pm-slice=\"1 1 []\">Pourquoi financer votre projet avec nous ?<\/h2><p>Nous mettons \u00e0 disposition des <strong>solutions sur mesure<\/strong> pour chaque projet immobilier, garantissant des <strong>taux avantageux<\/strong> et un <strong>accompagnement personnalis\u00e9<\/strong> pour optimiser la rentabilit\u00e9.<\/p><h3>Nos avantages :<\/h3><p>\u2705 <strong>Acc\u00e8s \u00e0 des financements adapt\u00e9s<\/strong> \u2705 <strong>Taux flexibles et comp\u00e9titifs<\/strong> \u2705 <strong>Accompagnement strat\u00e9gique et juridique<\/strong> \u2705 <strong>Processus rapide et simplifi\u00e9<\/strong><\/p>\t\t\t\t\t\t\t\t<\/div>\n\t\t\t\t<\/div>\n\t\t\t\t\t<\/div>\n\t\t\t\t<\/div>\n\t\t<div class=\"elementor-element elementor-element-88749ff e-flex e-con-boxed elementor-invisible e-con e-parent\" data-id=\"88749ff\" data-element_type=\"container\" data-settings=\"{&quot;background_background&quot;:&quot;classic&quot;,&quot;animation&quot;:&quot;fadeInUp&quot;}\">\n\t\t\t\t\t<div class=\"e-con-inner\">\n\t\t\t\t<div class=\"elementor-element elementor-element-7ac630f elementor-widget elementor-widget-heading\" data-id=\"7ac630f\" data-element_type=\"widget\" data-widget_type=\"heading.default\">\n\t\t\t\t<div class=\"elementor-widget-container\">\n\t\t\t\t\t<h2 class=\"elementor-heading-title elementor-size-default\">Obtenez votre financement aujourd\u2019hui !<\/h2>\t\t\t\t<\/div>\n\t\t\t\t<\/div>\n\t\t\t\t<div class=\"elementor-element elementor-element-282e83b elementor-widget elementor-widget-text-editor\" data-id=\"282e83b\" data-element_type=\"widget\" data-widget_type=\"text-editor.default\">\n\t\t\t\t<div class=\"elementor-widget-container\">\n\t\t\t\t\t\t\t\t\t<p data-pm-slice=\"1 1 []\">Faites financer votre projet immobilier avec des conditions optimales et un accompagnement sur mesure.<\/p>\t\t\t\t\t\t\t\t<\/div>\n\t\t\t\t<\/div>\n\t\t\t\t<div class=\"elementor-element elementor-element-243bd4e elementor-align-center elementor-widget elementor-widget-button\" data-id=\"243bd4e\" data-element_type=\"widget\" data-widget_type=\"button.default\">\n\t\t\t\t<div class=\"elementor-widget-container\">\n\t\t\t\t\t\t\t\t\t<div class=\"elementor-button-wrapper\">\n\t\t\t\t\t<a class=\"elementor-button elementor-button-link elementor-size-sm\" href=\"https:\/\/flexifinanz.com\/index.php\/demander-un-financement\/\">\n\t\t\t\t\t\t<span class=\"elementor-button-content-wrapper\">\n\t\t\t\t\t\t<span class=\"elementor-button-icon\">\n\t\t\t\t<svg aria-hidden=\"true\" class=\"e-font-icon-svg e-fas-arrow-right\" viewBox=\"0 0 448 512\" xmlns=\"http:\/\/www.w3.org\/2000\/svg\"><path d=\"M190.5 66.9l22.2-22.2c9.4-9.4 24.6-9.4 33.9 0L441 239c9.4 9.4 9.4 24.6 0 33.9L246.6 467.3c-9.4 9.4-24.6 9.4-33.9 0l-22.2-22.2c-9.5-9.5-9.3-25 .4-34.3L311.4 296H24c-13.3 0-24-10.7-24-24v-32c0-13.3 10.7-24 24-24h287.4L190.9 101.2c-9.8-9.3-10-24.8-.4-34.3z\"><\/path><\/svg>\t\t\t<\/span>\n\t\t\t\t\t\t\t\t\t<span class=\"elementor-button-text\">Demander un financement<\/span>\n\t\t\t\t\t<\/span>\n\t\t\t\t\t<\/a>\n\t\t\t\t<\/div>\n\t\t\t\t\t\t\t\t<\/div>\n\t\t\t\t<\/div>\n\t\t\t\t\t<\/div>\n\t\t\t\t<\/div>\n\t\t\t\t<\/div>\n\t\t","protected":false},"excerpt":{"rendered":"<p>Pourquoi choisir notre financement immobilier ? Nous sommes un groupe d\u2019investisseurs sp\u00e9cialis\u00e9s dans le financement de projets immobiliers. Que vous soyez un [&hellip;]<\/p>\n","protected":false},"author":1,"featured_media":930,"parent":192,"menu_order":0,"comment_status":"closed","ping_status":"closed","template":"","meta":{"om_disable_all_campaigns":false,"_monsterinsights_skip_tracking":false,"_monsterinsights_sitenote_active":false,"_monsterinsights_sitenote_note":"","_monsterinsights_sitenote_category":0,"footnotes":""},"class_list":["post-124","page","type-page","status-publish","has-post-thumbnail","hentry"],"aioseo_notices":[],"_links":{"self":[{"href":"https:\/\/flexifinanz.com\/fr\/wp-json\/wp\/v2\/pages\/124","targetHints":{"allow":["GET"]}}],"collection":[{"href":"https:\/\/flexifinanz.com\/fr\/wp-json\/wp\/v2\/pages"}],"about":[{"href":"https:\/\/flexifinanz.com\/fr\/wp-json\/wp\/v2\/types\/page"}],"author":[{"embeddable":true,"href":"https:\/\/flexifinanz.com\/fr\/wp-json\/wp\/v2\/users\/1"}],"replies":[{"embeddable":true,"href":"https:\/\/flexifinanz.com\/fr\/wp-json\/wp\/v2\/comments?post=124"}],"version-history":[{"count":0,"href":"https:\/\/flexifinanz.com\/fr\/wp-json\/wp\/v2\/pages\/124\/revisions"}],"up":[{"embeddable":true,"href":"https:\/\/flexifinanz.com\/fr\/wp-json\/wp\/v2\/pages\/192"}],"wp:featuredmedia":[{"embeddable":true,"href":"https:\/\/flexifinanz.com\/fr\/wp-json\/wp\/v2\/media\/930"}],"wp:attachment":[{"href":"https:\/\/flexifinanz.com\/fr\/wp-json\/wp\/v2\/media?parent=124"}],"curies":[{"name":"wp","href":"https:\/\/api.w.org\/{rel}","templated":true}]}}