{"id":115,"date":"2025-02-20T13:29:50","date_gmt":"2025-02-20T12:29:50","guid":{"rendered":"https:\/\/flexifinanz.com\/?page_id=115"},"modified":"2025-02-25T18:45:36","modified_gmt":"2025-02-25T17:45:36","slug":"investir-dans-la-technologie-et-linnovation","status":"publish","type":"page","link":"https:\/\/flexifinanz.com\/fr\/financement-par-duree\/investir-dans-la-technologie-et-linnovation\/","title":{"rendered":"Financer la Technologie et l&rsquo;Innovation : Opportunit\u00e9s et Rendement"},"content":{"rendered":"\t\t<div data-elementor-type=\"wp-page\" data-elementor-id=\"115\" class=\"elementor elementor-115\" data-elementor-settings=\"{&quot;element_pack_global_tooltip_width&quot;:{&quot;unit&quot;:&quot;px&quot;,&quot;size&quot;:&quot;&quot;,&quot;sizes&quot;:[]},&quot;element_pack_global_tooltip_width_tablet&quot;:{&quot;unit&quot;:&quot;px&quot;,&quot;size&quot;:&quot;&quot;,&quot;sizes&quot;:[]},&quot;element_pack_global_tooltip_width_mobile&quot;:{&quot;unit&quot;:&quot;px&quot;,&quot;size&quot;:&quot;&quot;,&quot;sizes&quot;:[]},&quot;element_pack_global_tooltip_padding&quot;:{&quot;unit&quot;:&quot;px&quot;,&quot;top&quot;:&quot;&quot;,&quot;right&quot;:&quot;&quot;,&quot;bottom&quot;:&quot;&quot;,&quot;left&quot;:&quot;&quot;,&quot;isLinked&quot;:true},&quot;element_pack_global_tooltip_padding_tablet&quot;:{&quot;unit&quot;:&quot;px&quot;,&quot;top&quot;:&quot;&quot;,&quot;right&quot;:&quot;&quot;,&quot;bottom&quot;:&quot;&quot;,&quot;left&quot;:&quot;&quot;,&quot;isLinked&quot;:true},&quot;element_pack_global_tooltip_padding_mobile&quot;:{&quot;unit&quot;:&quot;px&quot;,&quot;top&quot;:&quot;&quot;,&quot;right&quot;:&quot;&quot;,&quot;bottom&quot;:&quot;&quot;,&quot;left&quot;:&quot;&quot;,&quot;isLinked&quot;:true},&quot;element_pack_global_tooltip_border_radius&quot;:{&quot;unit&quot;:&quot;px&quot;,&quot;top&quot;:&quot;&quot;,&quot;right&quot;:&quot;&quot;,&quot;bottom&quot;:&quot;&quot;,&quot;left&quot;:&quot;&quot;,&quot;isLinked&quot;:true},&quot;element_pack_global_tooltip_border_radius_tablet&quot;:{&quot;unit&quot;:&quot;px&quot;,&quot;top&quot;:&quot;&quot;,&quot;right&quot;:&quot;&quot;,&quot;bottom&quot;:&quot;&quot;,&quot;left&quot;:&quot;&quot;,&quot;isLinked&quot;:true},&quot;element_pack_global_tooltip_border_radius_mobile&quot;:{&quot;unit&quot;:&quot;px&quot;,&quot;top&quot;:&quot;&quot;,&quot;right&quot;:&quot;&quot;,&quot;bottom&quot;:&quot;&quot;,&quot;left&quot;:&quot;&quot;,&quot;isLinked&quot;:true}}\" data-elementor-post-type=\"page\">\n\t\t\t\t<div class=\"elementor-element elementor-element-6c74d54 e-flex e-con-boxed e-con e-parent\" data-id=\"6c74d54\" data-element_type=\"container\" data-settings=\"{&quot;background_background&quot;:&quot;classic&quot;}\">\n\t\t\t\t\t<div class=\"e-con-inner\">\n\t\t\t\t<div class=\"elementor-element elementor-element-cfeed54 elementor-widget elementor-widget-text-editor\" data-id=\"cfeed54\" data-element_type=\"widget\" data-widget_type=\"text-editor.default\">\n\t\t\t\t<div class=\"elementor-widget-container\">\n\t\t\t\t\t\t\t\t\t<h2 data-pm-slice=\"1 3 []\">Pourquoi financer la technologie et l&rsquo;innovation ?<\/h2><p>L&rsquo;industrie technologique est en perp\u00e9tuelle \u00e9volution et constitue l&rsquo;un des secteurs les plus porteurs pour les entrepreneurs et les entreprises. Avec des avanc\u00e9es constantes en intelligence artificielle, cybers\u00e9curit\u00e9, blockchain et MedTech, les opportunit\u00e9s sont nombreuses pour d\u00e9velopper des projets d\u2019envergure et g\u00e9n\u00e9rer des retours financiers significatifs.<\/p><p>L&rsquo;innovation technologique impacte \u00e0 la fois les entreprises, les gouvernements et les consommateurs, ce qui en fait un domaine id\u00e9al pour les porteurs de projets cherchant \u00e0 innover et \u00e0 cro\u00eetre rapidement. Gr\u00e2ce \u00e0 notre financement, nous permettons aux entreprises d\u2019acc\u00e9der aux ressources n\u00e9cessaires pour acc\u00e9l\u00e9rer leur d\u00e9veloppement et concr\u00e9tiser leurs ambitions technologiques.<\/p><h2>Opportunit\u00e9s de financement dans la technologie et l&rsquo;innovation<\/h2><h3>1. Intelligence Artificielle (IA)<\/h3><p>L&rsquo;IA transforme des industries enti\u00e8res, de la sant\u00e9 \u00e0 la finance en passant par l&rsquo;industrie manufacturi\u00e8re. Nos solutions de financement permettent aux entreprises de d\u00e9velopper et d\u2019int\u00e9grer des technologies d\u2019IA avanc\u00e9es.<\/p><p><strong>Exemples de financement :<\/strong><\/p><ul data-spread=\"false\"><li><p>Startups sp\u00e9cialis\u00e9es en apprentissage automatique et deep learning<\/p><\/li><li><p>Logiciels d&rsquo;automatisation des processus (RPA)<\/p><\/li><li><p>Syst\u00e8mes d&rsquo;IA appliqu\u00e9s \u00e0 la cybers\u00e9curit\u00e9<\/p><\/li><\/ul><h3>2. Cybers\u00e9curit\u00e9<\/h3><p>Avec la multiplication des cyberattaques, la s\u00e9curit\u00e9 num\u00e9rique est devenue une priorit\u00e9 absolue pour les entreprises et les gouvernements. Nous accompagnons les entreprises dans la mise en place de solutions robustes de cybers\u00e9curit\u00e9.<\/p><p><strong>Exemples de financement :<\/strong><\/p><ul data-spread=\"false\"><li><p>Solutions de protection des donn\u00e9es et d&rsquo;authentification<\/p><\/li><li><p>Intelligence artificielle appliqu\u00e9e \u00e0 la d\u00e9tection des cybermenaces<\/p><\/li><li><p>Entreprises d&rsquo;analyse et de pr\u00e9vention des attaques informatiques<\/p><\/li><\/ul><h3>3. Blockchain et Cryptomonnaies<\/h3><p>La blockchain est bien plus qu&rsquo;une technologie de support aux cryptomonnaies ; elle permet de cr\u00e9er des syst\u00e8mes de transactions s\u00fbrs, transparents et d\u00e9centralis\u00e9s. Nous finan\u00e7ons des entreprises innovantes dans ce domaine.<\/p><p><strong>Exemples de financement :<\/strong><\/p><ul data-spread=\"false\"><li><p>Projets DeFi (finance d\u00e9centralis\u00e9e)<\/p><\/li><li><p>Plateformes d&rsquo;\u00e9change de cryptomonnaies<\/p><\/li><li><p>Entreprises d\u00e9veloppant des solutions blockchain pour le secteur bancaire<\/p><\/li><\/ul><h3>4. FinTech (Technologies financi\u00e8res)<\/h3><p>Les entreprises de la FinTech modernisent les services bancaires et de paiement, facilitant les transactions num\u00e9riques et l&rsquo;acc\u00e8s aux services financiers. Nos financements permettent aux FinTechs de cro\u00eetre et d\u2019innover rapidement.<\/p><p><strong>Exemples de financement :<\/strong><\/p><ul data-spread=\"false\"><li><p>N\u00e9o-banques et services bancaires digitaux<\/p><\/li><li><p>Plateformes de pr\u00eats et de crowdfunding<\/p><\/li><li><p>Solutions de paiement mobile et portefeuilles \u00e9lectroniques<\/p><\/li><\/ul><h3>5. EdTech (Technologies pour l&rsquo;\u00e9ducation)<\/h3><p>L&rsquo;\u00e9ducation num\u00e9rique est en pleine expansion avec la mont\u00e9e des plateformes d&rsquo;apprentissage en ligne et des outils p\u00e9dagogiques interactifs. Nous soutenons les entreprises qui r\u00e9volutionnent ce secteur.<\/p><p><strong>Exemples de financement :<\/strong><\/p><ul data-spread=\"false\"><li><p>Startups de formation en ligne et MOOCs<\/p><\/li><li><p>Intelligence artificielle appliqu\u00e9e \u00e0 l&rsquo;\u00e9ducation<\/p><\/li><li><p>Solutions de r\u00e9alit\u00e9 virtuelle pour l&rsquo;enseignement<\/p><\/li><\/ul><h3>6. MedTech et Biotechnologie<\/h3><p>Les innovations technologiques dans le domaine de la sant\u00e9 permettent d&rsquo;am\u00e9liorer le diagnostic, les traitements et la gestion des donn\u00e9es m\u00e9dicales. Nous finan\u00e7ons les entreprises d\u00e9veloppant ces avanc\u00e9es m\u00e9dicales.<\/p><p><strong>Exemples de financement :<\/strong><\/p><ul data-spread=\"false\"><li><p>Intelligence artificielle appliqu\u00e9e \u00e0 la m\u00e9decine<\/p><\/li><li><p>D\u00e9veloppement de dispositifs m\u00e9dicaux connect\u00e9s<\/p><\/li><li><p>Biotechnologies appliqu\u00e9es aux traitements innovants<\/p><\/li><\/ul>\t\t\t\t\t\t\t\t<\/div>\n\t\t\t\t<\/div>\n\t\t\t\t\t<\/div>\n\t\t\t\t<\/div>\n\t\t<div class=\"elementor-element elementor-element-dd4e551 e-flex e-con-boxed elementor-invisible e-con e-parent\" data-id=\"dd4e551\" data-element_type=\"container\" data-settings=\"{&quot;background_background&quot;:&quot;classic&quot;,&quot;animation&quot;:&quot;fadeInUp&quot;}\">\n\t\t\t\t\t<div class=\"e-con-inner\">\n\t\t\t\t<div class=\"elementor-element elementor-element-f87f72a elementor-widget elementor-widget-text-editor\" data-id=\"f87f72a\" data-element_type=\"widget\" data-widget_type=\"text-editor.default\">\n\t\t\t\t<div class=\"elementor-widget-container\">\n\t\t\t\t\t\t\t\t\t<h2 data-pm-slice=\"1 3 []\">S\u00e9curisation et flexibilit\u00e9 de notre financement<\/h2><p>Nous comprenons les d\u00e9fis li\u00e9s au financement de projets technologiques. C&rsquo;est pourquoi nous proposons des solutions adapt\u00e9es aux besoins des entreprises innovantes, avec des <strong>taux comp\u00e9titifs et des conditions flexibles<\/strong>.<\/p><h3><strong>Types de financement disponibles :<\/strong><\/h3><ul data-spread=\"false\"><li><p><strong>Financement rapide<\/strong> pour les besoins de tr\u00e9sorerie imm\u00e9diats<\/p><\/li><li><p><strong>Lignes de cr\u00e9dit technologique<\/strong> pour accompagner la croissance<\/p><\/li><li><p><strong>Investissement en fonds propres ou en capital-risque<\/strong><\/p><\/li><\/ul>\t\t\t\t\t\t\t\t<\/div>\n\t\t\t\t<\/div>\n\t\t\t\t\t<\/div>\n\t\t\t\t<\/div>\n\t\t<div class=\"elementor-element elementor-element-41884f1 e-flex e-con-boxed elementor-invisible e-con e-parent\" data-id=\"41884f1\" data-element_type=\"container\" data-settings=\"{&quot;background_background&quot;:&quot;classic&quot;,&quot;animation&quot;:&quot;fadeInUp&quot;}\">\n\t\t\t\t\t<div class=\"e-con-inner\">\n\t\t\t\t<div class=\"elementor-element elementor-element-6277d22 elementor-widget elementor-widget-text-editor\" data-id=\"6277d22\" data-element_type=\"widget\" data-widget_type=\"text-editor.default\">\n\t\t\t\t<div class=\"elementor-widget-container\">\n\t\t\t\t\t\t\t\t\t<h2 data-pm-slice=\"1 3 []\"><span style=\"color: #ffffff;\">Qui peut b\u00e9n\u00e9ficier de notre financement ?<\/span><\/h2><h3><span style=\"color: #ffffff;\">Startups et entreprises technologiques<\/span><\/h3><ul data-spread=\"false\"><li><p><span style=\"color: #ffffff;\">Acc\u00e9l\u00e9ration du d\u00e9veloppement de produits<\/span><\/p><\/li><li><p><span style=\"color: #ffffff;\">Expansion et croissance internationale<\/span><\/p><\/li><li><p><span style=\"color: #ffffff;\">Renforcement des infrastructures num\u00e9riques<\/span><\/p><\/li><\/ul><h3><span style=\"color: #ffffff;\">Professionnels et grandes entreprises<\/span><\/h3><ul data-spread=\"false\"><li><p><span style=\"color: #ffffff;\">Modernisation des processus industriels<\/span><\/p><\/li><li><p><span style=\"color: #ffffff;\">Int\u00e9gration de nouvelles technologies dans les activit\u00e9s existantes<\/span><\/p><\/li><li><p><span style=\"color: #ffffff;\">D\u00e9veloppement de solutions SaaS et plateformes digitales<\/span><\/p><\/li><\/ul>\t\t\t\t\t\t\t\t<\/div>\n\t\t\t\t<\/div>\n\t\t\t\t\t<\/div>\n\t\t\t\t<\/div>\n\t\t<div class=\"elementor-element elementor-element-932598e e-flex e-con-boxed elementor-invisible e-con e-parent\" data-id=\"932598e\" data-element_type=\"container\" data-settings=\"{&quot;background_background&quot;:&quot;classic&quot;,&quot;animation&quot;:&quot;fadeInUp&quot;}\">\n\t\t\t\t\t<div class=\"e-con-inner\">\n\t\t\t\t<div class=\"elementor-element elementor-element-fd19a8f elementor-widget elementor-widget-text-editor\" data-id=\"fd19a8f\" data-element_type=\"widget\" data-widget_type=\"text-editor.default\">\n\t\t\t\t<div class=\"elementor-widget-container\">\n\t\t\t\t\t\t\t\t\t<h2 data-pm-slice=\"1 1 []\">Pourquoi choisir notre groupe de financement ?<\/h2><p>Nous proposons des solutions de financement adapt\u00e9es \u00e0 chaque projet technologique, en garantissant un accompagnement strat\u00e9gique et des conditions optimis\u00e9es pour une croissance rapide.<\/p><h3>Nos avantages :<\/h3><p>\u2705 <strong>Acc\u00e8s \u00e0 des financements sur mesure<\/strong> \u2705 <strong>Taux de remboursement comp\u00e9titifs et flexibles<\/strong> \u2705 <strong>Accompagnement strat\u00e9gique et mise en relation avec des experts<\/strong> \u2705 <strong>Processus simplifi\u00e9 et rapide<\/strong><\/p>\t\t\t\t\t\t\t\t<\/div>\n\t\t\t\t<\/div>\n\t\t\t\t\t<\/div>\n\t\t\t\t<\/div>\n\t\t<div class=\"elementor-element elementor-element-4ddc2db e-flex e-con-boxed elementor-invisible e-con e-parent\" data-id=\"4ddc2db\" data-element_type=\"container\" data-settings=\"{&quot;background_background&quot;:&quot;classic&quot;,&quot;animation&quot;:&quot;fadeInUp&quot;}\">\n\t\t\t\t\t<div class=\"e-con-inner\">\n\t\t\t\t<div class=\"elementor-element elementor-element-2e2cf90 elementor-widget elementor-widget-heading\" data-id=\"2e2cf90\" data-element_type=\"widget\" data-widget_type=\"heading.default\">\n\t\t\t\t<div class=\"elementor-widget-container\">\n\t\t\t\t\t<h2 class=\"elementor-heading-title elementor-size-default\">Obtenez votre financement aujourd\u2019hui !<\/h2>\t\t\t\t<\/div>\n\t\t\t\t<\/div>\n\t\t\t\t<div class=\"elementor-element elementor-element-5f955b3 elementor-widget elementor-widget-text-editor\" data-id=\"5f955b3\" data-element_type=\"widget\" data-widget_type=\"text-editor.default\">\n\t\t\t\t<div class=\"elementor-widget-container\">\n\t\t\t\t\t\t\t\t\t<p data-pm-slice=\"1 1 []\">Acc\u00e9l\u00e9rez votre projet technologique en b\u00e9n\u00e9ficiant d\u2019un financement adapt\u00e9 \u00e0 vos besoins.<\/p>\t\t\t\t\t\t\t\t<\/div>\n\t\t\t\t<\/div>\n\t\t\t\t<div class=\"elementor-element elementor-element-9502ba8 elementor-align-center elementor-widget elementor-widget-button\" data-id=\"9502ba8\" data-element_type=\"widget\" data-widget_type=\"button.default\">\n\t\t\t\t<div class=\"elementor-widget-container\">\n\t\t\t\t\t\t\t\t\t<div class=\"elementor-button-wrapper\">\n\t\t\t\t\t<a class=\"elementor-button elementor-button-link elementor-size-sm\" href=\"https:\/\/flexifinanz.com\/index.php\/demander-un-financement\/\">\n\t\t\t\t\t\t<span class=\"elementor-button-content-wrapper\">\n\t\t\t\t\t\t<span class=\"elementor-button-icon\">\n\t\t\t\t<svg aria-hidden=\"true\" class=\"e-font-icon-svg e-fas-arrow-right\" viewBox=\"0 0 448 512\" xmlns=\"http:\/\/www.w3.org\/2000\/svg\"><path d=\"M190.5 66.9l22.2-22.2c9.4-9.4 24.6-9.4 33.9 0L441 239c9.4 9.4 9.4 24.6 0 33.9L246.6 467.3c-9.4 9.4-24.6 9.4-33.9 0l-22.2-22.2c-9.5-9.5-9.3-25 .4-34.3L311.4 296H24c-13.3 0-24-10.7-24-24v-32c0-13.3 10.7-24 24-24h287.4L190.9 101.2c-9.8-9.3-10-24.8-.4-34.3z\"><\/path><\/svg>\t\t\t<\/span>\n\t\t\t\t\t\t\t\t\t<span class=\"elementor-button-text\">Demander un financement<\/span>\n\t\t\t\t\t<\/span>\n\t\t\t\t\t<\/a>\n\t\t\t\t<\/div>\n\t\t\t\t\t\t\t\t<\/div>\n\t\t\t\t<\/div>\n\t\t\t\t\t<\/div>\n\t\t\t\t<\/div>\n\t\t\t\t<\/div>\n\t\t","protected":false},"excerpt":{"rendered":"<p>Pourquoi financer la technologie et l&rsquo;innovation ? L&rsquo;industrie technologique est en perp\u00e9tuelle \u00e9volution et constitue l&rsquo;un des secteurs les plus porteurs pour [&hellip;]<\/p>\n","protected":false},"author":1,"featured_media":329,"parent":192,"menu_order":0,"comment_status":"closed","ping_status":"closed","template":"","meta":{"om_disable_all_campaigns":false,"_monsterinsights_skip_tracking":false,"_monsterinsights_sitenote_active":false,"_monsterinsights_sitenote_note":"","_monsterinsights_sitenote_category":0,"footnotes":""},"class_list":["post-115","page","type-page","status-publish","has-post-thumbnail","hentry"],"aioseo_notices":[],"_links":{"self":[{"href":"https:\/\/flexifinanz.com\/fr\/wp-json\/wp\/v2\/pages\/115","targetHints":{"allow":["GET"]}}],"collection":[{"href":"https:\/\/flexifinanz.com\/fr\/wp-json\/wp\/v2\/pages"}],"about":[{"href":"https:\/\/flexifinanz.com\/fr\/wp-json\/wp\/v2\/types\/page"}],"author":[{"embeddable":true,"href":"https:\/\/flexifinanz.com\/fr\/wp-json\/wp\/v2\/users\/1"}],"replies":[{"embeddable":true,"href":"https:\/\/flexifinanz.com\/fr\/wp-json\/wp\/v2\/comments?post=115"}],"version-history":[{"count":0,"href":"https:\/\/flexifinanz.com\/fr\/wp-json\/wp\/v2\/pages\/115\/revisions"}],"up":[{"embeddable":true,"href":"https:\/\/flexifinanz.com\/fr\/wp-json\/wp\/v2\/pages\/192"}],"wp:featuredmedia":[{"embeddable":true,"href":"https:\/\/flexifinanz.com\/fr\/wp-json\/wp\/v2\/media\/329"}],"wp:attachment":[{"href":"https:\/\/flexifinanz.com\/fr\/wp-json\/wp\/v2\/media?parent=115"}],"curies":[{"name":"wp","href":"https:\/\/api.w.org\/{rel}","templated":true}]}}