{"id":859,"date":"2025-02-22T23:33:04","date_gmt":"2025-02-22T22:33:04","guid":{"rendered":"https:\/\/flexifinanz.com\/?page_id=859"},"modified":"2025-02-25T00:25:20","modified_gmt":"2025-02-24T23:25:20","slug":"politique-de-confidentialite","status":"publish","type":"page","link":"https:\/\/flexifinanz.com\/es\/politique-de-confidentialite\/","title":{"rendered":"pol\u00edtica de privacidad"},"content":{"rendered":"<div data-elementor-type=\"wp-page\" data-elementor-id=\"859\" class=\"elementor elementor-859\" data-elementor-settings=\"{&quot;element_pack_global_tooltip_width&quot;:{&quot;unit&quot;:&quot;px&quot;,&quot;size&quot;:&quot;&quot;,&quot;sizes&quot;:[]},&quot;element_pack_global_tooltip_width_tablet&quot;:{&quot;unit&quot;:&quot;px&quot;,&quot;size&quot;:&quot;&quot;,&quot;sizes&quot;:[]},&quot;element_pack_global_tooltip_width_mobile&quot;:{&quot;unit&quot;:&quot;px&quot;,&quot;size&quot;:&quot;&quot;,&quot;sizes&quot;:[]},&quot;element_pack_global_tooltip_padding&quot;:{&quot;unit&quot;:&quot;px&quot;,&quot;top&quot;:&quot;&quot;,&quot;right&quot;:&quot;&quot;,&quot;bottom&quot;:&quot;&quot;,&quot;left&quot;:&quot;&quot;,&quot;isLinked&quot;:true},&quot;element_pack_global_tooltip_padding_tablet&quot;:{&quot;unit&quot;:&quot;px&quot;,&quot;top&quot;:&quot;&quot;,&quot;right&quot;:&quot;&quot;,&quot;bottom&quot;:&quot;&quot;,&quot;left&quot;:&quot;&quot;,&quot;isLinked&quot;:true},&quot;element_pack_global_tooltip_padding_mobile&quot;:{&quot;unit&quot;:&quot;px&quot;,&quot;top&quot;:&quot;&quot;,&quot;right&quot;:&quot;&quot;,&quot;bottom&quot;:&quot;&quot;,&quot;left&quot;:&quot;&quot;,&quot;isLinked&quot;:true},&quot;element_pack_global_tooltip_border_radius&quot;:{&quot;unit&quot;:&quot;px&quot;,&quot;top&quot;:&quot;&quot;,&quot;right&quot;:&quot;&quot;,&quot;bottom&quot;:&quot;&quot;,&quot;left&quot;:&quot;&quot;,&quot;isLinked&quot;:true},&quot;element_pack_global_tooltip_border_radius_tablet&quot;:{&quot;unit&quot;:&quot;px&quot;,&quot;top&quot;:&quot;&quot;,&quot;right&quot;:&quot;&quot;,&quot;bottom&quot;:&quot;&quot;,&quot;left&quot;:&quot;&quot;,&quot;isLinked&quot;:true},&quot;element_pack_global_tooltip_border_radius_mobile&quot;:{&quot;unit&quot;:&quot;px&quot;,&quot;top&quot;:&quot;&quot;,&quot;right&quot;:&quot;&quot;,&quot;bottom&quot;:&quot;&quot;,&quot;left&quot;:&quot;&quot;,&quot;isLinked&quot;:true}}\" data-elementor-post-type=\"page\">\n\t\t\t\t<div class=\"elementor-element elementor-element-8c53f12 e-flex e-con-boxed e-con e-parent\" data-id=\"8c53f12\" data-element_type=\"container\" data-settings=\"{&quot;background_background&quot;:&quot;classic&quot;}\">\n\t\t\t\t\t<div class=\"e-con-inner\">\n\t\t\t\t<div class=\"elementor-element elementor-element-ee90e81 elementor-widget elementor-widget-text-editor\" data-id=\"ee90e81\" data-element_type=\"widget\" data-widget_type=\"text-editor.default\">\n\t\t\t\t<div class=\"elementor-widget-container\">\n\t\t\t\t\t\t\t\t\t<p data-start=\"280\" data-end=\"315\"><strong data-start=\"280\" data-end=\"306\">\u00daltima actualizaci\u00f3n:<\/strong> [Date]<\/p><p data-start=\"317\" data-end=\"619\">Bienvenido al sitio web de <strong data-start=\"342\" data-end=\"371\">FlexiFinanz<\/strong>. Proteger sus datos personales es una prioridad. Esta pol\u00edtica tiene como objetivo informarle sobre <strong data-start=\"474\" data-end=\"564\">C\u00f3mo recopilamos, usamos y protegemos su informaci\u00f3n personal<\/strong> cuando utiliza nuestra plataforma de financiaci\u00f3n.<\/p><hr data-start=\"621\" data-end=\"624\" \/><h3 data-start=\"626\" data-end=\"660\"><strong data-start=\"629\" data-end=\"658\">1. Informaci\u00f3n general<\/strong><\/h3><p data-start=\"661\" data-end=\"697\">\ud83d\udccc <strong data-start=\"664\" data-end=\"693\">Responsable del tratamiento de datos<\/strong> :<\/p><ul data-start=\"698\" data-end=\"845\"><li data-start=\"698\" data-end=\"731\"><strong data-start=\"700\" data-end=\"729\">[Nom de votre entreprise]<\/strong><\/li><li data-start=\"732\" data-end=\"768\"><strong data-start=\"734\" data-end=\"745\">DIRECCI\u00d3N<\/strong> : [Adresse compl\u00e8te]<\/li><li data-start=\"769\" data-end=\"803\"><strong data-start=\"771\" data-end=\"780\">Correo electr\u00f3nico<\/strong> : [Email de contact]<\/li><li data-start=\"804\" data-end=\"845\"><strong data-start=\"806\" data-end=\"819\">Tel\u00e9fono<\/strong> : [Num\u00e9ro de t\u00e9l\u00e9phone]<\/li><\/ul><p data-start=\"847\" data-end=\"1018\">\ud83d\udccc <strong data-start=\"850\" data-end=\"873\">Campo de aplicaci\u00f3n<\/strong> :<br data-start=\"875\" data-end=\"878\" \/>Esta pol\u00edtica se aplica a <strong data-start=\"907\" data-end=\"951\">Todos los visitantes, prospectos y clientes<\/strong> utilizando nuestros servicios en l\u00ednea y soluciones de financiaci\u00f3n.<\/p><hr data-start=\"1020\" data-end=\"1023\" \/><h3 data-start=\"1025\" data-end=\"1055\"><strong data-start=\"1028\" data-end=\"1053\">2. Datos recopilados<\/strong><\/h3><p data-start=\"1056\" data-end=\"1159\">Nosotros recopilamos <strong data-start=\"1072\" data-end=\"1109\">Diferentes categor\u00edas de datos<\/strong> dependiendo de su interacci\u00f3n con nuestra plataforma:<\/p><p data-start=\"1161\" data-end=\"1468\">\ud83d\udccc <strong data-start=\"1164\" data-end=\"1205\">Datos proporcionados directamente por usted<\/strong> :<br data-start=\"1207\" data-end=\"1210\" \/>\u2714 Nombre y apellido<br data-start=\"1225\" data-end=\"1228\" \/>\u2714 Direcci\u00f3n de correo electr\u00f3nico y n\u00famero de tel\u00e9fono<br data-start=\"1257\" data-end=\"1260\" \/>\u2714 Direcci\u00f3n postal<br data-start=\"1277\" data-end=\"1280\" \/>\u2714 Fecha de nacimiento<br data-start=\"1299\" data-end=\"1302\" \/>\u2714 Informaci\u00f3n bancaria (IBAN, banco actual)<br data-start=\"1350\" data-end=\"1353\" \/>\u2714 Ingresos y gastos financieros<br data-start=\"1385\" data-end=\"1388\" \/>\u2714 Documentos acreditativos (DNI, n\u00f3minas, extractos bancarios, etc.)<\/p><p data-start=\"1470\" data-end=\"1674\">\ud83d\udccc <strong data-start=\"1473\" data-end=\"1511\">Datos recopilados autom\u00e1ticamente<\/strong> :<br data-start=\"1513\" data-end=\"1516\" \/>\u2714 Direcci\u00f3n IP<br data-start=\"1528\" data-end=\"1531\" \/>\u2714 Datos de navegaci\u00f3n (cookies, p\u00e1ginas visitadas, tiempo de conexi\u00f3n)<br data-start=\"1600\" data-end=\"1603\" \/>\u2714 Informaci\u00f3n sobre el terminal utilizado (ordenador, m\u00f3vil, tablet)<\/p><p data-start=\"1676\" data-end=\"1863\">\ud83d\udccc <strong data-start=\"1679\" data-end=\"1715\">Datos obtenidos de terceros<\/strong> :<br data-start=\"1717\" data-end=\"1720\" \/>\u2714 Informaci\u00f3n de bases de datos de solvencia y expedientes de cr\u00e9dito (si aplica)<br data-start=\"1804\" data-end=\"1807\" \/>\u2714 Historial bancario y comportamiento de pago<\/p><hr data-start=\"1865\" data-end=\"1868\" \/><h3 data-start=\"1870\" data-end=\"1918\"><strong data-start=\"1873\" data-end=\"1916\">3. Finalidades de la recogida de datos<\/strong><\/h3><p data-start=\"1919\" data-end=\"2000\">Utilizamos sus datos como parte de nuestros servicios de financiaci\u00f3n, para:<\/p><p data-start=\"2002\" data-end=\"2410\">\u2714 <strong data-start=\"2004\" data-end=\"2055\">Analizar y procesar solicitudes de financiaci\u00f3n<\/strong><br data-start=\"2055\" data-end=\"2058\" \/>\u2714 <strong data-start=\"2060\" data-end=\"2118\">Eval\u00fae su solvencia y gestione el riesgo financiero<\/strong><br data-start=\"2118\" data-end=\"2121\" \/>\u2714 <strong data-start=\"2123\" data-end=\"2169\">Monitorizar contratos y pagos<\/strong><br data-start=\"2169\" data-end=\"2172\" \/>\u2714 <strong data-start=\"2174\" data-end=\"2229\">Cumplir con las obligaciones legales y reglamentarias<\/strong><br data-start=\"2229\" data-end=\"2232\" \/>\u2714 <strong data-start=\"2234\" data-end=\"2287\">Mejorar la experiencia del usuario en nuestro sitio<\/strong><br data-start=\"2287\" data-end=\"2290\" \/>\u2714 <strong data-start=\"2292\" data-end=\"2351\">Personaliza nuestras ofertas y recomendaciones financieras<\/strong><br data-start=\"2351\" data-end=\"2354\" \/>\u2714 <strong data-start=\"2356\" data-end=\"2408\">Garantizar la seguridad y la prevenci\u00f3n del fraude<\/strong><\/p><hr data-start=\"2412\" data-end=\"2415\" \/><h3 data-start=\"2417\" data-end=\"2462\"><strong data-start=\"2420\" data-end=\"2460\">4. Intercambio y protecci\u00f3n de datos<\/strong><\/h3><p data-start=\"2463\" data-end=\"2548\">\ud83d\udccc <strong data-start=\"2466\" data-end=\"2517\">Nos comprometemos a proteger su informaci\u00f3n.<\/strong> y nunca revenderlos.<\/p><p data-start=\"2550\" data-end=\"2891\">\ud83d\udccc <strong data-start=\"2553\" data-end=\"2610\">Posible cesi\u00f3n a terceros en los siguientes casos<\/strong> :<br data-start=\"2612\" data-end=\"2615\" \/>\u2714 Autoridades reguladoras y judiciales (en caso de obligaci\u00f3n legal)<br data-start=\"2685\" data-end=\"2688\" \/>\u2714 Socios bancarios y de seguros (si su expediente requiere garant\u00eda o cobertura)<br data-start=\"2785\" data-end=\"2788\" \/>\u2714 Proveedores de servicios t\u00e9cnicos y servidores de sitios (para garantizar el correcto funcionamiento de nuestros servicios)<\/p><p data-start=\"2893\" data-end=\"3204\">\ud83d\udccc <strong data-start=\"2896\" data-end=\"2936\">Medidas de protecci\u00f3n establecidas<\/strong> :<br data-start=\"2938\" data-end=\"2941\" \/>\u2714 Almacenamiento seguro de datos de acuerdo con los est\u00e1ndares <strong data-start=\"3006\" data-end=\"3014\">RGPD<\/strong><br data-start=\"3014\" data-end=\"3017\" \/>\u2714 Acceso restringido \u00fanicamente a personas autorizadas<br data-start=\"3066\" data-end=\"3069\" \/>\u2714 Cifrado de datos bancarios y personales sensibles<br data-start=\"3130\" data-end=\"3133\" \/>\u2714 Monitoreo de conexi\u00f3n para prevenir cualquier intento de fraude<\/p><hr data-start=\"3206\" data-end=\"3209\" \/><h3 data-start=\"3211\" data-end=\"3256\"><strong data-start=\"3214\" data-end=\"3254\">5. Periodo de conservaci\u00f3n de los datos<\/strong><\/h3><p data-start=\"3257\" data-end=\"3406\">\ud83d\udccc <strong data-start=\"3260\" data-end=\"3330\">Conservamos sus datos s\u00f3lo durante el tiempo necesario.<\/strong> a la gesti\u00f3n de su expediente y en cumplimiento de obligaciones legales.<\/p><p data-start=\"3408\" data-end=\"3695\">\u2714 <strong data-start=\"3410\" data-end=\"3433\">Datos financieros<\/strong> : hasta <strong data-start=\"3444\" data-end=\"3477\">5 a\u00f1os despu\u00e9s de la finalizaci\u00f3n del contrato<\/strong><br data-start=\"3477\" data-end=\"3480\" \/>\u2714 <strong data-start=\"3482\" data-end=\"3521\">Datos de contacto y navegaci\u00f3n<\/strong> : hasta <strong data-start=\"3532\" data-end=\"3574\">3 a\u00f1os despu\u00e9s de su \u00faltima interacci\u00f3n<\/strong><br data-start=\"3574\" data-end=\"3577\" \/>\u2714 <strong data-start=\"3579\" data-end=\"3605\">Datos contractuales<\/strong> : hasta <strong data-start=\"3616\" data-end=\"3654\">10 a\u00f1os despu\u00e9s del fin de la financiaci\u00f3n<\/strong>, de acuerdo con los requisitos contables<\/p><p data-start=\"3697\" data-end=\"3806\">Puedes hacerlo en cualquier momento <strong data-start=\"3723\" data-end=\"3765\">solicitar la eliminaci\u00f3n de sus datos<\/strong>, sujeto a obligaciones legales.<\/p><hr data-start=\"3808\" data-end=\"3811\" \/><h3 data-start=\"3813\" data-end=\"3851\"><strong data-start=\"3816\" data-end=\"3849\">6. Sus derechos sobre sus datos<\/strong><\/h3><p data-start=\"3852\" data-end=\"3932\">De acuerdo con la <strong data-start=\"3869\" data-end=\"3893\">Reglamento RGPD<\/strong>, usted tiene varios derechos:<\/p><p data-start=\"3934\" data-end=\"4349\">\u2714 <strong data-start=\"3936\" data-end=\"3953\">Derecho de acceso<\/strong> :Obtener una copia de los datos que tenemos sobre usted<br data-start=\"4012\" data-end=\"4015\" \/>\u2714 <strong data-start=\"4017\" data-end=\"4043\">Derecho de rectificaci\u00f3n<\/strong> :Modificar informaci\u00f3n inexacta o incompleta<br data-start=\"4096\" data-end=\"4099\" \/>\u2714 <strong data-start=\"4101\" data-end=\"4123\">Derecho a oponerse<\/strong> :Rechazar que sus datos sean utilizados con fines comerciales<br data-start=\"4190\" data-end=\"4193\" \/>\u2714 <strong data-start=\"4195\" data-end=\"4214\">Derecho al olvido<\/strong> :Solicitar la supresi\u00f3n de sus datos personales<br data-start=\"4268\" data-end=\"4271\" \/>\u2714 <strong data-start=\"4273\" data-end=\"4299\">Derecho a la portabilidad<\/strong> :Recibe tus datos en un formato estructurado<\/p><p data-start=\"4351\" data-end=\"4498\">\ud83d\udccc <strong data-start=\"4354\" data-end=\"4386\">\u00bfC\u00f3mo ejercer tus derechos?<\/strong><br data-start=\"4386\" data-end=\"4389\" \/>\ud83d\udce9 Env\u00eda un correo electr\u00f3nico a <strong data-start=\"4412\" data-end=\"4434\">[Email de contact]<\/strong> con su solicitud y copia de comprobante de identidad.<\/p><hr data-start=\"4500\" data-end=\"4503\" \/><h3 data-start=\"4505\" data-end=\"4536\"><strong data-start=\"4508\" data-end=\"4534\">7. Gesti\u00f3n de cookies<\/strong><\/h3><p data-start=\"4537\" data-end=\"4739\">\ud83d\udccc <strong data-start=\"4540\" data-end=\"4568\">\u00bfQu\u00e9 es una cookie?<\/strong><br data-start=\"4568\" data-end=\"4571\" \/>Una cookie es un peque\u00f1o archivo que se almacena en su dispositivo cuando visita nuestro sitio. Ayuda a mejorar su experiencia de navegaci\u00f3n y a proporcionar contenido personalizado.<\/p><p data-start=\"4741\" data-end=\"4990\">\ud83d\udccc <strong data-start=\"4744\" data-end=\"4779\">Cookies utilizadas en nuestro sitio<\/strong> :<br data-start=\"4781\" data-end=\"4784\" \/>\u2714 Cookies funcionales (necesarias para el correcto funcionamiento del sitio)<br data-start=\"4850\" data-end=\"4853\" \/>\u2714 Cookies anal\u00edticas (estad\u00edsticas y optimizaci\u00f3n del recorrido del usuario)<br data-start=\"4929\" data-end=\"4932\" \/>\u2714 Cookies publicitarias (ofertas adaptadas a tu perfil)<\/p><p data-start=\"4992\" data-end=\"5212\">\ud83d\udccc <strong data-start=\"4995\" data-end=\"5026\">\u00bfC\u00f3mo gestionar tus cookies?<\/strong><br data-start=\"5026\" data-end=\"5029\" \/>Puede cambiar sus preferencias en cualquier momento a trav\u00e9s del <strong data-start=\"5088\" data-end=\"5122\">la configuraci\u00f3n de su navegador<\/strong> o en <strong data-start=\"5129\" data-end=\"5167\">rechazar el uso de cookies<\/strong> Cuando visite el sitio por primera vez.<\/p><hr data-start=\"5214\" data-end=\"5217\" \/><h3 data-start=\"5219\" data-end=\"5259\"><strong data-start=\"5222\" data-end=\"5257\">8. Modificaciones y actualizaciones<\/strong><\/h3><p data-start=\"5260\" data-end=\"5409\">\ud83d\udccc <strong data-start=\"5263\" data-end=\"5342\">Nos reservamos el derecho de modificar esta pol\u00edtica de privacidad.<\/strong> con el fin de cumplir con los avances legales y tecnol\u00f3gicos.<\/p><p data-start=\"5411\" data-end=\"5531\">\ud83d\udcc5 <strong data-start=\"5414\" data-end=\"5440\">\u00daltima actualizaci\u00f3n:<\/strong> [Date]<br data-start=\"5447\" data-end=\"5450\" \/>Cualquier cambio se publicar\u00e1 en esta p\u00e1gina y entrar\u00e1 en vigor inmediatamente.<\/p><hr data-start=\"5533\" data-end=\"5536\" \/><h3 data-start=\"5538\" data-end=\"5573\"><strong data-start=\"5541\" data-end=\"5571\">9. Contacto y reclamaciones<\/strong><\/h3><p data-start=\"5574\" data-end=\"5787\">\ud83d\udce9 <strong data-start=\"5577\" data-end=\"5665\">Para cualquier consulta o solicitud respecto a sus datos personales, cont\u00e1ctenos:<\/strong><br data-start=\"5665\" data-end=\"5668\" \/>\ud83d\udce7 <strong data-start=\"5671\" data-end=\"5680\">Correo electr\u00f3nico<\/strong> : [Adresse Email]<br data-start=\"5698\" data-end=\"5701\" \/>\ud83d\udccd <strong data-start=\"5704\" data-end=\"5723\">Direcci\u00f3n de envio<\/strong> : [Adresse compl\u00e8te]<br data-start=\"5744\" data-end=\"5747\" \/>\ud83d\udcde <strong data-start=\"5750\" data-end=\"5763\">Tel\u00e9fono<\/strong> : [Num\u00e9ro de contact]<\/p><p data-start=\"5789\" data-end=\"5998\">Si siente que sus derechos no est\u00e1n siendo respetados, puede <strong data-start=\"5855\" data-end=\"5896\">Presentar una reclamaci\u00f3n ante la CNIL<\/strong> (Comisi\u00f3n Nacional de Tecnolog\u00edas de la Informaci\u00f3n y Libertades Civiles) o la autoridad competente de su pa\u00eds.<\/p>\t\t\t\t\t\t\t\t<\/div>\n\t\t\t\t<\/div>\n\t\t\t\t\t<\/div>\n\t\t\t\t<\/div>\n\t\t\t\t<\/div>","protected":false},"excerpt":{"rendered":"<p>Derni\u00e8re mise \u00e0 jour : [Date] Bienvenue sur le site de FlexiFinanz. La protection de vos donn\u00e9es personnelles est une priorit\u00e9. Cette [&hellip;]<\/p>","protected":false},"author":1,"featured_media":0,"parent":0,"menu_order":0,"comment_status":"closed","ping_status":"closed","template":"","meta":{"om_disable_all_campaigns":false,"_monsterinsights_skip_tracking":false,"_monsterinsights_sitenote_active":false,"_monsterinsights_sitenote_note":"","_monsterinsights_sitenote_category":0,"footnotes":""},"class_list":["post-859","page","type-page","status-publish","hentry"],"aioseo_notices":[],"_links":{"self":[{"href":"https:\/\/flexifinanz.com\/es\/wp-json\/wp\/v2\/pages\/859","targetHints":{"allow":["GET"]}}],"collection":[{"href":"https:\/\/flexifinanz.com\/es\/wp-json\/wp\/v2\/pages"}],"about":[{"href":"https:\/\/flexifinanz.com\/es\/wp-json\/wp\/v2\/types\/page"}],"author":[{"embeddable":true,"href":"https:\/\/flexifinanz.com\/es\/wp-json\/wp\/v2\/users\/1"}],"replies":[{"embeddable":true,"href":"https:\/\/flexifinanz.com\/es\/wp-json\/wp\/v2\/comments?post=859"}],"version-history":[{"count":0,"href":"https:\/\/flexifinanz.com\/es\/wp-json\/wp\/v2\/pages\/859\/revisions"}],"wp:attachment":[{"href":"https:\/\/flexifinanz.com\/es\/wp-json\/wp\/v2\/media?parent=859"}],"curies":[{"name":"wp","href":"https:\/\/api.w.org\/{rel}","templated":true}]}}