{"id":850,"date":"2025-02-22T23:27:30","date_gmt":"2025-02-22T22:27:30","guid":{"rendered":"https:\/\/flexifinanz.com\/?page_id=850"},"modified":"2025-03-14T11:16:21","modified_gmt":"2025-03-14T10:16:21","slug":"termes-et-conditions-generales-du-financement","status":"publish","type":"page","link":"https:\/\/flexifinanz.com\/es\/termes-et-conditions-generales-du-financement\/","title":{"rendered":"Condiciones generales de financiaci\u00f3n"},"content":{"rendered":"<div data-elementor-type=\"wp-page\" data-elementor-id=\"850\" class=\"elementor elementor-850\" data-elementor-settings=\"{&quot;element_pack_global_tooltip_width&quot;:{&quot;unit&quot;:&quot;px&quot;,&quot;size&quot;:&quot;&quot;,&quot;sizes&quot;:[]},&quot;element_pack_global_tooltip_width_tablet&quot;:{&quot;unit&quot;:&quot;px&quot;,&quot;size&quot;:&quot;&quot;,&quot;sizes&quot;:[]},&quot;element_pack_global_tooltip_width_mobile&quot;:{&quot;unit&quot;:&quot;px&quot;,&quot;size&quot;:&quot;&quot;,&quot;sizes&quot;:[]},&quot;element_pack_global_tooltip_padding&quot;:{&quot;unit&quot;:&quot;px&quot;,&quot;top&quot;:&quot;&quot;,&quot;right&quot;:&quot;&quot;,&quot;bottom&quot;:&quot;&quot;,&quot;left&quot;:&quot;&quot;,&quot;isLinked&quot;:true},&quot;element_pack_global_tooltip_padding_tablet&quot;:{&quot;unit&quot;:&quot;px&quot;,&quot;top&quot;:&quot;&quot;,&quot;right&quot;:&quot;&quot;,&quot;bottom&quot;:&quot;&quot;,&quot;left&quot;:&quot;&quot;,&quot;isLinked&quot;:true},&quot;element_pack_global_tooltip_padding_mobile&quot;:{&quot;unit&quot;:&quot;px&quot;,&quot;top&quot;:&quot;&quot;,&quot;right&quot;:&quot;&quot;,&quot;bottom&quot;:&quot;&quot;,&quot;left&quot;:&quot;&quot;,&quot;isLinked&quot;:true},&quot;element_pack_global_tooltip_border_radius&quot;:{&quot;unit&quot;:&quot;px&quot;,&quot;top&quot;:&quot;&quot;,&quot;right&quot;:&quot;&quot;,&quot;bottom&quot;:&quot;&quot;,&quot;left&quot;:&quot;&quot;,&quot;isLinked&quot;:true},&quot;element_pack_global_tooltip_border_radius_tablet&quot;:{&quot;unit&quot;:&quot;px&quot;,&quot;top&quot;:&quot;&quot;,&quot;right&quot;:&quot;&quot;,&quot;bottom&quot;:&quot;&quot;,&quot;left&quot;:&quot;&quot;,&quot;isLinked&quot;:true},&quot;element_pack_global_tooltip_border_radius_mobile&quot;:{&quot;unit&quot;:&quot;px&quot;,&quot;top&quot;:&quot;&quot;,&quot;right&quot;:&quot;&quot;,&quot;bottom&quot;:&quot;&quot;,&quot;left&quot;:&quot;&quot;,&quot;isLinked&quot;:true}}\" data-elementor-post-type=\"page\">\n\t\t\t\t<div class=\"elementor-element elementor-element-5f76b320 e-flex e-con-boxed e-con e-parent\" data-id=\"5f76b320\" data-element_type=\"container\" data-settings=\"{&quot;background_background&quot;:&quot;classic&quot;}\">\n\t\t\t\t\t<div class=\"e-con-inner\">\n\t\t\t\t<div class=\"elementor-element elementor-element-489873aa elementor-widget elementor-widget-text-editor\" data-id=\"489873aa\" data-element_type=\"widget\" data-widget_type=\"text-editor.default\">\n\t\t\t\t<div class=\"elementor-widget-container\">\n\t\t\t\t\t\t\t\t\t<h3 data-start=\"324\" data-end=\"360\"><strong data-start=\"328\" data-end=\"358\">1. Presentaci\u00f3n del Servicio<\/strong><\/h3><p data-start=\"361\" data-end=\"617\">Este documento establece la <strong data-start=\"393\" data-end=\"427\">T\u00e9rminos y condiciones generales<\/strong> aplicable a los servicios de financiaci\u00f3n ofrecidos por <strong data-start=\"481\" data-end=\"510\">Flexifinanciaci\u00f3n<\/strong>. Al solicitar financiaci\u00f3n en nuestra plataforma, usted acepta estos t\u00e9rminos en su totalidad.<\/p><hr data-start=\"619\" data-end=\"622\" \/><h3 data-start=\"624\" data-end=\"684\"><strong data-start=\"627\" data-end=\"682\">2. Elegibilidad y condiciones de acceso a la financiaci\u00f3n<\/strong><\/h3><p data-start=\"685\" data-end=\"1176\">Para ser elegible para recibir financiaci\u00f3n, el solicitante debe:<br data-start=\"746\" data-end=\"749\" \/>\u2714 Ser mayor de edad <strong data-start=\"763\" data-end=\"781\">Edad m\u00ednima 18 a\u00f1os<\/strong> y residir en un pa\u00eds elegible.<br data-start=\"815\" data-end=\"818\" \/>\u2714 Proporcionar <strong data-start=\"832\" data-end=\"869\">informaci\u00f3n precisa y completa<\/strong> sobre su identidad, su situaci\u00f3n profesional y financiera.<br data-start=\"931\" data-end=\"934\" \/>\u2714 No ser <strong data-start=\"948\" data-end=\"996\">Registrado en un expediente de incidentes crediticios<\/strong> a menos que se proporcione una garant\u00eda compensatoria.<br data-start=\"1045\" data-end=\"1048\" \/>\u2714 Respetar los criterios espec\u00edficos en funci\u00f3n del <strong data-start=\"1100\" data-end=\"1131\">tipo de financiaci\u00f3n solicitada<\/strong> (bienes inmuebles, negocios, personal, etc.).<\/p><p data-start=\"1178\" data-end=\"1266\">\u2139 <strong data-start=\"1180\" data-end=\"1264\">Cualquier declaraci\u00f3n falsa podr\u00e1 dar lugar a la denegaci\u00f3n o cancelaci\u00f3n del financiamiento.<\/strong><\/p><hr data-start=\"1268\" data-end=\"1271\" \/><h3 data-start=\"1273\" data-end=\"1329\"><strong data-start=\"1276\" data-end=\"1327\">3. Monto, duraci\u00f3n y condiciones del reembolso<\/strong><\/h3><p data-start=\"1330\" data-end=\"1693\">\u2714 <strong data-start=\"1332\" data-end=\"1351\">Importe m\u00ednimo<\/strong> : 100.000 \u20ac \u2013 <strong data-start=\"1365\" data-end=\"1384\">Importe m\u00e1ximo<\/strong> :<strong> \u221e<\/strong> \u20ac<br data-start=\"1396\" data-end=\"1399\" \/>\u2714 <strong data-start=\"1401\" data-end=\"1425\">Duraci\u00f3n de la financiaci\u00f3n<\/strong> : <strong data-start=\"1428\" data-end=\"1448\">De 12 a 360 meses<\/strong> dependiendo del proyecto y elegibilidad.<br data-start=\"1482\" data-end=\"1485\" \/>\u2714 <strong data-start=\"1487\" data-end=\"1504\">Reembolso<\/strong> :Mensual, con d\u00e9bito autom\u00e1tico en la cuenta bancaria proporcionada.<br data-start=\"1575\" data-end=\"1578\" \/>\u2714 <strong data-start=\"1580\" data-end=\"1607\">Tasa de inter\u00e9s aplicada<\/strong> : De <strong data-start=\"1622\" data-end=\"1631\">2 %<\/strong>, dependiendo del tipo de financiaci\u00f3n y del perfil del prestatario.<\/p><p data-start=\"1695\" data-end=\"1821\">\ud83d\udccc <strong data-start=\"1698\" data-end=\"1819\">Cualquier pago tard\u00edo puede resultar en cargos adicionales y un impacto negativo en su historial crediticio.<\/strong><\/p><hr data-start=\"1823\" data-end=\"1826\" \/><h3 data-start=\"1828\" data-end=\"1863\"><strong data-start=\"1831\" data-end=\"1861\">4. Garant\u00edas y Seguros<\/strong><\/h3><p data-start=\"1864\" data-end=\"2091\">Para asegurar su financiamiento, es posible que necesitemos:<br data-start=\"1919\" data-end=\"1922\" \/>\u2714 <strong data-start=\"1924\" data-end=\"1940\">Una garant\u00eda<\/strong> (hipoteca, garant\u00eda bancaria, prenda de bienes).<br data-start=\"1995\" data-end=\"1998\" \/>\u2714 <strong data-start=\"2000\" data-end=\"2028\">Seguro del prestatario<\/strong> cubriendo los riesgos de muerte, invalidez o p\u00e9rdida de empleo.<\/p><p data-start=\"2093\" data-end=\"2216\">\u2139 Si el seguro es opcional, le recomendamos encarecidamente que contrate la protecci\u00f3n adecuada a su situaci\u00f3n.<\/p><hr data-start=\"2218\" data-end=\"2221\" \/><h3 data-start=\"2223\" data-end=\"2259\"><strong data-start=\"2226\" data-end=\"2257\">5. Compromisos del solicitante<\/strong><\/h3><p data-start=\"2260\" data-end=\"2608\">Al aceptar estos t\u00e9rminos, el prestatario acepta:<br data-start=\"2310\" data-end=\"2313\" \/>\u2714 Utilizar los fondos para el prop\u00f3sito declarado en la solicitud de financiamiento.<br data-start=\"2386\" data-end=\"2389\" \/>\u2714 Pagador <strong data-start=\"2397\" data-end=\"2438\">pagos mensuales en las fechas de vencimiento<\/strong> sin retardo<br data-start=\"2451\" data-end=\"2454\" \/>\u2714 Informar inmediatamente <strong data-start=\"2479\" data-end=\"2511\">cualquier cambio de situaci\u00f3n<\/strong> (trabajo, ingresos, direcci\u00f3n, etc.).<br data-start=\"2545\" data-end=\"2548\" \/>\u2714 Cumplir con todas las leyes y regulaciones aplicables.<\/p><p data-start=\"2610\" data-end=\"2722\">\ud83d\udccc <strong data-start=\"2613\" data-end=\"2720\">Cualquier incumplimiento de los compromisos puede dar lugar a la terminaci\u00f3n del financiamiento y a acciones legales.<\/strong><\/p><hr data-start=\"2724\" data-end=\"2727\" \/><h3 data-start=\"2729\" data-end=\"2776\"><strong data-start=\"2732\" data-end=\"2774\">6. Tratamiento de datos personales<\/strong><\/h3><p data-start=\"2777\" data-end=\"3133\">Sus datos personales se recogen y procesan de acuerdo con nuestra <strong data-start=\"2851\" data-end=\"2883\">pol\u00edtica de privacidad<\/strong>.<br data-start=\"2884\" data-end=\"2887\" \/>\u2714 Se utilizan exclusivamente para <strong data-start=\"2929\" data-end=\"2971\">el estudio y gesti\u00f3n de su expediente<\/strong>.<br data-start=\"2972\" data-end=\"2975\" \/>\u2714 No lo ser\u00e1n <strong data-start=\"2993\" data-end=\"3025\">Nunca revendido a terceros<\/strong>.<br data-start=\"3026\" data-end=\"3029\" \/>\u2714 Tienes una <strong data-start=\"3050\" data-end=\"3102\">derecho de acceso, modificaci\u00f3n y supresi\u00f3n<\/strong> de sus datos personales.<\/p><hr data-start=\"3135\" data-end=\"3138\" \/><h3 data-start=\"3140\" data-end=\"3192\"><strong data-start=\"3143\" data-end=\"3190\">7. Terminaci\u00f3n y cancelaci\u00f3n de la financiaci\u00f3n<\/strong><\/h3><p data-start=\"3193\" data-end=\"3517\">Su solicitud puede ser <strong data-start=\"3217\" data-end=\"3250\">rechazado, cancelado o suspendido<\/strong> en los siguientes casos:<br data-start=\"3274\" data-end=\"3277\" \/>\u2714 Se detect\u00f3 tergiversaci\u00f3n o fraude.<br data-start=\"3317\" data-end=\"3320\" \/>\u2714 Incumplimiento de obligaciones contractuales (impago, retraso, no utilizaci\u00f3n de financiaci\u00f3n).<br data-start=\"3429\" data-end=\"3432\" \/>\u2714 Cambio en la situaci\u00f3n financiera que pone en peligro la capacidad de pago.<\/p><p data-start=\"3519\" data-end=\"3676\">\u2139 En caso de cancelaci\u00f3n, el solicitante deber\u00e1: <strong data-start=\"3561\" data-end=\"3605\">reembolsar inmediatamente cualquier cantidad adeudada<\/strong> de acuerdo con las condiciones establecidas en el contrato de financiaci\u00f3n.<\/p><hr data-start=\"3678\" data-end=\"3681\" \/><h3 data-start=\"3683\" data-end=\"3725\"><strong data-start=\"3686\" data-end=\"3723\">8. Quejas y atenci\u00f3n al cliente<\/strong><\/h3><p data-start=\"3726\" data-end=\"3921\">\ud83d\udcde <strong data-start=\"3729\" data-end=\"3748\">\u00bfNecesitar ayuda?<\/strong> Nuestro equipo est\u00e1 disponible para responder todas sus preguntas.<br data-start=\"3814\" data-end=\"3817\" \/>\ud83d\udce9 <strong data-start=\"3820\" data-end=\"3848\">Cont\u00e1ctenos por correo electr\u00f3nico<\/strong> : infos@flexifinanz.com<br data-start=\"3866\" data-end=\"3869\" \/>\ud83d\udccd <strong data-start=\"3872\" data-end=\"3898\">O visite nuestras oficinas<\/strong> \u00e0 Paris, France; Bruxelle, Belgique; Lom\u00e9, Togo<\/p><hr data-start=\"3923\" data-end=\"3926\" \/><h3 data-start=\"3928\" data-end=\"3978\"><strong data-start=\"3931\" data-end=\"3976\">9. Modificaciones a los T\u00e9rminos y Condiciones<\/strong><\/h3><p data-start=\"3979\" data-end=\"4142\">\ud83d\udccc <strong data-start=\"3982\" data-end=\"4052\">Nos reservamos el derecho de modificar estos t\u00e9rminos en cualquier momento.<\/strong><br data-start=\"4052\" data-end=\"4055\" \/>Cualquier actualizaci\u00f3n se comunicar\u00e1 a trav\u00e9s de nuestro sitio web y entrar\u00e1 en vigor de inmediato.<\/p><hr data-start=\"4144\" data-end=\"4147\" \/><h3 data-start=\"4149\" data-end=\"4188\"><strong data-start=\"4152\" data-end=\"4186\">10. Aceptaci\u00f3n de las Condiciones<\/strong><\/h3><p data-start=\"4189\" data-end=\"4325\">Al enviar su solicitud de financiaci\u00f3n, usted reconoce haber <strong data-start=\"4257\" data-end=\"4283\">Le\u00eddo, entendido y aceptado<\/strong> El presente <strong data-start=\"4298\" data-end=\"4322\">Condiciones generales<\/strong>.<\/p><p data-start=\"4327\" data-end=\"4365\">\ud83d\udd39 <strong data-start=\"4330\" data-end=\"4354\">\u00daltima actualizaci\u00f3n<\/strong> : 13\/04\/2018<\/p>\t\t\t\t\t\t\t\t<\/div>\n\t\t\t\t<\/div>\n\t\t\t\t\t<\/div>\n\t\t\t\t<\/div>\n\t\t<div class=\"elementor-element elementor-element-563fa9bd e-flex e-con-boxed elementor-invisible e-con e-parent\" data-id=\"563fa9bd\" data-element_type=\"container\" data-settings=\"{&quot;background_background&quot;:&quot;classic&quot;,&quot;animation&quot;:&quot;fadeInUp&quot;}\">\n\t\t\t\t\t<div class=\"e-con-inner\">\n\t\t\t\t<div class=\"elementor-element elementor-element-5881e4fa elementor-widget elementor-widget-heading\" data-id=\"5881e4fa\" data-element_type=\"widget\" data-widget_type=\"heading.default\">\n\t\t\t\t<div class=\"elementor-widget-container\">\n\t\t\t\t\t<h2 class=\"elementor-heading-title elementor-size-default\">\u00bfListo para invertir con tasas competitivas?<\/h2>\t\t\t\t<\/div>\n\t\t\t\t<\/div>\n\t\t\t\t<div class=\"elementor-element elementor-element-1dce8553 elementor-widget elementor-widget-text-editor\" data-id=\"1dce8553\" data-element_type=\"widget\" data-widget_type=\"text-editor.default\">\n\t\t\t\t<div class=\"elementor-widget-container\">\n\t\t\t\t\t\t\t\t\t<p data-pm-slice=\"1 1 []\">Disfrutar <strong>Nuestras tarifas bajas<\/strong> y realiza tus proyectos con <strong>Financiaci\u00f3n optimizada y ventajosa<\/strong>.<\/p>\t\t\t\t\t\t\t\t<\/div>\n\t\t\t\t<\/div>\n\t\t\t\t<div class=\"elementor-element elementor-element-14aa2111 elementor-align-center elementor-widget elementor-widget-button\" data-id=\"14aa2111\" data-element_type=\"widget\" data-widget_type=\"button.default\">\n\t\t\t\t<div class=\"elementor-widget-container\">\n\t\t\t\t\t\t\t\t\t<div class=\"elementor-button-wrapper\">\n\t\t\t\t\t<a class=\"elementor-button elementor-button-link elementor-size-sm\" href=\"https:\/\/flexifinanz.com\/es\/demander-un-financement\/\">\n\t\t\t\t\t\t<span class=\"elementor-button-content-wrapper\">\n\t\t\t\t\t\t<span class=\"elementor-button-icon\">\n\t\t\t\t<svg aria-hidden=\"true\" class=\"e-font-icon-svg e-fas-arrow-right\" viewbox=\"0 0 448 512\" xmlns=\"http:\/\/www.w3.org\/2000\/svg\"><path d=\"M190.5 66.9l22.2-22.2c9.4-9.4 24.6-9.4 33.9 0L441 239c9.4 9.4 9.4 24.6 0 33.9L246.6 467.3c-9.4 9.4-24.6 9.4-33.9 0l-22.2-22.2c-9.5-9.5-9.3-25 .4-34.3L311.4 296H24c-13.3 0-24-10.7-24-24v-32c0-13.3 10.7-24 24-24h287.4L190.9 101.2c-9.8-9.3-10-24.8-.4-34.3z\"><\/path><\/svg>\t\t\t<\/span>\n\t\t\t\t\t\t\t\t\t<span class=\"elementor-button-text\">Solicitar financiaci\u00f3n<\/span>\n\t\t\t\t\t<\/span>\n\t\t\t\t\t<\/a>\n\t\t\t\t<\/div>\n\t\t\t\t\t\t\t\t<\/div>\n\t\t\t\t<\/div>\n\t\t\t\t\t<\/div>\n\t\t\t\t<\/div>\n\t\t\t\t<\/div>","protected":false},"excerpt":{"rendered":"<p>1. Pr\u00e9sentation du Service Le pr\u00e9sent document \u00e9tablit les termes et conditions g\u00e9n\u00e9rales applicables aux services de financement propos\u00e9s par Flexifinanz. En [&hellip;]<\/p>","protected":false},"author":1,"featured_media":0,"parent":0,"menu_order":0,"comment_status":"closed","ping_status":"closed","template":"","meta":{"om_disable_all_campaigns":false,"_monsterinsights_skip_tracking":false,"_monsterinsights_sitenote_active":false,"_monsterinsights_sitenote_note":"","_monsterinsights_sitenote_category":0,"footnotes":""},"class_list":["post-850","page","type-page","status-publish","hentry"],"aioseo_notices":[],"_links":{"self":[{"href":"https:\/\/flexifinanz.com\/es\/wp-json\/wp\/v2\/pages\/850","targetHints":{"allow":["GET"]}}],"collection":[{"href":"https:\/\/flexifinanz.com\/es\/wp-json\/wp\/v2\/pages"}],"about":[{"href":"https:\/\/flexifinanz.com\/es\/wp-json\/wp\/v2\/types\/page"}],"author":[{"embeddable":true,"href":"https:\/\/flexifinanz.com\/es\/wp-json\/wp\/v2\/users\/1"}],"replies":[{"embeddable":true,"href":"https:\/\/flexifinanz.com\/es\/wp-json\/wp\/v2\/comments?post=850"}],"version-history":[{"count":0,"href":"https:\/\/flexifinanz.com\/es\/wp-json\/wp\/v2\/pages\/850\/revisions"}],"wp:attachment":[{"href":"https:\/\/flexifinanz.com\/es\/wp-json\/wp\/v2\/media?parent=850"}],"curies":[{"name":"wp","href":"https:\/\/api.w.org\/{rel}","templated":true}]}}