{"id":451,"date":"2025-02-21T03:24:24","date_gmt":"2025-02-21T02:24:24","guid":{"rendered":"https:\/\/flexifinanz.com\/?page_id=451"},"modified":"2025-02-26T00:05:31","modified_gmt":"2025-02-25T23:05:31","slug":"financiacion-seguros-asegura-tu-proyecto","status":"publish","type":"page","link":"https:\/\/flexifinanz.com\/es\/financiacion-seguros-asegura-tu-proyecto\/","title":{"rendered":"Seguro de Financiamiento: Asegure su Proyecto"},"content":{"rendered":"<div data-elementor-type=\"wp-page\" data-elementor-id=\"451\" class=\"elementor elementor-451\" data-elementor-settings=\"{&quot;element_pack_global_tooltip_width&quot;:{&quot;unit&quot;:&quot;px&quot;,&quot;size&quot;:&quot;&quot;,&quot;sizes&quot;:[]},&quot;element_pack_global_tooltip_width_tablet&quot;:{&quot;unit&quot;:&quot;px&quot;,&quot;size&quot;:&quot;&quot;,&quot;sizes&quot;:[]},&quot;element_pack_global_tooltip_width_mobile&quot;:{&quot;unit&quot;:&quot;px&quot;,&quot;size&quot;:&quot;&quot;,&quot;sizes&quot;:[]},&quot;element_pack_global_tooltip_padding&quot;:{&quot;unit&quot;:&quot;px&quot;,&quot;top&quot;:&quot;&quot;,&quot;right&quot;:&quot;&quot;,&quot;bottom&quot;:&quot;&quot;,&quot;left&quot;:&quot;&quot;,&quot;isLinked&quot;:true},&quot;element_pack_global_tooltip_padding_tablet&quot;:{&quot;unit&quot;:&quot;px&quot;,&quot;top&quot;:&quot;&quot;,&quot;right&quot;:&quot;&quot;,&quot;bottom&quot;:&quot;&quot;,&quot;left&quot;:&quot;&quot;,&quot;isLinked&quot;:true},&quot;element_pack_global_tooltip_padding_mobile&quot;:{&quot;unit&quot;:&quot;px&quot;,&quot;top&quot;:&quot;&quot;,&quot;right&quot;:&quot;&quot;,&quot;bottom&quot;:&quot;&quot;,&quot;left&quot;:&quot;&quot;,&quot;isLinked&quot;:true},&quot;element_pack_global_tooltip_border_radius&quot;:{&quot;unit&quot;:&quot;px&quot;,&quot;top&quot;:&quot;&quot;,&quot;right&quot;:&quot;&quot;,&quot;bottom&quot;:&quot;&quot;,&quot;left&quot;:&quot;&quot;,&quot;isLinked&quot;:true},&quot;element_pack_global_tooltip_border_radius_tablet&quot;:{&quot;unit&quot;:&quot;px&quot;,&quot;top&quot;:&quot;&quot;,&quot;right&quot;:&quot;&quot;,&quot;bottom&quot;:&quot;&quot;,&quot;left&quot;:&quot;&quot;,&quot;isLinked&quot;:true},&quot;element_pack_global_tooltip_border_radius_mobile&quot;:{&quot;unit&quot;:&quot;px&quot;,&quot;top&quot;:&quot;&quot;,&quot;right&quot;:&quot;&quot;,&quot;bottom&quot;:&quot;&quot;,&quot;left&quot;:&quot;&quot;,&quot;isLinked&quot;:true}}\" data-elementor-post-type=\"page\">\n\t\t\t\t<div class=\"elementor-element elementor-element-d13003a e-flex e-con-boxed e-con e-parent\" data-id=\"d13003a\" data-element_type=\"container\" data-settings=\"{&quot;background_background&quot;:&quot;classic&quot;}\">\n\t\t\t\t\t<div class=\"e-con-inner\">\n\t\t\t\t<div class=\"elementor-element elementor-element-59e44634 elementor-widget elementor-widget-text-editor\" data-id=\"59e44634\" data-element_type=\"widget\" data-widget_type=\"text-editor.default\">\n\t\t\t\t<div class=\"elementor-widget-container\">\n\t\t\t\t\t\t\t\t\t<h2 data-pm-slice=\"1 1 []\">\u00bfPor qu\u00e9 contratar un seguro para tu financiaci\u00f3n?<\/h2><p>Obtener financiaci\u00f3n es un paso clave para hacer realidad un proyecto, pero es igualmente importante <strong>protegerse contra lo inesperado<\/strong> lo que puede afectar la rentabilidad y la capacidad de pago. NUESTRO <strong>seguro de financiaci\u00f3n<\/strong> Proporciona protecci\u00f3n integral contra riesgos operativos, econ\u00f3micos y materiales.<\/p><p>Este seguro es <strong>OBLIGATORIO<\/strong> para garantizar la viabilidad del proyecto y asegurar la correcta gesti\u00f3n del reembolso.<\/p><p>\u2705 <strong>Asegurar reembolsos y compromisos financieros<\/strong><br \/>\u2705 <strong>Cobertura contra riesgos econ\u00f3micos y materiales<\/strong><br \/>\u2705 <strong>Protecci\u00f3n contra interrupciones y p\u00e9rdidas financieras<\/strong><br \/>\u2705 <strong>Apoyo en caso de eventos imprevistos que afecten el proyecto<\/strong><\/p>\t\t\t\t\t\t\t\t<\/div>\n\t\t\t\t<\/div>\n\t\t\t\t<div class=\"elementor-element elementor-element-cef7d30 elementor-align-left elementor-invisible elementor-widget elementor-widget-button\" data-id=\"cef7d30\" data-element_type=\"widget\" data-settings=\"{&quot;_animation&quot;:&quot;fadeInUp&quot;,&quot;_animation_delay&quot;:500}\" data-widget_type=\"button.default\">\n\t\t\t\t<div class=\"elementor-widget-container\">\n\t\t\t\t\t\t\t\t\t<div class=\"elementor-button-wrapper\">\n\t\t\t\t\t<a class=\"elementor-button elementor-button-link elementor-size-sm\" href=\"#assurance\">\n\t\t\t\t\t\t<span class=\"elementor-button-content-wrapper\">\n\t\t\t\t\t\t<span class=\"elementor-button-icon\">\n\t\t\t\t<svg aria-hidden=\"true\" class=\"e-font-icon-svg e-fas-arrow-right\" viewbox=\"0 0 448 512\" xmlns=\"http:\/\/www.w3.org\/2000\/svg\"><path d=\"M190.5 66.9l22.2-22.2c9.4-9.4 24.6-9.4 33.9 0L441 239c9.4 9.4 9.4 24.6 0 33.9L246.6 467.3c-9.4 9.4-24.6 9.4-33.9 0l-22.2-22.2c-9.5-9.5-9.3-25 .4-34.3L311.4 296H24c-13.3 0-24-10.7-24-24v-32c0-13.3 10.7-24 24-24h287.4L190.9 101.2c-9.8-9.3-10-24.8-.4-34.3z\"><\/path><\/svg>\t\t\t<\/span>\n\t\t\t\t\t\t\t\t\t<span class=\"elementor-button-text\">Suscribir<\/span>\n\t\t\t\t\t<\/span>\n\t\t\t\t\t<\/a>\n\t\t\t\t<\/div>\n\t\t\t\t\t\t\t\t<\/div>\n\t\t\t\t<\/div>\n\t\t\t\t\t<\/div>\n\t\t\t\t<\/div>\n\t\t<div class=\"elementor-element elementor-element-12814ea0 e-flex e-con-boxed elementor-invisible e-con e-parent\" data-id=\"12814ea0\" data-element_type=\"container\" data-settings=\"{&quot;background_background&quot;:&quot;classic&quot;,&quot;animation&quot;:&quot;fadeInUp&quot;}\">\n\t\t\t\t\t<div class=\"e-con-inner\">\n\t\t\t\t<div class=\"elementor-element elementor-element-552f2b elementor-widget elementor-widget-text-editor\" data-id=\"552f2b\" data-element_type=\"widget\" data-widget_type=\"text-editor.default\">\n\t\t\t\t<div class=\"elementor-widget-container\">\n\t\t\t\t\t\t\t\t\t<h2 data-pm-slice=\"1 1 []\"><span style=\"color: #ffffff;\">\ud83d\udccc <strong>Nuestras Soluciones de Seguro<\/strong><\/span><\/h2><h3><span style=\"color: #ffffff;\">\ud83c\udfe2 <strong>Seguro de Financiamiento de Bienes Ra\u00edces<\/strong><\/span><\/h3><p><span style=\"color: #ffffff;\">Garantice la sostenibilidad de su inversi\u00f3n inmobiliaria con una cobertura integral.<\/span><br \/><span style=\"color: #ffffff;\">\u2705 Protecci\u00f3n contra impagos de alquiler y reclamaciones<\/span><br \/><span style=\"color: #ffffff;\">\u2705 Garant\u00eda de p\u00e9rdidas econ\u00f3micas vinculadas a interrupciones del alquiler<\/span><br \/><span style=\"color: #ffffff;\">\u2705 Aseguramos proyectos de renovaci\u00f3n y construcci\u00f3n<\/span><\/p><h3><span style=\"color: #ffffff;\">\ud83d\udcc8 <strong>Financiaci\u00f3n de seguros para proyectos financieros<\/strong><\/span><\/h3><p><span style=\"color: #ffffff;\">Estabilice y proteja sus compromisos financieros.<\/span><br \/><span style=\"color: #ffffff;\">\u2705 Protecci\u00f3n contra fluctuaciones en el desempe\u00f1o econ\u00f3mico<\/span><br \/><span style=\"color: #ffffff;\">\u2705 Cobertura ante impagos<\/span><br \/><span style=\"color: #ffffff;\">\u2705 Protecci\u00f3n contra los riesgos asociados a las inversiones financieras<\/span><\/p><h3><span style=\"color: #ffffff;\">\ud83d\ude80 <strong>Financiaci\u00f3n de seguros para empresas emergentes y de nueva creaci\u00f3n<\/strong><\/span><\/h3><p><span style=\"color: #ffffff;\">Apoye el crecimiento de su negocio de forma segura.<\/span><br \/><span style=\"color: #ffffff;\">\u2705 Protecci\u00f3n contra riesgos econ\u00f3micos y desaceleraciones<\/span><br \/><span style=\"color: #ffffff;\">\u2705 Asegurar financiaci\u00f3n dedicada al desarrollo<\/span><br \/><span style=\"color: #ffffff;\">\u2705 Garant\u00eda contra p\u00e9rdidas financieras por interrupci\u00f3n de negocio<\/span><\/p><h3><span style=\"color: #ffffff;\">\ud83c\udf0d <strong>Seguros de financiaci\u00f3n de energ\u00eda e infraestructura<\/strong><\/span><\/h3><p><span style=\"color: #ffffff;\">Asegure la estabilidad de su proyecto energ\u00e9tico o de infraestructura ante imprevistos.<\/span><br \/><span style=\"color: #ffffff;\">\u2705 Cobertura ante desastres naturales e incidentes clim\u00e1ticos<\/span><br \/><span style=\"color: #ffffff;\">\u2705 Garant\u00eda de interrupciones de producci\u00f3n y p\u00e9rdidas operativas<\/span><br \/><span style=\"color: #ffffff;\">\u2705 Aseguramiento de infraestructura y equipamiento<\/span><\/p><h3><span style=\"color: #ffffff;\">\ud83c\udf31 <strong>Seguros de Financiaci\u00f3n Agr\u00edcola y Agroalimentaria<\/strong><\/span><\/h3><p><span style=\"color: #ffffff;\">Proteja sus inversiones agr\u00edcolas contra riesgos ambientales y econ\u00f3micos.<\/span><br \/><span style=\"color: #ffffff;\">\u2705 Seguridad ante condiciones clim\u00e1ticas extremas<\/span><br \/><span style=\"color: #ffffff;\">\u2705 Garant\u00eda contra p\u00e9rdidas de rendimiento y fluctuaciones de precios<\/span><br \/><span style=\"color: #ffffff;\">\u2705 Protecci\u00f3n de infraestructuras y cadenas de suministro<\/span><\/p><h3><span style=\"color: #ffffff;\">\ud83c\udfae <strong>Seguros Finanzas Ocio y entretenimiento<\/strong><\/span><\/h3><p><span style=\"color: #ffffff;\">Conserva tus proyectos relacionados con el ocio y la industria del entretenimiento.<\/span><br \/><span style=\"color: #ffffff;\">\u2705 Cobertura contra cancelaci\u00f3n de eventos y producciones<\/span><br \/><span style=\"color: #ffffff;\">\u2705 Aseguramiento de plataformas digitales y franquicias<\/span><br \/><span style=\"color: #ffffff;\">\u2705 Garant\u00eda contra p\u00e9rdidas financieras imprevistas<\/span><\/p><h3><span style=\"color: #ffffff;\">\ud83d\udc8e <strong>Seguros de financiaci\u00f3n de lujo y moda<\/strong><\/span><\/h3><p><span style=\"color: #ffffff;\">Asegure sus inversiones en el sector del lujo y la moda.<\/span><br \/><span style=\"color: #ffffff;\">\u2705 Protecci\u00f3n de existencias y materiales raros<\/span><br \/><span style=\"color: #ffffff;\">\u2705 Seguridad contra falsificaciones y p\u00e9rdidas financieras<\/span><br \/><span style=\"color: #ffffff;\">\u2705 Garant\u00eda de valoraci\u00f3n de marcas y activos<\/span><\/p>\t\t\t\t\t\t\t\t<\/div>\n\t\t\t\t<\/div>\n\t\t\t\t\t<\/div>\n\t\t\t\t<\/div>\n\t\t<div class=\"elementor-element elementor-element-8de8cf0 elementor-hidden-desktop elementor-hidden-tablet elementor-hidden-mobile e-flex e-con-boxed elementor-invisible e-con e-parent\" data-id=\"8de8cf0\" data-element_type=\"container\" data-settings=\"{&quot;background_background&quot;:&quot;classic&quot;,&quot;animation_mobile&quot;:&quot;fadeInUp&quot;,&quot;animation&quot;:&quot;fadeInUp&quot;}\">\n\t\t\t\t\t<div class=\"e-con-inner\">\n\t\t\t\t<div class=\"elementor-element elementor-element-ce59035 elementor-widget elementor-widget-html\" data-id=\"ce59035\" data-element_type=\"widget\" data-widget_type=\"html.default\">\n\t\t\t\t<div class=\"elementor-widget-container\">\n\t\t\t\t\t<!DOCTYPE html>\n<html lang=\"fr\">\n<head>\n    <meta charset=\"UTF-8\">\n    <meta name=\"viewport\" content=\"width=device-width, initial-scale=1.0\">\n    <title>Simulador de costos de seguros<\/title>\n    <script src=\"https:\/\/cdn.jsdelivr.net\/npm\/chart.js\"><\/script>\n    <style>\n        body {\n            font-family: Arial, sans-serif;\n            background-color: #1FCC79;\n            color: white;\n            margin: 0;\n            text-align: left;\n        }\n        .container {\n            padding: 30px;\n            border-radius: 12px;\n            max-width: 950px;\n            width: 100%;\n            margin: auto;\n            background: #fff;\n        }\n        .form-section, .result-section {\n            width: 100%;\n            padding: 20px;\n        }\n        .form-section {\n            display: flex;\n            flex-direction: column;\n            color: black;\n        }\n        .result-section {\n            background-color: #000;\n            color: white;\n            border-radius: 30px;\n            display: none;\n            flex-direction: column;\n            justify-content: center;\n            text-align: center;\n            padding: 20px;\n            margin-top: 20px;\n        }\n        select, input, button {\n            width: 100%;\n            padding: 12px;\n            margin: 10px 0;\n            border-radius: 8px;\n            border: 1px solid #555;\n            font-size: 1em;\n            background: #ffffff;\n            color: black;\n        }\n        button {\n            background-color: #ffcc00;\n            color: black;\n            border: none;\n            cursor: pointer;\n            font-size: 1em;\n            font-weight: bold;\n            text-transform: uppercase;\n        }\n        button:hover {\n            background-color: #e6b800;\n        }\n        .chart-container {\n            width: 100%;\n            max-width: 600px;\n            height: 200px;\n            margin: auto;\n        }\n    <\/style>\n<\/head>\n<body>\n    <div class=\"container\">\n        <div class=\"form-section\">\n            <h2>Simulador de costos de seguros<\/h2>\n            <label for=\"category\">Tipo de seguro:<\/label>\n            <select id=\"category\">\n                <option value=\"0.2\">Tecnolog\u00eda e innovaci\u00f3n<\/option>\n                <option value=\"0.3\">Bienes ra\u00edces<\/option>\n                <option value=\"0.25\">Energ\u00eda y medio ambiente<\/option>\n                <option value=\"0.22\">Salud y bienestar<\/option>\n                <option value=\"0.28\">Comercio y comercio electr\u00f3nico<\/option>\n                <option value=\"0.26\">Industria y log\u00edstica<\/option>\n                <option value=\"0.24\">Agricultura y agroalimentaci\u00f3n<\/option>\n                <option value=\"0.3\">Ocio y entretenimiento<\/option>\n                <option value=\"0.2\">PyME y empresas emergentes<\/option>\n                <option value=\"0.27\">Lujo y moda<\/option>\n            <\/select>\n            <label for=\"coverage\">Nivel de garant\u00eda:<\/label>\n            <select id=\"coverage\">\n                <option value=\"1\">Garantizar la base<\/option>\n                <option value=\"1.2\">Garant\u00eda extendida<\/option>\n                <option value=\"1.5\">Prima de garant\u00eda<\/option>\n            <\/select>\n            <label for=\"amount\">Capital a asegurar (\u20ac):<\/label>\n            <input type=\"number\" id=\"amount\" placeholder=\"Introduzca el capital asegurado\" min=\"100000\" required>\n            <label for=\"duration\">Duraci\u00f3n del contrato (a\u00f1os):<\/label>\n            <input type=\"number\" id=\"duration\" placeholder=\"Introduzca la duraci\u00f3n\" min=\"1\" max=\"30\" required>\n            <button onclick=\"calculateInsurance()\">Calcular<\/button>\n        <\/div>\n        <div class=\"result-section\" id=\"result\">\n            <h3 style=\"color: white;\">Costos estimados del seguro<\/h3>\n            <div class=\"result-info\">\n                <p><span class=\"result-label\">Capital asegurado:<\/span> <span id=\"insuredAmount\">-- \u20ac<\/span><\/p>\n                <p><span class=\"result-label\">Cuotas mensuales:<\/span> <span id=\"monthlyFee\">-- \u20ac<\/span><\/p>\n                <p><span class=\"result-label\">Cuotas anuales:<\/span> <span id=\"annualFee\">-- \u20ac<\/span><\/p>\n                <p><span class=\"result-label\">Costo total a lo largo del tiempo:<\/span> <span id=\"totalCost\">-- \u20ac<\/span><\/p>\n            <\/div>\n            <div class=\"chart-container\">\n                <canvas id=\"insuranceChart\"><\/canvas>\n            <\/div>\n        <\/div>\n    <\/div>\n    <script>\n        let chartInstance;\n        function calculateInsurance() {\n            let amount = parseFloat(document.getElementById(\"amount\").value);\n            let ctx = document.getElementById(\"insuranceChart\").getContext(\"2d\");\n            \n            let totalCost = amount * 0.01;\n            let annualFee = totalCost \/ parseInt(document.getElementById(\"duration\").value);\n            let monthlyFee = annualFee \/ 12;\n\n            document.getElementById(\"insuredAmount\").innerHTML = `${amount.toFixed(2)}\u20ac`;\n            document.getElementById(\"monthlyFee\").innerHTML = `${monthlyFee.toFixed(2)}\u20ac`;\n            document.getElementById(\"annualFee\").innerHTML = `${annualFee.toFixed(2)}\u20ac`;\n            document.getElementById(\"totalCost\").innerHTML = `${totalCost.toFixed(2)}\u20ac`;\n            \n            document.getElementById(\"result\").style.display = \"flex\";\n\n            if (chartInstance) {\n                chartInstance.destroy();\n            }\n            chartInstance = new Chart(ctx, {\n                type: 'line',\n                data: {\n                    labels: [\"Capital Assur\u00e9\", \"Frais Annuels\", \"Co\u00fbt Total\"],\n                    datasets: [{\n                        data: [amount, annualFee, totalCost],\n                        borderColor: \"#ffcc00\",\n                        backgroundColor: \"transparent\",\n                        tension: 0.4\n                    }]\n                },\n                options: {\n                    responsive: true,\n                    maintainAspectRatio: false,\n                    scales: {\n                        y: {\n                            beginAtZero: true\n                        }\n                    }\n                }\n            });\n        }\n    <\/script>\n<\/body>\n<\/html>\n\t\t\t\t<\/div>\n\t\t\t\t<\/div>\n\t\t\t\t\t<\/div>\n\t\t\t\t<\/div>\n\t\t<div class=\"elementor-element elementor-element-57bcfe8 e-flex e-con-boxed e-con e-parent\" data-id=\"57bcfe8\" data-element_type=\"container\">\n\t\t\t\t\t<div class=\"e-con-inner\">\n\t\t\t\t<div class=\"elementor-element elementor-element-aa91726 elementor-widget elementor-widget-spacer\" data-id=\"aa91726\" data-element_type=\"widget\" data-widget_type=\"spacer.default\">\n\t\t\t\t<div class=\"elementor-widget-container\">\n\t\t\t\t\t\t\t<div class=\"elementor-spacer\">\n\t\t\t<div class=\"elementor-spacer-inner\"><\/div>\n\t\t<\/div>\n\t\t\t\t\t\t<\/div>\n\t\t\t\t<\/div>\n\t\t\t\t\t<\/div>\n\t\t\t\t<\/div>\n\t\t<div class=\"elementor-element elementor-element-4a7e2cc3 e-flex e-con-boxed elementor-invisible e-con e-parent\" data-id=\"4a7e2cc3\" data-element_type=\"container\" data-settings=\"{&quot;background_background&quot;:&quot;classic&quot;,&quot;animation_mobile&quot;:&quot;fadeInUp&quot;,&quot;animation&quot;:&quot;fadeInUp&quot;}\">\n\t\t\t\t\t<div class=\"e-con-inner\">\n\t\t\t\t<div class=\"elementor-element elementor-element-5a76572 elementor-widget elementor-widget-menu-anchor\" data-id=\"5a76572\" data-element_type=\"widget\" data-widget_type=\"menu-anchor.default\">\n\t\t\t\t<div class=\"elementor-widget-container\">\n\t\t\t\t\t\t\t<div class=\"elementor-menu-anchor\" id=\"assurance\"><\/div>\n\t\t\t\t\t\t<\/div>\n\t\t\t\t<\/div>\n\t\t\t\t<div class=\"elementor-element elementor-element-553f5a33 elementor-widget elementor-widget-text-editor\" data-id=\"553f5a33\" data-element_type=\"widget\" data-widget_type=\"text-editor.default\">\n\t\t\t\t<div class=\"elementor-widget-container\">\n\t\t\t\t\t\t\t\t\t<h2 data-pm-slice=\"1 1 []\">\ud83d\udce2 <strong>\u00a1Suscr\u00edbete ahora!<\/strong><\/h2><p>El seguro es una <strong>requisito<\/strong> para cualquier receptor de fondos para garantizar la seguridad del proyecto y el reembolso. Complete el siguiente formulario para suscribirse a su cobertura.<\/p>\t\t\t\t\t\t\t\t<\/div>\n\t\t\t\t<\/div>\n\t\t\t\t\t<\/div>\n\t\t\t\t<\/div>\n\t\t\t\t<\/div>","protected":false},"excerpt":{"rendered":"<p>Pourquoi souscrire une assurance pour votre financement ? Obtenir un financement est une \u00e9tape cl\u00e9 pour concr\u00e9tiser un projet, mais il est [&hellip;]<\/p>","protected":false},"author":1,"featured_media":575,"parent":0,"menu_order":0,"comment_status":"closed","ping_status":"closed","template":"","meta":{"om_disable_all_campaigns":false,"_monsterinsights_skip_tracking":false,"_monsterinsights_sitenote_active":false,"_monsterinsights_sitenote_note":"","_monsterinsights_sitenote_category":0,"footnotes":""},"class_list":["post-451","page","type-page","status-publish","has-post-thumbnail","hentry"],"aioseo_notices":[],"_links":{"self":[{"href":"https:\/\/flexifinanz.com\/es\/wp-json\/wp\/v2\/pages\/451","targetHints":{"allow":["GET"]}}],"collection":[{"href":"https:\/\/flexifinanz.com\/es\/wp-json\/wp\/v2\/pages"}],"about":[{"href":"https:\/\/flexifinanz.com\/es\/wp-json\/wp\/v2\/types\/page"}],"author":[{"embeddable":true,"href":"https:\/\/flexifinanz.com\/es\/wp-json\/wp\/v2\/users\/1"}],"replies":[{"embeddable":true,"href":"https:\/\/flexifinanz.com\/es\/wp-json\/wp\/v2\/comments?post=451"}],"version-history":[{"count":0,"href":"https:\/\/flexifinanz.com\/es\/wp-json\/wp\/v2\/pages\/451\/revisions"}],"wp:featuredmedia":[{"embeddable":true,"href":"https:\/\/flexifinanz.com\/es\/wp-json\/wp\/v2\/media\/575"}],"wp:attachment":[{"href":"https:\/\/flexifinanz.com\/es\/wp-json\/wp\/v2\/media?parent=451"}],"curies":[{"name":"wp","href":"https:\/\/api.w.org\/{rel}","templated":true}]}}