{"id":213,"date":"2025-02-20T16:07:41","date_gmt":"2025-02-20T15:07:41","guid":{"rendered":"https:\/\/flexifinanz.com\/?page_id=213"},"modified":"2025-02-26T00:54:00","modified_gmt":"2025-02-25T23:54:00","slug":"sobre-nosotros","status":"publish","type":"page","link":"https:\/\/flexifinanz.com\/es\/sobre-nosotros\/","title":{"rendered":"Sobre nosotros"},"content":{"rendered":"<div data-elementor-type=\"wp-page\" data-elementor-id=\"213\" class=\"elementor elementor-213\" data-elementor-settings=\"{&quot;element_pack_global_tooltip_width&quot;:{&quot;unit&quot;:&quot;px&quot;,&quot;size&quot;:&quot;&quot;,&quot;sizes&quot;:[]},&quot;element_pack_global_tooltip_width_tablet&quot;:{&quot;unit&quot;:&quot;px&quot;,&quot;size&quot;:&quot;&quot;,&quot;sizes&quot;:[]},&quot;element_pack_global_tooltip_width_mobile&quot;:{&quot;unit&quot;:&quot;px&quot;,&quot;size&quot;:&quot;&quot;,&quot;sizes&quot;:[]},&quot;element_pack_global_tooltip_padding&quot;:{&quot;unit&quot;:&quot;px&quot;,&quot;top&quot;:&quot;&quot;,&quot;right&quot;:&quot;&quot;,&quot;bottom&quot;:&quot;&quot;,&quot;left&quot;:&quot;&quot;,&quot;isLinked&quot;:true},&quot;element_pack_global_tooltip_padding_tablet&quot;:{&quot;unit&quot;:&quot;px&quot;,&quot;top&quot;:&quot;&quot;,&quot;right&quot;:&quot;&quot;,&quot;bottom&quot;:&quot;&quot;,&quot;left&quot;:&quot;&quot;,&quot;isLinked&quot;:true},&quot;element_pack_global_tooltip_padding_mobile&quot;:{&quot;unit&quot;:&quot;px&quot;,&quot;top&quot;:&quot;&quot;,&quot;right&quot;:&quot;&quot;,&quot;bottom&quot;:&quot;&quot;,&quot;left&quot;:&quot;&quot;,&quot;isLinked&quot;:true},&quot;element_pack_global_tooltip_border_radius&quot;:{&quot;unit&quot;:&quot;px&quot;,&quot;top&quot;:&quot;&quot;,&quot;right&quot;:&quot;&quot;,&quot;bottom&quot;:&quot;&quot;,&quot;left&quot;:&quot;&quot;,&quot;isLinked&quot;:true},&quot;element_pack_global_tooltip_border_radius_tablet&quot;:{&quot;unit&quot;:&quot;px&quot;,&quot;top&quot;:&quot;&quot;,&quot;right&quot;:&quot;&quot;,&quot;bottom&quot;:&quot;&quot;,&quot;left&quot;:&quot;&quot;,&quot;isLinked&quot;:true},&quot;element_pack_global_tooltip_border_radius_mobile&quot;:{&quot;unit&quot;:&quot;px&quot;,&quot;top&quot;:&quot;&quot;,&quot;right&quot;:&quot;&quot;,&quot;bottom&quot;:&quot;&quot;,&quot;left&quot;:&quot;&quot;,&quot;isLinked&quot;:true}}\" data-elementor-post-type=\"page\">\n\t\t\t\t<div class=\"elementor-element elementor-element-4002860 e-flex e-con-boxed e-con e-parent\" data-id=\"4002860\" data-element_type=\"container\" data-settings=\"{&quot;background_background&quot;:&quot;classic&quot;}\">\n\t\t\t\t\t<div class=\"e-con-inner\">\n\t\t\t\t<div class=\"elementor-element elementor-element-3b0b7f4f elementor-widget elementor-widget-text-editor\" data-id=\"3b0b7f4f\" data-element_type=\"widget\" data-widget_type=\"text-editor.default\">\n\t\t\t\t<div class=\"elementor-widget-container\">\n\t\t\t\t\t\t\t\t\t<h2 data-pm-slice=\"1 1 []\">\u00bfQuienes somos?<\/h2><p><strong>FlexiFinanz<\/strong> es un grupo de inversionistas apasionados y comprometidos, especializados en financiaci\u00f3n <strong>Proyectos de alto potencial<\/strong>. Creemos que <strong>La inversi\u00f3n debe ser accesible para todos<\/strong>, por eso ofrecemos <strong>Soluciones flexibles, tarifas reducidas y atenci\u00f3n personalizada<\/strong>.<\/p><p>Gracias a nuestro <strong>Experiencia en an\u00e1lisis de mercado y gesti\u00f3n de carteras<\/strong>Identificamos y financiamos oportunidades prometedoras en sectores clave como tecnolog\u00eda, bienes ra\u00edces, energ\u00eda renovable, salud y m\u00e1s.<\/p><p>Hemos dise\u00f1ado un enfoque <strong>transparente e inclusivo<\/strong>, permitiendo a cada empresario o inversor beneficiarse de una financiaci\u00f3n adaptada, sin restricciones excesivas.<\/p>\t\t\t\t\t\t\t\t<\/div>\n\t\t\t\t<\/div>\n\t\t\t\t\t<\/div>\n\t\t\t\t<\/div>\n\t\t<div class=\"elementor-element elementor-element-54a349f4 e-flex e-con-boxed elementor-invisible e-con e-parent\" data-id=\"54a349f4\" data-element_type=\"container\" data-settings=\"{&quot;background_background&quot;:&quot;classic&quot;,&quot;animation&quot;:&quot;fadeInUp&quot;,&quot;animation_mobile&quot;:&quot;fadeInUp&quot;}\">\n\t\t\t\t\t<div class=\"e-con-inner\">\n\t\t\t\t<div class=\"elementor-element elementor-element-13f69567 elementor-widget elementor-widget-text-editor\" data-id=\"13f69567\" data-element_type=\"widget\" data-widget_type=\"text-editor.default\">\n\t\t\t\t<div class=\"elementor-widget-container\">\n\t\t\t\t\t\t\t\t\t<h2 data-pm-slice=\"1 1 []\">Nuestra visi\u00f3n<\/h2><p>Creemos en un modelo de inversi\u00f3n <strong>\u00e9tico, estrat\u00e9gico y rentable<\/strong>, donde cada financiamiento representa una <strong>oportunidad de crecimiento mutuo<\/strong>. Nuestro objetivo es <strong>facilitar el acceso a la financiaci\u00f3n<\/strong> eliminando barreras financieras innecesarias y promoviendo <strong>tarifas competitivas<\/strong> y garantizar una <strong>Proceso simple y r\u00e1pido<\/strong>.<\/p><p>Nuestras inversiones son <strong>dise\u00f1ado a medida<\/strong> para satisfacer las necesidades de empresarios e inversionistas, garantiz\u00e1ndoles <strong>flexibilidad financiera y condiciones ventajosas<\/strong>.<\/p>\t\t\t\t\t\t\t\t<\/div>\n\t\t\t\t<\/div>\n\t\t\t\t\t<\/div>\n\t\t\t\t<\/div>\n\t\t<div class=\"elementor-element elementor-element-3dccd069 e-flex e-con-boxed elementor-invisible e-con e-parent\" data-id=\"3dccd069\" data-element_type=\"container\" data-settings=\"{&quot;background_background&quot;:&quot;classic&quot;,&quot;animation&quot;:&quot;fadeInUp&quot;}\">\n\t\t\t\t\t<div class=\"e-con-inner\">\n\t\t\t\t<div class=\"elementor-element elementor-element-3efd5648 elementor-widget elementor-widget-text-editor\" data-id=\"3efd5648\" data-element_type=\"widget\" data-widget_type=\"text-editor.default\">\n\t\t\t\t<div class=\"elementor-widget-container\">\n\t\t\t\t\t\t\t\t\t<h2 data-pm-slice=\"1 1 []\"><span style=\"color: #ffffff;\">Nuestros valores<\/span><\/h2><p><span style=\"color: #ffffff;\">\u2705 <strong>Accesibilidad<\/strong> \u2013 Ofrecemos tasas bajas y plazos flexibles para abrir la inversi\u00f3n a todos.<\/span><br \/><span style=\"color: #ffffff;\">\u2705 <strong>Transparencia<\/strong> \u2013 Adoptamos un enfoque claro y honesto con nuestros socios.<\/span><br \/><span style=\"color: #ffffff;\">\u2705 <strong>Pericia<\/strong> \u2013 Nuestros an\u00e1lisis y decisiones se basan en estudios de mercado en profundidad.<\/span><br \/><span style=\"color: #ffffff;\">\u2705 <strong>Innovaci\u00f3n<\/strong> \u2013 Favorecemos sectores con alto crecimiento e impacto positivo.<\/span><br \/><span style=\"color: #ffffff;\">\u2705 <strong>Compromiso<\/strong> \u2013 Apoyamos a nuestros socios en cada etapa de su desarrollo.<\/span><br \/><span style=\"color: #ffffff;\">\u2705 <strong>Actuaci\u00f3n<\/strong> \u2013 Nuestras inversiones est\u00e1n optimizadas para maximizar la rentabilidad y la sostenibilidad.<\/span><\/p>\t\t\t\t\t\t\t\t<\/div>\n\t\t\t\t<\/div>\n\t\t\t\t\t<\/div>\n\t\t\t\t<\/div>\n\t\t<div class=\"elementor-element elementor-element-d92f83c e-flex e-con-boxed elementor-invisible e-con e-parent\" data-id=\"d92f83c\" data-element_type=\"container\" data-settings=\"{&quot;background_background&quot;:&quot;classic&quot;,&quot;animation&quot;:&quot;fadeInUp&quot;}\">\n\t\t\t\t\t<div class=\"e-con-inner\">\n\t\t\t\t<div class=\"elementor-element elementor-element-69798b9 elementor-widget elementor-widget-text-editor\" data-id=\"69798b9\" data-element_type=\"widget\" data-widget_type=\"text-editor.default\">\n\t\t\t\t<div class=\"elementor-widget-container\">\n\t\t\t\t\t\t\t\t\t<h2 data-pm-slice=\"1 3 []\">Nuestras \u00e1reas de inversi\u00f3n<\/h2><p>Financiamos proyectos en <strong>Los sectores m\u00e1s prometedores<\/strong>, identificando oportunidades que combinen <strong>Alta rentabilidad e impacto estrat\u00e9gico<\/strong> :<\/p><ul data-spread=\"false\"><li><p>\ud83d\udda5\ufe0f <strong>Tecnolog\u00eda e innovaci\u00f3n<\/strong> (Inteligencia artificial, FinTech, MedTech, Blockchain)<\/p><\/li><li><p>\ud83c\udfe2 <strong>Bienes ra\u00edces e infraestructura<\/strong> (alquiler, comercial, lujo, crowdfunding)<\/p><\/li><li><p>\ud83c\udf0d <strong>Energ\u00eda renovable y medio ambiente<\/strong> (solar, e\u00f3lica, hidr\u00f3geno, reciclaje)<\/p><\/li><li><p>\u2764\ufe0f <strong>Salud y bienestar<\/strong> (biotecnolog\u00edas, complementos alimenticios, telemedicina)<\/p><\/li><li><p>\ud83d\udecd\ufe0f <strong>Comercio y comercio electr\u00f3nico<\/strong> (dropshipping, marketplace, soluciones de pago)<\/p><\/li><li><p>\u2699\ufe0f <strong>Industria y Log\u00edstica<\/strong> (rob\u00f3tica, automatizaci\u00f3n, aeron\u00e1utica, transporte)<\/p><\/li><li><p>\ud83d\ude9c <strong>Agricultura y agroalimentaci\u00f3n<\/strong> (productos org\u00e1nicos, cadenas de suministro cortas, agricultura sostenible)<\/p><\/li><li><p>\ud83c\udfae <strong>Ocio y entretenimiento<\/strong> (videojuegos, streaming, eSports, turismo)<\/p><\/li><li><p>\ud83d\ude80 <strong>PyME y empresas emergentes<\/strong> (capital riesgo, transformaci\u00f3n digital, franquicia)<\/p><\/li><li><p>\ud83d\udc8e <strong>Lujo y moda<\/strong> (joyas, alta costura, autom\u00f3viles de lujo)<\/p><\/li><\/ul>\t\t\t\t\t\t\t\t<\/div>\n\t\t\t\t<\/div>\n\t\t\t\t\t<\/div>\n\t\t\t\t<\/div>\n\t\t<div class=\"elementor-element elementor-element-55bbf98f e-flex e-con-boxed elementor-invisible e-con e-parent\" data-id=\"55bbf98f\" data-element_type=\"container\" data-settings=\"{&quot;background_background&quot;:&quot;classic&quot;,&quot;animation&quot;:&quot;fadeInUp&quot;}\">\n\t\t\t\t\t<div class=\"e-con-inner\">\n\t\t\t\t<div class=\"elementor-element elementor-element-39abdfea elementor-widget elementor-widget-text-editor\" data-id=\"39abdfea\" data-element_type=\"widget\" data-widget_type=\"text-editor.default\">\n\t\t\t\t<div class=\"elementor-widget-container\">\n\t\t\t\t\t\t\t\t\t<h2 data-pm-slice=\"1 1 []\">\u00bfPor qu\u00e9 elegir nuestro grupo de inversores?<\/h2>\nNos distinguimos por nuestra <strong>Accesibilidad y nuestra flexibilidad<\/strong>, ofreciendo financiaci\u00f3n adaptada a cada proyecto y a cada inversor. Al trabajar con nosotros usted se beneficia de:<br>\n\n\u2705 <strong>Tarifas reducidas y soluciones personalizadas<\/strong>\n<br>\u2705 <strong>Acceso exclusivo a las mejores oportunidades<\/strong>\n<br>\u2705 <strong>Apoyo estrat\u00e9gico y financiero<\/strong>\n<br>\u2705 <strong>Proceso r\u00e1pido y simplificado<\/strong>\n<br>\u2705 <strong>Una red de expertos y socios financieros<\/strong>\t\t\t\t\t\t\t\t<\/div>\n\t\t\t\t<\/div>\n\t\t\t\t\t<\/div>\n\t\t\t\t<\/div>\n\t\t<div class=\"elementor-element elementor-element-d02d9ee e-flex e-con-boxed elementor-invisible e-con e-parent\" data-id=\"d02d9ee\" data-element_type=\"container\" data-settings=\"{&quot;background_background&quot;:&quot;classic&quot;,&quot;animation&quot;:&quot;fadeInUp&quot;}\">\n\t\t\t\t\t<div class=\"e-con-inner\">\n\t\t\t\t<div class=\"elementor-element elementor-element-d565759 elementor-widget elementor-widget-text-editor\" data-id=\"d565759\" data-element_type=\"widget\" data-widget_type=\"text-editor.default\">\n\t\t\t\t<div class=\"elementor-widget-container\">\n\t\t\t\t\t\t\t\t\t<h2 data-pm-slice=\"1 3 []\">No hay compromisos<\/h2><p>Nos comprometemos a:<\/p><ul data-spread=\"false\"><li><p><strong>Democratizar la inversi\u00f3n y el financiamiento con tasas asequibles<\/strong><\/p><\/li><li><p><strong>Apoyando la innovaci\u00f3n y proyectos de futuro<\/strong><\/p><\/li><li><p><strong>Ofrecer condiciones de financiaci\u00f3n transparentes y justas<\/strong><\/p><\/li><li><p><strong>Apoyando a nuestros socios a largo plazo<\/strong><\/p><\/li><li><p><strong>Optimizando cada inversi\u00f3n para asegurar rentabilidad e impacto positivo<\/strong><\/p><\/li><\/ul>\t\t\t\t\t\t\t\t<\/div>\n\t\t\t\t<\/div>\n\t\t\t\t\t<\/div>\n\t\t\t\t<\/div>\n\t\t<div class=\"elementor-element elementor-element-2579e83 e-flex e-con-boxed e-con e-parent\" data-id=\"2579e83\" data-element_type=\"container\" data-settings=\"{&quot;background_background&quot;:&quot;classic&quot;}\">\n\t\t\t\t\t<div class=\"e-con-inner\">\n\t\t\t\t<div class=\"elementor-element elementor-element-6d222aa elementor-widget elementor-widget-html\" data-id=\"6d222aa\" data-element_type=\"widget\" data-widget_type=\"html.default\">\n\t\t\t\t<div class=\"elementor-widget-container\">\n\t\t\t\t\t<!DOCTYPE html>\n<html lang=\"fr\">\n<head>\n    <meta charset=\"UTF-8\">\n    <meta name=\"viewport\" content=\"width=device-width, initial-scale=1.0\">\n    <title>\u00c9tapes du Financement - FlexiFinanz<\/title>\n    <style>\n        body {\n            font-family: Arial, sans-serif;\n            background-color: #f8f8f8;\n            margin: 0;\n            padding: px;\n            text-align: left;\n        }\n        .container {\n            max-width: 1500px;\n            margin: auto;\n            background: white;\n            padding: 30px;\n            border-radius: 1px;\n            box-shadow: 0 px px rgba(0, 0, 0, 0.1);\n        }\n        h2 {\n            color: black;\n            font-size: 26px;\n            margin-bottom: 20px;\n        }\n        .steps {\n            display: flex;\n            flex-direction: column;\n            gap: 20px;\n        }\n        .step {\n            display: flex;\n            align-items: center;\n            background: #6CFF84;\n            padding: 15px;\n            border-radius: 30px;\n            color: black;\n            text-align: left;\n            box-shadow: 0 2px 4px rgba(0, 0, 0, 0.1);\n        }\n        .step-icon {\n            width: 50px;\n            height: 50px;\n            background: black;\n            color: white;\n            border-radius: 50%;\n            display: flex;\n            justify-content: center;\n            align-items: center;\n            font-size: 22px;\n            font-weight: bold;\n            margin-right: 15px;\n        }\n        .step-content {\n            flex: 1;\n        }\n        .step-title {\n            font-size: 18px;\n            font-weight: bold;\n        }\n        .step-description {\n            font-size: 14px;\n        }\n        @media (min-width: 768px) {\n            .steps {\n                flex-direction: row;\n            }\n        }\n    <\/style>\n<\/head>\n<body>\n    <div class=\"container\">\n        <h2>Pasos para obtener tu financiamiento<\/h2>\n        <div class=\"steps\">\n            <!-- \u00c9tape 1 -->\n            <div class=\"step\">\n                <div class=\"step-icon\">1<\/div>\n                <div class=\"step-content\">\n                    <div class=\"step-title\">Env\u00ede su solicitud<\/div>\n                    <div class=\"step-description\">Llene nuestro formulario en l\u00ednea con sus datos y monto deseado.<\/div>\n                <\/div>\n            <\/div>\n            <!-- \u00c9tape 2 -->\n            <div class=\"step\">\n                <div class=\"step-icon\">2<\/div>\n                <div class=\"step-content\">\n                    <div class=\"step-title\">An\u00e1lisis de su expediente<\/div>\n                    <div class=\"step-description\">Nuestros expertos estudian su elegibilidad y le ofrecen una soluci\u00f3n adecuada.<\/div>\n                <\/div>\n            <\/div>\n            <!-- \u00c9tape 3 -->\n            <div class=\"step\">\n                <div class=\"step-icon\">3<\/div>\n                <div class=\"step-content\">\n                    <div class=\"step-title\">Validaci\u00f3n y firma<\/div>\n                    <div class=\"step-description\">Despu\u00e9s de aceptar la oferta, usted firma el contrato de financiaci\u00f3n.<\/div>\n                <\/div>\n            <\/div>\n            <!-- \u00c9tape 4 -->\n            <div class=\"step\">\n                <div class=\"step-icon\">4<\/div>\n                <div class=\"step-content\">\n                    <div class=\"step-title\">Pago de fondos<\/div>\n                    <div class=\"step-description\">Los fondos se liberan de forma segura a su cuenta.<\/div>\n                <\/div>\n            <\/div>\n        <\/div>\n    <\/div>\n<\/body>\n<\/html>\n\t\t\t\t<\/div>\n\t\t\t\t<\/div>\n\t\t\t\t\t<\/div>\n\t\t\t\t<\/div>\n\t\t<div class=\"elementor-element elementor-element-3c6824a3 e-flex e-con-boxed elementor-invisible e-con e-parent\" data-id=\"3c6824a3\" data-element_type=\"container\" data-settings=\"{&quot;background_background&quot;:&quot;classic&quot;,&quot;animation&quot;:&quot;fadeInUp&quot;}\">\n\t\t\t\t\t<div class=\"e-con-inner\">\n\t\t\t\t<div class=\"elementor-element elementor-element-16d4bfb3 elementor-widget elementor-widget-heading\" data-id=\"16d4bfb3\" data-element_type=\"widget\" data-widget_type=\"heading.default\">\n\t\t\t\t<div class=\"elementor-widget-container\">\n\t\t\t\t\t<h2 class=\"elementor-heading-title elementor-size-default\">\u00a1Cont\u00e1ctanos hoy!<\/h2>\t\t\t\t<\/div>\n\t\t\t\t<\/div>\n\t\t\t\t<div class=\"elementor-element elementor-element-2569eed8 elementor-widget elementor-widget-text-editor\" data-id=\"2569eed8\" data-element_type=\"widget\" data-widget_type=\"text-editor.default\">\n\t\t\t\t<div class=\"elementor-widget-container\">\n\t\t\t\t\t\t\t\t\t<p data-pm-slice=\"1 1 []\">Si usted es un emprendedor, un inversionista o est\u00e1 buscando una oportunidad de financiamiento, estamos aqu\u00ed para apoyarlo con <strong>Soluciones flexibles y accesibles para todos<\/strong>.<\/p>\t\t\t\t\t\t\t\t<\/div>\n\t\t\t\t<\/div>\n\t\t\t\t<div class=\"elementor-element elementor-element-7c25080a elementor-align-center elementor-widget elementor-widget-button\" data-id=\"7c25080a\" data-element_type=\"widget\" data-widget_type=\"button.default\">\n\t\t\t\t<div class=\"elementor-widget-container\">\n\t\t\t\t\t\t\t\t\t<div class=\"elementor-button-wrapper\">\n\t\t\t\t\t<a class=\"elementor-button elementor-button-link elementor-size-sm\" href=\"https:\/\/flexifinanz.com\/es\/contactenos\/\">\n\t\t\t\t\t\t<span class=\"elementor-button-content-wrapper\">\n\t\t\t\t\t\t<span class=\"elementor-button-icon\">\n\t\t\t\t<svg aria-hidden=\"true\" class=\"e-font-icon-svg e-fas-arrow-right\" viewbox=\"0 0 448 512\" xmlns=\"http:\/\/www.w3.org\/2000\/svg\"><path d=\"M190.5 66.9l22.2-22.2c9.4-9.4 24.6-9.4 33.9 0L441 239c9.4 9.4 9.4 24.6 0 33.9L246.6 467.3c-9.4 9.4-24.6 9.4-33.9 0l-22.2-22.2c-9.5-9.5-9.3-25 .4-34.3L311.4 296H24c-13.3 0-24-10.7-24-24v-32c0-13.3 10.7-24 24-24h287.4L190.9 101.2c-9.8-9.3-10-24.8-.4-34.3z\"><\/path><\/svg>\t\t\t<\/span>\n\t\t\t\t\t\t\t\t\t<span class=\"elementor-button-text\">Cont\u00e1ctenos<\/span>\n\t\t\t\t\t<\/span>\n\t\t\t\t\t<\/a>\n\t\t\t\t<\/div>\n\t\t\t\t\t\t\t\t<\/div>\n\t\t\t\t<\/div>\n\t\t\t\t\t<\/div>\n\t\t\t\t<\/div>\n\t\t\t\t<\/div>","protected":false},"excerpt":{"rendered":"<p>Qui sommes-nous ? FlexiFinanz est un groupe d\u2019investisseurs passionn\u00e9s et engag\u00e9s, sp\u00e9cialis\u00e9s dans le financement de projets \u00e0 fort potentiel. Nous croyons [&hellip;]<\/p>","protected":false},"author":1,"featured_media":601,"parent":0,"menu_order":0,"comment_status":"closed","ping_status":"closed","template":"","meta":{"om_disable_all_campaigns":false,"_monsterinsights_skip_tracking":false,"_monsterinsights_sitenote_active":false,"_monsterinsights_sitenote_note":"","_monsterinsights_sitenote_category":0,"footnotes":""},"class_list":["post-213","page","type-page","status-publish","has-post-thumbnail","hentry"],"aioseo_notices":[],"_links":{"self":[{"href":"https:\/\/flexifinanz.com\/es\/wp-json\/wp\/v2\/pages\/213","targetHints":{"allow":["GET"]}}],"collection":[{"href":"https:\/\/flexifinanz.com\/es\/wp-json\/wp\/v2\/pages"}],"about":[{"href":"https:\/\/flexifinanz.com\/es\/wp-json\/wp\/v2\/types\/page"}],"author":[{"embeddable":true,"href":"https:\/\/flexifinanz.com\/es\/wp-json\/wp\/v2\/users\/1"}],"replies":[{"embeddable":true,"href":"https:\/\/flexifinanz.com\/es\/wp-json\/wp\/v2\/comments?post=213"}],"version-history":[{"count":0,"href":"https:\/\/flexifinanz.com\/es\/wp-json\/wp\/v2\/pages\/213\/revisions"}],"wp:featuredmedia":[{"embeddable":true,"href":"https:\/\/flexifinanz.com\/es\/wp-json\/wp\/v2\/media\/601"}],"wp:attachment":[{"href":"https:\/\/flexifinanz.com\/es\/wp-json\/wp\/v2\/media?parent=213"}],"curies":[{"name":"wp","href":"https:\/\/api.w.org\/{rel}","templated":true}]}}