{"id":207,"date":"2025-02-20T15:57:04","date_gmt":"2025-02-20T14:57:04","guid":{"rendered":"https:\/\/flexifinanz.com\/?page_id=207"},"modified":"2025-02-25T18:43:22","modified_gmt":"2025-02-25T17:43:22","slug":"financiacion-por-perfil","status":"publish","type":"page","link":"https:\/\/flexifinanz.com\/es\/financiacion-por-perfil\/","title":{"rendered":"Financiaci\u00f3n para particulares y profesionales: encuentra la opci\u00f3n ideal"},"content":{"rendered":"<div data-elementor-type=\"wp-page\" data-elementor-id=\"207\" class=\"elementor elementor-207\" data-elementor-settings=\"{&quot;element_pack_global_tooltip_width&quot;:{&quot;unit&quot;:&quot;px&quot;,&quot;size&quot;:&quot;&quot;,&quot;sizes&quot;:[]},&quot;element_pack_global_tooltip_width_tablet&quot;:{&quot;unit&quot;:&quot;px&quot;,&quot;size&quot;:&quot;&quot;,&quot;sizes&quot;:[]},&quot;element_pack_global_tooltip_width_mobile&quot;:{&quot;unit&quot;:&quot;px&quot;,&quot;size&quot;:&quot;&quot;,&quot;sizes&quot;:[]},&quot;element_pack_global_tooltip_padding&quot;:{&quot;unit&quot;:&quot;px&quot;,&quot;top&quot;:&quot;&quot;,&quot;right&quot;:&quot;&quot;,&quot;bottom&quot;:&quot;&quot;,&quot;left&quot;:&quot;&quot;,&quot;isLinked&quot;:true},&quot;element_pack_global_tooltip_padding_tablet&quot;:{&quot;unit&quot;:&quot;px&quot;,&quot;top&quot;:&quot;&quot;,&quot;right&quot;:&quot;&quot;,&quot;bottom&quot;:&quot;&quot;,&quot;left&quot;:&quot;&quot;,&quot;isLinked&quot;:true},&quot;element_pack_global_tooltip_padding_mobile&quot;:{&quot;unit&quot;:&quot;px&quot;,&quot;top&quot;:&quot;&quot;,&quot;right&quot;:&quot;&quot;,&quot;bottom&quot;:&quot;&quot;,&quot;left&quot;:&quot;&quot;,&quot;isLinked&quot;:true},&quot;element_pack_global_tooltip_border_radius&quot;:{&quot;unit&quot;:&quot;px&quot;,&quot;top&quot;:&quot;&quot;,&quot;right&quot;:&quot;&quot;,&quot;bottom&quot;:&quot;&quot;,&quot;left&quot;:&quot;&quot;,&quot;isLinked&quot;:true},&quot;element_pack_global_tooltip_border_radius_tablet&quot;:{&quot;unit&quot;:&quot;px&quot;,&quot;top&quot;:&quot;&quot;,&quot;right&quot;:&quot;&quot;,&quot;bottom&quot;:&quot;&quot;,&quot;left&quot;:&quot;&quot;,&quot;isLinked&quot;:true},&quot;element_pack_global_tooltip_border_radius_mobile&quot;:{&quot;unit&quot;:&quot;px&quot;,&quot;top&quot;:&quot;&quot;,&quot;right&quot;:&quot;&quot;,&quot;bottom&quot;:&quot;&quot;,&quot;left&quot;:&quot;&quot;,&quot;isLinked&quot;:true}}\" data-elementor-post-type=\"page\">\n\t\t\t\t<div class=\"elementor-element elementor-element-44eed47e e-flex e-con-boxed e-con e-parent\" data-id=\"44eed47e\" data-element_type=\"container\" data-settings=\"{&quot;background_background&quot;:&quot;classic&quot;}\">\n\t\t\t\t\t<div class=\"e-con-inner\">\n\t\t\t\t<div class=\"elementor-element elementor-element-febb66d elementor-widget elementor-widget-text-editor\" data-id=\"febb66d\" data-element_type=\"widget\" data-widget_type=\"text-editor.default\">\n\t\t\t\t<div class=\"elementor-widget-container\">\n\t\t\t\t\t\t\t\t\t<h2 data-pm-slice=\"1 1 []\">\u00bfPor qu\u00e9 adaptar tu financiaci\u00f3n a tu perfil?<\/h2><p>Ya sea que sea un particular que busca llevar a cabo un proyecto o una empresa que desea optimizar su flujo de caja, <strong>Hay financiaci\u00f3n adaptada a cada necesidad<\/strong>. Comprender las opciones disponibles ayuda a <strong>Elija la mejor estrategia en funci\u00f3n de sus objetivos financieros y su tolerancia al riesgo.<\/strong>.<\/p>\t\t\t\t\t\t\t\t<\/div>\n\t\t\t\t<\/div>\n\t\t\t\t<div class=\"elementor-element elementor-element-acd7f4a elementor-align-left elementor-invisible elementor-widget elementor-widget-button\" data-id=\"acd7f4a\" data-element_type=\"widget\" data-settings=\"{&quot;_animation&quot;:&quot;fadeInUp&quot;,&quot;_animation_delay&quot;:500}\" data-widget_type=\"button.default\">\n\t\t\t\t<div class=\"elementor-widget-container\">\n\t\t\t\t\t\t\t\t\t<div class=\"elementor-button-wrapper\">\n\t\t\t\t\t<a class=\"elementor-button elementor-button-link elementor-size-sm\" href=\"#simulateur\">\n\t\t\t\t\t\t<span class=\"elementor-button-content-wrapper\">\n\t\t\t\t\t\t<span class=\"elementor-button-icon\">\n\t\t\t\t<svg aria-hidden=\"true\" class=\"e-font-icon-svg e-fas-arrow-right\" viewbox=\"0 0 448 512\" xmlns=\"http:\/\/www.w3.org\/2000\/svg\"><path d=\"M190.5 66.9l22.2-22.2c9.4-9.4 24.6-9.4 33.9 0L441 239c9.4 9.4 9.4 24.6 0 33.9L246.6 467.3c-9.4 9.4-24.6 9.4-33.9 0l-22.2-22.2c-9.5-9.5-9.3-25 .4-34.3L311.4 296H24c-13.3 0-24-10.7-24-24v-32c0-13.3 10.7-24 24-24h287.4L190.9 101.2c-9.8-9.3-10-24.8-.4-34.3z\"><\/path><\/svg>\t\t\t<\/span>\n\t\t\t\t\t\t\t\t\t<span class=\"elementor-button-text\">Verificar mi elegibilidad<\/span>\n\t\t\t\t\t<\/span>\n\t\t\t\t\t<\/a>\n\t\t\t\t<\/div>\n\t\t\t\t\t\t\t\t<\/div>\n\t\t\t\t<\/div>\n\t\t\t\t\t<\/div>\n\t\t\t\t<\/div>\n\t\t<div class=\"elementor-element elementor-element-7b99a9ca e-flex e-con-boxed elementor-invisible e-con e-parent\" data-id=\"7b99a9ca\" data-element_type=\"container\" data-settings=\"{&quot;background_background&quot;:&quot;classic&quot;,&quot;animation&quot;:&quot;fadeInUp&quot;}\">\n\t\t\t\t\t<div class=\"e-con-inner\">\n\t\t\t\t<div class=\"elementor-element elementor-element-68500735 elementor-widget elementor-widget-text-editor\" data-id=\"68500735\" data-element_type=\"widget\" data-widget_type=\"text-editor.default\">\n\t\t\t\t<div class=\"elementor-widget-container\">\n\t\t\t\t\t\t\t\t\t<h2 data-pm-slice=\"1 3 []\">1\ufe0f\u20e3 Financiaci\u00f3n para Particulares<\/h2><h3><strong>Objetivo: realizar sus proyectos y optimizar su presupuesto<\/strong><\/h3><p>Las personas pueden acceder a una variedad de financiamiento para <strong>garantizar la flexibilidad, la estabilidad y la consecuci\u00f3n de sus ambiciones<\/strong>.<\/p><h3><strong>Oportunidades de financiaci\u00f3n:<\/strong><\/h3><ul data-spread=\"false\"><li><p><strong>Pr\u00e9stamos para propiedades en alquiler (LMNP, Airbnb)<\/strong> \u2192 Adquisici\u00f3n y valoraci\u00f3n de un activo rentable<\/p><\/li><li><p><strong>Financiaci\u00f3n de proyectos en SCPI (Sociedades de Inversi\u00f3n Inmobiliaria)<\/strong> \u2192 Inversi\u00f3n inmobiliaria sin gesti\u00f3n directa<\/p><\/li><li><p><strong>Pr\u00e9stamos para la adquisici\u00f3n de acciones e inversiones burs\u00e1tiles<\/strong> \u2192 Acceso a los mercados financieros con apalancamiento<\/p><\/li><li><p><strong>Microcr\u00e9ditos y soluciones para el comercio electr\u00f3nico<\/strong> \u2192 Apoyo a emprendedores digitales<\/p><\/li><li><p><strong>Financiamiento de proyectos agr\u00edcolas y circuitos cortos<\/strong> \u2192 Apoyo a iniciativas sostenibles<\/p><\/li><\/ul>\t\t\t\t\t\t\t\t<\/div>\n\t\t\t\t<\/div>\n\t\t\t\t\t<\/div>\n\t\t\t\t<\/div>\n\t\t<div class=\"elementor-element elementor-element-6d325196 e-flex e-con-boxed elementor-invisible e-con e-parent\" data-id=\"6d325196\" data-element_type=\"container\" data-settings=\"{&quot;background_background&quot;:&quot;classic&quot;,&quot;animation&quot;:&quot;fadeInUp&quot;}\">\n\t\t\t\t\t<div class=\"e-con-inner\">\n\t\t\t\t<div class=\"elementor-element elementor-element-1b25c248 elementor-widget elementor-widget-text-editor\" data-id=\"1b25c248\" data-element_type=\"widget\" data-widget_type=\"text-editor.default\">\n\t\t\t\t<div class=\"elementor-widget-container\">\n\t\t\t\t\t\t\t\t\t<h3 data-pm-slice=\"1 1 []\"><strong>Beneficios y condiciones<\/strong><\/h3><p>\u2705 Soluciones flexibles adaptadas a las necesidades de las personas<br \/>\u2705 Acceso a capital con condiciones ventajosas<br \/>\u26a0\ufe0f Se requiere compromiso de reembolso<br \/>\u26a0\ufe0f An\u00e1lisis de garant\u00edas y perfil financiero<\/p>\t\t\t\t\t\t\t\t<\/div>\n\t\t\t\t<\/div>\n\t\t\t\t\t<\/div>\n\t\t\t\t<\/div>\n\t\t<div class=\"elementor-element elementor-element-645c95e9 e-flex e-con-boxed elementor-invisible e-con e-parent\" data-id=\"645c95e9\" data-element_type=\"container\" data-settings=\"{&quot;background_background&quot;:&quot;classic&quot;,&quot;animation&quot;:&quot;fadeInUp&quot;}\">\n\t\t\t\t\t<div class=\"e-con-inner\">\n\t\t\t\t<div class=\"elementor-element elementor-element-3fc481a4 elementor-widget elementor-widget-text-editor\" data-id=\"3fc481a4\" data-element_type=\"widget\" data-widget_type=\"text-editor.default\">\n\t\t\t\t<div class=\"elementor-widget-container\">\n\t\t\t\t\t\t\t\t\t<h2 data-pm-slice=\"1 3 []\">2\ufe0f\u20e3 Financiaci\u00f3n para profesionales<\/h2><h3><strong>Objetivo: apoyar el crecimiento y optimizar el flujo de caja<\/strong><\/h3><p>Las empresas y profesionales tienen acceso a soluciones espec\u00edficas para desarrollar su negocio y asegurar su expansi\u00f3n.<\/p><h3><strong>Oportunidades de financiaci\u00f3n:<\/strong><\/h3><ul data-spread=\"false\"><li><p><strong>Financiaci\u00f3n para startups y pymes (capital riesgo y capital privado)<\/strong> \u2192 Apoyo a empresas innovadoras<\/p><\/li><li><p><strong>Cr\u00e9ditos para inmuebles comerciales e industriales<\/strong> \u2192 Adquisici\u00f3n y desarrollo de activos profesionales<\/p><\/li><li><p><strong>Soluciones de financiaci\u00f3n mediante bonos<\/strong> \u2192 Inversiones seguras para las empresas<\/p><\/li><li><p><strong>Financiaci\u00f3n de proyectos tecnol\u00f3gicos (ciberseguridad, IA, MedTech)<\/strong> \u2192 Apoyo a sectores innovadores<\/p><\/li><li><p><strong>Apoyo a la industria aeron\u00e1utica y espacial<\/strong> \u2192 Financiaci\u00f3n de proyectos de alta tecnolog\u00eda<\/p><\/li><\/ul>\t\t\t\t\t\t\t\t<\/div>\n\t\t\t\t<\/div>\n\t\t\t\t\t<\/div>\n\t\t\t\t<\/div>\n\t\t<div class=\"elementor-element elementor-element-248a7c6c e-flex e-con-boxed e-con e-parent\" data-id=\"248a7c6c\" data-element_type=\"container\" data-settings=\"{&quot;background_background&quot;:&quot;classic&quot;}\">\n\t\t\t\t\t<div class=\"e-con-inner\">\n\t\t\t\t<div class=\"elementor-element elementor-element-50cf611a elementor-widget elementor-widget-text-editor\" data-id=\"50cf611a\" data-element_type=\"widget\" data-widget_type=\"text-editor.default\">\n\t\t\t\t<div class=\"elementor-widget-container\">\n\t\t\t\t\t\t\t\t\t<h3 data-pm-slice=\"1 1 []\"><strong>Beneficios y condiciones<\/strong><\/h3><p>\u2705 Acceso a fondos para acelerar el crecimiento<br \/>\u2705 Tasas competitivas y flexibilidad de pago<br \/>\u26a0\ufe0f Necesita un historial financiero s\u00f3lido<br \/>\u26a0\ufe0f Compromiso a largo plazo seg\u00fan el tipo de financiaci\u00f3n<\/p>\t\t\t\t\t\t\t\t<\/div>\n\t\t\t\t<\/div>\n\t\t\t\t\t<\/div>\n\t\t\t\t<\/div>\n\t\t<div class=\"elementor-element elementor-element-14442360 e-flex e-con-boxed elementor-invisible e-con e-parent\" data-id=\"14442360\" data-element_type=\"container\" data-settings=\"{&quot;background_background&quot;:&quot;classic&quot;,&quot;animation&quot;:&quot;fadeInUp&quot;}\">\n\t\t\t\t\t<div class=\"e-con-inner\">\n\t\t\t\t<div class=\"elementor-element elementor-element-e36c39f elementor-widget elementor-widget-text-editor\" data-id=\"e36c39f\" data-element_type=\"widget\" data-widget_type=\"text-editor.default\">\n\t\t\t\t<div class=\"elementor-widget-container\">\n\t\t\t\t\t\t\t\t\t<h2 data-pm-slice=\"1 1 []\"><span style=\"color: #ffffff;\">\ud83d\udce2 <strong>\u00bfPor qu\u00e9 financiar tu proyecto con nosotros?<\/strong><\/span><\/h2><p><span style=\"color: #ffffff;\">Ofrecemos soluciones para <strong>Financiaci\u00f3n a medida para particulares y profesionales<\/strong>, permiti\u00e9ndole realizar sus proyectos y maximizar su rentabilidad con total seguridad.<\/span><\/p>\t\t\t\t\t\t\t\t<\/div>\n\t\t\t\t<\/div>\n\t\t\t\t\t<\/div>\n\t\t\t\t<\/div>\n\t\t<div class=\"elementor-element elementor-element-6f8176d6 e-flex e-con-boxed elementor-invisible e-con e-parent\" data-id=\"6f8176d6\" data-element_type=\"container\" data-settings=\"{&quot;background_background&quot;:&quot;classic&quot;,&quot;animation&quot;:&quot;fadeInUp&quot;}\">\n\t\t\t\t\t<div class=\"e-con-inner\">\n\t\t\t\t<div class=\"elementor-element elementor-element-6ddb0ff6 elementor-widget elementor-widget-text-editor\" data-id=\"6ddb0ff6\" data-element_type=\"widget\" data-widget_type=\"text-editor.default\">\n\t\t\t\t<div class=\"elementor-widget-container\">\n\t\t\t\t\t\t\t\t\t<h3 data-pm-slice=\"1 1 []\"><strong>Nuestras ventajas:<\/strong><\/h3><p>\u2705 <strong>Soluciones adaptadas a cada perfil de prestatario<\/strong><br \/>\u2705 <strong>Acceso a financiaci\u00f3n exclusiva y eficiente<\/strong><br \/>\u2705 <strong>Tasas de financiaci\u00f3n competitivas y flexibles<\/strong><br \/>\u2705 <strong>Apoyo estrat\u00e9gico y personalizado<\/strong><\/p>\t\t\t\t\t\t\t\t<\/div>\n\t\t\t\t<\/div>\n\t\t\t\t\t<\/div>\n\t\t\t\t<\/div>\n\t\t<div class=\"elementor-element elementor-element-17534ca e-flex e-con-boxed elementor-invisible e-con e-parent\" data-id=\"17534ca\" data-element_type=\"container\" data-settings=\"{&quot;background_background&quot;:&quot;classic&quot;,&quot;animation&quot;:&quot;fadeInUp&quot;}\">\n\t\t\t\t\t<div class=\"e-con-inner\">\n\t\t\t\t<div class=\"elementor-element elementor-element-130a6a2 elementor-widget elementor-widget-menu-anchor\" data-id=\"130a6a2\" data-element_type=\"widget\" data-widget_type=\"menu-anchor.default\">\n\t\t\t\t<div class=\"elementor-widget-container\">\n\t\t\t\t\t\t\t<div class=\"elementor-menu-anchor\" id=\"simulateur\"><\/div>\n\t\t\t\t\t\t<\/div>\n\t\t\t\t<\/div>\n\t\t\t\t<div class=\"elementor-element elementor-element-3265e5c elementor-widget elementor-widget-html\" data-id=\"3265e5c\" data-element_type=\"widget\" data-widget_type=\"html.default\">\n\t\t\t\t<div class=\"elementor-widget-container\">\n\t\t\t\t\t<!DOCTYPE html>\n<html lang=\"fr\">\n<head>\n    <meta charset=\"UTF-8\">\n    <meta name=\"viewport\" content=\"width=device-width, initial-scale=1.0\">\n    <title>Demande de Financement Intelligent<\/title>\n    <style>\n        body {\n            font-family: Arial, sans-serif;\n            background-color: #f4f4f4;\n            color: #333;\n            margin: 0;\n            padding: 0px;\n        }\n        .container {\n            max-width: 900px;\n            margin: auto;\n            background: white;\n            padding: 20px;\n            border-radius: 10px;\n            box-shadow: 0px 0px 0px rgba(0, 0, 0, 0.1);\n        }\n         {\n            text-align: left;\n        }\n        label {\n            font-weight: bold;\n        }\n        input, select, button {\n            width: 100%;\n            padding: 10px;\n            margin: 10px 0;\n            border-radius: 5px;\n            border: 1px solid #ccc;\n        }\n        button {\n            background-color: #6CFF84;\n            color: black;\n            font-weight: bold;\n            cursor: pointer;\n        }\n        button:hover {\n            background-color: #5ACC70;\n        }\n        .result {\n            display: none;\n            background: #000;\n            color: white;\n            padding: 15px;\n            border-radius: 5px;\n            margin-top: 20px;\n            text-align: center;\n        }\n        .apply-button, .contact-button {\n            display: none;\n            margin-top: 15px;\n            padding: 10px;\n            border: none;\n            border-radius: 5px;\n            cursor: pointer;\n            font-weight: bold;\n            width: 100%;\n            text-decoration: none;\n            text-align: center;\n        }\n        .apply-button {\n            background-color: #ffcc00;\n            color: black;\n        }\n        .apply-button:hover {\n            background-color: #e6b800;\n        }\n        .contact-button {\n            background-color: #ff5733;\n            color: white;\n        }\n        .contact-button:hover {\n            background-color: #cc4626;\n        }\n    <\/style>\n<\/head>\n<body>\n    <div class=\"container\">\n        <h2>Verificar mi elegibilidad<\/h2>\n        <form id=\"financementForm\" action=\"\">\n            <label for=\"montant\">Importe solicitado (\u20ac):<\/label>\n            <input type=\"number\" id=\"montant\" placeholder=\"Introduzca la cantidad\" required>\n            \n            <label for=\"revenu\">Ingresos mensuales (\u20ac):<\/label>\n            <input type=\"number\" id=\"revenu\" placeholder=\"Ingresa tus ingresos mensuales\" required>\n            \n            <label for=\"statut\">Situaci\u00f3n profesional:<\/label>\n            <select id=\"statut\">\n                <option value=\"salarie\">Empleado<\/option>\n                <option value=\"independant\">Independiente<\/option>\n                <option value=\"entreprise\">Negocio<\/option>\n                <option value=\"autre\">Otro<\/option>\n            <\/select>\n            \n            <label for=\"historique\">Historia de cr\u00e9dito:<\/label>\n            <select id=\"historique\">\n                <option value=\"excellent\">Excelente<\/option>\n                <option value=\"bon\">Bien<\/option>\n                <option value=\"moyen\">PROMEDIO<\/option>\n                <option value=\"faible\">D\u00e9bil<\/option>\n            <\/select>\n            \n            <button type=\"button\" onclick=\"analyserEligibilite()\">Verificar mi elegibilidad<\/button>\n        <input type=\"hidden\" name=\"trp-form-language\" value=\"es\"\/><\/form>\n        \n        <div class=\"result\" id=\"resultat\">\n            <h3>Resultado del an\u00e1lisis<\/h3>\n            <p id=\"message\"><\/p>\n            <a id=\"applyButton\" class=\"apply-button\" href=\"https:\/\/flexifinanz.com\/es\/demander-un-financement\/\">Solicitar financiaci\u00f3n<\/a>\n            <a id=\"contactButton\" class=\"contact-button\" href=\"https:\/\/flexifinanz.com\/es\/contactez-nous\/\">Cont\u00e1ctenos<\/a>\n        <\/div>\n    <\/div>\n\n    <script>\n        function analyserEligibilite() {\n            let montant = parseFloat(document.getElementById(\"montant\").value);\n            let revenu = parseFloat(document.getElementById(\"revenu\").value);\n            let statut = document.getElementById(\"statut\").value;\n            let historique = document.getElementById(\"historique\").value;\n            let message = \"\";\n            let applyButton = document.getElementById(\"applyButton\");\n            let contactButton = document.getElementById(\"contactButton\");\n\n            if (isNaN(montant) || isNaN(revenu) || montant <= 0 || revenu <= 0) {\n                alert(\"Veuillez entrer des valeurs valides.\");\n                return;\n            }\n\n            let tauxEndettement = (montant \/ (revenu * 12)) * 100;\n            \n            if (tauxEndettement < 50 || (historique !== \"faible\" && tauxEndettement < 60)) {\n                message = \"\u2705 F\u00e9licitations ! Vous \u00eates \u00e9ligible \u00e0 un financement flexible avec des conditions avantageuses.\";\n                applyButton.style.display = \"block\";\n                contactButton.style.display = \"none\";\n            } else if (tauxEndettement < 70 || historique === \"moyen\") {\n                message = \"\u26a0\ufe0f Vous \u00eates \u00e9ligible avec des conditions ajust\u00e9es. Une analyse compl\u00e9mentaire pourrait \u00eatre n\u00e9cessaire.\";\n                applyButton.style.display = \"block\";\n                contactButton.style.display = \"none\";\n            } else {\n                message = \"\u274c Votre demande de financement n\u00e9cessite des garanties suppl\u00e9mentaires, mais nous pouvons vous proposer une alternative adapt\u00e9e.\";\n                applyButton.style.display = \"none\";\n                contactButton.style.display = \"block\";\n            }\n            \n            document.getElementById(\"message\").innerText = message;\n            document.getElementById(\"resultat\").style.display = \"block\";\n        }\n    <\/script>\n<\/body>\n<\/html>\n\t\t\t\t<\/div>\n\t\t\t\t<\/div>\n\t\t\t\t\t<\/div>\n\t\t\t\t<\/div>\n\t\t<div class=\"elementor-element elementor-element-1d34d1ad e-flex e-con-boxed elementor-invisible e-con e-parent\" data-id=\"1d34d1ad\" data-element_type=\"container\" data-settings=\"{&quot;background_background&quot;:&quot;classic&quot;,&quot;animation&quot;:&quot;fadeInUp&quot;}\">\n\t\t\t\t\t<div class=\"e-con-inner\">\n\t\t\t\t<div class=\"elementor-element elementor-element-26d82835 elementor-widget elementor-widget-heading\" data-id=\"26d82835\" data-element_type=\"widget\" data-widget_type=\"heading.default\">\n\t\t\t\t<div class=\"elementor-widget-container\">\n\t\t\t\t\t<h2 class=\"elementor-heading-title elementor-size-default\">\u00a1Obtenga su financiamiento hoy!<\/h2>\t\t\t\t<\/div>\n\t\t\t\t<\/div>\n\t\t\t\t<div class=\"elementor-element elementor-element-1f501aff elementor-widget elementor-widget-text-editor\" data-id=\"1f501aff\" data-element_type=\"widget\" data-widget_type=\"text-editor.default\">\n\t\t\t\t<div class=\"elementor-widget-container\">\n\t\t\t\t\t\t\t\t\t<p data-pm-slice=\"1 1 []\">Ya seas particular o profesional, te apoyamos en <strong>Asegure y optimice su financiaci\u00f3n<\/strong>.<\/p>\t\t\t\t\t\t\t\t<\/div>\n\t\t\t\t<\/div>\n\t\t\t\t<div class=\"elementor-element elementor-element-31aec061 elementor-align-center elementor-widget elementor-widget-button\" data-id=\"31aec061\" data-element_type=\"widget\" data-widget_type=\"button.default\">\n\t\t\t\t<div class=\"elementor-widget-container\">\n\t\t\t\t\t\t\t\t\t<div class=\"elementor-button-wrapper\">\n\t\t\t\t\t<a class=\"elementor-button elementor-button-link elementor-size-sm\" href=\"https:\/\/flexifinanz.com\/es\/nos-domaines-dinterventions\/\">\n\t\t\t\t\t\t<span class=\"elementor-button-content-wrapper\">\n\t\t\t\t\t\t<span class=\"elementor-button-icon\">\n\t\t\t\t<svg aria-hidden=\"true\" class=\"e-font-icon-svg e-fas-arrow-right\" viewbox=\"0 0 448 512\" xmlns=\"http:\/\/www.w3.org\/2000\/svg\"><path d=\"M190.5 66.9l22.2-22.2c9.4-9.4 24.6-9.4 33.9 0L441 239c9.4 9.4 9.4 24.6 0 33.9L246.6 467.3c-9.4 9.4-24.6 9.4-33.9 0l-22.2-22.2c-9.5-9.5-9.3-25 .4-34.3L311.4 296H24c-13.3 0-24-10.7-24-24v-32c0-13.3 10.7-24 24-24h287.4L190.9 101.2c-9.8-9.3-10-24.8-.4-34.3z\"><\/path><\/svg>\t\t\t<\/span>\n\t\t\t\t\t\t\t\t\t<span class=\"elementor-button-text\">Ver nuestros dominios <\/span>\n\t\t\t\t\t<\/span>\n\t\t\t\t\t<\/a>\n\t\t\t\t<\/div>\n\t\t\t\t\t\t\t\t<\/div>\n\t\t\t\t<\/div>\n\t\t\t\t\t<\/div>\n\t\t\t\t<\/div>\n\t\t\t\t<\/div>","protected":false},"excerpt":{"rendered":"<p>Pourquoi adapter son financement \u00e0 son profil ? Que vous soyez un particulier cherchant \u00e0 r\u00e9aliser un projet ou une entreprise souhaitant [&hellip;]<\/p>","protected":false},"author":1,"featured_media":340,"parent":0,"menu_order":0,"comment_status":"closed","ping_status":"closed","template":"","meta":{"om_disable_all_campaigns":false,"_monsterinsights_skip_tracking":false,"_monsterinsights_sitenote_active":false,"_monsterinsights_sitenote_note":"","_monsterinsights_sitenote_category":0,"footnotes":""},"class_list":["post-207","page","type-page","status-publish","has-post-thumbnail","hentry"],"aioseo_notices":[],"_links":{"self":[{"href":"https:\/\/flexifinanz.com\/es\/wp-json\/wp\/v2\/pages\/207","targetHints":{"allow":["GET"]}}],"collection":[{"href":"https:\/\/flexifinanz.com\/es\/wp-json\/wp\/v2\/pages"}],"about":[{"href":"https:\/\/flexifinanz.com\/es\/wp-json\/wp\/v2\/types\/page"}],"author":[{"embeddable":true,"href":"https:\/\/flexifinanz.com\/es\/wp-json\/wp\/v2\/users\/1"}],"replies":[{"embeddable":true,"href":"https:\/\/flexifinanz.com\/es\/wp-json\/wp\/v2\/comments?post=207"}],"version-history":[{"count":0,"href":"https:\/\/flexifinanz.com\/es\/wp-json\/wp\/v2\/pages\/207\/revisions"}],"wp:featuredmedia":[{"embeddable":true,"href":"https:\/\/flexifinanz.com\/es\/wp-json\/wp\/v2\/media\/340"}],"wp:attachment":[{"href":"https:\/\/flexifinanz.com\/es\/wp-json\/wp\/v2\/media?parent=207"}],"curies":[{"name":"wp","href":"https:\/\/api.w.org\/{rel}","templated":true}]}}