{"id":201,"date":"2025-02-20T15:52:50","date_gmt":"2025-02-20T14:52:50","guid":{"rendered":"https:\/\/flexifinanz.com\/?page_id=201"},"modified":"2025-02-25T18:44:04","modified_gmt":"2025-02-25T17:44:04","slug":"financiacion-estrategica","status":"publish","type":"page","link":"https:\/\/flexifinanz.com\/es\/financiacion-estrategica\/","title":{"rendered":"Financiaci\u00f3n estrat\u00e9gica: rendimiento y estabilidad"},"content":{"rendered":"<div data-elementor-type=\"wp-page\" data-elementor-id=\"201\" class=\"elementor elementor-201\" data-elementor-settings=\"{&quot;element_pack_global_tooltip_width&quot;:{&quot;unit&quot;:&quot;px&quot;,&quot;size&quot;:&quot;&quot;,&quot;sizes&quot;:[]},&quot;element_pack_global_tooltip_width_tablet&quot;:{&quot;unit&quot;:&quot;px&quot;,&quot;size&quot;:&quot;&quot;,&quot;sizes&quot;:[]},&quot;element_pack_global_tooltip_width_mobile&quot;:{&quot;unit&quot;:&quot;px&quot;,&quot;size&quot;:&quot;&quot;,&quot;sizes&quot;:[]},&quot;element_pack_global_tooltip_padding&quot;:{&quot;unit&quot;:&quot;px&quot;,&quot;top&quot;:&quot;&quot;,&quot;right&quot;:&quot;&quot;,&quot;bottom&quot;:&quot;&quot;,&quot;left&quot;:&quot;&quot;,&quot;isLinked&quot;:true},&quot;element_pack_global_tooltip_padding_tablet&quot;:{&quot;unit&quot;:&quot;px&quot;,&quot;top&quot;:&quot;&quot;,&quot;right&quot;:&quot;&quot;,&quot;bottom&quot;:&quot;&quot;,&quot;left&quot;:&quot;&quot;,&quot;isLinked&quot;:true},&quot;element_pack_global_tooltip_padding_mobile&quot;:{&quot;unit&quot;:&quot;px&quot;,&quot;top&quot;:&quot;&quot;,&quot;right&quot;:&quot;&quot;,&quot;bottom&quot;:&quot;&quot;,&quot;left&quot;:&quot;&quot;,&quot;isLinked&quot;:true},&quot;element_pack_global_tooltip_border_radius&quot;:{&quot;unit&quot;:&quot;px&quot;,&quot;top&quot;:&quot;&quot;,&quot;right&quot;:&quot;&quot;,&quot;bottom&quot;:&quot;&quot;,&quot;left&quot;:&quot;&quot;,&quot;isLinked&quot;:true},&quot;element_pack_global_tooltip_border_radius_tablet&quot;:{&quot;unit&quot;:&quot;px&quot;,&quot;top&quot;:&quot;&quot;,&quot;right&quot;:&quot;&quot;,&quot;bottom&quot;:&quot;&quot;,&quot;left&quot;:&quot;&quot;,&quot;isLinked&quot;:true},&quot;element_pack_global_tooltip_border_radius_mobile&quot;:{&quot;unit&quot;:&quot;px&quot;,&quot;top&quot;:&quot;&quot;,&quot;right&quot;:&quot;&quot;,&quot;bottom&quot;:&quot;&quot;,&quot;left&quot;:&quot;&quot;,&quot;isLinked&quot;:true}}\" data-elementor-post-type=\"page\">\n\t\t\t\t<div class=\"elementor-element elementor-element-5dfb50b7 e-flex e-con-boxed e-con e-parent\" data-id=\"5dfb50b7\" data-element_type=\"container\" data-settings=\"{&quot;background_background&quot;:&quot;classic&quot;}\">\n\t\t\t\t\t<div class=\"e-con-inner\">\n\t\t\t\t<div class=\"elementor-element elementor-element-28af2f0b elementor-widget elementor-widget-text-editor\" data-id=\"28af2f0b\" data-element_type=\"widget\" data-widget_type=\"text-editor.default\">\n\t\t\t\t<div class=\"elementor-widget-container\">\n\t\t\t\t\t\t\t\t\t<h2 data-pm-slice=\"1 1 []\">\u00bfPor qu\u00e9 diversificar su financiaci\u00f3n?<\/h2><p>Obtener financiaci\u00f3n es lo primero y m\u00e1s importante <strong>Encontrar el equilibrio adecuado entre crecimiento y seguridad<\/strong>. Algunas financiaciones permiten una <strong>R\u00e1pida expansi\u00f3n y altos rendimientos<\/strong>, mientras que otros est\u00e1n a favor <strong>estabilidad y protecci\u00f3n de los activos<\/strong>. Su elecci\u00f3n depender\u00e1 de la naturaleza de su proyecto, sus objetivos y sus necesidades de liquidez.<\/p>\t\t\t\t\t\t\t\t<\/div>\n\t\t\t\t<\/div>\n\t\t\t\t<div class=\"elementor-element elementor-element-78043fb elementor-align-left elementor-invisible elementor-widget elementor-widget-button\" data-id=\"78043fb\" data-element_type=\"widget\" data-settings=\"{&quot;_animation&quot;:&quot;fadeInUp&quot;,&quot;_animation_delay&quot;:500}\" data-widget_type=\"button.default\">\n\t\t\t\t<div class=\"elementor-widget-container\">\n\t\t\t\t\t\t\t\t\t<div class=\"elementor-button-wrapper\">\n\t\t\t\t\t<a class=\"elementor-button elementor-button-link elementor-size-sm\" href=\"#simulateur\">\n\t\t\t\t\t\t<span class=\"elementor-button-content-wrapper\">\n\t\t\t\t\t\t<span class=\"elementor-button-icon\">\n\t\t\t\t<svg aria-hidden=\"true\" class=\"e-font-icon-svg e-fas-arrow-right\" viewbox=\"0 0 448 512\" xmlns=\"http:\/\/www.w3.org\/2000\/svg\"><path d=\"M190.5 66.9l22.2-22.2c9.4-9.4 24.6-9.4 33.9 0L441 239c9.4 9.4 9.4 24.6 0 33.9L246.6 467.3c-9.4 9.4-24.6 9.4-33.9 0l-22.2-22.2c-9.5-9.5-9.3-25 .4-34.3L311.4 296H24c-13.3 0-24-10.7-24-24v-32c0-13.3 10.7-24 24-24h287.4L190.9 101.2c-9.8-9.3-10-24.8-.4-34.3z\"><\/path><\/svg>\t\t\t<\/span>\n\t\t\t\t\t\t\t\t\t<span class=\"elementor-button-text\">Verificar mi elegibilidad<\/span>\n\t\t\t\t\t<\/span>\n\t\t\t\t\t<\/a>\n\t\t\t\t<\/div>\n\t\t\t\t\t\t\t\t<\/div>\n\t\t\t\t<\/div>\n\t\t\t\t\t<\/div>\n\t\t\t\t<\/div>\n\t\t<div class=\"elementor-element elementor-element-617f91a e-flex e-con-boxed elementor-invisible e-con e-parent\" data-id=\"617f91a\" data-element_type=\"container\" data-settings=\"{&quot;background_background&quot;:&quot;classic&quot;,&quot;animation&quot;:&quot;fadeInUp&quot;}\">\n\t\t\t\t\t<div class=\"e-con-inner\">\n\t\t\t\t<div class=\"elementor-element elementor-element-5c3fdd26 elementor-widget elementor-widget-text-editor\" data-id=\"5c3fdd26\" data-element_type=\"widget\" data-widget_type=\"text-editor.default\">\n\t\t\t\t<div class=\"elementor-widget-container\">\n\t\t\t\t\t\t\t\t\t<h2 data-pm-slice=\"1 3 []\">1\ufe0f\u20e3 Financiaci\u00f3n din\u00e1mica<\/h2>\n<h3><strong>Objetivo: Maximizar el rendimiento y aprovechar las oportunidades<\/strong><\/h3>\n<p>La financiaci\u00f3n din\u00e1mica est\u00e1 dise\u00f1ada para quienes buscan <strong>Fuerte crecimiento y r\u00e1pida aceleraci\u00f3n<\/strong>.<\/p>\n<h3><strong>Oportunidades de financiaci\u00f3n:<\/strong><\/h3>\n<ul data-spread=\"false\">\n<li>\n<p><strong>Blockchain y criptomonedas<\/strong> \u2192 Apoyo a empresas innovadoras de Web3 y DeFi<\/p>\n<\/li>\n<li>\n<p><strong>Empresas emergentes y startups<\/strong> \u2192 Fondo de crecimiento para empresas j\u00f3venes prometedoras<\/p>\n<\/li>\n<li>\n<p><strong>Inteligencia artificial (IA)<\/strong> \u2192 Financiaci\u00f3n de avances tecnol\u00f3gicos en automatizaci\u00f3n y datos<\/p>\n<\/li>\n<li>\n<p><strong>Agricultura inteligente y alternativa<\/strong> \u2192 Desarrollo de soluciones agr\u00edcolas sostenibles<\/p>\n<\/li>\n<li>\n<p><strong>Realidad virtual y aumentada<\/strong> \u2192 Apoyando a las empresas en la innovaci\u00f3n inmersiva<\/p>\n<\/li>\n<\/ul>\t\t\t\t\t\t\t\t<\/div>\n\t\t\t\t<\/div>\n\t\t\t\t\t<\/div>\n\t\t\t\t<\/div>\n\t\t<div class=\"elementor-element elementor-element-5ff6a4ed e-flex e-con-boxed elementor-invisible e-con e-parent\" data-id=\"5ff6a4ed\" data-element_type=\"container\" data-settings=\"{&quot;background_background&quot;:&quot;classic&quot;,&quot;animation&quot;:&quot;fadeInUp&quot;}\">\n\t\t\t\t\t<div class=\"e-con-inner\">\n\t\t\t\t<div class=\"elementor-element elementor-element-28c70ddb elementor-widget elementor-widget-text-editor\" data-id=\"28c70ddb\" data-element_type=\"widget\" data-widget_type=\"text-editor.default\">\n\t\t\t\t<div class=\"elementor-widget-container\">\n\t\t\t\t\t\t\t\t\t<h3 data-pm-slice=\"1 1 []\"><strong>Beneficios<\/strong><\/h3>\n<p>\u2705 Acceso a capital para un crecimiento r\u00e1pido<br \/>\u2705 Financiaci\u00f3n de sectores tecnol\u00f3gicos y de futuro<br \/>\u2705 Soluciones adaptadas a empresas de alto potencial<\/p>\t\t\t\t\t\t\t\t<\/div>\n\t\t\t\t<\/div>\n\t\t\t\t\t<\/div>\n\t\t\t\t<\/div>\n\t\t<div class=\"elementor-element elementor-element-16a04a57 e-flex e-con-boxed elementor-invisible e-con e-parent\" data-id=\"16a04a57\" data-element_type=\"container\" data-settings=\"{&quot;background_background&quot;:&quot;classic&quot;,&quot;animation&quot;:&quot;fadeInUp&quot;}\">\n\t\t\t\t\t<div class=\"e-con-inner\">\n\t\t\t\t<div class=\"elementor-element elementor-element-691fb59e elementor-widget elementor-widget-text-editor\" data-id=\"691fb59e\" data-element_type=\"widget\" data-widget_type=\"text-editor.default\">\n\t\t\t\t<div class=\"elementor-widget-container\">\n\t\t\t\t\t\t\t\t\t<h2 data-pm-slice=\"1 1 []\">2\ufe0f\u20e3 Financiaci\u00f3n segura<\/h2>\n<h3><strong>Objetivo: garantizar la estabilidad financiera y la rentabilidad sostenible<\/strong><\/h3>\n<p>La financiaci\u00f3n garantizada est\u00e1 dise\u00f1ada para ofrecer <strong>Una estructura estable y condiciones de reembolso predecibles<\/strong>.<\/p>\n<h3><strong>Oportunidades de financiaci\u00f3n:<\/strong><\/h3>\n<ul data-spread=\"false\">\n<li>\n<p><strong>Bienes inmuebles patrimoniales (edificios, SCPI)<\/strong> \u2192 Adquisici\u00f3n y optimizaci\u00f3n de activos inmobiliarios<\/p>\n<\/li>\n<li>\n<p><strong>Bonos y fondos en euros<\/strong> \u2192 Seguridad financiera con rentabilidad fija<\/p>\n<\/li>\n<li>\n<p><strong>Energ\u00edas renovables (solar, e\u00f3lica, hidr\u00f3geno)<\/strong> \u2192 Financiaci\u00f3n de proyectos ecol\u00f3gicos<\/p>\n<\/li>\n<li>\n<p><strong>Tecnolog\u00edas del agua (desalinizaci\u00f3n, filtraci\u00f3n)<\/strong> \u2192 Apoyo a la infraestructura h\u00eddrica<\/p>\n<\/li>\n<li>\n<p><strong>Log\u00edstica y transporte sostenible<\/strong> \u2192 Desarrollo de soluciones de transporte eco-responsables<\/p>\n<\/li>\n<\/ul>\t\t\t\t\t\t\t\t<\/div>\n\t\t\t\t<\/div>\n\t\t\t\t\t<\/div>\n\t\t\t\t<\/div>\n\t\t<div class=\"elementor-element elementor-element-4736e3e3 e-flex e-con-boxed elementor-invisible e-con e-parent\" data-id=\"4736e3e3\" data-element_type=\"container\" data-settings=\"{&quot;background_background&quot;:&quot;classic&quot;,&quot;animation&quot;:&quot;fadeInUp&quot;}\">\n\t\t\t\t\t<div class=\"e-con-inner\">\n\t\t\t\t<div class=\"elementor-element elementor-element-54189850 elementor-widget elementor-widget-text-editor\" data-id=\"54189850\" data-element_type=\"widget\" data-widget_type=\"text-editor.default\">\n\t\t\t\t<div class=\"elementor-widget-container\">\n\t\t\t\t\t\t\t\t\t<h3 data-pm-slice=\"1 1 []\"><strong>Beneficios<\/strong><\/h3>\n<p>\u2705 Asegurar el capital invertido<br \/>\u2705 Rentabilidad estable y predecible<br \/>\u2705 Adecuado para negocios y proyectos a largo plazo.<\/p>\t\t\t\t\t\t\t\t<\/div>\n\t\t\t\t<\/div>\n\t\t\t\t\t<\/div>\n\t\t\t\t<\/div>\n\t\t<div class=\"elementor-element elementor-element-78faadd5 e-flex e-con-boxed elementor-invisible e-con e-parent\" data-id=\"78faadd5\" data-element_type=\"container\" data-settings=\"{&quot;background_background&quot;:&quot;classic&quot;,&quot;animation&quot;:&quot;fadeInUp&quot;}\">\n\t\t\t\t\t<div class=\"e-con-inner\">\n\t\t\t\t<div class=\"elementor-element elementor-element-39d0ff90 elementor-widget elementor-widget-text-editor\" data-id=\"39d0ff90\" data-element_type=\"widget\" data-widget_type=\"text-editor.default\">\n\t\t\t\t<div class=\"elementor-widget-container\">\n\t\t\t\t\t\t\t\t\t<h2 data-pm-slice=\"1 1 []\"><span style=\"color: #ffffff;\">\ud83d\udce2 <strong>\u00bfPor qu\u00e9 financiar con nosotros?<\/strong><\/span><\/h2>\n<p><span style=\"color: #ffffff;\">Hemos creado <strong>Un enfoque de financiaci\u00f3n flexible y accesible<\/strong>, con <strong>Tarifas ventajosas y soluciones adaptadas<\/strong> para que cada responsable de proyecto pueda beneficiarse de un soporte optimizado.<\/span><\/p>\t\t\t\t\t\t\t\t<\/div>\n\t\t\t\t<\/div>\n\t\t\t\t\t<\/div>\n\t\t\t\t<\/div>\n\t\t<div class=\"elementor-element elementor-element-4ff9ee6e e-flex e-con-boxed elementor-invisible e-con e-parent\" data-id=\"4ff9ee6e\" data-element_type=\"container\" data-settings=\"{&quot;background_background&quot;:&quot;classic&quot;,&quot;animation&quot;:&quot;fadeInUp&quot;}\">\n\t\t\t\t\t<div class=\"e-con-inner\">\n\t\t\t\t<div class=\"elementor-element elementor-element-1385e59d elementor-widget elementor-widget-text-editor\" data-id=\"1385e59d\" data-element_type=\"widget\" data-widget_type=\"text-editor.default\">\n\t\t\t\t<div class=\"elementor-widget-container\">\n\t\t\t\t\t\t\t\t\t<h3 data-pm-slice=\"1 1 []\"><strong>Nuestras ventajas:<\/strong><\/h3>\n<p>\u2705 <strong>Selecci\u00f3n rigurosa de proyectos financiados<\/strong><br \/>\u2705 <strong>Estrategias adaptadas a cada perfil de negocio<\/strong><br \/>\u2705 <strong>Tasas de financiaci\u00f3n competitivas y flexibles<\/strong><br \/>\u2705 <strong>Apoyo personalizado y estructuraci\u00f3n financiera optimizada<\/strong><\/p>\t\t\t\t\t\t\t\t<\/div>\n\t\t\t\t<\/div>\n\t\t\t\t\t<\/div>\n\t\t\t\t<\/div>\n\t\t<div class=\"elementor-element elementor-element-6204f2d e-flex e-con-boxed elementor-invisible e-con e-parent\" data-id=\"6204f2d\" data-element_type=\"container\" data-settings=\"{&quot;background_background&quot;:&quot;classic&quot;,&quot;animation&quot;:&quot;fadeInUp&quot;}\">\n\t\t\t\t\t<div class=\"e-con-inner\">\n\t\t\t\t<div class=\"elementor-element elementor-element-d1300f8 elementor-widget elementor-widget-menu-anchor\" data-id=\"d1300f8\" data-element_type=\"widget\" data-widget_type=\"menu-anchor.default\">\n\t\t\t\t<div class=\"elementor-widget-container\">\n\t\t\t\t\t\t\t<div class=\"elementor-menu-anchor\" id=\"simulateur\"><\/div>\n\t\t\t\t\t\t<\/div>\n\t\t\t\t<\/div>\n\t\t\t\t<div class=\"elementor-element elementor-element-e76d12e elementor-widget elementor-widget-html\" data-id=\"e76d12e\" data-element_type=\"widget\" data-widget_type=\"html.default\">\n\t\t\t\t<div class=\"elementor-widget-container\">\n\t\t\t\t\t<!DOCTYPE html>\n<html lang=\"fr\">\n<head>\n    <meta charset=\"UTF-8\">\n    <meta name=\"viewport\" content=\"width=device-width, initial-scale=1.0\">\n    <title>Demande de Financement Intelligent<\/title>\n    <style>\n        body {\n            font-family: Arial, sans-serif;\n            background-color: #f4f4f4;\n            color: #333;\n            margin: 0;\n            padding: 0px;\n        }\n        .container {\n            max-width: 900px;\n            margin: auto;\n            background: white;\n            padding: 20px;\n            border-radius: 10px;\n            box-shadow: 0px 0px 0px rgba(0, 0, 0, 0.1);\n        }\n         {\n            text-align: left;\n        }\n        label {\n            font-weight: bold;\n        }\n        input, select, button {\n            width: 100%;\n            padding: 10px;\n            margin: 10px 0;\n            border-radius: 5px;\n            border: 1px solid #ccc;\n        }\n        button {\n            background-color: #6CFF84;\n            color: black;\n            font-weight: bold;\n            cursor: pointer;\n        }\n        button:hover {\n            background-color: #5ACC70;\n        }\n        .result {\n            display: none;\n            background: #000;\n            color: white;\n            padding: 15px;\n            border-radius: 5px;\n            margin-top: 20px;\n            text-align: center;\n        }\n        .apply-button, .contact-button {\n            display: none;\n            margin-top: 15px;\n            padding: 10px;\n            border: none;\n            border-radius: 5px;\n            cursor: pointer;\n            font-weight: bold;\n            width: 100%;\n            text-decoration: none;\n            text-align: center;\n        }\n        .apply-button {\n            background-color: #ffcc00;\n            color: black;\n        }\n        .apply-button:hover {\n            background-color: #e6b800;\n        }\n        .contact-button {\n            background-color: #ff5733;\n            color: white;\n        }\n        .contact-button:hover {\n            background-color: #cc4626;\n        }\n    <\/style>\n<\/head>\n<body>\n    <div class=\"container\">\n        <h2>Verificar mi elegibilidad<\/h2>\n        <form id=\"financementForm\" action=\"\">\n            <label for=\"montant\">Importe solicitado (\u20ac):<\/label>\n            <input type=\"number\" id=\"montant\" placeholder=\"Introduzca la cantidad\" required>\n            \n            <label for=\"revenu\">Ingresos mensuales (\u20ac):<\/label>\n            <input type=\"number\" id=\"revenu\" placeholder=\"Ingresa tus ingresos mensuales\" required>\n            \n            <label for=\"statut\">Situaci\u00f3n profesional:<\/label>\n            <select id=\"statut\">\n                <option value=\"salarie\">Empleado<\/option>\n                <option value=\"independant\">Independiente<\/option>\n                <option value=\"entreprise\">Negocio<\/option>\n                <option value=\"autre\">Otro<\/option>\n            <\/select>\n            \n            <label for=\"historique\">Historia de cr\u00e9dito:<\/label>\n            <select id=\"historique\">\n                <option value=\"excellent\">Excelente<\/option>\n                <option value=\"bon\">Bien<\/option>\n                <option value=\"moyen\">PROMEDIO<\/option>\n                <option value=\"faible\">D\u00e9bil<\/option>\n            <\/select>\n            \n            <button type=\"button\" onclick=\"analyserEligibilite()\">Verificar mi elegibilidad<\/button>\n        <input type=\"hidden\" name=\"trp-form-language\" value=\"es\"\/><\/form>\n        \n        <div class=\"result\" id=\"resultat\">\n            <h3>Resultado del an\u00e1lisis<\/h3>\n            <p id=\"message\"><\/p>\n            <a id=\"applyButton\" class=\"apply-button\" href=\"https:\/\/flexifinanz.com\/es\/demander-un-financement\/\">Solicitar financiaci\u00f3n<\/a>\n            <a id=\"contactButton\" class=\"contact-button\" href=\"https:\/\/flexifinanz.com\/es\/contactez-nous\/\">Cont\u00e1ctenos<\/a>\n        <\/div>\n    <\/div>\n\n    <script>\n        function analyserEligibilite() {\n            let montant = parseFloat(document.getElementById(\"montant\").value);\n            let revenu = parseFloat(document.getElementById(\"revenu\").value);\n            let statut = document.getElementById(\"statut\").value;\n            let historique = document.getElementById(\"historique\").value;\n            let message = \"\";\n            let applyButton = document.getElementById(\"applyButton\");\n            let contactButton = document.getElementById(\"contactButton\");\n\n            if (isNaN(montant) || isNaN(revenu) || montant <= 0 || revenu <= 0) {\n                alert(\"Veuillez entrer des valeurs valides.\");\n                return;\n            }\n\n            let tauxEndettement = (montant \/ (revenu * 12)) * 100;\n            \n            if (tauxEndettement < 50 || (historique !== \"faible\" && tauxEndettement < 60)) {\n                message = \"\u2705 F\u00e9licitations ! Vous \u00eates \u00e9ligible \u00e0 un financement flexible avec des conditions avantageuses.\";\n                applyButton.style.display = \"block\";\n                contactButton.style.display = \"none\";\n            } else if (tauxEndettement < 70 || historique === \"moyen\") {\n                message = \"\u26a0\ufe0f Vous \u00eates \u00e9ligible avec des conditions ajust\u00e9es. Une analyse compl\u00e9mentaire pourrait \u00eatre n\u00e9cessaire.\";\n                applyButton.style.display = \"block\";\n                contactButton.style.display = \"none\";\n            } else {\n                message = \"\u274c Votre demande de financement n\u00e9cessite des garanties suppl\u00e9mentaires, mais nous pouvons vous proposer une alternative adapt\u00e9e.\";\n                applyButton.style.display = \"none\";\n                contactButton.style.display = \"block\";\n            }\n            \n            document.getElementById(\"message\").innerText = message;\n            document.getElementById(\"resultat\").style.display = \"block\";\n        }\n    <\/script>\n<\/body>\n<\/html>\n\t\t\t\t<\/div>\n\t\t\t\t<\/div>\n\t\t\t\t\t<\/div>\n\t\t\t\t<\/div>\n\t\t<div class=\"elementor-element elementor-element-71f13f04 e-flex e-con-boxed elementor-invisible e-con e-parent\" data-id=\"71f13f04\" data-element_type=\"container\" data-settings=\"{&quot;background_background&quot;:&quot;classic&quot;,&quot;animation&quot;:&quot;fadeInUp&quot;}\">\n\t\t\t\t\t<div class=\"e-con-inner\">\n\t\t\t\t<div class=\"elementor-element elementor-element-34ab79d0 elementor-widget elementor-widget-heading\" data-id=\"34ab79d0\" data-element_type=\"widget\" data-widget_type=\"heading.default\">\n\t\t\t\t<div class=\"elementor-widget-container\">\n\t\t\t\t\t<h2 class=\"elementor-heading-title elementor-size-default\">\u00a1Obtenga su financiamiento hoy!<\/h2>\t\t\t\t<\/div>\n\t\t\t\t<\/div>\n\t\t\t\t<div class=\"elementor-element elementor-element-734de5a6 elementor-widget elementor-widget-text-editor\" data-id=\"734de5a6\" data-element_type=\"widget\" data-widget_type=\"text-editor.default\">\n\t\t\t\t<div class=\"elementor-widget-container\">\n\t\t\t\t\t\t\t\t\t<p data-pm-slice=\"1 1 []\">Con nosotros, <strong>La financiaci\u00f3n se convierte en una palanca estrat\u00e9gica y eficaz<\/strong>. Lo que est\u00e1s buscando <strong>crecimiento r\u00e1pido o estabilidad a largo plazo<\/strong>Te apoyamos con <strong>Soluciones accesibles y eficientes<\/strong>.<\/p>\t\t\t\t\t\t\t\t<\/div>\n\t\t\t\t<\/div>\n\t\t\t\t<div class=\"elementor-element elementor-element-5d7c28a2 elementor-align-center elementor-widget elementor-widget-button\" data-id=\"5d7c28a2\" data-element_type=\"widget\" data-widget_type=\"button.default\">\n\t\t\t\t<div class=\"elementor-widget-container\">\n\t\t\t\t\t\t\t\t\t<div class=\"elementor-button-wrapper\">\n\t\t\t\t\t<a class=\"elementor-button elementor-button-link elementor-size-sm\" href=\"https:\/\/flexifinanz.com\/es\/nos-domaines-dinterventions\/\">\n\t\t\t\t\t\t<span class=\"elementor-button-content-wrapper\">\n\t\t\t\t\t\t<span class=\"elementor-button-icon\">\n\t\t\t\t<svg aria-hidden=\"true\" class=\"e-font-icon-svg e-fas-arrow-right\" viewbox=\"0 0 448 512\" xmlns=\"http:\/\/www.w3.org\/2000\/svg\"><path d=\"M190.5 66.9l22.2-22.2c9.4-9.4 24.6-9.4 33.9 0L441 239c9.4 9.4 9.4 24.6 0 33.9L246.6 467.3c-9.4 9.4-24.6 9.4-33.9 0l-22.2-22.2c-9.5-9.5-9.3-25 .4-34.3L311.4 296H24c-13.3 0-24-10.7-24-24v-32c0-13.3 10.7-24 24-24h287.4L190.9 101.2c-9.8-9.3-10-24.8-.4-34.3z\"><\/path><\/svg>\t\t\t<\/span>\n\t\t\t\t\t\t\t\t\t<span class=\"elementor-button-text\">Ver nuestros dominios <\/span>\n\t\t\t\t\t<\/span>\n\t\t\t\t\t<\/a>\n\t\t\t\t<\/div>\n\t\t\t\t\t\t\t\t<\/div>\n\t\t\t\t<\/div>\n\t\t\t\t\t<\/div>\n\t\t\t\t<\/div>\n\t\t\t\t<\/div>","protected":false},"excerpt":{"rendered":"<p>Pourquoi diversifier son financement ? Obtenir un financement, c\u2019est avant tout trouver le bon \u00e9quilibre entre croissance et s\u00e9curit\u00e9. Certains financements permettent [&hellip;]<\/p>","protected":false},"author":1,"featured_media":358,"parent":0,"menu_order":0,"comment_status":"closed","ping_status":"closed","template":"","meta":{"om_disable_all_campaigns":false,"_monsterinsights_skip_tracking":false,"_monsterinsights_sitenote_active":false,"_monsterinsights_sitenote_note":"","_monsterinsights_sitenote_category":0,"footnotes":""},"class_list":["post-201","page","type-page","status-publish","has-post-thumbnail","hentry"],"aioseo_notices":[],"_links":{"self":[{"href":"https:\/\/flexifinanz.com\/es\/wp-json\/wp\/v2\/pages\/201","targetHints":{"allow":["GET"]}}],"collection":[{"href":"https:\/\/flexifinanz.com\/es\/wp-json\/wp\/v2\/pages"}],"about":[{"href":"https:\/\/flexifinanz.com\/es\/wp-json\/wp\/v2\/types\/page"}],"author":[{"embeddable":true,"href":"https:\/\/flexifinanz.com\/es\/wp-json\/wp\/v2\/users\/1"}],"replies":[{"embeddable":true,"href":"https:\/\/flexifinanz.com\/es\/wp-json\/wp\/v2\/comments?post=201"}],"version-history":[{"count":0,"href":"https:\/\/flexifinanz.com\/es\/wp-json\/wp\/v2\/pages\/201\/revisions"}],"wp:featuredmedia":[{"embeddable":true,"href":"https:\/\/flexifinanz.com\/es\/wp-json\/wp\/v2\/media\/358"}],"wp:attachment":[{"href":"https:\/\/flexifinanz.com\/es\/wp-json\/wp\/v2\/media?parent=201"}],"curies":[{"name":"wp","href":"https:\/\/api.w.org\/{rel}","templated":true}]}}