{"id":192,"date":"2025-02-20T15:42:36","date_gmt":"2025-02-20T14:42:36","guid":{"rendered":"https:\/\/flexifinanz.com\/?page_id=192"},"modified":"2025-02-25T18:45:16","modified_gmt":"2025-02-25T17:45:16","slug":"financiacion-por-duracion","status":"publish","type":"page","link":"https:\/\/flexifinanz.com\/es\/financiacion-por-duracion\/","title":{"rendered":"Financiaci\u00f3n de proyectos a corto, mediano y largo plazo: adapte su estrategia"},"content":{"rendered":"<div data-elementor-type=\"wp-page\" data-elementor-id=\"192\" class=\"elementor elementor-192\" data-elementor-settings=\"{&quot;element_pack_global_tooltip_width&quot;:{&quot;unit&quot;:&quot;px&quot;,&quot;size&quot;:&quot;&quot;,&quot;sizes&quot;:[]},&quot;element_pack_global_tooltip_width_tablet&quot;:{&quot;unit&quot;:&quot;px&quot;,&quot;size&quot;:&quot;&quot;,&quot;sizes&quot;:[]},&quot;element_pack_global_tooltip_width_mobile&quot;:{&quot;unit&quot;:&quot;px&quot;,&quot;size&quot;:&quot;&quot;,&quot;sizes&quot;:[]},&quot;element_pack_global_tooltip_padding&quot;:{&quot;unit&quot;:&quot;px&quot;,&quot;top&quot;:&quot;&quot;,&quot;right&quot;:&quot;&quot;,&quot;bottom&quot;:&quot;&quot;,&quot;left&quot;:&quot;&quot;,&quot;isLinked&quot;:true},&quot;element_pack_global_tooltip_padding_tablet&quot;:{&quot;unit&quot;:&quot;px&quot;,&quot;top&quot;:&quot;&quot;,&quot;right&quot;:&quot;&quot;,&quot;bottom&quot;:&quot;&quot;,&quot;left&quot;:&quot;&quot;,&quot;isLinked&quot;:true},&quot;element_pack_global_tooltip_padding_mobile&quot;:{&quot;unit&quot;:&quot;px&quot;,&quot;top&quot;:&quot;&quot;,&quot;right&quot;:&quot;&quot;,&quot;bottom&quot;:&quot;&quot;,&quot;left&quot;:&quot;&quot;,&quot;isLinked&quot;:true},&quot;element_pack_global_tooltip_border_radius&quot;:{&quot;unit&quot;:&quot;px&quot;,&quot;top&quot;:&quot;&quot;,&quot;right&quot;:&quot;&quot;,&quot;bottom&quot;:&quot;&quot;,&quot;left&quot;:&quot;&quot;,&quot;isLinked&quot;:true},&quot;element_pack_global_tooltip_border_radius_tablet&quot;:{&quot;unit&quot;:&quot;px&quot;,&quot;top&quot;:&quot;&quot;,&quot;right&quot;:&quot;&quot;,&quot;bottom&quot;:&quot;&quot;,&quot;left&quot;:&quot;&quot;,&quot;isLinked&quot;:true},&quot;element_pack_global_tooltip_border_radius_mobile&quot;:{&quot;unit&quot;:&quot;px&quot;,&quot;top&quot;:&quot;&quot;,&quot;right&quot;:&quot;&quot;,&quot;bottom&quot;:&quot;&quot;,&quot;left&quot;:&quot;&quot;,&quot;isLinked&quot;:true}}\" data-elementor-post-type=\"page\">\n\t\t\t\t<div class=\"elementor-element elementor-element-4a6ab6de e-flex e-con-boxed e-con e-parent\" data-id=\"4a6ab6de\" data-element_type=\"container\" data-settings=\"{&quot;background_background&quot;:&quot;classic&quot;}\">\n\t\t\t\t\t<div class=\"e-con-inner\">\n\t\t\t\t<div class=\"elementor-element elementor-element-3b2ece84 elementor-widget elementor-widget-text-editor\" data-id=\"3b2ece84\" data-element_type=\"widget\" data-widget_type=\"text-editor.default\">\n\t\t\t\t<div class=\"elementor-widget-container\">\n\t\t\t\t\t\t\t\t\t<h2 data-pm-slice=\"1 1 []\">\u00bfPor qu\u00e9 elegir financiaci\u00f3n en funci\u00f3n del plazo?<\/h2><p>Elegir la duraci\u00f3n de la financiaci\u00f3n es una decisi\u00f3n estrat\u00e9gica esencial. Ayuda a alinear sus necesidades de capital con sus objetivos financieros, tolerancia al riesgo y plan de crecimiento. Ya sea que est\u00e9s buscando <strong>fondos r\u00e1pidamente<\/strong>, a <strong>crecimiento equilibrado<\/strong> o un <strong>Soluci\u00f3n financiera sostenible<\/strong>Te ofrecemos soluciones a medida<\/p>\t\t\t\t\t\t\t\t<\/div>\n\t\t\t\t<\/div>\n\t\t\t\t<div class=\"elementor-element elementor-element-f1364a7 elementor-align-left elementor-invisible elementor-widget elementor-widget-button\" data-id=\"f1364a7\" data-element_type=\"widget\" data-settings=\"{&quot;_animation&quot;:&quot;fadeInUp&quot;,&quot;_animation_delay&quot;:500}\" data-widget_type=\"button.default\">\n\t\t\t\t<div class=\"elementor-widget-container\">\n\t\t\t\t\t\t\t\t\t<div class=\"elementor-button-wrapper\">\n\t\t\t\t\t<a class=\"elementor-button elementor-button-link elementor-size-sm\" href=\"#simulateur\">\n\t\t\t\t\t\t<span class=\"elementor-button-content-wrapper\">\n\t\t\t\t\t\t<span class=\"elementor-button-icon\">\n\t\t\t\t<svg aria-hidden=\"true\" class=\"e-font-icon-svg e-fas-arrow-right\" viewbox=\"0 0 448 512\" xmlns=\"http:\/\/www.w3.org\/2000\/svg\"><path d=\"M190.5 66.9l22.2-22.2c9.4-9.4 24.6-9.4 33.9 0L441 239c9.4 9.4 9.4 24.6 0 33.9L246.6 467.3c-9.4 9.4-24.6 9.4-33.9 0l-22.2-22.2c-9.5-9.5-9.3-25 .4-34.3L311.4 296H24c-13.3 0-24-10.7-24-24v-32c0-13.3 10.7-24 24-24h287.4L190.9 101.2c-9.8-9.3-10-24.8-.4-34.3z\"><\/path><\/svg>\t\t\t<\/span>\n\t\t\t\t\t\t\t\t\t<span class=\"elementor-button-text\">Verificar mi elegibilidad<\/span>\n\t\t\t\t\t<\/span>\n\t\t\t\t\t<\/a>\n\t\t\t\t<\/div>\n\t\t\t\t\t\t\t\t<\/div>\n\t\t\t\t<\/div>\n\t\t\t\t\t<\/div>\n\t\t\t\t<\/div>\n\t\t<div class=\"elementor-element elementor-element-f0c8284 e-flex e-con-boxed elementor-invisible e-con e-parent\" data-id=\"f0c8284\" data-element_type=\"container\" data-settings=\"{&quot;background_background&quot;:&quot;classic&quot;,&quot;animation&quot;:&quot;fadeInUp&quot;}\">\n\t\t\t\t\t<div class=\"e-con-inner\">\n\t\t\t\t<div class=\"elementor-element elementor-element-2501fd3 elementor-widget elementor-widget-text-editor\" data-id=\"2501fd3\" data-element_type=\"widget\" data-widget_type=\"text-editor.default\">\n\t\t\t\t<div class=\"elementor-widget-container\">\n\t\t\t\t\t\t\t\t\t<h2 data-pm-slice=\"1 3 []\">1\ufe0f\u20e3 Financiaci\u00f3n a Corto Plazo (0-2 a\u00f1os)<\/h2><h3><strong>Objetivo: r\u00e1pida liquidez y flexibilidad<\/strong><\/h3><p>El financiamiento a corto plazo es ideal para empresas que necesitan una <strong>acceso r\u00e1pido a fondos<\/strong> y deseando <strong>optimizar su flujo de caja<\/strong>. Son adecuados para proyectos que requieren un flujo de caja inmediato con una r\u00e1pida rentabilidad.<\/p><h3><strong>Oportunidades de financiaci\u00f3n:<\/strong><\/h3><ul data-spread=\"false\"><li><p><strong>Comercio electr\u00f3nico y ventas online<\/strong> \u2192 Financiaci\u00f3n de inventarios y campa\u00f1as de marketing<\/p><\/li><li><p><strong>Empresas emergentes en etapa inicial<\/strong> \u2192 Fondos de puesta en marcha para pruebas y primeras ventas<\/p><\/li><li><p><strong>Bienes ra\u00edces a corto plazo<\/strong> \u2192 Financiaci\u00f3n de proyectos de renovaci\u00f3n r\u00e1pida<\/p><\/li><li><p><strong>Tecnolog\u00edas emergentes<\/strong> \u2192 Financiaci\u00f3n de productos y prototipos innovadores<\/p><\/li><li><p><strong>Eventos y producci\u00f3n audiovisual<\/strong> \u2192 Apoyo a proyectos que requieran una r\u00e1pida ejecuci\u00f3n<\/p><\/li><\/ul>\t\t\t\t\t\t\t\t<\/div>\n\t\t\t\t<\/div>\n\t\t\t\t\t<\/div>\n\t\t\t\t<\/div>\n\t\t<div class=\"elementor-element elementor-element-3c4963d e-flex e-con-boxed elementor-invisible e-con e-parent\" data-id=\"3c4963d\" data-element_type=\"container\" data-settings=\"{&quot;background_background&quot;:&quot;classic&quot;,&quot;animation&quot;:&quot;fadeInUp&quot;}\">\n\t\t\t\t\t<div class=\"e-con-inner\">\n\t\t\t\t<div class=\"elementor-element elementor-element-33b1a63 elementor-widget elementor-widget-text-editor\" data-id=\"33b1a63\" data-element_type=\"widget\" data-widget_type=\"text-editor.default\">\n\t\t\t\t<div class=\"elementor-widget-container\">\n\t\t\t\t\t\t\t\t\t<h3 data-pm-slice=\"1 1 []\"><strong>Beneficios y condiciones<\/strong><\/h3><p>\u2705 Acceso r\u00e1pido a los fondos<br \/>\u2705 Soluciones adaptadas a las necesidades de flujo de caja<br \/>\u26a0\ufe0f Reembolso por corto periodo<br \/>\u26a0\ufe0f Tasas de inter\u00e9s potencialmente m\u00e1s altas<\/p>\t\t\t\t\t\t\t\t<\/div>\n\t\t\t\t<\/div>\n\t\t\t\t\t<\/div>\n\t\t\t\t<\/div>\n\t\t<div class=\"elementor-element elementor-element-a689b2a e-flex e-con-boxed elementor-invisible e-con e-parent\" data-id=\"a689b2a\" data-element_type=\"container\" data-settings=\"{&quot;background_background&quot;:&quot;classic&quot;,&quot;animation&quot;:&quot;fadeInUp&quot;}\">\n\t\t\t\t\t<div class=\"e-con-inner\">\n\t\t\t\t<div class=\"elementor-element elementor-element-d82d815 elementor-widget elementor-widget-text-editor\" data-id=\"d82d815\" data-element_type=\"widget\" data-widget_type=\"text-editor.default\">\n\t\t\t\t<div class=\"elementor-widget-container\">\n\t\t\t\t\t\t\t\t\t<h2 data-pm-slice=\"1 3 []\">2\ufe0f\u20e3 Financiaci\u00f3n a medio plazo (3-7 a\u00f1os)<\/h2><h3><strong>Objetivo: crecimiento y estabilidad<\/strong><\/h3><p>La financiaci\u00f3n a medio plazo permite a las empresas estructurar su desarrollo optimizando su rentabilidad. Son adecuados para empresas que buscan <strong>equilibrar su flujo de caja y crecimiento<\/strong>.<\/p><h3><strong>Oportunidades de financiaci\u00f3n:<\/strong><\/h3><ul data-spread=\"false\"><li><p><strong>Alquiler y bienes ra\u00edces comerciales<\/strong> \u2192 Adquisici\u00f3n y renovaci\u00f3n<\/p><\/li><li><p><strong>Industria y rob\u00f3tica<\/strong> \u2192 Financiaci\u00f3n de equipos de producci\u00f3n<\/p><\/li><li><p><strong>Energ\u00eda renovable<\/strong> \u2192 Desarrollo de proyectos solares y e\u00f3licos<\/p><\/li><li><p><strong>Comercio y distribuci\u00f3n<\/strong> \u2192 Ampliaci\u00f3n de franquicias y apertura de nuevos puntos de venta<\/p><\/li><li><p><strong>Tecnolog\u00edas m\u00e9dicas y biotecnolog\u00edas<\/strong> \u2192 Desarrollo y comercializaci\u00f3n<\/p><\/li><\/ul>\t\t\t\t\t\t\t\t<\/div>\n\t\t\t\t<\/div>\n\t\t\t\t\t<\/div>\n\t\t\t\t<\/div>\n\t\t<div class=\"elementor-element elementor-element-50e1b17 e-flex e-con-boxed elementor-invisible e-con e-parent\" data-id=\"50e1b17\" data-element_type=\"container\" data-settings=\"{&quot;background_background&quot;:&quot;classic&quot;,&quot;animation&quot;:&quot;fadeInUp&quot;}\">\n\t\t\t\t\t<div class=\"e-con-inner\">\n\t\t\t\t<div class=\"elementor-element elementor-element-f70ddd2 elementor-widget elementor-widget-text-editor\" data-id=\"f70ddd2\" data-element_type=\"widget\" data-widget_type=\"text-editor.default\">\n\t\t\t\t<div class=\"elementor-widget-container\">\n\t\t\t\t\t\t\t\t\t<h3 data-pm-slice=\"1 1 []\"><strong>Beneficios y condiciones<\/strong><\/h3><p>\u2705 Equilibrio entre flexibilidad y rentabilidad<br \/>\u2705 Ideal para proyectos que requieren estructuraci\u00f3n financiera<br \/>\u26a0\ufe0f Compromiso plurianual<br \/>\u26a0\ufe0f Impacto de los ciclos econ\u00f3micos en la rentabilidad<\/p>\t\t\t\t\t\t\t\t<\/div>\n\t\t\t\t<\/div>\n\t\t\t\t\t<\/div>\n\t\t\t\t<\/div>\n\t\t<div class=\"elementor-element elementor-element-48f7cb6 e-flex e-con-boxed elementor-invisible e-con e-parent\" data-id=\"48f7cb6\" data-element_type=\"container\" data-settings=\"{&quot;background_background&quot;:&quot;classic&quot;,&quot;animation&quot;:&quot;fadeInUp&quot;}\">\n\t\t\t\t\t<div class=\"e-con-inner\">\n\t\t\t\t<div class=\"elementor-element elementor-element-aa60bdd elementor-widget elementor-widget-text-editor\" data-id=\"aa60bdd\" data-element_type=\"widget\" data-widget_type=\"text-editor.default\">\n\t\t\t\t<div class=\"elementor-widget-container\">\n\t\t\t\t\t\t\t\t\t<h2 data-pm-slice=\"1 3 []\">3\ufe0f\u20e3 Financiaci\u00f3n a largo plazo (8+ a\u00f1os)<\/h2><h3><strong>Objetivo: sostenibilidad y seguridad del capital<\/strong><\/h3><p>La financiaci\u00f3n a largo plazo est\u00e1 destinada a proyectos que requieren una <strong>Visi\u00f3n a largo plazo y crecimiento progresivo<\/strong>. Permiten a las empresas invertir en activos estrat\u00e9gicos y garantizar su desarrollo sostenible.<\/p><h3><strong>Oportunidades de financiaci\u00f3n:<\/strong><\/h3><ul data-spread=\"false\"><li><p><strong>Bienes inmuebles patrimoniales<\/strong> \u2192 Financiamiento inmobiliario para generar ingresos pasivos<\/p><\/li><li><p><strong>Investigaci\u00f3n farmac\u00e9utica y sanitaria<\/strong> \u2192 Apoyo a laboratorios e innovaciones m\u00e9dicas<\/p><\/li><li><p><strong>Infraestructura y transportes<\/strong> \u2192 Desarrollo de proyectos de gran envergadura<\/p><\/li><li><p><strong>Agroalimentaci\u00f3n y agricultura sostenible<\/strong> \u2192 Financiaci\u00f3n de proyectos eco-responsables<\/p><\/li><li><p><strong>Industria del lujo y la moda<\/strong> \u2192 Expansi\u00f3n de marca y adquisici\u00f3n de activos valiosos<\/p><\/li><\/ul>\t\t\t\t\t\t\t\t<\/div>\n\t\t\t\t<\/div>\n\t\t\t\t\t<\/div>\n\t\t\t\t<\/div>\n\t\t<div class=\"elementor-element elementor-element-464dc59 e-flex e-con-boxed elementor-invisible e-con e-parent\" data-id=\"464dc59\" data-element_type=\"container\" data-settings=\"{&quot;background_background&quot;:&quot;classic&quot;,&quot;animation&quot;:&quot;fadeInUp&quot;}\">\n\t\t\t\t\t<div class=\"e-con-inner\">\n\t\t\t\t<div class=\"elementor-element elementor-element-9d256bf elementor-widget elementor-widget-text-editor\" data-id=\"9d256bf\" data-element_type=\"widget\" data-widget_type=\"text-editor.default\">\n\t\t\t\t<div class=\"elementor-widget-container\">\n\t\t\t\t\t\t\t\t\t<h3 data-pm-slice=\"1 1 []\"><strong>Beneficios y condiciones<\/strong><\/h3><p>\u2705 Rentabilidad estable y segura<br \/>\u2705 Apalancamiento a largo plazo<br \/>\u26a0\ufe0f Menor liquidez<br \/>\u26a0\ufe0f Requiere visi\u00f3n estrat\u00e9gica<\/p>\t\t\t\t\t\t\t\t<\/div>\n\t\t\t\t<\/div>\n\t\t\t\t\t<\/div>\n\t\t\t\t<\/div>\n\t\t<div class=\"elementor-element elementor-element-4ad98ca e-flex e-con-boxed elementor-invisible e-con e-parent\" data-id=\"4ad98ca\" data-element_type=\"container\" data-settings=\"{&quot;background_background&quot;:&quot;classic&quot;,&quot;animation&quot;:&quot;fadeInUp&quot;}\">\n\t\t\t\t\t<div class=\"e-con-inner\">\n\t\t\t\t<div class=\"elementor-element elementor-element-290572ad elementor-widget elementor-widget-text-editor\" data-id=\"290572ad\" data-element_type=\"widget\" data-widget_type=\"text-editor.default\">\n\t\t\t\t<div class=\"elementor-widget-container\">\n\t\t\t\t\t\t\t\t\t<h2 data-pm-slice=\"1 1 []\"><span style=\"color: #ffffff;\">\ud83d\udce2 <strong>\u00bfPor qu\u00e9 financiar con nosotros?<\/strong><\/span><\/h2><p><span style=\"color: #ffffff;\">Nuestra experiencia en financiaci\u00f3n nos permite seleccionar la <strong>Las mejores oportunidades adaptadas a cada necesidad<\/strong>. Ya sea que est\u00e9s buscando un <strong>Financiaci\u00f3n r\u00e1pida a corto plazo<\/strong>, a <strong>estrategia de crecimiento equilibrado<\/strong> o un <strong>desarrollo patrimonial<\/strong>Le apoyamos en cada paso del camino.<\/span><\/p>\t\t\t\t\t\t\t\t<\/div>\n\t\t\t\t<\/div>\n\t\t\t\t\t<\/div>\n\t\t\t\t<\/div>\n\t\t<div class=\"elementor-element elementor-element-2f27a698 e-flex e-con-boxed elementor-invisible e-con e-parent\" data-id=\"2f27a698\" data-element_type=\"container\" data-settings=\"{&quot;background_background&quot;:&quot;classic&quot;,&quot;animation&quot;:&quot;fadeInUp&quot;}\">\n\t\t\t\t\t<div class=\"e-con-inner\">\n\t\t\t\t<div class=\"elementor-element elementor-element-177f6ed6 elementor-widget elementor-widget-text-editor\" data-id=\"177f6ed6\" data-element_type=\"widget\" data-widget_type=\"text-editor.default\">\n\t\t\t\t<div class=\"elementor-widget-container\">\n\t\t\t\t\t\t\t\t\t<h3 data-pm-slice=\"1 1 []\"><strong>Nuestras ventajas:<\/strong><\/h3><p>\u2705 <strong>Selecci\u00f3n rigurosa de proyectos financiados<\/strong><br \/>\u2705 <strong>Tasas de financiaci\u00f3n competitivas y flexibles<\/strong><br \/>\u2705 <strong>Apoyo estrat\u00e9gico y asesoramiento personalizado<\/strong><br \/>\u2705 <strong>Soluciones adaptadas a empresas y emprendedores<\/strong><\/p>\t\t\t\t\t\t\t\t<\/div>\n\t\t\t\t<\/div>\n\t\t\t\t\t<\/div>\n\t\t\t\t<\/div>\n\t\t<div class=\"elementor-element elementor-element-bed8224 e-flex e-con-boxed elementor-invisible e-con e-parent\" data-id=\"bed8224\" data-element_type=\"container\" data-settings=\"{&quot;background_background&quot;:&quot;classic&quot;,&quot;animation&quot;:&quot;fadeInUp&quot;}\">\n\t\t\t\t\t<div class=\"e-con-inner\">\n\t\t\t\t<div class=\"elementor-element elementor-element-90e238b elementor-widget elementor-widget-menu-anchor\" data-id=\"90e238b\" data-element_type=\"widget\" data-widget_type=\"menu-anchor.default\">\n\t\t\t\t<div class=\"elementor-widget-container\">\n\t\t\t\t\t\t\t<div class=\"elementor-menu-anchor\" id=\"simulateur\"><\/div>\n\t\t\t\t\t\t<\/div>\n\t\t\t\t<\/div>\n\t\t\t\t<div class=\"elementor-element elementor-element-b0c3bb4 elementor-widget elementor-widget-html\" data-id=\"b0c3bb4\" data-element_type=\"widget\" data-widget_type=\"html.default\">\n\t\t\t\t<div class=\"elementor-widget-container\">\n\t\t\t\t\t<!DOCTYPE html>\n<html lang=\"fr\">\n<head>\n    <meta charset=\"UTF-8\">\n    <meta name=\"viewport\" content=\"width=device-width, initial-scale=1.0\">\n    <title>Demande de Financement Intelligent<\/title>\n    <style>\n        body {\n            font-family: Arial, sans-serif;\n            background-color: #f4f4f4;\n            color: #333;\n            margin: 0;\n            padding: 0px;\n        }\n        .container {\n            max-width: 900px;\n            margin: auto;\n            background: white;\n            padding: 20px;\n            border-radius: 10px;\n            box-shadow: 0px 0px 0px rgba(0, 0, 0, 0.1);\n        }\n         {\n            text-align: left;\n        }\n        label {\n            font-weight: bold;\n        }\n        input, select, button {\n            width: 100%;\n            padding: 10px;\n            margin: 10px 0;\n            border-radius: 5px;\n            border: 1px solid #ccc;\n        }\n        button {\n            background-color: #6CFF84;\n            color: black;\n            font-weight: bold;\n            cursor: pointer;\n        }\n        button:hover {\n            background-color: #5ACC70;\n        }\n        .result {\n            display: none;\n            background: #000;\n            color: white;\n            padding: 15px;\n            border-radius: 5px;\n            margin-top: 20px;\n            text-align: center;\n        }\n        .apply-button, .contact-button {\n            display: none;\n            margin-top: 15px;\n            padding: 10px;\n            border: none;\n            border-radius: 5px;\n            cursor: pointer;\n            font-weight: bold;\n            width: 100%;\n            text-decoration: none;\n            text-align: center;\n        }\n        .apply-button {\n            background-color: #ffcc00;\n            color: black;\n        }\n        .apply-button:hover {\n            background-color: #e6b800;\n        }\n        .contact-button {\n            background-color: #ff5733;\n            color: white;\n        }\n        .contact-button:hover {\n            background-color: #cc4626;\n        }\n    <\/style>\n<\/head>\n<body>\n    <div class=\"container\">\n        <h2>Verificar mi elegibilidad<\/h2>\n        <form id=\"financementForm\" action=\"\">\n            <label for=\"montant\">Importe solicitado (\u20ac):<\/label>\n            <input type=\"number\" id=\"montant\" placeholder=\"Introduzca la cantidad\" required>\n            \n            <label for=\"revenu\">Ingresos mensuales (\u20ac):<\/label>\n            <input type=\"number\" id=\"revenu\" placeholder=\"Ingresa tus ingresos mensuales\" required>\n            \n            <label for=\"statut\">Situaci\u00f3n profesional:<\/label>\n            <select id=\"statut\">\n                <option value=\"salarie\">Empleado<\/option>\n                <option value=\"independant\">Independiente<\/option>\n                <option value=\"entreprise\">Negocio<\/option>\n                <option value=\"autre\">Otro<\/option>\n            <\/select>\n            \n            <label for=\"historique\">Historia de cr\u00e9dito:<\/label>\n            <select id=\"historique\">\n                <option value=\"excellent\">Excelente<\/option>\n                <option value=\"bon\">Bien<\/option>\n                <option value=\"moyen\">PROMEDIO<\/option>\n                <option value=\"faible\">D\u00e9bil<\/option>\n            <\/select>\n            \n            <button type=\"button\" onclick=\"analyserEligibilite()\">Verificar mi elegibilidad<\/button>\n        <input type=\"hidden\" name=\"trp-form-language\" value=\"es\"\/><\/form>\n        \n        <div class=\"result\" id=\"resultat\">\n            <h3>Resultado del an\u00e1lisis<\/h3>\n            <p id=\"message\"><\/p>\n            <a id=\"applyButton\" class=\"apply-button\" href=\"https:\/\/flexifinanz.com\/es\/demander-un-financement\/\">Solicitar financiaci\u00f3n<\/a>\n            <a id=\"contactButton\" class=\"contact-button\" href=\"https:\/\/flexifinanz.com\/es\/contactez-nous\/\">Cont\u00e1ctenos<\/a>\n        <\/div>\n    <\/div>\n\n    <script>\n        function analyserEligibilite() {\n            let montant = parseFloat(document.getElementById(\"montant\").value);\n            let revenu = parseFloat(document.getElementById(\"revenu\").value);\n            let statut = document.getElementById(\"statut\").value;\n            let historique = document.getElementById(\"historique\").value;\n            let message = \"\";\n            let applyButton = document.getElementById(\"applyButton\");\n            let contactButton = document.getElementById(\"contactButton\");\n\n            if (isNaN(montant) || isNaN(revenu) || montant <= 0 || revenu <= 0) {\n                alert(\"Veuillez entrer des valeurs valides.\");\n                return;\n            }\n\n            let tauxEndettement = (montant \/ (revenu * 12)) * 100;\n            \n            if (tauxEndettement < 50 || (historique !== \"faible\" && tauxEndettement < 60)) {\n                message = \"\u2705 F\u00e9licitations ! Vous \u00eates \u00e9ligible \u00e0 un financement flexible avec des conditions avantageuses.\";\n                applyButton.style.display = \"block\";\n                contactButton.style.display = \"none\";\n            } else if (tauxEndettement < 70 || historique === \"moyen\") {\n                message = \"\u26a0\ufe0f Vous \u00eates \u00e9ligible avec des conditions ajust\u00e9es. Une analyse compl\u00e9mentaire pourrait \u00eatre n\u00e9cessaire.\";\n                applyButton.style.display = \"block\";\n                contactButton.style.display = \"none\";\n            } else {\n                message = \"\u274c Votre demande de financement n\u00e9cessite des garanties suppl\u00e9mentaires, mais nous pouvons vous proposer une alternative adapt\u00e9e.\";\n                applyButton.style.display = \"none\";\n                contactButton.style.display = \"block\";\n            }\n            \n            document.getElementById(\"message\").innerText = message;\n            document.getElementById(\"resultat\").style.display = \"block\";\n        }\n    <\/script>\n<\/body>\n<\/html>\n\t\t\t\t<\/div>\n\t\t\t\t<\/div>\n\t\t\t\t\t<\/div>\n\t\t\t\t<\/div>\n\t\t<div class=\"elementor-element elementor-element-28b656e9 e-flex e-con-boxed elementor-invisible e-con e-parent\" data-id=\"28b656e9\" data-element_type=\"container\" data-settings=\"{&quot;background_background&quot;:&quot;classic&quot;,&quot;animation&quot;:&quot;fadeInUp&quot;}\">\n\t\t\t\t\t<div class=\"e-con-inner\">\n\t\t\t\t<div class=\"elementor-element elementor-element-1728b3da elementor-widget elementor-widget-heading\" data-id=\"1728b3da\" data-element_type=\"widget\" data-widget_type=\"heading.default\">\n\t\t\t\t<div class=\"elementor-widget-container\">\n\t\t\t\t\t<h2 class=\"elementor-heading-title elementor-size-default\">\u00a1Obtenga su financiamiento hoy!<\/h2>\t\t\t\t<\/div>\n\t\t\t\t<\/div>\n\t\t\t\t<div class=\"elementor-element elementor-element-6c90e749 elementor-widget elementor-widget-text-editor\" data-id=\"6c90e749\" data-element_type=\"widget\" data-widget_type=\"text-editor.default\">\n\t\t\t\t<div class=\"elementor-widget-container\">\n\t\t\t\t\t\t\t\t\t<p data-pm-slice=\"1 1 []\">Asegure su financiaci\u00f3n y desarrolle sus proyectos con nuestras soluciones adaptadas a cada horizonte temporal.<\/p>\t\t\t\t\t\t\t\t<\/div>\n\t\t\t\t<\/div>\n\t\t\t\t<div class=\"elementor-element elementor-element-6d50452a elementor-align-center elementor-widget elementor-widget-button\" data-id=\"6d50452a\" data-element_type=\"widget\" data-widget_type=\"button.default\">\n\t\t\t\t<div class=\"elementor-widget-container\">\n\t\t\t\t\t\t\t\t\t<div class=\"elementor-button-wrapper\">\n\t\t\t\t\t<a class=\"elementor-button elementor-button-link elementor-size-sm\" href=\"https:\/\/flexifinanz.com\/es\/nos-domaines-dinterventions\/\">\n\t\t\t\t\t\t<span class=\"elementor-button-content-wrapper\">\n\t\t\t\t\t\t<span class=\"elementor-button-icon\">\n\t\t\t\t<svg aria-hidden=\"true\" class=\"e-font-icon-svg e-fas-arrow-right\" viewbox=\"0 0 448 512\" xmlns=\"http:\/\/www.w3.org\/2000\/svg\"><path d=\"M190.5 66.9l22.2-22.2c9.4-9.4 24.6-9.4 33.9 0L441 239c9.4 9.4 9.4 24.6 0 33.9L246.6 467.3c-9.4 9.4-24.6 9.4-33.9 0l-22.2-22.2c-9.5-9.5-9.3-25 .4-34.3L311.4 296H24c-13.3 0-24-10.7-24-24v-32c0-13.3 10.7-24 24-24h287.4L190.9 101.2c-9.8-9.3-10-24.8-.4-34.3z\"><\/path><\/svg>\t\t\t<\/span>\n\t\t\t\t\t\t\t\t\t<span class=\"elementor-button-text\">Ver nuestros dominios <\/span>\n\t\t\t\t\t<\/span>\n\t\t\t\t\t<\/a>\n\t\t\t\t<\/div>\n\t\t\t\t\t\t\t\t<\/div>\n\t\t\t\t<\/div>\n\t\t\t\t\t<\/div>\n\t\t\t\t<\/div>\n\t\t\t\t<\/div>","protected":false},"excerpt":{"rendered":"<p>Pourquoi choisir un financement en fonction de la dur\u00e9e ? Le choix de la dur\u00e9e d\u2019un financement est une d\u00e9cision strat\u00e9gique essentielle. [&hellip;]<\/p>","protected":false},"author":1,"featured_media":339,"parent":0,"menu_order":0,"comment_status":"closed","ping_status":"closed","template":"","meta":{"om_disable_all_campaigns":false,"_monsterinsights_skip_tracking":false,"_monsterinsights_sitenote_active":false,"_monsterinsights_sitenote_note":"","_monsterinsights_sitenote_category":0,"footnotes":""},"class_list":["post-192","page","type-page","status-publish","has-post-thumbnail","hentry"],"aioseo_notices":[],"_links":{"self":[{"href":"https:\/\/flexifinanz.com\/es\/wp-json\/wp\/v2\/pages\/192","targetHints":{"allow":["GET"]}}],"collection":[{"href":"https:\/\/flexifinanz.com\/es\/wp-json\/wp\/v2\/pages"}],"about":[{"href":"https:\/\/flexifinanz.com\/es\/wp-json\/wp\/v2\/types\/page"}],"author":[{"embeddable":true,"href":"https:\/\/flexifinanz.com\/es\/wp-json\/wp\/v2\/users\/1"}],"replies":[{"embeddable":true,"href":"https:\/\/flexifinanz.com\/es\/wp-json\/wp\/v2\/comments?post=192"}],"version-history":[{"count":0,"href":"https:\/\/flexifinanz.com\/es\/wp-json\/wp\/v2\/pages\/192\/revisions"}],"wp:featuredmedia":[{"embeddable":true,"href":"https:\/\/flexifinanz.com\/es\/wp-json\/wp\/v2\/media\/339"}],"wp:attachment":[{"href":"https:\/\/flexifinanz.com\/es\/wp-json\/wp\/v2\/media?parent=192"}],"curies":[{"name":"wp","href":"https:\/\/api.w.org\/{rel}","templated":true}]}}