{"id":186,"date":"2025-02-20T15:39:24","date_gmt":"2025-02-20T14:39:24","guid":{"rendered":"https:\/\/flexifinanz.com\/?page_id=186"},"modified":"2025-02-25T18:44:44","modified_gmt":"2025-02-25T17:44:44","slug":"finanzas-lujo-y-moda","status":"publish","type":"page","link":"https:\/\/flexifinanz.com\/es\/financiacion-por-perfil\/finanzas-lujo-y-moda\/","title":{"rendered":"Financiaci\u00f3n del lujo y la moda: un mercado atemporal"},"content":{"rendered":"<div data-elementor-type=\"wp-page\" data-elementor-id=\"186\" class=\"elementor elementor-186\" data-elementor-settings=\"{&quot;element_pack_global_tooltip_width&quot;:{&quot;unit&quot;:&quot;px&quot;,&quot;size&quot;:&quot;&quot;,&quot;sizes&quot;:[]},&quot;element_pack_global_tooltip_width_tablet&quot;:{&quot;unit&quot;:&quot;px&quot;,&quot;size&quot;:&quot;&quot;,&quot;sizes&quot;:[]},&quot;element_pack_global_tooltip_width_mobile&quot;:{&quot;unit&quot;:&quot;px&quot;,&quot;size&quot;:&quot;&quot;,&quot;sizes&quot;:[]},&quot;element_pack_global_tooltip_padding&quot;:{&quot;unit&quot;:&quot;px&quot;,&quot;top&quot;:&quot;&quot;,&quot;right&quot;:&quot;&quot;,&quot;bottom&quot;:&quot;&quot;,&quot;left&quot;:&quot;&quot;,&quot;isLinked&quot;:true},&quot;element_pack_global_tooltip_padding_tablet&quot;:{&quot;unit&quot;:&quot;px&quot;,&quot;top&quot;:&quot;&quot;,&quot;right&quot;:&quot;&quot;,&quot;bottom&quot;:&quot;&quot;,&quot;left&quot;:&quot;&quot;,&quot;isLinked&quot;:true},&quot;element_pack_global_tooltip_padding_mobile&quot;:{&quot;unit&quot;:&quot;px&quot;,&quot;top&quot;:&quot;&quot;,&quot;right&quot;:&quot;&quot;,&quot;bottom&quot;:&quot;&quot;,&quot;left&quot;:&quot;&quot;,&quot;isLinked&quot;:true},&quot;element_pack_global_tooltip_border_radius&quot;:{&quot;unit&quot;:&quot;px&quot;,&quot;top&quot;:&quot;&quot;,&quot;right&quot;:&quot;&quot;,&quot;bottom&quot;:&quot;&quot;,&quot;left&quot;:&quot;&quot;,&quot;isLinked&quot;:true},&quot;element_pack_global_tooltip_border_radius_tablet&quot;:{&quot;unit&quot;:&quot;px&quot;,&quot;top&quot;:&quot;&quot;,&quot;right&quot;:&quot;&quot;,&quot;bottom&quot;:&quot;&quot;,&quot;left&quot;:&quot;&quot;,&quot;isLinked&quot;:true},&quot;element_pack_global_tooltip_border_radius_mobile&quot;:{&quot;unit&quot;:&quot;px&quot;,&quot;top&quot;:&quot;&quot;,&quot;right&quot;:&quot;&quot;,&quot;bottom&quot;:&quot;&quot;,&quot;left&quot;:&quot;&quot;,&quot;isLinked&quot;:true}}\" data-elementor-post-type=\"page\">\n\t\t\t\t<div class=\"elementor-element elementor-element-3d613cfa e-flex e-con-boxed e-con e-parent\" data-id=\"3d613cfa\" data-element_type=\"container\" data-settings=\"{&quot;background_background&quot;:&quot;classic&quot;}\">\n\t\t\t\t\t<div class=\"e-con-inner\">\n\t\t\t\t<div class=\"elementor-element elementor-element-57c334f7 elementor-widget elementor-widget-text-editor\" data-id=\"57c334f7\" data-element_type=\"widget\" data-widget_type=\"text-editor.default\">\n\t\t\t\t<div class=\"elementor-widget-container\">\n\t\t\t\t\t\t\t\t\t<h2 data-pm-slice=\"1 3 []\">\u00bfPor qu\u00e9 financiar el lujo y la moda?<\/h2><p>El sector del lujo y la moda es uno de los m\u00e1s <strong>Resistente y atractivo<\/strong>, ofreciendo oportunidades \u00fanicas para marcas y creadores. Con una base de clientes leal y en constante expansi\u00f3n, las empresas de prestigio contin\u00faan generando ganancias s\u00f3lidas incluso en tiempos de incertidumbre econ\u00f3mica.<\/p><p>El auge del comercio electr\u00f3nico, el auge de las marcas de moda sostenible y la locura por los productos personalizados requieren <strong>financiaci\u00f3n adaptada<\/strong> para garantizar su desarrollo y fortalecer su posici\u00f3n en el mercado.<\/p><h2>Nuestras soluciones de financiaci\u00f3n en lujo y moda<\/h2><h3>1. Financiaci\u00f3n de marcas de moda innovadoras<\/h3><p>Los consumidores buscan marcas que combinen <strong>Exclusividad, calidad e innovaci\u00f3n<\/strong>.<\/p><p><strong>Nuestras ofertas de financiaci\u00f3n:<\/strong><\/p><ul data-spread=\"false\"><li><p>Apoyo a las marcas de moda eco-responsables<\/p><\/li><li><p>Financiaci\u00f3n de nuevas tendencias textiles y tecnol\u00f3gicas<\/p><\/li><li><p>Apoyo a los creadores independientes para su expansi\u00f3n<\/p><\/li><\/ul><h3>2. Financiaci\u00f3n de la joyer\u00eda y la relojer\u00eda<\/h3><p>El mercado de la joyer\u00eda y los relojes de lujo sigue siendo un <strong>refugio seguro<\/strong>, atrayendo a coleccionistas e inversores de todo el mundo.<\/p><p><strong>Nuestras ofertas de financiaci\u00f3n:<\/strong><\/p><ul data-spread=\"false\"><li><p>Adquisici\u00f3n y desarrollo de casas de joyer\u00eda y relojer\u00eda.<\/p><\/li><li><p>Financiaci\u00f3n de nuevas colecciones exclusivas<\/p><\/li><li><p>Apoyo a plataformas de venta y distribuci\u00f3n de relojes de colecci\u00f3n<\/p><\/li><\/ul><h3>3. Financiaci\u00f3n de Autom\u00f3viles de Lujo y Colecci\u00f3n<\/h3><p>El mercado de autom\u00f3viles de lujo est\u00e1 en plena expansi\u00f3n, lo que requiere un capital importante para satisfacer una demanda cada vez mayor.<\/p><p><strong>Nuestras ofertas de financiaci\u00f3n:<\/strong><\/p><ul data-spread=\"false\"><li><p>Compra y reventa de coches cl\u00e1sicos<\/p><\/li><li><p>Financiaci\u00f3n de fabricantes de veh\u00edculos de lujo<\/p><\/li><li><p>Desarrollo de servicios exclusivos relacionados con autom\u00f3viles de alta gama.<\/p><\/li><\/ul><h3>4. Financiaci\u00f3n de experiencias exclusivas y personalizaci\u00f3n<\/h3><p>Los consumidores ricos buscan <strong>Experiencias \u00fanicas y ultra personalizadas<\/strong>, creando as\u00ed una necesidad de financiaci\u00f3n para servicios personalizados.<\/p><p><strong>Nuestras ofertas de financiaci\u00f3n:<\/strong><\/p><ul data-spread=\"false\"><li><p>Desarrollo de servicios de conserjer\u00eda de lujo<\/p><\/li><li><p>Financiaci\u00f3n de experiencias de viaje a medida<\/p><\/li><li><p>Apoyo a clubes privados y eventos VIP<\/p><\/li><\/ul>\t\t\t\t\t\t\t\t<\/div>\n\t\t\t\t<\/div>\n\t\t\t\t\t<\/div>\n\t\t\t\t<\/div>\n\t\t<div class=\"elementor-element elementor-element-5e038546 e-flex e-con-boxed elementor-invisible e-con e-parent\" data-id=\"5e038546\" data-element_type=\"container\" data-settings=\"{&quot;background_background&quot;:&quot;classic&quot;,&quot;animation&quot;:&quot;fadeInUp&quot;}\">\n\t\t\t\t\t<div class=\"e-con-inner\">\n\t\t\t\t<div class=\"elementor-element elementor-element-e284491 elementor-widget elementor-widget-text-editor\" data-id=\"e284491\" data-element_type=\"widget\" data-widget_type=\"text-editor.default\">\n\t\t\t\t<div class=\"elementor-widget-container\">\n\t\t\t\t\t\t\t\t\t<h2 data-pm-slice=\"1 3 []\">Seguridad y flexibilidad de nuestra financiaci\u00f3n<\/h2><p>El lujo es un sector con <strong>Alto potencial de rentabilidad<\/strong>, pero requiere financiamiento estrat\u00e9gico para asegurar la estabilidad de las inversiones y su crecimiento.<\/p><h3><strong>Tipos de financiaci\u00f3n disponibles:<\/strong><\/h3><p>\u2705 <strong>Listo para el desarrollo de marca y colecci\u00f3n.<\/strong> \u2705 <strong>Financiaci\u00f3n de infraestructuras y plataformas de distribuci\u00f3n<\/strong> \u2705 <strong>Apoyo estrat\u00e9gico y networking con socios de lujo<\/strong><\/p><h3><strong>Rentabilidad media de los proyectos financiados:<\/strong><\/h3><ul data-spread=\"false\"><li><p><strong>Moda y accesorios de lujo:<\/strong> 8-15% anual<\/p><\/li><li><p><strong>Joyas y relojes:<\/strong> 10-20% por a\u00f1o<\/p><\/li><li><p><strong>Experiencias exclusivas:<\/strong> 12-25% anual<\/p><\/li><\/ul>\t\t\t\t\t\t\t\t<\/div>\n\t\t\t\t<\/div>\n\t\t\t\t\t<\/div>\n\t\t\t\t<\/div>\n\t\t<div class=\"elementor-element elementor-element-1cacf9be e-flex e-con-boxed elementor-invisible e-con e-parent\" data-id=\"1cacf9be\" data-element_type=\"container\" data-settings=\"{&quot;background_background&quot;:&quot;classic&quot;,&quot;animation&quot;:&quot;fadeInUp&quot;}\">\n\t\t\t\t\t<div class=\"e-con-inner\">\n\t\t\t\t<div class=\"elementor-element elementor-element-3cb58d67 elementor-widget elementor-widget-text-editor\" data-id=\"3cb58d67\" data-element_type=\"widget\" data-widget_type=\"text-editor.default\">\n\t\t\t\t<div class=\"elementor-widget-container\">\n\t\t\t\t\t\t\t\t\t<h2 data-pm-slice=\"1 3 []\"><span style=\"color: #ffffff;\">\u00bfQui\u00e9n puede beneficiarse de nuestra financiaci\u00f3n?<\/span><\/h2><h3><span style=\"color: #ffffff;\"><strong>Empresas y creadores<\/strong><\/span><\/h3><ul data-spread=\"false\"><li><p><span style=\"color: #ffffff;\">Financiaci\u00f3n para el lanzamiento y expansi\u00f3n de marcas de lujo<\/span><\/p><\/li><li><p><span style=\"color: #ffffff;\">Apoyo a empresas que desarrollan productos de alta gama<\/span><\/p><\/li><li><p><span style=\"color: #ffffff;\">Apoyo a las marcas de lujo que desean innovar y digitalizarse<\/span><\/p><\/li><\/ul><h3><span style=\"color: #ffffff;\"><strong>Comerciantes e inversores privados<\/strong><\/span><\/h3><ul data-spread=\"false\"><li><p><span style=\"color: #ffffff;\">Financiaci\u00f3n para la adquisici\u00f3n y desarrollo de franquicias de lujo<\/span><\/p><\/li><li><p><span style=\"color: #ffffff;\">Soporte para soluciones de distribuci\u00f3n y plataformas de comercio electr\u00f3nico especializadas<\/span><\/p><\/li><li><p><span style=\"color: #ffffff;\">Apoyo en la inversi\u00f3n en activos de lujo (relojes, autom\u00f3viles, joyas)<\/span><\/p><\/li><\/ul>\t\t\t\t\t\t\t\t<\/div>\n\t\t\t\t<\/div>\n\t\t\t\t\t<\/div>\n\t\t\t\t<\/div>\n\t\t<div class=\"elementor-element elementor-element-22ffa73f e-flex e-con-boxed elementor-invisible e-con e-parent\" data-id=\"22ffa73f\" data-element_type=\"container\" data-settings=\"{&quot;background_background&quot;:&quot;classic&quot;,&quot;animation&quot;:&quot;fadeInUp&quot;}\">\n\t\t\t\t\t<div class=\"e-con-inner\">\n\t\t\t\t<div class=\"elementor-element elementor-element-12217602 elementor-widget elementor-widget-text-editor\" data-id=\"12217602\" data-element_type=\"widget\" data-widget_type=\"text-editor.default\">\n\t\t\t\t<div class=\"elementor-widget-container\">\n\t\t\t\t\t\t\t\t\t<h2 data-pm-slice=\"1 1 []\">\u00bfPor qu\u00e9 financiar tu proyecto con nosotros?<\/h2><p>Identificamos y financiamos las <strong>Las mejores oportunidades<\/strong> en el sector del lujo y la moda, ofreciendo una <strong>Apoyo estrat\u00e9gico y financiero a medida<\/strong>.<\/p><h3><strong>Nuestras ventajas:<\/strong><\/h3><p>\u2705 <strong>Acceso a financiaci\u00f3n ventajosa y flexible<\/strong> \u2705 <strong>Tarifas competitivas adaptadas a marcas y casas de lujo<\/strong> \u2705 <strong>Soporte personalizado para maximizar el impacto<\/strong> \u2705 <strong>Selecci\u00f3n rigurosa de proyectos financiados<\/strong><\/p>\t\t\t\t\t\t\t\t<\/div>\n\t\t\t\t<\/div>\n\t\t\t\t\t<\/div>\n\t\t\t\t<\/div>\n\t\t<div class=\"elementor-element elementor-element-6da7fdbd e-flex e-con-boxed elementor-invisible e-con e-parent\" data-id=\"6da7fdbd\" data-element_type=\"container\" data-settings=\"{&quot;background_background&quot;:&quot;classic&quot;,&quot;animation&quot;:&quot;fadeInUp&quot;}\">\n\t\t\t\t\t<div class=\"e-con-inner\">\n\t\t\t\t<div class=\"elementor-element elementor-element-2aff5ede elementor-widget elementor-widget-heading\" data-id=\"2aff5ede\" data-element_type=\"widget\" data-widget_type=\"heading.default\">\n\t\t\t\t<div class=\"elementor-widget-container\">\n\t\t\t\t\t<h2 class=\"elementor-heading-title elementor-size-default\">\u00a1Obtenga su financiamiento hoy!<\/h2>\t\t\t\t<\/div>\n\t\t\t\t<\/div>\n\t\t\t\t<div class=\"elementor-element elementor-element-54f663d elementor-widget elementor-widget-text-editor\" data-id=\"54f663d\" data-element_type=\"widget\" data-widget_type=\"text-editor.default\">\n\t\t\t\t<div class=\"elementor-widget-container\">\n\t\t\t\t\t\t\t\t\t<p data-pm-slice=\"1 1 []\">Financia tu proyecto de lujo y moda con unas condiciones \u00f3ptimas y un acompa\u00f1amiento personalizado.<\/p>\t\t\t\t\t\t\t\t<\/div>\n\t\t\t\t<\/div>\n\t\t\t\t<div class=\"elementor-element elementor-element-4152b2de elementor-align-center elementor-widget elementor-widget-button\" data-id=\"4152b2de\" data-element_type=\"widget\" data-widget_type=\"button.default\">\n\t\t\t\t<div class=\"elementor-widget-container\">\n\t\t\t\t\t\t\t\t\t<div class=\"elementor-button-wrapper\">\n\t\t\t\t\t<a class=\"elementor-button elementor-button-link elementor-size-sm\" href=\"https:\/\/flexifinanz.com\/es\/demander-un-financement\/\">\n\t\t\t\t\t\t<span class=\"elementor-button-content-wrapper\">\n\t\t\t\t\t\t<span class=\"elementor-button-icon\">\n\t\t\t\t<svg aria-hidden=\"true\" class=\"e-font-icon-svg e-fas-arrow-right\" viewbox=\"0 0 448 512\" xmlns=\"http:\/\/www.w3.org\/2000\/svg\"><path d=\"M190.5 66.9l22.2-22.2c9.4-9.4 24.6-9.4 33.9 0L441 239c9.4 9.4 9.4 24.6 0 33.9L246.6 467.3c-9.4 9.4-24.6 9.4-33.9 0l-22.2-22.2c-9.5-9.5-9.3-25 .4-34.3L311.4 296H24c-13.3 0-24-10.7-24-24v-32c0-13.3 10.7-24 24-24h287.4L190.9 101.2c-9.8-9.3-10-24.8-.4-34.3z\"><\/path><\/svg>\t\t\t<\/span>\n\t\t\t\t\t\t\t\t\t<span class=\"elementor-button-text\">Solicitar financiaci\u00f3n<\/span>\n\t\t\t\t\t<\/span>\n\t\t\t\t\t<\/a>\n\t\t\t\t<\/div>\n\t\t\t\t\t\t\t\t<\/div>\n\t\t\t\t<\/div>\n\t\t\t\t\t<\/div>\n\t\t\t\t<\/div>\n\t\t\t\t<\/div>","protected":false},"excerpt":{"rendered":"<p>Pourquoi financer le luxe et la mode ? Le secteur du luxe et de la mode est l\u2019un des plus r\u00e9silients et [&hellip;]<\/p>","protected":false},"author":1,"featured_media":336,"parent":207,"menu_order":0,"comment_status":"closed","ping_status":"closed","template":"","meta":{"om_disable_all_campaigns":false,"_monsterinsights_skip_tracking":false,"_monsterinsights_sitenote_active":false,"_monsterinsights_sitenote_note":"","_monsterinsights_sitenote_category":0,"footnotes":""},"class_list":["post-186","page","type-page","status-publish","has-post-thumbnail","hentry"],"aioseo_notices":[],"_links":{"self":[{"href":"https:\/\/flexifinanz.com\/es\/wp-json\/wp\/v2\/pages\/186","targetHints":{"allow":["GET"]}}],"collection":[{"href":"https:\/\/flexifinanz.com\/es\/wp-json\/wp\/v2\/pages"}],"about":[{"href":"https:\/\/flexifinanz.com\/es\/wp-json\/wp\/v2\/types\/page"}],"author":[{"embeddable":true,"href":"https:\/\/flexifinanz.com\/es\/wp-json\/wp\/v2\/users\/1"}],"replies":[{"embeddable":true,"href":"https:\/\/flexifinanz.com\/es\/wp-json\/wp\/v2\/comments?post=186"}],"version-history":[{"count":0,"href":"https:\/\/flexifinanz.com\/es\/wp-json\/wp\/v2\/pages\/186\/revisions"}],"up":[{"embeddable":true,"href":"https:\/\/flexifinanz.com\/es\/wp-json\/wp\/v2\/pages\/207"}],"wp:featuredmedia":[{"embeddable":true,"href":"https:\/\/flexifinanz.com\/es\/wp-json\/wp\/v2\/media\/336"}],"wp:attachment":[{"href":"https:\/\/flexifinanz.com\/es\/wp-json\/wp\/v2\/media?parent=186"}],"curies":[{"name":"wp","href":"https:\/\/api.w.org\/{rel}","templated":true}]}}