{"id":159,"date":"2025-02-20T15:07:10","date_gmt":"2025-02-20T14:07:10","guid":{"rendered":"https:\/\/flexifinanz.com\/?page_id=159"},"modified":"2025-02-25T18:44:24","modified_gmt":"2025-02-25T17:44:24","slug":"industria-financiera-y-logistica","status":"publish","type":"page","link":"https:\/\/flexifinanz.com\/es\/financiacion-estrategica\/industria-financiera-y-logistica\/","title":{"rendered":"Financiaci\u00f3n de la industria y la log\u00edstica: sectores del futuro"},"content":{"rendered":"<div data-elementor-type=\"wp-page\" data-elementor-id=\"159\" class=\"elementor elementor-159\" data-elementor-settings=\"{&quot;element_pack_global_tooltip_width&quot;:{&quot;unit&quot;:&quot;px&quot;,&quot;size&quot;:&quot;&quot;,&quot;sizes&quot;:[]},&quot;element_pack_global_tooltip_width_tablet&quot;:{&quot;unit&quot;:&quot;px&quot;,&quot;size&quot;:&quot;&quot;,&quot;sizes&quot;:[]},&quot;element_pack_global_tooltip_width_mobile&quot;:{&quot;unit&quot;:&quot;px&quot;,&quot;size&quot;:&quot;&quot;,&quot;sizes&quot;:[]},&quot;element_pack_global_tooltip_padding&quot;:{&quot;unit&quot;:&quot;px&quot;,&quot;top&quot;:&quot;&quot;,&quot;right&quot;:&quot;&quot;,&quot;bottom&quot;:&quot;&quot;,&quot;left&quot;:&quot;&quot;,&quot;isLinked&quot;:true},&quot;element_pack_global_tooltip_padding_tablet&quot;:{&quot;unit&quot;:&quot;px&quot;,&quot;top&quot;:&quot;&quot;,&quot;right&quot;:&quot;&quot;,&quot;bottom&quot;:&quot;&quot;,&quot;left&quot;:&quot;&quot;,&quot;isLinked&quot;:true},&quot;element_pack_global_tooltip_padding_mobile&quot;:{&quot;unit&quot;:&quot;px&quot;,&quot;top&quot;:&quot;&quot;,&quot;right&quot;:&quot;&quot;,&quot;bottom&quot;:&quot;&quot;,&quot;left&quot;:&quot;&quot;,&quot;isLinked&quot;:true},&quot;element_pack_global_tooltip_border_radius&quot;:{&quot;unit&quot;:&quot;px&quot;,&quot;top&quot;:&quot;&quot;,&quot;right&quot;:&quot;&quot;,&quot;bottom&quot;:&quot;&quot;,&quot;left&quot;:&quot;&quot;,&quot;isLinked&quot;:true},&quot;element_pack_global_tooltip_border_radius_tablet&quot;:{&quot;unit&quot;:&quot;px&quot;,&quot;top&quot;:&quot;&quot;,&quot;right&quot;:&quot;&quot;,&quot;bottom&quot;:&quot;&quot;,&quot;left&quot;:&quot;&quot;,&quot;isLinked&quot;:true},&quot;element_pack_global_tooltip_border_radius_mobile&quot;:{&quot;unit&quot;:&quot;px&quot;,&quot;top&quot;:&quot;&quot;,&quot;right&quot;:&quot;&quot;,&quot;bottom&quot;:&quot;&quot;,&quot;left&quot;:&quot;&quot;,&quot;isLinked&quot;:true}}\" data-elementor-post-type=\"page\">\n\t\t\t\t<div class=\"elementor-element elementor-element-64ad39e7 e-flex e-con-boxed e-con e-parent\" data-id=\"64ad39e7\" data-element_type=\"container\" data-settings=\"{&quot;background_background&quot;:&quot;classic&quot;}\">\n\t\t\t\t\t<div class=\"e-con-inner\">\n\t\t\t\t<div class=\"elementor-element elementor-element-5f87f322 elementor-widget elementor-widget-text-editor\" data-id=\"5f87f322\" data-element_type=\"widget\" data-widget_type=\"text-editor.default\">\n\t\t\t\t<div class=\"elementor-widget-container\">\n\t\t\t\t\t\t\t\t\t<h2 data-pm-slice=\"1 1 []\">\u00bfPor qu\u00e9 financiar proyectos en la industria y la log\u00edstica?<\/h2><p>La industria y la log\u00edstica son sectores estrat\u00e9gicos que sostienen la econom\u00eda global. Con la transformaci\u00f3n digital, la automatizaci\u00f3n y la creciente demanda de soluciones log\u00edsticas eficientes, estas \u00e1reas requieren una financiaci\u00f3n adecuada para respaldar su <strong>crecimiento y modernizaci\u00f3n<\/strong>.<\/p><p>El auge del comercio electr\u00f3nico, la optimizaci\u00f3n de las cadenas de suministro y el auge de las tecnolog\u00edas industriales avanzadas requieren soluciones de <strong>financiaci\u00f3n estrat\u00e9gica<\/strong> para ayudar a las empresas a invertir en innovaci\u00f3n y eficiencia operativa.<\/p><h2>Nuestras soluciones de financiaci\u00f3n en la industria y la log\u00edstica<\/h2><h3>1. Financiaci\u00f3n de la Log\u00edstica y el Transporte<\/h3><p>La explosi\u00f3n del comercio electr\u00f3nico y los cambios en los patrones de consumo requieren infraestructuras log\u00edsticas eficientes.<\/p><p><strong>Nuestras ofertas de financiaci\u00f3n:<\/strong><\/p><ul data-spread=\"false\"><li><p>Desarrollo de almacenes automatizados y robotizados<\/p><\/li><li><p>Soporte para soluciones de entrega de \u00faltima milla (veh\u00edculos el\u00e9ctricos, drones)<\/p><\/li><li><p>Financiaci\u00f3n de plataformas de gesti\u00f3n log\u00edstica basadas en IA<\/p><\/li><\/ul><h3>2. Financiaci\u00f3n de la construcci\u00f3n y de los edificios ecol\u00f3gicos<\/h3><p>La creciente urbanizaci\u00f3n y la necesidad de reducir la huella de carbono est\u00e1n impulsando la innovaci\u00f3n en la construcci\u00f3n.<\/p><p><strong>Nuestras ofertas de financiaci\u00f3n:<\/strong><\/p><ul data-spread=\"false\"><li><p>Apoyo a materiales de construcci\u00f3n ecol\u00f3gicos e innovadores<\/p><\/li><li><p>Financiaci\u00f3n de edificios de alto rendimiento energ\u00e9tico<\/p><\/li><li><p>Apoyo a proyectos de ciudades inteligentes e infraestructuras inteligentes<\/p><\/li><\/ul><h3>3. Financiaci\u00f3n de la rob\u00f3tica y la automatizaci\u00f3n industrial<\/h3><p>La automatizaci\u00f3n est\u00e1 en el coraz\u00f3n de la transformaci\u00f3n industrial, aumentando la productividad y reduciendo los costos de producci\u00f3n.<\/p><p><strong>Nuestras ofertas de financiaci\u00f3n:<\/strong><\/p><ul data-spread=\"false\"><li><p>Apoyo a empresas que desarrollan robots industriales y cobots<\/p><\/li><li><p>Financiaci\u00f3n de soluciones de inteligencia artificial aplicadas al mantenimiento predictivo<\/p><\/li><li><p>Apoyo a empresas especializadas en fabricaci\u00f3n aditiva e impresi\u00f3n 3D<\/p><\/li><\/ul><h3>4. Financiaci\u00f3n de la Aeron\u00e1utica y del Espacio<\/h3><p>El desarrollo de tecnolog\u00edas aeron\u00e1uticas y espaciales representa un sector que requiere un capital importante para apoyar la innovaci\u00f3n y la expansi\u00f3n.<\/p><p><strong>Nuestras ofertas de financiaci\u00f3n:<\/strong><\/p><ul data-spread=\"false\"><li><p>Apoyo a nuevos materiales y tecnolog\u00edas para la aviaci\u00f3n<\/p><\/li><li><p>Financiaci\u00f3n de proyectos de exploraci\u00f3n espacial y satelital<\/p><\/li><li><p>Apoyo a la transici\u00f3n hacia la propulsi\u00f3n el\u00e9ctrica e h\u00edbrida en la aeron\u00e1utica<\/p><\/li><\/ul><h3>5. Financiaci\u00f3n de la impresi\u00f3n 3D y la producci\u00f3n aditiva<\/h3><p>La impresi\u00f3n 3D est\u00e1 revolucionando la producci\u00f3n industrial al permitir la fabricaci\u00f3n r\u00e1pida de prototipos y piezas complejas.<\/p><p><strong>Nuestras ofertas de financiaci\u00f3n:<\/strong><\/p><ul data-spread=\"false\"><li><p>Financiaci\u00f3n de soluciones de impresi\u00f3n 3D para las industrias automotriz y aeroespacial<\/p><\/li><li><p>Apoyo a materiales innovadores para producci\u00f3n aditiva<\/p><\/li><li><p>Soporte para empresas especializadas en personalizaci\u00f3n bajo demanda<\/p><\/li><\/ul>\t\t\t\t\t\t\t\t<\/div>\n\t\t\t\t<\/div>\n\t\t\t\t\t<\/div>\n\t\t\t\t<\/div>\n\t\t<div class=\"elementor-element elementor-element-179f3c86 e-flex e-con-boxed elementor-invisible e-con e-parent\" data-id=\"179f3c86\" data-element_type=\"container\" data-settings=\"{&quot;background_background&quot;:&quot;classic&quot;,&quot;animation&quot;:&quot;fadeInUp&quot;}\">\n\t\t\t\t\t<div class=\"e-con-inner\">\n\t\t\t\t<div class=\"elementor-element elementor-element-74334b46 elementor-widget elementor-widget-text-editor\" data-id=\"74334b46\" data-element_type=\"widget\" data-widget_type=\"text-editor.default\">\n\t\t\t\t<div class=\"elementor-widget-container\">\n\t\t\t\t\t\t\t\t\t<h2 data-pm-slice=\"1 3 []\">Seguridad y flexibilidad de nuestra financiaci\u00f3n<\/h2><p>Ofrecemos <strong>Soluciones de financiaci\u00f3n a medida<\/strong>, adaptado a las necesidades de las empresas industriales y log\u00edsticas, garantizando una <strong>equilibrio entre innovaci\u00f3n y rentabilidad<\/strong>.<\/p><h3><strong>Tipos de financiaci\u00f3n disponibles:<\/strong><\/h3><p>\u2705 <strong>Pr\u00e9stamos para la adquisici\u00f3n de equipos industriales avanzados<\/strong> \u2705 <strong>Financiaci\u00f3n de infraestructuras log\u00edsticas y centros de producci\u00f3n<\/strong> \u2705 <strong>Apoyo estrat\u00e9gico para la optimizaci\u00f3n de la cadena de suministro<\/strong><\/p><h3><strong>Rentabilidad media de los proyectos financiados:<\/strong><\/h3><ul data-spread=\"false\"><li><p><strong>Log\u00edstica y almacenes automatizados:<\/strong> 6-10% anual<\/p><\/li><li><p><strong>Rob\u00f3tica y automatizaci\u00f3n:<\/strong> 8-15% anual<\/p><\/li><li><p><strong>Impresi\u00f3n 3D y producci\u00f3n aditiva:<\/strong> 10-20% por a\u00f1o<\/p><\/li><\/ul>\t\t\t\t\t\t\t\t<\/div>\n\t\t\t\t<\/div>\n\t\t\t\t\t<\/div>\n\t\t\t\t<\/div>\n\t\t<div class=\"elementor-element elementor-element-45ced7da e-flex e-con-boxed elementor-invisible e-con e-parent\" data-id=\"45ced7da\" data-element_type=\"container\" data-settings=\"{&quot;background_background&quot;:&quot;classic&quot;,&quot;animation&quot;:&quot;fadeInUp&quot;}\">\n\t\t\t\t\t<div class=\"e-con-inner\">\n\t\t\t\t<div class=\"elementor-element elementor-element-4c0e480b elementor-widget elementor-widget-text-editor\" data-id=\"4c0e480b\" data-element_type=\"widget\" data-widget_type=\"text-editor.default\">\n\t\t\t\t<div class=\"elementor-widget-container\">\n\t\t\t\t\t\t\t\t\t<h2 data-pm-slice=\"1 3 []\"><span style=\"color: #ffffff;\">\u00bfQui\u00e9n puede beneficiarse de nuestra financiaci\u00f3n?<\/span><\/h2><h3><span style=\"color: #ffffff;\"><strong>Empresas e industriales<\/strong><\/span><\/h3><ul data-spread=\"false\"><li><p><span style=\"color: #ffffff;\">Financiaci\u00f3n para el desarrollo de sitios log\u00edsticos y almacenes<\/span><\/p><\/li><li><p><span style=\"color: #ffffff;\">Apoyo a las industrias que desean automatizar sus procesos productivos<\/span><\/p><\/li><li><p><span style=\"color: #ffffff;\">Apoyo a la modernizaci\u00f3n de infraestructuras existentes<\/span><\/p><\/li><\/ul><h3><span style=\"color: #ffffff;\"><strong>Startups e innovadores tecnol\u00f3gicos<\/strong><\/span><\/h3><ul data-spread=\"false\"><li><p><span style=\"color: #ffffff;\">Financiaci\u00f3n de nuevas tecnolog\u00edas industriales<\/span><\/p><\/li><li><p><span style=\"color: #ffffff;\">Apoyo a soluciones de inteligencia artificial y rob\u00f3tica<\/span><\/p><\/li><li><p><span style=\"color: #ffffff;\">Apoyo a nuevos modelos de producci\u00f3n y fabricaci\u00f3n<\/span><\/p><\/li><\/ul>\t\t\t\t\t\t\t\t<\/div>\n\t\t\t\t<\/div>\n\t\t\t\t\t<\/div>\n\t\t\t\t<\/div>\n\t\t<div class=\"elementor-element elementor-element-56a53d4e e-flex e-con-boxed elementor-invisible e-con e-parent\" data-id=\"56a53d4e\" data-element_type=\"container\" data-settings=\"{&quot;background_background&quot;:&quot;classic&quot;,&quot;animation&quot;:&quot;fadeInUp&quot;}\">\n\t\t\t\t\t<div class=\"e-con-inner\">\n\t\t\t\t<div class=\"elementor-element elementor-element-3d51db91 elementor-widget elementor-widget-text-editor\" data-id=\"3d51db91\" data-element_type=\"widget\" data-widget_type=\"text-editor.default\">\n\t\t\t\t<div class=\"elementor-widget-container\">\n\t\t\t\t\t\t\t\t\t<h2 data-pm-slice=\"1 1 []\">\u00bfPor qu\u00e9 financiar tu proyecto con nosotros?<\/h2><p>Nuestra experiencia nos permite identificar las <strong>Las mejores oportunidades de financiaci\u00f3n<\/strong> En la industria y la log\u00edstica. Apoyamos a los l\u00edderes de proyectos con soluciones personalizadas y <strong>tasas de financiaci\u00f3n competitivas<\/strong>.<\/p><h3><strong>Nuestras ventajas:<\/strong><\/h3><p>\u2705 <strong>Acceso a financiaci\u00f3n ventajosa y flexible<\/strong> \u2705 <strong>Tarifas competitivas adaptadas a proyectos industriales<\/strong> \u2705 <strong>Soporte personalizado para maximizar el impacto<\/strong> \u2705 <strong>Selecci\u00f3n rigurosa de proyectos financiados<\/strong><\/p>\t\t\t\t\t\t\t\t<\/div>\n\t\t\t\t<\/div>\n\t\t\t\t\t<\/div>\n\t\t\t\t<\/div>\n\t\t<div class=\"elementor-element elementor-element-d41c72f e-flex e-con-boxed elementor-invisible e-con e-parent\" data-id=\"d41c72f\" data-element_type=\"container\" data-settings=\"{&quot;background_background&quot;:&quot;classic&quot;,&quot;animation&quot;:&quot;fadeInUp&quot;}\">\n\t\t\t\t\t<div class=\"e-con-inner\">\n\t\t\t\t<div class=\"elementor-element elementor-element-3659926d elementor-widget elementor-widget-heading\" data-id=\"3659926d\" data-element_type=\"widget\" data-widget_type=\"heading.default\">\n\t\t\t\t<div class=\"elementor-widget-container\">\n\t\t\t\t\t<h2 class=\"elementor-heading-title elementor-size-default\">\u00a1Obtenga su financiamiento hoy!<\/h2>\t\t\t\t<\/div>\n\t\t\t\t<\/div>\n\t\t\t\t<div class=\"elementor-element elementor-element-46f345d7 elementor-widget elementor-widget-text-editor\" data-id=\"46f345d7\" data-element_type=\"widget\" data-widget_type=\"text-editor.default\">\n\t\t\t\t<div class=\"elementor-widget-container\">\n\t\t\t\t\t\t\t\t\t<p data-pm-slice=\"1 1 []\">Financia tu proyecto industrial o log\u00edstico con condiciones \u00f3ptimas y un acompa\u00f1amiento a medida.<\/p>\t\t\t\t\t\t\t\t<\/div>\n\t\t\t\t<\/div>\n\t\t\t\t<div class=\"elementor-element elementor-element-6c330bdb elementor-align-center elementor-widget elementor-widget-button\" data-id=\"6c330bdb\" data-element_type=\"widget\" data-widget_type=\"button.default\">\n\t\t\t\t<div class=\"elementor-widget-container\">\n\t\t\t\t\t\t\t\t\t<div class=\"elementor-button-wrapper\">\n\t\t\t\t\t<a class=\"elementor-button elementor-button-link elementor-size-sm\" href=\"https:\/\/flexifinanz.com\/es\/demander-un-financement\/\">\n\t\t\t\t\t\t<span class=\"elementor-button-content-wrapper\">\n\t\t\t\t\t\t<span class=\"elementor-button-icon\">\n\t\t\t\t<svg aria-hidden=\"true\" class=\"e-font-icon-svg e-fas-arrow-right\" viewbox=\"0 0 448 512\" xmlns=\"http:\/\/www.w3.org\/2000\/svg\"><path d=\"M190.5 66.9l22.2-22.2c9.4-9.4 24.6-9.4 33.9 0L441 239c9.4 9.4 9.4 24.6 0 33.9L246.6 467.3c-9.4 9.4-24.6 9.4-33.9 0l-22.2-22.2c-9.5-9.5-9.3-25 .4-34.3L311.4 296H24c-13.3 0-24-10.7-24-24v-32c0-13.3 10.7-24 24-24h287.4L190.9 101.2c-9.8-9.3-10-24.8-.4-34.3z\"><\/path><\/svg>\t\t\t<\/span>\n\t\t\t\t\t\t\t\t\t<span class=\"elementor-button-text\">Solicitar financiaci\u00f3n<\/span>\n\t\t\t\t\t<\/span>\n\t\t\t\t\t<\/a>\n\t\t\t\t<\/div>\n\t\t\t\t\t\t\t\t<\/div>\n\t\t\t\t<\/div>\n\t\t\t\t\t<\/div>\n\t\t\t\t<\/div>\n\t\t\t\t<\/div>","protected":false},"excerpt":{"rendered":"<p>Pourquoi financer des projets dans l\u2019industrie et la logistique ? L\u2019industrie et la logistique sont des secteurs strat\u00e9giques qui soutiennent l\u2019\u00e9conomie mondiale. [&hellip;]<\/p>","protected":false},"author":1,"featured_media":337,"parent":201,"menu_order":0,"comment_status":"closed","ping_status":"closed","template":"","meta":{"om_disable_all_campaigns":false,"_monsterinsights_skip_tracking":false,"_monsterinsights_sitenote_active":false,"_monsterinsights_sitenote_note":"","_monsterinsights_sitenote_category":0,"footnotes":""},"class_list":["post-159","page","type-page","status-publish","has-post-thumbnail","hentry"],"aioseo_notices":[],"_links":{"self":[{"href":"https:\/\/flexifinanz.com\/es\/wp-json\/wp\/v2\/pages\/159","targetHints":{"allow":["GET"]}}],"collection":[{"href":"https:\/\/flexifinanz.com\/es\/wp-json\/wp\/v2\/pages"}],"about":[{"href":"https:\/\/flexifinanz.com\/es\/wp-json\/wp\/v2\/types\/page"}],"author":[{"embeddable":true,"href":"https:\/\/flexifinanz.com\/es\/wp-json\/wp\/v2\/users\/1"}],"replies":[{"embeddable":true,"href":"https:\/\/flexifinanz.com\/es\/wp-json\/wp\/v2\/comments?post=159"}],"version-history":[{"count":0,"href":"https:\/\/flexifinanz.com\/es\/wp-json\/wp\/v2\/pages\/159\/revisions"}],"up":[{"embeddable":true,"href":"https:\/\/flexifinanz.com\/es\/wp-json\/wp\/v2\/pages\/201"}],"wp:featuredmedia":[{"embeddable":true,"href":"https:\/\/flexifinanz.com\/es\/wp-json\/wp\/v2\/media\/337"}],"wp:attachment":[{"href":"https:\/\/flexifinanz.com\/es\/wp-json\/wp\/v2\/media?parent=159"}],"curies":[{"name":"wp","href":"https:\/\/api.w.org\/{rel}","templated":true}]}}