{"id":153,"date":"2025-02-20T15:00:49","date_gmt":"2025-02-20T14:00:49","guid":{"rendered":"https:\/\/flexifinanz.com\/?page_id=153"},"modified":"2025-04-28T02:19:34","modified_gmt":"2025-04-28T00:19:34","slug":"finanzas-comercio-y-oportunidades-rentables-comerciales","status":"publish","type":"page","link":"https:\/\/flexifinanz.com\/es\/financiacion-estrategica\/finanzas-comercio-y-oportunidades-rentables-comerciales\/","title":{"rendered":"Financiaci\u00f3n del comercio electr\u00f3nico y del comercio electr\u00f3nico: oportunidades rentables"},"content":{"rendered":"<div data-elementor-type=\"wp-page\" data-elementor-id=\"153\" class=\"elementor elementor-153\" data-elementor-settings=\"{&quot;element_pack_global_tooltip_width&quot;:{&quot;unit&quot;:&quot;px&quot;,&quot;size&quot;:&quot;&quot;,&quot;sizes&quot;:[]},&quot;element_pack_global_tooltip_width_tablet&quot;:{&quot;unit&quot;:&quot;px&quot;,&quot;size&quot;:&quot;&quot;,&quot;sizes&quot;:[]},&quot;element_pack_global_tooltip_width_mobile&quot;:{&quot;unit&quot;:&quot;px&quot;,&quot;size&quot;:&quot;&quot;,&quot;sizes&quot;:[]},&quot;element_pack_global_tooltip_padding&quot;:{&quot;unit&quot;:&quot;px&quot;,&quot;top&quot;:&quot;&quot;,&quot;right&quot;:&quot;&quot;,&quot;bottom&quot;:&quot;&quot;,&quot;left&quot;:&quot;&quot;,&quot;isLinked&quot;:true},&quot;element_pack_global_tooltip_padding_tablet&quot;:{&quot;unit&quot;:&quot;px&quot;,&quot;top&quot;:&quot;&quot;,&quot;right&quot;:&quot;&quot;,&quot;bottom&quot;:&quot;&quot;,&quot;left&quot;:&quot;&quot;,&quot;isLinked&quot;:true},&quot;element_pack_global_tooltip_padding_mobile&quot;:{&quot;unit&quot;:&quot;px&quot;,&quot;top&quot;:&quot;&quot;,&quot;right&quot;:&quot;&quot;,&quot;bottom&quot;:&quot;&quot;,&quot;left&quot;:&quot;&quot;,&quot;isLinked&quot;:true},&quot;element_pack_global_tooltip_border_radius&quot;:{&quot;unit&quot;:&quot;px&quot;,&quot;top&quot;:&quot;&quot;,&quot;right&quot;:&quot;&quot;,&quot;bottom&quot;:&quot;&quot;,&quot;left&quot;:&quot;&quot;,&quot;isLinked&quot;:true},&quot;element_pack_global_tooltip_border_radius_tablet&quot;:{&quot;unit&quot;:&quot;px&quot;,&quot;top&quot;:&quot;&quot;,&quot;right&quot;:&quot;&quot;,&quot;bottom&quot;:&quot;&quot;,&quot;left&quot;:&quot;&quot;,&quot;isLinked&quot;:true},&quot;element_pack_global_tooltip_border_radius_mobile&quot;:{&quot;unit&quot;:&quot;px&quot;,&quot;top&quot;:&quot;&quot;,&quot;right&quot;:&quot;&quot;,&quot;bottom&quot;:&quot;&quot;,&quot;left&quot;:&quot;&quot;,&quot;isLinked&quot;:true}}\" data-elementor-post-type=\"page\">\n\t\t\t\t<div class=\"elementor-element elementor-element-dee2f4a e-flex e-con-boxed e-con e-parent\" data-id=\"dee2f4a\" data-element_type=\"container\" data-settings=\"{&quot;background_background&quot;:&quot;classic&quot;}\">\n\t\t\t\t\t<div class=\"e-con-inner\">\n\t\t\t\t<div class=\"elementor-element elementor-element-0820c5d elementor-widget elementor-widget-text-editor\" data-id=\"0820c5d\" data-element_type=\"widget\" data-widget_type=\"text-editor.default\">\n\t\t\t\t<div class=\"elementor-widget-container\">\n\t\t\t\t\t\t\t\t\t<h2 data-pm-slice=\"1 3 []\">\u00bfPor qu\u00e9 financiar proyectos en comercio y ecommerce?<\/h2><p>El comercio f\u00edsico y el comercio electr\u00f3nico son sectores en auge, impulsados \u200b\u200bpor la digitalizaci\u00f3n de los h\u00e1bitos de consumo. El auge de los mercados, las soluciones de pago en l\u00ednea y las nuevas estrategias de ventas ofrecen oportunidades para <strong>financiaci\u00f3n estrat\u00e9gica<\/strong>, con fuerte potencial de crecimiento.<\/p><p>Con una demanda en constante cambio e innovaciones como la inteligencia artificial y el big data, las empresas de comercio y comercio electr\u00f3nico necesitan <strong>financiaci\u00f3n adaptada<\/strong> para optimizar su desarrollo y fortalecer su posici\u00f3n en el mercado global.<\/p><h2>Nuestras soluciones de financiaci\u00f3n en comercio y e-commerce<\/h2><h3>1. Financiaci\u00f3n de los mercados en l\u00ednea<\/h3><p>Las plataformas de m\u00faltiples proveedores est\u00e1n revolucionando las ventas en l\u00ednea al conectar a miles de comerciantes y consumidores.<\/p><p><strong>Nuestras ofertas de financiaci\u00f3n:<\/strong><\/p><ul data-spread=\"false\"><li><p>Financiaci\u00f3n del lanzamiento de nuevos mercados especializados<\/p><\/li><li><p>Apoyo a las plataformas de comercio electr\u00f3nico existentes para su expansi\u00f3n<\/p><\/li><li><p>Desarrollo de soluciones log\u00edsticas para mejorar la eficiencia de los marketplaces<\/p><\/li><\/ul><h3>2. Financiaci\u00f3n de la venta de productos innovadores<\/h3><p>La innovaci\u00f3n es un motor clave del comercio y la b\u00fasqueda de productos originales y de alto rendimiento es una palanca de diferenciaci\u00f3n.<\/p><p><strong>Nuestras ofertas de financiaci\u00f3n:<\/strong><\/p><ul data-spread=\"false\"><li><p>Apoyo a la creaci\u00f3n de marcas de productos y gadgets de alta tecnolog\u00eda<\/p><\/li><li><p>Financiaci\u00f3n de startups especializadas en innovaci\u00f3n de productos<\/p><\/li><li><p>Desarrollo de canales de distribuci\u00f3n eficientes para productos de nicho<\/p><\/li><\/ul><h3>3. Financiaci\u00f3n del dropshipping y la impresi\u00f3n bajo demanda<\/h3><p>Estos modelos de negocio permiten crear una tienda sin gesti\u00f3n de inventario, reduciendo as\u00ed los costes iniciales.<\/p><p><strong>Nuestras ofertas de financiaci\u00f3n:<\/strong><\/p><ul data-spread=\"false\"><li><p>Apoyo al desarrollo de tiendas dropshipping automatizadas<\/p><\/li><li><p>Financiaci\u00f3n de plataformas especializadas en impresi\u00f3n bajo demanda<\/p><\/li><li><p>Optimizar las estrategias de marketing para aumentar la rentabilidad<\/p><\/li><\/ul><h3>4. Financiaci\u00f3n de marcas de moda sostenibles<\/h3><p>La moda \u00e9tica y sostenible est\u00e1 impulsando a los emprendedores a recurrir a empresas comprometidas.<\/p><p><strong>Nuestras ofertas de financiaci\u00f3n:<\/strong><\/p><ul data-spread=\"false\"><li><p>Apoyo a marcas eco-responsables<\/p><\/li><li><p>Financiaci\u00f3n de soluciones de reciclaje textil<\/p><\/li><li><p>Apoyo a la expansi\u00f3n de iniciativas de comercio justo en la moda<\/p><\/li><\/ul><h3>5. Financiaci\u00f3n de Soluciones de Pago y Log\u00edstica<\/h3><p>El crecimiento del comercio electr\u00f3nico requiere una infraestructura s\u00f3lida para garantizar un servicio confiable y r\u00e1pido.<\/p><p><strong>Nuestras ofertas de financiaci\u00f3n:<\/strong><\/p><ul data-spread=\"false\"><li><p>Apoyo a startups especializadas en pagos digitales<\/p><\/li><li><p>Financiaci\u00f3n del desarrollo de soluciones de entrega r\u00e1pidas y sostenibles<\/p><\/li><li><p>Apoyando a las empresas en la automatizaci\u00f3n y robotizaci\u00f3n de almacenes de e-commerce<\/p><\/li><\/ul>\t\t\t\t\t\t\t\t<\/div>\n\t\t\t\t<\/div>\n\t\t\t\t\t<\/div>\n\t\t\t\t<\/div>\n\t\t<div class=\"elementor-element elementor-element-6615bfa e-flex e-con-boxed elementor-invisible e-con e-parent\" data-id=\"6615bfa\" data-element_type=\"container\" data-settings=\"{&quot;background_background&quot;:&quot;classic&quot;,&quot;animation&quot;:&quot;fadeInUp&quot;}\">\n\t\t\t\t\t<div class=\"e-con-inner\">\n\t\t\t\t<div class=\"elementor-element elementor-element-b050f0e elementor-widget elementor-widget-text-editor\" data-id=\"b050f0e\" data-element_type=\"widget\" data-widget_type=\"text-editor.default\">\n\t\t\t\t<div class=\"elementor-widget-container\">\n\t\t\t\t\t\t\t\t\t<h2 data-pm-slice=\"1 3 []\">Seguridad y flexibilidad de nuestra financiaci\u00f3n<\/h2><p>Ofrecemos <strong>Soluciones de financiaci\u00f3n a medida<\/strong> a los ciclos de desarrollo espec\u00edficos del sector del comercio y del comercio electr\u00f3nico, garantizando una <strong>equilibrio entre rentabilidad y expansi\u00f3n<\/strong>.<\/p><h3><strong>Tipos de financiaci\u00f3n disponibles:<\/strong><\/h3><p>\u2705 <strong>Listo para el desarrollo y optimizaci\u00f3n de tiendas en l\u00ednea<\/strong> \u2705 <strong>Financiaci\u00f3n de infraestructuras log\u00edsticas y plataformas de comercio electr\u00f3nico<\/strong> \u2705 <strong>Apoyo estrat\u00e9gico y alianzas con empresas del sector<\/strong><\/p><h3><strong>Rentabilidad media de los proyectos financiados:<\/strong><\/h3><ul data-spread=\"false\"><li><p><strong>Mercados en l\u00ednea:<\/strong> Crecimiento anual del 10-20%<\/p><\/li><li><p><strong>Dropshipping e impresi\u00f3n bajo demanda:<\/strong> La rentabilidad var\u00eda seg\u00fan los nichos<\/p><\/li><li><p><strong>Soluciones de pago y log\u00edstica:<\/strong> 7-12% de retorno de la inversi\u00f3n<\/p><\/li><\/ul>\t\t\t\t\t\t\t\t<\/div>\n\t\t\t\t<\/div>\n\t\t\t\t\t<\/div>\n\t\t\t\t<\/div>\n\t\t<div class=\"elementor-element elementor-element-4639c43 e-flex e-con-boxed elementor-invisible e-con e-parent\" data-id=\"4639c43\" data-element_type=\"container\" data-settings=\"{&quot;background_background&quot;:&quot;classic&quot;,&quot;animation&quot;:&quot;fadeInUp&quot;}\">\n\t\t\t\t\t<div class=\"e-con-inner\">\n\t\t\t\t<div class=\"elementor-element elementor-element-c075c4d elementor-widget elementor-widget-text-editor\" data-id=\"c075c4d\" data-element_type=\"widget\" data-widget_type=\"text-editor.default\">\n\t\t\t\t<div class=\"elementor-widget-container\">\n\t\t\t\t\t\t\t\t\t<h2 data-pm-slice=\"1 3 []\"><span style=\"color: #ffffff;\">\u00bfQui\u00e9n puede beneficiarse de nuestra financiaci\u00f3n?<\/span><\/h2><h3><span style=\"color: #ffffff;\"><strong>Empresas y comerciantes<\/strong><\/span><\/h3><ul data-spread=\"false\"><li><p><span style=\"color: #ffffff;\">Financiaci\u00f3n para la creaci\u00f3n y expansi\u00f3n de tiendas online<\/span><\/p><\/li><li><p><span style=\"color: #ffffff;\">Apoyo a marketplaces en fase de desarrollo<\/span><\/p><\/li><li><p><span style=\"color: #ffffff;\">Apoyo a empresas que desean integrar soluciones avanzadas de pagos y log\u00edstica<\/span><\/p><\/li><\/ul><h3><span style=\"color: #ffffff;\"><strong>Empresas emergentes e innovadores<\/strong><\/span><\/h3><ul data-spread=\"false\"><li><p><span style=\"color: #ffffff;\">Financiaci\u00f3n de nuevas tecnolog\u00edas de comercio electr\u00f3nico<\/span><\/p><\/li><li><p><span style=\"color: #ffffff;\">Apoyo a soluciones de big data e IA aplicadas al comercio<\/span><\/p><\/li><li><p><span style=\"color: #ffffff;\">Apoyo a nuevos modelos econ\u00f3micos digitales<\/span><\/p><\/li><\/ul>\t\t\t\t\t\t\t\t<\/div>\n\t\t\t\t<\/div>\n\t\t\t\t\t<\/div>\n\t\t\t\t<\/div>\n\t\t<div class=\"elementor-element elementor-element-4d8ae5d e-flex e-con-boxed elementor-invisible e-con e-parent\" data-id=\"4d8ae5d\" data-element_type=\"container\" data-settings=\"{&quot;background_background&quot;:&quot;classic&quot;,&quot;animation&quot;:&quot;fadeInUp&quot;}\">\n\t\t\t\t\t<div class=\"e-con-inner\">\n\t\t\t\t<div class=\"elementor-element elementor-element-6688643 elementor-widget elementor-widget-text-editor\" data-id=\"6688643\" data-element_type=\"widget\" data-widget_type=\"text-editor.default\">\n\t\t\t\t<div class=\"elementor-widget-container\">\n\t\t\t\t\t\t\t\t\t<h2 data-pm-slice=\"1 1 []\">\u00bfPor qu\u00e9 financiar tu proyecto con nosotros?<\/h2><p>Nuestra experiencia nos permite identificar las <strong>Las mejores oportunidades de financiaci\u00f3n<\/strong> en comercio y comercio electr\u00f3nico. Apoyamos a los l\u00edderes de proyectos con soluciones personalizadas y <strong>tasas de financiaci\u00f3n competitivas<\/strong>.<\/p><h3><strong>Nuestras ventajas:<\/strong><\/h3><p>\u2705 <strong>Acceso a financiaci\u00f3n ventajosa y flexible<\/strong> \u2705 <strong>Tarifas competitivas adaptadas a proyectos e-commerce<\/strong> \u2705 <strong>Soporte personalizado para maximizar el impacto<\/strong> \u2705 <strong>Selecci\u00f3n rigurosa de proyectos financiados<\/strong><\/p>\t\t\t\t\t\t\t\t<\/div>\n\t\t\t\t<\/div>\n\t\t\t\t\t<\/div>\n\t\t\t\t<\/div>\n\t\t<div class=\"elementor-element elementor-element-7167df6 e-flex e-con-boxed elementor-invisible e-con e-parent\" data-id=\"7167df6\" data-element_type=\"container\" data-settings=\"{&quot;background_background&quot;:&quot;classic&quot;,&quot;animation&quot;:&quot;fadeInUp&quot;}\">\n\t\t\t\t\t<div class=\"e-con-inner\">\n\t\t\t\t<div class=\"elementor-element elementor-element-310335c elementor-widget elementor-widget-heading\" data-id=\"310335c\" data-element_type=\"widget\" data-widget_type=\"heading.default\">\n\t\t\t\t<div class=\"elementor-widget-container\">\n\t\t\t\t\t<h2 class=\"elementor-heading-title elementor-size-default\">\u00a1Obtenga su financiamiento hoy!<\/h2>\t\t\t\t<\/div>\n\t\t\t\t<\/div>\n\t\t\t\t<div class=\"elementor-element elementor-element-6813925 elementor-widget elementor-widget-text-editor\" data-id=\"6813925\" data-element_type=\"widget\" data-widget_type=\"text-editor.default\">\n\t\t\t\t<div class=\"elementor-widget-container\">\n\t\t\t\t\t\t\t\t\t<p data-pm-slice=\"1 1 []\">Financia tu negocio y proyecto de ecommerce con condiciones \u00f3ptimas y acompa\u00f1amiento a medida.<\/p>\t\t\t\t\t\t\t\t<\/div>\n\t\t\t\t<\/div>\n\t\t\t\t<div class=\"elementor-element elementor-element-5a51640 elementor-align-center elementor-widget elementor-widget-button\" data-id=\"5a51640\" data-element_type=\"widget\" data-widget_type=\"button.default\">\n\t\t\t\t<div class=\"elementor-widget-container\">\n\t\t\t\t\t\t\t\t\t<div class=\"elementor-button-wrapper\">\n\t\t\t\t\t<a class=\"elementor-button elementor-button-link elementor-size-sm\" href=\"https:\/\/flexifinanz.com\/es\/solicitar-financiamiento\/\">\n\t\t\t\t\t\t<span class=\"elementor-button-content-wrapper\">\n\t\t\t\t\t\t<span class=\"elementor-button-icon\">\n\t\t\t\t<svg aria-hidden=\"true\" class=\"e-font-icon-svg e-fas-arrow-right\" viewbox=\"0 0 448 512\" xmlns=\"http:\/\/www.w3.org\/2000\/svg\"><path d=\"M190.5 66.9l22.2-22.2c9.4-9.4 24.6-9.4 33.9 0L441 239c9.4 9.4 9.4 24.6 0 33.9L246.6 467.3c-9.4 9.4-24.6 9.4-33.9 0l-22.2-22.2c-9.5-9.5-9.3-25 .4-34.3L311.4 296H24c-13.3 0-24-10.7-24-24v-32c0-13.3 10.7-24 24-24h287.4L190.9 101.2c-9.8-9.3-10-24.8-.4-34.3z\"><\/path><\/svg>\t\t\t<\/span>\n\t\t\t\t\t\t\t\t\t<span class=\"elementor-button-text\">Solicitar financiaci\u00f3n<\/span>\n\t\t\t\t\t<\/span>\n\t\t\t\t\t<\/a>\n\t\t\t\t<\/div>\n\t\t\t\t\t\t\t\t<\/div>\n\t\t\t\t<\/div>\n\t\t\t\t\t<\/div>\n\t\t\t\t<\/div>\n\t\t\t\t<\/div>","protected":false},"excerpt":{"rendered":"<p>Pourquoi financer des projets dans le commerce et l\u2019e-commerce ? Le commerce physique et l\u2019e-commerce sont des secteurs en pleine expansion, port\u00e9s [&hellip;]<\/p>","protected":false},"author":1,"featured_media":334,"parent":201,"menu_order":0,"comment_status":"closed","ping_status":"closed","template":"","meta":{"om_disable_all_campaigns":false,"_monsterinsights_skip_tracking":false,"_monsterinsights_sitenote_active":false,"_monsterinsights_sitenote_note":"","_monsterinsights_sitenote_category":0,"footnotes":""},"class_list":["post-153","page","type-page","status-publish","has-post-thumbnail","hentry"],"aioseo_notices":[],"_links":{"self":[{"href":"https:\/\/flexifinanz.com\/es\/wp-json\/wp\/v2\/pages\/153","targetHints":{"allow":["GET"]}}],"collection":[{"href":"https:\/\/flexifinanz.com\/es\/wp-json\/wp\/v2\/pages"}],"about":[{"href":"https:\/\/flexifinanz.com\/es\/wp-json\/wp\/v2\/types\/page"}],"author":[{"embeddable":true,"href":"https:\/\/flexifinanz.com\/es\/wp-json\/wp\/v2\/users\/1"}],"replies":[{"embeddable":true,"href":"https:\/\/flexifinanz.com\/es\/wp-json\/wp\/v2\/comments?post=153"}],"version-history":[{"count":0,"href":"https:\/\/flexifinanz.com\/es\/wp-json\/wp\/v2\/pages\/153\/revisions"}],"up":[{"embeddable":true,"href":"https:\/\/flexifinanz.com\/es\/wp-json\/wp\/v2\/pages\/201"}],"wp:featuredmedia":[{"embeddable":true,"href":"https:\/\/flexifinanz.com\/es\/wp-json\/wp\/v2\/media\/334"}],"wp:attachment":[{"href":"https:\/\/flexifinanz.com\/es\/wp-json\/wp\/v2\/media?parent=153"}],"curies":[{"name":"wp","href":"https:\/\/api.w.org\/{rel}","templated":true}]}}