{"id":129,"date":"2025-02-20T13:58:47","date_gmt":"2025-02-20T12:58:47","guid":{"rendered":"https:\/\/flexifinanz.com\/?page_id=129"},"modified":"2025-02-25T19:24:36","modified_gmt":"2025-02-25T18:24:36","slug":"finanzas-energias-renovables-y-medio-ambiente","status":"publish","type":"page","link":"https:\/\/flexifinanz.com\/es\/financiacion-por-duracion\/finanzas-energias-renovables-y-medio-ambiente\/","title":{"rendered":"Financiaci\u00f3n de las energ\u00edas renovables y el medio ambiente"},"content":{"rendered":"<div data-elementor-type=\"wp-page\" data-elementor-id=\"129\" class=\"elementor elementor-129\" data-elementor-settings=\"{&quot;element_pack_global_tooltip_width&quot;:{&quot;unit&quot;:&quot;px&quot;,&quot;size&quot;:&quot;&quot;,&quot;sizes&quot;:[]},&quot;element_pack_global_tooltip_width_tablet&quot;:{&quot;unit&quot;:&quot;px&quot;,&quot;size&quot;:&quot;&quot;,&quot;sizes&quot;:[]},&quot;element_pack_global_tooltip_width_mobile&quot;:{&quot;unit&quot;:&quot;px&quot;,&quot;size&quot;:&quot;&quot;,&quot;sizes&quot;:[]},&quot;element_pack_global_tooltip_padding&quot;:{&quot;unit&quot;:&quot;px&quot;,&quot;top&quot;:&quot;&quot;,&quot;right&quot;:&quot;&quot;,&quot;bottom&quot;:&quot;&quot;,&quot;left&quot;:&quot;&quot;,&quot;isLinked&quot;:true},&quot;element_pack_global_tooltip_padding_tablet&quot;:{&quot;unit&quot;:&quot;px&quot;,&quot;top&quot;:&quot;&quot;,&quot;right&quot;:&quot;&quot;,&quot;bottom&quot;:&quot;&quot;,&quot;left&quot;:&quot;&quot;,&quot;isLinked&quot;:true},&quot;element_pack_global_tooltip_padding_mobile&quot;:{&quot;unit&quot;:&quot;px&quot;,&quot;top&quot;:&quot;&quot;,&quot;right&quot;:&quot;&quot;,&quot;bottom&quot;:&quot;&quot;,&quot;left&quot;:&quot;&quot;,&quot;isLinked&quot;:true},&quot;element_pack_global_tooltip_border_radius&quot;:{&quot;unit&quot;:&quot;px&quot;,&quot;top&quot;:&quot;&quot;,&quot;right&quot;:&quot;&quot;,&quot;bottom&quot;:&quot;&quot;,&quot;left&quot;:&quot;&quot;,&quot;isLinked&quot;:true},&quot;element_pack_global_tooltip_border_radius_tablet&quot;:{&quot;unit&quot;:&quot;px&quot;,&quot;top&quot;:&quot;&quot;,&quot;right&quot;:&quot;&quot;,&quot;bottom&quot;:&quot;&quot;,&quot;left&quot;:&quot;&quot;,&quot;isLinked&quot;:true},&quot;element_pack_global_tooltip_border_radius_mobile&quot;:{&quot;unit&quot;:&quot;px&quot;,&quot;top&quot;:&quot;&quot;,&quot;right&quot;:&quot;&quot;,&quot;bottom&quot;:&quot;&quot;,&quot;left&quot;:&quot;&quot;,&quot;isLinked&quot;:true}}\" data-elementor-post-type=\"page\">\n\t\t\t\t<div class=\"elementor-element elementor-element-a1aac80 e-flex e-con-boxed e-con e-parent\" data-id=\"a1aac80\" data-element_type=\"container\" data-settings=\"{&quot;background_background&quot;:&quot;classic&quot;}\">\n\t\t\t\t\t<div class=\"e-con-inner\">\n\t\t\t\t<div class=\"elementor-element elementor-element-662c5be elementor-widget elementor-widget-text-editor\" data-id=\"662c5be\" data-element_type=\"widget\" data-widget_type=\"text-editor.default\">\n\t\t\t\t<div class=\"elementor-widget-container\">\n\t\t\t\t\t\t\t\t\t<h2 data-pm-slice=\"1 3 []\">\u00bfPor qu\u00e9 financiar proyectos de energ\u00eda renovable?<\/h2><p>Con la transici\u00f3n ecol\u00f3gica en plena aceleraci\u00f3n, el sector de las energ\u00edas renovables representa un <strong>oportunidad estrat\u00e9gica<\/strong> para el desarrollo sostenible. La emergencia clim\u00e1tica, las regulaciones favorables y la innovaci\u00f3n tecnol\u00f3gica hacen de este \u00e1mbito una importante palanca de crecimiento.<\/p><p>Financiamos proyectos destinados a acelerar la adopci\u00f3n de energ\u00eda limpia, optimizar la gesti\u00f3n de los recursos naturales y desarrollar soluciones innovadoras para una <strong>Un futuro m\u00e1s sostenible<\/strong>.<\/p><h2>Nuestras soluciones de financiaci\u00f3n en energ\u00eda y medio ambiente<\/h2><h3>\u2600\ufe0f <strong>Financiaci\u00f3n de Energ\u00edas Renovables (solar, e\u00f3lica, hidr\u00f3geno)<\/strong><\/h3><p>El desarrollo de energ\u00edas limpias es esencial para sustituir gradualmente a los combustibles f\u00f3siles.<\/p><p><strong>Nuestras ofertas de financiaci\u00f3n:<\/strong><\/p><ul data-spread=\"false\"><li><p>Desarrollo y ampliaci\u00f3n de parques solares y e\u00f3licos<\/p><\/li><li><p>Apoyo a la infraestructura de hidr\u00f3geno para el transporte y la industria<\/p><\/li><li><p>Apoyo a las empresas en la transici\u00f3n energ\u00e9tica<\/p><\/li><\/ul><h3>\ud83d\ude97 <strong>Financiaci\u00f3n de la movilidad sostenible<\/strong><\/h3><p>El auge de los veh\u00edculos el\u00e9ctricos y las soluciones de transporte ecol\u00f3gico est\u00e1 creando nuevas oportunidades.<\/p><p><strong>Nuestras ofertas de financiaci\u00f3n:<\/strong><\/p><ul data-spread=\"false\"><li><p>Instalaci\u00f3n de estaciones de carga el\u00e9ctrica<\/p><\/li><li><p>Producci\u00f3n y almacenamiento de bater\u00edas para veh\u00edculos limpios<\/p><\/li><li><p>Desarrollo del transporte p\u00fablico ecol\u00f3gico<\/p><\/li><\/ul><h3>\ud83d\udd04 <strong>Financiaci\u00f3n de la gesti\u00f3n de residuos y el reciclaje<\/strong><\/h3><p>La optimizaci\u00f3n y la valorizaci\u00f3n de residuos son cuestiones medioambientales clave.<\/p><p><strong>Nuestras ofertas de financiaci\u00f3n:<\/strong><\/p><ul data-spread=\"false\"><li><p>Apoyo a empresas de reciclaje y gesti\u00f3n de residuos<\/p><\/li><li><p>Financiaci\u00f3n de proyectos de conversi\u00f3n de residuos en energ\u00eda<\/p><\/li><li><p>Apoyando a las industrias hacia soluciones eco-responsables<\/p><\/li><\/ul><h3>\ud83c\udf31 <strong>Financiamiento de la agricultura sostenible y la agroecolog\u00eda<\/strong><\/h3><p>La agricultura responsable es un pilar de la preservaci\u00f3n de los recursos naturales.<\/p><p><strong>Nuestras ofertas de financiaci\u00f3n:<\/strong><\/p><ul data-spread=\"false\"><li><p>Desarrollo de explotaciones agr\u00edcolas eco-responsables<\/p><\/li><li><p>Apoyo a tecnolog\u00edas de optimizaci\u00f3n de riego y fertilizaci\u00f3n<\/p><\/li><li><p>Financiaci\u00f3n de circuitos cortos y agricultura ecol\u00f3gica<\/p><\/li><\/ul><h3>\ud83d\udca7 <strong>Financiaci\u00f3n de tecnolog\u00edas del agua<\/strong><\/h3><p>El acceso al agua potable y su gesti\u00f3n eficaz son grandes desaf\u00edos ambientales.<\/p><p><strong>Nuestras ofertas de financiaci\u00f3n:<\/strong><\/p><ul data-spread=\"false\"><li><p>Proyectos de desalinizaci\u00f3n y potabilizaci\u00f3n de agua<\/p><\/li><li><p>Tecnolog\u00edas de captura y almacenamiento de agua<\/p><\/li><li><p>Desarrollo de redes inteligentes para la optimizaci\u00f3n del consumo<\/p><\/li><\/ul><h3>\u267b\ufe0f <strong>Financiaci\u00f3n de la econom\u00eda circular<\/strong><\/h3><p>La transici\u00f3n a una econom\u00eda circular reduce la huella ecol\u00f3gica de las industrias.<\/p><p><strong>Nuestras ofertas de financiaci\u00f3n:<\/strong><\/p><ul data-spread=\"false\"><li><p>Apoyo a las empresas de recuperaci\u00f3n de residuos<\/p><\/li><li><p>Financiaci\u00f3n de innovaciones en el reciclaje industrial<\/p><\/li><li><p>Desarrollo de soluciones para la reducci\u00f3n de la huella de carbono<\/p><\/li><\/ul>\t\t\t\t\t\t\t\t<\/div>\n\t\t\t\t<\/div>\n\t\t\t\t\t<\/div>\n\t\t\t\t<\/div>\n\t\t<div class=\"elementor-element elementor-element-b7ecdc4 e-flex e-con-boxed elementor-invisible e-con e-parent\" data-id=\"b7ecdc4\" data-element_type=\"container\" data-settings=\"{&quot;background_background&quot;:&quot;classic&quot;,&quot;animation&quot;:&quot;fadeInUp&quot;}\">\n\t\t\t\t\t<div class=\"e-con-inner\">\n\t\t\t\t<div class=\"elementor-element elementor-element-800cdf8 elementor-widget elementor-widget-text-editor\" data-id=\"800cdf8\" data-element_type=\"widget\" data-widget_type=\"text-editor.default\">\n\t\t\t\t<div class=\"elementor-widget-container\">\n\t\t\t\t\t\t\t\t\t<h2 data-pm-slice=\"1 3 []\">Asegurar y rentabilizar la financiaci\u00f3n de las energ\u00edas renovables<\/h2><p>Apoyamos a nuestros socios con <strong>Soluciones de financiaci\u00f3n a medida<\/strong>, adaptado a la evoluci\u00f3n del mercado y a los objetivos de rentabilidad sostenible.<\/p><h3><strong>Tipos de financiaci\u00f3n disponibles:<\/strong><\/h3><p>\u2705 <strong>Financiaci\u00f3n directa de proyectos<\/strong> \u2705 <strong>Alianzas con empresas innovadoras y startups<\/strong> \u2705 <strong>Apoyo estrat\u00e9gico y operativo<\/strong><\/p><h3><strong>Rentabilidad media de los proyectos financiados:<\/strong><\/h3><ul data-spread=\"false\"><li><p><strong>Solar y e\u00f3lica:<\/strong> 5-8% anual<\/p><\/li><li><p><strong>Hidr\u00f3geno verde:<\/strong> Fuerte potencial a largo plazo<\/p><\/li><li><p><strong>Gesti\u00f3n de residuos y reciclaje:<\/strong> 7-10% anual<\/p><\/li><\/ul>\t\t\t\t\t\t\t\t<\/div>\n\t\t\t\t<\/div>\n\t\t\t\t\t<\/div>\n\t\t\t\t<\/div>\n\t\t<div class=\"elementor-element elementor-element-bd9d8a7 e-flex e-con-boxed elementor-invisible e-con e-parent\" data-id=\"bd9d8a7\" data-element_type=\"container\" data-settings=\"{&quot;background_background&quot;:&quot;classic&quot;,&quot;animation&quot;:&quot;fadeInUp&quot;}\">\n\t\t\t\t\t<div class=\"e-con-inner\">\n\t\t\t\t<div class=\"elementor-element elementor-element-bfcf760 elementor-widget elementor-widget-text-editor\" data-id=\"bfcf760\" data-element_type=\"widget\" data-widget_type=\"text-editor.default\">\n\t\t\t\t<div class=\"elementor-widget-container\">\n\t\t\t\t\t\t\t\t\t<h2 data-pm-slice=\"1 3 []\"><span style=\"color: #ffffff;\">\u00bfQui\u00e9n puede beneficiarse de nuestra financiaci\u00f3n?<\/span><\/h2><h3><span style=\"color: #ffffff;\"><strong>Empresas y profesionales<\/strong><\/span><\/h3><ul data-spread=\"false\"><li><p><span style=\"color: #ffffff;\">Financiaci\u00f3n de nuevas infraestructuras energ\u00e9ticas<\/span><\/p><\/li><li><p><span style=\"color: #ffffff;\">Apoyo a startups y empresas especializadas en energ\u00eda verde<\/span><\/p><\/li><li><p><span style=\"color: #ffffff;\">Apoyo a la integraci\u00f3n de energ\u00edas renovables en los procesos industriales<\/span><\/p><\/li><\/ul><h3><span style=\"color: #ffffff;\"><strong>Comunidades y organizaciones<\/strong><\/span><\/h3><ul data-spread=\"false\"><li><p><span style=\"color: #ffffff;\">Desarrollo de proyectos de autonom\u00eda energ\u00e9tica<\/span><\/p><\/li><li><p><span style=\"color: #ffffff;\">Financiaci\u00f3n de soluciones sostenibles para la gesti\u00f3n del agua y los residuos<\/span><\/p><\/li><li><p><span style=\"color: #ffffff;\">Apoyo a iniciativas locales de transici\u00f3n ecol\u00f3gica<\/span><\/p><\/li><\/ul>\t\t\t\t\t\t\t\t<\/div>\n\t\t\t\t<\/div>\n\t\t\t\t\t<\/div>\n\t\t\t\t<\/div>\n\t\t<div class=\"elementor-element elementor-element-ef6d02e e-flex e-con-boxed elementor-invisible e-con e-parent\" data-id=\"ef6d02e\" data-element_type=\"container\" data-settings=\"{&quot;background_background&quot;:&quot;classic&quot;,&quot;animation&quot;:&quot;fadeInUp&quot;}\">\n\t\t\t\t\t<div class=\"e-con-inner\">\n\t\t\t\t<div class=\"elementor-element elementor-element-f462507 elementor-widget elementor-widget-text-editor\" data-id=\"f462507\" data-element_type=\"widget\" data-widget_type=\"text-editor.default\">\n\t\t\t\t<div class=\"elementor-widget-container\">\n\t\t\t\t\t\t\t\t\t<h2 data-pm-slice=\"1 1 []\">\u00bfPor qu\u00e9 elegir nuestro grupo de inversores?<\/h2><p>Nosotros proporcionamos <strong>una capital estrat\u00e9gica<\/strong> Para financiar proyectos <strong>Innovadora, responsable y rentable<\/strong>, garantizando al mismo tiempo una <strong>soporte experto<\/strong>.<\/p><h3><strong>Nuestras ventajas:<\/strong><\/h3><p>\u2705 <strong>Acceso a financiaci\u00f3n ventajosa y flexible<\/strong> \u2705 <strong>Tarifas competitivas adaptadas a proyectos sostenibles<\/strong> \u2705 <strong>Soporte personalizado para maximizar el impacto<\/strong> \u2705 <strong>Selecci\u00f3n rigurosa de proyectos financiados<\/strong><\/p>\t\t\t\t\t\t\t\t<\/div>\n\t\t\t\t<\/div>\n\t\t\t\t\t<\/div>\n\t\t\t\t<\/div>\n\t\t<div class=\"elementor-element elementor-element-974bc00 e-flex e-con-boxed elementor-invisible e-con e-parent\" data-id=\"974bc00\" data-element_type=\"container\" data-settings=\"{&quot;background_background&quot;:&quot;classic&quot;,&quot;animation&quot;:&quot;fadeInUp&quot;}\">\n\t\t\t\t\t<div class=\"e-con-inner\">\n\t\t\t\t<div class=\"elementor-element elementor-element-1a3c3dd elementor-widget elementor-widget-heading\" data-id=\"1a3c3dd\" data-element_type=\"widget\" data-widget_type=\"heading.default\">\n\t\t\t\t<div class=\"elementor-widget-container\">\n\t\t\t\t\t<h2 class=\"elementor-heading-title elementor-size-default\">\u00a1Obtenga su financiamiento hoy!<\/h2>\t\t\t\t<\/div>\n\t\t\t\t<\/div>\n\t\t\t\t<div class=\"elementor-element elementor-element-d8b0f8a elementor-widget elementor-widget-text-editor\" data-id=\"d8b0f8a\" data-element_type=\"widget\" data-widget_type=\"text-editor.default\">\n\t\t\t\t<div class=\"elementor-widget-container\">\n\t\t\t\t\t\t\t\t\t<p data-pm-slice=\"1 1 []\">Financia tu proyecto de energ\u00eda renovable y medio ambiente con condiciones \u00f3ptimas y un acompa\u00f1amiento a medida.<\/p>\t\t\t\t\t\t\t\t<\/div>\n\t\t\t\t<\/div>\n\t\t\t\t<div class=\"elementor-element elementor-element-db2b3a3 elementor-align-center elementor-widget elementor-widget-button\" data-id=\"db2b3a3\" data-element_type=\"widget\" data-widget_type=\"button.default\">\n\t\t\t\t<div class=\"elementor-widget-container\">\n\t\t\t\t\t\t\t\t\t<div class=\"elementor-button-wrapper\">\n\t\t\t\t\t<a class=\"elementor-button elementor-button-link elementor-size-sm\" href=\"https:\/\/flexifinanz.com\/es\/demander-un-financement\/\">\n\t\t\t\t\t\t<span class=\"elementor-button-content-wrapper\">\n\t\t\t\t\t\t<span class=\"elementor-button-icon\">\n\t\t\t\t<svg aria-hidden=\"true\" class=\"e-font-icon-svg e-fas-arrow-right\" viewbox=\"0 0 448 512\" xmlns=\"http:\/\/www.w3.org\/2000\/svg\"><path d=\"M190.5 66.9l22.2-22.2c9.4-9.4 24.6-9.4 33.9 0L441 239c9.4 9.4 9.4 24.6 0 33.9L246.6 467.3c-9.4 9.4-24.6 9.4-33.9 0l-22.2-22.2c-9.5-9.5-9.3-25 .4-34.3L311.4 296H24c-13.3 0-24-10.7-24-24v-32c0-13.3 10.7-24 24-24h287.4L190.9 101.2c-9.8-9.3-10-24.8-.4-34.3z\"><\/path><\/svg>\t\t\t<\/span>\n\t\t\t\t\t\t\t\t\t<span class=\"elementor-button-text\">Solicitar financiaci\u00f3n<\/span>\n\t\t\t\t\t<\/span>\n\t\t\t\t\t<\/a>\n\t\t\t\t<\/div>\n\t\t\t\t\t\t\t\t<\/div>\n\t\t\t\t<\/div>\n\t\t\t\t\t<\/div>\n\t\t\t\t<\/div>\n\t\t\t\t<\/div>","protected":false},"excerpt":{"rendered":"<p>Pourquoi financer des projets dans les \u00e9nergies renouvelables ? Avec la transition \u00e9cologique en pleine acc\u00e9l\u00e9ration, le secteur des \u00e9nergies renouvelables repr\u00e9sente [&hellip;]<\/p>","protected":false},"author":1,"featured_media":332,"parent":192,"menu_order":0,"comment_status":"closed","ping_status":"closed","template":"","meta":{"om_disable_all_campaigns":false,"_monsterinsights_skip_tracking":false,"_monsterinsights_sitenote_active":false,"_monsterinsights_sitenote_note":"","_monsterinsights_sitenote_category":0,"footnotes":""},"class_list":["post-129","page","type-page","status-publish","has-post-thumbnail","hentry"],"aioseo_notices":[],"_links":{"self":[{"href":"https:\/\/flexifinanz.com\/es\/wp-json\/wp\/v2\/pages\/129","targetHints":{"allow":["GET"]}}],"collection":[{"href":"https:\/\/flexifinanz.com\/es\/wp-json\/wp\/v2\/pages"}],"about":[{"href":"https:\/\/flexifinanz.com\/es\/wp-json\/wp\/v2\/types\/page"}],"author":[{"embeddable":true,"href":"https:\/\/flexifinanz.com\/es\/wp-json\/wp\/v2\/users\/1"}],"replies":[{"embeddable":true,"href":"https:\/\/flexifinanz.com\/es\/wp-json\/wp\/v2\/comments?post=129"}],"version-history":[{"count":0,"href":"https:\/\/flexifinanz.com\/es\/wp-json\/wp\/v2\/pages\/129\/revisions"}],"up":[{"embeddable":true,"href":"https:\/\/flexifinanz.com\/es\/wp-json\/wp\/v2\/pages\/192"}],"wp:featuredmedia":[{"embeddable":true,"href":"https:\/\/flexifinanz.com\/es\/wp-json\/wp\/v2\/media\/332"}],"wp:attachment":[{"href":"https:\/\/flexifinanz.com\/es\/wp-json\/wp\/v2\/media?parent=129"}],"curies":[{"name":"wp","href":"https:\/\/api.w.org\/{rel}","templated":true}]}}