{"id":124,"date":"2025-02-20T13:54:11","date_gmt":"2025-02-20T12:54:11","guid":{"rendered":"https:\/\/flexifinanz.com\/?page_id=124"},"modified":"2025-02-25T18:45:28","modified_gmt":"2025-02-25T17:45:28","slug":"finanzas-bienes-raices","status":"publish","type":"page","link":"https:\/\/flexifinanz.com\/es\/financiacion-por-duracion\/finanzas-bienes-raices\/","title":{"rendered":"Financiamiento Inmobiliario: Apoye sus Proyectos con Nuestras Soluciones"},"content":{"rendered":"<div data-elementor-type=\"wp-page\" data-elementor-id=\"124\" class=\"elementor elementor-124\" data-elementor-settings=\"{&quot;element_pack_global_tooltip_width&quot;:{&quot;unit&quot;:&quot;px&quot;,&quot;size&quot;:&quot;&quot;,&quot;sizes&quot;:[]},&quot;element_pack_global_tooltip_width_tablet&quot;:{&quot;unit&quot;:&quot;px&quot;,&quot;size&quot;:&quot;&quot;,&quot;sizes&quot;:[]},&quot;element_pack_global_tooltip_width_mobile&quot;:{&quot;unit&quot;:&quot;px&quot;,&quot;size&quot;:&quot;&quot;,&quot;sizes&quot;:[]},&quot;element_pack_global_tooltip_padding&quot;:{&quot;unit&quot;:&quot;px&quot;,&quot;top&quot;:&quot;&quot;,&quot;right&quot;:&quot;&quot;,&quot;bottom&quot;:&quot;&quot;,&quot;left&quot;:&quot;&quot;,&quot;isLinked&quot;:true},&quot;element_pack_global_tooltip_padding_tablet&quot;:{&quot;unit&quot;:&quot;px&quot;,&quot;top&quot;:&quot;&quot;,&quot;right&quot;:&quot;&quot;,&quot;bottom&quot;:&quot;&quot;,&quot;left&quot;:&quot;&quot;,&quot;isLinked&quot;:true},&quot;element_pack_global_tooltip_padding_mobile&quot;:{&quot;unit&quot;:&quot;px&quot;,&quot;top&quot;:&quot;&quot;,&quot;right&quot;:&quot;&quot;,&quot;bottom&quot;:&quot;&quot;,&quot;left&quot;:&quot;&quot;,&quot;isLinked&quot;:true},&quot;element_pack_global_tooltip_border_radius&quot;:{&quot;unit&quot;:&quot;px&quot;,&quot;top&quot;:&quot;&quot;,&quot;right&quot;:&quot;&quot;,&quot;bottom&quot;:&quot;&quot;,&quot;left&quot;:&quot;&quot;,&quot;isLinked&quot;:true},&quot;element_pack_global_tooltip_border_radius_tablet&quot;:{&quot;unit&quot;:&quot;px&quot;,&quot;top&quot;:&quot;&quot;,&quot;right&quot;:&quot;&quot;,&quot;bottom&quot;:&quot;&quot;,&quot;left&quot;:&quot;&quot;,&quot;isLinked&quot;:true},&quot;element_pack_global_tooltip_border_radius_mobile&quot;:{&quot;unit&quot;:&quot;px&quot;,&quot;top&quot;:&quot;&quot;,&quot;right&quot;:&quot;&quot;,&quot;bottom&quot;:&quot;&quot;,&quot;left&quot;:&quot;&quot;,&quot;isLinked&quot;:true}}\" data-elementor-post-type=\"page\">\n\t\t\t\t<div class=\"elementor-element elementor-element-0c25459 e-flex e-con-boxed e-con e-parent\" data-id=\"0c25459\" data-element_type=\"container\" data-settings=\"{&quot;background_background&quot;:&quot;classic&quot;}\">\n\t\t\t\t\t<div class=\"e-con-inner\">\n\t\t\t\t<div class=\"elementor-element elementor-element-c107f7f elementor-widget elementor-widget-text-editor\" data-id=\"c107f7f\" data-element_type=\"widget\" data-widget_type=\"text-editor.default\">\n\t\t\t\t<div class=\"elementor-widget-container\">\n\t\t\t\t\t\t\t\t\t<h2 data-pm-slice=\"1 3 []\">\u00bfPor qu\u00e9 elegir nuestra financiaci\u00f3n inmobiliaria?<\/h2><p>Somos un grupo de inversionistas especializados en la <strong>Financiaci\u00f3n de proyectos inmobiliarios<\/strong>. Ya sea usted un desarrollador, un inversor o una empresa, le ofrecemos: <strong>los recursos financieros necesarios<\/strong> Para hacer realidad tu proyecto. Gracias a nuestras soluciones flexibles y a nuestra <strong>Tarifa ventajosa<\/strong>, facilitamos el acceso a financiaci\u00f3n para maximizar su rentabilidad y asegurar su inversi\u00f3n.<\/p><p>Nuestra misi\u00f3n: <strong>Te acompa\u00f1amos en cada etapa<\/strong>, desde la planificaci\u00f3n financiera hasta la finalizaci\u00f3n de su proyecto inmobiliario.<\/p><h2>Nuestras soluciones de financiaci\u00f3n inmobiliaria<\/h2><h3>\ud83c\udfe1 <strong>Financiamiento de Bienes Ra\u00edces Residenciales<\/strong><\/h3><p>Financiamos la adquisici\u00f3n y construcci\u00f3n de inmuebles residenciales destinados al alquiler o reventa.<\/p><p><strong>Nuestras ofertas de financiaci\u00f3n:<\/strong><\/p><ul data-spread=\"false\"><li><p>Adquisici\u00f3n de residencias primarias y secundarias<\/p><\/li><li><p>Desarrollo de programas inmobiliarios residenciales<\/p><\/li><li><p>Financiaci\u00f3n de proyectos de alquiler<\/p><\/li><\/ul><h3>\ud83c\udfe2 <strong>Financiamiento de Bienes Ra\u00edces Comerciales<\/strong><\/h3><p>Oficinas, locales comerciales y centros de negocios requieren de una financiaci\u00f3n adaptada a su desarrollo. Ofrecemos soluciones de financiaci\u00f3n a medida para estos activos estrat\u00e9gicos.<\/p><p><strong>Nuestras ofertas de financiaci\u00f3n:<\/strong><\/p><ul data-spread=\"false\"><li><p>Adquisici\u00f3n y construcci\u00f3n de oficinas y locales comerciales.<\/p><\/li><li><p>Financiaci\u00f3n de espacios de coworking y centros comerciales<\/p><\/li><li><p>Apoyo a las empresas en sus necesidades de locales profesionales<\/p><\/li><\/ul><h3>\ud83c\udfe0 <strong>Financiamiento de propiedades en alquiler<\/strong><\/h3><p>Apoyamos a los inversores en la adquisici\u00f3n y gesti\u00f3n de inmuebles destinados al alquiler.<\/p><p><strong>Nuestras ofertas de financiaci\u00f3n:<\/strong><\/p><ul data-spread=\"false\"><li><p>Inversi\u00f3n en alquiler amueblado (LMNP)<\/p><\/li><li><p>Participaci\u00f3n en SCPI (Sociedades de Inversi\u00f3n Inmobiliaria)<\/p><\/li><li><p>Financiaci\u00f3n de residencias de estudiantes y mayores<\/p><\/li><\/ul><h3>\ud83c\udfe1 <strong>Bienes ra\u00edces de lujo<\/strong><\/h3><p>Financiamos la adquisici\u00f3n de propiedades excepcionales y proyectos de alto nivel para inversores que deseen posicionarse en el mercado de prestigio.<\/p><p><strong>Nuestras ofertas de financiaci\u00f3n:<\/strong><\/p><ul data-spread=\"false\"><li><p>Adquisici\u00f3n de villas y propiedades de prestigio<\/p><\/li><li><p>Financiaci\u00f3n de proyectos inmobiliarios exclusivos<\/p><\/li><li><p>Inversi\u00f3n en hoteles de lujo<\/p><\/li><\/ul><h3>\ud83c\udfd7 <strong>Financiaci\u00f3n de inmuebles Crowdfunding<\/strong><\/h3><p>Permitimos a los inversores participar en <strong>proyectos de desarrollo inmobiliario<\/strong> mediante la financiaci\u00f3n de plataformas y la estructuraci\u00f3n de la captaci\u00f3n de fondos.<\/p><p><strong>Nuestras ofertas de financiaci\u00f3n:<\/strong><\/p><ul data-spread=\"false\"><li><p>Crowdfunding de programas residenciales o comerciales<\/p><\/li><li><p>Apoyo a promotores inmobiliarios<\/p><\/li><li><p>Desarrollo de plataformas de crowdfunding inmobiliario<\/p><\/li><\/ul><h3>\ud83c\udfda <strong>Renovaci\u00f3n y rehabilitaci\u00f3n urbana<\/strong><\/h3><p>Financiamos proyectos de reforma para poner en valor inmuebles antiguos y optimizar su rentabilidad.<\/p><p><strong>Nuestras ofertas de financiaci\u00f3n:<\/strong><\/p><ul data-spread=\"false\"><li><p>Rehabilitaci\u00f3n de edificios hist\u00f3ricos y antiguos<\/p><\/li><li><p>Financiaci\u00f3n de obras de mejora energ\u00e9tica<\/p><\/li><li><p>Transformaci\u00f3n de espacios en viviendas o negocios<\/p><\/li><\/ul><h3>\ud83c\udfe0 <strong>Financiaci\u00f3n de coliving y coworking<\/strong><\/h3><p>Las nuevas tendencias en el mercado inmobiliario requieren de una financiaci\u00f3n adecuada. Apoyamos a los inversores en estos sectores de alto crecimiento.<\/p><p><strong>Nuestras ofertas de financiaci\u00f3n:<\/strong><\/p><ul data-spread=\"false\"><li><p>Desarrollo de espacios de convivencia<\/p><\/li><li><p>Creaci\u00f3n y ampliaci\u00f3n de espacios de coworking<\/p><\/li><li><p>Financiaci\u00f3n de viviendas compartidas y nuevas formas de vivienda<\/p><\/li><\/ul>\t\t\t\t\t\t\t\t<\/div>\n\t\t\t\t<\/div>\n\t\t\t\t\t<\/div>\n\t\t\t\t<\/div>\n\t\t<div class=\"elementor-element elementor-element-1a09db9 e-flex e-con-boxed elementor-invisible e-con e-parent\" data-id=\"1a09db9\" data-element_type=\"container\" data-settings=\"{&quot;background_background&quot;:&quot;classic&quot;,&quot;animation&quot;:&quot;fadeInUp&quot;}\">\n\t\t\t\t\t<div class=\"e-con-inner\">\n\t\t\t\t<div class=\"elementor-element elementor-element-dcd083a elementor-widget elementor-widget-text-editor\" data-id=\"dcd083a\" data-element_type=\"widget\" data-widget_type=\"text-editor.default\">\n\t\t\t\t<div class=\"elementor-widget-container\">\n\t\t\t\t\t\t\t\t\t<h2 data-pm-slice=\"1 1 []\">Seguridad y flexibilidad de nuestra financiaci\u00f3n<\/h2><p>Ofrecemos soluciones de financiaci\u00f3n a la medida de cada proyecto inmobiliario, con condiciones favorables para optimizar la rentabilidad.<\/p><h3><strong>Nuestras soluciones de financiaci\u00f3n:<\/strong><\/h3><p>\u2705 <strong>Pr\u00e9stamos hipotecarios con tasas competitivas<\/strong> \u2705 <strong>L\u00edneas de cr\u00e9dito para promotores e inversores<\/strong> \u2705 <strong>Soluciones de financiaci\u00f3n colectiva<\/strong> \u2705 <strong>Apoyo y asesoramiento para maximizar el rendimiento<\/strong><\/p>\t\t\t\t\t\t\t\t<\/div>\n\t\t\t\t<\/div>\n\t\t\t\t\t<\/div>\n\t\t\t\t<\/div>\n\t\t<div class=\"elementor-element elementor-element-7f9a000 e-flex e-con-boxed elementor-invisible e-con e-parent\" data-id=\"7f9a000\" data-element_type=\"container\" data-settings=\"{&quot;background_background&quot;:&quot;classic&quot;,&quot;animation&quot;:&quot;fadeInUp&quot;}\">\n\t\t\t\t\t<div class=\"e-con-inner\">\n\t\t\t\t<div class=\"elementor-element elementor-element-af0010e elementor-widget elementor-widget-text-editor\" data-id=\"af0010e\" data-element_type=\"widget\" data-widget_type=\"text-editor.default\">\n\t\t\t\t<div class=\"elementor-widget-container\">\n\t\t\t\t\t\t\t\t\t<h2 data-pm-slice=\"1 3 []\"><span style=\"color: #ffffff;\">\u00bfQui\u00e9n puede beneficiarse de nuestra financiaci\u00f3n?<\/span><\/h2><h3><span style=\"color: #ffffff;\">Particulares e inversores privados<\/span><\/h3><ul data-spread=\"false\"><li><p><span style=\"color: #ffffff;\">Adquisici\u00f3n de residencias primarias y secundarias<\/span><\/p><\/li><li><p><span style=\"color: #ffffff;\">Financiaci\u00f3n de proyectos de alquiler<\/span><\/p><\/li><li><p><span style=\"color: #ffffff;\">Acceso a SCPI y otros productos inmobiliarios<\/span><\/p><\/li><\/ul><h3><span style=\"color: #ffffff;\">Promotores y empresas<\/span><\/h3><ul data-spread=\"false\"><li><p><span style=\"color: #ffffff;\">Desarrollo de programas inmobiliarios<\/span><\/p><\/li><li><p><span style=\"color: #ffffff;\">Financiaci\u00f3n de oficinas y locales comerciales<\/span><\/p><\/li><li><p><span style=\"color: #ffffff;\">Rehabilitaci\u00f3n y urbanismo<\/span><\/p><\/li><\/ul>\t\t\t\t\t\t\t\t<\/div>\n\t\t\t\t<\/div>\n\t\t\t\t\t<\/div>\n\t\t\t\t<\/div>\n\t\t<div class=\"elementor-element elementor-element-9751160 e-flex e-con-boxed elementor-invisible e-con e-parent\" data-id=\"9751160\" data-element_type=\"container\" data-settings=\"{&quot;background_background&quot;:&quot;classic&quot;,&quot;animation&quot;:&quot;fadeInUp&quot;}\">\n\t\t\t\t\t<div class=\"e-con-inner\">\n\t\t\t\t<div class=\"elementor-element elementor-element-fbedcbb elementor-widget elementor-widget-text-editor\" data-id=\"fbedcbb\" data-element_type=\"widget\" data-widget_type=\"text-editor.default\">\n\t\t\t\t<div class=\"elementor-widget-container\">\n\t\t\t\t\t\t\t\t\t<h2 data-pm-slice=\"1 1 []\">\u00bfPor qu\u00e9 financiar tu proyecto con nosotros?<\/h2><p>Nosotros proporcionamos <strong>Soluciones a medida<\/strong> para cada proyecto inmobiliario, garantizando <strong>Tarifa ventajosa<\/strong> y uno <strong>soporte personalizado<\/strong> para optimizar la rentabilidad.<\/p><h3>Nuestras ventajas:<\/h3><p>\u2705 <strong>Acceso a financiaci\u00f3n adecuada<\/strong> \u2705 <strong>Tarifas flexibles y competitivas<\/strong> \u2705 <strong>Apoyo estrat\u00e9gico y legal<\/strong> \u2705 <strong>Proceso r\u00e1pido y simplificado<\/strong><\/p>\t\t\t\t\t\t\t\t<\/div>\n\t\t\t\t<\/div>\n\t\t\t\t\t<\/div>\n\t\t\t\t<\/div>\n\t\t<div class=\"elementor-element elementor-element-88749ff e-flex e-con-boxed elementor-invisible e-con e-parent\" data-id=\"88749ff\" data-element_type=\"container\" data-settings=\"{&quot;background_background&quot;:&quot;classic&quot;,&quot;animation&quot;:&quot;fadeInUp&quot;}\">\n\t\t\t\t\t<div class=\"e-con-inner\">\n\t\t\t\t<div class=\"elementor-element elementor-element-7ac630f elementor-widget elementor-widget-heading\" data-id=\"7ac630f\" data-element_type=\"widget\" data-widget_type=\"heading.default\">\n\t\t\t\t<div class=\"elementor-widget-container\">\n\t\t\t\t\t<h2 class=\"elementor-heading-title elementor-size-default\">\u00a1Obtenga su financiamiento hoy!<\/h2>\t\t\t\t<\/div>\n\t\t\t\t<\/div>\n\t\t\t\t<div class=\"elementor-element elementor-element-282e83b elementor-widget elementor-widget-text-editor\" data-id=\"282e83b\" data-element_type=\"widget\" data-widget_type=\"text-editor.default\">\n\t\t\t\t<div class=\"elementor-widget-container\">\n\t\t\t\t\t\t\t\t\t<p data-pm-slice=\"1 1 []\">Financia tu proyecto inmobiliario con condiciones \u00f3ptimas y acompa\u00f1amiento personalizado.<\/p>\t\t\t\t\t\t\t\t<\/div>\n\t\t\t\t<\/div>\n\t\t\t\t<div class=\"elementor-element elementor-element-243bd4e elementor-align-center elementor-widget elementor-widget-button\" data-id=\"243bd4e\" data-element_type=\"widget\" data-widget_type=\"button.default\">\n\t\t\t\t<div class=\"elementor-widget-container\">\n\t\t\t\t\t\t\t\t\t<div class=\"elementor-button-wrapper\">\n\t\t\t\t\t<a class=\"elementor-button elementor-button-link elementor-size-sm\" href=\"https:\/\/flexifinanz.com\/es\/demander-un-financement\/\">\n\t\t\t\t\t\t<span class=\"elementor-button-content-wrapper\">\n\t\t\t\t\t\t<span class=\"elementor-button-icon\">\n\t\t\t\t<svg aria-hidden=\"true\" class=\"e-font-icon-svg e-fas-arrow-right\" viewbox=\"0 0 448 512\" xmlns=\"http:\/\/www.w3.org\/2000\/svg\"><path d=\"M190.5 66.9l22.2-22.2c9.4-9.4 24.6-9.4 33.9 0L441 239c9.4 9.4 9.4 24.6 0 33.9L246.6 467.3c-9.4 9.4-24.6 9.4-33.9 0l-22.2-22.2c-9.5-9.5-9.3-25 .4-34.3L311.4 296H24c-13.3 0-24-10.7-24-24v-32c0-13.3 10.7-24 24-24h287.4L190.9 101.2c-9.8-9.3-10-24.8-.4-34.3z\"><\/path><\/svg>\t\t\t<\/span>\n\t\t\t\t\t\t\t\t\t<span class=\"elementor-button-text\">Solicitar financiaci\u00f3n<\/span>\n\t\t\t\t\t<\/span>\n\t\t\t\t\t<\/a>\n\t\t\t\t<\/div>\n\t\t\t\t\t\t\t\t<\/div>\n\t\t\t\t<\/div>\n\t\t\t\t\t<\/div>\n\t\t\t\t<\/div>\n\t\t\t\t<\/div>","protected":false},"excerpt":{"rendered":"<p>Pourquoi choisir notre financement immobilier ? Nous sommes un groupe d\u2019investisseurs sp\u00e9cialis\u00e9s dans le financement de projets immobiliers. Que vous soyez un [&hellip;]<\/p>","protected":false},"author":1,"featured_media":930,"parent":192,"menu_order":0,"comment_status":"closed","ping_status":"closed","template":"","meta":{"om_disable_all_campaigns":false,"_monsterinsights_skip_tracking":false,"_monsterinsights_sitenote_active":false,"_monsterinsights_sitenote_note":"","_monsterinsights_sitenote_category":0,"footnotes":""},"class_list":["post-124","page","type-page","status-publish","has-post-thumbnail","hentry"],"aioseo_notices":[],"_links":{"self":[{"href":"https:\/\/flexifinanz.com\/es\/wp-json\/wp\/v2\/pages\/124","targetHints":{"allow":["GET"]}}],"collection":[{"href":"https:\/\/flexifinanz.com\/es\/wp-json\/wp\/v2\/pages"}],"about":[{"href":"https:\/\/flexifinanz.com\/es\/wp-json\/wp\/v2\/types\/page"}],"author":[{"embeddable":true,"href":"https:\/\/flexifinanz.com\/es\/wp-json\/wp\/v2\/users\/1"}],"replies":[{"embeddable":true,"href":"https:\/\/flexifinanz.com\/es\/wp-json\/wp\/v2\/comments?post=124"}],"version-history":[{"count":0,"href":"https:\/\/flexifinanz.com\/es\/wp-json\/wp\/v2\/pages\/124\/revisions"}],"up":[{"embeddable":true,"href":"https:\/\/flexifinanz.com\/es\/wp-json\/wp\/v2\/pages\/192"}],"wp:featuredmedia":[{"embeddable":true,"href":"https:\/\/flexifinanz.com\/es\/wp-json\/wp\/v2\/media\/930"}],"wp:attachment":[{"href":"https:\/\/flexifinanz.com\/es\/wp-json\/wp\/v2\/media?parent=124"}],"curies":[{"name":"wp","href":"https:\/\/api.w.org\/{rel}","templated":true}]}}