{"id":115,"date":"2025-02-20T13:29:50","date_gmt":"2025-02-20T12:29:50","guid":{"rendered":"https:\/\/flexifinanz.com\/?page_id=115"},"modified":"2025-02-25T18:45:36","modified_gmt":"2025-02-25T17:45:36","slug":"invertir-en-tecnologia-e-innovacion","status":"publish","type":"page","link":"https:\/\/flexifinanz.com\/es\/financiacion-por-duracion\/invertir-en-tecnologia-e-innovacion\/","title":{"rendered":"Financiaci\u00f3n de la tecnolog\u00eda y la innovaci\u00f3n: oportunidades y beneficios"},"content":{"rendered":"<div data-elementor-type=\"wp-page\" data-elementor-id=\"115\" class=\"elementor elementor-115\" data-elementor-settings=\"{&quot;element_pack_global_tooltip_width&quot;:{&quot;unit&quot;:&quot;px&quot;,&quot;size&quot;:&quot;&quot;,&quot;sizes&quot;:[]},&quot;element_pack_global_tooltip_width_tablet&quot;:{&quot;unit&quot;:&quot;px&quot;,&quot;size&quot;:&quot;&quot;,&quot;sizes&quot;:[]},&quot;element_pack_global_tooltip_width_mobile&quot;:{&quot;unit&quot;:&quot;px&quot;,&quot;size&quot;:&quot;&quot;,&quot;sizes&quot;:[]},&quot;element_pack_global_tooltip_padding&quot;:{&quot;unit&quot;:&quot;px&quot;,&quot;top&quot;:&quot;&quot;,&quot;right&quot;:&quot;&quot;,&quot;bottom&quot;:&quot;&quot;,&quot;left&quot;:&quot;&quot;,&quot;isLinked&quot;:true},&quot;element_pack_global_tooltip_padding_tablet&quot;:{&quot;unit&quot;:&quot;px&quot;,&quot;top&quot;:&quot;&quot;,&quot;right&quot;:&quot;&quot;,&quot;bottom&quot;:&quot;&quot;,&quot;left&quot;:&quot;&quot;,&quot;isLinked&quot;:true},&quot;element_pack_global_tooltip_padding_mobile&quot;:{&quot;unit&quot;:&quot;px&quot;,&quot;top&quot;:&quot;&quot;,&quot;right&quot;:&quot;&quot;,&quot;bottom&quot;:&quot;&quot;,&quot;left&quot;:&quot;&quot;,&quot;isLinked&quot;:true},&quot;element_pack_global_tooltip_border_radius&quot;:{&quot;unit&quot;:&quot;px&quot;,&quot;top&quot;:&quot;&quot;,&quot;right&quot;:&quot;&quot;,&quot;bottom&quot;:&quot;&quot;,&quot;left&quot;:&quot;&quot;,&quot;isLinked&quot;:true},&quot;element_pack_global_tooltip_border_radius_tablet&quot;:{&quot;unit&quot;:&quot;px&quot;,&quot;top&quot;:&quot;&quot;,&quot;right&quot;:&quot;&quot;,&quot;bottom&quot;:&quot;&quot;,&quot;left&quot;:&quot;&quot;,&quot;isLinked&quot;:true},&quot;element_pack_global_tooltip_border_radius_mobile&quot;:{&quot;unit&quot;:&quot;px&quot;,&quot;top&quot;:&quot;&quot;,&quot;right&quot;:&quot;&quot;,&quot;bottom&quot;:&quot;&quot;,&quot;left&quot;:&quot;&quot;,&quot;isLinked&quot;:true}}\" data-elementor-post-type=\"page\">\n\t\t\t\t<div class=\"elementor-element elementor-element-6c74d54 e-flex e-con-boxed e-con e-parent\" data-id=\"6c74d54\" data-element_type=\"container\" data-settings=\"{&quot;background_background&quot;:&quot;classic&quot;}\">\n\t\t\t\t\t<div class=\"e-con-inner\">\n\t\t\t\t<div class=\"elementor-element elementor-element-cfeed54 elementor-widget elementor-widget-text-editor\" data-id=\"cfeed54\" data-element_type=\"widget\" data-widget_type=\"text-editor.default\">\n\t\t\t\t<div class=\"elementor-widget-container\">\n\t\t\t\t\t\t\t\t\t<h2 data-pm-slice=\"1 3 []\">\u00bfPor qu\u00e9 financiar la tecnolog\u00eda y la innovaci\u00f3n?<\/h2><p>La industria tecnol\u00f3gica est\u00e1 en constante evoluci\u00f3n y es uno de los sectores m\u00e1s prometedores para emprendedores y empresas. Con los avances constantes en inteligencia artificial, ciberseguridad, blockchain y MedTech, existen numerosas oportunidades para desarrollar proyectos a gran escala y generar importantes retornos financieros.<\/p><p>La innovaci\u00f3n tecnol\u00f3gica afecta por igual a empresas, gobiernos y consumidores, lo que la convierte en un campo ideal para los l\u00edderes de proyectos que buscan innovar y crecer r\u00e1pidamente. A trav\u00e9s de nuestra financiaci\u00f3n, permitimos a las empresas acceder a los recursos necesarios para acelerar su desarrollo y hacer realidad sus ambiciones tecnol\u00f3gicas.<\/p><h2>Oportunidades de financiaci\u00f3n en tecnolog\u00eda e innovaci\u00f3n<\/h2><h3>1. Inteligencia artificial (IA)<\/h3><p>La IA est\u00e1 transformando industrias enteras, desde la atenci\u00f3n m\u00e9dica hasta las finanzas y la fabricaci\u00f3n. Nuestras soluciones de financiaci\u00f3n permiten a las empresas desarrollar e integrar tecnolog\u00edas de IA avanzadas.<\/p><p><strong>Ejemplos de financiaci\u00f3n:<\/strong><\/p><ul data-spread=\"false\"><li><p>Startups especializadas en aprendizaje autom\u00e1tico y aprendizaje profundo<\/p><\/li><li><p>Software de automatizaci\u00f3n de procesos (RPA)<\/p><\/li><li><p>Sistemas de IA aplicados a la ciberseguridad<\/p><\/li><\/ul><h3>2. Ciberseguridad<\/h3><p>Con el aumento de los ciberataques, la seguridad digital se ha convertido en una prioridad para las empresas y los gobiernos. Apoyamos a las empresas en la implementaci\u00f3n de soluciones robustas de ciberseguridad.<\/p><p><strong>Ejemplos de financiaci\u00f3n:<\/strong><\/p><ul data-spread=\"false\"><li><p>Soluciones de autenticaci\u00f3n y protecci\u00f3n de datos<\/p><\/li><li><p>Inteligencia artificial aplicada a la detecci\u00f3n de ciberamenazas<\/p><\/li><li><p>Empresas de an\u00e1lisis y prevenci\u00f3n de ataques inform\u00e1ticos<\/p><\/li><\/ul><h3>3. Blockchain y criptomonedas<\/h3><p>Blockchain es mucho m\u00e1s que una tecnolog\u00eda que respalda las criptomonedas; Permite la creaci\u00f3n de sistemas de transacciones seguros, transparentes y descentralizados. Financiamos empresas innovadoras en este campo.<\/p><p><strong>Ejemplos de financiaci\u00f3n:<\/strong><\/p><ul data-spread=\"false\"><li><p>Proyectos DeFi (finanzas descentralizadas)<\/p><\/li><li><p>Plataformas de intercambio de criptomonedas<\/p><\/li><li><p>Empresas que desarrollan soluciones blockchain para el sector bancario<\/p><\/li><\/ul><h3>4. FinTech (Tecnolog\u00edas financieras)<\/h3><p>Las empresas FinTech est\u00e1n modernizando los servicios bancarios y de pago, facilitando las transacciones digitales y el acceso a los servicios financieros. Nuestra financiaci\u00f3n permite a las FinTechs crecer e innovar r\u00e1pidamente.<\/p><p><strong>Ejemplos de financiaci\u00f3n:<\/strong><\/p><ul data-spread=\"false\"><li><p>Neobancos y servicios bancarios digitales<\/p><\/li><li><p>Plataformas de pr\u00e9stamos y financiaci\u00f3n colectiva<\/p><\/li><li><p>Soluciones de pago m\u00f3vil y monederos electr\u00f3nicos<\/p><\/li><\/ul><h3>5. EdTech (Tecnolog\u00edas Educativas)<\/h3><p>La educaci\u00f3n digital est\u00e1 en auge con el aumento de las plataformas de aprendizaje en l\u00ednea y las herramientas de ense\u00f1anza interactivas. Apoyamos a las empresas que est\u00e1n revolucionando este sector.<\/p><p><strong>Ejemplos de financiaci\u00f3n:<\/strong><\/p><ul data-spread=\"false\"><li><p>Empresas emergentes de formaci\u00f3n online y MOOC<\/p><\/li><li><p>Inteligencia artificial aplicada a la educaci\u00f3n<\/p><\/li><li><p>Soluciones de realidad virtual para la educaci\u00f3n<\/p><\/li><\/ul><h3>6. Tecnolog\u00eda m\u00e9dica y biotecnolog\u00eda<\/h3><p>Las innovaciones tecnol\u00f3gicas en el \u00e1mbito de la salud permiten mejorar el diagn\u00f3stico, los tratamientos y la gesti\u00f3n de los datos m\u00e9dicos. Financiamos empresas que desarrollan estos avances m\u00e9dicos.<\/p><p><strong>Ejemplos de financiaci\u00f3n:<\/strong><\/p><ul data-spread=\"false\"><li><p>Inteligencia artificial aplicada a la medicina<\/p><\/li><li><p>Desarrollo de dispositivos m\u00e9dicos conectados<\/p><\/li><li><p>Biotecnolog\u00edas aplicadas a tratamientos innovadores<\/p><\/li><\/ul>\t\t\t\t\t\t\t\t<\/div>\n\t\t\t\t<\/div>\n\t\t\t\t\t<\/div>\n\t\t\t\t<\/div>\n\t\t<div class=\"elementor-element elementor-element-dd4e551 e-flex e-con-boxed elementor-invisible e-con e-parent\" data-id=\"dd4e551\" data-element_type=\"container\" data-settings=\"{&quot;background_background&quot;:&quot;classic&quot;,&quot;animation&quot;:&quot;fadeInUp&quot;}\">\n\t\t\t\t\t<div class=\"e-con-inner\">\n\t\t\t\t<div class=\"elementor-element elementor-element-f87f72a elementor-widget elementor-widget-text-editor\" data-id=\"f87f72a\" data-element_type=\"widget\" data-widget_type=\"text-editor.default\">\n\t\t\t\t<div class=\"elementor-widget-container\">\n\t\t\t\t\t\t\t\t\t<h2 data-pm-slice=\"1 3 []\">Seguridad y flexibilidad de nuestra financiaci\u00f3n<\/h2><p>Entendemos los desaf\u00edos de financiar proyectos tecnol\u00f3gicos. Por eso ofrecemos soluciones adaptadas a las necesidades de las empresas innovadoras, con <strong>Tarifas competitivas y condiciones flexibles<\/strong>.<\/p><h3><strong>Tipos de financiaci\u00f3n disponibles:<\/strong><\/h3><ul data-spread=\"false\"><li><p><strong>Financiaci\u00f3n r\u00e1pida<\/strong> para necesidades inmediatas de flujo de efectivo<\/p><\/li><li><p><strong>L\u00edneas de cr\u00e9dito para tecnolog\u00eda<\/strong> Para apoyar el crecimiento<\/p><\/li><li><p><strong>Inversi\u00f3n en capital de riesgo o de capital de riesgo<\/strong><\/p><\/li><\/ul>\t\t\t\t\t\t\t\t<\/div>\n\t\t\t\t<\/div>\n\t\t\t\t\t<\/div>\n\t\t\t\t<\/div>\n\t\t<div class=\"elementor-element elementor-element-41884f1 e-flex e-con-boxed elementor-invisible e-con e-parent\" data-id=\"41884f1\" data-element_type=\"container\" data-settings=\"{&quot;background_background&quot;:&quot;classic&quot;,&quot;animation&quot;:&quot;fadeInUp&quot;}\">\n\t\t\t\t\t<div class=\"e-con-inner\">\n\t\t\t\t<div class=\"elementor-element elementor-element-6277d22 elementor-widget elementor-widget-text-editor\" data-id=\"6277d22\" data-element_type=\"widget\" data-widget_type=\"text-editor.default\">\n\t\t\t\t<div class=\"elementor-widget-container\">\n\t\t\t\t\t\t\t\t\t<h2 data-pm-slice=\"1 3 []\"><span style=\"color: #ffffff;\">\u00bfQui\u00e9n puede beneficiarse de nuestra financiaci\u00f3n?<\/span><\/h2><h3><span style=\"color: #ffffff;\">Empresas emergentes y tecnol\u00f3gicas<\/span><\/h3><ul data-spread=\"false\"><li><p><span style=\"color: #ffffff;\">Acelerando el desarrollo de productos<\/span><\/p><\/li><li><p><span style=\"color: #ffffff;\">Expansi\u00f3n y crecimiento internacional<\/span><\/p><\/li><li><p><span style=\"color: #ffffff;\">Fortalecimiento de la infraestructura digital<\/span><\/p><\/li><\/ul><h3><span style=\"color: #ffffff;\">Profesionales y grandes empresas<\/span><\/h3><ul data-spread=\"false\"><li><p><span style=\"color: #ffffff;\">Modernizaci\u00f3n de procesos industriales<\/span><\/p><\/li><li><p><span style=\"color: #ffffff;\">Integraci\u00f3n de nuevas tecnolog\u00edas en actividades existentes<\/span><\/p><\/li><li><p><span style=\"color: #ffffff;\">Desarrollo de soluciones SaaS y plataformas digitales<\/span><\/p><\/li><\/ul>\t\t\t\t\t\t\t\t<\/div>\n\t\t\t\t<\/div>\n\t\t\t\t\t<\/div>\n\t\t\t\t<\/div>\n\t\t<div class=\"elementor-element elementor-element-932598e e-flex e-con-boxed elementor-invisible e-con e-parent\" data-id=\"932598e\" data-element_type=\"container\" data-settings=\"{&quot;background_background&quot;:&quot;classic&quot;,&quot;animation&quot;:&quot;fadeInUp&quot;}\">\n\t\t\t\t\t<div class=\"e-con-inner\">\n\t\t\t\t<div class=\"elementor-element elementor-element-fd19a8f elementor-widget elementor-widget-text-editor\" data-id=\"fd19a8f\" data-element_type=\"widget\" data-widget_type=\"text-editor.default\">\n\t\t\t\t<div class=\"elementor-widget-container\">\n\t\t\t\t\t\t\t\t\t<h2 data-pm-slice=\"1 1 []\">\u00bfPor qu\u00e9 elegir nuestro grupo de financiaci\u00f3n?<\/h2><p>Ofrecemos soluciones de financiaci\u00f3n adaptadas a cada proyecto tecnol\u00f3gico, garantizando apoyo estrat\u00e9gico y condiciones optimizadas para un r\u00e1pido crecimiento.<\/p><h3>Nuestras ventajas:<\/h3><p>\u2705 <strong>Acceso a financiaci\u00f3n a medida<\/strong> \u2705 <strong>Tasas de reembolso competitivas y flexibles<\/strong> \u2705 <strong>Apoyo estrat\u00e9gico y networking con expertos<\/strong> \u2705 <strong>Proceso simplificado y r\u00e1pido<\/strong><\/p>\t\t\t\t\t\t\t\t<\/div>\n\t\t\t\t<\/div>\n\t\t\t\t\t<\/div>\n\t\t\t\t<\/div>\n\t\t<div class=\"elementor-element elementor-element-4ddc2db e-flex e-con-boxed elementor-invisible e-con e-parent\" data-id=\"4ddc2db\" data-element_type=\"container\" data-settings=\"{&quot;background_background&quot;:&quot;classic&quot;,&quot;animation&quot;:&quot;fadeInUp&quot;}\">\n\t\t\t\t\t<div class=\"e-con-inner\">\n\t\t\t\t<div class=\"elementor-element elementor-element-2e2cf90 elementor-widget elementor-widget-heading\" data-id=\"2e2cf90\" data-element_type=\"widget\" data-widget_type=\"heading.default\">\n\t\t\t\t<div class=\"elementor-widget-container\">\n\t\t\t\t\t<h2 class=\"elementor-heading-title elementor-size-default\">\u00a1Obtenga su financiamiento hoy!<\/h2>\t\t\t\t<\/div>\n\t\t\t\t<\/div>\n\t\t\t\t<div class=\"elementor-element elementor-element-5f955b3 elementor-widget elementor-widget-text-editor\" data-id=\"5f955b3\" data-element_type=\"widget\" data-widget_type=\"text-editor.default\">\n\t\t\t\t<div class=\"elementor-widget-container\">\n\t\t\t\t\t\t\t\t\t<p data-pm-slice=\"1 1 []\">Acelera tu proyecto tecnol\u00f3gico benefici\u00e1ndote de una financiaci\u00f3n adaptada a tus necesidades.<\/p>\t\t\t\t\t\t\t\t<\/div>\n\t\t\t\t<\/div>\n\t\t\t\t<div class=\"elementor-element elementor-element-9502ba8 elementor-align-center elementor-widget elementor-widget-button\" data-id=\"9502ba8\" data-element_type=\"widget\" data-widget_type=\"button.default\">\n\t\t\t\t<div class=\"elementor-widget-container\">\n\t\t\t\t\t\t\t\t\t<div class=\"elementor-button-wrapper\">\n\t\t\t\t\t<a class=\"elementor-button elementor-button-link elementor-size-sm\" href=\"https:\/\/flexifinanz.com\/es\/demander-un-financement\/\">\n\t\t\t\t\t\t<span class=\"elementor-button-content-wrapper\">\n\t\t\t\t\t\t<span class=\"elementor-button-icon\">\n\t\t\t\t<svg aria-hidden=\"true\" class=\"e-font-icon-svg e-fas-arrow-right\" viewbox=\"0 0 448 512\" xmlns=\"http:\/\/www.w3.org\/2000\/svg\"><path d=\"M190.5 66.9l22.2-22.2c9.4-9.4 24.6-9.4 33.9 0L441 239c9.4 9.4 9.4 24.6 0 33.9L246.6 467.3c-9.4 9.4-24.6 9.4-33.9 0l-22.2-22.2c-9.5-9.5-9.3-25 .4-34.3L311.4 296H24c-13.3 0-24-10.7-24-24v-32c0-13.3 10.7-24 24-24h287.4L190.9 101.2c-9.8-9.3-10-24.8-.4-34.3z\"><\/path><\/svg>\t\t\t<\/span>\n\t\t\t\t\t\t\t\t\t<span class=\"elementor-button-text\">Solicitar financiaci\u00f3n<\/span>\n\t\t\t\t\t<\/span>\n\t\t\t\t\t<\/a>\n\t\t\t\t<\/div>\n\t\t\t\t\t\t\t\t<\/div>\n\t\t\t\t<\/div>\n\t\t\t\t\t<\/div>\n\t\t\t\t<\/div>\n\t\t\t\t<\/div>","protected":false},"excerpt":{"rendered":"<p>Pourquoi financer la technologie et l&rsquo;innovation ? L&rsquo;industrie technologique est en perp\u00e9tuelle \u00e9volution et constitue l&rsquo;un des secteurs les plus porteurs pour [&hellip;]<\/p>","protected":false},"author":1,"featured_media":329,"parent":192,"menu_order":0,"comment_status":"closed","ping_status":"closed","template":"","meta":{"om_disable_all_campaigns":false,"_monsterinsights_skip_tracking":false,"_monsterinsights_sitenote_active":false,"_monsterinsights_sitenote_note":"","_monsterinsights_sitenote_category":0,"footnotes":""},"class_list":["post-115","page","type-page","status-publish","has-post-thumbnail","hentry"],"aioseo_notices":[],"_links":{"self":[{"href":"https:\/\/flexifinanz.com\/es\/wp-json\/wp\/v2\/pages\/115","targetHints":{"allow":["GET"]}}],"collection":[{"href":"https:\/\/flexifinanz.com\/es\/wp-json\/wp\/v2\/pages"}],"about":[{"href":"https:\/\/flexifinanz.com\/es\/wp-json\/wp\/v2\/types\/page"}],"author":[{"embeddable":true,"href":"https:\/\/flexifinanz.com\/es\/wp-json\/wp\/v2\/users\/1"}],"replies":[{"embeddable":true,"href":"https:\/\/flexifinanz.com\/es\/wp-json\/wp\/v2\/comments?post=115"}],"version-history":[{"count":0,"href":"https:\/\/flexifinanz.com\/es\/wp-json\/wp\/v2\/pages\/115\/revisions"}],"up":[{"embeddable":true,"href":"https:\/\/flexifinanz.com\/es\/wp-json\/wp\/v2\/pages\/192"}],"wp:featuredmedia":[{"embeddable":true,"href":"https:\/\/flexifinanz.com\/es\/wp-json\/wp\/v2\/media\/329"}],"wp:attachment":[{"href":"https:\/\/flexifinanz.com\/es\/wp-json\/wp\/v2\/media?parent=115"}],"curies":[{"name":"wp","href":"https:\/\/api.w.org\/{rel}","templated":true}]}}