{"id":859,"date":"2025-02-22T23:33:04","date_gmt":"2025-02-22T22:33:04","guid":{"rendered":"https:\/\/flexifinanz.com\/?page_id=859"},"modified":"2025-02-25T00:25:20","modified_gmt":"2025-02-24T23:25:20","slug":"politique-de-confidentialite","status":"publish","type":"page","link":"https:\/\/flexifinanz.com\/en\/politique-de-confidentialite\/","title":{"rendered":"Privacy Policy"},"content":{"rendered":"<div data-elementor-type=\"wp-page\" data-elementor-id=\"859\" class=\"elementor elementor-859\" data-elementor-settings=\"{&quot;element_pack_global_tooltip_width&quot;:{&quot;unit&quot;:&quot;px&quot;,&quot;size&quot;:&quot;&quot;,&quot;sizes&quot;:[]},&quot;element_pack_global_tooltip_width_tablet&quot;:{&quot;unit&quot;:&quot;px&quot;,&quot;size&quot;:&quot;&quot;,&quot;sizes&quot;:[]},&quot;element_pack_global_tooltip_width_mobile&quot;:{&quot;unit&quot;:&quot;px&quot;,&quot;size&quot;:&quot;&quot;,&quot;sizes&quot;:[]},&quot;element_pack_global_tooltip_padding&quot;:{&quot;unit&quot;:&quot;px&quot;,&quot;top&quot;:&quot;&quot;,&quot;right&quot;:&quot;&quot;,&quot;bottom&quot;:&quot;&quot;,&quot;left&quot;:&quot;&quot;,&quot;isLinked&quot;:true},&quot;element_pack_global_tooltip_padding_tablet&quot;:{&quot;unit&quot;:&quot;px&quot;,&quot;top&quot;:&quot;&quot;,&quot;right&quot;:&quot;&quot;,&quot;bottom&quot;:&quot;&quot;,&quot;left&quot;:&quot;&quot;,&quot;isLinked&quot;:true},&quot;element_pack_global_tooltip_padding_mobile&quot;:{&quot;unit&quot;:&quot;px&quot;,&quot;top&quot;:&quot;&quot;,&quot;right&quot;:&quot;&quot;,&quot;bottom&quot;:&quot;&quot;,&quot;left&quot;:&quot;&quot;,&quot;isLinked&quot;:true},&quot;element_pack_global_tooltip_border_radius&quot;:{&quot;unit&quot;:&quot;px&quot;,&quot;top&quot;:&quot;&quot;,&quot;right&quot;:&quot;&quot;,&quot;bottom&quot;:&quot;&quot;,&quot;left&quot;:&quot;&quot;,&quot;isLinked&quot;:true},&quot;element_pack_global_tooltip_border_radius_tablet&quot;:{&quot;unit&quot;:&quot;px&quot;,&quot;top&quot;:&quot;&quot;,&quot;right&quot;:&quot;&quot;,&quot;bottom&quot;:&quot;&quot;,&quot;left&quot;:&quot;&quot;,&quot;isLinked&quot;:true},&quot;element_pack_global_tooltip_border_radius_mobile&quot;:{&quot;unit&quot;:&quot;px&quot;,&quot;top&quot;:&quot;&quot;,&quot;right&quot;:&quot;&quot;,&quot;bottom&quot;:&quot;&quot;,&quot;left&quot;:&quot;&quot;,&quot;isLinked&quot;:true}}\" data-elementor-post-type=\"page\">\n\t\t\t\t<div class=\"elementor-element elementor-element-8c53f12 e-flex e-con-boxed e-con e-parent\" data-id=\"8c53f12\" data-element_type=\"container\" data-settings=\"{&quot;background_background&quot;:&quot;classic&quot;}\">\n\t\t\t\t\t<div class=\"e-con-inner\">\n\t\t\t\t<div class=\"elementor-element elementor-element-ee90e81 elementor-widget elementor-widget-text-editor\" data-id=\"ee90e81\" data-element_type=\"widget\" data-widget_type=\"text-editor.default\">\n\t\t\t\t<div class=\"elementor-widget-container\">\n\t\t\t\t\t\t\t\t\t<p data-start=\"280\" data-end=\"315\"><strong data-start=\"280\" data-end=\"306\">Last updated:<\/strong> [Date]<\/p><p data-start=\"317\" data-end=\"619\">Welcome to the website of <strong data-start=\"342\" data-end=\"371\">FlexiFinanz<\/strong>. The protection of your personal data is a priority. This policy aims to inform you about <strong data-start=\"474\" data-end=\"564\">how we collect, use and protect your personal information<\/strong> when you use our financing platform.<\/p><hr data-start=\"621\" data-end=\"624\" \/><h3 data-start=\"626\" data-end=\"660\"><strong data-start=\"629\" data-end=\"658\">1. General Information<\/strong><\/h3><p data-start=\"661\" data-end=\"697\">\ud83d\udccc <strong data-start=\"664\" data-end=\"693\">Data controller<\/strong> :<\/p><ul data-start=\"698\" data-end=\"845\"><li data-start=\"698\" data-end=\"731\"><strong data-start=\"700\" data-end=\"729\">[Nom de votre entreprise]<\/strong><\/li><li data-start=\"732\" data-end=\"768\"><strong data-start=\"734\" data-end=\"745\">Address<\/strong> : [Adresse compl\u00e8te]<\/li><li data-start=\"769\" data-end=\"803\"><strong data-start=\"771\" data-end=\"780\">Email<\/strong> : [Email de contact]<\/li><li data-start=\"804\" data-end=\"845\"><strong data-start=\"806\" data-end=\"819\">Phone<\/strong> : [Num\u00e9ro de t\u00e9l\u00e9phone]<\/li><\/ul><p data-start=\"847\" data-end=\"1018\">\ud83d\udccc <strong data-start=\"850\" data-end=\"873\">Champ d\u2019application<\/strong> :<br data-start=\"875\" data-end=\"878\" \/>This policy applies to <strong data-start=\"907\" data-end=\"951\">all visitors, prospects and customers<\/strong> using our online services and financing solutions.<\/p><hr data-start=\"1020\" data-end=\"1023\" \/><h3 data-start=\"1025\" data-end=\"1055\"><strong data-start=\"1028\" data-end=\"1053\">2. Data Collected<\/strong><\/h3><p data-start=\"1056\" data-end=\"1159\">We collect <strong data-start=\"1072\" data-end=\"1109\">different categories of data<\/strong> depending on your interaction with our platform:<\/p><p data-start=\"1161\" data-end=\"1468\">\ud83d\udccc <strong data-start=\"1164\" data-end=\"1205\">Data provided directly by you<\/strong> :<br data-start=\"1207\" data-end=\"1210\" \/>\u2714 First and last name<br data-start=\"1225\" data-end=\"1228\" \/>\u2714 Email address and telephone number<br data-start=\"1257\" data-end=\"1260\" \/>\u2714 Postal address<br data-start=\"1277\" data-end=\"1280\" \/>\u2714 Date of birth<br data-start=\"1299\" data-end=\"1302\" \/>\u2714 Banking information (IBAN, current bank)<br data-start=\"1350\" data-end=\"1353\" \/>\u2714 Income and financial expenses<br data-start=\"1385\" data-end=\"1388\" \/>\u2714 Supporting documents (national identity card, pay slips, bank statements, etc.)<\/p><p data-start=\"1470\" data-end=\"1674\">\ud83d\udccc <strong data-start=\"1473\" data-end=\"1511\">Data collected automatically<\/strong> :<br data-start=\"1513\" data-end=\"1516\" \/>\u2714 Address IP<br data-start=\"1528\" data-end=\"1531\" \/>\u2714 Browsing data (cookies, pages visited, connection time)<br data-start=\"1600\" data-end=\"1603\" \/>\u2714 Information on the terminal used (computer, mobile, tablet)<\/p><p data-start=\"1676\" data-end=\"1863\">\ud83d\udccc <strong data-start=\"1679\" data-end=\"1715\">Data obtained from third parties<\/strong> :<br data-start=\"1717\" data-end=\"1720\" \/>\u2714 Information from solvency databases and credit files (if applicable)<br data-start=\"1804\" data-end=\"1807\" \/>\u2714 Banking history and repayment behavior<\/p><hr data-start=\"1865\" data-end=\"1868\" \/><h3 data-start=\"1870\" data-end=\"1918\"><strong data-start=\"1873\" data-end=\"1916\">3. Purposes of Data Collection<\/strong><\/h3><p data-start=\"1919\" data-end=\"2000\">We use your data as part of our financing services, to:<\/p><p data-start=\"2002\" data-end=\"2410\">\u2714 <strong data-start=\"2004\" data-end=\"2055\">Analyze and process funding requests<\/strong><br data-start=\"2055\" data-end=\"2058\" \/>\u2714 <strong data-start=\"2060\" data-end=\"2118\">Assess your creditworthiness and manage financial risk<\/strong><br data-start=\"2118\" data-end=\"2121\" \/>\u2714 <strong data-start=\"2123\" data-end=\"2169\">Monitor contracts and payments<\/strong><br data-start=\"2169\" data-end=\"2172\" \/>\u2714 <strong data-start=\"2174\" data-end=\"2229\">Comply with legal and regulatory obligations<\/strong><br data-start=\"2229\" data-end=\"2232\" \/>\u2714 <strong data-start=\"2234\" data-end=\"2287\">Improve the user experience on our site<\/strong><br data-start=\"2287\" data-end=\"2290\" \/>\u2714 <strong data-start=\"2292\" data-end=\"2351\">Personalize our financial offers and recommendations<\/strong><br data-start=\"2351\" data-end=\"2354\" \/>\u2714 <strong data-start=\"2356\" data-end=\"2408\">Ensure security and fraud prevention<\/strong><\/p><hr data-start=\"2412\" data-end=\"2415\" \/><h3 data-start=\"2417\" data-end=\"2462\"><strong data-start=\"2420\" data-end=\"2460\">4. Sharing and Protection of Data<\/strong><\/h3><p data-start=\"2463\" data-end=\"2548\">\ud83d\udccc <strong data-start=\"2466\" data-end=\"2517\">We are committed to protecting your information<\/strong> and never resell them.<\/p><p data-start=\"2550\" data-end=\"2891\">\ud83d\udccc <strong data-start=\"2553\" data-end=\"2610\">Possible sharing with third parties in the following cases<\/strong> :<br data-start=\"2612\" data-end=\"2615\" \/>\u2714 Regulatory and judicial authorities (in case of legal obligation)<br data-start=\"2685\" data-end=\"2688\" \/>\u2714 Banking and insurance partners (if your file requires a guarantee or coverage)<br data-start=\"2785\" data-end=\"2788\" \/>\u2714 Technical service providers and site hosts (to ensure the proper functioning of our services)<\/p><p data-start=\"2893\" data-end=\"3204\">\ud83d\udccc <strong data-start=\"2896\" data-end=\"2936\">Protective measures put in place<\/strong> :<br data-start=\"2938\" data-end=\"2941\" \/>\u2714 Secure data storage in compliance with standards <strong data-start=\"3006\" data-end=\"3014\">GDPR<\/strong><br data-start=\"3014\" data-end=\"3017\" \/>\u2714 Access restricted to authorized persons only<br data-start=\"3066\" data-end=\"3069\" \/>\u2714 Encryption of sensitive banking and personal data<br data-start=\"3130\" data-end=\"3133\" \/>\u2714 Connection monitoring to prevent any attempted fraud<\/p><hr data-start=\"3206\" data-end=\"3209\" \/><h3 data-start=\"3211\" data-end=\"3256\"><strong data-start=\"3214\" data-end=\"3254\">5. Data Retention Period<\/strong><\/h3><p data-start=\"3257\" data-end=\"3406\">\ud83d\udccc <strong data-start=\"3260\" data-end=\"3330\">We keep your data only for as long as necessary.<\/strong> to the management of your file and in compliance with legal obligations.<\/p><p data-start=\"3408\" data-end=\"3695\">\u2714 <strong data-start=\"3410\" data-end=\"3433\">Financial data<\/strong> : until <strong data-start=\"3444\" data-end=\"3477\">5 years after the end of the contract<\/strong><br data-start=\"3477\" data-end=\"3480\" \/>\u2714 <strong data-start=\"3482\" data-end=\"3521\">Contact and navigation data<\/strong> : until <strong data-start=\"3532\" data-end=\"3574\">3 years after your last interaction<\/strong><br data-start=\"3574\" data-end=\"3577\" \/>\u2714 <strong data-start=\"3579\" data-end=\"3605\">Contractual data<\/strong> : until <strong data-start=\"3616\" data-end=\"3654\">10 years after the end of funding<\/strong>, in accordance with accounting requirements<\/p><p data-start=\"3697\" data-end=\"3806\">You can at any time <strong data-start=\"3723\" data-end=\"3765\">request deletion of your data<\/strong>, subject to legal obligations.<\/p><hr data-start=\"3808\" data-end=\"3811\" \/><h3 data-start=\"3813\" data-end=\"3851\"><strong data-start=\"3816\" data-end=\"3849\">6. Your Rights over Your Data<\/strong><\/h3><p data-start=\"3852\" data-end=\"3932\">In accordance with the <strong data-start=\"3869\" data-end=\"3893\">GDPR regulations<\/strong>, you have several rights:<\/p><p data-start=\"3934\" data-end=\"4349\">\u2714 <strong data-start=\"3936\" data-end=\"3953\">Right of access<\/strong> : Obtain a copy of the data we hold about you<br data-start=\"4012\" data-end=\"4015\" \/>\u2714 <strong data-start=\"4017\" data-end=\"4043\">Right of rectification<\/strong> : Modify inaccurate or incomplete information<br data-start=\"4096\" data-end=\"4099\" \/>\u2714 <strong data-start=\"4101\" data-end=\"4123\">Right to object<\/strong> : Refuse your data to be used for commercial purposes<br data-start=\"4190\" data-end=\"4193\" \/>\u2714 <strong data-start=\"4195\" data-end=\"4214\">Right to be forgotten<\/strong> : Request the deletion of your personal data<br data-start=\"4268\" data-end=\"4271\" \/>\u2714 <strong data-start=\"4273\" data-end=\"4299\">Right to portability<\/strong> : Receive your data in a structured format<\/p><p data-start=\"4351\" data-end=\"4498\">\ud83d\udccc <strong data-start=\"4354\" data-end=\"4386\">How to exercise your rights?<\/strong><br data-start=\"4386\" data-end=\"4389\" \/>\ud83d\udce9 Send an email to <strong data-start=\"4412\" data-end=\"4434\">[Email de contact]<\/strong> with your request and a copy of proof of identity.<\/p><hr data-start=\"4500\" data-end=\"4503\" \/><h3 data-start=\"4505\" data-end=\"4536\"><strong data-start=\"4508\" data-end=\"4534\">7. Cookies Management<\/strong><\/h3><p data-start=\"4537\" data-end=\"4739\">\ud83d\udccc <strong data-start=\"4540\" data-end=\"4568\">What is a cookie?<\/strong><br data-start=\"4568\" data-end=\"4571\" \/>A cookie is a small file stored on your device when you visit our site. It helps improve your browsing experience and offer tailored content.<\/p><p data-start=\"4741\" data-end=\"4990\">\ud83d\udccc <strong data-start=\"4744\" data-end=\"4779\">Cookies used on our site<\/strong> :<br data-start=\"4781\" data-end=\"4784\" \/>\u2714 Functional cookies (necessary for the proper functioning of the site)<br data-start=\"4850\" data-end=\"4853\" \/>\u2714 Analytical cookies (statistics and optimization of the user journey)<br data-start=\"4929\" data-end=\"4932\" \/>\u2714 Advertising cookies (offers tailored to your profile)<\/p><p data-start=\"4992\" data-end=\"5212\">\ud83d\udccc <strong data-start=\"4995\" data-end=\"5026\">How to manage your cookies?<\/strong><br data-start=\"5026\" data-end=\"5029\" \/>You can change your preferences at any time via the <strong data-start=\"5088\" data-end=\"5122\">your browser settings<\/strong> or in <strong data-start=\"5129\" data-end=\"5167\">refusing the use of cookies<\/strong> when you first visit the site.<\/p><hr data-start=\"5214\" data-end=\"5217\" \/><h3 data-start=\"5219\" data-end=\"5259\"><strong data-start=\"5222\" data-end=\"5257\">8. Modifications and Updates<\/strong><\/h3><p data-start=\"5260\" data-end=\"5409\">\ud83d\udccc <strong data-start=\"5263\" data-end=\"5342\">We reserve the right to modify this privacy policy.<\/strong> in order to comply with legal and technological developments.<\/p><p data-start=\"5411\" data-end=\"5531\">\ud83d\udcc5 <strong data-start=\"5414\" data-end=\"5440\">Last updated:<\/strong> [Date]<br data-start=\"5447\" data-end=\"5450\" \/>Any changes will be posted on this page and will take effect immediately.<\/p><hr data-start=\"5533\" data-end=\"5536\" \/><h3 data-start=\"5538\" data-end=\"5573\"><strong data-start=\"5541\" data-end=\"5571\">9. Contact and Complaints<\/strong><\/h3><p data-start=\"5574\" data-end=\"5787\">\ud83d\udce9 <strong data-start=\"5577\" data-end=\"5665\">For any questions or requests regarding your personal data, contact us:<\/strong><br data-start=\"5665\" data-end=\"5668\" \/>\ud83d\udce7 <strong data-start=\"5671\" data-end=\"5680\">Email<\/strong> : [Adresse Email]<br data-start=\"5698\" data-end=\"5701\" \/>\ud83d\udccd <strong data-start=\"5704\" data-end=\"5723\">Mailing address<\/strong> : [Adresse compl\u00e8te]<br data-start=\"5744\" data-end=\"5747\" \/>\ud83d\udcde <strong data-start=\"5750\" data-end=\"5763\">Phone<\/strong> : [Num\u00e9ro de contact]<\/p><p data-start=\"5789\" data-end=\"5998\">If you feel that your rights are not being respected, you can <strong data-start=\"5855\" data-end=\"5896\">file a complaint with the CNIL<\/strong> (National Commission for Information Technology and Civil Liberties) or the competent authority in your country.<\/p>\t\t\t\t\t\t\t\t<\/div>\n\t\t\t\t<\/div>\n\t\t\t\t\t<\/div>\n\t\t\t\t<\/div>\n\t\t\t\t<\/div>","protected":false},"excerpt":{"rendered":"<p>Derni\u00e8re mise \u00e0 jour : [Date] Bienvenue sur le site de FlexiFinanz. La protection de vos donn\u00e9es personnelles est une priorit\u00e9. Cette [&hellip;]<\/p>","protected":false},"author":1,"featured_media":0,"parent":0,"menu_order":0,"comment_status":"closed","ping_status":"closed","template":"","meta":{"om_disable_all_campaigns":false,"_monsterinsights_skip_tracking":false,"_monsterinsights_sitenote_active":false,"_monsterinsights_sitenote_note":"","_monsterinsights_sitenote_category":0,"footnotes":""},"class_list":["post-859","page","type-page","status-publish","hentry"],"aioseo_notices":[],"_links":{"self":[{"href":"https:\/\/flexifinanz.com\/en\/wp-json\/wp\/v2\/pages\/859","targetHints":{"allow":["GET"]}}],"collection":[{"href":"https:\/\/flexifinanz.com\/en\/wp-json\/wp\/v2\/pages"}],"about":[{"href":"https:\/\/flexifinanz.com\/en\/wp-json\/wp\/v2\/types\/page"}],"author":[{"embeddable":true,"href":"https:\/\/flexifinanz.com\/en\/wp-json\/wp\/v2\/users\/1"}],"replies":[{"embeddable":true,"href":"https:\/\/flexifinanz.com\/en\/wp-json\/wp\/v2\/comments?post=859"}],"version-history":[{"count":0,"href":"https:\/\/flexifinanz.com\/en\/wp-json\/wp\/v2\/pages\/859\/revisions"}],"wp:attachment":[{"href":"https:\/\/flexifinanz.com\/en\/wp-json\/wp\/v2\/media?parent=859"}],"curies":[{"name":"wp","href":"https:\/\/api.w.org\/{rel}","templated":true}]}}