{"id":315,"date":"2025-02-20T21:43:14","date_gmt":"2025-02-20T20:43:14","guid":{"rendered":"https:\/\/flexifinanz.com\/?page_id=315"},"modified":"2025-03-13T00:37:52","modified_gmt":"2025-03-12T23:37:52","slug":"our-low-rates","status":"publish","type":"page","link":"https:\/\/flexifinanz.com\/en\/our-low-rates\/","title":{"rendered":"Our Low Rates: Optimal Accessibility"},"content":{"rendered":"<div data-elementor-type=\"wp-page\" data-elementor-id=\"315\" class=\"elementor elementor-315\" data-elementor-settings=\"{&quot;element_pack_global_tooltip_width&quot;:{&quot;unit&quot;:&quot;px&quot;,&quot;size&quot;:&quot;&quot;,&quot;sizes&quot;:[]},&quot;element_pack_global_tooltip_width_tablet&quot;:{&quot;unit&quot;:&quot;px&quot;,&quot;size&quot;:&quot;&quot;,&quot;sizes&quot;:[]},&quot;element_pack_global_tooltip_width_mobile&quot;:{&quot;unit&quot;:&quot;px&quot;,&quot;size&quot;:&quot;&quot;,&quot;sizes&quot;:[]},&quot;element_pack_global_tooltip_padding&quot;:{&quot;unit&quot;:&quot;px&quot;,&quot;top&quot;:&quot;&quot;,&quot;right&quot;:&quot;&quot;,&quot;bottom&quot;:&quot;&quot;,&quot;left&quot;:&quot;&quot;,&quot;isLinked&quot;:true},&quot;element_pack_global_tooltip_padding_tablet&quot;:{&quot;unit&quot;:&quot;px&quot;,&quot;top&quot;:&quot;&quot;,&quot;right&quot;:&quot;&quot;,&quot;bottom&quot;:&quot;&quot;,&quot;left&quot;:&quot;&quot;,&quot;isLinked&quot;:true},&quot;element_pack_global_tooltip_padding_mobile&quot;:{&quot;unit&quot;:&quot;px&quot;,&quot;top&quot;:&quot;&quot;,&quot;right&quot;:&quot;&quot;,&quot;bottom&quot;:&quot;&quot;,&quot;left&quot;:&quot;&quot;,&quot;isLinked&quot;:true},&quot;element_pack_global_tooltip_border_radius&quot;:{&quot;unit&quot;:&quot;px&quot;,&quot;top&quot;:&quot;&quot;,&quot;right&quot;:&quot;&quot;,&quot;bottom&quot;:&quot;&quot;,&quot;left&quot;:&quot;&quot;,&quot;isLinked&quot;:true},&quot;element_pack_global_tooltip_border_radius_tablet&quot;:{&quot;unit&quot;:&quot;px&quot;,&quot;top&quot;:&quot;&quot;,&quot;right&quot;:&quot;&quot;,&quot;bottom&quot;:&quot;&quot;,&quot;left&quot;:&quot;&quot;,&quot;isLinked&quot;:true},&quot;element_pack_global_tooltip_border_radius_mobile&quot;:{&quot;unit&quot;:&quot;px&quot;,&quot;top&quot;:&quot;&quot;,&quot;right&quot;:&quot;&quot;,&quot;bottom&quot;:&quot;&quot;,&quot;left&quot;:&quot;&quot;,&quot;isLinked&quot;:true}}\" data-elementor-post-type=\"page\">\n\t\t\t\t<div class=\"elementor-element elementor-element-723cec8c e-flex e-con-boxed e-con e-parent\" data-id=\"723cec8c\" data-element_type=\"container\" data-settings=\"{&quot;background_background&quot;:&quot;classic&quot;}\">\n\t\t\t\t\t<div class=\"e-con-inner\">\n\t\t\t\t<div class=\"elementor-element elementor-element-b6a959a elementor-widget elementor-widget-text-editor\" data-id=\"b6a959a\" data-element_type=\"widget\" data-widget_type=\"text-editor.default\">\n\t\t\t\t<div class=\"elementor-widget-container\">\n\t\t\t\t\t\t\t\t\t<h2 data-pm-slice=\"1 1 []\">Why choose low-rate financing from FlexiFinanz?<\/h2><p>Accessing financing should never be a barrier. At <strong>FlexiFinanz<\/strong>, we offer <strong>advantageous and accessible rates<\/strong>, allowing everyone to finance their project without excessive financial burdens. Our mission is to <strong>remove financial barriers<\/strong> and to support our customers with solutions adapted to their objectives.<\/p><p>Thanks to our reduced rates, you benefit from <strong>more flexibility and profitability<\/strong>, while maintaining your investment capacity to develop your business with complete peace of mind.<\/p>\t\t\t\t\t\t\t\t<\/div>\n\t\t\t\t<\/div>\n\t\t\t\t<div class=\"elementor-element elementor-element-8658ca8 elementor-align-left elementor-widget elementor-widget-button\" data-id=\"8658ca8\" data-element_type=\"widget\" data-widget_type=\"button.default\">\n\t\t\t\t<div class=\"elementor-widget-container\">\n\t\t\t\t\t\t\t\t\t<div class=\"elementor-button-wrapper\">\n\t\t\t\t\t<a class=\"elementor-button elementor-button-link elementor-size-sm\" href=\"#simulateur\">\n\t\t\t\t\t\t<span class=\"elementor-button-content-wrapper\">\n\t\t\t\t\t\t<span class=\"elementor-button-icon\">\n\t\t\t\t<svg aria-hidden=\"true\" class=\"e-font-icon-svg e-fas-arrow-right\" viewbox=\"0 0 448 512\" xmlns=\"http:\/\/www.w3.org\/2000\/svg\"><path d=\"M190.5 66.9l22.2-22.2c9.4-9.4 24.6-9.4 33.9 0L441 239c9.4 9.4 9.4 24.6 0 33.9L246.6 467.3c-9.4 9.4-24.6 9.4-33.9 0l-22.2-22.2c-9.5-9.5-9.3-25 .4-34.3L311.4 296H24c-13.3 0-24-10.7-24-24v-32c0-13.3 10.7-24 24-24h287.4L190.9 101.2c-9.8-9.3-10-24.8-.4-34.3z\"><\/path><\/svg>\t\t\t<\/span>\n\t\t\t\t\t\t\t\t\t<span class=\"elementor-button-text\">Simulate your financing<\/span>\n\t\t\t\t\t<\/span>\n\t\t\t\t\t<\/a>\n\t\t\t\t<\/div>\n\t\t\t\t\t\t\t\t<\/div>\n\t\t\t\t<\/div>\n\t\t\t\t\t<\/div>\n\t\t\t\t<\/div>\n\t\t<div class=\"elementor-element elementor-element-64daf4f7 e-flex e-con-boxed elementor-invisible e-con e-parent\" data-id=\"64daf4f7\" data-element_type=\"container\" data-settings=\"{&quot;background_background&quot;:&quot;classic&quot;,&quot;animation&quot;:&quot;fadeInUp&quot;}\">\n\t\t\t\t\t<div class=\"e-con-inner\">\n\t\t\t\t<div class=\"elementor-element elementor-element-27aec79e elementor-widget elementor-widget-text-editor\" data-id=\"27aec79e\" data-element_type=\"widget\" data-widget_type=\"text-editor.default\">\n\t\t\t\t<div class=\"elementor-widget-container\">\n\t\t\t\t\t\t\t\t\t<h2 data-pm-slice=\"1 1 []\">\ud83d\udcb0 Accessible and advantageous financing<\/h2><p>Our advantageous conditions allow you to access a <strong>easy and fast financing<\/strong>, with reduced rates that reduce your financial commitments.<\/p><p>\u2705 <strong>Some of the lowest rates on the market<\/strong><br \/>\u2705 <strong>Complete transparency on costs<\/strong><br \/>\u2705 <strong>Conditions adapted to each project<\/strong><\/p>\t\t\t\t\t\t\t\t<\/div>\n\t\t\t\t<\/div>\n\t\t\t\t\t<\/div>\n\t\t\t\t<\/div>\n\t\t<div class=\"elementor-element elementor-element-206b16ce e-flex e-con-boxed elementor-invisible e-con e-parent\" data-id=\"206b16ce\" data-element_type=\"container\" data-settings=\"{&quot;background_background&quot;:&quot;classic&quot;,&quot;animation&quot;:&quot;fadeInUp&quot;}\">\n\t\t\t\t\t<div class=\"e-con-inner\">\n\t\t\t\t<div class=\"elementor-element elementor-element-6fa2ce90 elementor-widget elementor-widget-text-editor\" data-id=\"6fa2ce90\" data-element_type=\"widget\" data-widget_type=\"text-editor.default\">\n\t\t\t\t<div class=\"elementor-widget-container\">\n\t\t\t\t\t\t\t\t\t<h2 data-pm-slice=\"1 1 []\"><span style=\"color: #ffffff;\">\ud83d\udcc8 More flexibility, more opportunities<\/span><\/h2><p><span style=\"color: #ffffff;\">Our solutions allow you to <strong>preserve your cash flow<\/strong> and optimize your profitability without excessive constraint.<\/span><\/p><p><span style=\"color: #ffffff;\">\u2705 <strong>Flexible deadlines adapted to your needs<\/strong><\/span><br \/><span style=\"color: #ffffff;\">\u2705 <strong>Possibility of early repayment without penalty<\/strong><\/span><br \/><span style=\"color: #ffffff;\">\u2705 <strong>A personalized approach for each financing<\/strong><\/span><\/p>\t\t\t\t\t\t\t\t<\/div>\n\t\t\t\t<\/div>\n\t\t\t\t\t<\/div>\n\t\t\t\t<\/div>\n\t\t<div class=\"elementor-element elementor-element-12e27d32 e-flex e-con-boxed elementor-invisible e-con e-parent\" data-id=\"12e27d32\" data-element_type=\"container\" data-settings=\"{&quot;background_background&quot;:&quot;classic&quot;,&quot;animation&quot;:&quot;fadeInUp&quot;}\">\n\t\t\t\t\t<div class=\"e-con-inner\">\n\t\t\t\t<div class=\"elementor-element elementor-element-26e77b8b elementor-widget elementor-widget-text-editor\" data-id=\"26e77b8b\" data-element_type=\"widget\" data-widget_type=\"text-editor.default\">\n\t\t\t\t<div class=\"elementor-widget-container\">\n\t\t\t\t\t\t\t\t\t<h2 data-pm-slice=\"1 1 []\">\ud83d\ude80 Support that supports you<\/h2><p>We finance your projects <strong>without weighing you down<\/strong>, ensuring a <strong>simplified process<\/strong> and one <strong>personalized follow-up<\/strong>.<\/p><p>\u2705 <strong>Support throughout the financing process<\/strong><br \/>\u2705 <strong>Tailor-made solutions according to your profile<\/strong><br \/>\u2705 <strong>Quick access to funds to make your projects a reality<\/strong><\/p>\t\t\t\t\t\t\t\t<\/div>\n\t\t\t\t<\/div>\n\t\t\t\t\t<\/div>\n\t\t\t\t<\/div>\n\t\t<div class=\"elementor-element elementor-element-838e821 e-flex e-con-boxed elementor-invisible e-con e-parent\" data-id=\"838e821\" data-element_type=\"container\" data-settings=\"{&quot;background_background&quot;:&quot;classic&quot;,&quot;animation&quot;:&quot;fadeInUp&quot;}\">\n\t\t\t\t\t<div class=\"e-con-inner\">\n\t\t\t\t<div class=\"elementor-element elementor-element-01475f9 elementor-widget elementor-widget-text-editor\" data-id=\"01475f9\" data-element_type=\"widget\" data-widget_type=\"text-editor.default\">\n\t\t\t\t<div class=\"elementor-widget-container\">\n\t\t\t\t\t\t\t\t\t<h2 data-pm-slice=\"1 1 []\">\ud83d\udce2 <strong>Why choose our low-rate financing?<\/strong><\/h2><p>We have designed an approach that allows everyone to <strong>finance your projects with complete confidence<\/strong>, with <strong>optimal conditions and tailor-made support<\/strong>.<\/p><h3><strong>Our advantages:<\/strong><\/h3><p>\u2705 <strong>Competitive rates tailored to each project<\/strong><br \/>\u2705 <strong>A simplified and fast process<\/strong><br \/>\u2705 <strong>Strategic and financial support<\/strong><br \/>\u2705 <strong>Financing accessible to all<\/strong><\/p>\t\t\t\t\t\t\t\t<\/div>\n\t\t\t\t<\/div>\n\t\t\t\t\t<\/div>\n\t\t\t\t<\/div>\n\t\t<div class=\"elementor-element elementor-element-1b916d5 e-flex e-con-boxed elementor-invisible e-con e-parent\" data-id=\"1b916d5\" data-element_type=\"container\" data-settings=\"{&quot;background_background&quot;:&quot;classic&quot;,&quot;animation&quot;:&quot;fadeInUp&quot;}\">\n\t\t\t\t\t<div class=\"e-con-inner\">\n\t\t\t\t<div class=\"elementor-element elementor-element-cb22b2d elementor-widget elementor-widget-menu-anchor\" data-id=\"cb22b2d\" data-element_type=\"widget\" data-widget_type=\"menu-anchor.default\">\n\t\t\t\t<div class=\"elementor-widget-container\">\n\t\t\t\t\t\t\t<div class=\"elementor-menu-anchor\" id=\"simulateur\"><\/div>\n\t\t\t\t\t\t<\/div>\n\t\t\t\t<\/div>\n\t\t\t\t<div class=\"elementor-element elementor-element-08a674b elementor-widget elementor-widget-html\" data-id=\"08a674b\" data-element_type=\"widget\" data-widget_type=\"html.default\">\n\t\t\t\t<div class=\"elementor-widget-container\">\n\t\t\t\t\t<!DOCTYPE html>\n<html lang=\"fr\">\n<head>\n  <meta charset=\"UTF-8\">\n  <meta name=\"viewport\" content=\"width=device-width, initial-scale=1.0\">\n  <title>Financing Simulator<\/title>\n  <script src=\"https:\/\/cdn.jsdelivr.net\/npm\/chart.js\"><\/script>\n  <style>\n    \/* Styles sp\u00e9cifiques au simulateur *\/\n    #simulateur-financement * {\n      box-sizing: border-box;\n    }\n    #simulateur-financement .container {\n      background: #6CFF84;\n      padding: 30px;\n      border-radius: 12px;\n      box-shadow: 0 0 0px rgba(0, 0, 0, 0.1);\n      max-width: 950px;\n      width: 100%;\n      margin: auto;\n    }\n    #simulateur-financement .form-section,\n    #simulateur-financement .result-section {\n      width: 100%;\n      padding: 0;\n    }\n    #simulateur-financement .form-section {\n      display: flex;\n      flex-direction: column;\n      color: black;\n      text-align: left;\n    }\n    #simulateur-financement .result-section {\n      background-color: #000;\n      color: white;\n      border-radius: 30px;\n      display: none;\n      flex-direction: column;\n      justify-content: center;\n      text-align: center;\n      padding: 20px;\n      margin-top: 20px;\n    }\n    #simulateur-financement select,\n    #simulateur-financement input,\n    #simulateur-financement button {\n      width: 100%;\n      padding: 12px;\n      margin: 10px 0;\n      border-radius: 8px;\n      border: 1px solid #555;\n      font-size: 1em;\n      transition: 0.3s;\n      background: #ffffff;\n      color: black;\n    }\n    #simulateur-financement button {\n      background-color: #ffcc00;\n      color: black;\n      border: none;\n      cursor: pointer;\n      font-size: 1em;\n      font-weight: bold;\n      text-transform: uppercase;\n    }\n    #simulateur-financement button:hover {\n      background-color: #e6b800;\n    }\n    #simulateur-financement .chart-container {\n      width: 100%;\n      max-width: 600px;\n      height: 400px;\n      margin: auto;\n    }\n  <\/style>\n<\/head>\n<body>\n  <!-- Autres \u00e9l\u00e9ments du site, par exemple le header et le menu -->\n  <header>\n    <!-- Contenu du menu du site -->\n  <\/header>\n  \n  <main>\n    <!-- Autres contenus du site -->\n\n    <!-- Simulateur encapsul\u00e9 dans une div d\u00e9di\u00e9e -->\n    <div id=\"simulateur-financement\">\n      <div class=\"container\">\n        <div class=\"form-section\">\n          <h2>Financing Simulator<\/h2>\n          <label for=\"category\">Type of financing:<\/label>\n          <select id=\"category\">\n            <option value=\"1.5\">Technology &amp; Innovation<\/option>\n            <option value=\"1.8\">Real estate<\/option>\n            <option value=\"1.6\">Energy &amp; Environment<\/option>\n            <option value=\"1.7\">Health &amp; Wellness<\/option>\n            <option value=\"1.9\">Commerce &amp; E-commerce<\/option>\n            <option value=\"1.8\">Industry &amp; Logistics<\/option>\n            <option value=\"1.7\">Agriculture &amp; Agri-food<\/option>\n            <option value=\"2.0\">Leisure &amp; Entertainment<\/option>\n            <option value=\"1.6\">PME &amp; Startups<\/option>\n            <option value=\"1.9\">Luxe &amp; Mode<\/option>\n          <\/select>\n\n          <label for=\"amount\">Funding amount (\u20ac):<\/label>\n          <input type=\"number\" id=\"amount\" placeholder=\"Enter the amount\" min=\"100000\">\n\n          <label for=\"duration\">Duration (years):<\/label>\n          <input type=\"number\" id=\"duration\" placeholder=\"Enter the duration in years\" min=\"1\" max=\"30\">\n\n          <button onclick=\"calculateLoan()\">Calculate<\/button>\n        <\/div>\n\n        <div class=\"result-section\" id=\"result\">\n          <h3>Estimated Monthly Payment<\/h3>\n          <div class=\"result-info\">\n            <p><span class=\"result-label\">Monthly payment:<\/span> <span id=\"monthlyPayment\">-- \u20ac<\/span><\/p>\n            <p><span class=\"result-label\">First Payment:<\/span> <span id=\"firstPayment\">-- \u20ac<\/span><\/p>\n            <p><span class=\"result-label\">Duration :<\/span> <span id=\"loanDuration\">-- years<\/span><\/p>\n            <p><span class=\"result-label\">Funding amount:<\/span> <span id=\"loanAmount\">-- \u20ac<\/span><\/p>\n            <p><span class=\"result-label\">Total cost of credit:<\/span> <span id=\"totalCost\">-- \u20ac<\/span><\/p>\n            <p><span class=\"result-label\">Total interest:<\/span> <span id=\"totalInterest\">-- \u20ac<\/span><\/p>\n          <\/div>\n          <div class=\"chart-container\">\n            <canvas id=\"creditChart\"><\/canvas>\n          <\/div>\n        <\/div>\n      <\/div>\n    <\/div>\n  <\/main>\n  \n  <!-- Pied de page du site -->\n  <footer>\n    <!-- Contenu du pied de page -->\n  <\/footer>\n  \n  <script>\n    let creditChart;\n\n    function calculateLoan() {\n      let amount = parseFloat(document.getElementById(\"amount\").value);\n      let duration = parseInt(document.getElementById(\"duration\").value);\n      let interestRate = parseFloat(document.getElementById(\"category\").value) \/ 100;\n      \n      if (isNaN(amount) || isNaN(duration) || amount < 100000 || duration <= 0) {\n        alert(\"Veuillez entrer des valeurs valides. Le montant doit \u00eatre au minimum 100 000\u20ac.\");\n        return;\n      }\n      \n      let monthlyRate = interestRate \/ 12;\n      let totalMonths = duration * 12;\n      let monthlyPayment = (amount * monthlyRate) \/ (1 - Math.pow(1 + monthlyRate, -totalMonths));\n      let firstPayment = monthlyPayment + (amount * monthlyRate);\n      let totalAmountPaid = monthlyPayment * totalMonths;\n      let totalInterest = totalAmountPaid - amount;\n      let totalCost = totalAmountPaid;\n\n      document.getElementById(\"monthlyPayment\").innerHTML = `${monthlyPayment.toFixed(2)}\u20ac`;\n      document.getElementById(\"firstPayment\").innerHTML = `${firstPayment.toFixed(2)}\u20ac`;\n      document.getElementById(\"loanDuration\").innerHTML = `${duration} ans`;\n      document.getElementById(\"loanAmount\").innerHTML = `${amount}\u20ac`;\n      document.getElementById(\"totalCost\").innerHTML = `${totalCost.toFixed(2)}\u20ac`;\n      document.getElementById(\"totalInterest\").innerHTML = `${totalInterest.toFixed(2)}\u20ac`;\n      \n      document.getElementById(\"result\").style.display = \"flex\";\n      renderChart(amount, totalInterest, totalCost, monthlyPayment);\n    }\n\n    function renderChart(amount, totalInterest, totalCost, monthlyPayment) {\n      let ctx = document.getElementById(\"creditChart\").getContext(\"2d\");\n      if (creditChart) creditChart.destroy();\n      creditChart = new Chart(ctx, {\n        type: 'bar',\n        data: {\n          labels: [\"Capital Emprunt\u00e9\", \"Total Int\u00e9r\u00eats\", \"Co\u00fbt Total\", \"Mensualit\u00e9\"],\n          datasets: [{\n            data: [amount, totalInterest, totalCost, monthlyPayment],\n            backgroundColor: [\"#ffcc00\", \"#ff6b6b\", \"#4CAF50\", \"#3498db\"],\n          }]\n        },\n        options: {\n          responsive: true,\n          maintainAspectRatio: false,\n          indexAxis: 'y',\n          scales: {\n            x: {\n              beginAtZero: true\n            }\n          }\n        }\n      });\n    }\n  <\/script>\n<\/body>\n<\/html>\n\t\t\t\t<\/div>\n\t\t\t\t<\/div>\n\t\t\t\t\t<\/div>\n\t\t\t\t<\/div>\n\t\t<div class=\"elementor-element elementor-element-5a0d7a3e e-flex e-con-boxed elementor-invisible e-con e-parent\" data-id=\"5a0d7a3e\" data-element_type=\"container\" data-settings=\"{&quot;background_background&quot;:&quot;classic&quot;,&quot;animation&quot;:&quot;fadeInUp&quot;}\">\n\t\t\t\t\t<div class=\"e-con-inner\">\n\t\t\t\t<div class=\"elementor-element elementor-element-30a06d74 elementor-widget elementor-widget-heading\" data-id=\"30a06d74\" data-element_type=\"widget\" data-widget_type=\"heading.default\">\n\t\t\t\t<div class=\"elementor-widget-container\">\n\t\t\t\t\t<h2 class=\"elementor-heading-title elementor-size-default\">Ready to invest with competitive rates?<\/h2>\t\t\t\t<\/div>\n\t\t\t\t<\/div>\n\t\t\t\t<div class=\"elementor-element elementor-element-637fa903 elementor-widget elementor-widget-text-editor\" data-id=\"637fa903\" data-element_type=\"widget\" data-widget_type=\"text-editor.default\">\n\t\t\t\t<div class=\"elementor-widget-container\">\n\t\t\t\t\t\t\t\t\t<p data-pm-slice=\"1 1 []\">Enjoy <strong>our low rates<\/strong> and realize your projects with <strong>optimized and advantageous financing<\/strong>.<\/p>\t\t\t\t\t\t\t\t<\/div>\n\t\t\t\t<\/div>\n\t\t\t\t<div class=\"elementor-element elementor-element-4c89d0c0 elementor-align-center elementor-widget elementor-widget-button\" data-id=\"4c89d0c0\" data-element_type=\"widget\" data-widget_type=\"button.default\">\n\t\t\t\t<div class=\"elementor-widget-container\">\n\t\t\t\t\t\t\t\t\t<div class=\"elementor-button-wrapper\">\n\t\t\t\t\t<a class=\"elementor-button elementor-button-link elementor-size-sm\" href=\"https:\/\/flexifinanz.com\/en\/demander-un-financement\/\">\n\t\t\t\t\t\t<span class=\"elementor-button-content-wrapper\">\n\t\t\t\t\t\t<span class=\"elementor-button-icon\">\n\t\t\t\t<svg aria-hidden=\"true\" class=\"e-font-icon-svg e-fas-arrow-right\" viewbox=\"0 0 448 512\" xmlns=\"http:\/\/www.w3.org\/2000\/svg\"><path d=\"M190.5 66.9l22.2-22.2c9.4-9.4 24.6-9.4 33.9 0L441 239c9.4 9.4 9.4 24.6 0 33.9L246.6 467.3c-9.4 9.4-24.6 9.4-33.9 0l-22.2-22.2c-9.5-9.5-9.3-25 .4-34.3L311.4 296H24c-13.3 0-24-10.7-24-24v-32c0-13.3 10.7-24 24-24h287.4L190.9 101.2c-9.8-9.3-10-24.8-.4-34.3z\"><\/path><\/svg>\t\t\t<\/span>\n\t\t\t\t\t\t\t\t\t<span class=\"elementor-button-text\">Apply for funding<\/span>\n\t\t\t\t\t<\/span>\n\t\t\t\t\t<\/a>\n\t\t\t\t<\/div>\n\t\t\t\t\t\t\t\t<\/div>\n\t\t\t\t<\/div>\n\t\t\t\t\t<\/div>\n\t\t\t\t<\/div>\n\t\t\t\t<\/div>","protected":false},"excerpt":{"rendered":"<p>Pourquoi choisir un financement \u00e0 taux r\u00e9duit chez FlexiFinanz? Acc\u00e9der \u00e0 un financement ne devrait jamais \u00eatre un obstacle. Chez FlexiFinanz, nous [&hellip;]<\/p>","protected":false},"author":1,"featured_media":608,"parent":0,"menu_order":0,"comment_status":"closed","ping_status":"closed","template":"","meta":{"om_disable_all_campaigns":false,"_monsterinsights_skip_tracking":false,"_monsterinsights_sitenote_active":false,"_monsterinsights_sitenote_note":"","_monsterinsights_sitenote_category":0,"footnotes":""},"class_list":["post-315","page","type-page","status-publish","has-post-thumbnail","hentry"],"aioseo_notices":[],"_links":{"self":[{"href":"https:\/\/flexifinanz.com\/en\/wp-json\/wp\/v2\/pages\/315","targetHints":{"allow":["GET"]}}],"collection":[{"href":"https:\/\/flexifinanz.com\/en\/wp-json\/wp\/v2\/pages"}],"about":[{"href":"https:\/\/flexifinanz.com\/en\/wp-json\/wp\/v2\/types\/page"}],"author":[{"embeddable":true,"href":"https:\/\/flexifinanz.com\/en\/wp-json\/wp\/v2\/users\/1"}],"replies":[{"embeddable":true,"href":"https:\/\/flexifinanz.com\/en\/wp-json\/wp\/v2\/comments?post=315"}],"version-history":[{"count":0,"href":"https:\/\/flexifinanz.com\/en\/wp-json\/wp\/v2\/pages\/315\/revisions"}],"wp:featuredmedia":[{"embeddable":true,"href":"https:\/\/flexifinanz.com\/en\/wp-json\/wp\/v2\/media\/608"}],"wp:attachment":[{"href":"https:\/\/flexifinanz.com\/en\/wp-json\/wp\/v2\/media?parent=315"}],"curies":[{"name":"wp","href":"https:\/\/api.w.org\/{rel}","templated":true}]}}