{"id":859,"date":"2025-02-22T23:33:04","date_gmt":"2025-02-22T22:33:04","guid":{"rendered":"https:\/\/flexifinanz.com\/?page_id=859"},"modified":"2025-02-25T00:25:20","modified_gmt":"2025-02-24T23:25:20","slug":"politique-de-confidentialite","status":"publish","type":"page","link":"https:\/\/flexifinanz.com\/de\/politique-de-confidentialite\/","title":{"rendered":"Datenschutzrichtlinie"},"content":{"rendered":"<div data-elementor-type=\"wp-page\" data-elementor-id=\"859\" class=\"elementor elementor-859\" data-elementor-settings=\"{&quot;element_pack_global_tooltip_width&quot;:{&quot;unit&quot;:&quot;px&quot;,&quot;size&quot;:&quot;&quot;,&quot;sizes&quot;:[]},&quot;element_pack_global_tooltip_width_tablet&quot;:{&quot;unit&quot;:&quot;px&quot;,&quot;size&quot;:&quot;&quot;,&quot;sizes&quot;:[]},&quot;element_pack_global_tooltip_width_mobile&quot;:{&quot;unit&quot;:&quot;px&quot;,&quot;size&quot;:&quot;&quot;,&quot;sizes&quot;:[]},&quot;element_pack_global_tooltip_padding&quot;:{&quot;unit&quot;:&quot;px&quot;,&quot;top&quot;:&quot;&quot;,&quot;right&quot;:&quot;&quot;,&quot;bottom&quot;:&quot;&quot;,&quot;left&quot;:&quot;&quot;,&quot;isLinked&quot;:true},&quot;element_pack_global_tooltip_padding_tablet&quot;:{&quot;unit&quot;:&quot;px&quot;,&quot;top&quot;:&quot;&quot;,&quot;right&quot;:&quot;&quot;,&quot;bottom&quot;:&quot;&quot;,&quot;left&quot;:&quot;&quot;,&quot;isLinked&quot;:true},&quot;element_pack_global_tooltip_padding_mobile&quot;:{&quot;unit&quot;:&quot;px&quot;,&quot;top&quot;:&quot;&quot;,&quot;right&quot;:&quot;&quot;,&quot;bottom&quot;:&quot;&quot;,&quot;left&quot;:&quot;&quot;,&quot;isLinked&quot;:true},&quot;element_pack_global_tooltip_border_radius&quot;:{&quot;unit&quot;:&quot;px&quot;,&quot;top&quot;:&quot;&quot;,&quot;right&quot;:&quot;&quot;,&quot;bottom&quot;:&quot;&quot;,&quot;left&quot;:&quot;&quot;,&quot;isLinked&quot;:true},&quot;element_pack_global_tooltip_border_radius_tablet&quot;:{&quot;unit&quot;:&quot;px&quot;,&quot;top&quot;:&quot;&quot;,&quot;right&quot;:&quot;&quot;,&quot;bottom&quot;:&quot;&quot;,&quot;left&quot;:&quot;&quot;,&quot;isLinked&quot;:true},&quot;element_pack_global_tooltip_border_radius_mobile&quot;:{&quot;unit&quot;:&quot;px&quot;,&quot;top&quot;:&quot;&quot;,&quot;right&quot;:&quot;&quot;,&quot;bottom&quot;:&quot;&quot;,&quot;left&quot;:&quot;&quot;,&quot;isLinked&quot;:true}}\" data-elementor-post-type=\"page\">\n\t\t\t\t<div class=\"elementor-element elementor-element-8c53f12 e-flex e-con-boxed e-con e-parent\" data-id=\"8c53f12\" data-element_type=\"container\" data-settings=\"{&quot;background_background&quot;:&quot;classic&quot;}\">\n\t\t\t\t\t<div class=\"e-con-inner\">\n\t\t\t\t<div class=\"elementor-element elementor-element-ee90e81 elementor-widget elementor-widget-text-editor\" data-id=\"ee90e81\" data-element_type=\"widget\" data-widget_type=\"text-editor.default\">\n\t\t\t\t<div class=\"elementor-widget-container\">\n\t\t\t\t\t\t\t\t\t<p data-start=\"280\" data-end=\"315\"><strong data-start=\"280\" data-end=\"306\">Zuletzt aktualisiert:<\/strong> [Date]<\/p><p data-start=\"317\" data-end=\"619\">Willkommen auf der Website von <strong data-start=\"342\" data-end=\"371\">FlexiFinanz<\/strong>. Der Schutz Ihrer pers\u00f6nlichen Daten hat f\u00fcr uns h\u00f6chste Priorit\u00e4t. Ziel dieser Richtlinie ist es, Sie dar\u00fcber zu informieren, <strong data-start=\"474\" data-end=\"564\">Wie wir Ihre pers\u00f6nlichen Daten sammeln, verwenden und sch\u00fctzen<\/strong> wenn Sie unsere Finanzierungsplattform nutzen.<\/p><hr data-start=\"621\" data-end=\"624\" \/><h3 data-start=\"626\" data-end=\"660\"><strong data-start=\"629\" data-end=\"658\">1. Allgemeine Informationen<\/strong><\/h3><p data-start=\"661\" data-end=\"697\">\ud83d\udccc <strong data-start=\"664\" data-end=\"693\">Verantwortlicher<\/strong> :<\/p><ul data-start=\"698\" data-end=\"845\"><li data-start=\"698\" data-end=\"731\"><strong data-start=\"700\" data-end=\"729\">[Nom de votre entreprise]<\/strong><\/li><li data-start=\"732\" data-end=\"768\"><strong data-start=\"734\" data-end=\"745\">Adresse<\/strong> : [Adresse compl\u00e8te]<\/li><li data-start=\"769\" data-end=\"803\"><strong data-start=\"771\" data-end=\"780\">E-Mail<\/strong> : [Email de contact]<\/li><li data-start=\"804\" data-end=\"845\"><strong data-start=\"806\" data-end=\"819\">Telefon<\/strong> : [Num\u00e9ro de t\u00e9l\u00e9phone]<\/li><\/ul><p data-start=\"847\" data-end=\"1018\">\ud83d\udccc <strong data-start=\"850\" data-end=\"873\">Anwendungsgebiet<\/strong> :<br data-start=\"875\" data-end=\"878\" \/>Diese Richtlinie gilt f\u00fcr <strong data-start=\"907\" data-end=\"951\">alle Besucher, Interessenten und Kunden<\/strong> mit unseren Online-Services und Finanzierungsl\u00f6sungen.<\/p><hr data-start=\"1020\" data-end=\"1023\" \/><h3 data-start=\"1025\" data-end=\"1055\"><strong data-start=\"1028\" data-end=\"1053\">2. Erfasste Daten<\/strong><\/h3><p data-start=\"1056\" data-end=\"1159\">Wir sammeln <strong data-start=\"1072\" data-end=\"1109\">verschiedene Kategorien von Daten<\/strong> abh\u00e4ngig von Ihrer Interaktion mit unserer Plattform:<\/p><p data-start=\"1161\" data-end=\"1468\">\ud83d\udccc <strong data-start=\"1164\" data-end=\"1205\">Von Ihnen direkt bereitgestellte Daten<\/strong> :<br data-start=\"1207\" data-end=\"1210\" \/>\u2714 Vor- und Nachname<br data-start=\"1225\" data-end=\"1228\" \/>\u2714 E-Mail-Adresse und Telefonnummer<br data-start=\"1257\" data-end=\"1260\" \/>\u2714 Postanschrift<br data-start=\"1277\" data-end=\"1280\" \/>\u2714 Geburtsdatum<br data-start=\"1299\" data-end=\"1302\" \/>\u2714 Bankdaten (IBAN, aktuelle Bank)<br data-start=\"1350\" data-end=\"1353\" \/>\u2714 Einnahmen und finanzielle Ausgaben<br data-start=\"1385\" data-end=\"1388\" \/>\u2714 Belege (Personalausweis, Lohnabrechnungen, Kontoausz\u00fcge usw.)<\/p><p data-start=\"1470\" data-end=\"1674\">\ud83d\udccc <strong data-start=\"1473\" data-end=\"1511\">Automatisch erfasste Daten<\/strong> :<br data-start=\"1513\" data-end=\"1516\" \/>\u2714 IP-Adresse<br data-start=\"1528\" data-end=\"1531\" \/>\u2714 Browserdaten (Cookies, besuchte Seiten, Verbindungszeit)<br data-start=\"1600\" data-end=\"1603\" \/>\u2714 Informationen zum genutzten Endger\u00e4t (Computer, Handy, Tablet)<\/p><p data-start=\"1676\" data-end=\"1863\">\ud83d\udccc <strong data-start=\"1679\" data-end=\"1715\">Von Dritten erhaltene Daten<\/strong> :<br data-start=\"1717\" data-end=\"1720\" \/>\u2714 Informationen aus Bonit\u00e4tsdatenbanken und Kreditausk\u00fcnften (sofern vorhanden)<br data-start=\"1804\" data-end=\"1807\" \/>\u2714 Bankhistorie und R\u00fcckzahlungsverhalten<\/p><hr data-start=\"1865\" data-end=\"1868\" \/><h3 data-start=\"1870\" data-end=\"1918\"><strong data-start=\"1873\" data-end=\"1916\">3. Zwecke der Datenerhebung<\/strong><\/h3><p data-start=\"1919\" data-end=\"2000\">Wir verwenden Ihre Daten im Rahmen unserer Finanzierungsdienstleistungen, um:<\/p><p data-start=\"2002\" data-end=\"2410\">\u2714 <strong data-start=\"2004\" data-end=\"2055\">F\u00f6rderantr\u00e4ge analysieren und bearbeiten<\/strong><br data-start=\"2055\" data-end=\"2058\" \/>\u2714 <strong data-start=\"2060\" data-end=\"2118\">Bewerten Sie Ihre Kreditw\u00fcrdigkeit und managen Sie finanzielle Risiken<\/strong><br data-start=\"2118\" data-end=\"2121\" \/>\u2714 <strong data-start=\"2123\" data-end=\"2169\">Vertr\u00e4ge und Zahlungen \u00fcberwachen<\/strong><br data-start=\"2169\" data-end=\"2172\" \/>\u2714 <strong data-start=\"2174\" data-end=\"2229\">Einhaltung gesetzlicher und regulatorischer Verpflichtungen<\/strong><br data-start=\"2229\" data-end=\"2232\" \/>\u2714 <strong data-start=\"2234\" data-end=\"2287\">Verbessern Sie das Benutzererlebnis auf unserer Website<\/strong><br data-start=\"2287\" data-end=\"2290\" \/>\u2714 <strong data-start=\"2292\" data-end=\"2351\">Personalisieren Sie unsere Finanzangebote und Empfehlungen<\/strong><br data-start=\"2351\" data-end=\"2354\" \/>\u2714 <strong data-start=\"2356\" data-end=\"2408\">Gew\u00e4hrleistung von Sicherheit und Betrugspr\u00e4vention<\/strong><\/p><hr data-start=\"2412\" data-end=\"2415\" \/><h3 data-start=\"2417\" data-end=\"2462\"><strong data-start=\"2420\" data-end=\"2460\">4. Weitergabe und Schutz von Daten<\/strong><\/h3><p data-start=\"2463\" data-end=\"2548\">\ud83d\udccc <strong data-start=\"2466\" data-end=\"2517\">Wir verpflichten uns, Ihre Daten zu sch\u00fctzen<\/strong> und verkaufe sie niemals weiter.<\/p><p data-start=\"2550\" data-end=\"2891\">\ud83d\udccc <strong data-start=\"2553\" data-end=\"2610\">M\u00f6gliche Weitergabe an Dritte in folgenden F\u00e4llen<\/strong> :<br data-start=\"2612\" data-end=\"2615\" \/>\u2714 Aufsichtsbeh\u00f6rden und Justizbeh\u00f6rden (bei gesetzlicher Verpflichtung)<br data-start=\"2685\" data-end=\"2688\" \/>\u2714 Bank- und Versicherungspartner (wenn Ihr Anliegen eine Garantie oder Deckung erfordert)<br data-start=\"2785\" data-end=\"2788\" \/>\u2714 Technische Dienstleister und Site-Hosts (um das ordnungsgem\u00e4\u00dfe Funktionieren unserer Dienste sicherzustellen)<\/p><p data-start=\"2893\" data-end=\"3204\">\ud83d\udccc <strong data-start=\"2896\" data-end=\"2936\">Schutzma\u00dfnahmen getroffen<\/strong> :<br data-start=\"2938\" data-end=\"2941\" \/>\u2714 Sichere und normgerechte Datenspeicherung <strong data-start=\"3006\" data-end=\"3014\">DSGVO<\/strong><br data-start=\"3014\" data-end=\"3017\" \/>\u2714 Der Zugriff ist nur autorisierten Personen gestattet<br data-start=\"3066\" data-end=\"3069\" \/>\u2714 Verschl\u00fcsselung sensibler Bank- und pers\u00f6nlicher Daten<br data-start=\"3130\" data-end=\"3133\" \/>\u2714 Verbindungs\u00fcberwachung zur Verhinderung von Betrugsversuchen<\/p><hr data-start=\"3206\" data-end=\"3209\" \/><h3 data-start=\"3211\" data-end=\"3256\"><strong data-start=\"3214\" data-end=\"3254\">5. Dauer der Datenaufbewahrung<\/strong><\/h3><p data-start=\"3257\" data-end=\"3406\">\ud83d\udccc <strong data-start=\"3260\" data-end=\"3330\">Wir bewahren Ihre Daten nur so lange auf, wie es n\u00f6tig ist.<\/strong> zur Verwaltung Ihrer Akte und zur Einhaltung gesetzlicher Verpflichtungen.<\/p><p data-start=\"3408\" data-end=\"3695\">\u2714 <strong data-start=\"3410\" data-end=\"3433\">Finanzdaten<\/strong> : bis <strong data-start=\"3444\" data-end=\"3477\">5 Jahre nach Vertragsende<\/strong><br data-start=\"3477\" data-end=\"3480\" \/>\u2714 <strong data-start=\"3482\" data-end=\"3521\">Kontakt- und Navigationsdaten<\/strong> : bis <strong data-start=\"3532\" data-end=\"3574\">3 Jahre nach Ihrer letzten Interaktion<\/strong><br data-start=\"3574\" data-end=\"3577\" \/>\u2714 <strong data-start=\"3579\" data-end=\"3605\">Vertragsdaten<\/strong> : bis <strong data-start=\"3616\" data-end=\"3654\">10 Jahre nach Ende der F\u00f6rderung<\/strong>, in \u00dcbereinstimmung mit den Rechnungslegungsvorschriften<\/p><p data-start=\"3697\" data-end=\"3806\">Sie k\u00f6nnen jederzeit <strong data-start=\"3723\" data-end=\"3765\">L\u00f6schung Ihrer Daten verlangen<\/strong>, vorbehaltlich gesetzlicher Verpflichtungen.<\/p><hr data-start=\"3808\" data-end=\"3811\" \/><h3 data-start=\"3813\" data-end=\"3851\"><strong data-start=\"3816\" data-end=\"3849\">6. Ihre Rechte an Ihren Daten<\/strong><\/h3><p data-start=\"3852\" data-end=\"3932\">Im Einklang mit der <strong data-start=\"3869\" data-end=\"3893\">DSGVO-Bestimmungen<\/strong>haben Sie mehrere Rechte:<\/p><p data-start=\"3934\" data-end=\"4349\">\u2714 <strong data-start=\"3936\" data-end=\"3953\">Auskunftsrecht<\/strong> : Erhalten Sie eine Kopie der Daten, die wir \u00fcber Sie gespeichert haben<br data-start=\"4012\" data-end=\"4015\" \/>\u2714 <strong data-start=\"4017\" data-end=\"4043\">Recht auf Berichtigung<\/strong> : Ungenaue oder unvollst\u00e4ndige Informationen \u00e4ndern<br data-start=\"4096\" data-end=\"4099\" \/>\u2714 <strong data-start=\"4101\" data-end=\"4123\">Widerspruchsrecht<\/strong> : Der Nutzung Ihrer Daten f\u00fcr kommerzielle Zwecke widersprechen<br data-start=\"4190\" data-end=\"4193\" \/>\u2714 <strong data-start=\"4195\" data-end=\"4214\">Recht auf Vergessenwerden<\/strong> : Fordern Sie die L\u00f6schung Ihrer pers\u00f6nlichen Daten an<br data-start=\"4268\" data-end=\"4271\" \/>\u2714 <strong data-start=\"4273\" data-end=\"4299\">Recht auf Portabilit\u00e4t<\/strong> : Erhalten Sie Ihre Daten in einem strukturierten Format<\/p><p data-start=\"4351\" data-end=\"4498\">\ud83d\udccc <strong data-start=\"4354\" data-end=\"4386\">Wie k\u00f6nnen Sie Ihre Rechte aus\u00fcben?<\/strong><br data-start=\"4386\" data-end=\"4389\" \/>\ud83d\udce9 Senden Sie eine E-Mail an <strong data-start=\"4412\" data-end=\"4434\">[Email de contact]<\/strong> mit Ihrem Antrag und einer Kopie Ihres Identit\u00e4tsnachweises.<\/p><hr data-start=\"4500\" data-end=\"4503\" \/><h3 data-start=\"4505\" data-end=\"4536\"><strong data-start=\"4508\" data-end=\"4534\">7. Cookie-Verwaltung<\/strong><\/h3><p data-start=\"4537\" data-end=\"4739\">\ud83d\udccc <strong data-start=\"4540\" data-end=\"4568\">Was ist ein Cookie?<\/strong><br data-start=\"4568\" data-end=\"4571\" \/>Ein Cookie ist eine kleine Datei, die auf Ihrem Ger\u00e4t gespeichert wird, wenn Sie unsere Website besuchen. Es tr\u00e4gt dazu bei, Ihr Browser-Erlebnis zu verbessern und ma\u00dfgeschneiderte Inhalte bereitzustellen.<\/p><p data-start=\"4741\" data-end=\"4990\">\ud83d\udccc <strong data-start=\"4744\" data-end=\"4779\">Auf unserer Website verwendete Cookies<\/strong> :<br data-start=\"4781\" data-end=\"4784\" \/>\u2714 Funktionale Cookies (erforderlich f\u00fcr das ordnungsgem\u00e4\u00dfe Funktionieren der Website)<br data-start=\"4850\" data-end=\"4853\" \/>\u2714 Analytische Cookies (Statistiken und Optimierung der User Journey)<br data-start=\"4929\" data-end=\"4932\" \/>\u2714 Werbe-Cookies (auf Ihr Profil zugeschnittene Angebote)<\/p><p data-start=\"4992\" data-end=\"5212\">\ud83d\udccc <strong data-start=\"4995\" data-end=\"5026\">Wie verwalten Sie Ihre Cookies?<\/strong><br data-start=\"5026\" data-end=\"5029\" \/>Sie k\u00f6nnen Ihre Einstellungen jederzeit \u00fcber die <strong data-start=\"5088\" data-end=\"5122\">Ihre Browsereinstellungen<\/strong> oder in <strong data-start=\"5129\" data-end=\"5167\">Ablehnung der Verwendung von Cookies<\/strong> wenn Sie die Site zum ersten Mal besuchen.<\/p><hr data-start=\"5214\" data-end=\"5217\" \/><h3 data-start=\"5219\" data-end=\"5259\"><strong data-start=\"5222\" data-end=\"5257\">8. \u00c4nderungen und Aktualisierungen<\/strong><\/h3><p data-start=\"5260\" data-end=\"5409\">\ud83d\udccc <strong data-start=\"5263\" data-end=\"5342\">Wir behalten uns das Recht vor, diese Datenschutzrichtlinie zu \u00e4ndern.<\/strong> um rechtlichen und technologischen Entwicklungen gerecht zu werden.<\/p><p data-start=\"5411\" data-end=\"5531\">\ud83d\udcc5 <strong data-start=\"5414\" data-end=\"5440\">Zuletzt aktualisiert:<\/strong> [Date]<br data-start=\"5447\" data-end=\"5450\" \/>Alle \u00c4nderungen werden auf dieser Seite ver\u00f6ffentlicht und treten sofort in Kraft.<\/p><hr data-start=\"5533\" data-end=\"5536\" \/><h3 data-start=\"5538\" data-end=\"5573\"><strong data-start=\"5541\" data-end=\"5571\">9. Kontakt und Beschwerden<\/strong><\/h3><p data-start=\"5574\" data-end=\"5787\">\ud83d\udce9 <strong data-start=\"5577\" data-end=\"5665\">Bei Fragen oder Anfragen zu Ihren pers\u00f6nlichen Daten kontaktieren Sie uns:<\/strong><br data-start=\"5665\" data-end=\"5668\" \/>\ud83d\udce7 <strong data-start=\"5671\" data-end=\"5680\">E-Mail<\/strong> : [Adresse Email]<br data-start=\"5698\" data-end=\"5701\" \/>\ud83d\udccd <strong data-start=\"5704\" data-end=\"5723\">Postanschrift<\/strong> : [Adresse compl\u00e8te]<br data-start=\"5744\" data-end=\"5747\" \/>\ud83d\udcde <strong data-start=\"5750\" data-end=\"5763\">Telefon<\/strong> : [Num\u00e9ro de contact]<\/p><p data-start=\"5789\" data-end=\"5998\">Wenn Sie der Meinung sind, dass Ihre Rechte nicht respektiert werden, k\u00f6nnen Sie <strong data-start=\"5855\" data-end=\"5896\">eine Beschwerde bei der CNIL einreichen<\/strong> (Nationale Kommission f\u00fcr Informationstechnologie und b\u00fcrgerliche Freiheiten) oder die zust\u00e4ndige Beh\u00f6rde in Ihrem Land.<\/p>\t\t\t\t\t\t\t\t<\/div>\n\t\t\t\t<\/div>\n\t\t\t\t\t<\/div>\n\t\t\t\t<\/div>\n\t\t\t\t<\/div>","protected":false},"excerpt":{"rendered":"<p>Derni\u00e8re mise \u00e0 jour : [Date] Bienvenue sur le site de FlexiFinanz. La protection de vos donn\u00e9es personnelles est une priorit\u00e9. Cette [&hellip;]<\/p>","protected":false},"author":1,"featured_media":0,"parent":0,"menu_order":0,"comment_status":"closed","ping_status":"closed","template":"","meta":{"om_disable_all_campaigns":false,"_monsterinsights_skip_tracking":false,"_monsterinsights_sitenote_active":false,"_monsterinsights_sitenote_note":"","_monsterinsights_sitenote_category":0,"footnotes":""},"class_list":["post-859","page","type-page","status-publish","hentry"],"aioseo_notices":[],"_links":{"self":[{"href":"https:\/\/flexifinanz.com\/de\/wp-json\/wp\/v2\/pages\/859","targetHints":{"allow":["GET"]}}],"collection":[{"href":"https:\/\/flexifinanz.com\/de\/wp-json\/wp\/v2\/pages"}],"about":[{"href":"https:\/\/flexifinanz.com\/de\/wp-json\/wp\/v2\/types\/page"}],"author":[{"embeddable":true,"href":"https:\/\/flexifinanz.com\/de\/wp-json\/wp\/v2\/users\/1"}],"replies":[{"embeddable":true,"href":"https:\/\/flexifinanz.com\/de\/wp-json\/wp\/v2\/comments?post=859"}],"version-history":[{"count":0,"href":"https:\/\/flexifinanz.com\/de\/wp-json\/wp\/v2\/pages\/859\/revisions"}],"wp:attachment":[{"href":"https:\/\/flexifinanz.com\/de\/wp-json\/wp\/v2\/media?parent=859"}],"curies":[{"name":"wp","href":"https:\/\/api.w.org\/{rel}","templated":true}]}}