{"id":850,"date":"2025-02-22T23:27:30","date_gmt":"2025-02-22T22:27:30","guid":{"rendered":"https:\/\/flexifinanz.com\/?page_id=850"},"modified":"2025-03-14T11:16:21","modified_gmt":"2025-03-14T10:16:21","slug":"termes-et-conditions-generales-du-financement","status":"publish","type":"page","link":"https:\/\/flexifinanz.com\/de\/termes-et-conditions-generales-du-financement\/","title":{"rendered":"Allgemeine Finanzierungsbedingungen"},"content":{"rendered":"<div data-elementor-type=\"wp-page\" data-elementor-id=\"850\" class=\"elementor elementor-850\" data-elementor-settings=\"{&quot;element_pack_global_tooltip_width&quot;:{&quot;unit&quot;:&quot;px&quot;,&quot;size&quot;:&quot;&quot;,&quot;sizes&quot;:[]},&quot;element_pack_global_tooltip_width_tablet&quot;:{&quot;unit&quot;:&quot;px&quot;,&quot;size&quot;:&quot;&quot;,&quot;sizes&quot;:[]},&quot;element_pack_global_tooltip_width_mobile&quot;:{&quot;unit&quot;:&quot;px&quot;,&quot;size&quot;:&quot;&quot;,&quot;sizes&quot;:[]},&quot;element_pack_global_tooltip_padding&quot;:{&quot;unit&quot;:&quot;px&quot;,&quot;top&quot;:&quot;&quot;,&quot;right&quot;:&quot;&quot;,&quot;bottom&quot;:&quot;&quot;,&quot;left&quot;:&quot;&quot;,&quot;isLinked&quot;:true},&quot;element_pack_global_tooltip_padding_tablet&quot;:{&quot;unit&quot;:&quot;px&quot;,&quot;top&quot;:&quot;&quot;,&quot;right&quot;:&quot;&quot;,&quot;bottom&quot;:&quot;&quot;,&quot;left&quot;:&quot;&quot;,&quot;isLinked&quot;:true},&quot;element_pack_global_tooltip_padding_mobile&quot;:{&quot;unit&quot;:&quot;px&quot;,&quot;top&quot;:&quot;&quot;,&quot;right&quot;:&quot;&quot;,&quot;bottom&quot;:&quot;&quot;,&quot;left&quot;:&quot;&quot;,&quot;isLinked&quot;:true},&quot;element_pack_global_tooltip_border_radius&quot;:{&quot;unit&quot;:&quot;px&quot;,&quot;top&quot;:&quot;&quot;,&quot;right&quot;:&quot;&quot;,&quot;bottom&quot;:&quot;&quot;,&quot;left&quot;:&quot;&quot;,&quot;isLinked&quot;:true},&quot;element_pack_global_tooltip_border_radius_tablet&quot;:{&quot;unit&quot;:&quot;px&quot;,&quot;top&quot;:&quot;&quot;,&quot;right&quot;:&quot;&quot;,&quot;bottom&quot;:&quot;&quot;,&quot;left&quot;:&quot;&quot;,&quot;isLinked&quot;:true},&quot;element_pack_global_tooltip_border_radius_mobile&quot;:{&quot;unit&quot;:&quot;px&quot;,&quot;top&quot;:&quot;&quot;,&quot;right&quot;:&quot;&quot;,&quot;bottom&quot;:&quot;&quot;,&quot;left&quot;:&quot;&quot;,&quot;isLinked&quot;:true}}\" data-elementor-post-type=\"page\">\n\t\t\t\t<div class=\"elementor-element elementor-element-5f76b320 e-flex e-con-boxed e-con e-parent\" data-id=\"5f76b320\" data-element_type=\"container\" data-settings=\"{&quot;background_background&quot;:&quot;classic&quot;}\">\n\t\t\t\t\t<div class=\"e-con-inner\">\n\t\t\t\t<div class=\"elementor-element elementor-element-489873aa elementor-widget elementor-widget-text-editor\" data-id=\"489873aa\" data-element_type=\"widget\" data-widget_type=\"text-editor.default\">\n\t\t\t\t<div class=\"elementor-widget-container\">\n\t\t\t\t\t\t\t\t\t<h3 data-start=\"324\" data-end=\"360\"><strong data-start=\"328\" data-end=\"358\">1. Darstellung des Dienstes<\/strong><\/h3><p data-start=\"361\" data-end=\"617\">Dieses Dokument legt die <strong data-start=\"393\" data-end=\"427\">Allgemeine Gesch\u00e4ftsbedingungen<\/strong> anwendbar auf die Finanzierungsdienstleistungen von <strong data-start=\"481\" data-end=\"510\">Flexifinanz<\/strong>. Indem Sie auf unserer Plattform eine Finanzierung beantragen, erkl\u00e4ren Sie sich mit diesen Bedingungen in vollem Umfang einverstanden.<\/p><hr data-start=\"619\" data-end=\"622\" \/><h3 data-start=\"624\" data-end=\"684\"><strong data-start=\"627\" data-end=\"682\">2. F\u00f6rderf\u00e4higkeit und Bedingungen f\u00fcr den Zugang zu Finanzierungen<\/strong><\/h3><p data-start=\"685\" data-end=\"1176\">Um f\u00fcr eine F\u00f6rderung in Frage zu kommen, muss der Antragsteller:<br data-start=\"746\" data-end=\"749\" \/>\u2714 Alter <strong data-start=\"763\" data-end=\"781\">Mindestalter 18 Jahre<\/strong> und in einem berechtigten Land wohnen.<br data-start=\"815\" data-end=\"818\" \/>\u2714 Bereitstellung <strong data-start=\"832\" data-end=\"869\">genaue und vollst\u00e4ndige Informationen<\/strong> zu seiner Identit\u00e4t sowie seiner beruflichen und finanziellen Situation.<br data-start=\"931\" data-end=\"934\" \/>\u2714 Nicht zu sein <strong data-start=\"948\" data-end=\"996\">in einer Kreditvorfalldatei registriert<\/strong> es sei denn, es wird eine Ausgleichsgarantie gegeben.<br data-start=\"1045\" data-end=\"1048\" \/>\u2714 Beachten Sie die spezifischen Kriterien je nach <strong data-start=\"1100\" data-end=\"1131\">Art der gew\u00fcnschten Finanzierung<\/strong> (Immobilien, Gesch\u00e4ft, Personal usw.).<\/p><p data-start=\"1178\" data-end=\"1266\">\u2139 <strong data-start=\"1180\" data-end=\"1264\">Jede falsche Angabe kann zur Ablehnung oder Stornierung der Finanzierung f\u00fchren.<\/strong><\/p><hr data-start=\"1268\" data-end=\"1271\" \/><h3 data-start=\"1273\" data-end=\"1329\"><strong data-start=\"1276\" data-end=\"1327\">3. H\u00f6he, Dauer und Bedingungen der R\u00fcckerstattung<\/strong><\/h3><p data-start=\"1330\" data-end=\"1693\">\u2714 <strong data-start=\"1332\" data-end=\"1351\">Mindestbetrag<\/strong> : 100.000 \u20ac \u2013 <strong data-start=\"1365\" data-end=\"1384\">H\u00f6chstbetrag<\/strong> :<strong> \u221e<\/strong> \u20ac<br data-start=\"1396\" data-end=\"1399\" \/>\u2714 <strong data-start=\"1401\" data-end=\"1425\">Laufzeit der Finanzierung<\/strong> : <strong data-start=\"1428\" data-end=\"1448\">Von 12 bis 360 Monaten<\/strong> abh\u00e4ngig vom Projekt und der F\u00f6rderf\u00e4higkeit.<br data-start=\"1482\" data-end=\"1485\" \/>\u2714 <strong data-start=\"1487\" data-end=\"1504\">Erstattung<\/strong> : Monatlich, per automatischer Abbuchung vom angegebenen Bankkonto.<br data-start=\"1575\" data-end=\"1578\" \/>\u2714 <strong data-start=\"1580\" data-end=\"1607\">Angewandter Zinssatz<\/strong> : Aus <strong data-start=\"1622\" data-end=\"1631\">2 %<\/strong>, abh\u00e4ngig von der Finanzierungsart und dem Profil des Kreditnehmers.<\/p><p data-start=\"1695\" data-end=\"1821\">\ud83d\udccc <strong data-start=\"1698\" data-end=\"1819\">Jede versp\u00e4tete Zahlung kann zu zus\u00e4tzlichen Geb\u00fchren und einer negativen Auswirkung auf Ihre Kreditw\u00fcrdigkeit f\u00fchren.<\/strong><\/p><hr data-start=\"1823\" data-end=\"1826\" \/><h3 data-start=\"1828\" data-end=\"1863\"><strong data-start=\"1831\" data-end=\"1861\">4. Garantien und Versicherung<\/strong><\/h3><p data-start=\"1864\" data-end=\"2091\">Um Ihre Finanzierung abzusichern, ben\u00f6tigen wir m\u00f6glicherweise:<br data-start=\"1919\" data-end=\"1922\" \/>\u2714 <strong data-start=\"1924\" data-end=\"1940\">Eine Garantie<\/strong> (Hypothek, Bankgarantie, Verm\u00f6gensverpf\u00e4ndung).<br data-start=\"1995\" data-end=\"1998\" \/>\u2714 <strong data-start=\"2000\" data-end=\"2028\">Kreditnehmerversicherung<\/strong> zur Absicherung der Risiken Tod, Invalidit\u00e4t und Verlust des Arbeitsplatzes.<\/p><p data-start=\"2093\" data-end=\"2216\">\u2139 Wenn eine Versicherung optional ist, empfehlen wir Ihnen dringend, einen f\u00fcr Ihre Situation geeigneten Schutz abzuschlie\u00dfen.<\/p><hr data-start=\"2218\" data-end=\"2221\" \/><h3 data-start=\"2223\" data-end=\"2259\"><strong data-start=\"2226\" data-end=\"2257\">5. Verpflichtungen des Antragstellers<\/strong><\/h3><p data-start=\"2260\" data-end=\"2608\">Mit der Annahme dieser Bedingungen erkl\u00e4rt sich der Kreditnehmer mit Folgendem einverstanden:<br data-start=\"2310\" data-end=\"2313\" \/>\u2714 Verwenden Sie die Mittel f\u00fcr den im F\u00f6rderantrag angegebenen Zweck.<br data-start=\"2386\" data-end=\"2389\" \/>\u2714 Zahler <strong data-start=\"2397\" data-end=\"2438\">monatliche Zahlungen zu den F\u00e4lligkeitsterminen<\/strong> ohne Zur\u00fcckgebliebenheit.<br data-start=\"2451\" data-end=\"2454\" \/>\u2714 Sofort informieren <strong data-start=\"2479\" data-end=\"2511\">jede \u00c4nderung der Situation<\/strong> (Beruf, Einkommen, Adresse usw.).<br data-start=\"2545\" data-end=\"2548\" \/>\u2714 Halten Sie alle geltenden Gesetze und Vorschriften ein.<\/p><p data-start=\"2610\" data-end=\"2722\">\ud83d\udccc <strong data-start=\"2613\" data-end=\"2720\">Jede Nichterf\u00fcllung von Verpflichtungen kann zur K\u00fcndigung der Finanzierung und zu rechtlichen Schritten f\u00fchren.<\/strong><\/p><hr data-start=\"2724\" data-end=\"2727\" \/><h3 data-start=\"2729\" data-end=\"2776\"><strong data-start=\"2732\" data-end=\"2774\">6. Verarbeitung personenbezogener Daten<\/strong><\/h3><p data-start=\"2777\" data-end=\"3133\">Die Erhebung und Verarbeitung Ihrer personenbezogenen Daten erfolgt gem\u00e4\u00df unseren <strong data-start=\"2851\" data-end=\"2883\">Datenschutzrichtlinie<\/strong>.<br data-start=\"2884\" data-end=\"2887\" \/>\u2714 Sie dienen ausschlie\u00dflich zur <strong data-start=\"2929\" data-end=\"2971\">die Untersuchung und Verwaltung Ihrer Akte<\/strong>.<br data-start=\"2972\" data-end=\"2975\" \/>\u2714 Sie werden nicht <strong data-start=\"2993\" data-end=\"3025\">niemals an Dritte weiterverkauft<\/strong>.<br data-start=\"3026\" data-end=\"3029\" \/>\u2714 Sie haben eine <strong data-start=\"3050\" data-end=\"3102\">Recht auf Auskunft, Berichtigung und L\u00f6schung<\/strong> Ihrer pers\u00f6nlichen Daten.<\/p><hr data-start=\"3135\" data-end=\"3138\" \/><h3 data-start=\"3140\" data-end=\"3192\"><strong data-start=\"3143\" data-end=\"3190\">7. K\u00fcndigung und Stornierung der Finanzierung<\/strong><\/h3><p data-start=\"3193\" data-end=\"3517\">Ihre Anfrage kann <strong data-start=\"3217\" data-end=\"3250\">abgelehnt, annulliert oder ausgesetzt<\/strong> in folgenden F\u00e4llen:<br data-start=\"3274\" data-end=\"3277\" \/>\u2714 Falsche Angaben oder Betrug festgestellt.<br data-start=\"3317\" data-end=\"3320\" \/>\u2714 Nichterf\u00fcllung vertraglicher Verpflichtungen (Nichtzahlung, Verzug, Nichtinanspruchnahme von Finanzierungen).<br data-start=\"3429\" data-end=\"3432\" \/>\u2714 \u00c4nderung der finanziellen Situation, die die R\u00fcckzahlungsf\u00e4higkeit gef\u00e4hrdet.<\/p><p data-start=\"3519\" data-end=\"3676\">\u2139 Im Falle einer Stornierung muss der Antragsteller <strong data-start=\"3561\" data-end=\"3605\">unverz\u00fcglich alle f\u00e4lligen Betr\u00e4ge zur\u00fcckzuzahlen<\/strong> gem\u00e4\u00df den im Finanzierungsvertrag festgelegten Bedingungen.<\/p><hr data-start=\"3678\" data-end=\"3681\" \/><h3 data-start=\"3683\" data-end=\"3725\"><strong data-start=\"3686\" data-end=\"3723\">8. Beschwerden und Kundendienst<\/strong><\/h3><p data-start=\"3726\" data-end=\"3921\">\ud83d\udcde <strong data-start=\"3729\" data-end=\"3748\">Brauchen Sie Hilfe?<\/strong> Unser Team steht Ihnen f\u00fcr alle Fragen gerne zur Verf\u00fcgung.<br data-start=\"3814\" data-end=\"3817\" \/>\ud83d\udce9 <strong data-start=\"3820\" data-end=\"3848\">Kontaktieren Sie uns per E-Mail<\/strong> : infos@flexifinanz.com<br data-start=\"3866\" data-end=\"3869\" \/>\ud83d\udccd <strong data-start=\"3872\" data-end=\"3898\">Oder besuchen Sie unsere B\u00fcros<\/strong> \u00e0 Paris, France; Bruxelle, Belgique; Lom\u00e9, Togo<\/p><hr data-start=\"3923\" data-end=\"3926\" \/><h3 data-start=\"3928\" data-end=\"3978\"><strong data-start=\"3931\" data-end=\"3976\">9. \u00c4nderungen der Allgemeinen Gesch\u00e4ftsbedingungen<\/strong><\/h3><p data-start=\"3979\" data-end=\"4142\">\ud83d\udccc <strong data-start=\"3982\" data-end=\"4052\">Wir behalten uns das Recht vor, diese Bedingungen jederzeit zu \u00e4ndern.<\/strong><br data-start=\"4052\" data-end=\"4055\" \/>Alle Aktualisierungen werden \u00fcber unsere Website bekannt gegeben und treten sofort in Kraft.<\/p><hr data-start=\"4144\" data-end=\"4147\" \/><h3 data-start=\"4149\" data-end=\"4188\"><strong data-start=\"4152\" data-end=\"4186\">10. Akzeptanz der Bedingungen<\/strong><\/h3><p data-start=\"4189\" data-end=\"4325\">Mit der \u00dcbermittlung Ihres Finanzierungsantrags best\u00e4tigen Sie, <strong data-start=\"4257\" data-end=\"4283\">gelesen, verstanden und akzeptiert<\/strong> die Gegenwart <strong data-start=\"4298\" data-end=\"4322\">Allgemeine Gesch\u00e4ftsbedingungen<\/strong>.<\/p><p data-start=\"4327\" data-end=\"4365\">\ud83d\udd39 <strong data-start=\"4330\" data-end=\"4354\">Zuletzt aktualisiert<\/strong> : 13\/04\/2018<\/p>\t\t\t\t\t\t\t\t<\/div>\n\t\t\t\t<\/div>\n\t\t\t\t\t<\/div>\n\t\t\t\t<\/div>\n\t\t<div class=\"elementor-element elementor-element-563fa9bd e-flex e-con-boxed elementor-invisible e-con e-parent\" data-id=\"563fa9bd\" data-element_type=\"container\" data-settings=\"{&quot;background_background&quot;:&quot;classic&quot;,&quot;animation&quot;:&quot;fadeInUp&quot;}\">\n\t\t\t\t\t<div class=\"e-con-inner\">\n\t\t\t\t<div class=\"elementor-element elementor-element-5881e4fa elementor-widget elementor-widget-heading\" data-id=\"5881e4fa\" data-element_type=\"widget\" data-widget_type=\"heading.default\">\n\t\t\t\t<div class=\"elementor-widget-container\">\n\t\t\t\t\t<h2 class=\"elementor-heading-title elementor-size-default\">Bereit, zu wettbewerbsf\u00e4higen Zinss\u00e4tzen zu investieren?<\/h2>\t\t\t\t<\/div>\n\t\t\t\t<\/div>\n\t\t\t\t<div class=\"elementor-element elementor-element-1dce8553 elementor-widget elementor-widget-text-editor\" data-id=\"1dce8553\" data-element_type=\"widget\" data-widget_type=\"text-editor.default\">\n\t\t\t\t<div class=\"elementor-widget-container\">\n\t\t\t\t\t\t\t\t\t<p data-pm-slice=\"1 1 []\">Genie\u00dfen <strong>Unsere g\u00fcnstigen Preise<\/strong> und realisieren Sie Ihre Projekte mit <strong>optimierte und vorteilhafte Finanzierung<\/strong>.<\/p>\t\t\t\t\t\t\t\t<\/div>\n\t\t\t\t<\/div>\n\t\t\t\t<div class=\"elementor-element elementor-element-14aa2111 elementor-align-center elementor-widget elementor-widget-button\" data-id=\"14aa2111\" data-element_type=\"widget\" data-widget_type=\"button.default\">\n\t\t\t\t<div class=\"elementor-widget-container\">\n\t\t\t\t\t\t\t\t\t<div class=\"elementor-button-wrapper\">\n\t\t\t\t\t<a class=\"elementor-button elementor-button-link elementor-size-sm\" href=\"https:\/\/flexifinanz.com\/de\/demander-un-financement\/\">\n\t\t\t\t\t\t<span class=\"elementor-button-content-wrapper\">\n\t\t\t\t\t\t<span class=\"elementor-button-icon\">\n\t\t\t\t<svg aria-hidden=\"true\" class=\"e-font-icon-svg e-fas-arrow-right\" viewbox=\"0 0 448 512\" xmlns=\"http:\/\/www.w3.org\/2000\/svg\"><path d=\"M190.5 66.9l22.2-22.2c9.4-9.4 24.6-9.4 33.9 0L441 239c9.4 9.4 9.4 24.6 0 33.9L246.6 467.3c-9.4 9.4-24.6 9.4-33.9 0l-22.2-22.2c-9.5-9.5-9.3-25 .4-34.3L311.4 296H24c-13.3 0-24-10.7-24-24v-32c0-13.3 10.7-24 24-24h287.4L190.9 101.2c-9.8-9.3-10-24.8-.4-34.3z\"><\/path><\/svg>\t\t\t<\/span>\n\t\t\t\t\t\t\t\t\t<span class=\"elementor-button-text\">F\u00f6rdermittel beantragen<\/span>\n\t\t\t\t\t<\/span>\n\t\t\t\t\t<\/a>\n\t\t\t\t<\/div>\n\t\t\t\t\t\t\t\t<\/div>\n\t\t\t\t<\/div>\n\t\t\t\t\t<\/div>\n\t\t\t\t<\/div>\n\t\t\t\t<\/div>","protected":false},"excerpt":{"rendered":"<p>1. Pr\u00e9sentation du Service Le pr\u00e9sent document \u00e9tablit les termes et conditions g\u00e9n\u00e9rales applicables aux services de financement propos\u00e9s par Flexifinanz. En [&hellip;]<\/p>","protected":false},"author":1,"featured_media":0,"parent":0,"menu_order":0,"comment_status":"closed","ping_status":"closed","template":"","meta":{"om_disable_all_campaigns":false,"_monsterinsights_skip_tracking":false,"_monsterinsights_sitenote_active":false,"_monsterinsights_sitenote_note":"","_monsterinsights_sitenote_category":0,"footnotes":""},"class_list":["post-850","page","type-page","status-publish","hentry"],"aioseo_notices":[],"_links":{"self":[{"href":"https:\/\/flexifinanz.com\/de\/wp-json\/wp\/v2\/pages\/850","targetHints":{"allow":["GET"]}}],"collection":[{"href":"https:\/\/flexifinanz.com\/de\/wp-json\/wp\/v2\/pages"}],"about":[{"href":"https:\/\/flexifinanz.com\/de\/wp-json\/wp\/v2\/types\/page"}],"author":[{"embeddable":true,"href":"https:\/\/flexifinanz.com\/de\/wp-json\/wp\/v2\/users\/1"}],"replies":[{"embeddable":true,"href":"https:\/\/flexifinanz.com\/de\/wp-json\/wp\/v2\/comments?post=850"}],"version-history":[{"count":0,"href":"https:\/\/flexifinanz.com\/de\/wp-json\/wp\/v2\/pages\/850\/revisions"}],"wp:attachment":[{"href":"https:\/\/flexifinanz.com\/de\/wp-json\/wp\/v2\/media?parent=850"}],"curies":[{"name":"wp","href":"https:\/\/api.w.org\/{rel}","templated":true}]}}