{"id":451,"date":"2025-02-21T03:24:24","date_gmt":"2025-02-21T02:24:24","guid":{"rendered":"https:\/\/flexifinanz.com\/?page_id=451"},"modified":"2025-02-26T00:05:31","modified_gmt":"2025-02-25T23:05:31","slug":"finanzierung-versicherung-sichern-ihr-projekt","status":"publish","type":"page","link":"https:\/\/flexifinanz.com\/de\/finanzierung-versicherung-sichern-ihr-projekt\/","title":{"rendered":"Finanzierungsversicherung: Sichern Sie Ihr Projekt ab"},"content":{"rendered":"<div data-elementor-type=\"wp-page\" data-elementor-id=\"451\" class=\"elementor elementor-451\" data-elementor-settings=\"{&quot;element_pack_global_tooltip_width&quot;:{&quot;unit&quot;:&quot;px&quot;,&quot;size&quot;:&quot;&quot;,&quot;sizes&quot;:[]},&quot;element_pack_global_tooltip_width_tablet&quot;:{&quot;unit&quot;:&quot;px&quot;,&quot;size&quot;:&quot;&quot;,&quot;sizes&quot;:[]},&quot;element_pack_global_tooltip_width_mobile&quot;:{&quot;unit&quot;:&quot;px&quot;,&quot;size&quot;:&quot;&quot;,&quot;sizes&quot;:[]},&quot;element_pack_global_tooltip_padding&quot;:{&quot;unit&quot;:&quot;px&quot;,&quot;top&quot;:&quot;&quot;,&quot;right&quot;:&quot;&quot;,&quot;bottom&quot;:&quot;&quot;,&quot;left&quot;:&quot;&quot;,&quot;isLinked&quot;:true},&quot;element_pack_global_tooltip_padding_tablet&quot;:{&quot;unit&quot;:&quot;px&quot;,&quot;top&quot;:&quot;&quot;,&quot;right&quot;:&quot;&quot;,&quot;bottom&quot;:&quot;&quot;,&quot;left&quot;:&quot;&quot;,&quot;isLinked&quot;:true},&quot;element_pack_global_tooltip_padding_mobile&quot;:{&quot;unit&quot;:&quot;px&quot;,&quot;top&quot;:&quot;&quot;,&quot;right&quot;:&quot;&quot;,&quot;bottom&quot;:&quot;&quot;,&quot;left&quot;:&quot;&quot;,&quot;isLinked&quot;:true},&quot;element_pack_global_tooltip_border_radius&quot;:{&quot;unit&quot;:&quot;px&quot;,&quot;top&quot;:&quot;&quot;,&quot;right&quot;:&quot;&quot;,&quot;bottom&quot;:&quot;&quot;,&quot;left&quot;:&quot;&quot;,&quot;isLinked&quot;:true},&quot;element_pack_global_tooltip_border_radius_tablet&quot;:{&quot;unit&quot;:&quot;px&quot;,&quot;top&quot;:&quot;&quot;,&quot;right&quot;:&quot;&quot;,&quot;bottom&quot;:&quot;&quot;,&quot;left&quot;:&quot;&quot;,&quot;isLinked&quot;:true},&quot;element_pack_global_tooltip_border_radius_mobile&quot;:{&quot;unit&quot;:&quot;px&quot;,&quot;top&quot;:&quot;&quot;,&quot;right&quot;:&quot;&quot;,&quot;bottom&quot;:&quot;&quot;,&quot;left&quot;:&quot;&quot;,&quot;isLinked&quot;:true}}\" data-elementor-post-type=\"page\">\n\t\t\t\t<div class=\"elementor-element elementor-element-d13003a e-flex e-con-boxed e-con e-parent\" data-id=\"d13003a\" data-element_type=\"container\" data-settings=\"{&quot;background_background&quot;:&quot;classic&quot;}\">\n\t\t\t\t\t<div class=\"e-con-inner\">\n\t\t\t\t<div class=\"elementor-element elementor-element-59e44634 elementor-widget elementor-widget-text-editor\" data-id=\"59e44634\" data-element_type=\"widget\" data-widget_type=\"text-editor.default\">\n\t\t\t\t<div class=\"elementor-widget-container\">\n\t\t\t\t\t\t\t\t\t<h2 data-pm-slice=\"1 1 []\">Warum sollten Sie Ihre Finanzierung versichern?<\/h2><p>Die Finanzierung ist ein wichtiger Schritt bei der Realisierung eines Projekts, aber genauso wichtig ist es, <strong>Schutz vor dem Unerwarteten<\/strong> was die Rentabilit\u00e4t und die R\u00fcckzahlungsf\u00e4higkeit beeintr\u00e4chtigen kann. UNSER <strong>Finanzierung Versicherung<\/strong> bietet umfassenden Schutz vor betrieblichen, wirtschaftlichen und materiellen Risiken.<\/p><p>Diese Versicherung ist <strong>OBLIGATORISCH<\/strong> um die Durchf\u00fchrbarkeit des Projekts zu garantieren und eine reibungslose Abwicklung der R\u00fcckerstattung sicherzustellen.<\/p><p>\u2705 <strong>Sicherstellung von R\u00fcckerstattungen und finanziellen Verpflichtungen<\/strong><br \/>\u2705 <strong>Absicherung gegen wirtschaftliche und materielle Risiken<\/strong><br \/>\u2705 <strong>Schutz vor Unterbrechungen und finanziellen Einbu\u00dfen<\/strong><br \/>\u2705 <strong>Unterst\u00fctzung bei unvorhergesehenen Ereignissen mit Auswirkungen auf das Projekt<\/strong><\/p>\t\t\t\t\t\t\t\t<\/div>\n\t\t\t\t<\/div>\n\t\t\t\t<div class=\"elementor-element elementor-element-cef7d30 elementor-align-left elementor-invisible elementor-widget elementor-widget-button\" data-id=\"cef7d30\" data-element_type=\"widget\" data-settings=\"{&quot;_animation&quot;:&quot;fadeInUp&quot;,&quot;_animation_delay&quot;:500}\" data-widget_type=\"button.default\">\n\t\t\t\t<div class=\"elementor-widget-container\">\n\t\t\t\t\t\t\t\t\t<div class=\"elementor-button-wrapper\">\n\t\t\t\t\t<a class=\"elementor-button elementor-button-link elementor-size-sm\" href=\"#assurance\">\n\t\t\t\t\t\t<span class=\"elementor-button-content-wrapper\">\n\t\t\t\t\t\t<span class=\"elementor-button-icon\">\n\t\t\t\t<svg aria-hidden=\"true\" class=\"e-font-icon-svg e-fas-arrow-right\" viewbox=\"0 0 448 512\" xmlns=\"http:\/\/www.w3.org\/2000\/svg\"><path d=\"M190.5 66.9l22.2-22.2c9.4-9.4 24.6-9.4 33.9 0L441 239c9.4 9.4 9.4 24.6 0 33.9L246.6 467.3c-9.4 9.4-24.6 9.4-33.9 0l-22.2-22.2c-9.5-9.5-9.3-25 .4-34.3L311.4 296H24c-13.3 0-24-10.7-24-24v-32c0-13.3 10.7-24 24-24h287.4L190.9 101.2c-9.8-9.3-10-24.8-.4-34.3z\"><\/path><\/svg>\t\t\t<\/span>\n\t\t\t\t\t\t\t\t\t<span class=\"elementor-button-text\">Abonnieren<\/span>\n\t\t\t\t\t<\/span>\n\t\t\t\t\t<\/a>\n\t\t\t\t<\/div>\n\t\t\t\t\t\t\t\t<\/div>\n\t\t\t\t<\/div>\n\t\t\t\t\t<\/div>\n\t\t\t\t<\/div>\n\t\t<div class=\"elementor-element elementor-element-12814ea0 e-flex e-con-boxed elementor-invisible e-con e-parent\" data-id=\"12814ea0\" data-element_type=\"container\" data-settings=\"{&quot;background_background&quot;:&quot;classic&quot;,&quot;animation&quot;:&quot;fadeInUp&quot;}\">\n\t\t\t\t\t<div class=\"e-con-inner\">\n\t\t\t\t<div class=\"elementor-element elementor-element-552f2b elementor-widget elementor-widget-text-editor\" data-id=\"552f2b\" data-element_type=\"widget\" data-widget_type=\"text-editor.default\">\n\t\t\t\t<div class=\"elementor-widget-container\">\n\t\t\t\t\t\t\t\t\t<h2 data-pm-slice=\"1 1 []\"><span style=\"color: #ffffff;\">\ud83d\udccc <strong>Unsere Versicherungsl\u00f6sungen<\/strong><\/span><\/h2><h3><span style=\"color: #ffffff;\">\ud83c\udfe2 <strong>Immobilienfinanzierung Versicherung<\/strong><\/span><\/h3><p><span style=\"color: #ffffff;\">Sichern Sie die Nachhaltigkeit Ihrer Immobilieninvestition mit einer umfassenden Absicherung.<\/span><br \/><span style=\"color: #ffffff;\">\u2705 Schutz vor Mietausf\u00e4llen und Forderungen<\/span><br \/><span style=\"color: #ffffff;\">\u2705 Garantie f\u00fcr finanzielle Verluste im Zusammenhang mit Mietunterbrechungen<\/span><br \/><span style=\"color: #ffffff;\">\u2705 Absicherung von Sanierungs- und Bauvorhaben<\/span><\/p><h3><span style=\"color: #ffffff;\">\ud83d\udcc8 <strong>Versicherungsfinanzierung von Finanzprojekten<\/strong><\/span><\/h3><p><span style=\"color: #ffffff;\">Stabilisieren und sch\u00fctzen Sie Ihre finanziellen Verpflichtungen.<\/span><br \/><span style=\"color: #ffffff;\">\u2705 Absicherung gegen Konjunkturschwankungen<\/span><br \/><span style=\"color: #ffffff;\">\u2705 Absicherung gegen Zahlungsausf\u00e4lle<\/span><br \/><span style=\"color: #ffffff;\">\u2705 Schutz vor Risiken im Zusammenhang mit Finanzinvestitionen<\/span><\/p><h3><span style=\"color: #ffffff;\">\ud83d\ude80 <strong>Startups und Unternehmen zur Versicherungsfinanzierung<\/strong><\/span><\/h3><p><span style=\"color: #ffffff;\">Unterst\u00fctzen Sie Ihr Unternehmenswachstum auf sichere Weise.<\/span><br \/><span style=\"color: #ffffff;\">\u2705 Schutz vor wirtschaftlichen Risiken und Abschw\u00fcngen<\/span><br \/><span style=\"color: #ffffff;\">\u2705 Sicherstellung der Finanzierung der Entwicklung<\/span><br \/><span style=\"color: #ffffff;\">\u2705 Absicherung gegen finanzielle Verluste durch Betriebsunterbrechung<\/span><\/p><h3><span style=\"color: #ffffff;\">\ud83c\udf0d <strong>Energie- und Infrastrukturfinanzierung Versicherung<\/strong><\/span><\/h3><p><span style=\"color: #ffffff;\">Stellen Sie die Stabilit\u00e4t Ihres Energie- oder Infrastrukturprojekts angesichts unvorhergesehener Ereignisse sicher.<\/span><br \/><span style=\"color: #ffffff;\">\u2705 Absicherung gegen Naturkatastrophen und Witterungsereignisse<\/span><br \/><span style=\"color: #ffffff;\">\u2705 Garantie f\u00fcr Produktionsunterbrechungen und Betriebsverluste<\/span><br \/><span style=\"color: #ffffff;\">\u2705 Sicherung der Infrastruktur und Ausr\u00fcstung<\/span><\/p><h3><span style=\"color: #ffffff;\">\ud83c\udf31 <strong>Landwirtschaft &amp; Lebensmittelfinanzierung Versicherung<\/strong><\/span><\/h3><p><span style=\"color: #ffffff;\">Sch\u00fctzen Sie Ihre landwirtschaftlichen Investitionen vor \u00f6kologischen und wirtschaftlichen Risiken.<\/span><br \/><span style=\"color: #ffffff;\">\u2705 Sicherheit vor extremen Wetterbedingungen<\/span><br \/><span style=\"color: #ffffff;\">\u2705 Garantie gegen Ertragsverluste und Preisschwankungen<\/span><br \/><span style=\"color: #ffffff;\">\u2705 Schutz von Infrastruktur und Lieferketten<\/span><\/p><h3><span style=\"color: #ffffff;\">\ud83c\udfae <strong>Versicherung Finanzen Freizeit &amp; Unterhaltung<\/strong><\/span><\/h3><p><span style=\"color: #ffffff;\">Sch\u00fctzen Sie Ihre Projekte im Bereich Freizeit und Unterhaltung.<\/span><br \/><span style=\"color: #ffffff;\">\u2705 Absicherung gegen Veranstaltungs- und Produktionsabsagen<\/span><br \/><span style=\"color: #ffffff;\">\u2705 Sicherung digitaler Plattformen und Franchises<\/span><br \/><span style=\"color: #ffffff;\">\u2705 Garantie gegen unvorhergesehene finanzielle Verluste<\/span><\/p><h3><span style=\"color: #ffffff;\">\ud83d\udc8e <strong>Luxus- und Modefinanzierungsversicherung<\/strong><\/span><\/h3><p><span style=\"color: #ffffff;\">Sichern Sie Ihre Investitionen im Luxus- und Modesektor.<\/span><br \/><span style=\"color: #ffffff;\">\u2705 Schutz von Best\u00e4nden und seltenen Materialien<\/span><br \/><span style=\"color: #ffffff;\">\u2705 Sicherheit vor F\u00e4lschungen und finanziellen Verlusten<\/span><br \/><span style=\"color: #ffffff;\">\u2705 Garantie der Bewertung von Marken und Verm\u00f6genswerten<\/span><\/p>\t\t\t\t\t\t\t\t<\/div>\n\t\t\t\t<\/div>\n\t\t\t\t\t<\/div>\n\t\t\t\t<\/div>\n\t\t<div class=\"elementor-element elementor-element-8de8cf0 elementor-hidden-desktop elementor-hidden-tablet elementor-hidden-mobile e-flex e-con-boxed elementor-invisible e-con e-parent\" data-id=\"8de8cf0\" data-element_type=\"container\" data-settings=\"{&quot;background_background&quot;:&quot;classic&quot;,&quot;animation_mobile&quot;:&quot;fadeInUp&quot;,&quot;animation&quot;:&quot;fadeInUp&quot;}\">\n\t\t\t\t\t<div class=\"e-con-inner\">\n\t\t\t\t<div class=\"elementor-element elementor-element-ce59035 elementor-widget elementor-widget-html\" data-id=\"ce59035\" data-element_type=\"widget\" data-widget_type=\"html.default\">\n\t\t\t\t<div class=\"elementor-widget-container\">\n\t\t\t\t\t<!DOCTYPE html>\n<html lang=\"fr\">\n<head>\n    <meta charset=\"UTF-8\">\n    <meta name=\"viewport\" content=\"width=device-width, initial-scale=1.0\">\n    <title>Versicherungskosten-Simulator<\/title>\n    <script src=\"https:\/\/cdn.jsdelivr.net\/npm\/chart.js\"><\/script>\n    <style>\n        body {\n            font-family: Arial, sans-serif;\n            background-color: #1FCC79;\n            color: white;\n            margin: 0;\n            text-align: left;\n        }\n        .container {\n            padding: 30px;\n            border-radius: 12px;\n            max-width: 950px;\n            width: 100%;\n            margin: auto;\n            background: #fff;\n        }\n        .form-section, .result-section {\n            width: 100%;\n            padding: 20px;\n        }\n        .form-section {\n            display: flex;\n            flex-direction: column;\n            color: black;\n        }\n        .result-section {\n            background-color: #000;\n            color: white;\n            border-radius: 30px;\n            display: none;\n            flex-direction: column;\n            justify-content: center;\n            text-align: center;\n            padding: 20px;\n            margin-top: 20px;\n        }\n        select, input, button {\n            width: 100%;\n            padding: 12px;\n            margin: 10px 0;\n            border-radius: 8px;\n            border: 1px solid #555;\n            font-size: 1em;\n            background: #ffffff;\n            color: black;\n        }\n        button {\n            background-color: #ffcc00;\n            color: black;\n            border: none;\n            cursor: pointer;\n            font-size: 1em;\n            font-weight: bold;\n            text-transform: uppercase;\n        }\n        button:hover {\n            background-color: #e6b800;\n        }\n        .chart-container {\n            width: 100%;\n            max-width: 600px;\n            height: 200px;\n            margin: auto;\n        }\n    <\/style>\n<\/head>\n<body>\n    <div class=\"container\">\n        <div class=\"form-section\">\n            <h2>Versicherungskosten-Simulator<\/h2>\n            <label for=\"category\">Versicherungstyp:<\/label>\n            <select id=\"category\">\n                <option value=\"0.2\">Technologie &amp; Innovation<\/option>\n                <option value=\"0.3\">Immobilie<\/option>\n                <option value=\"0.25\">Energie &amp; Umwelt<\/option>\n                <option value=\"0.22\">Gesundheit und Wellness<\/option>\n                <option value=\"0.28\">Handel &amp; E-Commerce<\/option>\n                <option value=\"0.26\">Industrie &amp; Logistik<\/option>\n                <option value=\"0.24\">Landwirtschaft und Nahrungsmittelindustrie<\/option>\n                <option value=\"0.3\">Freizeit &amp; Unterhaltung<\/option>\n                <option value=\"0.2\">PME &amp; Startups<\/option>\n                <option value=\"0.27\">Luxe &amp; Mode<\/option>\n            <\/select>\n            <label for=\"coverage\">Garantieumfang:<\/label>\n            <select id=\"coverage\">\n                <option value=\"1\">Garantieren Sie die Basis<\/option>\n                <option value=\"1.2\">Erweiterte Garantie<\/option>\n                <option value=\"1.5\">Garantie Premium<\/option>\n            <\/select>\n            <label for=\"amount\">Zu versicherndes Kapital (\u20ac):<\/label>\n            <input type=\"number\" id=\"amount\" placeholder=\"Geben Sie das versicherte Kapital ein\" min=\"100000\" required>\n            <label for=\"duration\">Vertragslaufzeit (Jahre):<\/label>\n            <input type=\"number\" id=\"duration\" placeholder=\"Geben Sie die Dauer ein\" min=\"1\" max=\"30\" required>\n            <button onclick=\"calculateInsurance()\">Berechnen<\/button>\n        <\/div>\n        <div class=\"result-section\" id=\"result\">\n            <h3 style=\"color: white;\">Gesch\u00e4tzte Versicherungskosten<\/h3>\n            <div class=\"result-info\">\n                <p><span class=\"result-label\">Versichertes Kapital:<\/span> <span id=\"insuredAmount\">-- \u20ac<\/span><\/p>\n                <p><span class=\"result-label\">Monatliche Geb\u00fchren:<\/span> <span id=\"monthlyFee\">-- \u20ac<\/span><\/p>\n                <p><span class=\"result-label\">Jahresgeb\u00fchren:<\/span> <span id=\"annualFee\">-- \u20ac<\/span><\/p>\n                <p><span class=\"result-label\">Gesamtkosten im Zeitverlauf:<\/span> <span id=\"totalCost\">-- \u20ac<\/span><\/p>\n            <\/div>\n            <div class=\"chart-container\">\n                <canvas id=\"insuranceChart\"><\/canvas>\n            <\/div>\n        <\/div>\n    <\/div>\n    <script>\n        let chartInstance;\n        function calculateInsurance() {\n            let amount = parseFloat(document.getElementById(\"amount\").value);\n            let ctx = document.getElementById(\"insuranceChart\").getContext(\"2d\");\n            \n            let totalCost = amount * 0.01;\n            let annualFee = totalCost \/ parseInt(document.getElementById(\"duration\").value);\n            let monthlyFee = annualFee \/ 12;\n\n            document.getElementById(\"insuredAmount\").innerHTML = `${amount.toFixed(2)}\u20ac`;\n            document.getElementById(\"monthlyFee\").innerHTML = `${monthlyFee.toFixed(2)}\u20ac`;\n            document.getElementById(\"annualFee\").innerHTML = `${annualFee.toFixed(2)}\u20ac`;\n            document.getElementById(\"totalCost\").innerHTML = `${totalCost.toFixed(2)}\u20ac`;\n            \n            document.getElementById(\"result\").style.display = \"flex\";\n\n            if (chartInstance) {\n                chartInstance.destroy();\n            }\n            chartInstance = new Chart(ctx, {\n                type: 'line',\n                data: {\n                    labels: [\"Capital Assur\u00e9\", \"Frais Annuels\", \"Co\u00fbt Total\"],\n                    datasets: [{\n                        data: [amount, annualFee, totalCost],\n                        borderColor: \"#ffcc00\",\n                        backgroundColor: \"transparent\",\n                        tension: 0.4\n                    }]\n                },\n                options: {\n                    responsive: true,\n                    maintainAspectRatio: false,\n                    scales: {\n                        y: {\n                            beginAtZero: true\n                        }\n                    }\n                }\n            });\n        }\n    <\/script>\n<\/body>\n<\/html>\n\t\t\t\t<\/div>\n\t\t\t\t<\/div>\n\t\t\t\t\t<\/div>\n\t\t\t\t<\/div>\n\t\t<div class=\"elementor-element elementor-element-57bcfe8 e-flex e-con-boxed e-con e-parent\" data-id=\"57bcfe8\" data-element_type=\"container\">\n\t\t\t\t\t<div class=\"e-con-inner\">\n\t\t\t\t<div class=\"elementor-element elementor-element-aa91726 elementor-widget elementor-widget-spacer\" data-id=\"aa91726\" data-element_type=\"widget\" data-widget_type=\"spacer.default\">\n\t\t\t\t<div class=\"elementor-widget-container\">\n\t\t\t\t\t\t\t<div class=\"elementor-spacer\">\n\t\t\t<div class=\"elementor-spacer-inner\"><\/div>\n\t\t<\/div>\n\t\t\t\t\t\t<\/div>\n\t\t\t\t<\/div>\n\t\t\t\t\t<\/div>\n\t\t\t\t<\/div>\n\t\t<div class=\"elementor-element elementor-element-4a7e2cc3 e-flex e-con-boxed elementor-invisible e-con e-parent\" data-id=\"4a7e2cc3\" data-element_type=\"container\" data-settings=\"{&quot;background_background&quot;:&quot;classic&quot;,&quot;animation_mobile&quot;:&quot;fadeInUp&quot;,&quot;animation&quot;:&quot;fadeInUp&quot;}\">\n\t\t\t\t\t<div class=\"e-con-inner\">\n\t\t\t\t<div class=\"elementor-element elementor-element-5a76572 elementor-widget elementor-widget-menu-anchor\" data-id=\"5a76572\" data-element_type=\"widget\" data-widget_type=\"menu-anchor.default\">\n\t\t\t\t<div class=\"elementor-widget-container\">\n\t\t\t\t\t\t\t<div class=\"elementor-menu-anchor\" id=\"assurance\"><\/div>\n\t\t\t\t\t\t<\/div>\n\t\t\t\t<\/div>\n\t\t\t\t<div class=\"elementor-element elementor-element-553f5a33 elementor-widget elementor-widget-text-editor\" data-id=\"553f5a33\" data-element_type=\"widget\" data-widget_type=\"text-editor.default\">\n\t\t\t\t<div class=\"elementor-widget-container\">\n\t\t\t\t\t\t\t\t\t<h2 data-pm-slice=\"1 1 []\">\ud83d\udce2 <strong>Jetzt abonnieren!<\/strong><\/h2><p>Versicherung ist eine <strong>Erfordernis<\/strong> f\u00fcr jeden F\u00f6rderempf\u00e4nger, um die Projekt- und Erstattungssicherheit zu gew\u00e4hrleisten. F\u00fcllen Sie das untenstehende Formular aus, um Ihren Versicherungsschutz zu abonnieren.<\/p>\t\t\t\t\t\t\t\t<\/div>\n\t\t\t\t<\/div>\n\t\t\t\t\t<\/div>\n\t\t\t\t<\/div>\n\t\t\t\t<\/div>","protected":false},"excerpt":{"rendered":"<p>Pourquoi souscrire une assurance pour votre financement ? Obtenir un financement est une \u00e9tape cl\u00e9 pour concr\u00e9tiser un projet, mais il est [&hellip;]<\/p>","protected":false},"author":1,"featured_media":575,"parent":0,"menu_order":0,"comment_status":"closed","ping_status":"closed","template":"","meta":{"om_disable_all_campaigns":false,"_monsterinsights_skip_tracking":false,"_monsterinsights_sitenote_active":false,"_monsterinsights_sitenote_note":"","_monsterinsights_sitenote_category":0,"footnotes":""},"class_list":["post-451","page","type-page","status-publish","has-post-thumbnail","hentry"],"aioseo_notices":[],"_links":{"self":[{"href":"https:\/\/flexifinanz.com\/de\/wp-json\/wp\/v2\/pages\/451","targetHints":{"allow":["GET"]}}],"collection":[{"href":"https:\/\/flexifinanz.com\/de\/wp-json\/wp\/v2\/pages"}],"about":[{"href":"https:\/\/flexifinanz.com\/de\/wp-json\/wp\/v2\/types\/page"}],"author":[{"embeddable":true,"href":"https:\/\/flexifinanz.com\/de\/wp-json\/wp\/v2\/users\/1"}],"replies":[{"embeddable":true,"href":"https:\/\/flexifinanz.com\/de\/wp-json\/wp\/v2\/comments?post=451"}],"version-history":[{"count":0,"href":"https:\/\/flexifinanz.com\/de\/wp-json\/wp\/v2\/pages\/451\/revisions"}],"wp:featuredmedia":[{"embeddable":true,"href":"https:\/\/flexifinanz.com\/de\/wp-json\/wp\/v2\/media\/575"}],"wp:attachment":[{"href":"https:\/\/flexifinanz.com\/de\/wp-json\/wp\/v2\/media?parent=451"}],"curies":[{"name":"wp","href":"https:\/\/api.w.org\/{rel}","templated":true}]}}