{"id":315,"date":"2025-02-20T21:43:14","date_gmt":"2025-02-20T20:43:14","guid":{"rendered":"https:\/\/flexifinanz.com\/?page_id=315"},"modified":"2025-03-13T00:37:52","modified_gmt":"2025-03-12T23:37:52","slug":"unsere-gunstigen-preise","status":"publish","type":"page","link":"https:\/\/flexifinanz.com\/de\/unsere-gunstigen-preise\/","title":{"rendered":"Unsere g\u00fcnstigen Tarife: Optimale Erreichbarkeit"},"content":{"rendered":"<div data-elementor-type=\"wp-page\" data-elementor-id=\"315\" class=\"elementor elementor-315\" data-elementor-settings=\"{&quot;element_pack_global_tooltip_width&quot;:{&quot;unit&quot;:&quot;px&quot;,&quot;size&quot;:&quot;&quot;,&quot;sizes&quot;:[]},&quot;element_pack_global_tooltip_width_tablet&quot;:{&quot;unit&quot;:&quot;px&quot;,&quot;size&quot;:&quot;&quot;,&quot;sizes&quot;:[]},&quot;element_pack_global_tooltip_width_mobile&quot;:{&quot;unit&quot;:&quot;px&quot;,&quot;size&quot;:&quot;&quot;,&quot;sizes&quot;:[]},&quot;element_pack_global_tooltip_padding&quot;:{&quot;unit&quot;:&quot;px&quot;,&quot;top&quot;:&quot;&quot;,&quot;right&quot;:&quot;&quot;,&quot;bottom&quot;:&quot;&quot;,&quot;left&quot;:&quot;&quot;,&quot;isLinked&quot;:true},&quot;element_pack_global_tooltip_padding_tablet&quot;:{&quot;unit&quot;:&quot;px&quot;,&quot;top&quot;:&quot;&quot;,&quot;right&quot;:&quot;&quot;,&quot;bottom&quot;:&quot;&quot;,&quot;left&quot;:&quot;&quot;,&quot;isLinked&quot;:true},&quot;element_pack_global_tooltip_padding_mobile&quot;:{&quot;unit&quot;:&quot;px&quot;,&quot;top&quot;:&quot;&quot;,&quot;right&quot;:&quot;&quot;,&quot;bottom&quot;:&quot;&quot;,&quot;left&quot;:&quot;&quot;,&quot;isLinked&quot;:true},&quot;element_pack_global_tooltip_border_radius&quot;:{&quot;unit&quot;:&quot;px&quot;,&quot;top&quot;:&quot;&quot;,&quot;right&quot;:&quot;&quot;,&quot;bottom&quot;:&quot;&quot;,&quot;left&quot;:&quot;&quot;,&quot;isLinked&quot;:true},&quot;element_pack_global_tooltip_border_radius_tablet&quot;:{&quot;unit&quot;:&quot;px&quot;,&quot;top&quot;:&quot;&quot;,&quot;right&quot;:&quot;&quot;,&quot;bottom&quot;:&quot;&quot;,&quot;left&quot;:&quot;&quot;,&quot;isLinked&quot;:true},&quot;element_pack_global_tooltip_border_radius_mobile&quot;:{&quot;unit&quot;:&quot;px&quot;,&quot;top&quot;:&quot;&quot;,&quot;right&quot;:&quot;&quot;,&quot;bottom&quot;:&quot;&quot;,&quot;left&quot;:&quot;&quot;,&quot;isLinked&quot;:true}}\" data-elementor-post-type=\"page\">\n\t\t\t\t<div class=\"elementor-element elementor-element-723cec8c e-flex e-con-boxed e-con e-parent\" data-id=\"723cec8c\" data-element_type=\"container\" data-settings=\"{&quot;background_background&quot;:&quot;classic&quot;}\">\n\t\t\t\t\t<div class=\"e-con-inner\">\n\t\t\t\t<div class=\"elementor-element elementor-element-b6a959a elementor-widget elementor-widget-text-editor\" data-id=\"b6a959a\" data-element_type=\"widget\" data-widget_type=\"text-editor.default\">\n\t\t\t\t<div class=\"elementor-widget-container\">\n\t\t\t\t\t\t\t\t\t<h2 data-pm-slice=\"1 1 []\">Warum eine g\u00fcnstige Finanzierung von FlexiFinanz?<\/h2><p>Der Zugang zu Finanzierungen sollte nie ein Hindernis darstellen. Im Haus von <strong>FlexiFinanz<\/strong>bieten wir <strong>vorteilhafte und erschwingliche Preise<\/strong>, sodass jeder sein Projekt ohne \u00fcberm\u00e4\u00dfige finanzielle Belastungen finanzieren kann. Unsere Mission ist es, <strong>finanzielle H\u00fcrden abbauen<\/strong> und unsere Kunden mit an ihre Ziele angepassten L\u00f6sungen zu unterst\u00fctzen.<\/p><p>Dank unserer reduzierten Tarife profitieren Sie von <strong>mehr Flexibilit\u00e4t und Profitabilit\u00e4t<\/strong>, w\u00e4hrend Sie Ihre Investitionskapazit\u00e4t beibehalten, um Ihr Gesch\u00e4ft in aller Ruhe weiterzuentwickeln.<\/p>\t\t\t\t\t\t\t\t<\/div>\n\t\t\t\t<\/div>\n\t\t\t\t<div class=\"elementor-element elementor-element-8658ca8 elementor-align-left elementor-widget elementor-widget-button\" data-id=\"8658ca8\" data-element_type=\"widget\" data-widget_type=\"button.default\">\n\t\t\t\t<div class=\"elementor-widget-container\">\n\t\t\t\t\t\t\t\t\t<div class=\"elementor-button-wrapper\">\n\t\t\t\t\t<a class=\"elementor-button elementor-button-link elementor-size-sm\" href=\"#simulateur\">\n\t\t\t\t\t\t<span class=\"elementor-button-content-wrapper\">\n\t\t\t\t\t\t<span class=\"elementor-button-icon\">\n\t\t\t\t<svg aria-hidden=\"true\" class=\"e-font-icon-svg e-fas-arrow-right\" viewbox=\"0 0 448 512\" xmlns=\"http:\/\/www.w3.org\/2000\/svg\"><path d=\"M190.5 66.9l22.2-22.2c9.4-9.4 24.6-9.4 33.9 0L441 239c9.4 9.4 9.4 24.6 0 33.9L246.6 467.3c-9.4 9.4-24.6 9.4-33.9 0l-22.2-22.2c-9.5-9.5-9.3-25 .4-34.3L311.4 296H24c-13.3 0-24-10.7-24-24v-32c0-13.3 10.7-24 24-24h287.4L190.9 101.2c-9.8-9.3-10-24.8-.4-34.3z\"><\/path><\/svg>\t\t\t<\/span>\n\t\t\t\t\t\t\t\t\t<span class=\"elementor-button-text\">Simulieren Sie Ihre Finanzierung<\/span>\n\t\t\t\t\t<\/span>\n\t\t\t\t\t<\/a>\n\t\t\t\t<\/div>\n\t\t\t\t\t\t\t\t<\/div>\n\t\t\t\t<\/div>\n\t\t\t\t\t<\/div>\n\t\t\t\t<\/div>\n\t\t<div class=\"elementor-element elementor-element-64daf4f7 e-flex e-con-boxed elementor-invisible e-con e-parent\" data-id=\"64daf4f7\" data-element_type=\"container\" data-settings=\"{&quot;background_background&quot;:&quot;classic&quot;,&quot;animation&quot;:&quot;fadeInUp&quot;}\">\n\t\t\t\t\t<div class=\"e-con-inner\">\n\t\t\t\t<div class=\"elementor-element elementor-element-27aec79e elementor-widget elementor-widget-text-editor\" data-id=\"27aec79e\" data-element_type=\"widget\" data-widget_type=\"text-editor.default\">\n\t\t\t\t<div class=\"elementor-widget-container\">\n\t\t\t\t\t\t\t\t\t<h2 data-pm-slice=\"1 1 []\">\ud83d\udcb0 Zug\u00e4ngliche und vorteilhafte Finanzierung<\/h2><p>Unsere vorteilhaften Konditionen erm\u00f6glichen Ihnen den Zugang zu einem <strong>einfache und schnelle Finanzierung<\/strong>, mit reduzierten Zinss\u00e4tzen, die Ihre finanziellen Verpflichtungen reduzieren.<\/p><p>\u2705 <strong>Einige der niedrigsten Preise auf dem Markt<\/strong><br \/>\u2705 <strong>Volle Kostentransparenz<\/strong><br \/>\u2705 <strong>An jedes Projekt angepasste Bedingungen<\/strong><\/p>\t\t\t\t\t\t\t\t<\/div>\n\t\t\t\t<\/div>\n\t\t\t\t\t<\/div>\n\t\t\t\t<\/div>\n\t\t<div class=\"elementor-element elementor-element-206b16ce e-flex e-con-boxed elementor-invisible e-con e-parent\" data-id=\"206b16ce\" data-element_type=\"container\" data-settings=\"{&quot;background_background&quot;:&quot;classic&quot;,&quot;animation&quot;:&quot;fadeInUp&quot;}\">\n\t\t\t\t\t<div class=\"e-con-inner\">\n\t\t\t\t<div class=\"elementor-element elementor-element-6fa2ce90 elementor-widget elementor-widget-text-editor\" data-id=\"6fa2ce90\" data-element_type=\"widget\" data-widget_type=\"text-editor.default\">\n\t\t\t\t<div class=\"elementor-widget-container\">\n\t\t\t\t\t\t\t\t\t<h2 data-pm-slice=\"1 1 []\"><span style=\"color: #ffffff;\">\ud83d\udcc8 Mehr Flexibilit\u00e4t, mehr M\u00f6glichkeiten<\/span><\/h2><p><span style=\"color: #ffffff;\">Unsere L\u00f6sungen erm\u00f6glichen Ihnen <strong>Sch\u00fctzen Sie Ihren Cashflow<\/strong> und optimieren Sie Ihre Rentabilit\u00e4t ohne \u00fcberm\u00e4\u00dfige Einschr\u00e4nkungen.<\/span><\/p><p><span style=\"color: #ffffff;\">\u2705 <strong>Flexible, an Ihre Bed\u00fcrfnisse angepasste Fristen<\/strong><\/span><br \/><span style=\"color: #ffffff;\">\u2705 <strong>M\u00f6glichkeit der vorzeitigen R\u00fcckzahlung ohne Strafe<\/strong><\/span><br \/><span style=\"color: #ffffff;\">\u2705 <strong>Ein personalisierter Ansatz f\u00fcr jede Finanzierung<\/strong><\/span><\/p>\t\t\t\t\t\t\t\t<\/div>\n\t\t\t\t<\/div>\n\t\t\t\t\t<\/div>\n\t\t\t\t<\/div>\n\t\t<div class=\"elementor-element elementor-element-12e27d32 e-flex e-con-boxed elementor-invisible e-con e-parent\" data-id=\"12e27d32\" data-element_type=\"container\" data-settings=\"{&quot;background_background&quot;:&quot;classic&quot;,&quot;animation&quot;:&quot;fadeInUp&quot;}\">\n\t\t\t\t\t<div class=\"e-con-inner\">\n\t\t\t\t<div class=\"elementor-element elementor-element-26e77b8b elementor-widget elementor-widget-text-editor\" data-id=\"26e77b8b\" data-element_type=\"widget\" data-widget_type=\"text-editor.default\">\n\t\t\t\t<div class=\"elementor-widget-container\">\n\t\t\t\t\t\t\t\t\t<h2 data-pm-slice=\"1 1 []\">\ud83d\ude80 Support, der Sie unterst\u00fctzt<\/h2><p>Wir finanzieren Ihre Projekte <strong>ohne Sie zu belasten<\/strong>, Gew\u00e4hrleistung einer <strong>vereinfachter Prozess<\/strong> und ein <strong>personalisierte Nachverfolgung<\/strong>.<\/p><p>\u2705 <strong>Unterst\u00fctzung w\u00e4hrend des gesamten Finanzierungsprozesses<\/strong><br \/>\u2705 <strong>Ma\u00dfgeschneiderte L\u00f6sungen entsprechend Ihrem Profil<\/strong><br \/>\u2705 <strong>Schneller Zugriff auf Mittel zur Verwirklichung Ihrer Projekte<\/strong><\/p>\t\t\t\t\t\t\t\t<\/div>\n\t\t\t\t<\/div>\n\t\t\t\t\t<\/div>\n\t\t\t\t<\/div>\n\t\t<div class=\"elementor-element elementor-element-838e821 e-flex e-con-boxed elementor-invisible e-con e-parent\" data-id=\"838e821\" data-element_type=\"container\" data-settings=\"{&quot;background_background&quot;:&quot;classic&quot;,&quot;animation&quot;:&quot;fadeInUp&quot;}\">\n\t\t\t\t\t<div class=\"e-con-inner\">\n\t\t\t\t<div class=\"elementor-element elementor-element-01475f9 elementor-widget elementor-widget-text-editor\" data-id=\"01475f9\" data-element_type=\"widget\" data-widget_type=\"text-editor.default\">\n\t\t\t\t<div class=\"elementor-widget-container\">\n\t\t\t\t\t\t\t\t\t<h2 data-pm-slice=\"1 1 []\">\ud83d\udce2 <strong>Warum sollten Sie sich f\u00fcr unsere zinsg\u00fcnstige Finanzierung entscheiden?<\/strong><\/h2><p>Wir haben einen Ansatz entwickelt, der es jedem erm\u00f6glicht, <strong>Finanzieren Sie Ihre Projekte mit vollem Vertrauen<\/strong>, mit <strong>optimale Bedingungen und ma\u00dfgeschneiderte Betreuung<\/strong>.<\/p><h3><strong>Unsere Vorteile:<\/strong><\/h3><p>\u2705 <strong>Wettbewerbsf\u00e4hige Preise, die auf jedes Projekt zugeschnitten sind<\/strong><br \/>\u2705 <strong>Ein vereinfachter und schneller Prozess<\/strong><br \/>\u2705 <strong>Strategische und finanzielle Unterst\u00fctzung<\/strong><br \/>\u2705 <strong>Finanzierung f\u00fcr alle zug\u00e4nglich<\/strong><\/p>\t\t\t\t\t\t\t\t<\/div>\n\t\t\t\t<\/div>\n\t\t\t\t\t<\/div>\n\t\t\t\t<\/div>\n\t\t<div class=\"elementor-element elementor-element-1b916d5 e-flex e-con-boxed elementor-invisible e-con e-parent\" data-id=\"1b916d5\" data-element_type=\"container\" data-settings=\"{&quot;background_background&quot;:&quot;classic&quot;,&quot;animation&quot;:&quot;fadeInUp&quot;}\">\n\t\t\t\t\t<div class=\"e-con-inner\">\n\t\t\t\t<div class=\"elementor-element elementor-element-cb22b2d elementor-widget elementor-widget-menu-anchor\" data-id=\"cb22b2d\" data-element_type=\"widget\" data-widget_type=\"menu-anchor.default\">\n\t\t\t\t<div class=\"elementor-widget-container\">\n\t\t\t\t\t\t\t<div class=\"elementor-menu-anchor\" id=\"simulateur\"><\/div>\n\t\t\t\t\t\t<\/div>\n\t\t\t\t<\/div>\n\t\t\t\t<div class=\"elementor-element elementor-element-08a674b elementor-widget elementor-widget-html\" data-id=\"08a674b\" data-element_type=\"widget\" data-widget_type=\"html.default\">\n\t\t\t\t<div class=\"elementor-widget-container\">\n\t\t\t\t\t<!DOCTYPE html>\n<html lang=\"fr\">\n<head>\n  <meta charset=\"UTF-8\">\n  <meta name=\"viewport\" content=\"width=device-width, initial-scale=1.0\">\n  <title>Finanzierungssimulator<\/title>\n  <script src=\"https:\/\/cdn.jsdelivr.net\/npm\/chart.js\"><\/script>\n  <style>\n    \/* Styles sp\u00e9cifiques au simulateur *\/\n    #simulateur-financement * {\n      box-sizing: border-box;\n    }\n    #simulateur-financement .container {\n      background: #6CFF84;\n      padding: 30px;\n      border-radius: 12px;\n      box-shadow: 0 0 0px rgba(0, 0, 0, 0.1);\n      max-width: 950px;\n      width: 100%;\n      margin: auto;\n    }\n    #simulateur-financement .form-section,\n    #simulateur-financement .result-section {\n      width: 100%;\n      padding: 0;\n    }\n    #simulateur-financement .form-section {\n      display: flex;\n      flex-direction: column;\n      color: black;\n      text-align: left;\n    }\n    #simulateur-financement .result-section {\n      background-color: #000;\n      color: white;\n      border-radius: 30px;\n      display: none;\n      flex-direction: column;\n      justify-content: center;\n      text-align: center;\n      padding: 20px;\n      margin-top: 20px;\n    }\n    #simulateur-financement select,\n    #simulateur-financement input,\n    #simulateur-financement button {\n      width: 100%;\n      padding: 12px;\n      margin: 10px 0;\n      border-radius: 8px;\n      border: 1px solid #555;\n      font-size: 1em;\n      transition: 0.3s;\n      background: #ffffff;\n      color: black;\n    }\n    #simulateur-financement button {\n      background-color: #ffcc00;\n      color: black;\n      border: none;\n      cursor: pointer;\n      font-size: 1em;\n      font-weight: bold;\n      text-transform: uppercase;\n    }\n    #simulateur-financement button:hover {\n      background-color: #e6b800;\n    }\n    #simulateur-financement .chart-container {\n      width: 100%;\n      max-width: 600px;\n      height: 400px;\n      margin: auto;\n    }\n  <\/style>\n<\/head>\n<body>\n  <!-- Autres \u00e9l\u00e9ments du site, par exemple le header et le menu -->\n  <header>\n    <!-- Contenu du menu du site -->\n  <\/header>\n  \n  <main>\n    <!-- Autres contenus du site -->\n\n    <!-- Simulateur encapsul\u00e9 dans une div d\u00e9di\u00e9e -->\n    <div id=\"simulateur-financement\">\n      <div class=\"container\">\n        <div class=\"form-section\">\n          <h2>Finanzierungssimulator<\/h2>\n          <label for=\"category\">Art der Finanzierung:<\/label>\n          <select id=\"category\">\n            <option value=\"1.5\">Technologie &amp; Innovation<\/option>\n            <option value=\"1.8\">Immobilie<\/option>\n            <option value=\"1.6\">Energie &amp; Umwelt<\/option>\n            <option value=\"1.7\">Gesundheit und Wellness<\/option>\n            <option value=\"1.9\">Handel &amp; E-Commerce<\/option>\n            <option value=\"1.8\">Industrie &amp; Logistik<\/option>\n            <option value=\"1.7\">Landwirtschaft und Nahrungsmittelindustrie<\/option>\n            <option value=\"2.0\">Freizeit &amp; Unterhaltung<\/option>\n            <option value=\"1.6\">PME &amp; Startups<\/option>\n            <option value=\"1.9\">Luxe &amp; Mode<\/option>\n          <\/select>\n\n          <label for=\"amount\">F\u00f6rdersumme (\u20ac):<\/label>\n          <input type=\"number\" id=\"amount\" placeholder=\"Geben Sie den Betrag ein\" min=\"100000\">\n\n          <label for=\"duration\">Dauer (Jahre):<\/label>\n          <input type=\"number\" id=\"duration\" placeholder=\"Geben Sie die Dauer in Jahren ein\" min=\"1\" max=\"30\">\n\n          <button onclick=\"calculateLoan()\">Berechnen<\/button>\n        <\/div>\n\n        <div class=\"result-section\" id=\"result\">\n          <h3>Gesch\u00e4tzte monatliche Zahlung<\/h3>\n          <div class=\"result-info\">\n            <p><span class=\"result-label\">Monatliche Rate:<\/span> <span id=\"monthlyPayment\">-- \u20ac<\/span><\/p>\n            <p><span class=\"result-label\">Erste Zahlung:<\/span> <span id=\"firstPayment\">-- \u20ac<\/span><\/p>\n            <p><span class=\"result-label\">Dauer :<\/span> <span id=\"loanDuration\">-- Jahre<\/span><\/p>\n            <p><span class=\"result-label\">F\u00f6rdersumme:<\/span> <span id=\"loanAmount\">-- \u20ac<\/span><\/p>\n            <p><span class=\"result-label\">Gesamtkosten des Kredits:<\/span> <span id=\"totalCost\">-- \u20ac<\/span><\/p>\n            <p><span class=\"result-label\">Gesamtzinsen:<\/span> <span id=\"totalInterest\">-- \u20ac<\/span><\/p>\n          <\/div>\n          <div class=\"chart-container\">\n            <canvas id=\"creditChart\"><\/canvas>\n          <\/div>\n        <\/div>\n      <\/div>\n    <\/div>\n  <\/main>\n  \n  <!-- Pied de page du site -->\n  <footer>\n    <!-- Contenu du pied de page -->\n  <\/footer>\n  \n  <script>\n    let creditChart;\n\n    function calculateLoan() {\n      let amount = parseFloat(document.getElementById(\"amount\").value);\n      let duration = parseInt(document.getElementById(\"duration\").value);\n      let interestRate = parseFloat(document.getElementById(\"category\").value) \/ 100;\n      \n      if (isNaN(amount) || isNaN(duration) || amount < 100000 || duration <= 0) {\n        alert(\"Veuillez entrer des valeurs valides. Le montant doit \u00eatre au minimum 100 000\u20ac.\");\n        return;\n      }\n      \n      let monthlyRate = interestRate \/ 12;\n      let totalMonths = duration * 12;\n      let monthlyPayment = (amount * monthlyRate) \/ (1 - Math.pow(1 + monthlyRate, -totalMonths));\n      let firstPayment = monthlyPayment + (amount * monthlyRate);\n      let totalAmountPaid = monthlyPayment * totalMonths;\n      let totalInterest = totalAmountPaid - amount;\n      let totalCost = totalAmountPaid;\n\n      document.getElementById(\"monthlyPayment\").innerHTML = `${monthlyPayment.toFixed(2)}\u20ac`;\n      document.getElementById(\"firstPayment\").innerHTML = `${firstPayment.toFixed(2)}\u20ac`;\n      document.getElementById(\"loanDuration\").innerHTML = `${duration} ans`;\n      document.getElementById(\"loanAmount\").innerHTML = `${amount}\u20ac`;\n      document.getElementById(\"totalCost\").innerHTML = `${totalCost.toFixed(2)}\u20ac`;\n      document.getElementById(\"totalInterest\").innerHTML = `${totalInterest.toFixed(2)}\u20ac`;\n      \n      document.getElementById(\"result\").style.display = \"flex\";\n      renderChart(amount, totalInterest, totalCost, monthlyPayment);\n    }\n\n    function renderChart(amount, totalInterest, totalCost, monthlyPayment) {\n      let ctx = document.getElementById(\"creditChart\").getContext(\"2d\");\n      if (creditChart) creditChart.destroy();\n      creditChart = new Chart(ctx, {\n        type: 'bar',\n        data: {\n          labels: [\"Capital Emprunt\u00e9\", \"Total Int\u00e9r\u00eats\", \"Co\u00fbt Total\", \"Mensualit\u00e9\"],\n          datasets: [{\n            data: [amount, totalInterest, totalCost, monthlyPayment],\n            backgroundColor: [\"#ffcc00\", \"#ff6b6b\", \"#4CAF50\", \"#3498db\"],\n          }]\n        },\n        options: {\n          responsive: true,\n          maintainAspectRatio: false,\n          indexAxis: 'y',\n          scales: {\n            x: {\n              beginAtZero: true\n            }\n          }\n        }\n      });\n    }\n  <\/script>\n<\/body>\n<\/html>\n\t\t\t\t<\/div>\n\t\t\t\t<\/div>\n\t\t\t\t\t<\/div>\n\t\t\t\t<\/div>\n\t\t<div class=\"elementor-element elementor-element-5a0d7a3e e-flex e-con-boxed elementor-invisible e-con e-parent\" data-id=\"5a0d7a3e\" data-element_type=\"container\" data-settings=\"{&quot;background_background&quot;:&quot;classic&quot;,&quot;animation&quot;:&quot;fadeInUp&quot;}\">\n\t\t\t\t\t<div class=\"e-con-inner\">\n\t\t\t\t<div class=\"elementor-element elementor-element-30a06d74 elementor-widget elementor-widget-heading\" data-id=\"30a06d74\" data-element_type=\"widget\" data-widget_type=\"heading.default\">\n\t\t\t\t<div class=\"elementor-widget-container\">\n\t\t\t\t\t<h2 class=\"elementor-heading-title elementor-size-default\">Bereit, zu wettbewerbsf\u00e4higen Zinss\u00e4tzen zu investieren?<\/h2>\t\t\t\t<\/div>\n\t\t\t\t<\/div>\n\t\t\t\t<div class=\"elementor-element elementor-element-637fa903 elementor-widget elementor-widget-text-editor\" data-id=\"637fa903\" data-element_type=\"widget\" data-widget_type=\"text-editor.default\">\n\t\t\t\t<div class=\"elementor-widget-container\">\n\t\t\t\t\t\t\t\t\t<p data-pm-slice=\"1 1 []\">Genie\u00dfen <strong>Unsere g\u00fcnstigen Preise<\/strong> und realisieren Sie Ihre Projekte mit <strong>optimierte und vorteilhafte Finanzierung<\/strong>.<\/p>\t\t\t\t\t\t\t\t<\/div>\n\t\t\t\t<\/div>\n\t\t\t\t<div class=\"elementor-element elementor-element-4c89d0c0 elementor-align-center elementor-widget elementor-widget-button\" data-id=\"4c89d0c0\" data-element_type=\"widget\" data-widget_type=\"button.default\">\n\t\t\t\t<div class=\"elementor-widget-container\">\n\t\t\t\t\t\t\t\t\t<div class=\"elementor-button-wrapper\">\n\t\t\t\t\t<a class=\"elementor-button elementor-button-link elementor-size-sm\" href=\"https:\/\/flexifinanz.com\/de\/demander-un-financement\/\">\n\t\t\t\t\t\t<span class=\"elementor-button-content-wrapper\">\n\t\t\t\t\t\t<span class=\"elementor-button-icon\">\n\t\t\t\t<svg aria-hidden=\"true\" class=\"e-font-icon-svg e-fas-arrow-right\" viewbox=\"0 0 448 512\" xmlns=\"http:\/\/www.w3.org\/2000\/svg\"><path d=\"M190.5 66.9l22.2-22.2c9.4-9.4 24.6-9.4 33.9 0L441 239c9.4 9.4 9.4 24.6 0 33.9L246.6 467.3c-9.4 9.4-24.6 9.4-33.9 0l-22.2-22.2c-9.5-9.5-9.3-25 .4-34.3L311.4 296H24c-13.3 0-24-10.7-24-24v-32c0-13.3 10.7-24 24-24h287.4L190.9 101.2c-9.8-9.3-10-24.8-.4-34.3z\"><\/path><\/svg>\t\t\t<\/span>\n\t\t\t\t\t\t\t\t\t<span class=\"elementor-button-text\">F\u00f6rdermittel beantragen<\/span>\n\t\t\t\t\t<\/span>\n\t\t\t\t\t<\/a>\n\t\t\t\t<\/div>\n\t\t\t\t\t\t\t\t<\/div>\n\t\t\t\t<\/div>\n\t\t\t\t\t<\/div>\n\t\t\t\t<\/div>\n\t\t\t\t<\/div>","protected":false},"excerpt":{"rendered":"<p>Pourquoi choisir un financement \u00e0 taux r\u00e9duit chez FlexiFinanz? Acc\u00e9der \u00e0 un financement ne devrait jamais \u00eatre un obstacle. Chez FlexiFinanz, nous [&hellip;]<\/p>","protected":false},"author":1,"featured_media":608,"parent":0,"menu_order":0,"comment_status":"closed","ping_status":"closed","template":"","meta":{"om_disable_all_campaigns":false,"_monsterinsights_skip_tracking":false,"_monsterinsights_sitenote_active":false,"_monsterinsights_sitenote_note":"","_monsterinsights_sitenote_category":0,"footnotes":""},"class_list":["post-315","page","type-page","status-publish","has-post-thumbnail","hentry"],"aioseo_notices":[],"_links":{"self":[{"href":"https:\/\/flexifinanz.com\/de\/wp-json\/wp\/v2\/pages\/315","targetHints":{"allow":["GET"]}}],"collection":[{"href":"https:\/\/flexifinanz.com\/de\/wp-json\/wp\/v2\/pages"}],"about":[{"href":"https:\/\/flexifinanz.com\/de\/wp-json\/wp\/v2\/types\/page"}],"author":[{"embeddable":true,"href":"https:\/\/flexifinanz.com\/de\/wp-json\/wp\/v2\/users\/1"}],"replies":[{"embeddable":true,"href":"https:\/\/flexifinanz.com\/de\/wp-json\/wp\/v2\/comments?post=315"}],"version-history":[{"count":0,"href":"https:\/\/flexifinanz.com\/de\/wp-json\/wp\/v2\/pages\/315\/revisions"}],"wp:featuredmedia":[{"embeddable":true,"href":"https:\/\/flexifinanz.com\/de\/wp-json\/wp\/v2\/media\/608"}],"wp:attachment":[{"href":"https:\/\/flexifinanz.com\/de\/wp-json\/wp\/v2\/media?parent=315"}],"curies":[{"name":"wp","href":"https:\/\/api.w.org\/{rel}","templated":true}]}}