{"id":213,"date":"2025-02-20T16:07:41","date_gmt":"2025-02-20T15:07:41","guid":{"rendered":"https:\/\/flexifinanz.com\/?page_id=213"},"modified":"2025-02-26T00:54:00","modified_gmt":"2025-02-25T23:54:00","slug":"uber-uns","status":"publish","type":"page","link":"https:\/\/flexifinanz.com\/de\/uber-uns\/","title":{"rendered":"\u00dcber uns"},"content":{"rendered":"<div data-elementor-type=\"wp-page\" data-elementor-id=\"213\" class=\"elementor elementor-213\" data-elementor-settings=\"{&quot;element_pack_global_tooltip_width&quot;:{&quot;unit&quot;:&quot;px&quot;,&quot;size&quot;:&quot;&quot;,&quot;sizes&quot;:[]},&quot;element_pack_global_tooltip_width_tablet&quot;:{&quot;unit&quot;:&quot;px&quot;,&quot;size&quot;:&quot;&quot;,&quot;sizes&quot;:[]},&quot;element_pack_global_tooltip_width_mobile&quot;:{&quot;unit&quot;:&quot;px&quot;,&quot;size&quot;:&quot;&quot;,&quot;sizes&quot;:[]},&quot;element_pack_global_tooltip_padding&quot;:{&quot;unit&quot;:&quot;px&quot;,&quot;top&quot;:&quot;&quot;,&quot;right&quot;:&quot;&quot;,&quot;bottom&quot;:&quot;&quot;,&quot;left&quot;:&quot;&quot;,&quot;isLinked&quot;:true},&quot;element_pack_global_tooltip_padding_tablet&quot;:{&quot;unit&quot;:&quot;px&quot;,&quot;top&quot;:&quot;&quot;,&quot;right&quot;:&quot;&quot;,&quot;bottom&quot;:&quot;&quot;,&quot;left&quot;:&quot;&quot;,&quot;isLinked&quot;:true},&quot;element_pack_global_tooltip_padding_mobile&quot;:{&quot;unit&quot;:&quot;px&quot;,&quot;top&quot;:&quot;&quot;,&quot;right&quot;:&quot;&quot;,&quot;bottom&quot;:&quot;&quot;,&quot;left&quot;:&quot;&quot;,&quot;isLinked&quot;:true},&quot;element_pack_global_tooltip_border_radius&quot;:{&quot;unit&quot;:&quot;px&quot;,&quot;top&quot;:&quot;&quot;,&quot;right&quot;:&quot;&quot;,&quot;bottom&quot;:&quot;&quot;,&quot;left&quot;:&quot;&quot;,&quot;isLinked&quot;:true},&quot;element_pack_global_tooltip_border_radius_tablet&quot;:{&quot;unit&quot;:&quot;px&quot;,&quot;top&quot;:&quot;&quot;,&quot;right&quot;:&quot;&quot;,&quot;bottom&quot;:&quot;&quot;,&quot;left&quot;:&quot;&quot;,&quot;isLinked&quot;:true},&quot;element_pack_global_tooltip_border_radius_mobile&quot;:{&quot;unit&quot;:&quot;px&quot;,&quot;top&quot;:&quot;&quot;,&quot;right&quot;:&quot;&quot;,&quot;bottom&quot;:&quot;&quot;,&quot;left&quot;:&quot;&quot;,&quot;isLinked&quot;:true}}\" data-elementor-post-type=\"page\">\n\t\t\t\t<div class=\"elementor-element elementor-element-4002860 e-flex e-con-boxed e-con e-parent\" data-id=\"4002860\" data-element_type=\"container\" data-settings=\"{&quot;background_background&quot;:&quot;classic&quot;}\">\n\t\t\t\t\t<div class=\"e-con-inner\">\n\t\t\t\t<div class=\"elementor-element elementor-element-3b0b7f4f elementor-widget elementor-widget-text-editor\" data-id=\"3b0b7f4f\" data-element_type=\"widget\" data-widget_type=\"text-editor.default\">\n\t\t\t\t<div class=\"elementor-widget-container\">\n\t\t\t\t\t\t\t\t\t<h2 data-pm-slice=\"1 1 []\">Wer sind wir?<\/h2><p><strong>FlexiFinanz<\/strong> ist eine Gruppe leidenschaftlicher und engagierter Investoren, spezialisiert auf die Finanzierung <strong>Projekte mit hohem Potenzial<\/strong>. Wir glauben, dass <strong>Investitionen m\u00fcssen f\u00fcr alle zug\u00e4nglich sein<\/strong>, deshalb bieten wir <strong>flexible L\u00f6sungen, reduzierte Preise und pers\u00f6nliche Betreuung<\/strong>.<\/p><p>Dank unserer <strong>Expertise in Marktanalyse und Portfoliomanagement<\/strong>identifizieren und finanzieren wir vielversprechende Gelegenheiten in Schl\u00fcsselsektoren wie Technologie, Immobilien, erneuerbare Energien, Gesundheitswesen und mehr.<\/p><p>Wir haben einen Ansatz entwickelt <strong>transparent und integrativ<\/strong>, sodass jeder Unternehmer oder Investor ohne \u00fcberm\u00e4\u00dfige Einschr\u00e4nkungen von einer geeigneten Finanzierung profitieren kann.<\/p>\t\t\t\t\t\t\t\t<\/div>\n\t\t\t\t<\/div>\n\t\t\t\t\t<\/div>\n\t\t\t\t<\/div>\n\t\t<div class=\"elementor-element elementor-element-54a349f4 e-flex e-con-boxed elementor-invisible e-con e-parent\" data-id=\"54a349f4\" data-element_type=\"container\" data-settings=\"{&quot;background_background&quot;:&quot;classic&quot;,&quot;animation&quot;:&quot;fadeInUp&quot;,&quot;animation_mobile&quot;:&quot;fadeInUp&quot;}\">\n\t\t\t\t\t<div class=\"e-con-inner\">\n\t\t\t\t<div class=\"elementor-element elementor-element-13f69567 elementor-widget elementor-widget-text-editor\" data-id=\"13f69567\" data-element_type=\"widget\" data-widget_type=\"text-editor.default\">\n\t\t\t\t<div class=\"elementor-widget-container\">\n\t\t\t\t\t\t\t\t\t<h2 data-pm-slice=\"1 1 []\">Unsere Vision<\/h2><p>Wir glauben an ein Investmentmodell <strong>ethisch, strategisch und profitabel<\/strong>, wobei jede Finanzierung eine <strong>gegenseitige Wachstumsm\u00f6glichkeit<\/strong>. Unser Ziel ist es <strong>den Zugang zu Finanzmitteln erleichtern<\/strong> durch die Beseitigung unn\u00f6tiger finanzieller H\u00fcrden, durch die F\u00f6rderung <strong>wettbewerbsf\u00e4hige Preise<\/strong> und garantiert eine <strong>einfacher und schneller Ablauf<\/strong>.<\/p><p>Unsere Investitionen sind <strong>individuell gestaltet<\/strong> um den Bed\u00fcrfnissen von Unternehmern und Investoren gerecht zu werden und ihnen zu garantieren <strong>finanzielle Flexibilit\u00e4t und vorteilhafte Konditionen<\/strong>.<\/p>\t\t\t\t\t\t\t\t<\/div>\n\t\t\t\t<\/div>\n\t\t\t\t\t<\/div>\n\t\t\t\t<\/div>\n\t\t<div class=\"elementor-element elementor-element-3dccd069 e-flex e-con-boxed elementor-invisible e-con e-parent\" data-id=\"3dccd069\" data-element_type=\"container\" data-settings=\"{&quot;background_background&quot;:&quot;classic&quot;,&quot;animation&quot;:&quot;fadeInUp&quot;}\">\n\t\t\t\t\t<div class=\"e-con-inner\">\n\t\t\t\t<div class=\"elementor-element elementor-element-3efd5648 elementor-widget elementor-widget-text-editor\" data-id=\"3efd5648\" data-element_type=\"widget\" data-widget_type=\"text-editor.default\">\n\t\t\t\t<div class=\"elementor-widget-container\">\n\t\t\t\t\t\t\t\t\t<h2 data-pm-slice=\"1 1 []\"><span style=\"color: #ffffff;\">Unsere Werte<\/span><\/h2><p><span style=\"color: #ffffff;\">\u2705 <strong>Zug\u00e4nglichkeit<\/strong> \u2013 Wir bieten niedrige Zinsen und flexible Konditionen, um jedem die M\u00f6glichkeit zu geben, zu investieren.<\/span><br \/><span style=\"color: #ffffff;\">\u2705 <strong>Transparenz<\/strong> \u2013 Wir pflegen einen klaren und ehrlichen Umgang mit unseren Partnern.<\/span><br \/><span style=\"color: #ffffff;\">\u2705 <strong>Sachverstand<\/strong> \u2013 Unsere Analysen und Entscheidungen basieren auf fundierten Marktstudien.<\/span><br \/><span style=\"color: #ffffff;\">\u2705 <strong>Innovation<\/strong> \u2013 Wir bevorzugen Sektoren mit hohem Wachstum und positiver Wirkung.<\/span><br \/><span style=\"color: #ffffff;\">\u2705 <strong>Engagement<\/strong> \u2013 Wir unterst\u00fctzen unsere Partner in jeder Phase ihrer Entwicklung.<\/span><br \/><span style=\"color: #ffffff;\">\u2705 <strong>Leistung<\/strong> \u2013 Unsere Investitionen werden optimiert, um Rentabilit\u00e4t und Nachhaltigkeit zu maximieren.<\/span><\/p>\t\t\t\t\t\t\t\t<\/div>\n\t\t\t\t<\/div>\n\t\t\t\t\t<\/div>\n\t\t\t\t<\/div>\n\t\t<div class=\"elementor-element elementor-element-d92f83c e-flex e-con-boxed elementor-invisible e-con e-parent\" data-id=\"d92f83c\" data-element_type=\"container\" data-settings=\"{&quot;background_background&quot;:&quot;classic&quot;,&quot;animation&quot;:&quot;fadeInUp&quot;}\">\n\t\t\t\t\t<div class=\"e-con-inner\">\n\t\t\t\t<div class=\"elementor-element elementor-element-69798b9 elementor-widget elementor-widget-text-editor\" data-id=\"69798b9\" data-element_type=\"widget\" data-widget_type=\"text-editor.default\">\n\t\t\t\t<div class=\"elementor-widget-container\">\n\t\t\t\t\t\t\t\t\t<h2 data-pm-slice=\"1 3 []\">Unsere Investitionsbereiche<\/h2><p>Wir finanzieren Projekte in <strong>die vielversprechendsten Sektoren<\/strong>, indem wir M\u00f6glichkeiten identifizieren, die <strong>hohe Profitabilit\u00e4t und strategische Wirkung<\/strong> :<\/p><ul data-spread=\"false\"><li><p>\ud83d\udda5\ufe0f <strong>Technologie &amp; Innovation<\/strong> (IA, FinTech, MedTech, Blockchain)<\/p><\/li><li><p>\ud83c\udfe2 <strong>Immobilien &amp; Infrastruktur<\/strong> (Miete, Gewerbe, Luxus, Crowdfunding)<\/p><\/li><li><p>\ud83c\udf0d <strong>Erneuerbare Energien und Umwelt<\/strong> (Solar, Wind, Wasserstoff, Recycling)<\/p><\/li><li><p>\u2764\ufe0f <strong>Gesundheit und Wellness<\/strong> (Biotechnologien, Nahrungserg\u00e4nzungsmittel, Telemedizin)<\/p><\/li><li><p>\ud83d\udecd\ufe0f <strong>Handel &amp; E-Commerce<\/strong> (Dropshipping, Marktplatz, Zahlungsl\u00f6sungen)<\/p><\/li><li><p>\u2699\ufe0f <strong>Industrie &amp; Logistik<\/strong> (Robotik, Automatisierung, Luftfahrt, Transport)<\/p><\/li><li><p>\ud83d\ude9c <strong>Landwirtschaft und Nahrungsmittelindustrie<\/strong> (Bioprodukte, kurze Lieferketten, nachhaltige Landwirtschaft)<\/p><\/li><li><p>\ud83c\udfae <strong>Freizeit &amp; Unterhaltung<\/strong> (Videospiele, Streaming, E-Sport, Tourismus)<\/p><\/li><li><p>\ud83d\ude80 <strong>PME &amp; Startups<\/strong> (Risikokapital, digitale Transformation, Franchise)<\/p><\/li><li><p>\ud83d\udc8e <strong>Luxe &amp; Mode<\/strong> (Schmuck, Haute Couture, Luxusautos)<\/p><\/li><\/ul>\t\t\t\t\t\t\t\t<\/div>\n\t\t\t\t<\/div>\n\t\t\t\t\t<\/div>\n\t\t\t\t<\/div>\n\t\t<div class=\"elementor-element elementor-element-55bbf98f e-flex e-con-boxed elementor-invisible e-con e-parent\" data-id=\"55bbf98f\" data-element_type=\"container\" data-settings=\"{&quot;background_background&quot;:&quot;classic&quot;,&quot;animation&quot;:&quot;fadeInUp&quot;}\">\n\t\t\t\t\t<div class=\"e-con-inner\">\n\t\t\t\t<div class=\"elementor-element elementor-element-39abdfea elementor-widget elementor-widget-text-editor\" data-id=\"39abdfea\" data-element_type=\"widget\" data-widget_type=\"text-editor.default\">\n\t\t\t\t<div class=\"elementor-widget-container\">\n\t\t\t\t\t\t\t\t\t<h2 data-pm-slice=\"1 1 []\">Warum sollten Sie sich f\u00fcr unsere Investorengruppe entscheiden?<\/h2>\nWir zeichnen uns aus durch unsere <strong>Erreichbarkeit und unsere Flexibilit\u00e4t<\/strong>, und bietet auf jedes Projekt und jeden Investor zugeschnittene Finanzierungen an. Durch die Zusammenarbeit mit uns profitieren Sie von:<br>\n\n\u2705 <strong>Reduzierte Preise und personalisierte L\u00f6sungen<\/strong>\n<br>\u2705 <strong>Exklusiver Zugang zu den besten Gelegenheiten<\/strong>\n<br>\u2705 <strong>Strategische und finanzielle Unterst\u00fctzung<\/strong>\n<br>\u2705 <strong>Schneller und vereinfachter Prozess<\/strong>\n<br>\u2705 <strong>Ein Netzwerk aus Experten und Finanzpartnern<\/strong>\t\t\t\t\t\t\t\t<\/div>\n\t\t\t\t<\/div>\n\t\t\t\t\t<\/div>\n\t\t\t\t<\/div>\n\t\t<div class=\"elementor-element elementor-element-d02d9ee e-flex e-con-boxed elementor-invisible e-con e-parent\" data-id=\"d02d9ee\" data-element_type=\"container\" data-settings=\"{&quot;background_background&quot;:&quot;classic&quot;,&quot;animation&quot;:&quot;fadeInUp&quot;}\">\n\t\t\t\t\t<div class=\"e-con-inner\">\n\t\t\t\t<div class=\"elementor-element elementor-element-d565759 elementor-widget elementor-widget-text-editor\" data-id=\"d565759\" data-element_type=\"widget\" data-widget_type=\"text-editor.default\">\n\t\t\t\t<div class=\"elementor-widget-container\">\n\t\t\t\t\t\t\t\t\t<h2 data-pm-slice=\"1 3 []\">Keine Engagements<\/h2><p>Wir verpflichten uns:<\/p><ul data-spread=\"false\"><li><p><strong>Demokratisieren Sie Investitionen und Finanzierungen mit erschwinglichen Zinss\u00e4tzen<\/strong><\/p><\/li><li><p><strong>F\u00f6rderung von Innovationen und Zukunftsprojekten<\/strong><\/p><\/li><li><p><strong>Sorgen Sie f\u00fcr transparente und faire Finanzierungsbedingungen<\/strong><\/p><\/li><li><p><strong>Unsere Partner langfristig unterst\u00fctzen<\/strong><\/p><\/li><li><p><strong>Optimierung jeder Investition, um Rentabilit\u00e4t und positive Auswirkungen sicherzustellen<\/strong><\/p><\/li><\/ul>\t\t\t\t\t\t\t\t<\/div>\n\t\t\t\t<\/div>\n\t\t\t\t\t<\/div>\n\t\t\t\t<\/div>\n\t\t<div class=\"elementor-element elementor-element-2579e83 e-flex e-con-boxed e-con e-parent\" data-id=\"2579e83\" data-element_type=\"container\" data-settings=\"{&quot;background_background&quot;:&quot;classic&quot;}\">\n\t\t\t\t\t<div class=\"e-con-inner\">\n\t\t\t\t<div class=\"elementor-element elementor-element-6d222aa elementor-widget elementor-widget-html\" data-id=\"6d222aa\" data-element_type=\"widget\" data-widget_type=\"html.default\">\n\t\t\t\t<div class=\"elementor-widget-container\">\n\t\t\t\t\t<!DOCTYPE html>\n<html lang=\"fr\">\n<head>\n    <meta charset=\"UTF-8\">\n    <meta name=\"viewport\" content=\"width=device-width, initial-scale=1.0\">\n    <title>\u00c9tapes du Financement - FlexiFinanz<\/title>\n    <style>\n        body {\n            font-family: Arial, sans-serif;\n            background-color: #f8f8f8;\n            margin: 0;\n            padding: px;\n            text-align: left;\n        }\n        .container {\n            max-width: 1500px;\n            margin: auto;\n            background: white;\n            padding: 30px;\n            border-radius: 1px;\n            box-shadow: 0 px px rgba(0, 0, 0, 0.1);\n        }\n        h2 {\n            color: black;\n            font-size: 26px;\n            margin-bottom: 20px;\n        }\n        .steps {\n            display: flex;\n            flex-direction: column;\n            gap: 20px;\n        }\n        .step {\n            display: flex;\n            align-items: center;\n            background: #6CFF84;\n            padding: 15px;\n            border-radius: 30px;\n            color: black;\n            text-align: left;\n            box-shadow: 0 2px 4px rgba(0, 0, 0, 0.1);\n        }\n        .step-icon {\n            width: 50px;\n            height: 50px;\n            background: black;\n            color: white;\n            border-radius: 50%;\n            display: flex;\n            justify-content: center;\n            align-items: center;\n            font-size: 22px;\n            font-weight: bold;\n            margin-right: 15px;\n        }\n        .step-content {\n            flex: 1;\n        }\n        .step-title {\n            font-size: 18px;\n            font-weight: bold;\n        }\n        .step-description {\n            font-size: 14px;\n        }\n        @media (min-width: 768px) {\n            .steps {\n                flex-direction: row;\n            }\n        }\n    <\/style>\n<\/head>\n<body>\n    <div class=\"container\">\n        <h2>Schritte zur Finanzierung<\/h2>\n        <div class=\"steps\">\n            <!-- \u00c9tape 1 -->\n            <div class=\"step\">\n                <div class=\"step-icon\">1<\/div>\n                <div class=\"step-content\">\n                    <div class=\"step-title\">Senden Sie Ihre Anfrage<\/div>\n                    <div class=\"step-description\">F\u00fcllen Sie unser Online-Formular mit Ihren Daten und dem gew\u00fcnschten Betrag aus.<\/div>\n                <\/div>\n            <\/div>\n            <!-- \u00c9tape 2 -->\n            <div class=\"step\">\n                <div class=\"step-icon\">2<\/div>\n                <div class=\"step-content\">\n                    <div class=\"step-title\">Analyse Ihrer Datei<\/div>\n                    <div class=\"step-description\">Unsere Experten pr\u00fcfen Ihre Anspruchsberechtigung und bieten Ihnen eine passende L\u00f6sung an.<\/div>\n                <\/div>\n            <\/div>\n            <!-- \u00c9tape 3 -->\n            <div class=\"step\">\n                <div class=\"step-icon\">3<\/div>\n                <div class=\"step-content\">\n                    <div class=\"step-title\">Validierung und Signatur<\/div>\n                    <div class=\"step-description\">Nach Annahme des Angebots unterzeichnen Sie den Finanzierungsvertrag.<\/div>\n                <\/div>\n            <\/div>\n            <!-- \u00c9tape 4 -->\n            <div class=\"step\">\n                <div class=\"step-icon\">4<\/div>\n                <div class=\"step-content\">\n                    <div class=\"step-title\">Auszahlung von Geldern<\/div>\n                    <div class=\"step-description\">Die Gelder werden sicher auf Ihr Konto \u00fcberwiesen.<\/div>\n                <\/div>\n            <\/div>\n        <\/div>\n    <\/div>\n<\/body>\n<\/html>\n\t\t\t\t<\/div>\n\t\t\t\t<\/div>\n\t\t\t\t\t<\/div>\n\t\t\t\t<\/div>\n\t\t<div class=\"elementor-element elementor-element-3c6824a3 e-flex e-con-boxed elementor-invisible e-con e-parent\" data-id=\"3c6824a3\" data-element_type=\"container\" data-settings=\"{&quot;background_background&quot;:&quot;classic&quot;,&quot;animation&quot;:&quot;fadeInUp&quot;}\">\n\t\t\t\t\t<div class=\"e-con-inner\">\n\t\t\t\t<div class=\"elementor-element elementor-element-16d4bfb3 elementor-widget elementor-widget-heading\" data-id=\"16d4bfb3\" data-element_type=\"widget\" data-widget_type=\"heading.default\">\n\t\t\t\t<div class=\"elementor-widget-container\">\n\t\t\t\t\t<h2 class=\"elementor-heading-title elementor-size-default\">Kontaktieren Sie uns noch heute!<\/h2>\t\t\t\t<\/div>\n\t\t\t\t<\/div>\n\t\t\t\t<div class=\"elementor-element elementor-element-2569eed8 elementor-widget elementor-widget-text-editor\" data-id=\"2569eed8\" data-element_type=\"widget\" data-widget_type=\"text-editor.default\">\n\t\t\t\t<div class=\"elementor-widget-container\">\n\t\t\t\t\t\t\t\t\t<p data-pm-slice=\"1 1 []\">Ob Sie Unternehmer, Investor oder auf der Suche nach einer Finanzierungsm\u00f6glichkeit sind, wir unterst\u00fctzen Sie mit <strong>flexible und zug\u00e4ngliche L\u00f6sungen f\u00fcr alle<\/strong>.<\/p>\t\t\t\t\t\t\t\t<\/div>\n\t\t\t\t<\/div>\n\t\t\t\t<div class=\"elementor-element elementor-element-7c25080a elementor-align-center elementor-widget elementor-widget-button\" data-id=\"7c25080a\" data-element_type=\"widget\" data-widget_type=\"button.default\">\n\t\t\t\t<div class=\"elementor-widget-container\">\n\t\t\t\t\t\t\t\t\t<div class=\"elementor-button-wrapper\">\n\t\t\t\t\t<a class=\"elementor-button elementor-button-link elementor-size-sm\" href=\"https:\/\/flexifinanz.com\/de\/kontaktieren-sie-uns\/\">\n\t\t\t\t\t\t<span class=\"elementor-button-content-wrapper\">\n\t\t\t\t\t\t<span class=\"elementor-button-icon\">\n\t\t\t\t<svg aria-hidden=\"true\" class=\"e-font-icon-svg e-fas-arrow-right\" viewbox=\"0 0 448 512\" xmlns=\"http:\/\/www.w3.org\/2000\/svg\"><path d=\"M190.5 66.9l22.2-22.2c9.4-9.4 24.6-9.4 33.9 0L441 239c9.4 9.4 9.4 24.6 0 33.9L246.6 467.3c-9.4 9.4-24.6 9.4-33.9 0l-22.2-22.2c-9.5-9.5-9.3-25 .4-34.3L311.4 296H24c-13.3 0-24-10.7-24-24v-32c0-13.3 10.7-24 24-24h287.4L190.9 101.2c-9.8-9.3-10-24.8-.4-34.3z\"><\/path><\/svg>\t\t\t<\/span>\n\t\t\t\t\t\t\t\t\t<span class=\"elementor-button-text\">Kontaktieren Sie uns<\/span>\n\t\t\t\t\t<\/span>\n\t\t\t\t\t<\/a>\n\t\t\t\t<\/div>\n\t\t\t\t\t\t\t\t<\/div>\n\t\t\t\t<\/div>\n\t\t\t\t\t<\/div>\n\t\t\t\t<\/div>\n\t\t\t\t<\/div>","protected":false},"excerpt":{"rendered":"<p>Qui sommes-nous ? FlexiFinanz est un groupe d\u2019investisseurs passionn\u00e9s et engag\u00e9s, sp\u00e9cialis\u00e9s dans le financement de projets \u00e0 fort potentiel. Nous croyons [&hellip;]<\/p>","protected":false},"author":1,"featured_media":601,"parent":0,"menu_order":0,"comment_status":"closed","ping_status":"closed","template":"","meta":{"om_disable_all_campaigns":false,"_monsterinsights_skip_tracking":false,"_monsterinsights_sitenote_active":false,"_monsterinsights_sitenote_note":"","_monsterinsights_sitenote_category":0,"footnotes":""},"class_list":["post-213","page","type-page","status-publish","has-post-thumbnail","hentry"],"aioseo_notices":[],"_links":{"self":[{"href":"https:\/\/flexifinanz.com\/de\/wp-json\/wp\/v2\/pages\/213","targetHints":{"allow":["GET"]}}],"collection":[{"href":"https:\/\/flexifinanz.com\/de\/wp-json\/wp\/v2\/pages"}],"about":[{"href":"https:\/\/flexifinanz.com\/de\/wp-json\/wp\/v2\/types\/page"}],"author":[{"embeddable":true,"href":"https:\/\/flexifinanz.com\/de\/wp-json\/wp\/v2\/users\/1"}],"replies":[{"embeddable":true,"href":"https:\/\/flexifinanz.com\/de\/wp-json\/wp\/v2\/comments?post=213"}],"version-history":[{"count":0,"href":"https:\/\/flexifinanz.com\/de\/wp-json\/wp\/v2\/pages\/213\/revisions"}],"wp:featuredmedia":[{"embeddable":true,"href":"https:\/\/flexifinanz.com\/de\/wp-json\/wp\/v2\/media\/601"}],"wp:attachment":[{"href":"https:\/\/flexifinanz.com\/de\/wp-json\/wp\/v2\/media?parent=213"}],"curies":[{"name":"wp","href":"https:\/\/api.w.org\/{rel}","templated":true}]}}