{"id":207,"date":"2025-02-20T15:57:04","date_gmt":"2025-02-20T14:57:04","guid":{"rendered":"https:\/\/flexifinanz.com\/?page_id=207"},"modified":"2025-02-25T18:43:22","modified_gmt":"2025-02-25T17:43:22","slug":"finanzierung-nach-profil","status":"publish","type":"page","link":"https:\/\/flexifinanz.com\/de\/finanzierung-nach-profil\/","title":{"rendered":"Finanzierung f\u00fcr Privatpersonen und Gewerbetreibende: Finden Sie die ideale Option"},"content":{"rendered":"<div data-elementor-type=\"wp-page\" data-elementor-id=\"207\" class=\"elementor elementor-207\" data-elementor-settings=\"{&quot;element_pack_global_tooltip_width&quot;:{&quot;unit&quot;:&quot;px&quot;,&quot;size&quot;:&quot;&quot;,&quot;sizes&quot;:[]},&quot;element_pack_global_tooltip_width_tablet&quot;:{&quot;unit&quot;:&quot;px&quot;,&quot;size&quot;:&quot;&quot;,&quot;sizes&quot;:[]},&quot;element_pack_global_tooltip_width_mobile&quot;:{&quot;unit&quot;:&quot;px&quot;,&quot;size&quot;:&quot;&quot;,&quot;sizes&quot;:[]},&quot;element_pack_global_tooltip_padding&quot;:{&quot;unit&quot;:&quot;px&quot;,&quot;top&quot;:&quot;&quot;,&quot;right&quot;:&quot;&quot;,&quot;bottom&quot;:&quot;&quot;,&quot;left&quot;:&quot;&quot;,&quot;isLinked&quot;:true},&quot;element_pack_global_tooltip_padding_tablet&quot;:{&quot;unit&quot;:&quot;px&quot;,&quot;top&quot;:&quot;&quot;,&quot;right&quot;:&quot;&quot;,&quot;bottom&quot;:&quot;&quot;,&quot;left&quot;:&quot;&quot;,&quot;isLinked&quot;:true},&quot;element_pack_global_tooltip_padding_mobile&quot;:{&quot;unit&quot;:&quot;px&quot;,&quot;top&quot;:&quot;&quot;,&quot;right&quot;:&quot;&quot;,&quot;bottom&quot;:&quot;&quot;,&quot;left&quot;:&quot;&quot;,&quot;isLinked&quot;:true},&quot;element_pack_global_tooltip_border_radius&quot;:{&quot;unit&quot;:&quot;px&quot;,&quot;top&quot;:&quot;&quot;,&quot;right&quot;:&quot;&quot;,&quot;bottom&quot;:&quot;&quot;,&quot;left&quot;:&quot;&quot;,&quot;isLinked&quot;:true},&quot;element_pack_global_tooltip_border_radius_tablet&quot;:{&quot;unit&quot;:&quot;px&quot;,&quot;top&quot;:&quot;&quot;,&quot;right&quot;:&quot;&quot;,&quot;bottom&quot;:&quot;&quot;,&quot;left&quot;:&quot;&quot;,&quot;isLinked&quot;:true},&quot;element_pack_global_tooltip_border_radius_mobile&quot;:{&quot;unit&quot;:&quot;px&quot;,&quot;top&quot;:&quot;&quot;,&quot;right&quot;:&quot;&quot;,&quot;bottom&quot;:&quot;&quot;,&quot;left&quot;:&quot;&quot;,&quot;isLinked&quot;:true}}\" data-elementor-post-type=\"page\">\n\t\t\t\t<div class=\"elementor-element elementor-element-44eed47e e-flex e-con-boxed e-con e-parent\" data-id=\"44eed47e\" data-element_type=\"container\" data-settings=\"{&quot;background_background&quot;:&quot;classic&quot;}\">\n\t\t\t\t\t<div class=\"e-con-inner\">\n\t\t\t\t<div class=\"elementor-element elementor-element-febb66d elementor-widget elementor-widget-text-editor\" data-id=\"febb66d\" data-element_type=\"widget\" data-widget_type=\"text-editor.default\">\n\t\t\t\t<div class=\"elementor-widget-container\">\n\t\t\t\t\t\t\t\t\t<h2 data-pm-slice=\"1 1 []\">Warum sollten Sie Ihre Finanzierung an Ihr Profil anpassen?<\/h2><p>Ob Sie als Privatperson ein Projekt umsetzen m\u00f6chten oder als Unternehmen seinen Cashflow optimieren wollen, <strong>F\u00fcr jeden Bedarf gibt es die passende Finanzierung<\/strong>. Das Verst\u00e4ndnis der verf\u00fcgbaren Optionen hilft dabei, <strong>W\u00e4hlen Sie die beste Strategie basierend auf Ihren finanziellen Zielen und Ihrer Risikobereitschaft<\/strong>.<\/p>\t\t\t\t\t\t\t\t<\/div>\n\t\t\t\t<\/div>\n\t\t\t\t<div class=\"elementor-element elementor-element-acd7f4a elementor-align-left elementor-invisible elementor-widget elementor-widget-button\" data-id=\"acd7f4a\" data-element_type=\"widget\" data-settings=\"{&quot;_animation&quot;:&quot;fadeInUp&quot;,&quot;_animation_delay&quot;:500}\" data-widget_type=\"button.default\">\n\t\t\t\t<div class=\"elementor-widget-container\">\n\t\t\t\t\t\t\t\t\t<div class=\"elementor-button-wrapper\">\n\t\t\t\t\t<a class=\"elementor-button elementor-button-link elementor-size-sm\" href=\"#simulateur\">\n\t\t\t\t\t\t<span class=\"elementor-button-content-wrapper\">\n\t\t\t\t\t\t<span class=\"elementor-button-icon\">\n\t\t\t\t<svg aria-hidden=\"true\" class=\"e-font-icon-svg e-fas-arrow-right\" viewbox=\"0 0 448 512\" xmlns=\"http:\/\/www.w3.org\/2000\/svg\"><path d=\"M190.5 66.9l22.2-22.2c9.4-9.4 24.6-9.4 33.9 0L441 239c9.4 9.4 9.4 24.6 0 33.9L246.6 467.3c-9.4 9.4-24.6 9.4-33.9 0l-22.2-22.2c-9.5-9.5-9.3-25 .4-34.3L311.4 296H24c-13.3 0-24-10.7-24-24v-32c0-13.3 10.7-24 24-24h287.4L190.9 101.2c-9.8-9.3-10-24.8-.4-34.3z\"><\/path><\/svg>\t\t\t<\/span>\n\t\t\t\t\t\t\t\t\t<span class=\"elementor-button-text\">Meine Berechtigung pr\u00fcfen<\/span>\n\t\t\t\t\t<\/span>\n\t\t\t\t\t<\/a>\n\t\t\t\t<\/div>\n\t\t\t\t\t\t\t\t<\/div>\n\t\t\t\t<\/div>\n\t\t\t\t\t<\/div>\n\t\t\t\t<\/div>\n\t\t<div class=\"elementor-element elementor-element-7b99a9ca e-flex e-con-boxed elementor-invisible e-con e-parent\" data-id=\"7b99a9ca\" data-element_type=\"container\" data-settings=\"{&quot;background_background&quot;:&quot;classic&quot;,&quot;animation&quot;:&quot;fadeInUp&quot;}\">\n\t\t\t\t\t<div class=\"e-con-inner\">\n\t\t\t\t<div class=\"elementor-element elementor-element-68500735 elementor-widget elementor-widget-text-editor\" data-id=\"68500735\" data-element_type=\"widget\" data-widget_type=\"text-editor.default\">\n\t\t\t\t<div class=\"elementor-widget-container\">\n\t\t\t\t\t\t\t\t\t<h2 data-pm-slice=\"1 3 []\">1\ufe0f\u20e3 Finanzierung f\u00fcr Privatpersonen<\/h2><h3><strong>Ziel: Ihre Projekte realisieren und Ihr Budget optimieren<\/strong><\/h3><p>Einzelpersonen haben Zugang zu einer Vielzahl von Finanzierungsm\u00f6glichkeiten f\u00fcr <strong>Gew\u00e4hrleistung von Flexibilit\u00e4t, Stabilit\u00e4t und der Verwirklichung ihrer Ziele<\/strong>.<\/p><h3><strong>F\u00f6rderm\u00f6glichkeiten:<\/strong><\/h3><ul data-spread=\"false\"><li><p><strong>Darlehen f\u00fcr Mietobjekte (LMNP, Airbnb)<\/strong> \u2192 Erwerb und Bewertung eines rentablen Verm\u00f6genswerts<\/p><\/li><li><p><strong>Finanzierung von Projekten in SCPI (Real Estate Investment Companies)<\/strong> \u2192 Immobilieninvestment ohne direkte Verwaltung<\/p><\/li><li><p><strong>Kredite f\u00fcr den Erwerb von Aktien und B\u00f6rseninvestitionen<\/strong> \u2192 Zugang zu Finanzm\u00e4rkten mit Hebelwirkung<\/p><\/li><li><p><strong>Mikrokredite und L\u00f6sungen f\u00fcr den E-Commerce<\/strong> \u2192 Unterst\u00fctzung f\u00fcr digitale Unternehmer<\/p><\/li><li><p><strong>Finanzierung landwirtschaftlicher Projekte und Kurzschl\u00fcsse<\/strong> \u2192 Unterst\u00fctzung nachhaltiger Initiativen<\/p><\/li><\/ul>\t\t\t\t\t\t\t\t<\/div>\n\t\t\t\t<\/div>\n\t\t\t\t\t<\/div>\n\t\t\t\t<\/div>\n\t\t<div class=\"elementor-element elementor-element-6d325196 e-flex e-con-boxed elementor-invisible e-con e-parent\" data-id=\"6d325196\" data-element_type=\"container\" data-settings=\"{&quot;background_background&quot;:&quot;classic&quot;,&quot;animation&quot;:&quot;fadeInUp&quot;}\">\n\t\t\t\t\t<div class=\"e-con-inner\">\n\t\t\t\t<div class=\"elementor-element elementor-element-1b25c248 elementor-widget elementor-widget-text-editor\" data-id=\"1b25c248\" data-element_type=\"widget\" data-widget_type=\"text-editor.default\">\n\t\t\t\t<div class=\"elementor-widget-container\">\n\t\t\t\t\t\t\t\t\t<h3 data-pm-slice=\"1 1 []\"><strong>Vorteile und Bedingungen<\/strong><\/h3><p>\u2705 Flexible L\u00f6sungen, angepasst an die Bed\u00fcrfnisse des Einzelnen<br \/>\u2705 Zugang zu Kapital zu vorteilhaften Konditionen<br \/>\u26a0\ufe0f R\u00fcckerstattungsverpflichtung erforderlich<br \/>\u26a0\ufe0f Analyse der Garantien und des Finanzprofils<\/p>\t\t\t\t\t\t\t\t<\/div>\n\t\t\t\t<\/div>\n\t\t\t\t\t<\/div>\n\t\t\t\t<\/div>\n\t\t<div class=\"elementor-element elementor-element-645c95e9 e-flex e-con-boxed elementor-invisible e-con e-parent\" data-id=\"645c95e9\" data-element_type=\"container\" data-settings=\"{&quot;background_background&quot;:&quot;classic&quot;,&quot;animation&quot;:&quot;fadeInUp&quot;}\">\n\t\t\t\t\t<div class=\"e-con-inner\">\n\t\t\t\t<div class=\"elementor-element elementor-element-3fc481a4 elementor-widget elementor-widget-text-editor\" data-id=\"3fc481a4\" data-element_type=\"widget\" data-widget_type=\"text-editor.default\">\n\t\t\t\t<div class=\"elementor-widget-container\">\n\t\t\t\t\t\t\t\t\t<h2 data-pm-slice=\"1 3 []\">2\ufe0f\u20e3 Finanzierung f\u00fcr Profis<\/h2><h3><strong>Ziel: Wachstum unterst\u00fctzen und Cashflow optimieren<\/strong><\/h3><p>Unternehmen und Fachleute haben Zugriff auf spezifische L\u00f6sungen, um ihr Gesch\u00e4ft auszubauen und ihre Expansion zu sichern.<\/p><h3><strong>F\u00f6rderm\u00f6glichkeiten:<\/strong><\/h3><ul data-spread=\"false\"><li><p><strong>Finanzierung f\u00fcr Startups und KMU (Venture Capital &amp; Private Equity)<\/strong> \u2192 Unterst\u00fctzung f\u00fcr innovative Unternehmen<\/p><\/li><li><p><strong>Kredite f\u00fcr Gewerbe- und Industrieimmobilien<\/strong> \u2192 Erwerb und Entwicklung von beruflichem Verm\u00f6gen<\/p><\/li><li><p><strong>Anleihenfinanzierungsl\u00f6sungen<\/strong> \u2192 Sichere Investitionen f\u00fcr Unternehmen<\/p><\/li><li><p><strong>F\u00f6rderung von Technologieprojekten (Cybersecurity, KI, MedTech)<\/strong> \u2192 F\u00f6rderung innovativer Branchen<\/p><\/li><li><p><strong>Unterst\u00fctzung der Luft- und Raumfahrtindustrie<\/strong> \u2192 Finanzierung von Hightech-Projekten<\/p><\/li><\/ul>\t\t\t\t\t\t\t\t<\/div>\n\t\t\t\t<\/div>\n\t\t\t\t\t<\/div>\n\t\t\t\t<\/div>\n\t\t<div class=\"elementor-element elementor-element-248a7c6c e-flex e-con-boxed e-con e-parent\" data-id=\"248a7c6c\" data-element_type=\"container\" data-settings=\"{&quot;background_background&quot;:&quot;classic&quot;}\">\n\t\t\t\t\t<div class=\"e-con-inner\">\n\t\t\t\t<div class=\"elementor-element elementor-element-50cf611a elementor-widget elementor-widget-text-editor\" data-id=\"50cf611a\" data-element_type=\"widget\" data-widget_type=\"text-editor.default\">\n\t\t\t\t<div class=\"elementor-widget-container\">\n\t\t\t\t\t\t\t\t\t<h3 data-pm-slice=\"1 1 []\"><strong>Vorteile und Bedingungen<\/strong><\/h3><p>\u2705 Zugang zu Mitteln zur Beschleunigung des Wachstums<br \/>\u2705 Wettbewerbsf\u00e4hige Preise und R\u00fcckzahlungsflexibilit\u00e4t<br \/>\u26a0\ufe0f Ben\u00f6tigen Sie eine solide Finanzbilanz<br \/>\u26a0\ufe0f Langfristige Bindung je nach Finanzierungsart<\/p>\t\t\t\t\t\t\t\t<\/div>\n\t\t\t\t<\/div>\n\t\t\t\t\t<\/div>\n\t\t\t\t<\/div>\n\t\t<div class=\"elementor-element elementor-element-14442360 e-flex e-con-boxed elementor-invisible e-con e-parent\" data-id=\"14442360\" data-element_type=\"container\" data-settings=\"{&quot;background_background&quot;:&quot;classic&quot;,&quot;animation&quot;:&quot;fadeInUp&quot;}\">\n\t\t\t\t\t<div class=\"e-con-inner\">\n\t\t\t\t<div class=\"elementor-element elementor-element-e36c39f elementor-widget elementor-widget-text-editor\" data-id=\"e36c39f\" data-element_type=\"widget\" data-widget_type=\"text-editor.default\">\n\t\t\t\t<div class=\"elementor-widget-container\">\n\t\t\t\t\t\t\t\t\t<h2 data-pm-slice=\"1 1 []\"><span style=\"color: #ffffff;\">\ud83d\udce2 <strong>Warum sollten Sie Ihr Projekt bei uns finanzieren?<\/strong><\/span><\/h2><p><span style=\"color: #ffffff;\">Wir bieten L\u00f6sungen f\u00fcr <strong>ma\u00dfgeschneiderte Finanzierungen f\u00fcr Privatpersonen und Gewerbetreibende<\/strong>, sodass Sie Ihre Projekte verwirklichen und Ihre Rentabilit\u00e4t in v\u00f6lliger Sicherheit maximieren k\u00f6nnen.<\/span><\/p>\t\t\t\t\t\t\t\t<\/div>\n\t\t\t\t<\/div>\n\t\t\t\t\t<\/div>\n\t\t\t\t<\/div>\n\t\t<div class=\"elementor-element elementor-element-6f8176d6 e-flex e-con-boxed elementor-invisible e-con e-parent\" data-id=\"6f8176d6\" data-element_type=\"container\" data-settings=\"{&quot;background_background&quot;:&quot;classic&quot;,&quot;animation&quot;:&quot;fadeInUp&quot;}\">\n\t\t\t\t\t<div class=\"e-con-inner\">\n\t\t\t\t<div class=\"elementor-element elementor-element-6ddb0ff6 elementor-widget elementor-widget-text-editor\" data-id=\"6ddb0ff6\" data-element_type=\"widget\" data-widget_type=\"text-editor.default\">\n\t\t\t\t<div class=\"elementor-widget-container\">\n\t\t\t\t\t\t\t\t\t<h3 data-pm-slice=\"1 1 []\"><strong>Unsere Vorteile:<\/strong><\/h3><p>\u2705 <strong>Auf jedes Kreditnehmerprofil zugeschnittene L\u00f6sungen<\/strong><br \/>\u2705 <strong>Zugang zu exklusiver und effizienter Finanzierung<\/strong><br \/>\u2705 <strong>Wettbewerbsf\u00e4hige und flexible Finanzierungss\u00e4tze<\/strong><br \/>\u2705 <strong>Strategische und personalisierte Unterst\u00fctzung<\/strong><\/p>\t\t\t\t\t\t\t\t<\/div>\n\t\t\t\t<\/div>\n\t\t\t\t\t<\/div>\n\t\t\t\t<\/div>\n\t\t<div class=\"elementor-element elementor-element-17534ca e-flex e-con-boxed elementor-invisible e-con e-parent\" data-id=\"17534ca\" data-element_type=\"container\" data-settings=\"{&quot;background_background&quot;:&quot;classic&quot;,&quot;animation&quot;:&quot;fadeInUp&quot;}\">\n\t\t\t\t\t<div class=\"e-con-inner\">\n\t\t\t\t<div class=\"elementor-element elementor-element-130a6a2 elementor-widget elementor-widget-menu-anchor\" data-id=\"130a6a2\" data-element_type=\"widget\" data-widget_type=\"menu-anchor.default\">\n\t\t\t\t<div class=\"elementor-widget-container\">\n\t\t\t\t\t\t\t<div class=\"elementor-menu-anchor\" id=\"simulateur\"><\/div>\n\t\t\t\t\t\t<\/div>\n\t\t\t\t<\/div>\n\t\t\t\t<div class=\"elementor-element elementor-element-3265e5c elementor-widget elementor-widget-html\" data-id=\"3265e5c\" data-element_type=\"widget\" data-widget_type=\"html.default\">\n\t\t\t\t<div class=\"elementor-widget-container\">\n\t\t\t\t\t<!DOCTYPE html>\n<html lang=\"fr\">\n<head>\n    <meta charset=\"UTF-8\">\n    <meta name=\"viewport\" content=\"width=device-width, initial-scale=1.0\">\n    <title>Demande de Financement Intelligent<\/title>\n    <style>\n        body {\n            font-family: Arial, sans-serif;\n            background-color: #f4f4f4;\n            color: #333;\n            margin: 0;\n            padding: 0px;\n        }\n        .container {\n            max-width: 900px;\n            margin: auto;\n            background: white;\n            padding: 20px;\n            border-radius: 10px;\n            box-shadow: 0px 0px 0px rgba(0, 0, 0, 0.1);\n        }\n         {\n            text-align: left;\n        }\n        label {\n            font-weight: bold;\n        }\n        input, select, button {\n            width: 100%;\n            padding: 10px;\n            margin: 10px 0;\n            border-radius: 5px;\n            border: 1px solid #ccc;\n        }\n        button {\n            background-color: #6CFF84;\n            color: black;\n            font-weight: bold;\n            cursor: pointer;\n        }\n        button:hover {\n            background-color: #5ACC70;\n        }\n        .result {\n            display: none;\n            background: #000;\n            color: white;\n            padding: 15px;\n            border-radius: 5px;\n            margin-top: 20px;\n            text-align: center;\n        }\n        .apply-button, .contact-button {\n            display: none;\n            margin-top: 15px;\n            padding: 10px;\n            border: none;\n            border-radius: 5px;\n            cursor: pointer;\n            font-weight: bold;\n            width: 100%;\n            text-decoration: none;\n            text-align: center;\n        }\n        .apply-button {\n            background-color: #ffcc00;\n            color: black;\n        }\n        .apply-button:hover {\n            background-color: #e6b800;\n        }\n        .contact-button {\n            background-color: #ff5733;\n            color: white;\n        }\n        .contact-button:hover {\n            background-color: #cc4626;\n        }\n    <\/style>\n<\/head>\n<body>\n    <div class=\"container\">\n        <h2>Meine Berechtigung pr\u00fcfen<\/h2>\n        <form id=\"financementForm\" action=\"\">\n            <label for=\"montant\">Angeforderter Betrag (\u20ac):<\/label>\n            <input type=\"number\" id=\"montant\" placeholder=\"Geben Sie den Betrag ein\" required>\n            \n            <label for=\"revenu\">Monatliches Einkommen (\u20ac):<\/label>\n            <input type=\"number\" id=\"revenu\" placeholder=\"Geben Sie Ihr monatliches Einkommen ein\" required>\n            \n            <label for=\"statut\">Berufsstatus:<\/label>\n            <select id=\"statut\">\n                <option value=\"salarie\">Mitarbeiter<\/option>\n                <option value=\"independant\">Unabh\u00e4ngig<\/option>\n                <option value=\"entreprise\">Gesch\u00e4ft<\/option>\n                <option value=\"autre\">Andere<\/option>\n            <\/select>\n            \n            <label for=\"historique\">Kredithistorie:<\/label>\n            <select id=\"historique\">\n                <option value=\"excellent\">Exzellent<\/option>\n                <option value=\"bon\">Gut<\/option>\n                <option value=\"moyen\">DURCHSCHNITT<\/option>\n                <option value=\"faible\">Schwach<\/option>\n            <\/select>\n            \n            <button type=\"button\" onclick=\"analyserEligibilite()\">Meine Berechtigung pr\u00fcfen<\/button>\n        <input type=\"hidden\" name=\"trp-form-language\" value=\"de\"\/><\/form>\n        \n        <div class=\"result\" id=\"resultat\">\n            <h3>Analyseergebnis<\/h3>\n            <p id=\"message\"><\/p>\n            <a id=\"applyButton\" class=\"apply-button\" href=\"https:\/\/flexifinanz.com\/de\/demander-un-financement\/\">F\u00f6rdermittel beantragen<\/a>\n            <a id=\"contactButton\" class=\"contact-button\" href=\"https:\/\/flexifinanz.com\/de\/contactez-nous\/\">Kontaktieren Sie uns<\/a>\n        <\/div>\n    <\/div>\n\n    <script>\n        function analyserEligibilite() {\n            let montant = parseFloat(document.getElementById(\"montant\").value);\n            let revenu = parseFloat(document.getElementById(\"revenu\").value);\n            let statut = document.getElementById(\"statut\").value;\n            let historique = document.getElementById(\"historique\").value;\n            let message = \"\";\n            let applyButton = document.getElementById(\"applyButton\");\n            let contactButton = document.getElementById(\"contactButton\");\n\n            if (isNaN(montant) || isNaN(revenu) || montant <= 0 || revenu <= 0) {\n                alert(\"Veuillez entrer des valeurs valides.\");\n                return;\n            }\n\n            let tauxEndettement = (montant \/ (revenu * 12)) * 100;\n            \n            if (tauxEndettement < 50 || (historique !== \"faible\" && tauxEndettement < 60)) {\n                message = \"\u2705 F\u00e9licitations ! Vous \u00eates \u00e9ligible \u00e0 un financement flexible avec des conditions avantageuses.\";\n                applyButton.style.display = \"block\";\n                contactButton.style.display = \"none\";\n            } else if (tauxEndettement < 70 || historique === \"moyen\") {\n                message = \"\u26a0\ufe0f Vous \u00eates \u00e9ligible avec des conditions ajust\u00e9es. Une analyse compl\u00e9mentaire pourrait \u00eatre n\u00e9cessaire.\";\n                applyButton.style.display = \"block\";\n                contactButton.style.display = \"none\";\n            } else {\n                message = \"\u274c Votre demande de financement n\u00e9cessite des garanties suppl\u00e9mentaires, mais nous pouvons vous proposer une alternative adapt\u00e9e.\";\n                applyButton.style.display = \"none\";\n                contactButton.style.display = \"block\";\n            }\n            \n            document.getElementById(\"message\").innerText = message;\n            document.getElementById(\"resultat\").style.display = \"block\";\n        }\n    <\/script>\n<\/body>\n<\/html>\n\t\t\t\t<\/div>\n\t\t\t\t<\/div>\n\t\t\t\t\t<\/div>\n\t\t\t\t<\/div>\n\t\t<div class=\"elementor-element elementor-element-1d34d1ad e-flex e-con-boxed elementor-invisible e-con e-parent\" data-id=\"1d34d1ad\" data-element_type=\"container\" data-settings=\"{&quot;background_background&quot;:&quot;classic&quot;,&quot;animation&quot;:&quot;fadeInUp&quot;}\">\n\t\t\t\t\t<div class=\"e-con-inner\">\n\t\t\t\t<div class=\"elementor-element elementor-element-26d82835 elementor-widget elementor-widget-heading\" data-id=\"26d82835\" data-element_type=\"widget\" data-widget_type=\"heading.default\">\n\t\t\t\t<div class=\"elementor-widget-container\">\n\t\t\t\t\t<h2 class=\"elementor-heading-title elementor-size-default\">Sichern Sie sich noch heute Ihre Finanzierung!<\/h2>\t\t\t\t<\/div>\n\t\t\t\t<\/div>\n\t\t\t\t<div class=\"elementor-element elementor-element-1f501aff elementor-widget elementor-widget-text-editor\" data-id=\"1f501aff\" data-element_type=\"widget\" data-widget_type=\"text-editor.default\">\n\t\t\t\t<div class=\"elementor-widget-container\">\n\t\t\t\t\t\t\t\t\t<p data-pm-slice=\"1 1 []\">Ob Privatperson oder Profi, wir unterst\u00fctzen Sie bei <strong>Sichern und optimieren Sie Ihre Finanzierung<\/strong>.<\/p>\t\t\t\t\t\t\t\t<\/div>\n\t\t\t\t<\/div>\n\t\t\t\t<div class=\"elementor-element elementor-element-31aec061 elementor-align-center elementor-widget elementor-widget-button\" data-id=\"31aec061\" data-element_type=\"widget\" data-widget_type=\"button.default\">\n\t\t\t\t<div class=\"elementor-widget-container\">\n\t\t\t\t\t\t\t\t\t<div class=\"elementor-button-wrapper\">\n\t\t\t\t\t<a class=\"elementor-button elementor-button-link elementor-size-sm\" href=\"https:\/\/flexifinanz.com\/de\/nos-domaines-dinterventions\/\">\n\t\t\t\t\t\t<span class=\"elementor-button-content-wrapper\">\n\t\t\t\t\t\t<span class=\"elementor-button-icon\">\n\t\t\t\t<svg aria-hidden=\"true\" class=\"e-font-icon-svg e-fas-arrow-right\" viewbox=\"0 0 448 512\" xmlns=\"http:\/\/www.w3.org\/2000\/svg\"><path d=\"M190.5 66.9l22.2-22.2c9.4-9.4 24.6-9.4 33.9 0L441 239c9.4 9.4 9.4 24.6 0 33.9L246.6 467.3c-9.4 9.4-24.6 9.4-33.9 0l-22.2-22.2c-9.5-9.5-9.3-25 .4-34.3L311.4 296H24c-13.3 0-24-10.7-24-24v-32c0-13.3 10.7-24 24-24h287.4L190.9 101.2c-9.8-9.3-10-24.8-.4-34.3z\"><\/path><\/svg>\t\t\t<\/span>\n\t\t\t\t\t\t\t\t\t<span class=\"elementor-button-text\">Unsere Domains ansehen <\/span>\n\t\t\t\t\t<\/span>\n\t\t\t\t\t<\/a>\n\t\t\t\t<\/div>\n\t\t\t\t\t\t\t\t<\/div>\n\t\t\t\t<\/div>\n\t\t\t\t\t<\/div>\n\t\t\t\t<\/div>\n\t\t\t\t<\/div>","protected":false},"excerpt":{"rendered":"<p>Pourquoi adapter son financement \u00e0 son profil ? Que vous soyez un particulier cherchant \u00e0 r\u00e9aliser un projet ou une entreprise souhaitant [&hellip;]<\/p>","protected":false},"author":1,"featured_media":340,"parent":0,"menu_order":0,"comment_status":"closed","ping_status":"closed","template":"","meta":{"om_disable_all_campaigns":false,"_monsterinsights_skip_tracking":false,"_monsterinsights_sitenote_active":false,"_monsterinsights_sitenote_note":"","_monsterinsights_sitenote_category":0,"footnotes":""},"class_list":["post-207","page","type-page","status-publish","has-post-thumbnail","hentry"],"aioseo_notices":[],"_links":{"self":[{"href":"https:\/\/flexifinanz.com\/de\/wp-json\/wp\/v2\/pages\/207","targetHints":{"allow":["GET"]}}],"collection":[{"href":"https:\/\/flexifinanz.com\/de\/wp-json\/wp\/v2\/pages"}],"about":[{"href":"https:\/\/flexifinanz.com\/de\/wp-json\/wp\/v2\/types\/page"}],"author":[{"embeddable":true,"href":"https:\/\/flexifinanz.com\/de\/wp-json\/wp\/v2\/users\/1"}],"replies":[{"embeddable":true,"href":"https:\/\/flexifinanz.com\/de\/wp-json\/wp\/v2\/comments?post=207"}],"version-history":[{"count":0,"href":"https:\/\/flexifinanz.com\/de\/wp-json\/wp\/v2\/pages\/207\/revisions"}],"wp:featuredmedia":[{"embeddable":true,"href":"https:\/\/flexifinanz.com\/de\/wp-json\/wp\/v2\/media\/340"}],"wp:attachment":[{"href":"https:\/\/flexifinanz.com\/de\/wp-json\/wp\/v2\/media?parent=207"}],"curies":[{"name":"wp","href":"https:\/\/api.w.org\/{rel}","templated":true}]}}