{"id":192,"date":"2025-02-20T15:42:36","date_gmt":"2025-02-20T14:42:36","guid":{"rendered":"https:\/\/flexifinanz.com\/?page_id=192"},"modified":"2025-02-25T18:45:16","modified_gmt":"2025-02-25T17:45:16","slug":"finanzierung-nach-laufzeit","status":"publish","type":"page","link":"https:\/\/flexifinanz.com\/de\/finanzierung-nach-laufzeit\/","title":{"rendered":"Finanzierung kurz-, mittel- und langfristiger Projekte: Passen Sie Ihre Strategie an"},"content":{"rendered":"<div data-elementor-type=\"wp-page\" data-elementor-id=\"192\" class=\"elementor elementor-192\" data-elementor-settings=\"{&quot;element_pack_global_tooltip_width&quot;:{&quot;unit&quot;:&quot;px&quot;,&quot;size&quot;:&quot;&quot;,&quot;sizes&quot;:[]},&quot;element_pack_global_tooltip_width_tablet&quot;:{&quot;unit&quot;:&quot;px&quot;,&quot;size&quot;:&quot;&quot;,&quot;sizes&quot;:[]},&quot;element_pack_global_tooltip_width_mobile&quot;:{&quot;unit&quot;:&quot;px&quot;,&quot;size&quot;:&quot;&quot;,&quot;sizes&quot;:[]},&quot;element_pack_global_tooltip_padding&quot;:{&quot;unit&quot;:&quot;px&quot;,&quot;top&quot;:&quot;&quot;,&quot;right&quot;:&quot;&quot;,&quot;bottom&quot;:&quot;&quot;,&quot;left&quot;:&quot;&quot;,&quot;isLinked&quot;:true},&quot;element_pack_global_tooltip_padding_tablet&quot;:{&quot;unit&quot;:&quot;px&quot;,&quot;top&quot;:&quot;&quot;,&quot;right&quot;:&quot;&quot;,&quot;bottom&quot;:&quot;&quot;,&quot;left&quot;:&quot;&quot;,&quot;isLinked&quot;:true},&quot;element_pack_global_tooltip_padding_mobile&quot;:{&quot;unit&quot;:&quot;px&quot;,&quot;top&quot;:&quot;&quot;,&quot;right&quot;:&quot;&quot;,&quot;bottom&quot;:&quot;&quot;,&quot;left&quot;:&quot;&quot;,&quot;isLinked&quot;:true},&quot;element_pack_global_tooltip_border_radius&quot;:{&quot;unit&quot;:&quot;px&quot;,&quot;top&quot;:&quot;&quot;,&quot;right&quot;:&quot;&quot;,&quot;bottom&quot;:&quot;&quot;,&quot;left&quot;:&quot;&quot;,&quot;isLinked&quot;:true},&quot;element_pack_global_tooltip_border_radius_tablet&quot;:{&quot;unit&quot;:&quot;px&quot;,&quot;top&quot;:&quot;&quot;,&quot;right&quot;:&quot;&quot;,&quot;bottom&quot;:&quot;&quot;,&quot;left&quot;:&quot;&quot;,&quot;isLinked&quot;:true},&quot;element_pack_global_tooltip_border_radius_mobile&quot;:{&quot;unit&quot;:&quot;px&quot;,&quot;top&quot;:&quot;&quot;,&quot;right&quot;:&quot;&quot;,&quot;bottom&quot;:&quot;&quot;,&quot;left&quot;:&quot;&quot;,&quot;isLinked&quot;:true}}\" data-elementor-post-type=\"page\">\n\t\t\t\t<div class=\"elementor-element elementor-element-4a6ab6de e-flex e-con-boxed e-con e-parent\" data-id=\"4a6ab6de\" data-element_type=\"container\" data-settings=\"{&quot;background_background&quot;:&quot;classic&quot;}\">\n\t\t\t\t\t<div class=\"e-con-inner\">\n\t\t\t\t<div class=\"elementor-element elementor-element-3b2ece84 elementor-widget elementor-widget-text-editor\" data-id=\"3b2ece84\" data-element_type=\"widget\" data-widget_type=\"text-editor.default\">\n\t\t\t\t<div class=\"elementor-widget-container\">\n\t\t\t\t\t\t\t\t\t<h2 data-pm-slice=\"1 1 []\">Warum eine laufzeitabh\u00e4ngige Finanzierung w\u00e4hlen?<\/h2><p>Die Wahl der Finanzierungslaufzeit ist eine wesentliche strategische Entscheidung. Es hilft Ihnen, Ihren Kapitalbedarf mit Ihren finanziellen Zielen, Ihrer Risikobereitschaft und Ihrem Wachstumsplan in Einklang zu bringen. Ob Sie auf der Suche nach <strong>Mittel schnell<\/strong>, A <strong>ausgewogenes Wachstum<\/strong> oder ein <strong>nachhaltige Finanzierungsl\u00f6sung<\/strong>, wir bieten Ihnen ma\u00dfgeschneiderte L\u00f6sungen<\/p>\t\t\t\t\t\t\t\t<\/div>\n\t\t\t\t<\/div>\n\t\t\t\t<div class=\"elementor-element elementor-element-f1364a7 elementor-align-left elementor-invisible elementor-widget elementor-widget-button\" data-id=\"f1364a7\" data-element_type=\"widget\" data-settings=\"{&quot;_animation&quot;:&quot;fadeInUp&quot;,&quot;_animation_delay&quot;:500}\" data-widget_type=\"button.default\">\n\t\t\t\t<div class=\"elementor-widget-container\">\n\t\t\t\t\t\t\t\t\t<div class=\"elementor-button-wrapper\">\n\t\t\t\t\t<a class=\"elementor-button elementor-button-link elementor-size-sm\" href=\"#simulateur\">\n\t\t\t\t\t\t<span class=\"elementor-button-content-wrapper\">\n\t\t\t\t\t\t<span class=\"elementor-button-icon\">\n\t\t\t\t<svg aria-hidden=\"true\" class=\"e-font-icon-svg e-fas-arrow-right\" viewbox=\"0 0 448 512\" xmlns=\"http:\/\/www.w3.org\/2000\/svg\"><path d=\"M190.5 66.9l22.2-22.2c9.4-9.4 24.6-9.4 33.9 0L441 239c9.4 9.4 9.4 24.6 0 33.9L246.6 467.3c-9.4 9.4-24.6 9.4-33.9 0l-22.2-22.2c-9.5-9.5-9.3-25 .4-34.3L311.4 296H24c-13.3 0-24-10.7-24-24v-32c0-13.3 10.7-24 24-24h287.4L190.9 101.2c-9.8-9.3-10-24.8-.4-34.3z\"><\/path><\/svg>\t\t\t<\/span>\n\t\t\t\t\t\t\t\t\t<span class=\"elementor-button-text\">Meine Berechtigung pr\u00fcfen<\/span>\n\t\t\t\t\t<\/span>\n\t\t\t\t\t<\/a>\n\t\t\t\t<\/div>\n\t\t\t\t\t\t\t\t<\/div>\n\t\t\t\t<\/div>\n\t\t\t\t\t<\/div>\n\t\t\t\t<\/div>\n\t\t<div class=\"elementor-element elementor-element-f0c8284 e-flex e-con-boxed elementor-invisible e-con e-parent\" data-id=\"f0c8284\" data-element_type=\"container\" data-settings=\"{&quot;background_background&quot;:&quot;classic&quot;,&quot;animation&quot;:&quot;fadeInUp&quot;}\">\n\t\t\t\t\t<div class=\"e-con-inner\">\n\t\t\t\t<div class=\"elementor-element elementor-element-2501fd3 elementor-widget elementor-widget-text-editor\" data-id=\"2501fd3\" data-element_type=\"widget\" data-widget_type=\"text-editor.default\">\n\t\t\t\t<div class=\"elementor-widget-container\">\n\t\t\t\t\t\t\t\t\t<h2 data-pm-slice=\"1 3 []\">1\ufe0f\u20e3 Kurzfristige Finanzierung (0-2 Jahre)<\/h2><h3><strong>Ziel: Schnelle Liquidit\u00e4t und Flexibilit\u00e4t<\/strong><\/h3><p>Kurzfristige Finanzierungen sind ideal f\u00fcr Unternehmen, die eine <strong>schneller Zugang zu Geldmitteln<\/strong> und w\u00fcnschen <strong>ihren Cashflow optimieren<\/strong>. Sie eignen sich f\u00fcr Projekte, die einen sofortigen Cashflow mit schneller Rentabilit\u00e4t erfordern.<\/p><h3><strong>F\u00f6rderm\u00f6glichkeiten:<\/strong><\/h3><ul data-spread=\"false\"><li><p><strong>E-Commerce und Online-Verkauf<\/strong> \u2192 Lagerfinanzierung und Marketingkampagnen<\/p><\/li><li><p><strong>Startups in der Fr\u00fchphase<\/strong> \u2192 Startkapital f\u00fcr Tests und erste Verk\u00e4ufe<\/p><\/li><li><p><strong>Kurzfristige Immobilien<\/strong> \u2192 Finanzierung von schnellen Sanierungsprojekten<\/p><\/li><li><p><strong>Neue Technologien<\/strong> \u2192 Finanzierung innovativer Produkte und Prototypen<\/p><\/li><li><p><strong>Events und audiovisuelle Produktion<\/strong> \u2192 Unterst\u00fctzung bei Projekten, die eine schnelle Umsetzung erfordern<\/p><\/li><\/ul>\t\t\t\t\t\t\t\t<\/div>\n\t\t\t\t<\/div>\n\t\t\t\t\t<\/div>\n\t\t\t\t<\/div>\n\t\t<div class=\"elementor-element elementor-element-3c4963d e-flex e-con-boxed elementor-invisible e-con e-parent\" data-id=\"3c4963d\" data-element_type=\"container\" data-settings=\"{&quot;background_background&quot;:&quot;classic&quot;,&quot;animation&quot;:&quot;fadeInUp&quot;}\">\n\t\t\t\t\t<div class=\"e-con-inner\">\n\t\t\t\t<div class=\"elementor-element elementor-element-33b1a63 elementor-widget elementor-widget-text-editor\" data-id=\"33b1a63\" data-element_type=\"widget\" data-widget_type=\"text-editor.default\">\n\t\t\t\t<div class=\"elementor-widget-container\">\n\t\t\t\t\t\t\t\t\t<h3 data-pm-slice=\"1 1 []\"><strong>Vorteile und Bedingungen<\/strong><\/h3><p>\u2705 Schneller Zugriff auf Geldmittel<br \/>\u2705 Auf den Cashflow-Bedarf zugeschnittene L\u00f6sungen<br \/>\u26a0\ufe0f Kurzfristige R\u00fcckerstattung<br \/>\u26a0\ufe0f Potenziell h\u00f6here Zinss\u00e4tze<\/p>\t\t\t\t\t\t\t\t<\/div>\n\t\t\t\t<\/div>\n\t\t\t\t\t<\/div>\n\t\t\t\t<\/div>\n\t\t<div class=\"elementor-element elementor-element-a689b2a e-flex e-con-boxed elementor-invisible e-con e-parent\" data-id=\"a689b2a\" data-element_type=\"container\" data-settings=\"{&quot;background_background&quot;:&quot;classic&quot;,&quot;animation&quot;:&quot;fadeInUp&quot;}\">\n\t\t\t\t\t<div class=\"e-con-inner\">\n\t\t\t\t<div class=\"elementor-element elementor-element-d82d815 elementor-widget elementor-widget-text-editor\" data-id=\"d82d815\" data-element_type=\"widget\" data-widget_type=\"text-editor.default\">\n\t\t\t\t<div class=\"elementor-widget-container\">\n\t\t\t\t\t\t\t\t\t<h2 data-pm-slice=\"1 3 []\">2\ufe0f\u20e3 Mittelfristige Finanzierung (3-7 Jahre)<\/h2><h3><strong>Ziel: Wachstum und Stabilit\u00e4t<\/strong><\/h3><p>Mittelfristige Finanzierungen erm\u00f6glichen Unternehmen, ihre Entwicklung zu strukturieren und gleichzeitig ihre Rentabilit\u00e4t zu optimieren. Sie eignen sich f\u00fcr Unternehmen, die <strong>ihren Cashflow und ihr Wachstum ausbalancieren<\/strong>.<\/p><h3><strong>F\u00f6rderm\u00f6glichkeiten:<\/strong><\/h3><ul data-spread=\"false\"><li><p><strong>Miet- und Gewerbeimmobilien<\/strong> \u2192 Erwerb und Sanierung<\/p><\/li><li><p><strong>Industrie und Robotik<\/strong> \u2192 Finanzierung von Produktionsanlagen<\/p><\/li><li><p><strong>Erneuerbare Energien<\/strong> \u2192 Entwicklung von Solar- und Windprojekten<\/p><\/li><li><p><strong>Handel und Vertrieb<\/strong> \u2192 Erweiterung der Franchise-Gesch\u00e4fte und Er\u00f6ffnung neuer Verkaufsstellen<\/p><\/li><li><p><strong>Medizintechnik und Biotechnologie<\/strong> \u2192 Entwicklung und Vermarktung<\/p><\/li><\/ul>\t\t\t\t\t\t\t\t<\/div>\n\t\t\t\t<\/div>\n\t\t\t\t\t<\/div>\n\t\t\t\t<\/div>\n\t\t<div class=\"elementor-element elementor-element-50e1b17 e-flex e-con-boxed elementor-invisible e-con e-parent\" data-id=\"50e1b17\" data-element_type=\"container\" data-settings=\"{&quot;background_background&quot;:&quot;classic&quot;,&quot;animation&quot;:&quot;fadeInUp&quot;}\">\n\t\t\t\t\t<div class=\"e-con-inner\">\n\t\t\t\t<div class=\"elementor-element elementor-element-f70ddd2 elementor-widget elementor-widget-text-editor\" data-id=\"f70ddd2\" data-element_type=\"widget\" data-widget_type=\"text-editor.default\">\n\t\t\t\t<div class=\"elementor-widget-container\">\n\t\t\t\t\t\t\t\t\t<h3 data-pm-slice=\"1 1 []\"><strong>Vorteile und Bedingungen<\/strong><\/h3><p>\u2705 Balance zwischen Flexibilit\u00e4t und Rentabilit\u00e4t<br \/>\u2705 Ideal f\u00fcr Projekte, die eine finanzielle Strukturierung erfordern<br \/>\u26a0\ufe0f Mehrj\u00e4hriges Engagement<br \/>\u26a0\ufe0f Auswirkungen konjunktureller Zyklen auf die Rentabilit\u00e4t<\/p>\t\t\t\t\t\t\t\t<\/div>\n\t\t\t\t<\/div>\n\t\t\t\t\t<\/div>\n\t\t\t\t<\/div>\n\t\t<div class=\"elementor-element elementor-element-48f7cb6 e-flex e-con-boxed elementor-invisible e-con e-parent\" data-id=\"48f7cb6\" data-element_type=\"container\" data-settings=\"{&quot;background_background&quot;:&quot;classic&quot;,&quot;animation&quot;:&quot;fadeInUp&quot;}\">\n\t\t\t\t\t<div class=\"e-con-inner\">\n\t\t\t\t<div class=\"elementor-element elementor-element-aa60bdd elementor-widget elementor-widget-text-editor\" data-id=\"aa60bdd\" data-element_type=\"widget\" data-widget_type=\"text-editor.default\">\n\t\t\t\t<div class=\"elementor-widget-container\">\n\t\t\t\t\t\t\t\t\t<h2 data-pm-slice=\"1 3 []\">3\ufe0f\u20e3 Langfristige Finanzierung (8+ Jahre)<\/h2><h3><strong>Ziel: Nachhaltigkeit und Sicherheit des Kapitals<\/strong><\/h3><p>Die langfristige Finanzierung ist f\u00fcr Projekte gedacht, die eine <strong>langfristige Vision und progressives Wachstum<\/strong>. Sie erm\u00f6glichen Unternehmen, in strategische Verm\u00f6genswerte zu investieren und deren nachhaltige Entwicklung sicherzustellen.<\/p><h3><strong>F\u00f6rderm\u00f6glichkeiten:<\/strong><\/h3><ul data-spread=\"false\"><li><p><strong>Historische Immobilien<\/strong> \u2192 Immobilien finanzieren um passives Einkommen zu generieren<\/p><\/li><li><p><strong>Gesundheits- und Pharmaforschung<\/strong> \u2192 Unterst\u00fctzung f\u00fcr Labore und medizinische Innovationen<\/p><\/li><li><p><strong>Infrastruktur und Transporte<\/strong> \u2192 Entwicklung von Gro\u00dfprojekten<\/p><\/li><li><p><strong>Agrar- und Ern\u00e4hrungswirtschaft und nachhaltige Landwirtschaft<\/strong> \u2192 Finanzierung \u00f6kologisch verantwortungsvoller Projekte<\/p><\/li><li><p><strong>Luxus- und Modeindustrie<\/strong> \u2192 Markenausbau und Erwerb wertvoller Verm\u00f6genswerte<\/p><\/li><\/ul>\t\t\t\t\t\t\t\t<\/div>\n\t\t\t\t<\/div>\n\t\t\t\t\t<\/div>\n\t\t\t\t<\/div>\n\t\t<div class=\"elementor-element elementor-element-464dc59 e-flex e-con-boxed elementor-invisible e-con e-parent\" data-id=\"464dc59\" data-element_type=\"container\" data-settings=\"{&quot;background_background&quot;:&quot;classic&quot;,&quot;animation&quot;:&quot;fadeInUp&quot;}\">\n\t\t\t\t\t<div class=\"e-con-inner\">\n\t\t\t\t<div class=\"elementor-element elementor-element-9d256bf elementor-widget elementor-widget-text-editor\" data-id=\"9d256bf\" data-element_type=\"widget\" data-widget_type=\"text-editor.default\">\n\t\t\t\t<div class=\"elementor-widget-container\">\n\t\t\t\t\t\t\t\t\t<h3 data-pm-slice=\"1 1 []\"><strong>Vorteile und Bedingungen<\/strong><\/h3><p>\u2705 Stabile und sichere Rentabilit\u00e4t<br \/>\u2705 Langfristige Hebelwirkung<br \/>\u26a0\ufe0f Geringere Liquidit\u00e4t<br \/>\u26a0\ufe0f Erfordert strategische Vision<\/p>\t\t\t\t\t\t\t\t<\/div>\n\t\t\t\t<\/div>\n\t\t\t\t\t<\/div>\n\t\t\t\t<\/div>\n\t\t<div class=\"elementor-element elementor-element-4ad98ca e-flex e-con-boxed elementor-invisible e-con e-parent\" data-id=\"4ad98ca\" data-element_type=\"container\" data-settings=\"{&quot;background_background&quot;:&quot;classic&quot;,&quot;animation&quot;:&quot;fadeInUp&quot;}\">\n\t\t\t\t\t<div class=\"e-con-inner\">\n\t\t\t\t<div class=\"elementor-element elementor-element-290572ad elementor-widget elementor-widget-text-editor\" data-id=\"290572ad\" data-element_type=\"widget\" data-widget_type=\"text-editor.default\">\n\t\t\t\t<div class=\"elementor-widget-container\">\n\t\t\t\t\t\t\t\t\t<h2 data-pm-slice=\"1 1 []\"><span style=\"color: #ffffff;\">\ud83d\udce2 <strong>Warum bei uns finanzieren?<\/strong><\/span><\/h2><p><span style=\"color: #ffffff;\">Unsere Finanzierungsexpertise erm\u00f6glicht uns die Auswahl der <strong>beste Chancen f\u00fcr jeden Bedarf<\/strong>. Ob Sie auf der Suche nach einem <strong>schnelle kurzfristige Finanzierung<\/strong>, A <strong>ausgewogene Wachstumsstrategie<\/strong> oder ein <strong>Entwicklung des Kulturerbes<\/strong>, wir unterst\u00fctzen Sie bei jedem Schritt auf dem Weg.<\/span><\/p>\t\t\t\t\t\t\t\t<\/div>\n\t\t\t\t<\/div>\n\t\t\t\t\t<\/div>\n\t\t\t\t<\/div>\n\t\t<div class=\"elementor-element elementor-element-2f27a698 e-flex e-con-boxed elementor-invisible e-con e-parent\" data-id=\"2f27a698\" data-element_type=\"container\" data-settings=\"{&quot;background_background&quot;:&quot;classic&quot;,&quot;animation&quot;:&quot;fadeInUp&quot;}\">\n\t\t\t\t\t<div class=\"e-con-inner\">\n\t\t\t\t<div class=\"elementor-element elementor-element-177f6ed6 elementor-widget elementor-widget-text-editor\" data-id=\"177f6ed6\" data-element_type=\"widget\" data-widget_type=\"text-editor.default\">\n\t\t\t\t<div class=\"elementor-widget-container\">\n\t\t\t\t\t\t\t\t\t<h3 data-pm-slice=\"1 1 []\"><strong>Unsere Vorteile:<\/strong><\/h3><p>\u2705 <strong>Strenge Auswahl der gef\u00f6rderten Projekte<\/strong><br \/>\u2705 <strong>Wettbewerbsf\u00e4hige und flexible Finanzierungss\u00e4tze<\/strong><br \/>\u2705 <strong>Strategische Unterst\u00fctzung und ma\u00dfgeschneiderte Beratung<\/strong><br \/>\u2705 <strong>Ma\u00dfgeschneiderte L\u00f6sungen f\u00fcr Unternehmen und Unternehmer<\/strong><\/p>\t\t\t\t\t\t\t\t<\/div>\n\t\t\t\t<\/div>\n\t\t\t\t\t<\/div>\n\t\t\t\t<\/div>\n\t\t<div class=\"elementor-element elementor-element-bed8224 e-flex e-con-boxed elementor-invisible e-con e-parent\" data-id=\"bed8224\" data-element_type=\"container\" data-settings=\"{&quot;background_background&quot;:&quot;classic&quot;,&quot;animation&quot;:&quot;fadeInUp&quot;}\">\n\t\t\t\t\t<div class=\"e-con-inner\">\n\t\t\t\t<div class=\"elementor-element elementor-element-90e238b elementor-widget elementor-widget-menu-anchor\" data-id=\"90e238b\" data-element_type=\"widget\" data-widget_type=\"menu-anchor.default\">\n\t\t\t\t<div class=\"elementor-widget-container\">\n\t\t\t\t\t\t\t<div class=\"elementor-menu-anchor\" id=\"simulateur\"><\/div>\n\t\t\t\t\t\t<\/div>\n\t\t\t\t<\/div>\n\t\t\t\t<div class=\"elementor-element elementor-element-b0c3bb4 elementor-widget elementor-widget-html\" data-id=\"b0c3bb4\" data-element_type=\"widget\" data-widget_type=\"html.default\">\n\t\t\t\t<div class=\"elementor-widget-container\">\n\t\t\t\t\t<!DOCTYPE html>\n<html lang=\"fr\">\n<head>\n    <meta charset=\"UTF-8\">\n    <meta name=\"viewport\" content=\"width=device-width, initial-scale=1.0\">\n    <title>Demande de Financement Intelligent<\/title>\n    <style>\n        body {\n            font-family: Arial, sans-serif;\n            background-color: #f4f4f4;\n            color: #333;\n            margin: 0;\n            padding: 0px;\n        }\n        .container {\n            max-width: 900px;\n            margin: auto;\n            background: white;\n            padding: 20px;\n            border-radius: 10px;\n            box-shadow: 0px 0px 0px rgba(0, 0, 0, 0.1);\n        }\n         {\n            text-align: left;\n        }\n        label {\n            font-weight: bold;\n        }\n        input, select, button {\n            width: 100%;\n            padding: 10px;\n            margin: 10px 0;\n            border-radius: 5px;\n            border: 1px solid #ccc;\n        }\n        button {\n            background-color: #6CFF84;\n            color: black;\n            font-weight: bold;\n            cursor: pointer;\n        }\n        button:hover {\n            background-color: #5ACC70;\n        }\n        .result {\n            display: none;\n            background: #000;\n            color: white;\n            padding: 15px;\n            border-radius: 5px;\n            margin-top: 20px;\n            text-align: center;\n        }\n        .apply-button, .contact-button {\n            display: none;\n            margin-top: 15px;\n            padding: 10px;\n            border: none;\n            border-radius: 5px;\n            cursor: pointer;\n            font-weight: bold;\n            width: 100%;\n            text-decoration: none;\n            text-align: center;\n        }\n        .apply-button {\n            background-color: #ffcc00;\n            color: black;\n        }\n        .apply-button:hover {\n            background-color: #e6b800;\n        }\n        .contact-button {\n            background-color: #ff5733;\n            color: white;\n        }\n        .contact-button:hover {\n            background-color: #cc4626;\n        }\n    <\/style>\n<\/head>\n<body>\n    <div class=\"container\">\n        <h2>Meine Berechtigung pr\u00fcfen<\/h2>\n        <form id=\"financementForm\" action=\"\">\n            <label for=\"montant\">Angeforderter Betrag (\u20ac):<\/label>\n            <input type=\"number\" id=\"montant\" placeholder=\"Geben Sie den Betrag ein\" required>\n            \n            <label for=\"revenu\">Monatliches Einkommen (\u20ac):<\/label>\n            <input type=\"number\" id=\"revenu\" placeholder=\"Geben Sie Ihr monatliches Einkommen ein\" required>\n            \n            <label for=\"statut\">Berufsstatus:<\/label>\n            <select id=\"statut\">\n                <option value=\"salarie\">Mitarbeiter<\/option>\n                <option value=\"independant\">Unabh\u00e4ngig<\/option>\n                <option value=\"entreprise\">Gesch\u00e4ft<\/option>\n                <option value=\"autre\">Andere<\/option>\n            <\/select>\n            \n            <label for=\"historique\">Kredithistorie:<\/label>\n            <select id=\"historique\">\n                <option value=\"excellent\">Exzellent<\/option>\n                <option value=\"bon\">Gut<\/option>\n                <option value=\"moyen\">DURCHSCHNITT<\/option>\n                <option value=\"faible\">Schwach<\/option>\n            <\/select>\n            \n            <button type=\"button\" onclick=\"analyserEligibilite()\">Meine Berechtigung pr\u00fcfen<\/button>\n        <input type=\"hidden\" name=\"trp-form-language\" value=\"de\"\/><\/form>\n        \n        <div class=\"result\" id=\"resultat\">\n            <h3>Analyseergebnis<\/h3>\n            <p id=\"message\"><\/p>\n            <a id=\"applyButton\" class=\"apply-button\" href=\"https:\/\/flexifinanz.com\/de\/demander-un-financement\/\">F\u00f6rdermittel beantragen<\/a>\n            <a id=\"contactButton\" class=\"contact-button\" href=\"https:\/\/flexifinanz.com\/de\/contactez-nous\/\">Kontaktieren Sie uns<\/a>\n        <\/div>\n    <\/div>\n\n    <script>\n        function analyserEligibilite() {\n            let montant = parseFloat(document.getElementById(\"montant\").value);\n            let revenu = parseFloat(document.getElementById(\"revenu\").value);\n            let statut = document.getElementById(\"statut\").value;\n            let historique = document.getElementById(\"historique\").value;\n            let message = \"\";\n            let applyButton = document.getElementById(\"applyButton\");\n            let contactButton = document.getElementById(\"contactButton\");\n\n            if (isNaN(montant) || isNaN(revenu) || montant <= 0 || revenu <= 0) {\n                alert(\"Veuillez entrer des valeurs valides.\");\n                return;\n            }\n\n            let tauxEndettement = (montant \/ (revenu * 12)) * 100;\n            \n            if (tauxEndettement < 50 || (historique !== \"faible\" && tauxEndettement < 60)) {\n                message = \"\u2705 F\u00e9licitations ! Vous \u00eates \u00e9ligible \u00e0 un financement flexible avec des conditions avantageuses.\";\n                applyButton.style.display = \"block\";\n                contactButton.style.display = \"none\";\n            } else if (tauxEndettement < 70 || historique === \"moyen\") {\n                message = \"\u26a0\ufe0f Vous \u00eates \u00e9ligible avec des conditions ajust\u00e9es. Une analyse compl\u00e9mentaire pourrait \u00eatre n\u00e9cessaire.\";\n                applyButton.style.display = \"block\";\n                contactButton.style.display = \"none\";\n            } else {\n                message = \"\u274c Votre demande de financement n\u00e9cessite des garanties suppl\u00e9mentaires, mais nous pouvons vous proposer une alternative adapt\u00e9e.\";\n                applyButton.style.display = \"none\";\n                contactButton.style.display = \"block\";\n            }\n            \n            document.getElementById(\"message\").innerText = message;\n            document.getElementById(\"resultat\").style.display = \"block\";\n        }\n    <\/script>\n<\/body>\n<\/html>\n\t\t\t\t<\/div>\n\t\t\t\t<\/div>\n\t\t\t\t\t<\/div>\n\t\t\t\t<\/div>\n\t\t<div class=\"elementor-element elementor-element-28b656e9 e-flex e-con-boxed elementor-invisible e-con e-parent\" data-id=\"28b656e9\" data-element_type=\"container\" data-settings=\"{&quot;background_background&quot;:&quot;classic&quot;,&quot;animation&quot;:&quot;fadeInUp&quot;}\">\n\t\t\t\t\t<div class=\"e-con-inner\">\n\t\t\t\t<div class=\"elementor-element elementor-element-1728b3da elementor-widget elementor-widget-heading\" data-id=\"1728b3da\" data-element_type=\"widget\" data-widget_type=\"heading.default\">\n\t\t\t\t<div class=\"elementor-widget-container\">\n\t\t\t\t\t<h2 class=\"elementor-heading-title elementor-size-default\">Sichern Sie sich noch heute Ihre Finanzierung!<\/h2>\t\t\t\t<\/div>\n\t\t\t\t<\/div>\n\t\t\t\t<div class=\"elementor-element elementor-element-6c90e749 elementor-widget elementor-widget-text-editor\" data-id=\"6c90e749\" data-element_type=\"widget\" data-widget_type=\"text-editor.default\">\n\t\t\t\t<div class=\"elementor-widget-container\">\n\t\t\t\t\t\t\t\t\t<p data-pm-slice=\"1 1 []\">Sichern Sie Ihre Finanzierung und entwickeln Sie Ihre Projekte mit unseren an jeden Zeithorizont angepassten L\u00f6sungen.<\/p>\t\t\t\t\t\t\t\t<\/div>\n\t\t\t\t<\/div>\n\t\t\t\t<div class=\"elementor-element elementor-element-6d50452a elementor-align-center elementor-widget elementor-widget-button\" data-id=\"6d50452a\" data-element_type=\"widget\" data-widget_type=\"button.default\">\n\t\t\t\t<div class=\"elementor-widget-container\">\n\t\t\t\t\t\t\t\t\t<div class=\"elementor-button-wrapper\">\n\t\t\t\t\t<a class=\"elementor-button elementor-button-link elementor-size-sm\" href=\"https:\/\/flexifinanz.com\/de\/nos-domaines-dinterventions\/\">\n\t\t\t\t\t\t<span class=\"elementor-button-content-wrapper\">\n\t\t\t\t\t\t<span class=\"elementor-button-icon\">\n\t\t\t\t<svg aria-hidden=\"true\" class=\"e-font-icon-svg e-fas-arrow-right\" viewbox=\"0 0 448 512\" xmlns=\"http:\/\/www.w3.org\/2000\/svg\"><path d=\"M190.5 66.9l22.2-22.2c9.4-9.4 24.6-9.4 33.9 0L441 239c9.4 9.4 9.4 24.6 0 33.9L246.6 467.3c-9.4 9.4-24.6 9.4-33.9 0l-22.2-22.2c-9.5-9.5-9.3-25 .4-34.3L311.4 296H24c-13.3 0-24-10.7-24-24v-32c0-13.3 10.7-24 24-24h287.4L190.9 101.2c-9.8-9.3-10-24.8-.4-34.3z\"><\/path><\/svg>\t\t\t<\/span>\n\t\t\t\t\t\t\t\t\t<span class=\"elementor-button-text\">Unsere Domains ansehen <\/span>\n\t\t\t\t\t<\/span>\n\t\t\t\t\t<\/a>\n\t\t\t\t<\/div>\n\t\t\t\t\t\t\t\t<\/div>\n\t\t\t\t<\/div>\n\t\t\t\t\t<\/div>\n\t\t\t\t<\/div>\n\t\t\t\t<\/div>","protected":false},"excerpt":{"rendered":"<p>Pourquoi choisir un financement en fonction de la dur\u00e9e ? Le choix de la dur\u00e9e d\u2019un financement est une d\u00e9cision strat\u00e9gique essentielle. [&hellip;]<\/p>","protected":false},"author":1,"featured_media":339,"parent":0,"menu_order":0,"comment_status":"closed","ping_status":"closed","template":"","meta":{"om_disable_all_campaigns":false,"_monsterinsights_skip_tracking":false,"_monsterinsights_sitenote_active":false,"_monsterinsights_sitenote_note":"","_monsterinsights_sitenote_category":0,"footnotes":""},"class_list":["post-192","page","type-page","status-publish","has-post-thumbnail","hentry"],"aioseo_notices":[],"_links":{"self":[{"href":"https:\/\/flexifinanz.com\/de\/wp-json\/wp\/v2\/pages\/192","targetHints":{"allow":["GET"]}}],"collection":[{"href":"https:\/\/flexifinanz.com\/de\/wp-json\/wp\/v2\/pages"}],"about":[{"href":"https:\/\/flexifinanz.com\/de\/wp-json\/wp\/v2\/types\/page"}],"author":[{"embeddable":true,"href":"https:\/\/flexifinanz.com\/de\/wp-json\/wp\/v2\/users\/1"}],"replies":[{"embeddable":true,"href":"https:\/\/flexifinanz.com\/de\/wp-json\/wp\/v2\/comments?post=192"}],"version-history":[{"count":0,"href":"https:\/\/flexifinanz.com\/de\/wp-json\/wp\/v2\/pages\/192\/revisions"}],"wp:featuredmedia":[{"embeddable":true,"href":"https:\/\/flexifinanz.com\/de\/wp-json\/wp\/v2\/media\/339"}],"wp:attachment":[{"href":"https:\/\/flexifinanz.com\/de\/wp-json\/wp\/v2\/media?parent=192"}],"curies":[{"name":"wp","href":"https:\/\/api.w.org\/{rel}","templated":true}]}}