{"id":186,"date":"2025-02-20T15:39:24","date_gmt":"2025-02-20T14:39:24","guid":{"rendered":"https:\/\/flexifinanz.com\/?page_id=186"},"modified":"2025-02-25T18:44:44","modified_gmt":"2025-02-25T17:44:44","slug":"finanzen-luxus-und-mode","status":"publish","type":"page","link":"https:\/\/flexifinanz.com\/de\/finanzierung-nach-profil\/finanzen-luxus-und-mode\/","title":{"rendered":"Finanzierung von Luxus und Mode: Ein zeitloser Markt"},"content":{"rendered":"<div data-elementor-type=\"wp-page\" data-elementor-id=\"186\" class=\"elementor elementor-186\" data-elementor-settings=\"{&quot;element_pack_global_tooltip_width&quot;:{&quot;unit&quot;:&quot;px&quot;,&quot;size&quot;:&quot;&quot;,&quot;sizes&quot;:[]},&quot;element_pack_global_tooltip_width_tablet&quot;:{&quot;unit&quot;:&quot;px&quot;,&quot;size&quot;:&quot;&quot;,&quot;sizes&quot;:[]},&quot;element_pack_global_tooltip_width_mobile&quot;:{&quot;unit&quot;:&quot;px&quot;,&quot;size&quot;:&quot;&quot;,&quot;sizes&quot;:[]},&quot;element_pack_global_tooltip_padding&quot;:{&quot;unit&quot;:&quot;px&quot;,&quot;top&quot;:&quot;&quot;,&quot;right&quot;:&quot;&quot;,&quot;bottom&quot;:&quot;&quot;,&quot;left&quot;:&quot;&quot;,&quot;isLinked&quot;:true},&quot;element_pack_global_tooltip_padding_tablet&quot;:{&quot;unit&quot;:&quot;px&quot;,&quot;top&quot;:&quot;&quot;,&quot;right&quot;:&quot;&quot;,&quot;bottom&quot;:&quot;&quot;,&quot;left&quot;:&quot;&quot;,&quot;isLinked&quot;:true},&quot;element_pack_global_tooltip_padding_mobile&quot;:{&quot;unit&quot;:&quot;px&quot;,&quot;top&quot;:&quot;&quot;,&quot;right&quot;:&quot;&quot;,&quot;bottom&quot;:&quot;&quot;,&quot;left&quot;:&quot;&quot;,&quot;isLinked&quot;:true},&quot;element_pack_global_tooltip_border_radius&quot;:{&quot;unit&quot;:&quot;px&quot;,&quot;top&quot;:&quot;&quot;,&quot;right&quot;:&quot;&quot;,&quot;bottom&quot;:&quot;&quot;,&quot;left&quot;:&quot;&quot;,&quot;isLinked&quot;:true},&quot;element_pack_global_tooltip_border_radius_tablet&quot;:{&quot;unit&quot;:&quot;px&quot;,&quot;top&quot;:&quot;&quot;,&quot;right&quot;:&quot;&quot;,&quot;bottom&quot;:&quot;&quot;,&quot;left&quot;:&quot;&quot;,&quot;isLinked&quot;:true},&quot;element_pack_global_tooltip_border_radius_mobile&quot;:{&quot;unit&quot;:&quot;px&quot;,&quot;top&quot;:&quot;&quot;,&quot;right&quot;:&quot;&quot;,&quot;bottom&quot;:&quot;&quot;,&quot;left&quot;:&quot;&quot;,&quot;isLinked&quot;:true}}\" data-elementor-post-type=\"page\">\n\t\t\t\t<div class=\"elementor-element elementor-element-3d613cfa e-flex e-con-boxed e-con e-parent\" data-id=\"3d613cfa\" data-element_type=\"container\" data-settings=\"{&quot;background_background&quot;:&quot;classic&quot;}\">\n\t\t\t\t\t<div class=\"e-con-inner\">\n\t\t\t\t<div class=\"elementor-element elementor-element-57c334f7 elementor-widget elementor-widget-text-editor\" data-id=\"57c334f7\" data-element_type=\"widget\" data-widget_type=\"text-editor.default\">\n\t\t\t\t<div class=\"elementor-widget-container\">\n\t\t\t\t\t\t\t\t\t<h2 data-pm-slice=\"1 3 []\">Warum Luxus und Mode finanzieren?<\/h2><p>Der Luxus- und Modesektor ist einer der <strong>belastbar und attraktiv<\/strong>und bietet Marken und Entwicklern einzigartige M\u00f6glichkeiten. Dank ihres treuen und st\u00e4ndig wachsenden Kundenstamms erwirtschaften renommierte Unternehmen auch in wirtschaftlich unsicheren Zeiten weiterhin solide Gewinne.<\/p><p>Der Aufstieg des E-Commerce, der Aufstieg nachhaltiger Modemarken und der Trend zu personalisierten Produkten erfordern <strong>Angepasste Finanzierung<\/strong> um ihre Entwicklung sicherzustellen und ihre Position auf dem Markt zu st\u00e4rken.<\/p><h2>Unsere Finanzierungsl\u00f6sungen im Luxus- und Modebereich<\/h2><h3>1. Finanzierung innovativer Modemarken<\/h3><p>Verbraucher suchen nach Marken, die vereinen <strong>Exklusivit\u00e4t, Qualit\u00e4t und Innovation<\/strong>.<\/p><p><strong>Unsere Finanzierungsangebote:<\/strong><\/p><ul data-spread=\"false\"><li><p>Unterst\u00fctzung f\u00fcr \u00f6kologisch verantwortungsbewusste Modemarken<\/p><\/li><li><p>Finanzierung neuer Textil- und Technologietrends<\/p><\/li><li><p>Unterst\u00fctzung unabh\u00e4ngiger Entwickler bei ihrer Expansion<\/p><\/li><\/ul><h3>2. Finanzierung von Schmuck und Uhren<\/h3><p>Der Markt f\u00fcr Luxusschmuck und -uhren bleibt ein <strong>sicherer Hafen<\/strong>und zieht Sammler und Investoren aus der ganzen Welt an.<\/p><p><strong>Unsere Finanzierungsangebote:<\/strong><\/p><ul data-spread=\"false\"><li><p>Akquisition und Entwicklung von Schmuck- und Uhrenh\u00e4usern<\/p><\/li><li><p>Finanzierung neuer exklusiver Kollektionen<\/p><\/li><li><p>Betreuung von Verkaufs- und Vertriebsplattformen f\u00fcr Sammleruhren<\/p><\/li><\/ul><h3>3. Finanzierung von Luxus- und Sammlerautomobilen<\/h3><p>Der Markt f\u00fcr Luxusautos befindet sich in vollem Wachstumsprozess und erfordert erhebliches Kapital, um die st\u00e4ndig steigende Nachfrage zu decken.<\/p><p><strong>Unsere Finanzierungsangebote:<\/strong><\/p><ul data-spread=\"false\"><li><p>Ankauf und Wiederverkauf von Oldtimern<\/p><\/li><li><p>Finanzierung von Luxusfahrzeugherstellern<\/p><\/li><li><p>Entwicklung exklusiver Dienstleistungen rund um High-End-Automobile<\/p><\/li><\/ul><h3>4. Finanzierung exklusiver Erlebnisse und Personalisierung<\/h3><p>Wohlhabende Verbraucher suchen <strong>einzigartige und hochpersonalisierte Erlebnisse<\/strong>, wodurch ein Finanzierungsbedarf f\u00fcr ma\u00dfgeschneiderte Dienstleistungen entsteht.<\/p><p><strong>Unsere Finanzierungsangebote:<\/strong><\/p><ul data-spread=\"false\"><li><p>Entwicklung von Luxus-Concierge-Diensten<\/p><\/li><li><p>Finanzierung ma\u00dfgeschneiderter Reiseerlebnisse<\/p><\/li><li><p>Unterst\u00fctzung f\u00fcr private Clubs und VIP-Events<\/p><\/li><\/ul>\t\t\t\t\t\t\t\t<\/div>\n\t\t\t\t<\/div>\n\t\t\t\t\t<\/div>\n\t\t\t\t<\/div>\n\t\t<div class=\"elementor-element elementor-element-5e038546 e-flex e-con-boxed elementor-invisible e-con e-parent\" data-id=\"5e038546\" data-element_type=\"container\" data-settings=\"{&quot;background_background&quot;:&quot;classic&quot;,&quot;animation&quot;:&quot;fadeInUp&quot;}\">\n\t\t\t\t\t<div class=\"e-con-inner\">\n\t\t\t\t<div class=\"elementor-element elementor-element-e284491 elementor-widget elementor-widget-text-editor\" data-id=\"e284491\" data-element_type=\"widget\" data-widget_type=\"text-editor.default\">\n\t\t\t\t<div class=\"elementor-widget-container\">\n\t\t\t\t\t\t\t\t\t<h2 data-pm-slice=\"1 3 []\">Sicherheit und Flexibilit\u00e4t unserer Finanzierung<\/h2><p>Luxus ist ein Sektor mit <strong>hohes Profitabilit\u00e4tspotenzial<\/strong>, aber es bedarf einer strategischen Finanzierung, um die Stabilit\u00e4t und das Wachstum der Investitionen zu gew\u00e4hrleisten.<\/p><h3><strong>Zur Verf\u00fcgung stehende Finanzierungsarten:<\/strong><\/h3><p>\u2705 <strong>Bereit f\u00fcr die Marken- und Kollektionsentwicklung<\/strong> \u2705 <strong>Finanzierung von Infrastruktur und Vertriebsplattformen<\/strong> \u2705 <strong>Strategische Unterst\u00fctzung und Vernetzung mit Luxuspartnern<\/strong><\/p><h3><strong>Durchschnittliche Rentabilit\u00e4t der finanzierten Projekte:<\/strong><\/h3><ul data-spread=\"false\"><li><p><strong>Luxusmode und Accessoires:<\/strong> 8-15% pro Jahr<\/p><\/li><li><p><strong>Schmuck und Uhren:<\/strong> 10-20% pro Jahr<\/p><\/li><li><p><strong>Exklusive Erlebnisse:<\/strong> 12-25% pro Jahr<\/p><\/li><\/ul>\t\t\t\t\t\t\t\t<\/div>\n\t\t\t\t<\/div>\n\t\t\t\t\t<\/div>\n\t\t\t\t<\/div>\n\t\t<div class=\"elementor-element elementor-element-1cacf9be e-flex e-con-boxed elementor-invisible e-con e-parent\" data-id=\"1cacf9be\" data-element_type=\"container\" data-settings=\"{&quot;background_background&quot;:&quot;classic&quot;,&quot;animation&quot;:&quot;fadeInUp&quot;}\">\n\t\t\t\t\t<div class=\"e-con-inner\">\n\t\t\t\t<div class=\"elementor-element elementor-element-3cb58d67 elementor-widget elementor-widget-text-editor\" data-id=\"3cb58d67\" data-element_type=\"widget\" data-widget_type=\"text-editor.default\">\n\t\t\t\t<div class=\"elementor-widget-container\">\n\t\t\t\t\t\t\t\t\t<h2 data-pm-slice=\"1 3 []\"><span style=\"color: #ffffff;\">Wer kann von unserer Finanzierung profitieren?<\/span><\/h2><h3><span style=\"color: #ffffff;\"><strong>Unternehmen und Kreative<\/strong><\/span><\/h3><ul data-spread=\"false\"><li><p><span style=\"color: #ffffff;\">Finanzierung f\u00fcr die Einf\u00fchrung und Expansion von Luxusmarken<\/span><\/p><\/li><li><p><span style=\"color: #ffffff;\">Unterst\u00fctzung f\u00fcr Unternehmen, die High-End-Produkte entwickeln<\/span><\/p><\/li><li><p><span style=\"color: #ffffff;\">Unterst\u00fctzung f\u00fcr Luxusmarken, die innovativ sein und digitalisieren m\u00f6chten<\/span><\/p><\/li><\/ul><h3><span style=\"color: #ffffff;\"><strong>H\u00e4ndler und Privatanleger<\/strong><\/span><\/h3><ul data-spread=\"false\"><li><p><span style=\"color: #ffffff;\">Finanzierung f\u00fcr den Erwerb und die Entwicklung von Luxus-Franchises<\/span><\/p><\/li><li><p><span style=\"color: #ffffff;\">Unterst\u00fctzung f\u00fcr Vertriebsl\u00f6sungen und spezialisierte E-Commerce-Plattformen<\/span><\/p><\/li><li><p><span style=\"color: #ffffff;\">Unterst\u00fctzung bei Investitionen in Luxusg\u00fcter (Uhren, Autos, Schmuck)<\/span><\/p><\/li><\/ul>\t\t\t\t\t\t\t\t<\/div>\n\t\t\t\t<\/div>\n\t\t\t\t\t<\/div>\n\t\t\t\t<\/div>\n\t\t<div class=\"elementor-element elementor-element-22ffa73f e-flex e-con-boxed elementor-invisible e-con e-parent\" data-id=\"22ffa73f\" data-element_type=\"container\" data-settings=\"{&quot;background_background&quot;:&quot;classic&quot;,&quot;animation&quot;:&quot;fadeInUp&quot;}\">\n\t\t\t\t\t<div class=\"e-con-inner\">\n\t\t\t\t<div class=\"elementor-element elementor-element-12217602 elementor-widget elementor-widget-text-editor\" data-id=\"12217602\" data-element_type=\"widget\" data-widget_type=\"text-editor.default\">\n\t\t\t\t<div class=\"elementor-widget-container\">\n\t\t\t\t\t\t\t\t\t<h2 data-pm-slice=\"1 1 []\">Warum sollten Sie Ihr Projekt bei uns finanzieren?<\/h2><p>Wir identifizieren und finanzieren die <strong>beste Chancen<\/strong> im Luxus- und Modesektor und bietet eine <strong>ma\u00dfgeschneiderte strategische und finanzielle Unterst\u00fctzung<\/strong>.<\/p><h3><strong>Unsere Vorteile:<\/strong><\/h3><p>\u2705 <strong>Zugang zu vorteilhaften und flexiblen Finanzierungen<\/strong> \u2705 <strong>Wettbewerbsf\u00e4hige Preise, angepasst an Luxusmarken und -h\u00e4user<\/strong> \u2705 <strong>Personalisierte Unterst\u00fctzung zur Maximierung der Wirkung<\/strong> \u2705 <strong>Strenge Auswahl der gef\u00f6rderten Projekte<\/strong><\/p>\t\t\t\t\t\t\t\t<\/div>\n\t\t\t\t<\/div>\n\t\t\t\t\t<\/div>\n\t\t\t\t<\/div>\n\t\t<div class=\"elementor-element elementor-element-6da7fdbd e-flex e-con-boxed elementor-invisible e-con e-parent\" data-id=\"6da7fdbd\" data-element_type=\"container\" data-settings=\"{&quot;background_background&quot;:&quot;classic&quot;,&quot;animation&quot;:&quot;fadeInUp&quot;}\">\n\t\t\t\t\t<div class=\"e-con-inner\">\n\t\t\t\t<div class=\"elementor-element elementor-element-2aff5ede elementor-widget elementor-widget-heading\" data-id=\"2aff5ede\" data-element_type=\"widget\" data-widget_type=\"heading.default\">\n\t\t\t\t<div class=\"elementor-widget-container\">\n\t\t\t\t\t<h2 class=\"elementor-heading-title elementor-size-default\">Sichern Sie sich noch heute Ihre Finanzierung!<\/h2>\t\t\t\t<\/div>\n\t\t\t\t<\/div>\n\t\t\t\t<div class=\"elementor-element elementor-element-54f663d elementor-widget elementor-widget-text-editor\" data-id=\"54f663d\" data-element_type=\"widget\" data-widget_type=\"text-editor.default\">\n\t\t\t\t<div class=\"elementor-widget-container\">\n\t\t\t\t\t\t\t\t\t<p data-pm-slice=\"1 1 []\">Lassen Sie Ihr Luxus- und Fashionprojekt zu optimalen Konditionen und mit ma\u00dfgeschneiderter Betreuung finanzieren.<\/p>\t\t\t\t\t\t\t\t<\/div>\n\t\t\t\t<\/div>\n\t\t\t\t<div class=\"elementor-element elementor-element-4152b2de elementor-align-center elementor-widget elementor-widget-button\" data-id=\"4152b2de\" data-element_type=\"widget\" data-widget_type=\"button.default\">\n\t\t\t\t<div class=\"elementor-widget-container\">\n\t\t\t\t\t\t\t\t\t<div class=\"elementor-button-wrapper\">\n\t\t\t\t\t<a class=\"elementor-button elementor-button-link elementor-size-sm\" href=\"https:\/\/flexifinanz.com\/de\/demander-un-financement\/\">\n\t\t\t\t\t\t<span class=\"elementor-button-content-wrapper\">\n\t\t\t\t\t\t<span class=\"elementor-button-icon\">\n\t\t\t\t<svg aria-hidden=\"true\" class=\"e-font-icon-svg e-fas-arrow-right\" viewbox=\"0 0 448 512\" xmlns=\"http:\/\/www.w3.org\/2000\/svg\"><path d=\"M190.5 66.9l22.2-22.2c9.4-9.4 24.6-9.4 33.9 0L441 239c9.4 9.4 9.4 24.6 0 33.9L246.6 467.3c-9.4 9.4-24.6 9.4-33.9 0l-22.2-22.2c-9.5-9.5-9.3-25 .4-34.3L311.4 296H24c-13.3 0-24-10.7-24-24v-32c0-13.3 10.7-24 24-24h287.4L190.9 101.2c-9.8-9.3-10-24.8-.4-34.3z\"><\/path><\/svg>\t\t\t<\/span>\n\t\t\t\t\t\t\t\t\t<span class=\"elementor-button-text\">F\u00f6rdermittel beantragen<\/span>\n\t\t\t\t\t<\/span>\n\t\t\t\t\t<\/a>\n\t\t\t\t<\/div>\n\t\t\t\t\t\t\t\t<\/div>\n\t\t\t\t<\/div>\n\t\t\t\t\t<\/div>\n\t\t\t\t<\/div>\n\t\t\t\t<\/div>","protected":false},"excerpt":{"rendered":"<p>Pourquoi financer le luxe et la mode ? Le secteur du luxe et de la mode est l\u2019un des plus r\u00e9silients et [&hellip;]<\/p>","protected":false},"author":1,"featured_media":336,"parent":207,"menu_order":0,"comment_status":"closed","ping_status":"closed","template":"","meta":{"om_disable_all_campaigns":false,"_monsterinsights_skip_tracking":false,"_monsterinsights_sitenote_active":false,"_monsterinsights_sitenote_note":"","_monsterinsights_sitenote_category":0,"footnotes":""},"class_list":["post-186","page","type-page","status-publish","has-post-thumbnail","hentry"],"aioseo_notices":[],"_links":{"self":[{"href":"https:\/\/flexifinanz.com\/de\/wp-json\/wp\/v2\/pages\/186","targetHints":{"allow":["GET"]}}],"collection":[{"href":"https:\/\/flexifinanz.com\/de\/wp-json\/wp\/v2\/pages"}],"about":[{"href":"https:\/\/flexifinanz.com\/de\/wp-json\/wp\/v2\/types\/page"}],"author":[{"embeddable":true,"href":"https:\/\/flexifinanz.com\/de\/wp-json\/wp\/v2\/users\/1"}],"replies":[{"embeddable":true,"href":"https:\/\/flexifinanz.com\/de\/wp-json\/wp\/v2\/comments?post=186"}],"version-history":[{"count":0,"href":"https:\/\/flexifinanz.com\/de\/wp-json\/wp\/v2\/pages\/186\/revisions"}],"up":[{"embeddable":true,"href":"https:\/\/flexifinanz.com\/de\/wp-json\/wp\/v2\/pages\/207"}],"wp:featuredmedia":[{"embeddable":true,"href":"https:\/\/flexifinanz.com\/de\/wp-json\/wp\/v2\/media\/336"}],"wp:attachment":[{"href":"https:\/\/flexifinanz.com\/de\/wp-json\/wp\/v2\/media?parent=186"}],"curies":[{"name":"wp","href":"https:\/\/api.w.org\/{rel}","templated":true}]}}