{"id":180,"date":"2025-02-20T15:30:44","date_gmt":"2025-02-20T14:30:44","guid":{"rendered":"https:\/\/flexifinanz.com\/?page_id=180"},"modified":"2025-02-25T18:45:01","modified_gmt":"2025-02-25T17:45:01","slug":"finanzen-kmu-und-startups","status":"publish","type":"page","link":"https:\/\/flexifinanz.com\/de\/finanzierung-nach-profil\/finanzen-kmu-und-startups\/","title":{"rendered":"Finanzierung von KMU und Startups: Innovationen kapitalisieren"},"content":{"rendered":"<div data-elementor-type=\"wp-page\" data-elementor-id=\"180\" class=\"elementor elementor-180\" data-elementor-settings=\"{&quot;element_pack_global_tooltip_width&quot;:{&quot;unit&quot;:&quot;px&quot;,&quot;size&quot;:&quot;&quot;,&quot;sizes&quot;:[]},&quot;element_pack_global_tooltip_width_tablet&quot;:{&quot;unit&quot;:&quot;px&quot;,&quot;size&quot;:&quot;&quot;,&quot;sizes&quot;:[]},&quot;element_pack_global_tooltip_width_mobile&quot;:{&quot;unit&quot;:&quot;px&quot;,&quot;size&quot;:&quot;&quot;,&quot;sizes&quot;:[]},&quot;element_pack_global_tooltip_padding&quot;:{&quot;unit&quot;:&quot;px&quot;,&quot;top&quot;:&quot;&quot;,&quot;right&quot;:&quot;&quot;,&quot;bottom&quot;:&quot;&quot;,&quot;left&quot;:&quot;&quot;,&quot;isLinked&quot;:true},&quot;element_pack_global_tooltip_padding_tablet&quot;:{&quot;unit&quot;:&quot;px&quot;,&quot;top&quot;:&quot;&quot;,&quot;right&quot;:&quot;&quot;,&quot;bottom&quot;:&quot;&quot;,&quot;left&quot;:&quot;&quot;,&quot;isLinked&quot;:true},&quot;element_pack_global_tooltip_padding_mobile&quot;:{&quot;unit&quot;:&quot;px&quot;,&quot;top&quot;:&quot;&quot;,&quot;right&quot;:&quot;&quot;,&quot;bottom&quot;:&quot;&quot;,&quot;left&quot;:&quot;&quot;,&quot;isLinked&quot;:true},&quot;element_pack_global_tooltip_border_radius&quot;:{&quot;unit&quot;:&quot;px&quot;,&quot;top&quot;:&quot;&quot;,&quot;right&quot;:&quot;&quot;,&quot;bottom&quot;:&quot;&quot;,&quot;left&quot;:&quot;&quot;,&quot;isLinked&quot;:true},&quot;element_pack_global_tooltip_border_radius_tablet&quot;:{&quot;unit&quot;:&quot;px&quot;,&quot;top&quot;:&quot;&quot;,&quot;right&quot;:&quot;&quot;,&quot;bottom&quot;:&quot;&quot;,&quot;left&quot;:&quot;&quot;,&quot;isLinked&quot;:true},&quot;element_pack_global_tooltip_border_radius_mobile&quot;:{&quot;unit&quot;:&quot;px&quot;,&quot;top&quot;:&quot;&quot;,&quot;right&quot;:&quot;&quot;,&quot;bottom&quot;:&quot;&quot;,&quot;left&quot;:&quot;&quot;,&quot;isLinked&quot;:true}}\" data-elementor-post-type=\"page\">\n\t\t\t\t<div class=\"elementor-element elementor-element-315a902a e-flex e-con-boxed e-con e-parent\" data-id=\"315a902a\" data-element_type=\"container\" data-settings=\"{&quot;background_background&quot;:&quot;classic&quot;}\">\n\t\t\t\t\t<div class=\"e-con-inner\">\n\t\t\t\t<div class=\"elementor-element elementor-element-c4af270 elementor-widget elementor-widget-text-editor\" data-id=\"c4af270\" data-element_type=\"widget\" data-widget_type=\"text-editor.default\">\n\t\t\t\t<div class=\"elementor-widget-container\">\n\t\t\t\t\t\t\t\t\t<h2 data-pm-slice=\"1 3 []\">Warum KMU und Startups finanzieren?<\/h2><p>Die Finanzierung von KMU und Startups stellt eine einzigartige Gelegenheit dar,<strong>F\u00f6rderung von Innovationen<\/strong> und wachstumsstarke Unternehmen zu unterst\u00fctzen. Diese Strukturen transformieren traditionelle Sektoren, indem sie bahnbrechende, an die Marktbed\u00fcrfnisse angepasste L\u00f6sungen entwickeln.<\/p><p>Dar\u00fcber hinaus bilden KMU das R\u00fcckgrat der Weltwirtschaft und schaffen Arbeitspl\u00e4tze und Wohlstand. Durch die Finanzierung dieser Unternehmen erm\u00f6glichen wir ihnen den Zugang <strong>Ressourcen f\u00fcr die Entwicklung<\/strong>, digitalisieren und ihre Wettbewerbsf\u00e4higkeit st\u00e4rken.<\/p><h2>Unsere Finanzierungsl\u00f6sungen f\u00fcr KMU und Startups<\/h2><h3>1. Finanzierung junger Unternehmen<\/h3><p>Startups und junge Unternehmen suchen nach Finanzierungsm\u00f6glichkeiten, um ihr Wachstum zu beschleunigen und ihre Innovationen umzusetzen.<\/p><p><strong>Unsere Finanzierungsangebote:<\/strong><\/p><ul data-spread=\"false\"><li><p>Seed-Kredite f\u00fcr innovative Startups<\/p><\/li><li><p>Unterst\u00fctzung und Strukturierung des Fundraisings<\/p><\/li><li><p>Finanzierung von Startup-Inkubatoren und Acceleratoren<\/p><\/li><\/ul><h3>2. Risikokapitalfinanzierung<\/h3><p>Risikokapital hilft, schnell wachsende Unternehmen mit hohem Rentabilit\u00e4tspotenzial zu unterst\u00fctzen.<\/p><p><strong>Unsere Finanzierungsangebote:<\/strong><\/p><ul data-spread=\"false\"><li><p>Unterst\u00fctzung f\u00fcr Technologie- und Digital-Startups<\/p><\/li><li><p>Beteiligung an Venture Capital Fonds<\/p><\/li><li><p>Unterst\u00fctzung von Scale-Ups in der Expansionsphase<\/p><\/li><\/ul><h3>3. Crowdfunding f\u00fcr Unternehmer<\/h3><p>Crowdfunding ist eine Alternative zur Bankfinanzierung und erm\u00f6glicht es Unternehmern, sich durch die Beteiligung von Investoren Finanzmittel zu beschaffen.<\/p><p><strong>Unsere Finanzierungsangebote:<\/strong><\/p><ul data-spread=\"false\"><li><p>Entwicklung von Crowdfunding-Plattformen<\/p><\/li><li><p>Crowdfunding f\u00fcr Projekte mit gro\u00dfer Wirkung<\/p><\/li><li><p>Unterst\u00fctzung f\u00fcr Unternehmer bei der Strukturierung ihrer Kampagnen<\/p><\/li><\/ul><h3>4. Finanzierung der digitalen Transformation von KMU<\/h3><p>Die Digitalisierung ist ein wesentlicher Hebel f\u00fcr die Wettbewerbsf\u00e4higkeit kleiner und mittelst\u00e4ndischer Unternehmen und erfordert Investitionen in moderne L\u00f6sungen.<\/p><p><strong>Unsere Finanzierungsangebote:<\/strong><\/p><ul data-spread=\"false\"><li><p>Finanzierung von SaaS-L\u00f6sungen f\u00fcr KMU (Management, Buchhaltung, HR)<\/p><\/li><li><p>Unterst\u00fctzung bei Automatisierungs- und K\u00fcnstlicher Intelligenzprojekten<\/p><\/li><li><p>Unterst\u00fctzung bei der Entwicklung von E-Commerce- und digitalen Marketingplattformen<\/p><\/li><\/ul><h3>5. Finanzierung von Franchises und lokalen Unternehmen<\/h3><p>Franchiseunternehmen und lokale Unternehmen profitieren von bew\u00e4hrten Wirtschaftsmodellen, die eine stabile und sichere Rentabilit\u00e4t garantieren.<\/p><p><strong>Unsere Finanzierungsangebote:<\/strong><\/p><ul data-spread=\"false\"><li><p>Akquisition und Ausbau von Franchises in Wachstumsbranchen<\/p><\/li><li><p>Finanzierung der Entwicklung lokaler Unternehmen<\/p><\/li><li><p>Unterst\u00fctzung neuer Einzelhandels- und Vertriebskonzepte<\/p><\/li><\/ul>\t\t\t\t\t\t\t\t<\/div>\n\t\t\t\t<\/div>\n\t\t\t\t\t<\/div>\n\t\t\t\t<\/div>\n\t\t<div class=\"elementor-element elementor-element-5e0f7377 e-flex e-con-boxed elementor-invisible e-con e-parent\" data-id=\"5e0f7377\" data-element_type=\"container\" data-settings=\"{&quot;background_background&quot;:&quot;classic&quot;,&quot;animation&quot;:&quot;fadeInUp&quot;}\">\n\t\t\t\t\t<div class=\"e-con-inner\">\n\t\t\t\t<div class=\"elementor-element elementor-element-34af81b9 elementor-widget elementor-widget-text-editor\" data-id=\"34af81b9\" data-element_type=\"widget\" data-widget_type=\"text-editor.default\">\n\t\t\t\t<div class=\"elementor-widget-container\">\n\t\t\t\t\t\t\t\t\t<h2 data-pm-slice=\"1 1 []\">Sicherheit und Flexibilit\u00e4t unserer Finanzierung<\/h2><p>Investitionen in KMU und Startups k\u00f6nnen hohe Renditen abwerfen, erfordern jedoch eine geeignete Finanzierung, um Risiken zu minimieren und Unternehmenswachstum sicherzustellen.<\/p><h3><strong>Zur Verf\u00fcgung stehende Finanzierungsarten:<\/strong><\/h3><p>\u2705 <strong>Kredite f\u00fcr Unternehmensentwicklung und Startups<\/strong> \u2705 <strong>Finanzierung von Infrastruktur und technologischen Werkzeugen<\/strong> \u2705 <strong>Strategische Unterst\u00fctzung und Vernetzung mit Finanzpartnern<\/strong><\/p><h3><strong>Durchschnittliche Rentabilit\u00e4t der finanzierten Projekte:<\/strong><\/h3><ul data-spread=\"false\"><li><p><strong>Technologie-Startups:<\/strong> 15-30 % j\u00e4hrliches Wachstum<\/p><\/li><li><p><strong>Etablierte KMU:<\/strong> 5-10% pro Jahr<\/p><\/li><li><p><strong>Franchise:<\/strong> 8-12% pro Jahr<\/p><\/li><\/ul>\t\t\t\t\t\t\t\t<\/div>\n\t\t\t\t<\/div>\n\t\t\t\t\t<\/div>\n\t\t\t\t<\/div>\n\t\t<div class=\"elementor-element elementor-element-5195e1c8 e-flex e-con-boxed elementor-invisible e-con e-parent\" data-id=\"5195e1c8\" data-element_type=\"container\" data-settings=\"{&quot;background_background&quot;:&quot;classic&quot;,&quot;animation&quot;:&quot;fadeInUp&quot;}\">\n\t\t\t\t\t<div class=\"e-con-inner\">\n\t\t\t\t<div class=\"elementor-element elementor-element-32e53638 elementor-widget elementor-widget-text-editor\" data-id=\"32e53638\" data-element_type=\"widget\" data-widget_type=\"text-editor.default\">\n\t\t\t\t<div class=\"elementor-widget-container\">\n\t\t\t\t\t\t\t\t\t<h2 data-pm-slice=\"1 1 []\"><span style=\"color: #ffffff;\">Wer kann von unserer Finanzierung profitieren?<\/span><\/h2><h3><span style=\"color: #ffffff;\"><strong>Unternehmen und Startups<\/strong><\/span><\/h3><ul data-spread=\"false\"><li><p><span style=\"color: #ffffff;\">Finanzierung f\u00fcr Entwicklung und Strukturierung<\/span><\/p><\/li><li><p><span style=\"color: #ffffff;\">Unterst\u00fctzung f\u00fcr Wachstum und Internationalisierung<\/span><\/p><\/li><li><p><span style=\"color: #ffffff;\">Unterst\u00fctzung technologischer und digitaler Innovationen<\/span><\/p><\/li><\/ul><h3><span style=\"color: #ffffff;\"><strong>H\u00e4ndler und Unternehmer<\/strong><\/span><\/h3><ul data-spread=\"false\"><li><p><span style=\"color: #ffffff;\">Finanzierung f\u00fcr die Er\u00f6ffnung und Erweiterung von Verkaufsstellen<\/span><\/p><\/li><li><p><span style=\"color: #ffffff;\">Unterst\u00fctzung bei der digitalen Transformation<\/span><\/p><\/li><li><p><span style=\"color: #ffffff;\">Unterst\u00fctzung f\u00fcr Crowdfunding und kollaborative Finanzierungsl\u00f6sungen<\/span><\/p><\/li><\/ul>\t\t\t\t\t\t\t\t<\/div>\n\t\t\t\t<\/div>\n\t\t\t\t\t<\/div>\n\t\t\t\t<\/div>\n\t\t<div class=\"elementor-element elementor-element-4e8114a3 e-flex e-con-boxed elementor-invisible e-con e-parent\" data-id=\"4e8114a3\" data-element_type=\"container\" data-settings=\"{&quot;background_background&quot;:&quot;classic&quot;,&quot;animation&quot;:&quot;fadeInUp&quot;}\">\n\t\t\t\t\t<div class=\"e-con-inner\">\n\t\t\t\t<div class=\"elementor-element elementor-element-31416bf1 elementor-widget elementor-widget-text-editor\" data-id=\"31416bf1\" data-element_type=\"widget\" data-widget_type=\"text-editor.default\">\n\t\t\t\t<div class=\"elementor-widget-container\">\n\t\t\t\t\t\t\t\t\t<h2 data-pm-slice=\"1 1 []\">Warum sollten Sie Ihr Projekt bei uns finanzieren?<\/h2><p>Wir identifizieren und finanzieren die <strong>beste unternehmerische M\u00f6glichkeiten<\/strong>, indem wir ein <strong>ma\u00dfgeschneiderte strategische und finanzielle Unterst\u00fctzung<\/strong>.<\/p><h3><strong>Unsere Vorteile:<\/strong><\/h3><p>\u2705 <strong>Zugang zu vorteilhaften und flexiblen Finanzierungen<\/strong> \u2705 <strong>Wettbewerbsf\u00e4hige Preise, angepasst an KMU und Startups<\/strong> \u2705 <strong>Personalisierte Unterst\u00fctzung zur Maximierung der Wirkung<\/strong> \u2705 <strong>Strenge Auswahl der gef\u00f6rderten Projekte<\/strong><\/p>\t\t\t\t\t\t\t\t<\/div>\n\t\t\t\t<\/div>\n\t\t\t\t\t<\/div>\n\t\t\t\t<\/div>\n\t\t<div class=\"elementor-element elementor-element-1fd086e e-flex e-con-boxed elementor-invisible e-con e-parent\" data-id=\"1fd086e\" data-element_type=\"container\" data-settings=\"{&quot;background_background&quot;:&quot;classic&quot;,&quot;animation&quot;:&quot;fadeInUp&quot;}\">\n\t\t\t\t\t<div class=\"e-con-inner\">\n\t\t\t\t<div class=\"elementor-element elementor-element-3d171602 elementor-widget elementor-widget-heading\" data-id=\"3d171602\" data-element_type=\"widget\" data-widget_type=\"heading.default\">\n\t\t\t\t<div class=\"elementor-widget-container\">\n\t\t\t\t\t<h2 class=\"elementor-heading-title elementor-size-default\">Sichern Sie sich noch heute Ihre Finanzierung!<\/h2>\t\t\t\t<\/div>\n\t\t\t\t<\/div>\n\t\t\t\t<div class=\"elementor-element elementor-element-6d489467 elementor-widget elementor-widget-text-editor\" data-id=\"6d489467\" data-element_type=\"widget\" data-widget_type=\"text-editor.default\">\n\t\t\t\t<div class=\"elementor-widget-container\">\n\t\t\t\t\t\t\t\t\t<p data-pm-slice=\"1 1 []\">Lassen Sie Ihr KMU- oder Startup-Vorhaben zu optimalen Konditionen und mit ma\u00dfgeschneiderter Betreuung finanzieren.<\/p>\t\t\t\t\t\t\t\t<\/div>\n\t\t\t\t<\/div>\n\t\t\t\t<div class=\"elementor-element elementor-element-39e167ac elementor-align-center elementor-widget elementor-widget-button\" data-id=\"39e167ac\" data-element_type=\"widget\" data-widget_type=\"button.default\">\n\t\t\t\t<div class=\"elementor-widget-container\">\n\t\t\t\t\t\t\t\t\t<div class=\"elementor-button-wrapper\">\n\t\t\t\t\t<a class=\"elementor-button elementor-button-link elementor-size-sm\" href=\"#\">\n\t\t\t\t\t\t<span class=\"elementor-button-content-wrapper\">\n\t\t\t\t\t\t<span class=\"elementor-button-icon\">\n\t\t\t\t<svg aria-hidden=\"true\" class=\"e-font-icon-svg e-fas-arrow-right\" viewbox=\"0 0 448 512\" xmlns=\"http:\/\/www.w3.org\/2000\/svg\"><path d=\"M190.5 66.9l22.2-22.2c9.4-9.4 24.6-9.4 33.9 0L441 239c9.4 9.4 9.4 24.6 0 33.9L246.6 467.3c-9.4 9.4-24.6 9.4-33.9 0l-22.2-22.2c-9.5-9.5-9.3-25 .4-34.3L311.4 296H24c-13.3 0-24-10.7-24-24v-32c0-13.3 10.7-24 24-24h287.4L190.9 101.2c-9.8-9.3-10-24.8-.4-34.3z\"><\/path><\/svg>\t\t\t<\/span>\n\t\t\t\t\t\t\t\t\t<span class=\"elementor-button-text\">F\u00f6rdermittel beantragen<\/span>\n\t\t\t\t\t<\/span>\n\t\t\t\t\t<\/a>\n\t\t\t\t<\/div>\n\t\t\t\t\t\t\t\t<\/div>\n\t\t\t\t<\/div>\n\t\t\t\t\t<\/div>\n\t\t\t\t<\/div>\n\t\t\t\t<\/div>","protected":false},"excerpt":{"rendered":"<p>Pourquoi financer les PME et Startups ? Le financement des PME et startups repr\u00e9sente une opportunit\u00e9 unique d\u2019accompagner l\u2019innovation et de soutenir [&hellip;]<\/p>","protected":false},"author":1,"featured_media":340,"parent":207,"menu_order":0,"comment_status":"closed","ping_status":"closed","template":"","meta":{"om_disable_all_campaigns":false,"_monsterinsights_skip_tracking":false,"_monsterinsights_sitenote_active":false,"_monsterinsights_sitenote_note":"","_monsterinsights_sitenote_category":0,"footnotes":""},"class_list":["post-180","page","type-page","status-publish","has-post-thumbnail","hentry"],"aioseo_notices":[],"_links":{"self":[{"href":"https:\/\/flexifinanz.com\/de\/wp-json\/wp\/v2\/pages\/180","targetHints":{"allow":["GET"]}}],"collection":[{"href":"https:\/\/flexifinanz.com\/de\/wp-json\/wp\/v2\/pages"}],"about":[{"href":"https:\/\/flexifinanz.com\/de\/wp-json\/wp\/v2\/types\/page"}],"author":[{"embeddable":true,"href":"https:\/\/flexifinanz.com\/de\/wp-json\/wp\/v2\/users\/1"}],"replies":[{"embeddable":true,"href":"https:\/\/flexifinanz.com\/de\/wp-json\/wp\/v2\/comments?post=180"}],"version-history":[{"count":0,"href":"https:\/\/flexifinanz.com\/de\/wp-json\/wp\/v2\/pages\/180\/revisions"}],"up":[{"embeddable":true,"href":"https:\/\/flexifinanz.com\/de\/wp-json\/wp\/v2\/pages\/207"}],"wp:featuredmedia":[{"embeddable":true,"href":"https:\/\/flexifinanz.com\/de\/wp-json\/wp\/v2\/media\/340"}],"wp:attachment":[{"href":"https:\/\/flexifinanz.com\/de\/wp-json\/wp\/v2\/media?parent=180"}],"curies":[{"name":"wp","href":"https:\/\/api.w.org\/{rel}","templated":true}]}}