{"id":174,"date":"2025-02-20T15:20:40","date_gmt":"2025-02-20T14:20:40","guid":{"rendered":"https:\/\/flexifinanz.com\/?page_id=174"},"modified":"2025-02-25T18:44:53","modified_gmt":"2025-02-25T17:44:53","slug":"finanzen-freizeit-und-unterhaltung","status":"publish","type":"page","link":"https:\/\/flexifinanz.com\/de\/finanzierung-nach-profil\/finanzen-freizeit-und-unterhaltung\/","title":{"rendered":"Finanzierung von Freizeit und Unterhaltung: lukrative M\u00f6glichkeiten"},"content":{"rendered":"<div data-elementor-type=\"wp-page\" data-elementor-id=\"174\" class=\"elementor elementor-174\" data-elementor-settings=\"{&quot;element_pack_global_tooltip_width&quot;:{&quot;unit&quot;:&quot;px&quot;,&quot;size&quot;:&quot;&quot;,&quot;sizes&quot;:[]},&quot;element_pack_global_tooltip_width_tablet&quot;:{&quot;unit&quot;:&quot;px&quot;,&quot;size&quot;:&quot;&quot;,&quot;sizes&quot;:[]},&quot;element_pack_global_tooltip_width_mobile&quot;:{&quot;unit&quot;:&quot;px&quot;,&quot;size&quot;:&quot;&quot;,&quot;sizes&quot;:[]},&quot;element_pack_global_tooltip_padding&quot;:{&quot;unit&quot;:&quot;px&quot;,&quot;top&quot;:&quot;&quot;,&quot;right&quot;:&quot;&quot;,&quot;bottom&quot;:&quot;&quot;,&quot;left&quot;:&quot;&quot;,&quot;isLinked&quot;:true},&quot;element_pack_global_tooltip_padding_tablet&quot;:{&quot;unit&quot;:&quot;px&quot;,&quot;top&quot;:&quot;&quot;,&quot;right&quot;:&quot;&quot;,&quot;bottom&quot;:&quot;&quot;,&quot;left&quot;:&quot;&quot;,&quot;isLinked&quot;:true},&quot;element_pack_global_tooltip_padding_mobile&quot;:{&quot;unit&quot;:&quot;px&quot;,&quot;top&quot;:&quot;&quot;,&quot;right&quot;:&quot;&quot;,&quot;bottom&quot;:&quot;&quot;,&quot;left&quot;:&quot;&quot;,&quot;isLinked&quot;:true},&quot;element_pack_global_tooltip_border_radius&quot;:{&quot;unit&quot;:&quot;px&quot;,&quot;top&quot;:&quot;&quot;,&quot;right&quot;:&quot;&quot;,&quot;bottom&quot;:&quot;&quot;,&quot;left&quot;:&quot;&quot;,&quot;isLinked&quot;:true},&quot;element_pack_global_tooltip_border_radius_tablet&quot;:{&quot;unit&quot;:&quot;px&quot;,&quot;top&quot;:&quot;&quot;,&quot;right&quot;:&quot;&quot;,&quot;bottom&quot;:&quot;&quot;,&quot;left&quot;:&quot;&quot;,&quot;isLinked&quot;:true},&quot;element_pack_global_tooltip_border_radius_mobile&quot;:{&quot;unit&quot;:&quot;px&quot;,&quot;top&quot;:&quot;&quot;,&quot;right&quot;:&quot;&quot;,&quot;bottom&quot;:&quot;&quot;,&quot;left&quot;:&quot;&quot;,&quot;isLinked&quot;:true}}\" data-elementor-post-type=\"page\">\n\t\t\t\t<div class=\"elementor-element elementor-element-535ee5b9 e-flex e-con-boxed e-con e-parent\" data-id=\"535ee5b9\" data-element_type=\"container\" data-settings=\"{&quot;background_background&quot;:&quot;classic&quot;}\">\n\t\t\t\t\t<div class=\"e-con-inner\">\n\t\t\t\t<div class=\"elementor-element elementor-element-61ca787e elementor-widget elementor-widget-text-editor\" data-id=\"61ca787e\" data-element_type=\"widget\" data-widget_type=\"text-editor.default\">\n\t\t\t\t<div class=\"elementor-widget-container\">\n\t\t\t\t\t\t\t\t\t<h2 data-pm-slice=\"1 1 []\">Warum Projekte im Freizeit- und Unterhaltungsbereich f\u00f6rdern?<\/h2><p>Der Freizeit- und Unterhaltungssektor w\u00e4chst mit der Entwicklung digitaler Technologien, Streaming-Plattformen und immersiver Erlebnisse rasant. Durch die Finanzierung dieses Bereichs k\u00f6nnen innovative Projekte unterst\u00fctzt und ein Markt mit hoher Nachfrage und starkem Wachstumspotenzial aufrechtzuerhalten.<\/p><p>Mit dem Aufkommen von Videospielen, virtueller Realit\u00e4t und audiovisuellen Inhalten entwickelt sich die Unterhaltung zu einem wichtigen Wirtschaftsmotor. Um ihre Entwicklung und Rentabilit\u00e4t zu gew\u00e4hrleisten, bedarf es einer entsprechenden Finanzierung.<\/p><h2>Unsere Finanzierungsl\u00f6sungen im Freizeit- und Unterhaltungsbereich<\/h2><h3>1. Finanzierung von Videospielen und E-Sport<\/h3><p>Die Videospielbranche w\u00e4chst rasant, angetrieben von Online-Plattformen, E-Sport-Wettbewerben und der Entwicklung neuer Titel.<\/p><p><strong>Unsere Finanzierungsangebote:<\/strong><\/p><ul data-spread=\"false\"><li><p>Unterst\u00fctzung f\u00fcr unabh\u00e4ngige Spieleentwicklungsstudios<\/p><\/li><li><p>Finanzierung von Videospiel-Streaming- und \u00dcbertragungsplattformen<\/p><\/li><li><p>Unterst\u00fctzung f\u00fcr E-Sport-Wettbewerbe und -Infrastruktur<\/p><\/li><\/ul><h3>2. Finanzierung von Virtual und Augmented Reality<\/h3><p>Immersive Technologien ver\u00e4ndern die Unterhaltungs-, Tourismus- und Bildungsbranche und erfordern f\u00fcr ihren Ausbau eine Finanzierung.<\/p><p><strong>Unsere Finanzierungsangebote:<\/strong><\/p><ul data-spread=\"false\"><li><p>Unterst\u00fctzung bei der Entwicklung von Virtual Reality-Headsets und -Software<\/p><\/li><li><p>Finanzierung interaktiver und immersiver Erlebnisse<\/p><\/li><li><p>Unterst\u00fctzung von Augmented Reality Anwendungen f\u00fcr Handel und Marketing<\/p><\/li><\/ul><h3>3. Finanzierung audiovisueller Produktionen und Streaming<\/h3><p>Streaming-Plattformen haben die Art und Weise, wie das Publikum Inhalte konsumiert, revolutioniert und einen dynamischen Marktplatz f\u00fcr Sch\u00f6pfer und Produzenten geschaffen.<\/p><p><strong>Unsere Finanzierungsangebote:<\/strong><\/p><ul data-spread=\"false\"><li><p>F\u00f6rderung unabh\u00e4ngiger Serien- und Filmproduktionen<\/p><\/li><li><p>Finanzierungspartnerschaften mit Streaming-Plattformen (Netflix, Disney+ usw.)<\/p><\/li><li><p>Unterst\u00fctzung f\u00fcr digitale Produktionsstudios<\/p><\/li><\/ul><h3>4. Finanzierung der Musik- und Unterhaltungsindustrie<\/h3><p>Der Musikmarkt entwickelt sich durch Streaming und Live-Auftritte weiter und ben\u00f6tigt finanzielle Unterst\u00fctzung, um seine Expansion zu strukturieren.<\/p><p><strong>Unsere Finanzierungsangebote:<\/strong><\/p><ul data-spread=\"false\"><li><p>Unterst\u00fctzung bei der Musikproduktion und dem digitalen Vertrieb<\/p><\/li><li><p>F\u00f6rderung von Musikfestivals und Veranstaltungen<\/p><\/li><li><p>Unterst\u00fctzung f\u00fcr unabh\u00e4ngige Labels und K\u00fcnstlermanagement<\/p><\/li><\/ul><h3>5. Finanzierung des Erlebnistourismus<\/h3><p>Der Tourismus entwickelt sich in Richtung umfassender und authentischer Erlebnisse und erfordert Mittel zur Entwicklung innovativer Konzepte.<\/p><p><strong>Unsere Finanzierungsangebote:<\/strong><\/p><ul data-spread=\"false\"><li><p>Unterst\u00fctzung f\u00fcr exklusive Unterk\u00fcnfte und Erlebnisse<\/p><\/li><li><p>Finanzierung immersiver Reisekonzepte<\/p><\/li><li><p>Unterst\u00fctzung f\u00fcr mobile Buchungsanwendungen und interaktive Reisef\u00fchrer<\/p><\/li><\/ul><h2>\u00a0<\/h2>\t\t\t\t\t\t\t\t<\/div>\n\t\t\t\t<\/div>\n\t\t\t\t\t<\/div>\n\t\t\t\t<\/div>\n\t\t<div class=\"elementor-element elementor-element-890bf44 e-flex e-con-boxed elementor-invisible e-con e-parent\" data-id=\"890bf44\" data-element_type=\"container\" data-settings=\"{&quot;background_background&quot;:&quot;classic&quot;,&quot;animation&quot;:&quot;fadeInUp&quot;}\">\n\t\t\t\t\t<div class=\"e-con-inner\">\n\t\t\t\t<div class=\"elementor-element elementor-element-55c33acb elementor-widget elementor-widget-text-editor\" data-id=\"55c33acb\" data-element_type=\"widget\" data-widget_type=\"text-editor.default\">\n\t\t\t\t<div class=\"elementor-widget-container\">\n\t\t\t\t\t\t\t\t\t<h2 data-pm-slice=\"1 3 []\">Sicherheit und Flexibilit\u00e4t unserer Finanzierung<\/h2><p>Der Freizeitsektor bietet ein hohes Renditepotenzial, erfordert jedoch eine Finanzierung, die an kulturelle Trends und technologische Entwicklungen angepasst ist.<\/p><h3><strong>Zur Verf\u00fcgung stehende Finanzierungsarten:<\/strong><\/h3><p>\u2705 <strong>Kredite f\u00fcr die Entwicklung von Unterhaltungsprojekten<\/strong> \u2705 <strong>Finanzierung audiovisueller und digitaler Infrastrukturen<\/strong> \u2705 <strong>Strategische Unterst\u00fctzung und Partnerschaften mit Unternehmen der Branche<\/strong><\/p><h3><strong>Durchschnittliche Rentabilit\u00e4t der finanzierten Projekte:<\/strong><\/h3><ul data-spread=\"false\"><li><p><strong>Videospiele und E-Sport:<\/strong> 10-20% pro Jahr<\/p><\/li><li><p><strong>Audiovisuelle Produktion:<\/strong> 6-12% pro Jahr<\/p><\/li><li><p><strong>Erlebnistourismus:<\/strong> 8-15% pro Jahr<\/p><\/li><\/ul>\t\t\t\t\t\t\t\t<\/div>\n\t\t\t\t<\/div>\n\t\t\t\t\t<\/div>\n\t\t\t\t<\/div>\n\t\t<div class=\"elementor-element elementor-element-76d71022 e-flex e-con-boxed elementor-invisible e-con e-parent\" data-id=\"76d71022\" data-element_type=\"container\" data-settings=\"{&quot;background_background&quot;:&quot;classic&quot;,&quot;animation&quot;:&quot;fadeInUp&quot;}\">\n\t\t\t\t\t<div class=\"e-con-inner\">\n\t\t\t\t<div class=\"elementor-element elementor-element-591b4e02 elementor-widget elementor-widget-text-editor\" data-id=\"591b4e02\" data-element_type=\"widget\" data-widget_type=\"text-editor.default\">\n\t\t\t\t<div class=\"elementor-widget-container\">\n\t\t\t\t\t\t\t\t\t<h2 data-pm-slice=\"1 3 []\"><span style=\"color: #ffffff;\">Wer kann von unserer Finanzierung profitieren?<\/span><\/h2><h3><span style=\"color: #ffffff;\"><strong>Unternehmen und Produktionsstudios<\/strong><\/span><\/h3><ul data-spread=\"false\"><li><p><span style=\"color: #ffffff;\">F\u00f6rderung f\u00fcr den Auf- und Ausbau von Studios und Plattformen<\/span><\/p><\/li><li><p><span style=\"color: #ffffff;\">Unterst\u00fctzung bei der Produktion digitaler Inhalte<\/span><\/p><\/li><li><p><span style=\"color: #ffffff;\">Unterst\u00fctzung immersiver und interaktiver Innovationen<\/span><\/p><\/li><\/ul><h3><span style=\"color: #ffffff;\"><strong>Startups und Innovatoren<\/strong><\/span><\/h3><ul data-spread=\"false\"><li><p><span style=\"color: #ffffff;\">Finanzierung neuer Technologien f\u00fcr die Unterhaltungsbranche<\/span><\/p><\/li><li><p><span style=\"color: #ffffff;\">Unterst\u00fctzung f\u00fcr Streaming-, Gaming- und interaktive Showl\u00f6sungen<\/span><\/p><\/li><li><p><span style=\"color: #ffffff;\">Unterst\u00fctzung f\u00fcr neu entstehende Wirtschaftsmodelle<\/span><\/p><\/li><\/ul>\t\t\t\t\t\t\t\t<\/div>\n\t\t\t\t<\/div>\n\t\t\t\t\t<\/div>\n\t\t\t\t<\/div>\n\t\t<div class=\"elementor-element elementor-element-3735014b e-flex e-con-boxed elementor-invisible e-con e-parent\" data-id=\"3735014b\" data-element_type=\"container\" data-settings=\"{&quot;background_background&quot;:&quot;classic&quot;,&quot;animation&quot;:&quot;fadeInUp&quot;}\">\n\t\t\t\t\t<div class=\"e-con-inner\">\n\t\t\t\t<div class=\"elementor-element elementor-element-4f071db5 elementor-widget elementor-widget-text-editor\" data-id=\"4f071db5\" data-element_type=\"widget\" data-widget_type=\"text-editor.default\">\n\t\t\t\t<div class=\"elementor-widget-container\">\n\t\t\t\t\t\t\t\t\t<h2 data-pm-slice=\"1 1 []\">Warum sollten Sie Ihr Projekt bei uns finanzieren?<\/h2><p>Unsere Expertise erm\u00f6glicht es uns, die <strong>beste Finanzierungsm\u00f6glichkeiten<\/strong> in der Unterhaltung. Wir unterst\u00fctzen Projektleiter mit ma\u00dfgeschneiderten L\u00f6sungen und <strong>attraktive Finanzierungskonditionen<\/strong>.<\/p><h3><strong>Unsere Vorteile:<\/strong><\/h3><p>\u2705 <strong>Zugang zu vorteilhaften und flexiblen Finanzierungen<\/strong> \u2705 <strong>Wettbewerbsf\u00e4hige Preise, zugeschnitten auf kreative Projekte<\/strong> \u2705 <strong>Personalisierte Unterst\u00fctzung zur Maximierung der Wirkung<\/strong> \u2705 <strong>Strenge Auswahl der gef\u00f6rderten Projekte<\/strong><\/p>\t\t\t\t\t\t\t\t<\/div>\n\t\t\t\t<\/div>\n\t\t\t\t\t<\/div>\n\t\t\t\t<\/div>\n\t\t<div class=\"elementor-element elementor-element-407cdf83 e-flex e-con-boxed elementor-invisible e-con e-parent\" data-id=\"407cdf83\" data-element_type=\"container\" data-settings=\"{&quot;background_background&quot;:&quot;classic&quot;,&quot;animation&quot;:&quot;fadeInUp&quot;}\">\n\t\t\t\t\t<div class=\"e-con-inner\">\n\t\t\t\t<div class=\"elementor-element elementor-element-193dfb14 elementor-widget elementor-widget-heading\" data-id=\"193dfb14\" data-element_type=\"widget\" data-widget_type=\"heading.default\">\n\t\t\t\t<div class=\"elementor-widget-container\">\n\t\t\t\t\t<h2 class=\"elementor-heading-title elementor-size-default\">Sichern Sie sich noch heute Ihre Finanzierung!<\/h2>\t\t\t\t<\/div>\n\t\t\t\t<\/div>\n\t\t\t\t<div class=\"elementor-element elementor-element-5200ff28 elementor-widget elementor-widget-text-editor\" data-id=\"5200ff28\" data-element_type=\"widget\" data-widget_type=\"text-editor.default\">\n\t\t\t\t<div class=\"elementor-widget-container\">\n\t\t\t\t\t\t\t\t\t<p data-pm-slice=\"1 1 []\">Lassen Sie Ihr Freizeit- und Unterhaltungsprojekt mit optimalen Konditionen und ma\u00dfgeschneiderter Betreuung finanzieren.<\/p>\t\t\t\t\t\t\t\t<\/div>\n\t\t\t\t<\/div>\n\t\t\t\t<div class=\"elementor-element elementor-element-56dd10c1 elementor-align-center elementor-widget elementor-widget-button\" data-id=\"56dd10c1\" data-element_type=\"widget\" data-widget_type=\"button.default\">\n\t\t\t\t<div class=\"elementor-widget-container\">\n\t\t\t\t\t\t\t\t\t<div class=\"elementor-button-wrapper\">\n\t\t\t\t\t<a class=\"elementor-button elementor-button-link elementor-size-sm\" href=\"https:\/\/flexifinanz.com\/de\/demander-un-financement\/\">\n\t\t\t\t\t\t<span class=\"elementor-button-content-wrapper\">\n\t\t\t\t\t\t<span class=\"elementor-button-icon\">\n\t\t\t\t<svg aria-hidden=\"true\" class=\"e-font-icon-svg e-fas-arrow-right\" viewbox=\"0 0 448 512\" xmlns=\"http:\/\/www.w3.org\/2000\/svg\"><path d=\"M190.5 66.9l22.2-22.2c9.4-9.4 24.6-9.4 33.9 0L441 239c9.4 9.4 9.4 24.6 0 33.9L246.6 467.3c-9.4 9.4-24.6 9.4-33.9 0l-22.2-22.2c-9.5-9.5-9.3-25 .4-34.3L311.4 296H24c-13.3 0-24-10.7-24-24v-32c0-13.3 10.7-24 24-24h287.4L190.9 101.2c-9.8-9.3-10-24.8-.4-34.3z\"><\/path><\/svg>\t\t\t<\/span>\n\t\t\t\t\t\t\t\t\t<span class=\"elementor-button-text\">F\u00f6rdermittel beantragen<\/span>\n\t\t\t\t\t<\/span>\n\t\t\t\t\t<\/a>\n\t\t\t\t<\/div>\n\t\t\t\t\t\t\t\t<\/div>\n\t\t\t\t<\/div>\n\t\t\t\t\t<\/div>\n\t\t\t\t<\/div>\n\t\t\t\t<\/div>","protected":false},"excerpt":{"rendered":"<p>Pourquoi financer des projets dans les loisirs et le divertissement ? Le secteur des loisirs et du divertissement conna\u00eet une expansion rapide [&hellip;]<\/p>","protected":false},"author":1,"featured_media":335,"parent":207,"menu_order":0,"comment_status":"closed","ping_status":"closed","template":"","meta":{"om_disable_all_campaigns":false,"_monsterinsights_skip_tracking":false,"_monsterinsights_sitenote_active":false,"_monsterinsights_sitenote_note":"","_monsterinsights_sitenote_category":0,"footnotes":""},"class_list":["post-174","page","type-page","status-publish","has-post-thumbnail","hentry"],"aioseo_notices":[],"_links":{"self":[{"href":"https:\/\/flexifinanz.com\/de\/wp-json\/wp\/v2\/pages\/174","targetHints":{"allow":["GET"]}}],"collection":[{"href":"https:\/\/flexifinanz.com\/de\/wp-json\/wp\/v2\/pages"}],"about":[{"href":"https:\/\/flexifinanz.com\/de\/wp-json\/wp\/v2\/types\/page"}],"author":[{"embeddable":true,"href":"https:\/\/flexifinanz.com\/de\/wp-json\/wp\/v2\/users\/1"}],"replies":[{"embeddable":true,"href":"https:\/\/flexifinanz.com\/de\/wp-json\/wp\/v2\/comments?post=174"}],"version-history":[{"count":0,"href":"https:\/\/flexifinanz.com\/de\/wp-json\/wp\/v2\/pages\/174\/revisions"}],"up":[{"embeddable":true,"href":"https:\/\/flexifinanz.com\/de\/wp-json\/wp\/v2\/pages\/207"}],"wp:featuredmedia":[{"embeddable":true,"href":"https:\/\/flexifinanz.com\/de\/wp-json\/wp\/v2\/media\/335"}],"wp:attachment":[{"href":"https:\/\/flexifinanz.com\/de\/wp-json\/wp\/v2\/media?parent=174"}],"curies":[{"name":"wp","href":"https:\/\/api.w.org\/{rel}","templated":true}]}}